{"id":98919,"date":"2026-04-01T15:22:50","date_gmt":"2026-04-01T13:22:50","guid":{"rendered":"https:\/\/www.smartystore.it\/?post_type=product&#038;p=98919"},"modified":"2026-04-01T16:42:43","modified_gmt":"2026-04-01T14:42:43","slug":"plaque-murale-ligne-plate-effet-bois","status":"publish","type":"product","link":"https:\/\/www.smartystore.it\/fr\/prodotto\/plaque-murale-ligne-plate-effet-bois\/","title":{"rendered":"Plaque murale ligne plate effet bois"},"content":{"rendered":"<h1>Plaque murale Flat Line effet bois<\/h1>\n<p><span dir=\"auto\">La plaque murale flat line effet bois est la solution id\u00e9ale pour l&rsquo;affichage d&rsquo;entreprise \u00e0 l&rsquo;int\u00e9rieur, alliant fonctionnalit\u00e9 et design moderne. Gr\u00e2ce \u00e0 sa structure ultraplate, cette plaque est con\u00e7ue pour garantir une visibilit\u00e9 maximale de la feuille ins\u00e9r\u00e9e, sans compromettre l&rsquo;esth\u00e9tique de l&rsquo;environnement. Le design innovant est caract\u00e9ris\u00e9 par un <strong>cadre minimaliste<\/strong> qui ne perturbe pas la signalisation pr\u00e9sent\u00e9e, laissant un espace exclusif pour le message communicatif. <\/span><\/p>\n<h2>La polyvalence de la plaque murale Linea Piatta en bois : un \u00e9l\u00e9ment indispensable<\/h2>\n<p><span dir=\"auto\">L&rsquo;une des caract\u00e9ristiques de ce panneau est sa protection frontale en m\u00e9thacrylate transparent, qui prot\u00e8ge efficacement le contenu de la poussi\u00e8re, de l&rsquo;humidit\u00e9 et des agents ext\u00e9rieurs, pr\u00e9servant ainsi sa lisibilit\u00e9 dans le temps. La possibilit\u00e9 de remplacer la feuille \u00e0 tout moment est rendue simple et pratique gr\u00e2ce \u00e0 l&rsquo;ouverture lat\u00e9rale int\u00e9gr\u00e9e, qui facilite \u00e9galement l&rsquo;entretien et la mise \u00e0 jour du panneau sans qu&rsquo;il soit n\u00e9cessaire de d\u00e9monter l&rsquo;ensemble de la structure. <\/span><\/p>\n<p><span dir=\"auto\">La finition <strong>bois<\/strong> fonc\u00e9 apporte une valeur ajout\u00e9e esth\u00e9tique, une sensation de chaleur visuelle et de naturel dans les pi\u00e8ces. Ce choix de couleur est con\u00e7u pour s&rsquo;harmoniser parfaitement avec des contextes modernes ou plus traditionnels, tout en conservant tous les avantages techniques de l&rsquo;aluminium, un mat\u00e9riau connu pour sa durabilit\u00e9 et sa r\u00e9sistance dans le temps. Cette combinaison rend l&rsquo;enseigne adapt\u00e9e non seulement aux entreprises, mais aussi aux h\u00f4pitaux, aux mus\u00e9es, aux \u00e9coles et \u00e0 tout autre environnement int\u00e9rieur qui n\u00e9cessite une signal\u00e9tique claire, durable et bien con\u00e7ue. <\/span><\/p>\n<p><span dir=\"auto\">En r\u00e9sum\u00e9, l&rsquo;enseigne murale en aluminium flat-line avec protection en m\u00e9thacrylate transparent est un produit performant et polyvalent, capable de r\u00e9pondre aux besoins de communication interne dans des contextes vari\u00e9s. Sa structure ultraplate, sa facilit\u00e9 d&rsquo;utilisation et son esth\u00e9tique raffin\u00e9e avec une finition en bois fonc\u00e9 en font un \u00e9l\u00e9ment indispensable pour ceux qui recherchent une signal\u00e9tique d&rsquo;entreprise \u00e0 la fois efficace et visuellement marquante. <\/span><\/p>\n<h3>CARACT\u00c9RISTIQUES:<\/h3>\n<ul>\n<li>Plaque murale avec cha\u00eene plate ;<\/li>\n<li>Mat\u00e9riau : aluminium ;<\/li>\n<li>Couleur : effet bois ;<\/li>\n<li>Feuille de protection en m\u00e9thacrylate transparent ;<\/li>\n<li>Trous pour un montage mural dissimul\u00e9 ;<\/li>\n<li>Gestion graphique interchangeable ;<\/li>\n<li>Ouverture de la glissi\u00e8re ;<\/li>\n<li>Fixation murale \u00e0 l&rsquo;aide d&rsquo;un ruban adh\u00e9sif double face ou de vis et de chevilles.<\/li>\n<\/ul>\n<p>Tailles disponibles :<\/p>\n<table style=\"width: 39.7467%; height: 478px; background-color: #ffffff; border: 2px solid #000000;\" border=\"2\">\n<tbody>\n<tr>\n<th style=\"text-align: center;\" scope=\"col\"><strong>CODE<\/strong><\/th>\n<th style=\"text-align: center;\" scope=\"col\"><strong>ZONE VISIBLE<\/strong><\/th>\n<th style=\"text-align: center;\" scope=\"col\"><strong>DIM. STRUCTURE <\/strong><\/th>\n<\/tr>\n<tr>\n<td style=\"text-align: left;\">STR-FLT-PW1015<\/td>\n<td style=\"text-align: center;\">10&#215;15 cm. (format A6)<\/td>\n<td style=\"text-align: center;\">10,4&#215;15,4&#215;1,1 cm.<\/td>\n<\/tr>\n<tr>\n<td style=\"text-align: left;\">STR-FLT-PW1515<\/td>\n<td style=\"text-align: center;\">15&#215;15 cm.<\/td>\n<td style=\"text-align: center;\">15,4&#215;15,4&#215;1,1 cm.<\/td>\n<\/tr>\n<tr>\n<td style=\"text-align: left;\">STR-FLT-PW1521<\/td>\n<td style=\"text-align: center;\">15&#215;21 cm. (format A5)<\/td>\n<td style=\"text-align: center;\">15,4&#215;21,4&#215;1,1 cm<\/td>\n<\/tr>\n<tr>\n<td style=\"text-align: left;\">STR-FLT-PW2130<\/td>\n<td style=\"text-align: center;\">21&#215;30 cm. (format A4)<\/td>\n<td style=\"text-align: center;\">21,4&#215;30,4&#215;1,1 cm<\/td>\n<\/tr>\n<\/tbody>\n<\/table>\n<p>&nbsp;<\/p>\n<h4 style=\"text-align: center;\">Voir tous les autres mod\u00e8les sur ce <span style=\"color: #ff0000;\"><a style=\"color: #ff0000;\" href=\"https:\/\/www.smartystore.it\/fr\/categoria-prodotto\/signalisation-dentreprise\/signalisation-commerciale\/\" target=\"_blank\" rel=\"noopener\">LIEN<\/a><\/span><\/h4>\n<p>&nbsp;<\/p>\n<p><a href=\"https:\/\/www.smartystore.it\/v25\/wp-content\/uploads\/2026\/03\/STR-FLT-P.pdf\" target=\"_blank\" rel=\"noopener\"><img loading=\"lazy\" decoding=\"async\" class=\"alignnone size-full wp-image-93672\" src=\"https:\/\/www.smartystore.it\/v25\/wp-content\/uploads\/2023\/11\/LogoDownload_yellow.jpg\" alt=\"\" width=\"50\" height=\"50\" \/><\/a> <a href=\"https:\/\/www.smartystore.it\/v25\/wp-content\/uploads\/2026\/03\/STR-FLT-P.pdf\" target=\"_blank\" rel=\"noopener\"><strong>FICHE TECHNIQUE<\/strong><\/a><\/p>\n","protected":false},"excerpt":{"rendered":"<p>Plaque murale en aluminium anodis\u00e9 avec une ligne ultra-mince et un effet bois. Disponible en plusieurs tailles.<\/p>\n","protected":false},"featured_media":98967,"comment_status":"open","ping_status":"closed","template":"","meta":{"_acf_changed":false},"pwb-brand":[],"product_brand":[],"product_cat":[3672,3670],"product_tag":[],"class_list":{"0":"post-98919","1":"product","2":"type-product","3":"status-publish","4":"has-post-thumbnail","6":"product_cat-signalisation-commerciale","7":"product_cat-signalisation-dentreprise","8":"pa_c2c_dimensione-10x15-cm","10":"first","11":"instock","12":"taxable","13":"shipping-taxable","14":"purchasable","15":"product-type-variable"},"acf":[],"yoast_head":"<!-- This site is optimized with the Yoast SEO plugin v27.0 - https:\/\/yoast.com\/product\/yoast-seo-wordpress\/ -->\n<title>Plaque murale ligne plate effet bois - Smarty Store Acheter au Meilleur Prix<\/title>\n<meta name=\"description\" content=\"Plaque murale ligne plate effet bois et au design ultraplat. Disponible en diff\u00e9rentes tailles. Livr\u00e9e avec un film de protection transparent.\" \/>\n<meta name=\"robots\" content=\"index, follow, max-snippet:-1, max-image-preview:large, max-video-preview:-1\" \/>\n<link rel=\"canonical\" href=\"https:\/\/www.smartystore.it\/fr\/prodotto\/plaque-murale-ligne-plate-effet-bois\/\" \/>\n<meta property=\"og:locale\" content=\"fr_FR\" \/>\n<meta property=\"og:type\" content=\"article\" \/>\n<meta property=\"og:title\" content=\"Plaque murale ligne plate effet bois - Smarty Store Acheter au Meilleur Prix\" \/>\n<meta property=\"og:description\" content=\"Plaque murale ligne plate effet bois et au design ultraplat. Disponible en diff\u00e9rentes tailles. Livr\u00e9e avec un film de protection transparent.\" \/>\n<meta property=\"og:url\" content=\"https:\/\/www.smartystore.it\/fr\/prodotto\/plaque-murale-ligne-plate-effet-bois\/\" \/>\n<meta property=\"og:site_name\" content=\"Smarty Store\" \/>\n<meta property=\"article:publisher\" content=\"https:\/\/www.facebook.com\/smartystore.it\/\" \/>\n<meta property=\"article:modified_time\" content=\"2026-04-01T14:42:43+00:00\" \/>\n<meta property=\"og:image\" content=\"https:\/\/www.smartystore.it\/v25\/wp-content\/uploads\/2026\/04\/Targa-a-parete-effetto-legno-segnaletica-interna-design-ultra-piatta-2.jpg\" \/>\n\t<meta property=\"og:image:width\" content=\"1000\" \/>\n\t<meta property=\"og:image:height\" content=\"1000\" \/>\n\t<meta property=\"og:image:type\" content=\"image\/jpeg\" \/>\n<meta name=\"twitter:card\" content=\"summary_large_image\" \/>\n<meta name=\"twitter:site\" content=\"@smartystore\" \/>\n<meta name=\"twitter:label1\" content=\"Dur\u00e9e de lecture estim\u00e9e\" \/>\n\t<meta name=\"twitter:data1\" content=\"3 minutes\" \/>\n<script type=\"application\/ld+json\" class=\"yoast-schema-graph\">{\"@context\":\"https:\/\/schema.org\",\"@graph\":[{\"@type\":\"WebPage\",\"@id\":\"https:\/\/www.smartystore.it\/fr\/prodotto\/plaque-murale-ligne-plate-effet-bois\/\",\"url\":\"https:\/\/www.smartystore.it\/fr\/prodotto\/plaque-murale-ligne-plate-effet-bois\/\",\"name\":\"Plaque murale ligne plate effet bois - Smarty Store Acheter au Meilleur Prix\",\"isPartOf\":{\"@id\":\"https:\/\/www.smartystore.it\/fr\/#website\"},\"primaryImageOfPage\":{\"@id\":\"https:\/\/www.smartystore.it\/fr\/prodotto\/plaque-murale-ligne-plate-effet-bois\/#primaryimage\"},\"image\":{\"@id\":\"https:\/\/www.smartystore.it\/fr\/prodotto\/plaque-murale-ligne-plate-effet-bois\/#primaryimage\"},\"thumbnailUrl\":\"https:\/\/www.smartystore.it\/v25\/wp-content\/uploads\/2026\/04\/Targa-a-parete-effetto-legno-segnaletica-interna-design-ultra-piatta-2.jpg\",\"datePublished\":\"2026-04-01T13:22:50+00:00\",\"dateModified\":\"2026-04-01T14:42:43+00:00\",\"description\":\"Plaque murale ligne plate effet bois et au design ultraplat. Disponible en diff\u00e9rentes tailles. Livr\u00e9e avec un film de protection transparent.\",\"breadcrumb\":{\"@id\":\"https:\/\/www.smartystore.it\/fr\/prodotto\/plaque-murale-ligne-plate-effet-bois\/#breadcrumb\"},\"inLanguage\":\"fr-FR\",\"potentialAction\":[{\"@type\":\"ReadAction\",\"target\":[\"https:\/\/www.smartystore.it\/fr\/prodotto\/plaque-murale-ligne-plate-effet-bois\/\"]}]},{\"@type\":\"ImageObject\",\"inLanguage\":\"fr-FR\",\"@id\":\"https:\/\/www.smartystore.it\/fr\/prodotto\/plaque-murale-ligne-plate-effet-bois\/#primaryimage\",\"url\":\"https:\/\/www.smartystore.it\/v25\/wp-content\/uploads\/2026\/04\/Targa-a-parete-effetto-legno-segnaletica-interna-design-ultra-piatta-2.jpg\",\"contentUrl\":\"https:\/\/www.smartystore.it\/v25\/wp-content\/uploads\/2026\/04\/Targa-a-parete-effetto-legno-segnaletica-interna-design-ultra-piatta-2.jpg\",\"width\":1000,\"height\":1000,\"caption\":\"Plaque murale ligne plate effet bois\"},{\"@type\":\"BreadcrumbList\",\"@id\":\"https:\/\/www.smartystore.it\/fr\/prodotto\/plaque-murale-ligne-plate-effet-bois\/#breadcrumb\",\"itemListElement\":[{\"@type\":\"ListItem\",\"position\":1,\"name\":\"Accueil\",\"item\":\"https:\/\/www.smartystore.it\/fr\/\"},{\"@type\":\"ListItem\",\"position\":2,\"name\":\"Boutique\",\"item\":\"https:\/\/www.smartystore.it\/fr\/boutique\/\"},{\"@type\":\"ListItem\",\"position\":3,\"name\":\"Plaque murale ligne plate effet bois\"}]},{\"@type\":\"WebSite\",\"@id\":\"https:\/\/www.smartystore.it\/fr\/#website\",\"url\":\"https:\/\/www.smartystore.it\/fr\/\",\"name\":\"Smarty Store\",\"description\":\"Espositori Pubblicitari e Sistemi di Comunicazione Visiva\",\"potentialAction\":[{\"@type\":\"SearchAction\",\"target\":{\"@type\":\"EntryPoint\",\"urlTemplate\":\"https:\/\/www.smartystore.it\/fr\/?s={search_term_string}\"},\"query-input\":{\"@type\":\"PropertyValueSpecification\",\"valueRequired\":true,\"valueName\":\"search_term_string\"}}],\"inLanguage\":\"fr-FR\"}]}<\/script>\n<!-- \/ Yoast SEO plugin. -->","yoast_head_json":{"title":"Plaque murale ligne plate effet bois - Smarty Store Acheter au Meilleur Prix","description":"Plaque murale ligne plate effet bois et au design ultraplat. Disponible en diff\u00e9rentes tailles. Livr\u00e9e avec un film de protection transparent.","robots":{"index":"index","follow":"follow","max-snippet":"max-snippet:-1","max-image-preview":"max-image-preview:large","max-video-preview":"max-video-preview:-1"},"canonical":"https:\/\/www.smartystore.it\/fr\/prodotto\/plaque-murale-ligne-plate-effet-bois\/","og_locale":"fr_FR","og_type":"article","og_title":"Plaque murale ligne plate effet bois - Smarty Store Acheter au Meilleur Prix","og_description":"Plaque murale ligne plate effet bois et au design ultraplat. Disponible en diff\u00e9rentes tailles. Livr\u00e9e avec un film de protection transparent.","og_url":"https:\/\/www.smartystore.it\/fr\/prodotto\/plaque-murale-ligne-plate-effet-bois\/","og_site_name":"Smarty Store","article_publisher":"https:\/\/www.facebook.com\/smartystore.it\/","article_modified_time":"2026-04-01T14:42:43+00:00","og_image":[{"width":1000,"height":1000,"url":"https:\/\/www.smartystore.it\/v25\/wp-content\/uploads\/2026\/04\/Targa-a-parete-effetto-legno-segnaletica-interna-design-ultra-piatta-2.jpg","type":"image\/jpeg"}],"twitter_card":"summary_large_image","twitter_site":"@smartystore","twitter_misc":{"Dur\u00e9e de lecture estim\u00e9e":"3 minutes"},"schema":{"@context":"https:\/\/schema.org","@graph":[{"@type":"WebPage","@id":"https:\/\/www.smartystore.it\/fr\/prodotto\/plaque-murale-ligne-plate-effet-bois\/","url":"https:\/\/www.smartystore.it\/fr\/prodotto\/plaque-murale-ligne-plate-effet-bois\/","name":"Plaque murale ligne plate effet bois - Smarty Store Acheter au Meilleur Prix","isPartOf":{"@id":"https:\/\/www.smartystore.it\/fr\/#website"},"primaryImageOfPage":{"@id":"https:\/\/www.smartystore.it\/fr\/prodotto\/plaque-murale-ligne-plate-effet-bois\/#primaryimage"},"image":{"@id":"https:\/\/www.smartystore.it\/fr\/prodotto\/plaque-murale-ligne-plate-effet-bois\/#primaryimage"},"thumbnailUrl":"https:\/\/www.smartystore.it\/v25\/wp-content\/uploads\/2026\/04\/Targa-a-parete-effetto-legno-segnaletica-interna-design-ultra-piatta-2.jpg","datePublished":"2026-04-01T13:22:50+00:00","dateModified":"2026-04-01T14:42:43+00:00","description":"Plaque murale ligne plate effet bois et au design ultraplat. Disponible en diff\u00e9rentes tailles. Livr\u00e9e avec un film de protection transparent.","breadcrumb":{"@id":"https:\/\/www.smartystore.it\/fr\/prodotto\/plaque-murale-ligne-plate-effet-bois\/#breadcrumb"},"inLanguage":"fr-FR","potentialAction":[{"@type":"ReadAction","target":["https:\/\/www.smartystore.it\/fr\/prodotto\/plaque-murale-ligne-plate-effet-bois\/"]}]},{"@type":"ImageObject","inLanguage":"fr-FR","@id":"https:\/\/www.smartystore.it\/fr\/prodotto\/plaque-murale-ligne-plate-effet-bois\/#primaryimage","url":"https:\/\/www.smartystore.it\/v25\/wp-content\/uploads\/2026\/04\/Targa-a-parete-effetto-legno-segnaletica-interna-design-ultra-piatta-2.jpg","contentUrl":"https:\/\/www.smartystore.it\/v25\/wp-content\/uploads\/2026\/04\/Targa-a-parete-effetto-legno-segnaletica-interna-design-ultra-piatta-2.jpg","width":1000,"height":1000,"caption":"Plaque murale ligne plate effet bois"},{"@type":"BreadcrumbList","@id":"https:\/\/www.smartystore.it\/fr\/prodotto\/plaque-murale-ligne-plate-effet-bois\/#breadcrumb","itemListElement":[{"@type":"ListItem","position":1,"name":"Accueil","item":"https:\/\/www.smartystore.it\/fr\/"},{"@type":"ListItem","position":2,"name":"Boutique","item":"https:\/\/www.smartystore.it\/fr\/boutique\/"},{"@type":"ListItem","position":3,"name":"Plaque murale ligne plate effet bois"}]},{"@type":"WebSite","@id":"https:\/\/www.smartystore.it\/fr\/#website","url":"https:\/\/www.smartystore.it\/fr\/","name":"Smarty Store","description":"Espositori Pubblicitari e Sistemi di Comunicazione Visiva","potentialAction":[{"@type":"SearchAction","target":{"@type":"EntryPoint","urlTemplate":"https:\/\/www.smartystore.it\/fr\/?s={search_term_string}"},"query-input":{"@type":"PropertyValueSpecification","valueRequired":true,"valueName":"search_term_string"}}],"inLanguage":"fr-FR"}]}},"brands":[],"_links":{"self":[{"href":"https:\/\/www.smartystore.it\/fr\/wp-json\/wp\/v2\/product\/98919","targetHints":{"allow":["GET"]}}],"collection":[{"href":"https:\/\/www.smartystore.it\/fr\/wp-json\/wp\/v2\/product"}],"about":[{"href":"https:\/\/www.smartystore.it\/fr\/wp-json\/wp\/v2\/types\/product"}],"replies":[{"embeddable":true,"href":"https:\/\/www.smartystore.it\/fr\/wp-json\/wp\/v2\/comments?post=98919"}],"wp:featuredmedia":[{"embeddable":true,"href":"https:\/\/www.smartystore.it\/fr\/wp-json\/wp\/v2\/media\/98967"}],"wp:attachment":[{"href":"https:\/\/www.smartystore.it\/fr\/wp-json\/wp\/v2\/media?parent=98919"}],"wp:term":[{"taxonomy":"pwb-brand","embeddable":true,"href":"https:\/\/www.smartystore.it\/fr\/wp-json\/wp\/v2\/pwb-brand?post=98919"},{"taxonomy":"product_brand","embeddable":true,"href":"https:\/\/www.smartystore.it\/fr\/wp-json\/wp\/v2\/product_brand?post=98919"},{"taxonomy":"product_cat","embeddable":true,"href":"https:\/\/www.smartystore.it\/fr\/wp-json\/wp\/v2\/product_cat?post=98919"},{"taxonomy":"product_tag","embeddable":true,"href":"https:\/\/www.smartystore.it\/fr\/wp-json\/wp\/v2\/product_tag?post=98919"}],"curies":[{"name":"wp","href":"https:\/\/api.w.org\/{rel}","templated":true}]}}