{"id":98872,"date":"2022-10-14T11:46:29","date_gmt":"2022-10-14T09:46:29","guid":{"rendered":"https:\/\/www.smartystore.it\/prodotto\/panneau-suspendu-flat-line\/"},"modified":"2026-03-31T16:16:00","modified_gmt":"2026-03-31T14:16:00","slug":"panneau-suspendu-flat-line","status":"publish","type":"product","link":"https:\/\/www.smartystore.it\/fr\/prodotto\/panneau-suspendu-flat-line\/","title":{"rendered":"Panneau suspendu Flat Line"},"content":{"rendered":"<h1>Panneau suspendu Flat Line<\/h1>\n<p><span dir=\"auto\">L&rsquo;enseigne pour plafond suspendu de la ligne Piatta est une <strong>solution de design<\/strong> innovante et fonctionnelle pour la signalisation d&rsquo;int\u00e9rieur. Gr\u00e2ce \u00e0 son profil ultra-mince de seulement 5 mm, r\u00e9alis\u00e9 en aluminium anodis\u00e9 argent, cette enseigne offre une esth\u00e9tique moderne et minimaliste qui met en valeur l&rsquo;environnement sans nuire \u00e0 la visibilit\u00e9 des informations affich\u00e9es. La conception double face permet une lisibilit\u00e9 optimale dans les deux sens, ce qui la rend id\u00e9ale pour des environnements tels que les bureaux, les agences, les mus\u00e9es, les h\u00f4pitaux et les h\u00f4tels. <\/span><\/p>\n<p><span dir=\"auto\">La structure de l&rsquo;enseigne est constitu\u00e9e de deux panneaux rigides en aluminium anodis\u00e9 argent\u00e9 avec des crochets de fixation au plafond au moyen de c\u00e2bles et d&rsquo;entretoises, ce qui permet de la positionner librement dans l&rsquo;espace. Cette solution suspendue apporte une l\u00e9g\u00e8ret\u00e9 visuelle et une pr\u00e9sence discr\u00e8te mais efficace, mettant en valeur la signal\u00e9tique int\u00e9rieure tout en respectant l&rsquo;esth\u00e9tique de l&rsquo;espace. <\/span><\/p>\n<h2>La polyvalence de l&rsquo;enseigne suspendue Linea Piatta : un \u00e9l\u00e9ment indispensable<\/h2>\n<p><span dir=\"auto\">La protection frontale est assur\u00e9e par deux panneaux transparents en polystyr\u00e8ne antireflet de 1,2 mm d&rsquo;\u00e9paisseur, install\u00e9s de part et d&rsquo;autre. Ces panneaux prot\u00e8gent non seulement les graphiques de la poussi\u00e8re, de la salet\u00e9 et des dommages m\u00e9caniques, mais ils garantissent \u00e9galement que les feuilles ins\u00e9r\u00e9es restent fermement en place et parfaitement visibles. La double ouverture simple et pratique, ainsi que la feuille de protection transparente, permettent de changer rapidement et facilement les graphiques lorsque le besoin s&rsquo;en fait sentir, facilitant ainsi la mise \u00e0 jour constante des messages affich\u00e9s. <\/span><\/p>\n<p><span dir=\"auto\">Son design \u00e9pur\u00e9 et ultra-mince a \u00e9t\u00e9 sp\u00e9cialement con\u00e7u pour offrir une signalisation claire, nette et tr\u00e8s visible sans compromettre le design des environnements modernes. La possibilit\u00e9 d&rsquo;utiliser des graphiques interchangeables et le mode de suspension gr\u00e2ce \u00e0 des c\u00e2bles et des entretoises rendent le panneau extr\u00eamement polyvalent et adaptable aux diff\u00e9rents besoins de communication. <\/span><\/p>\n<p><span dir=\"auto\">En conclusion, l&rsquo;enseigne suspendue de la ligne Piatta est une solution de qualit\u00e9 pour ceux qui souhaitent int\u00e9grer leur signal\u00e9tique int\u00e9rieure de mani\u00e8re \u00e9l\u00e9gante et fonctionnelle, avec un produit au design raffin\u00e9, robuste et facilement personnalisable. C&rsquo;est le choix id\u00e9al pour les environnements professionnels et publics qui exigent une signalisation efficace et en m\u00eame temps une esth\u00e9tique soign\u00e9e et moderne. <\/span><\/p>\n<p>Chaque plaque double face est compos\u00e9e de :<\/p>\n<ul>\n<li>deux plaques lamin\u00e9es avec insert en dibond<\/li>\n<li>deux entretoises<\/li>\n<li>deux c\u00e2bles en acier d&rsquo;un m\u00e8tre pour le montage au plafond<\/li>\n<\/ul>\n<p>&nbsp;<\/p>\n<p>Tailles disponibles :<\/p>\n<table style=\"width: 98.2449%; border-collapse: collapse; border-color: #000000;\" border=\"1\">\n<tbody>\n<tr>\n<td style=\"width: 25%; text-align: center;\"><strong>CODE<\/strong><\/td>\n<td style=\"width: 25%; text-align: center;\"><strong>ZONE VISIBLE<\/strong><\/td>\n<td style=\"width: 25%; text-align: center;\"><strong>TAILLE DE LA PLAQUE<\/strong><\/td>\n<td style=\"width: 11.638%; text-align: center;\"><strong>DISTANCE DES CROCHETS<\/strong><\/td>\n<\/tr>\n<tr>\n<td style=\"width: 25%;\"><strong>STR-FLT-S1550 <\/strong><\/td>\n<td style=\"width: 25%; text-align: center;\">500&#215;150 mm.<\/td>\n<td style=\"width: 25%; text-align: center;\">504x154x13 mm.<\/td>\n<td style=\"width: 11.638%; text-align: center;\">320 mm.<\/td>\n<\/tr>\n<tr>\n<td style=\"width: 25%;\"><strong>STR-FLT-S1570<\/strong><\/td>\n<td style=\"width: 25%; text-align: center;\">700&#215;150 mm.<\/td>\n<td style=\"width: 25%; text-align: center;\">704x154x13 mm.<\/td>\n<td style=\"width: 11.638%; text-align: center;\">520 mm.<\/td>\n<\/tr>\n<tr>\n<td style=\"width: 25%;\"><strong>STR-FLT-S15100<\/strong><\/td>\n<td style=\"width: 25%; text-align: center;\">1000&#215;150 mm.<\/td>\n<td style=\"width: 25%; text-align: center;\">1004x154x13 mm.<\/td>\n<td style=\"width: 11.638%; text-align: center;\">520 mm.<\/td>\n<\/tr>\n<tr>\n<td style=\"width: 25%;\"><strong>STR-FLT-S2170<\/strong><\/td>\n<td style=\"width: 25%; text-align: center;\">700&#215;210 mm.<\/td>\n<td style=\"width: 25%; text-align: center;\">704x214x13 mm.<\/td>\n<td style=\"width: 11.638%; text-align: center;\">520 mm.<\/td>\n<\/tr>\n<tr>\n<td style=\"width: 25%;\"><strong>STR-FLT-S21100<\/strong><\/td>\n<td style=\"width: 25%; text-align: center;\">1000&#215;210 mm.<\/td>\n<td style=\"width: 25%; text-align: center;\">1004x214x13 mm.<\/td>\n<td style=\"width: 11.638%; text-align: center;\">520 mm.<\/td>\n<\/tr>\n<\/tbody>\n<\/table>\n<p>&nbsp;<\/p>\n<h3>CARACT\u00c9RISTIQUES:<\/h3>\n<ul>\n<li>Surface plane ;<\/li>\n<li>Mat\u00e9riau : aluminium ;<\/li>\n<li>Couleur : argent ;<\/li>\n<li>Feuille de m\u00e9thacrylate transparente ;<\/li>\n<li>Gestion graphique interchangeable ;<\/li>\n<li>Fixations au plafond par vis et chevilles ;<\/li>\n<li>Utilisation recto-verso<\/li>\n<\/ul>\n<p>&nbsp;<\/p>\n<h4 style=\"text-align: center;\">Voir tous les autres mod\u00e8les sur ce <span style=\"color: #ff0000;\"><a style=\"color: #ff0000;\" href=\"https:\/\/www.smartystore.it\/fr\/categoria-prodotto\/signalisation-dentreprise\/signalisation-commerciale\/\" target=\"_blank\" rel=\"noopener\">LIEN<\/a><\/span><\/h4>\n<p>&nbsp;<\/p>\n<p><a href=\"https:\/\/www.smartystore.it\/v25\/wp-content\/uploads\/2026\/03\/STR-FLT-S-1.pdf\" target=\"_blank\" rel=\"noopener\"><img loading=\"lazy\" decoding=\"async\" class=\"alignnone size-full wp-image-93672\" src=\"https:\/\/www.smartystore.it\/v25\/wp-content\/uploads\/2023\/11\/LogoDownload_yellow.jpg\" alt=\"\" width=\"50\" height=\"50\" \/><\/a> <a href=\"https:\/\/www.smartystore.it\/v25\/wp-content\/uploads\/2026\/03\/STR-FLT-S-1.pdf\" target=\"_blank\" rel=\"noopener\"><strong>FICHE TECHNIQUE<\/strong><\/a><\/p>\n","protected":false},"excerpt":{"rendered":"<p>Plaque de plafond double face en aluminium anodis\u00e9 avec une ligne ultra-mince. Disponible en plusieurs tailles.<\/p>\n","protected":false},"featured_media":98873,"comment_status":"open","ping_status":"closed","template":"","meta":{"_acf_changed":false},"pwb-brand":[],"product_brand":[],"product_cat":[3672,3670],"product_tag":[6738,6740,6737,6735,6739,6883,6736,6882,6779,6664],"class_list":{"0":"post-98872","1":"product","2":"type-product","3":"status-publish","4":"has-post-thumbnail","6":"product_cat-signalisation-commerciale","7":"product_cat-signalisation-dentreprise","8":"product_tag-panneau-de-plafond-double-face-pour-graphiques-interchangeables","9":"product_tag-plaque-de-plafond","10":"product_tag-plaque-de-plafond-avec-pvc-antireflet","11":"product_tag-plaque-de-plafond-double-face","12":"product_tag-plaque-de-plafond-double-face-en-pvc-antireflet","13":"product_tag-plaque-de-plafond-ligne-plate","14":"product_tag-plaque-de-plafond-pour-graphiques-interchangeables","15":"product_tag-plaque-de-plafond-profile-plat","16":"product_tag-plaque-plate","17":"product_tag-signalisation-dentreprise-a-linterieur","18":"pa_c2c_color-argent","19":"pa_c2c_dimensione-mm-1000x150-l-x-h","20":"pa_c2c_dimensione-mm-1000x210-l-x-h","21":"pa_c2c_dimensione-mm-500x150-l-x-h","22":"pa_c2c_dimensione-mm-700x150-l-x-h","23":"pa_c2c_dimensione-mm-700x210-l-x-h","24":"pa_c2c_finitura_distanziale-argent-satine","25":"pa_c2c_mono_bifacciale-double-face","26":"pa_c2c_mono_bifacciale-simple-face","27":"pa_c2c_trovraprezzi-oui","28":"pa_cavo-1-metre","29":"pa_tipo-di-utilizzo-interieur","31":"first","32":"instock","33":"taxable","34":"shipping-taxable","35":"purchasable","36":"product-type-variable"},"acf":[],"yoast_head":"<!-- This site is optimized with the Yoast SEO plugin v27.0 - https:\/\/yoast.com\/product\/yoast-seo-wordpress\/ -->\n<title>Panneau suspendu Flat Line - Smarty Store Acheter au Meilleur Prix<\/title>\n<meta name=\"description\" content=\"Plaque Linea Piatta suspendue. Plaque de plafond double face en aluminium anodis\u00e9 disponible en diff\u00e9rentes tailles. Avec film de protection transparent\" \/>\n<meta name=\"robots\" content=\"index, follow, max-snippet:-1, max-image-preview:large, max-video-preview:-1\" \/>\n<link rel=\"canonical\" href=\"https:\/\/www.smartystore.it\/fr\/prodotto\/panneau-suspendu-flat-line\/\" \/>\n<meta property=\"og:locale\" content=\"fr_FR\" \/>\n<meta property=\"og:type\" content=\"article\" \/>\n<meta property=\"og:title\" content=\"Panneau suspendu Flat Line - Smarty Store Acheter au Meilleur Prix\" \/>\n<meta property=\"og:description\" content=\"Plaque Linea Piatta suspendue. Plaque de plafond double face en aluminium anodis\u00e9 disponible en diff\u00e9rentes tailles. Avec film de protection transparent\" \/>\n<meta property=\"og:url\" content=\"https:\/\/www.smartystore.it\/fr\/prodotto\/panneau-suspendu-flat-line\/\" \/>\n<meta property=\"og:site_name\" content=\"Smarty Store\" \/>\n<meta property=\"article:publisher\" content=\"https:\/\/www.facebook.com\/smartystore.it\/\" \/>\n<meta property=\"article:modified_time\" content=\"2026-03-31T14:16:00+00:00\" \/>\n<meta property=\"og:image\" content=\"https:\/\/www.smartystore.it\/v25\/wp-content\/uploads\/2022\/10\/Targa-sospesa-ultra-piatta_ambientata_segnaletica-aziendale-da-interno.jpg\" \/>\n\t<meta property=\"og:image:width\" content=\"1000\" \/>\n\t<meta property=\"og:image:height\" content=\"1000\" \/>\n\t<meta property=\"og:image:type\" content=\"image\/jpeg\" \/>\n<meta name=\"twitter:card\" content=\"summary_large_image\" \/>\n<meta name=\"twitter:site\" content=\"@smartystore\" \/>\n<meta name=\"twitter:label1\" content=\"Dur\u00e9e de lecture estim\u00e9e\" \/>\n\t<meta name=\"twitter:data1\" content=\"3 minutes\" \/>\n<script type=\"application\/ld+json\" class=\"yoast-schema-graph\">{\"@context\":\"https:\/\/schema.org\",\"@graph\":[{\"@type\":\"WebPage\",\"@id\":\"https:\/\/www.smartystore.it\/fr\/prodotto\/panneau-suspendu-flat-line\/\",\"url\":\"https:\/\/www.smartystore.it\/fr\/prodotto\/panneau-suspendu-flat-line\/\",\"name\":\"Panneau suspendu Flat Line - Smarty Store Acheter au Meilleur Prix\",\"isPartOf\":{\"@id\":\"https:\/\/www.smartystore.it\/fr\/#website\"},\"primaryImageOfPage\":{\"@id\":\"https:\/\/www.smartystore.it\/fr\/prodotto\/panneau-suspendu-flat-line\/#primaryimage\"},\"image\":{\"@id\":\"https:\/\/www.smartystore.it\/fr\/prodotto\/panneau-suspendu-flat-line\/#primaryimage\"},\"thumbnailUrl\":\"https:\/\/www.smartystore.it\/v25\/wp-content\/uploads\/2022\/10\/Targa-sospesa-ultra-piatta_ambientata_segnaletica-aziendale-da-interno.jpg\",\"datePublished\":\"2022-10-14T09:46:29+00:00\",\"dateModified\":\"2026-03-31T14:16:00+00:00\",\"description\":\"Plaque Linea Piatta suspendue. Plaque de plafond double face en aluminium anodis\u00e9 disponible en diff\u00e9rentes tailles. Avec film de protection transparent\",\"breadcrumb\":{\"@id\":\"https:\/\/www.smartystore.it\/fr\/prodotto\/panneau-suspendu-flat-line\/#breadcrumb\"},\"inLanguage\":\"fr-FR\",\"potentialAction\":[{\"@type\":\"ReadAction\",\"target\":[\"https:\/\/www.smartystore.it\/fr\/prodotto\/panneau-suspendu-flat-line\/\"]}]},{\"@type\":\"ImageObject\",\"inLanguage\":\"fr-FR\",\"@id\":\"https:\/\/www.smartystore.it\/fr\/prodotto\/panneau-suspendu-flat-line\/#primaryimage\",\"url\":\"https:\/\/www.smartystore.it\/v25\/wp-content\/uploads\/2022\/10\/Targa-sospesa-ultra-piatta_ambientata_segnaletica-aziendale-da-interno.jpg\",\"contentUrl\":\"https:\/\/www.smartystore.it\/v25\/wp-content\/uploads\/2022\/10\/Targa-sospesa-ultra-piatta_ambientata_segnaletica-aziendale-da-interno.jpg\",\"width\":1000,\"height\":1000,\"caption\":\"Panneau suspendu Flat Line\"},{\"@type\":\"BreadcrumbList\",\"@id\":\"https:\/\/www.smartystore.it\/fr\/prodotto\/panneau-suspendu-flat-line\/#breadcrumb\",\"itemListElement\":[{\"@type\":\"ListItem\",\"position\":1,\"name\":\"Accueil\",\"item\":\"https:\/\/www.smartystore.it\/fr\/\"},{\"@type\":\"ListItem\",\"position\":2,\"name\":\"Boutique\",\"item\":\"https:\/\/www.smartystore.it\/fr\/boutique\/\"},{\"@type\":\"ListItem\",\"position\":3,\"name\":\"Panneau suspendu Flat Line\"}]},{\"@type\":\"WebSite\",\"@id\":\"https:\/\/www.smartystore.it\/fr\/#website\",\"url\":\"https:\/\/www.smartystore.it\/fr\/\",\"name\":\"Smarty Store\",\"description\":\"Espositori Pubblicitari e Sistemi di Comunicazione Visiva\",\"potentialAction\":[{\"@type\":\"SearchAction\",\"target\":{\"@type\":\"EntryPoint\",\"urlTemplate\":\"https:\/\/www.smartystore.it\/fr\/?s={search_term_string}\"},\"query-input\":{\"@type\":\"PropertyValueSpecification\",\"valueRequired\":true,\"valueName\":\"search_term_string\"}}],\"inLanguage\":\"fr-FR\"}]}<\/script>\n<!-- \/ Yoast SEO plugin. -->","yoast_head_json":{"title":"Panneau suspendu Flat Line - Smarty Store Acheter au Meilleur Prix","description":"Plaque Linea Piatta suspendue. Plaque de plafond double face en aluminium anodis\u00e9 disponible en diff\u00e9rentes tailles. Avec film de protection transparent","robots":{"index":"index","follow":"follow","max-snippet":"max-snippet:-1","max-image-preview":"max-image-preview:large","max-video-preview":"max-video-preview:-1"},"canonical":"https:\/\/www.smartystore.it\/fr\/prodotto\/panneau-suspendu-flat-line\/","og_locale":"fr_FR","og_type":"article","og_title":"Panneau suspendu Flat Line - Smarty Store Acheter au Meilleur Prix","og_description":"Plaque Linea Piatta suspendue. Plaque de plafond double face en aluminium anodis\u00e9 disponible en diff\u00e9rentes tailles. Avec film de protection transparent","og_url":"https:\/\/www.smartystore.it\/fr\/prodotto\/panneau-suspendu-flat-line\/","og_site_name":"Smarty Store","article_publisher":"https:\/\/www.facebook.com\/smartystore.it\/","article_modified_time":"2026-03-31T14:16:00+00:00","og_image":[{"width":1000,"height":1000,"url":"https:\/\/www.smartystore.it\/v25\/wp-content\/uploads\/2022\/10\/Targa-sospesa-ultra-piatta_ambientata_segnaletica-aziendale-da-interno.jpg","type":"image\/jpeg"}],"twitter_card":"summary_large_image","twitter_site":"@smartystore","twitter_misc":{"Dur\u00e9e de lecture estim\u00e9e":"3 minutes"},"schema":{"@context":"https:\/\/schema.org","@graph":[{"@type":"WebPage","@id":"https:\/\/www.smartystore.it\/fr\/prodotto\/panneau-suspendu-flat-line\/","url":"https:\/\/www.smartystore.it\/fr\/prodotto\/panneau-suspendu-flat-line\/","name":"Panneau suspendu Flat Line - Smarty Store Acheter au Meilleur Prix","isPartOf":{"@id":"https:\/\/www.smartystore.it\/fr\/#website"},"primaryImageOfPage":{"@id":"https:\/\/www.smartystore.it\/fr\/prodotto\/panneau-suspendu-flat-line\/#primaryimage"},"image":{"@id":"https:\/\/www.smartystore.it\/fr\/prodotto\/panneau-suspendu-flat-line\/#primaryimage"},"thumbnailUrl":"https:\/\/www.smartystore.it\/v25\/wp-content\/uploads\/2022\/10\/Targa-sospesa-ultra-piatta_ambientata_segnaletica-aziendale-da-interno.jpg","datePublished":"2022-10-14T09:46:29+00:00","dateModified":"2026-03-31T14:16:00+00:00","description":"Plaque Linea Piatta suspendue. Plaque de plafond double face en aluminium anodis\u00e9 disponible en diff\u00e9rentes tailles. Avec film de protection transparent","breadcrumb":{"@id":"https:\/\/www.smartystore.it\/fr\/prodotto\/panneau-suspendu-flat-line\/#breadcrumb"},"inLanguage":"fr-FR","potentialAction":[{"@type":"ReadAction","target":["https:\/\/www.smartystore.it\/fr\/prodotto\/panneau-suspendu-flat-line\/"]}]},{"@type":"ImageObject","inLanguage":"fr-FR","@id":"https:\/\/www.smartystore.it\/fr\/prodotto\/panneau-suspendu-flat-line\/#primaryimage","url":"https:\/\/www.smartystore.it\/v25\/wp-content\/uploads\/2022\/10\/Targa-sospesa-ultra-piatta_ambientata_segnaletica-aziendale-da-interno.jpg","contentUrl":"https:\/\/www.smartystore.it\/v25\/wp-content\/uploads\/2022\/10\/Targa-sospesa-ultra-piatta_ambientata_segnaletica-aziendale-da-interno.jpg","width":1000,"height":1000,"caption":"Panneau suspendu Flat Line"},{"@type":"BreadcrumbList","@id":"https:\/\/www.smartystore.it\/fr\/prodotto\/panneau-suspendu-flat-line\/#breadcrumb","itemListElement":[{"@type":"ListItem","position":1,"name":"Accueil","item":"https:\/\/www.smartystore.it\/fr\/"},{"@type":"ListItem","position":2,"name":"Boutique","item":"https:\/\/www.smartystore.it\/fr\/boutique\/"},{"@type":"ListItem","position":3,"name":"Panneau suspendu Flat Line"}]},{"@type":"WebSite","@id":"https:\/\/www.smartystore.it\/fr\/#website","url":"https:\/\/www.smartystore.it\/fr\/","name":"Smarty Store","description":"Espositori Pubblicitari e Sistemi di Comunicazione Visiva","potentialAction":[{"@type":"SearchAction","target":{"@type":"EntryPoint","urlTemplate":"https:\/\/www.smartystore.it\/fr\/?s={search_term_string}"},"query-input":{"@type":"PropertyValueSpecification","valueRequired":true,"valueName":"search_term_string"}}],"inLanguage":"fr-FR"}]}},"brands":[],"_links":{"self":[{"href":"https:\/\/www.smartystore.it\/fr\/wp-json\/wp\/v2\/product\/98872","targetHints":{"allow":["GET"]}}],"collection":[{"href":"https:\/\/www.smartystore.it\/fr\/wp-json\/wp\/v2\/product"}],"about":[{"href":"https:\/\/www.smartystore.it\/fr\/wp-json\/wp\/v2\/types\/product"}],"replies":[{"embeddable":true,"href":"https:\/\/www.smartystore.it\/fr\/wp-json\/wp\/v2\/comments?post=98872"}],"wp:featuredmedia":[{"embeddable":true,"href":"https:\/\/www.smartystore.it\/fr\/wp-json\/wp\/v2\/media\/98873"}],"wp:attachment":[{"href":"https:\/\/www.smartystore.it\/fr\/wp-json\/wp\/v2\/media?parent=98872"}],"wp:term":[{"taxonomy":"pwb-brand","embeddable":true,"href":"https:\/\/www.smartystore.it\/fr\/wp-json\/wp\/v2\/pwb-brand?post=98872"},{"taxonomy":"product_brand","embeddable":true,"href":"https:\/\/www.smartystore.it\/fr\/wp-json\/wp\/v2\/product_brand?post=98872"},{"taxonomy":"product_cat","embeddable":true,"href":"https:\/\/www.smartystore.it\/fr\/wp-json\/wp\/v2\/product_cat?post=98872"},{"taxonomy":"product_tag","embeddable":true,"href":"https:\/\/www.smartystore.it\/fr\/wp-json\/wp\/v2\/product_tag?post=98872"}],"curies":[{"name":"wp","href":"https:\/\/api.w.org\/{rel}","templated":true}]}}