{"id":98567,"date":"2019-12-02T15:49:11","date_gmt":"2019-12-02T13:49:11","guid":{"rendered":"https:\/\/www.smartystore.it\/prodotto\/plaque-murale-flat-line\/"},"modified":"2026-03-25T11:49:46","modified_gmt":"2026-03-25T09:49:46","slug":"plaque-murale-flat-line","status":"publish","type":"product","link":"https:\/\/www.smartystore.it\/fr\/prodotto\/plaque-murale-flat-line\/","title":{"rendered":"Plaque murale Flat Line"},"content":{"rendered":"<h1>Plaque murale Flat Line<\/h1>\n<p><span dir=\"auto\">L&rsquo;enseigne murale \u00e0 ligne plate de couleur argent\u00e9e est une <strong>solution \u00e9l\u00e9gante et fonctionnelle pour la signalisation d&rsquo;entreprise<\/strong> ou autre. Fabriqu\u00e9e avec des profils lat\u00e9raux et un panneau arri\u00e8re en aluminium anodis\u00e9 de couleur argent\u00e9e, cette enseigne allie <strong>robustesse et raffinement esth\u00e9tique<\/strong>, assurant une pr\u00e9sence discr\u00e8te mais visuellement frappante. <\/span><\/p>\n<p><span dir=\"auto\">Il est id\u00e9al pour \u00eatre utilis\u00e9 comme signal\u00e9tique ext\u00e9rieure unilat\u00e9rale, gr\u00e2ce \u00e0 sa protection frontale en m\u00e9thacrylate transparent, qui pr\u00e9serve la communication des agents atmosph\u00e9riques, de la poussi\u00e8re et de la salet\u00e9, tout en gardant le message lisible \u00e0 tout moment. Cette protection s&rsquo;int\u00e8gre parfaitement au <strong>design ultra-mince<\/strong> de l&rsquo;enseigne, sp\u00e9cialement con\u00e7u pour maximiser le contenu de l&rsquo;enseigne sans cr\u00e9er d&rsquo;encombrement ou de distraction visuelle. <\/span><\/p>\n<p><span dir=\"auto\">La fixation murale est r\u00e9alis\u00e9e de mani\u00e8re pratique et s\u00fbre \u00e0 l&rsquo;aide de vis et de chevilles ou, alternativement, \u00e0 l&rsquo;aide d&rsquo;un ruban adh\u00e9sif double face de haute qualit\u00e9, ce qui permet une installation rapide et polyvalente sur diff\u00e9rentes surfaces. Cette double possibilit\u00e9 de fixation permet d&rsquo;adapter le panneau \u00e0 une vari\u00e9t\u00e9 de contextes architecturaux et de besoins d&rsquo;installation, tout en facilitant un \u00e9ventuel d\u00e9placement ou une modification ult\u00e9rieure. <\/span><\/p>\n<h2>La polyvalence de la plaque murale Linea Piatta : un \u00e9l\u00e9ment indispensable<\/h2>\n<p><span dir=\"auto\">Une caract\u00e9ristique distinctive de la signalisation est le remplacement de la communication au moyen d&rsquo;une ouverture coulissante facile. Gr\u00e2ce \u00e0 ce m\u00e9canisme simple et intuitif, la feuille de signalisation peut \u00eatre mise \u00e0 jour rapidement et sans effort, ce qui rend la solution particuli\u00e8rement adapt\u00e9e aux environnements dynamiques o\u00f9 l&rsquo;information doit \u00eatre renouvel\u00e9e fr\u00e9quemment. <\/span><\/p>\n<p><span dir=\"auto\">L&rsquo;utilisation de la plaque signal\u00e9tique s&rsquo;\u00e9tend \u00e0 de nombreux environnements int\u00e9rieurs tels que les entreprises, les h\u00f4pitaux, les mus\u00e9es et les \u00e9coles, o\u00f9 la clart\u00e9 et la pr\u00e9cision de la communication sont essentielles. Le nouveau design ultra-mince a \u00e9t\u00e9 sp\u00e9cialement con\u00e7u pour laisser tout l&rsquo;espace n\u00e9cessaire au message, en \u00e9vitant les distractions inutiles et en am\u00e9liorant l&rsquo;exp\u00e9rience visuelle de l&rsquo;observateur. <\/span><\/p>\n<p><span dir=\"auto\">En r\u00e9sum\u00e9, l&rsquo;enseigne murale Flat Line de couleur argent\u00e9e avec des profils en aluminium anodis\u00e9 et une protection en m\u00e9thacrylate transparent est une solution moderne, polyvalente et conviviale, id\u00e9ale pour tous les besoins en mati\u00e8re de signalisation int\u00e9rieure et ext\u00e9rieure, alliant style, praticit\u00e9 et qualit\u00e9.<\/span><\/p>\n<h3>CARACT\u00c9RISTIQUES:<\/h3>\n<ul>\n<li>Plaque murale avec cha\u00eene plate ;<\/li>\n<li>Mat\u00e9riau : aluminium ;<\/li>\n<li>Couleur : argent ;<\/li>\n<li>Feuille de protection en m\u00e9thacrylate transparent ;<\/li>\n<li>Trous pour un montage mural dissimul\u00e9 ;<\/li>\n<li>Gestion graphique interchangeable ;<\/li>\n<li>Ouverture de la glissi\u00e8re ;<\/li>\n<li>Fixation murale \u00e0 l&rsquo;aide d&rsquo;un ruban adh\u00e9sif double face ou de vis et de chevilles.<\/li>\n<\/ul>\n<p>Tailles disponibles :<\/p>\n<table style=\"width: 39.7467%; height: 478px; background-color: #ffffff; border: 2px solid #000000;\" border=\"2\">\n<tbody>\n<tr>\n<th style=\"text-align: center;\" scope=\"col\"><strong>CODE<\/strong><\/th>\n<th style=\"text-align: center;\" scope=\"col\"><strong>ZONE VISIBLE<\/strong><\/th>\n<th style=\"text-align: center;\" scope=\"col\"><strong>DIM. STRUCTURE <\/strong><\/th>\n<\/tr>\n<tr>\n<td style=\"text-align: left;\">STR-FLT-P1015<\/td>\n<td style=\"text-align: center;\">10&#215;15 cm. (format A6)<\/td>\n<td style=\"text-align: center;\">10,4&#215;15,4&#215;0,5 cm.<\/td>\n<\/tr>\n<tr>\n<td style=\"text-align: left;\">STR-FLT-P1050<\/td>\n<td style=\"text-align: center;\">10&#215;50 cm.<\/td>\n<td style=\"text-align: center;\">10.4&#215;50.4&#215;0.5 cm.<\/td>\n<\/tr>\n<tr>\n<td style=\"text-align: left;\">STR-FLT-P1070<\/td>\n<td style=\"text-align: center;\">10&#215;70 cm.<\/td>\n<td style=\"text-align: center;\">10.4&#215;70.4&#215;0.5 cm.<\/td>\n<\/tr>\n<tr>\n<td style=\"text-align: left;\">STR-FLT-P10100<\/td>\n<td style=\"text-align: center;\">10&#215;100 cm.<\/td>\n<td style=\"text-align: center;\">10.4&#215;100.4&#215;0.5 cm.<\/td>\n<\/tr>\n<tr>\n<td style=\"text-align: left;\">STR-FLT-P1515<\/td>\n<td style=\"text-align: center;\">15&#215;15 cm.<\/td>\n<td style=\"text-align: center;\">15.4&#215;15.4&#215;0.5 cm.<\/td>\n<\/tr>\n<tr>\n<td style=\"text-align: left;\">STR-FLT-P1521<\/td>\n<td style=\"text-align: center;\">15&#215;21 cm. (format A5)<\/td>\n<td style=\"text-align: center;\">15,4&#215;21,4&#215;0,5 cm<\/td>\n<\/tr>\n<tr>\n<td style=\"text-align: left;\">STR-FLT-P1570<\/td>\n<td style=\"text-align: center;\">15&#215;70 cm.<\/td>\n<td style=\"text-align: center;\">15.4&#215;70.4&#215;0.5 cm.<\/td>\n<\/tr>\n<tr>\n<td style=\"text-align: left;\">STR-FLT-P15100<\/td>\n<td style=\"text-align: center;\">15&#215;100 cm.<\/td>\n<td style=\"text-align: center;\">15.4&#215;100.4&#215;0.5 cm.<\/td>\n<\/tr>\n<tr>\n<td style=\"text-align: left;\">STR-FLT-P2130<\/td>\n<td style=\"text-align: center;\">21&#215;30 cm. (format A4)<\/td>\n<td style=\"text-align: center;\">21.4&#215;30.4&#215;0.5 cm<\/td>\n<\/tr>\n<tr>\n<td style=\"text-align: left;\">STR-FLT-P2170<\/td>\n<td style=\"text-align: center;\">21&#215;70 cm<\/td>\n<td style=\"text-align: center;\">21.4&#215;70.4&#215;0.5 cm<\/td>\n<\/tr>\n<tr>\n<td style=\"text-align: left;\">STR-FLT-P21100<\/td>\n<td style=\"text-align: center;\">21&#215;1000 cm<\/td>\n<td style=\"text-align: center;\">21.4&#215;100.4&#215;0.5 cm<\/td>\n<\/tr>\n<tr>\n<td style=\"text-align: left;\">STR-FLT-P3042<\/td>\n<td style=\"text-align: center;\">30&#215;42 cm. (format A3)<\/td>\n<td style=\"text-align: center;\">30,4&#215;42,4&#215;0,5 cm.<\/td>\n<\/tr>\n<tr>\n<td style=\"text-align: left;\">STR-FLT-PA2<\/td>\n<td style=\"text-align: center;\">42&#215;60 cm. (f.\u00e0 A2)<\/td>\n<td style=\"text-align: center;\">42,4&#215;60,4&#215;0,5 cm.<\/td>\n<\/tr>\n<tr>\n<td style=\"text-align: left;\">STR-FLT-P5070<\/td>\n<td style=\"text-align: center;\">50&#215;70 cm.<\/td>\n<td style=\"text-align: center;\">50.4&#215;70.4&#215;0.5 cm.<\/td>\n<\/tr>\n<tr>\n<td style=\"text-align: left;\">STR-FLT-P70100<\/td>\n<td style=\"text-align: center;\">70&#215;100 cm.<\/td>\n<td style=\"text-align: center;\">70.4&#215;100.4&#215;0.5 cm.<\/td>\n<\/tr>\n<\/tbody>\n<\/table>\n<p>&nbsp;<\/p>\n<h4 style=\"text-align: center;\">Voir tous les autres mod\u00e8les sur ce <span style=\"color: #ff0000;\"><a style=\"color: #ff0000;\" href=\"https:\/\/www.smartystore.it\/fr\/categoria-prodotto\/signalisation-dentreprise\/signalisation-commerciale\/\" target=\"_blank\" rel=\"noopener\">LIEN<\/a><\/span><\/h4>\n<p>&nbsp;<\/p>\n<p><a href=\"https:\/\/www.smartystore.it\/v25\/wp-content\/uploads\/2026\/03\/STR-FLT-P.pdf\" target=\"_blank\" rel=\"noopener\"><img loading=\"lazy\" decoding=\"async\" class=\"alignnone size-full wp-image-93672\" src=\"https:\/\/www.smartystore.it\/v25\/wp-content\/uploads\/2023\/11\/LogoDownload_yellow.jpg\" alt=\"\" width=\"50\" height=\"50\" \/><\/a> <a href=\"https:\/\/www.smartystore.it\/v25\/wp-content\/uploads\/2026\/03\/STR-FLT-P.pdf\" target=\"_blank\" rel=\"noopener\"><strong>FICHE TECHNIQUE<\/strong><\/a><\/p>\n","protected":false},"excerpt":{"rendered":"<p>Plaque murale ultra-mince en aluminium anodis\u00e9. Disponible en plusieurs tailles.<\/p>\n","protected":false},"featured_media":98521,"comment_status":"open","ping_status":"closed","template":"","meta":{"_acf_changed":false},"pwb-brand":[],"product_brand":[],"product_cat":[3672,3670],"product_tag":[6662,6680,6780,6661,6779,6679,6664,6663],"class_list":{"0":"post-98567","1":"product","2":"type-product","3":"status-publish","4":"has-post-thumbnail","6":"product_cat-signalisation-commerciale","7":"product_cat-signalisation-dentreprise","8":"product_tag-assiette-de-plein-air","9":"product_tag-plaque-avec-pvc-antireflet","10":"product_tag-plaque-hors-porte-ligne-plate","11":"product_tag-plaque-murale","12":"product_tag-plaque-plate","13":"product_tag-plaque-pour-graphiques-interchangeables","14":"product_tag-signalisation-dentreprise-a-linterieur","15":"product_tag-signalisation-de-lentreprise","16":"pa_c2c_angolo-vif","17":"pa_c2c_color-argent","18":"pa_c2c_colorefondo-argent","19":"pa_c2c_dimensione-10x100-cm","20":"pa_c2c_dimensione-10x15-cm","21":"pa_c2c_dimensione-10x50-cm","22":"pa_c2c_dimensione-15x15-cm","23":"pa_c2c_dimensione-15x21-cm","24":"pa_c2c_dimensione-21x100-cm","25":"pa_c2c_dimensione-21x30-cm","26":"pa_c2c_dimensione-21x70-cm","27":"pa_c2c_dimensione-70x100-cm","28":"pa_c2c_dimensione-cm-10x70","29":"pa_c2c_dimensione-cm-15x100","30":"pa_c2c_dimensione-cm-15x70","31":"pa_c2c_dimensione-cm-30x42","32":"pa_c2c_dimensione-cm-42x60","33":"pa_c2c_dimensione-cm-50x70-fr","34":"pa_c2c_mono_bifacciale-simple-face","35":"pa_c2c_stampa-non","36":"pa_c2c_trovraprezzi-oui","37":"pa_tipo-di-utilizzo-interieur","39":"first","40":"instock","41":"taxable","42":"shipping-taxable","43":"purchasable","44":"product-type-variable"},"acf":[],"yoast_head":"<!-- This site is optimized with the Yoast SEO plugin v27.0 - https:\/\/yoast.com\/product\/yoast-seo-wordpress\/ -->\n<title>Plaque murale Flat Line - Smarty Store Acheter au Meilleur Prix<\/title>\n<meta name=\"description\" content=\"Plaque murale Flat-line en aluminium argent\u00e9 et au design ultraplat. Disponible en diff\u00e9rentes tailles. Livr\u00e9e avec un film de protection transparent.\" \/>\n<meta name=\"robots\" content=\"index, follow, max-snippet:-1, max-image-preview:large, max-video-preview:-1\" \/>\n<link rel=\"canonical\" href=\"https:\/\/www.smartystore.it\/fr\/prodotto\/plaque-murale-flat-line\/\" \/>\n<meta property=\"og:locale\" content=\"fr_FR\" \/>\n<meta property=\"og:type\" content=\"article\" \/>\n<meta property=\"og:title\" content=\"Plaque murale Flat Line - Smarty Store Acheter au Meilleur Prix\" \/>\n<meta property=\"og:description\" content=\"Plaque murale Flat-line en aluminium argent\u00e9 et au design ultraplat. Disponible en diff\u00e9rentes tailles. Livr\u00e9e avec un film de protection transparent.\" \/>\n<meta property=\"og:url\" content=\"https:\/\/www.smartystore.it\/fr\/prodotto\/plaque-murale-flat-line\/\" \/>\n<meta property=\"og:site_name\" content=\"Smarty Store\" \/>\n<meta property=\"article:publisher\" content=\"https:\/\/www.facebook.com\/smartystore.it\/\" \/>\n<meta property=\"article:modified_time\" content=\"2026-03-25T09:49:46+00:00\" \/>\n<meta property=\"og:image\" content=\"https:\/\/www.smartystore.it\/v25\/wp-content\/uploads\/2019\/12\/Targa-a-parete-segnaletica-interna-design-ultra-piatta.jpg\" \/>\n\t<meta property=\"og:image:width\" content=\"1000\" \/>\n\t<meta property=\"og:image:height\" content=\"1000\" \/>\n\t<meta property=\"og:image:type\" content=\"image\/jpeg\" \/>\n<meta name=\"twitter:card\" content=\"summary_large_image\" \/>\n<meta name=\"twitter:site\" content=\"@smartystore\" \/>\n<meta name=\"twitter:label1\" content=\"Dur\u00e9e de lecture estim\u00e9e\" \/>\n\t<meta name=\"twitter:data1\" content=\"4 minutes\" \/>\n<script type=\"application\/ld+json\" class=\"yoast-schema-graph\">{\"@context\":\"https:\/\/schema.org\",\"@graph\":[{\"@type\":\"WebPage\",\"@id\":\"https:\/\/www.smartystore.it\/fr\/prodotto\/plaque-murale-flat-line\/\",\"url\":\"https:\/\/www.smartystore.it\/fr\/prodotto\/plaque-murale-flat-line\/\",\"name\":\"Plaque murale Flat Line - Smarty Store Acheter au Meilleur Prix\",\"isPartOf\":{\"@id\":\"https:\/\/www.smartystore.it\/fr\/#website\"},\"primaryImageOfPage\":{\"@id\":\"https:\/\/www.smartystore.it\/fr\/prodotto\/plaque-murale-flat-line\/#primaryimage\"},\"image\":{\"@id\":\"https:\/\/www.smartystore.it\/fr\/prodotto\/plaque-murale-flat-line\/#primaryimage\"},\"thumbnailUrl\":\"https:\/\/www.smartystore.it\/v25\/wp-content\/uploads\/2019\/12\/Targa-a-parete-segnaletica-interna-design-ultra-piatta.jpg\",\"datePublished\":\"2019-12-02T13:49:11+00:00\",\"dateModified\":\"2026-03-25T09:49:46+00:00\",\"description\":\"Plaque murale Flat-line en aluminium argent\u00e9 et au design ultraplat. Disponible en diff\u00e9rentes tailles. Livr\u00e9e avec un film de protection transparent.\",\"breadcrumb\":{\"@id\":\"https:\/\/www.smartystore.it\/fr\/prodotto\/plaque-murale-flat-line\/#breadcrumb\"},\"inLanguage\":\"fr-FR\",\"potentialAction\":[{\"@type\":\"ReadAction\",\"target\":[\"https:\/\/www.smartystore.it\/fr\/prodotto\/plaque-murale-flat-line\/\"]}]},{\"@type\":\"ImageObject\",\"inLanguage\":\"fr-FR\",\"@id\":\"https:\/\/www.smartystore.it\/fr\/prodotto\/plaque-murale-flat-line\/#primaryimage\",\"url\":\"https:\/\/www.smartystore.it\/v25\/wp-content\/uploads\/2019\/12\/Targa-a-parete-segnaletica-interna-design-ultra-piatta.jpg\",\"contentUrl\":\"https:\/\/www.smartystore.it\/v25\/wp-content\/uploads\/2019\/12\/Targa-a-parete-segnaletica-interna-design-ultra-piatta.jpg\",\"width\":1000,\"height\":1000,\"caption\":\"Plaque murale Flat Line\"},{\"@type\":\"BreadcrumbList\",\"@id\":\"https:\/\/www.smartystore.it\/fr\/prodotto\/plaque-murale-flat-line\/#breadcrumb\",\"itemListElement\":[{\"@type\":\"ListItem\",\"position\":1,\"name\":\"Accueil\",\"item\":\"https:\/\/www.smartystore.it\/fr\/\"},{\"@type\":\"ListItem\",\"position\":2,\"name\":\"Boutique\",\"item\":\"https:\/\/www.smartystore.it\/fr\/boutique\/\"},{\"@type\":\"ListItem\",\"position\":3,\"name\":\"Plaque murale Flat Line\"}]},{\"@type\":\"WebSite\",\"@id\":\"https:\/\/www.smartystore.it\/fr\/#website\",\"url\":\"https:\/\/www.smartystore.it\/fr\/\",\"name\":\"Smarty Store\",\"description\":\"Espositori Pubblicitari e Sistemi di Comunicazione Visiva\",\"potentialAction\":[{\"@type\":\"SearchAction\",\"target\":{\"@type\":\"EntryPoint\",\"urlTemplate\":\"https:\/\/www.smartystore.it\/fr\/?s={search_term_string}\"},\"query-input\":{\"@type\":\"PropertyValueSpecification\",\"valueRequired\":true,\"valueName\":\"search_term_string\"}}],\"inLanguage\":\"fr-FR\"}]}<\/script>\n<!-- \/ Yoast SEO plugin. -->","yoast_head_json":{"title":"Plaque murale Flat Line - Smarty Store Acheter au Meilleur Prix","description":"Plaque murale Flat-line en aluminium argent\u00e9 et au design ultraplat. Disponible en diff\u00e9rentes tailles. Livr\u00e9e avec un film de protection transparent.","robots":{"index":"index","follow":"follow","max-snippet":"max-snippet:-1","max-image-preview":"max-image-preview:large","max-video-preview":"max-video-preview:-1"},"canonical":"https:\/\/www.smartystore.it\/fr\/prodotto\/plaque-murale-flat-line\/","og_locale":"fr_FR","og_type":"article","og_title":"Plaque murale Flat Line - Smarty Store Acheter au Meilleur Prix","og_description":"Plaque murale Flat-line en aluminium argent\u00e9 et au design ultraplat. Disponible en diff\u00e9rentes tailles. Livr\u00e9e avec un film de protection transparent.","og_url":"https:\/\/www.smartystore.it\/fr\/prodotto\/plaque-murale-flat-line\/","og_site_name":"Smarty Store","article_publisher":"https:\/\/www.facebook.com\/smartystore.it\/","article_modified_time":"2026-03-25T09:49:46+00:00","og_image":[{"width":1000,"height":1000,"url":"https:\/\/www.smartystore.it\/v25\/wp-content\/uploads\/2019\/12\/Targa-a-parete-segnaletica-interna-design-ultra-piatta.jpg","type":"image\/jpeg"}],"twitter_card":"summary_large_image","twitter_site":"@smartystore","twitter_misc":{"Dur\u00e9e de lecture estim\u00e9e":"4 minutes"},"schema":{"@context":"https:\/\/schema.org","@graph":[{"@type":"WebPage","@id":"https:\/\/www.smartystore.it\/fr\/prodotto\/plaque-murale-flat-line\/","url":"https:\/\/www.smartystore.it\/fr\/prodotto\/plaque-murale-flat-line\/","name":"Plaque murale Flat Line - Smarty Store Acheter au Meilleur Prix","isPartOf":{"@id":"https:\/\/www.smartystore.it\/fr\/#website"},"primaryImageOfPage":{"@id":"https:\/\/www.smartystore.it\/fr\/prodotto\/plaque-murale-flat-line\/#primaryimage"},"image":{"@id":"https:\/\/www.smartystore.it\/fr\/prodotto\/plaque-murale-flat-line\/#primaryimage"},"thumbnailUrl":"https:\/\/www.smartystore.it\/v25\/wp-content\/uploads\/2019\/12\/Targa-a-parete-segnaletica-interna-design-ultra-piatta.jpg","datePublished":"2019-12-02T13:49:11+00:00","dateModified":"2026-03-25T09:49:46+00:00","description":"Plaque murale Flat-line en aluminium argent\u00e9 et au design ultraplat. Disponible en diff\u00e9rentes tailles. Livr\u00e9e avec un film de protection transparent.","breadcrumb":{"@id":"https:\/\/www.smartystore.it\/fr\/prodotto\/plaque-murale-flat-line\/#breadcrumb"},"inLanguage":"fr-FR","potentialAction":[{"@type":"ReadAction","target":["https:\/\/www.smartystore.it\/fr\/prodotto\/plaque-murale-flat-line\/"]}]},{"@type":"ImageObject","inLanguage":"fr-FR","@id":"https:\/\/www.smartystore.it\/fr\/prodotto\/plaque-murale-flat-line\/#primaryimage","url":"https:\/\/www.smartystore.it\/v25\/wp-content\/uploads\/2019\/12\/Targa-a-parete-segnaletica-interna-design-ultra-piatta.jpg","contentUrl":"https:\/\/www.smartystore.it\/v25\/wp-content\/uploads\/2019\/12\/Targa-a-parete-segnaletica-interna-design-ultra-piatta.jpg","width":1000,"height":1000,"caption":"Plaque murale Flat Line"},{"@type":"BreadcrumbList","@id":"https:\/\/www.smartystore.it\/fr\/prodotto\/plaque-murale-flat-line\/#breadcrumb","itemListElement":[{"@type":"ListItem","position":1,"name":"Accueil","item":"https:\/\/www.smartystore.it\/fr\/"},{"@type":"ListItem","position":2,"name":"Boutique","item":"https:\/\/www.smartystore.it\/fr\/boutique\/"},{"@type":"ListItem","position":3,"name":"Plaque murale Flat Line"}]},{"@type":"WebSite","@id":"https:\/\/www.smartystore.it\/fr\/#website","url":"https:\/\/www.smartystore.it\/fr\/","name":"Smarty Store","description":"Espositori Pubblicitari e Sistemi di Comunicazione Visiva","potentialAction":[{"@type":"SearchAction","target":{"@type":"EntryPoint","urlTemplate":"https:\/\/www.smartystore.it\/fr\/?s={search_term_string}"},"query-input":{"@type":"PropertyValueSpecification","valueRequired":true,"valueName":"search_term_string"}}],"inLanguage":"fr-FR"}]}},"brands":[],"_links":{"self":[{"href":"https:\/\/www.smartystore.it\/fr\/wp-json\/wp\/v2\/product\/98567","targetHints":{"allow":["GET"]}}],"collection":[{"href":"https:\/\/www.smartystore.it\/fr\/wp-json\/wp\/v2\/product"}],"about":[{"href":"https:\/\/www.smartystore.it\/fr\/wp-json\/wp\/v2\/types\/product"}],"replies":[{"embeddable":true,"href":"https:\/\/www.smartystore.it\/fr\/wp-json\/wp\/v2\/comments?post=98567"}],"wp:featuredmedia":[{"embeddable":true,"href":"https:\/\/www.smartystore.it\/fr\/wp-json\/wp\/v2\/media\/98521"}],"wp:attachment":[{"href":"https:\/\/www.smartystore.it\/fr\/wp-json\/wp\/v2\/media?parent=98567"}],"wp:term":[{"taxonomy":"pwb-brand","embeddable":true,"href":"https:\/\/www.smartystore.it\/fr\/wp-json\/wp\/v2\/pwb-brand?post=98567"},{"taxonomy":"product_brand","embeddable":true,"href":"https:\/\/www.smartystore.it\/fr\/wp-json\/wp\/v2\/product_brand?post=98567"},{"taxonomy":"product_cat","embeddable":true,"href":"https:\/\/www.smartystore.it\/fr\/wp-json\/wp\/v2\/product_cat?post=98567"},{"taxonomy":"product_tag","embeddable":true,"href":"https:\/\/www.smartystore.it\/fr\/wp-json\/wp\/v2\/product_tag?post=98567"}],"curies":[{"name":"wp","href":"https:\/\/api.w.org\/{rel}","templated":true}]}}