{"id":98494,"date":"2026-03-24T12:14:06","date_gmt":"2026-03-24T10:14:06","guid":{"rendered":"https:\/\/www.smartystore.it\/?post_type=product&#038;p=98494"},"modified":"2026-03-31T14:39:15","modified_gmt":"2026-03-31T12:39:15","slug":"mur-publicitaire-autoportant-double-face","status":"publish","type":"product","link":"https:\/\/www.smartystore.it\/fr\/prodotto\/mur-publicitaire-autoportant-double-face\/","title":{"rendered":"Mur publicitaire autoportant double face"},"content":{"rendered":"<div class=\"wpb-content-wrapper\"><p>[vc_row][vc_column][vc_column_text css=\u00a0\u00bb\u00a0\u00bb css_params=\u00a0\u00bb\u00a0\u00bb]<\/p>\n<h1>Mur publicitaire autoportant double face : une solution innovante pour une communication \u00e0 fort impact<\/h1>\n<p>Le mur publicitaire autoportant double face est une solution innovante et polyvalente pour une communication visuelle rapide et efficace. Compos\u00e9 d&rsquo;une structure en aluminium de haute qualit\u00e9, ce mur pr\u00e9sente une impression en quadrichromie sur tissu, disponible dans de nombreuses variantes de taille allant du compact 50&#215;100 cm \u00e0 l&rsquo;impressionnant 600&#215;250 cm.<\/p>\n<p>L&rsquo;un des principaux avantages de cette structure est la pr\u00e9sence d&rsquo;un message publicitaire sur les deux faces gr\u00e2ce au cadre exclusif. Cette caract\u00e9ristique maximise la visibilit\u00e9 du contenu, rendant la communication efficace sous tous les angles. Cette caract\u00e9ristique est particuli\u00e8rement utile dans les contextes \u00e0 forte circulation de pi\u00e9tons ou de v\u00e9hicules, o\u00f9 il est crucial de capter l&rsquo;attention de plusieurs directions.<\/p>\n<h2>Mur publicitaire autoportant double face : simple, rapide, pratique<\/h2>\n<p>La praticit\u00e9 du mur publicitaire se manifeste \u00e9galement par la possibilit\u00e9 de remplacer facilement les impressions gr\u00e2ce \u00e0 des panneaux textiles interchangeables. Le syst\u00e8me de montage avec des \u00e9lastiques en silicone permet d&rsquo;ins\u00e9rer rapidement le mat\u00e9riel graphique bord\u00e9 de caoutchouc dans le cadre sans avoir besoin d&rsquo;outils. Cette caract\u00e9ristique en fait une solution \u00e9conomique et flexible, id\u00e9ale pour les foires commerciales, les promotions temporaires ou les campagnes publicitaires saisonni\u00e8res, permettant de mettre \u00e0 jour le message rapidement et facilement.<\/p>\n<p>Le montage intuitif est un autre point fort du mur autoportant double face. Gr\u00e2ce \u00e0 des connecteurs sp\u00e9cialement con\u00e7us et \u00e0 des \u00e9l\u00e9ments marqu\u00e9s, le montage et le d\u00e9montage sont rapides et sans probl\u00e8me, ce qui permet une installation rapide en quelques minutes. Cela facilite grandement la pr\u00e9paration des espaces d&rsquo;exposition, en r\u00e9duisant le temps et les co\u00fbts logistiques.<\/p>\n<p>Les applications de cette solution sont multiples : dans les magasins et les centres de services, elle garantit une communication visuelle double et \u00e0 fort impact ; lors des foires et des expositions, elle devient un outil \u00e9l\u00e9gant et accrocheur pour la promotion des produits et des services ; dans les bureaux et lors des vid\u00e9oconf\u00e9rences, elle sert de toile de fond professionnelle qui met en valeur toute r\u00e9union virtuelle. En r\u00e9sum\u00e9, le mur publicitaire autoportant double face avec impression sur tissu est un investissement strat\u00e9gique pour ceux qui souhaitent disposer d&rsquo;un support publicitaire pratique, modulable et visuellement impressionnant.<\/p>\n<h3>Caract\u00e9ristiques<\/h3>\n<ul>\n<li>Mur autoportant en aluminium<\/li>\n<li>Impression par sublimation recto-verso sur un tissu tr\u00e8s r\u00e9sistant<\/li>\n<li>Assemblage par encliquetage avec cl\u00e9 Allen<\/li>\n<li>Pieds en aluminium peint<\/li>\n<li>Mat\u00e9riau : aluminium<\/li>\n<li>Impression sur tissu des deux c\u00f4t\u00e9s<\/li>\n<li>Dimensions Hauteur : variable de cm. 100 \u00e0 cm. 250<\/li>\n<li>Dimensions Largeur : variable de cm. 50 \u00e0 cm. 600<\/li>\n<li>Dimensions Profondeur : 50 cm avec pieds de support<\/li>\n<li>Poids : variable de 8,0 kg \u00e0 53,0 kg<\/li>\n<\/ul>\n<p>&nbsp;<\/p>\n<h3>INSTRUCTIONS POUR LE FICHIER GRAPHIQUE<\/h3>\n<p>Le fichier \u00e0 imprimer doit avoir les m\u00eames dimensions que le mur que vous souhaitez plus <strong>2,0 cm d&rsquo;abondance par c\u00f4t\u00e9.<\/strong> Par exemple, pour le mur 150&#215;250, la taille des graphiques sera de <strong>152&#215;252 cm<\/strong>.<br \/>\nAfin de ne pas atteindre le bord ext\u00e9rieur, nous recommandons une marge int\u00e9rieure d&rsquo;<strong>au moins 3,0 cm.<\/strong> Par exemple, pour le m\u00eame mur, le texte et les graphiques seront dans la limite de <strong>147&#215;247 cm.<\/strong><\/p>\n<p>Une fois le graphisme termin\u00e9, exportez le tout vers un <strong>fichier PDF d&rsquo;<\/strong> une r\u00e9solution d&rsquo;<strong>au moins 150 dpi<\/strong>, avec des <strong>couleurs en quadrichromie<\/strong> (CYMK) et tous les <strong>textes convertis en calques<\/strong> pour ne pas avoir de probl\u00e8mes avec les polices de caract\u00e8res.<\/p>\n<p>Le fichier doit \u00eatre envoy\u00e9 \u00e0 <strong>grafica@smartystore.it<\/strong> en mentionnant le num\u00e9ro de commande. Pour les fichiers de <strong>plus de 5 Mo, utilisez wetransfer.com<\/strong> pour effectuer le transfert.<\/p>\n<p>&nbsp;<\/p>\n<p>Voir tous les mod\u00e8les de murs disponibles sur ce LIEN[\/vc_column_text][\/vc_column][\/vc_row]<\/p>\n<\/div>","protected":false},"excerpt":{"rendered":"<p>Mur publicitaire autoportant double face avec impression sur tissu bord\u00e9 d&rsquo;un \u0153illet, disponible en diff\u00e9rents formats de 50&#215;100 \u00e0 600&#215;250 cm.<\/p>\n","protected":false},"featured_media":98725,"comment_status":"open","ping_status":"closed","template":"","meta":{"_acf_changed":false},"pwb-brand":[],"product_brand":[],"product_cat":[6100],"product_tag":[6864,6866,6863,6870,6865,6869,6873,6874,6867,6871,6872,6868],"class_list":{"0":"post-98494","1":"product","2":"type-product","3":"status-publish","4":"has-post-thumbnail","6":"product_cat-presentoirs-en-tissu-caisson-lumineux","7":"product_tag-cloison-de-separation-imprimee-en-tissu","8":"product_tag-mur-double-face-differentes-tailles","9":"product_tag-mur-publicitaire-autoportant-double-face","10":"product_tag-mur-publicitaire-pour-les-foires","11":"product_tag-mur-totem-double-face","12":"product_tag-mur-transportable-double-face","13":"product_tag-panneau-autoportant-avec-impression-sur-tissu","14":"product_tag-panneau-publicitaire-double-face-en-tissu","15":"product_tag-presentoir-double-face-autoportant","16":"product_tag-presentoir-publicitaire-pour-les-foires-commerciales","17":"product_tag-toile-de-fond-autoportante-pour-les-interviews","18":"product_tag-toile-de-fond-imprimee","19":"pa_c2c_dimensione-100x200-cm","20":"pa_c2c_dimensione-200x200-cm","21":"pa_c2c_dimensione-200x250-cm","22":"pa_c2c_dimensione-300x200-cm","23":"pa_c2c_dimensione-300x250-cm","24":"pa_c2c_dimensione-400x200-cm","25":"pa_c2c_dimensione-400x250-cm","26":"pa_c2c_dimensione-500x200-cm","27":"pa_c2c_dimensione-500x250-cm","28":"pa_c2c_dimensione-50x100-cm","29":"pa_c2c_dimensione-50x200-cm","30":"pa_c2c_dimensione-600x200-cm","31":"pa_c2c_dimensione-600x250-cm","32":"pa_c2c_dimensione-80x200-cm","34":"first","35":"instock","36":"taxable","37":"shipping-taxable","38":"purchasable","39":"product-type-variable"},"acf":[],"yoast_head":"<!-- This site is optimized with the Yoast SEO plugin v27.0 - https:\/\/yoast.com\/product\/yoast-seo-wordpress\/ -->\n<title>Mur publicitaire autoportant double face - Achetez au Meilleur Prix<\/title>\n<meta name=\"description\" content=\"Mur publicitaire autoportant double face avec impression sur tissu. Montage simple et rapide. Disponible en plusieurs tailles. Maintenant sur SmartyStore.it\" \/>\n<meta name=\"robots\" content=\"index, follow, max-snippet:-1, max-image-preview:large, max-video-preview:-1\" \/>\n<link rel=\"canonical\" href=\"https:\/\/www.smartystore.it\/fr\/prodotto\/mur-publicitaire-autoportant-double-face\/\" \/>\n<meta property=\"og:locale\" content=\"fr_FR\" \/>\n<meta property=\"og:type\" content=\"article\" \/>\n<meta property=\"og:title\" content=\"Mur publicitaire autoportant double face - Achetez au Meilleur Prix\" \/>\n<meta property=\"og:description\" content=\"Mur publicitaire autoportant double face avec impression sur tissu. Montage simple et rapide. Disponible en plusieurs tailles. Maintenant sur SmartyStore.it\" \/>\n<meta property=\"og:url\" content=\"https:\/\/www.smartystore.it\/fr\/prodotto\/mur-publicitaire-autoportant-double-face\/\" \/>\n<meta property=\"og:site_name\" content=\"Smarty Store\" \/>\n<meta property=\"article:modified_time\" content=\"2026-03-31T12:39:15+00:00\" \/>\n<meta property=\"og:image\" content=\"https:\/\/www.smartystore.it\/v25\/wp-content\/uploads\/2026\/03\/Parete-fondale-autoportante-bifacciale-stampa-su-tessuto-SAD-PPT45-1.jpg\" \/>\n\t<meta property=\"og:image:width\" content=\"1000\" \/>\n\t<meta property=\"og:image:height\" content=\"1000\" \/>\n\t<meta property=\"og:image:type\" content=\"image\/jpeg\" \/>\n<meta name=\"twitter:card\" content=\"summary_large_image\" \/>\n<meta name=\"twitter:label1\" content=\"Dur\u00e9e de lecture estim\u00e9e\" \/>\n\t<meta name=\"twitter:data1\" content=\"4 minutes\" \/>\n<script type=\"application\/ld+json\" class=\"yoast-schema-graph\">{\"@context\":\"https:\/\/schema.org\",\"@graph\":[{\"@type\":\"WebPage\",\"@id\":\"https:\/\/www.smartystore.it\/fr\/prodotto\/mur-publicitaire-autoportant-double-face\/\",\"url\":\"https:\/\/www.smartystore.it\/fr\/prodotto\/mur-publicitaire-autoportant-double-face\/\",\"name\":\"Mur publicitaire autoportant double face - Achetez au Meilleur Prix\",\"isPartOf\":{\"@id\":\"https:\/\/www.smartystore.it\/fr\/#website\"},\"primaryImageOfPage\":{\"@id\":\"https:\/\/www.smartystore.it\/fr\/prodotto\/mur-publicitaire-autoportant-double-face\/#primaryimage\"},\"image\":{\"@id\":\"https:\/\/www.smartystore.it\/fr\/prodotto\/mur-publicitaire-autoportant-double-face\/#primaryimage\"},\"thumbnailUrl\":\"https:\/\/www.smartystore.it\/v25\/wp-content\/uploads\/2026\/03\/Parete-fondale-autoportante-bifacciale-stampa-su-tessuto-SAD-PPT45-1.jpg\",\"datePublished\":\"2026-03-24T10:14:06+00:00\",\"dateModified\":\"2026-03-31T12:39:15+00:00\",\"description\":\"Mur publicitaire autoportant double face avec impression sur tissu. Montage simple et rapide. Disponible en plusieurs tailles. Maintenant sur SmartyStore.it\",\"breadcrumb\":{\"@id\":\"https:\/\/www.smartystore.it\/fr\/prodotto\/mur-publicitaire-autoportant-double-face\/#breadcrumb\"},\"inLanguage\":\"fr-FR\",\"potentialAction\":[{\"@type\":\"ReadAction\",\"target\":[\"https:\/\/www.smartystore.it\/fr\/prodotto\/mur-publicitaire-autoportant-double-face\/\"]}]},{\"@type\":\"ImageObject\",\"inLanguage\":\"fr-FR\",\"@id\":\"https:\/\/www.smartystore.it\/fr\/prodotto\/mur-publicitaire-autoportant-double-face\/#primaryimage\",\"url\":\"https:\/\/www.smartystore.it\/v25\/wp-content\/uploads\/2026\/03\/Parete-fondale-autoportante-bifacciale-stampa-su-tessuto-SAD-PPT45-1.jpg\",\"contentUrl\":\"https:\/\/www.smartystore.it\/v25\/wp-content\/uploads\/2026\/03\/Parete-fondale-autoportante-bifacciale-stampa-su-tessuto-SAD-PPT45-1.jpg\",\"width\":1000,\"height\":1000,\"caption\":\"Parete Pubblicitaria Autoportante Bifacciale in varie dimensioni\"},{\"@type\":\"BreadcrumbList\",\"@id\":\"https:\/\/www.smartystore.it\/fr\/prodotto\/mur-publicitaire-autoportant-double-face\/#breadcrumb\",\"itemListElement\":[{\"@type\":\"ListItem\",\"position\":1,\"name\":\"Home\",\"item\":\"https:\/\/www.smartystore.it\/fr\/\"},{\"@type\":\"ListItem\",\"position\":2,\"name\":\"Boutique\",\"item\":\"https:\/\/www.smartystore.it\/fr\/boutique\/\"},{\"@type\":\"ListItem\",\"position\":3,\"name\":\"Mur publicitaire autoportant double face\"}]},{\"@type\":\"WebSite\",\"@id\":\"https:\/\/www.smartystore.it\/fr\/#website\",\"url\":\"https:\/\/www.smartystore.it\/fr\/\",\"name\":\"Smarty Store\",\"description\":\"Espositori Pubblicitari e Sistemi di Comunicazione Visiva\",\"potentialAction\":[{\"@type\":\"SearchAction\",\"target\":{\"@type\":\"EntryPoint\",\"urlTemplate\":\"https:\/\/www.smartystore.it\/fr\/?s={search_term_string}\"},\"query-input\":{\"@type\":\"PropertyValueSpecification\",\"valueRequired\":true,\"valueName\":\"search_term_string\"}}],\"inLanguage\":\"fr-FR\"}]}<\/script>\n<!-- \/ Yoast SEO plugin. -->","yoast_head_json":{"title":"Mur publicitaire autoportant double face - Achetez au Meilleur Prix","description":"Mur publicitaire autoportant double face avec impression sur tissu. Montage simple et rapide. Disponible en plusieurs tailles. Maintenant sur SmartyStore.it","robots":{"index":"index","follow":"follow","max-snippet":"max-snippet:-1","max-image-preview":"max-image-preview:large","max-video-preview":"max-video-preview:-1"},"canonical":"https:\/\/www.smartystore.it\/fr\/prodotto\/mur-publicitaire-autoportant-double-face\/","og_locale":"fr_FR","og_type":"article","og_title":"Mur publicitaire autoportant double face - Achetez au Meilleur Prix","og_description":"Mur publicitaire autoportant double face avec impression sur tissu. Montage simple et rapide. Disponible en plusieurs tailles. Maintenant sur SmartyStore.it","og_url":"https:\/\/www.smartystore.it\/fr\/prodotto\/mur-publicitaire-autoportant-double-face\/","og_site_name":"Smarty Store","article_modified_time":"2026-03-31T12:39:15+00:00","og_image":[{"width":1000,"height":1000,"url":"https:\/\/www.smartystore.it\/v25\/wp-content\/uploads\/2026\/03\/Parete-fondale-autoportante-bifacciale-stampa-su-tessuto-SAD-PPT45-1.jpg","type":"image\/jpeg"}],"twitter_card":"summary_large_image","twitter_misc":{"Dur\u00e9e de lecture estim\u00e9e":"4 minutes"},"schema":{"@context":"https:\/\/schema.org","@graph":[{"@type":"WebPage","@id":"https:\/\/www.smartystore.it\/fr\/prodotto\/mur-publicitaire-autoportant-double-face\/","url":"https:\/\/www.smartystore.it\/fr\/prodotto\/mur-publicitaire-autoportant-double-face\/","name":"Mur publicitaire autoportant double face - Achetez au Meilleur Prix","isPartOf":{"@id":"https:\/\/www.smartystore.it\/fr\/#website"},"primaryImageOfPage":{"@id":"https:\/\/www.smartystore.it\/fr\/prodotto\/mur-publicitaire-autoportant-double-face\/#primaryimage"},"image":{"@id":"https:\/\/www.smartystore.it\/fr\/prodotto\/mur-publicitaire-autoportant-double-face\/#primaryimage"},"thumbnailUrl":"https:\/\/www.smartystore.it\/v25\/wp-content\/uploads\/2026\/03\/Parete-fondale-autoportante-bifacciale-stampa-su-tessuto-SAD-PPT45-1.jpg","datePublished":"2026-03-24T10:14:06+00:00","dateModified":"2026-03-31T12:39:15+00:00","description":"Mur publicitaire autoportant double face avec impression sur tissu. Montage simple et rapide. Disponible en plusieurs tailles. Maintenant sur SmartyStore.it","breadcrumb":{"@id":"https:\/\/www.smartystore.it\/fr\/prodotto\/mur-publicitaire-autoportant-double-face\/#breadcrumb"},"inLanguage":"fr-FR","potentialAction":[{"@type":"ReadAction","target":["https:\/\/www.smartystore.it\/fr\/prodotto\/mur-publicitaire-autoportant-double-face\/"]}]},{"@type":"ImageObject","inLanguage":"fr-FR","@id":"https:\/\/www.smartystore.it\/fr\/prodotto\/mur-publicitaire-autoportant-double-face\/#primaryimage","url":"https:\/\/www.smartystore.it\/v25\/wp-content\/uploads\/2026\/03\/Parete-fondale-autoportante-bifacciale-stampa-su-tessuto-SAD-PPT45-1.jpg","contentUrl":"https:\/\/www.smartystore.it\/v25\/wp-content\/uploads\/2026\/03\/Parete-fondale-autoportante-bifacciale-stampa-su-tessuto-SAD-PPT45-1.jpg","width":1000,"height":1000,"caption":"Parete Pubblicitaria Autoportante Bifacciale in varie dimensioni"},{"@type":"BreadcrumbList","@id":"https:\/\/www.smartystore.it\/fr\/prodotto\/mur-publicitaire-autoportant-double-face\/#breadcrumb","itemListElement":[{"@type":"ListItem","position":1,"name":"Home","item":"https:\/\/www.smartystore.it\/fr\/"},{"@type":"ListItem","position":2,"name":"Boutique","item":"https:\/\/www.smartystore.it\/fr\/boutique\/"},{"@type":"ListItem","position":3,"name":"Mur publicitaire autoportant double face"}]},{"@type":"WebSite","@id":"https:\/\/www.smartystore.it\/fr\/#website","url":"https:\/\/www.smartystore.it\/fr\/","name":"Smarty Store","description":"Espositori Pubblicitari e Sistemi di Comunicazione Visiva","potentialAction":[{"@type":"SearchAction","target":{"@type":"EntryPoint","urlTemplate":"https:\/\/www.smartystore.it\/fr\/?s={search_term_string}"},"query-input":{"@type":"PropertyValueSpecification","valueRequired":true,"valueName":"search_term_string"}}],"inLanguage":"fr-FR"}]}},"brands":[],"_links":{"self":[{"href":"https:\/\/www.smartystore.it\/fr\/wp-json\/wp\/v2\/product\/98494","targetHints":{"allow":["GET"]}}],"collection":[{"href":"https:\/\/www.smartystore.it\/fr\/wp-json\/wp\/v2\/product"}],"about":[{"href":"https:\/\/www.smartystore.it\/fr\/wp-json\/wp\/v2\/types\/product"}],"replies":[{"embeddable":true,"href":"https:\/\/www.smartystore.it\/fr\/wp-json\/wp\/v2\/comments?post=98494"}],"wp:featuredmedia":[{"embeddable":true,"href":"https:\/\/www.smartystore.it\/fr\/wp-json\/wp\/v2\/media\/98725"}],"wp:attachment":[{"href":"https:\/\/www.smartystore.it\/fr\/wp-json\/wp\/v2\/media?parent=98494"}],"wp:term":[{"taxonomy":"pwb-brand","embeddable":true,"href":"https:\/\/www.smartystore.it\/fr\/wp-json\/wp\/v2\/pwb-brand?post=98494"},{"taxonomy":"product_brand","embeddable":true,"href":"https:\/\/www.smartystore.it\/fr\/wp-json\/wp\/v2\/product_brand?post=98494"},{"taxonomy":"product_cat","embeddable":true,"href":"https:\/\/www.smartystore.it\/fr\/wp-json\/wp\/v2\/product_cat?post=98494"},{"taxonomy":"product_tag","embeddable":true,"href":"https:\/\/www.smartystore.it\/fr\/wp-json\/wp\/v2\/product_tag?post=98494"}],"curies":[{"name":"wp","href":"https:\/\/api.w.org\/{rel}","templated":true}]}}