{"id":98453,"date":"2013-05-23T17:18:30","date_gmt":"2013-05-23T17:18:30","guid":{"rendered":"https:\/\/www.smartystore.it\/prodotto\/plaque-de-plafond-de-21-cm\/"},"modified":"2026-03-20T17:05:43","modified_gmt":"2026-03-20T15:05:43","slug":"plaque-de-plafond-de-21-cm","status":"publish","type":"product","link":"https:\/\/www.smartystore.it\/fr\/prodotto\/plaque-de-plafond-de-21-cm\/","title":{"rendered":"Plaque de plafond de 21 cm."},"content":{"rendered":"<h1>Plaque de plafond de 21 cm de haut<\/h1>\n<p><span dir=\"auto\">La plaque de plafond de 21 cm de haut est une solution id\u00e9ale pour l&rsquo;int\u00e9rieur, caract\u00e9ris\u00e9e par un design fonctionnel et \u00e9l\u00e9gant. Fabriqu\u00e9e avec un profil \u00e0 double fond en aluminium peint en argent, cette plaque garantit robustesse et durabilit\u00e9, alliant l\u00e9g\u00e8ret\u00e9 et solidit\u00e9 gr\u00e2ce \u00e0 la qualit\u00e9 des mat\u00e9riaux utilis\u00e9s. <\/span><\/p>\n<p><span dir=\"auto\">La surface convexe donne au panneau un aspect <strong>moderne<\/strong> et distinctif, facilitant la lecture sous diff\u00e9rents angles et am\u00e9liorant l&rsquo;impact visuel global. Les embouts sont en ABS argent\u00e9, un mat\u00e9riau connu pour sa durabilit\u00e9 et sa finition raffin\u00e9e, qui compl\u00e8te harmonieusement le profil m\u00e9tallique, contribuant \u00e0 un<strong>aspect propre et professionnel<\/strong>. <\/span><\/p>\n<p><span dir=\"auto\">Le syst\u00e8me de suspension est constitu\u00e9 de c\u00e2bles en acier, choisis pour leur r\u00e9sistance et leur discr\u00e9tion, qui garantissent une installation s\u00fbre et stable au plafond. La fixation au plafond est con\u00e7ue pour garantir une fixation simple et fiable, assurant que l&rsquo;enseigne reste fermement positionn\u00e9e \u00e0 l&rsquo;int\u00e9rieur sans compromettre l&rsquo;harmonie de l&rsquo;espace. <\/span><\/p>\n<h2>La polyvalence de la plaque de plafond de 21 cm de haut : un \u00e9l\u00e9ment indispensable<\/h2>\n<p><span dir=\"auto\">L&rsquo;un des \u00e9l\u00e9ments cl\u00e9s de ce panneau est son graphisme interchangeable, qui accro\u00eet consid\u00e9rablement sa polyvalence. Gr\u00e2ce \u00e0 cette caract\u00e9ristique, il est possible d&rsquo;actualiser rapidement les informations affich\u00e9es et de s&rsquo;adapter facilement \u00e0 l&rsquo;\u00e9volution des besoins de communication de l&rsquo;entreprise. Le changement de graphisme peut se faire sans difficult\u00e9, ce qui permet d&rsquo;\u00e9conomiser du temps et de l&rsquo;argent. <\/span><\/p>\n<p><span dir=\"auto\">Afin de prot\u00e9ger les graphiques et d&rsquo;assurer une lisibilit\u00e9 maximale, le panneau est pourvu d&rsquo;un film de protection en PVC transparent et antireflet. Ce film prot\u00e8ge le contenu de l&rsquo;usure quotidienne, de la poussi\u00e8re, de la salet\u00e9 et d&rsquo;\u00e9ventuels dommages m\u00e9caniques, tout en pr\u00e9servant la nettet\u00e9 et la brillance des informations affich\u00e9es. <\/span><\/p>\n<p><span dir=\"auto\">Dans l&rsquo;ensemble, le panneau mont\u00e9 au plafond avec un double profil\u00e9 en aluminium peint en argent et une surface convexe est une solution pratique, durable et esth\u00e9tique pour la signalisation d&rsquo;entreprise en interne. Gr\u00e2ce \u00e0 des mat\u00e9riaux de haute qualit\u00e9, \u00e0 un design soign\u00e9 et \u00e0 des fonctionnalit\u00e9s avanc\u00e9es telles que des graphiques interchangeables et une protection antireflet, cette enseigne r\u00e9pond parfaitement aux besoins de communication visuelle dans les environnements professionnels. <\/span><\/p>\n<h3>CARACT\u00c9RISTIQUES:<\/h3>\n<ul>\n<li>Surface convexe ;<\/li>\n<li>Mat\u00e9riau : aluminium ;<\/li>\n<li>Couleur : argent ;<\/li>\n<li>Bornes en ABS argent\u00e9 ;<\/li>\n<li>Double feuille de PVC transparent antireflet ;<\/li>\n<li>Utilisation : double face<\/li>\n<li>Gestion graphique interchangeable ;<br \/>\n<h4 style=\"text-align: center;\">Voir tous les autres mod\u00e8les sur ce <span style=\"color: #ff0000;\"><a style=\"color: #ff0000;\" href=\"https:\/\/www.smartystore.it\/fr\/categoria-prodotto\/signalisation-dentreprise\/signalisation-commerciale\/\" target=\"_blank\" rel=\"noopener\">LIEN<\/a><\/span><\/h4>\n<p>&nbsp;<\/p>\n<p><a href=\"https:\/\/www.smartystore.it\/v25\/wp-content\/uploads\/2026\/03\/STR-M1-S.pdf\" target=\"_blank\" rel=\"noopener\"><img loading=\"lazy\" decoding=\"async\" class=\"alignnone size-full wp-image-93672\" src=\"https:\/\/www.smartystore.it\/v25\/wp-content\/uploads\/2023\/11\/LogoDownload_yellow.jpg\" alt=\"\" width=\"50\" height=\"50\" \/><\/a> <a href=\"https:\/\/www.smartystore.it\/v25\/wp-content\/uploads\/2026\/03\/STR-M1-S.pdf\" target=\"_blank\" rel=\"noopener\"><strong>FICHE TECHNIQUE<\/strong><\/a><\/li>\n<\/ul>\n","protected":false},"excerpt":{"rendered":"<p>Plaque suspendue double face hauteur mm.210.<\/p>\n","protected":false},"featured_media":98437,"comment_status":"open","ping_status":"closed","template":"","meta":{"_acf_changed":false},"pwb-brand":[],"product_brand":[],"product_cat":[3672,3670],"product_tag":[6738,6740,6737,6735,6739,6736,6664],"class_list":{"0":"post-98453","1":"product","2":"type-product","3":"status-publish","4":"has-post-thumbnail","6":"product_cat-signalisation-commerciale","7":"product_cat-signalisation-dentreprise","8":"product_tag-panneau-de-plafond-double-face-pour-graphiques-interchangeables","9":"product_tag-plaque-de-plafond","10":"product_tag-plaque-de-plafond-avec-pvc-antireflet","11":"product_tag-plaque-de-plafond-double-face","12":"product_tag-plaque-de-plafond-double-face-en-pvc-antireflet","13":"product_tag-plaque-de-plafond-pour-graphiques-interchangeables","14":"product_tag-signalisation-dentreprise-a-linterieur","15":"pa_c2c_dimensione-mm-1000x210-l-x-h","16":"pa_c2c_dimensione-mm-1200x210-l-x-h","17":"pa_c2c_dimensione-mm-500x210-l-x-h","18":"pa_c2c_dimensione-mm-700x210-l-x-h","19":"pa_c2c_dimensione-mm-900x210-l-x-h","20":"pa_c2c_mono_bifacciale-double-face","21":"pa_c2c_trovraprezzi-oui","23":"first","24":"instock","25":"taxable","26":"shipping-taxable","27":"purchasable","28":"product-type-variable"},"acf":[],"yoast_head":"<!-- This site is optimized with the Yoast SEO plugin v27.0 - https:\/\/yoast.com\/product\/yoast-seo-wordpress\/ -->\n<title>Plaque de plafond de 21 cm. - Smarty Store Acheter au Meilleur Prix<\/title>\n<meta name=\"description\" content=\"Plaque de plafond avec double profil en aluminium argent\u00e9 d&#039;une hauteur de 21 cm. La Complet avec film PVC anti-\u00e9blouissement.\" \/>\n<meta name=\"robots\" content=\"index, follow, max-snippet:-1, max-image-preview:large, max-video-preview:-1\" \/>\n<link rel=\"canonical\" href=\"https:\/\/www.smartystore.it\/fr\/prodotto\/plaque-de-plafond-de-21-cm\/\" \/>\n<meta property=\"og:locale\" content=\"fr_FR\" \/>\n<meta property=\"og:type\" content=\"article\" \/>\n<meta property=\"og:title\" content=\"Plaque de plafond de 21 cm. - Smarty Store Acheter au Meilleur Prix\" \/>\n<meta property=\"og:description\" content=\"Plaque de plafond avec double profil en aluminium argent\u00e9 d&#039;une hauteur de 21 cm. La Complet avec film PVC anti-\u00e9blouissement.\" \/>\n<meta property=\"og:url\" content=\"https:\/\/www.smartystore.it\/fr\/prodotto\/plaque-de-plafond-de-21-cm\/\" \/>\n<meta property=\"og:site_name\" content=\"Smarty Store\" \/>\n<meta property=\"article:publisher\" content=\"https:\/\/www.facebook.com\/smartystore.it\/\" \/>\n<meta property=\"article:modified_time\" content=\"2026-03-20T15:05:43+00:00\" \/>\n<meta property=\"og:image\" content=\"https:\/\/www.smartystore.it\/v25\/wp-content\/uploads\/2013\/05\/Targa-sospesa-bifacciale-con-folgio-protezione-pvc-antiriflesso-H-21.jpg\" \/>\n\t<meta property=\"og:image:width\" content=\"1000\" \/>\n\t<meta property=\"og:image:height\" content=\"1000\" \/>\n\t<meta property=\"og:image:type\" content=\"image\/jpeg\" \/>\n<meta name=\"twitter:card\" content=\"summary_large_image\" \/>\n<meta name=\"twitter:site\" content=\"@smartystore\" \/>\n<meta name=\"twitter:label1\" content=\"Dur\u00e9e de lecture estim\u00e9e\" \/>\n\t<meta name=\"twitter:data1\" content=\"3 minutes\" \/>\n<script type=\"application\/ld+json\" class=\"yoast-schema-graph\">{\"@context\":\"https:\/\/schema.org\",\"@graph\":[{\"@type\":\"WebPage\",\"@id\":\"https:\/\/www.smartystore.it\/fr\/prodotto\/plaque-de-plafond-de-21-cm\/\",\"url\":\"https:\/\/www.smartystore.it\/fr\/prodotto\/plaque-de-plafond-de-21-cm\/\",\"name\":\"Plaque de plafond de 21 cm. - Smarty Store Acheter au Meilleur Prix\",\"isPartOf\":{\"@id\":\"https:\/\/www.smartystore.it\/fr\/#website\"},\"primaryImageOfPage\":{\"@id\":\"https:\/\/www.smartystore.it\/fr\/prodotto\/plaque-de-plafond-de-21-cm\/#primaryimage\"},\"image\":{\"@id\":\"https:\/\/www.smartystore.it\/fr\/prodotto\/plaque-de-plafond-de-21-cm\/#primaryimage\"},\"thumbnailUrl\":\"https:\/\/www.smartystore.it\/v25\/wp-content\/uploads\/2013\/05\/Targa-sospesa-bifacciale-con-folgio-protezione-pvc-antiriflesso-H-21.jpg\",\"datePublished\":\"2013-05-23T17:18:30+00:00\",\"dateModified\":\"2026-03-20T15:05:43+00:00\",\"description\":\"Plaque de plafond avec double profil en aluminium argent\u00e9 d'une hauteur de 21 cm. La Complet avec film PVC anti-\u00e9blouissement.\",\"breadcrumb\":{\"@id\":\"https:\/\/www.smartystore.it\/fr\/prodotto\/plaque-de-plafond-de-21-cm\/#breadcrumb\"},\"inLanguage\":\"fr-FR\",\"potentialAction\":[{\"@type\":\"ReadAction\",\"target\":[\"https:\/\/www.smartystore.it\/fr\/prodotto\/plaque-de-plafond-de-21-cm\/\"]}]},{\"@type\":\"ImageObject\",\"inLanguage\":\"fr-FR\",\"@id\":\"https:\/\/www.smartystore.it\/fr\/prodotto\/plaque-de-plafond-de-21-cm\/#primaryimage\",\"url\":\"https:\/\/www.smartystore.it\/v25\/wp-content\/uploads\/2013\/05\/Targa-sospesa-bifacciale-con-folgio-protezione-pvc-antiriflesso-H-21.jpg\",\"contentUrl\":\"https:\/\/www.smartystore.it\/v25\/wp-content\/uploads\/2013\/05\/Targa-sospesa-bifacciale-con-folgio-protezione-pvc-antiriflesso-H-21.jpg\",\"width\":1000,\"height\":1000,\"caption\":\"Plaque de plafond de 21 cm\"},{\"@type\":\"BreadcrumbList\",\"@id\":\"https:\/\/www.smartystore.it\/fr\/prodotto\/plaque-de-plafond-de-21-cm\/#breadcrumb\",\"itemListElement\":[{\"@type\":\"ListItem\",\"position\":1,\"name\":\"Accueil\",\"item\":\"https:\/\/www.smartystore.it\/fr\/\"},{\"@type\":\"ListItem\",\"position\":2,\"name\":\"Boutique\",\"item\":\"https:\/\/www.smartystore.it\/fr\/boutique\/\"},{\"@type\":\"ListItem\",\"position\":3,\"name\":\"Plaque de plafond de 21 cm.\"}]},{\"@type\":\"WebSite\",\"@id\":\"https:\/\/www.smartystore.it\/fr\/#website\",\"url\":\"https:\/\/www.smartystore.it\/fr\/\",\"name\":\"Smarty Store\",\"description\":\"Espositori Pubblicitari e Sistemi di Comunicazione Visiva\",\"potentialAction\":[{\"@type\":\"SearchAction\",\"target\":{\"@type\":\"EntryPoint\",\"urlTemplate\":\"https:\/\/www.smartystore.it\/fr\/?s={search_term_string}\"},\"query-input\":{\"@type\":\"PropertyValueSpecification\",\"valueRequired\":true,\"valueName\":\"search_term_string\"}}],\"inLanguage\":\"fr-FR\"}]}<\/script>\n<!-- \/ Yoast SEO plugin. -->","yoast_head_json":{"title":"Plaque de plafond de 21 cm. - Smarty Store Acheter au Meilleur Prix","description":"Plaque de plafond avec double profil en aluminium argent\u00e9 d'une hauteur de 21 cm. La Complet avec film PVC anti-\u00e9blouissement.","robots":{"index":"index","follow":"follow","max-snippet":"max-snippet:-1","max-image-preview":"max-image-preview:large","max-video-preview":"max-video-preview:-1"},"canonical":"https:\/\/www.smartystore.it\/fr\/prodotto\/plaque-de-plafond-de-21-cm\/","og_locale":"fr_FR","og_type":"article","og_title":"Plaque de plafond de 21 cm. - Smarty Store Acheter au Meilleur Prix","og_description":"Plaque de plafond avec double profil en aluminium argent\u00e9 d'une hauteur de 21 cm. La Complet avec film PVC anti-\u00e9blouissement.","og_url":"https:\/\/www.smartystore.it\/fr\/prodotto\/plaque-de-plafond-de-21-cm\/","og_site_name":"Smarty Store","article_publisher":"https:\/\/www.facebook.com\/smartystore.it\/","article_modified_time":"2026-03-20T15:05:43+00:00","og_image":[{"width":1000,"height":1000,"url":"https:\/\/www.smartystore.it\/v25\/wp-content\/uploads\/2013\/05\/Targa-sospesa-bifacciale-con-folgio-protezione-pvc-antiriflesso-H-21.jpg","type":"image\/jpeg"}],"twitter_card":"summary_large_image","twitter_site":"@smartystore","twitter_misc":{"Dur\u00e9e de lecture estim\u00e9e":"3 minutes"},"schema":{"@context":"https:\/\/schema.org","@graph":[{"@type":"WebPage","@id":"https:\/\/www.smartystore.it\/fr\/prodotto\/plaque-de-plafond-de-21-cm\/","url":"https:\/\/www.smartystore.it\/fr\/prodotto\/plaque-de-plafond-de-21-cm\/","name":"Plaque de plafond de 21 cm. - Smarty Store Acheter au Meilleur Prix","isPartOf":{"@id":"https:\/\/www.smartystore.it\/fr\/#website"},"primaryImageOfPage":{"@id":"https:\/\/www.smartystore.it\/fr\/prodotto\/plaque-de-plafond-de-21-cm\/#primaryimage"},"image":{"@id":"https:\/\/www.smartystore.it\/fr\/prodotto\/plaque-de-plafond-de-21-cm\/#primaryimage"},"thumbnailUrl":"https:\/\/www.smartystore.it\/v25\/wp-content\/uploads\/2013\/05\/Targa-sospesa-bifacciale-con-folgio-protezione-pvc-antiriflesso-H-21.jpg","datePublished":"2013-05-23T17:18:30+00:00","dateModified":"2026-03-20T15:05:43+00:00","description":"Plaque de plafond avec double profil en aluminium argent\u00e9 d'une hauteur de 21 cm. La Complet avec film PVC anti-\u00e9blouissement.","breadcrumb":{"@id":"https:\/\/www.smartystore.it\/fr\/prodotto\/plaque-de-plafond-de-21-cm\/#breadcrumb"},"inLanguage":"fr-FR","potentialAction":[{"@type":"ReadAction","target":["https:\/\/www.smartystore.it\/fr\/prodotto\/plaque-de-plafond-de-21-cm\/"]}]},{"@type":"ImageObject","inLanguage":"fr-FR","@id":"https:\/\/www.smartystore.it\/fr\/prodotto\/plaque-de-plafond-de-21-cm\/#primaryimage","url":"https:\/\/www.smartystore.it\/v25\/wp-content\/uploads\/2013\/05\/Targa-sospesa-bifacciale-con-folgio-protezione-pvc-antiriflesso-H-21.jpg","contentUrl":"https:\/\/www.smartystore.it\/v25\/wp-content\/uploads\/2013\/05\/Targa-sospesa-bifacciale-con-folgio-protezione-pvc-antiriflesso-H-21.jpg","width":1000,"height":1000,"caption":"Plaque de plafond de 21 cm"},{"@type":"BreadcrumbList","@id":"https:\/\/www.smartystore.it\/fr\/prodotto\/plaque-de-plafond-de-21-cm\/#breadcrumb","itemListElement":[{"@type":"ListItem","position":1,"name":"Accueil","item":"https:\/\/www.smartystore.it\/fr\/"},{"@type":"ListItem","position":2,"name":"Boutique","item":"https:\/\/www.smartystore.it\/fr\/boutique\/"},{"@type":"ListItem","position":3,"name":"Plaque de plafond de 21 cm."}]},{"@type":"WebSite","@id":"https:\/\/www.smartystore.it\/fr\/#website","url":"https:\/\/www.smartystore.it\/fr\/","name":"Smarty Store","description":"Espositori Pubblicitari e Sistemi di Comunicazione Visiva","potentialAction":[{"@type":"SearchAction","target":{"@type":"EntryPoint","urlTemplate":"https:\/\/www.smartystore.it\/fr\/?s={search_term_string}"},"query-input":{"@type":"PropertyValueSpecification","valueRequired":true,"valueName":"search_term_string"}}],"inLanguage":"fr-FR"}]}},"brands":[],"_links":{"self":[{"href":"https:\/\/www.smartystore.it\/fr\/wp-json\/wp\/v2\/product\/98453","targetHints":{"allow":["GET"]}}],"collection":[{"href":"https:\/\/www.smartystore.it\/fr\/wp-json\/wp\/v2\/product"}],"about":[{"href":"https:\/\/www.smartystore.it\/fr\/wp-json\/wp\/v2\/types\/product"}],"replies":[{"embeddable":true,"href":"https:\/\/www.smartystore.it\/fr\/wp-json\/wp\/v2\/comments?post=98453"}],"wp:featuredmedia":[{"embeddable":true,"href":"https:\/\/www.smartystore.it\/fr\/wp-json\/wp\/v2\/media\/98437"}],"wp:attachment":[{"href":"https:\/\/www.smartystore.it\/fr\/wp-json\/wp\/v2\/media?parent=98453"}],"wp:term":[{"taxonomy":"pwb-brand","embeddable":true,"href":"https:\/\/www.smartystore.it\/fr\/wp-json\/wp\/v2\/pwb-brand?post=98453"},{"taxonomy":"product_brand","embeddable":true,"href":"https:\/\/www.smartystore.it\/fr\/wp-json\/wp\/v2\/product_brand?post=98453"},{"taxonomy":"product_cat","embeddable":true,"href":"https:\/\/www.smartystore.it\/fr\/wp-json\/wp\/v2\/product_cat?post=98453"},{"taxonomy":"product_tag","embeddable":true,"href":"https:\/\/www.smartystore.it\/fr\/wp-json\/wp\/v2\/product_tag?post=98453"}],"curies":[{"name":"wp","href":"https:\/\/api.w.org\/{rel}","templated":true}]}}