{"id":98416,"date":"2013-05-23T17:07:55","date_gmt":"2013-05-23T17:07:55","guid":{"rendered":"https:\/\/www.smartystore.it\/prodotto\/plaque-de-plafond-de-15-cm\/"},"modified":"2026-03-19T17:42:44","modified_gmt":"2026-03-19T15:42:44","slug":"plaque-de-plafond-de-15-cm","status":"publish","type":"product","link":"https:\/\/www.smartystore.it\/fr\/prodotto\/plaque-de-plafond-de-15-cm\/","title":{"rendered":"Plaque de plafond de 15 cm."},"content":{"rendered":"<h1>Plaque de plafond de 15 cm de haut<\/h1>\n<p><span dir=\"auto\">La signal\u00e9tique d&rsquo;entreprise joue un r\u00f4le crucial dans la mise en valeur des espaces int\u00e9rieurs, en facilitant l&rsquo;orientation et en am\u00e9liorant l&rsquo;exp\u00e9rience de l&rsquo;utilisateur au sein des installations. Notre proposition d&rsquo;enseigne de plafond suspendu de 15 cm de haut pour une utilisation recto-verso est con\u00e7ue pour r\u00e9pondre \u00e0 ces besoins de mani\u00e8re efficace et \u00e9l\u00e9gante. <\/span><\/p>\n<p><span dir=\"auto\">La plaque signal\u00e9tique est constitu\u00e9e d&rsquo;un profil\u00e9 \u00e0 double fond en aluminium peint en argent, ce qui conf\u00e8re <strong>stabilit\u00e9 et robustesse<\/strong> \u00e0 la structure. La surface convexe ajoute non seulement un \u00e9l\u00e9ment de <strong>design moderne<\/strong>, mais am\u00e9liore \u00e9galement la visibilit\u00e9 du message contenu, le rendant facilement reconnaissable sous diff\u00e9rents angles. <\/span><br \/>\n<span dir=\"auto\">Les embouts en ABS argent\u00e9 garantissent une fixation s\u00fbre et durable. En outre, les c\u00e2bles en acier, associ\u00e9s \u00e0 la fixation au plafond, offrent une suspension solide et fiable, ce qui permet d&rsquo;installer le panneau dans n&rsquo;importe quelle zone du b\u00e2timent, qu&rsquo;il s&rsquo;agisse d&rsquo;espaces commerciaux ou d&rsquo;entreprises. <\/span><\/p>\n<h2>La polyvalence de la plaque de plafond de 15 cm de haut : un \u00e9l\u00e9ment indispensable<\/h2>\n<p><span dir=\"auto\">L&rsquo;une des principales innovations de notre signalisation est l&rsquo;interchangeabilit\u00e9 des graphiques, qui permet d&rsquo;adapter les indications \u00e0 l&rsquo;\u00e9volution des besoins de l&rsquo;entreprise. Gr\u00e2ce \u00e0 une conception conviviale, la modification des graphiques peut \u00eatre effectu\u00e9e rapidement, sans n\u00e9cessiter d&rsquo;outils complexes, ce qui garantit que les informations affich\u00e9es sont toujours \u00e0 jour. <\/span><br \/>\n<span dir=\"auto\">Le film de protection transparent en PVC antireflet est un avantage suppl\u00e9mentaire, car il prot\u00e8ge non seulement les graphiques des dommages physiques et de l&rsquo;usure, mais il r\u00e9duit \u00e9galement les reflets ind\u00e9sirables qui pourraient nuire \u00e0 la visibilit\u00e9 des indications. Les informations sont ainsi toujours claires et lisibles. <\/span><\/p>\n<p><span dir=\"auto\">Le panneau suspendu au plafond est particuli\u00e8rement utile pour indiquer les directions \u00e0 l&rsquo;int\u00e9rieur du b\u00e2timent, telles que les entr\u00e9es, les sorties, les salles de r\u00e9union et les services, ce qui permet de mieux g\u00e9rer le flux de personnes et de faciliter la navigation dans les espaces de l&rsquo;entreprise. L&rsquo;adoption de cet outil de signalisation permet non seulement d&rsquo;am\u00e9liorer l&rsquo;aspect esth\u00e9tique des locaux, mais aussi d&rsquo;accro\u00eetre l&rsquo;efficacit\u00e9 op\u00e9rationnelle de l&rsquo;entreprise. <\/span><\/p>\n<p><span dir=\"auto\">En conclusion, notre enseigne suspendue double face est une solution polyvalente et innovante pour les besoins de signalisation int\u00e9rieure, alliant fonctionnalit\u00e9, design et qualit\u00e9 des mat\u00e9riaux.<\/span><\/p>\n<h3>CARACT\u00c9RISTIQUES:<\/h3>\n<ul>\n<li>Surface convexe ;<\/li>\n<li>Mat\u00e9riau : aluminium ;<\/li>\n<li>Couleur : argent ;<\/li>\n<li>Bornes en ABS argent\u00e9 ;<\/li>\n<li>Double feuille de PVC transparent antireflet ;<\/li>\n<li>Utilisation : double face<\/li>\n<li>Gestion graphique interchangeable ;<br \/>\n<h4 style=\"text-align: center;\">Voir tous les autres mod\u00e8les sur ce <span style=\"color: #ff0000;\"><a style=\"color: #ff0000;\" href=\"https:\/\/www.smartystore.it\/fr\/categoria-prodotto\/signalisation-dentreprise\/signalisation-commerciale\/\" target=\"_blank\" rel=\"noopener\">LIEN<\/a><\/span><\/h4>\n<p>&nbsp;<\/p>\n<p><a href=\"https:\/\/www.smartystore.it\/v25\/wp-content\/uploads\/2026\/03\/STR-M1-S.pdf\" target=\"_blank\" rel=\"noopener\"><img loading=\"lazy\" decoding=\"async\" class=\"alignnone size-full wp-image-93672\" src=\"https:\/\/www.smartystore.it\/v25\/wp-content\/uploads\/2023\/11\/LogoDownload_yellow.jpg\" alt=\"\" width=\"50\" height=\"50\" \/><\/a> <a href=\"https:\/\/www.smartystore.it\/v25\/wp-content\/uploads\/2026\/03\/STR-M1-S.pdf\" target=\"_blank\" rel=\"noopener\"><strong>FICHE TECHNIQUE<\/strong><\/a><\/li>\n<\/ul>\n","protected":false},"excerpt":{"rendered":"<p>Plaque suspendue double face de 150 mm de haut.<\/p>\n","protected":false},"featured_media":98399,"comment_status":"open","ping_status":"closed","template":"","meta":{"_acf_changed":false},"pwb-brand":[],"product_brand":[],"product_cat":[3672,3670],"product_tag":[6738,6740,6737,6735,6739,6736,6664],"class_list":{"0":"post-98416","1":"product","2":"type-product","3":"status-publish","4":"has-post-thumbnail","6":"product_cat-signalisation-commerciale","7":"product_cat-signalisation-dentreprise","8":"product_tag-panneau-de-plafond-double-face-pour-graphiques-interchangeables","9":"product_tag-plaque-de-plafond","10":"product_tag-plaque-de-plafond-avec-pvc-antireflet","11":"product_tag-plaque-de-plafond-double-face","12":"product_tag-plaque-de-plafond-double-face-en-pvc-antireflet","13":"product_tag-plaque-de-plafond-pour-graphiques-interchangeables","14":"product_tag-signalisation-dentreprise-a-linterieur","15":"pa_c2c_dimensione-mm-1000x150-l-x-h","16":"pa_c2c_dimensione-mm-1200x150-l-x-h","17":"pa_c2c_dimensione-mm-500x150-l-x-h","18":"pa_c2c_dimensione-mm-700x150-l-x-h","19":"pa_c2c_dimensione-mm-900x150-l-x-h","20":"pa_c2c_mono_bifacciale-double-face","21":"pa_c2c_trovraprezzi-oui","23":"first","24":"instock","25":"taxable","26":"shipping-taxable","27":"purchasable","28":"product-type-variable"},"acf":[],"yoast_head":"<!-- This site is optimized with the Yoast SEO plugin v27.0 - https:\/\/yoast.com\/product\/yoast-seo-wordpress\/ -->\n<title>Plaque de plafond de 15 cm. - Smarty Store Acheter au Meilleur Prix<\/title>\n<meta name=\"description\" content=\"Plaque de plafond avec double profil en aluminium argent\u00e9 d&#039;une hauteur de 15 cm. La largeur est disponible en diff\u00e9rentes tailles. Complet avec film PVC anti-\u00e9blouissement.\" \/>\n<meta name=\"robots\" content=\"index, follow, max-snippet:-1, max-image-preview:large, max-video-preview:-1\" \/>\n<link rel=\"canonical\" href=\"https:\/\/www.smartystore.it\/fr\/prodotto\/plaque-de-plafond-de-15-cm\/\" \/>\n<meta property=\"og:locale\" content=\"fr_FR\" \/>\n<meta property=\"og:type\" content=\"article\" \/>\n<meta property=\"og:title\" content=\"Plaque de plafond de 15 cm. - Smarty Store Acheter au Meilleur Prix\" \/>\n<meta property=\"og:description\" content=\"Plaque de plafond avec double profil en aluminium argent\u00e9 d&#039;une hauteur de 15 cm. La largeur est disponible en diff\u00e9rentes tailles. Complet avec film PVC anti-\u00e9blouissement.\" \/>\n<meta property=\"og:url\" content=\"https:\/\/www.smartystore.it\/fr\/prodotto\/plaque-de-plafond-de-15-cm\/\" \/>\n<meta property=\"og:site_name\" content=\"Smarty Store\" \/>\n<meta property=\"article:publisher\" content=\"https:\/\/www.facebook.com\/smartystore.it\/\" \/>\n<meta property=\"article:modified_time\" content=\"2026-03-19T15:42:44+00:00\" \/>\n<meta property=\"og:image\" content=\"https:\/\/www.smartystore.it\/v25\/wp-content\/uploads\/2013\/05\/Targa-sospesa-bifacciale-con-folgio-protezione-pvc-antiriflesso-H-15.jpg\" \/>\n\t<meta property=\"og:image:width\" content=\"1000\" \/>\n\t<meta property=\"og:image:height\" content=\"1000\" \/>\n\t<meta property=\"og:image:type\" content=\"image\/jpeg\" \/>\n<meta name=\"twitter:card\" content=\"summary_large_image\" \/>\n<meta name=\"twitter:site\" content=\"@smartystore\" \/>\n<meta name=\"twitter:label1\" content=\"Dur\u00e9e de lecture estim\u00e9e\" \/>\n\t<meta name=\"twitter:data1\" content=\"3 minutes\" \/>\n<script type=\"application\/ld+json\" class=\"yoast-schema-graph\">{\"@context\":\"https:\/\/schema.org\",\"@graph\":[{\"@type\":\"WebPage\",\"@id\":\"https:\/\/www.smartystore.it\/fr\/prodotto\/plaque-de-plafond-de-15-cm\/\",\"url\":\"https:\/\/www.smartystore.it\/fr\/prodotto\/plaque-de-plafond-de-15-cm\/\",\"name\":\"Plaque de plafond de 15 cm. - Smarty Store Acheter au Meilleur Prix\",\"isPartOf\":{\"@id\":\"https:\/\/www.smartystore.it\/fr\/#website\"},\"primaryImageOfPage\":{\"@id\":\"https:\/\/www.smartystore.it\/fr\/prodotto\/plaque-de-plafond-de-15-cm\/#primaryimage\"},\"image\":{\"@id\":\"https:\/\/www.smartystore.it\/fr\/prodotto\/plaque-de-plafond-de-15-cm\/#primaryimage\"},\"thumbnailUrl\":\"https:\/\/www.smartystore.it\/v25\/wp-content\/uploads\/2013\/05\/Targa-sospesa-bifacciale-con-folgio-protezione-pvc-antiriflesso-H-15.jpg\",\"datePublished\":\"2013-05-23T17:07:55+00:00\",\"dateModified\":\"2026-03-19T15:42:44+00:00\",\"description\":\"Plaque de plafond avec double profil en aluminium argent\u00e9 d'une hauteur de 15 cm. La largeur est disponible en diff\u00e9rentes tailles. Complet avec film PVC anti-\u00e9blouissement.\",\"breadcrumb\":{\"@id\":\"https:\/\/www.smartystore.it\/fr\/prodotto\/plaque-de-plafond-de-15-cm\/#breadcrumb\"},\"inLanguage\":\"fr-FR\",\"potentialAction\":[{\"@type\":\"ReadAction\",\"target\":[\"https:\/\/www.smartystore.it\/fr\/prodotto\/plaque-de-plafond-de-15-cm\/\"]}]},{\"@type\":\"ImageObject\",\"inLanguage\":\"fr-FR\",\"@id\":\"https:\/\/www.smartystore.it\/fr\/prodotto\/plaque-de-plafond-de-15-cm\/#primaryimage\",\"url\":\"https:\/\/www.smartystore.it\/v25\/wp-content\/uploads\/2013\/05\/Targa-sospesa-bifacciale-con-folgio-protezione-pvc-antiriflesso-H-15.jpg\",\"contentUrl\":\"https:\/\/www.smartystore.it\/v25\/wp-content\/uploads\/2013\/05\/Targa-sospesa-bifacciale-con-folgio-protezione-pvc-antiriflesso-H-15.jpg\",\"width\":1000,\"height\":1000,\"caption\":\"Plaque de plafond de 15 cm\"},{\"@type\":\"BreadcrumbList\",\"@id\":\"https:\/\/www.smartystore.it\/fr\/prodotto\/plaque-de-plafond-de-15-cm\/#breadcrumb\",\"itemListElement\":[{\"@type\":\"ListItem\",\"position\":1,\"name\":\"Accueil\",\"item\":\"https:\/\/www.smartystore.it\/fr\/\"},{\"@type\":\"ListItem\",\"position\":2,\"name\":\"Boutique\",\"item\":\"https:\/\/www.smartystore.it\/fr\/boutique\/\"},{\"@type\":\"ListItem\",\"position\":3,\"name\":\"Plaque de plafond de 15 cm.\"}]},{\"@type\":\"WebSite\",\"@id\":\"https:\/\/www.smartystore.it\/fr\/#website\",\"url\":\"https:\/\/www.smartystore.it\/fr\/\",\"name\":\"Smarty Store\",\"description\":\"Espositori Pubblicitari e Sistemi di Comunicazione Visiva\",\"potentialAction\":[{\"@type\":\"SearchAction\",\"target\":{\"@type\":\"EntryPoint\",\"urlTemplate\":\"https:\/\/www.smartystore.it\/fr\/?s={search_term_string}\"},\"query-input\":{\"@type\":\"PropertyValueSpecification\",\"valueRequired\":true,\"valueName\":\"search_term_string\"}}],\"inLanguage\":\"fr-FR\"}]}<\/script>\n<!-- \/ Yoast SEO plugin. -->","yoast_head_json":{"title":"Plaque de plafond de 15 cm. - Smarty Store Acheter au Meilleur Prix","description":"Plaque de plafond avec double profil en aluminium argent\u00e9 d'une hauteur de 15 cm. La largeur est disponible en diff\u00e9rentes tailles. Complet avec film PVC anti-\u00e9blouissement.","robots":{"index":"index","follow":"follow","max-snippet":"max-snippet:-1","max-image-preview":"max-image-preview:large","max-video-preview":"max-video-preview:-1"},"canonical":"https:\/\/www.smartystore.it\/fr\/prodotto\/plaque-de-plafond-de-15-cm\/","og_locale":"fr_FR","og_type":"article","og_title":"Plaque de plafond de 15 cm. - Smarty Store Acheter au Meilleur Prix","og_description":"Plaque de plafond avec double profil en aluminium argent\u00e9 d'une hauteur de 15 cm. La largeur est disponible en diff\u00e9rentes tailles. Complet avec film PVC anti-\u00e9blouissement.","og_url":"https:\/\/www.smartystore.it\/fr\/prodotto\/plaque-de-plafond-de-15-cm\/","og_site_name":"Smarty Store","article_publisher":"https:\/\/www.facebook.com\/smartystore.it\/","article_modified_time":"2026-03-19T15:42:44+00:00","og_image":[{"width":1000,"height":1000,"url":"https:\/\/www.smartystore.it\/v25\/wp-content\/uploads\/2013\/05\/Targa-sospesa-bifacciale-con-folgio-protezione-pvc-antiriflesso-H-15.jpg","type":"image\/jpeg"}],"twitter_card":"summary_large_image","twitter_site":"@smartystore","twitter_misc":{"Dur\u00e9e de lecture estim\u00e9e":"3 minutes"},"schema":{"@context":"https:\/\/schema.org","@graph":[{"@type":"WebPage","@id":"https:\/\/www.smartystore.it\/fr\/prodotto\/plaque-de-plafond-de-15-cm\/","url":"https:\/\/www.smartystore.it\/fr\/prodotto\/plaque-de-plafond-de-15-cm\/","name":"Plaque de plafond de 15 cm. - Smarty Store Acheter au Meilleur Prix","isPartOf":{"@id":"https:\/\/www.smartystore.it\/fr\/#website"},"primaryImageOfPage":{"@id":"https:\/\/www.smartystore.it\/fr\/prodotto\/plaque-de-plafond-de-15-cm\/#primaryimage"},"image":{"@id":"https:\/\/www.smartystore.it\/fr\/prodotto\/plaque-de-plafond-de-15-cm\/#primaryimage"},"thumbnailUrl":"https:\/\/www.smartystore.it\/v25\/wp-content\/uploads\/2013\/05\/Targa-sospesa-bifacciale-con-folgio-protezione-pvc-antiriflesso-H-15.jpg","datePublished":"2013-05-23T17:07:55+00:00","dateModified":"2026-03-19T15:42:44+00:00","description":"Plaque de plafond avec double profil en aluminium argent\u00e9 d'une hauteur de 15 cm. La largeur est disponible en diff\u00e9rentes tailles. Complet avec film PVC anti-\u00e9blouissement.","breadcrumb":{"@id":"https:\/\/www.smartystore.it\/fr\/prodotto\/plaque-de-plafond-de-15-cm\/#breadcrumb"},"inLanguage":"fr-FR","potentialAction":[{"@type":"ReadAction","target":["https:\/\/www.smartystore.it\/fr\/prodotto\/plaque-de-plafond-de-15-cm\/"]}]},{"@type":"ImageObject","inLanguage":"fr-FR","@id":"https:\/\/www.smartystore.it\/fr\/prodotto\/plaque-de-plafond-de-15-cm\/#primaryimage","url":"https:\/\/www.smartystore.it\/v25\/wp-content\/uploads\/2013\/05\/Targa-sospesa-bifacciale-con-folgio-protezione-pvc-antiriflesso-H-15.jpg","contentUrl":"https:\/\/www.smartystore.it\/v25\/wp-content\/uploads\/2013\/05\/Targa-sospesa-bifacciale-con-folgio-protezione-pvc-antiriflesso-H-15.jpg","width":1000,"height":1000,"caption":"Plaque de plafond de 15 cm"},{"@type":"BreadcrumbList","@id":"https:\/\/www.smartystore.it\/fr\/prodotto\/plaque-de-plafond-de-15-cm\/#breadcrumb","itemListElement":[{"@type":"ListItem","position":1,"name":"Accueil","item":"https:\/\/www.smartystore.it\/fr\/"},{"@type":"ListItem","position":2,"name":"Boutique","item":"https:\/\/www.smartystore.it\/fr\/boutique\/"},{"@type":"ListItem","position":3,"name":"Plaque de plafond de 15 cm."}]},{"@type":"WebSite","@id":"https:\/\/www.smartystore.it\/fr\/#website","url":"https:\/\/www.smartystore.it\/fr\/","name":"Smarty Store","description":"Espositori Pubblicitari e Sistemi di Comunicazione Visiva","potentialAction":[{"@type":"SearchAction","target":{"@type":"EntryPoint","urlTemplate":"https:\/\/www.smartystore.it\/fr\/?s={search_term_string}"},"query-input":{"@type":"PropertyValueSpecification","valueRequired":true,"valueName":"search_term_string"}}],"inLanguage":"fr-FR"}]}},"brands":[],"_links":{"self":[{"href":"https:\/\/www.smartystore.it\/fr\/wp-json\/wp\/v2\/product\/98416","targetHints":{"allow":["GET"]}}],"collection":[{"href":"https:\/\/www.smartystore.it\/fr\/wp-json\/wp\/v2\/product"}],"about":[{"href":"https:\/\/www.smartystore.it\/fr\/wp-json\/wp\/v2\/types\/product"}],"replies":[{"embeddable":true,"href":"https:\/\/www.smartystore.it\/fr\/wp-json\/wp\/v2\/comments?post=98416"}],"wp:featuredmedia":[{"embeddable":true,"href":"https:\/\/www.smartystore.it\/fr\/wp-json\/wp\/v2\/media\/98399"}],"wp:attachment":[{"href":"https:\/\/www.smartystore.it\/fr\/wp-json\/wp\/v2\/media?parent=98416"}],"wp:term":[{"taxonomy":"pwb-brand","embeddable":true,"href":"https:\/\/www.smartystore.it\/fr\/wp-json\/wp\/v2\/pwb-brand?post=98416"},{"taxonomy":"product_brand","embeddable":true,"href":"https:\/\/www.smartystore.it\/fr\/wp-json\/wp\/v2\/product_brand?post=98416"},{"taxonomy":"product_cat","embeddable":true,"href":"https:\/\/www.smartystore.it\/fr\/wp-json\/wp\/v2\/product_cat?post=98416"},{"taxonomy":"product_tag","embeddable":true,"href":"https:\/\/www.smartystore.it\/fr\/wp-json\/wp\/v2\/product_tag?post=98416"}],"curies":[{"name":"wp","href":"https:\/\/api.w.org\/{rel}","templated":true}]}}