{"id":98393,"date":"2013-05-23T16:53:30","date_gmt":"2013-05-23T16:53:30","guid":{"rendered":"https:\/\/www.smartystore.it\/prodotto\/plaque-de-plafond-de-10-cm\/"},"modified":"2026-03-19T16:42:04","modified_gmt":"2026-03-19T14:42:04","slug":"plaque-de-plafond-de-10-cm","status":"publish","type":"product","link":"https:\/\/www.smartystore.it\/fr\/prodotto\/plaque-de-plafond-de-10-cm\/","title":{"rendered":"Plaque de plafond de 10 cm."},"content":{"rendered":"<h1>Plaque de plafond de 10 cm de haut<\/h1>\n<p><span dir=\"auto\">Le panneau de plafond suspendu de 10 cm de haut pour une utilisation recto-verso est une solution tr\u00e8s efficace et polyvalente pour l&rsquo;<strong>affichage d&rsquo;entreprise \u00e0 l&rsquo;int\u00e9rieur<\/strong>. Con\u00e7ue pour communiquer des informations importantes aux visiteurs et aux employ\u00e9s, cette enseigne est con\u00e7ue pour offrir une <strong>visibilit\u00e9 maximale des deux c\u00f4t\u00e9s<\/strong>, ce qui permet d&rsquo;optimiser l&rsquo;espace et d&rsquo;am\u00e9liorer l&rsquo;exp\u00e9rience des utilisateurs sur le lieu de travail. <\/span><\/p>\n<p><span dir=\"auto\">Un aspect distinctif de ce panneau est son profil \u00e0 double fond en aluminium peint en argent, qui conf\u00e8re une touche \u00e9l\u00e9gante et moderne \u00e0 l&rsquo;\u00e9l\u00e9ment d&rsquo;affichage. La surface convexe ne met pas seulement en valeur l&rsquo;esth\u00e9tique du produit, mais favorise \u00e9galement la r\u00e9flexion de la lumi\u00e8re, attirant ainsi l&rsquo;attention sur les messages ou les signes. <\/span><\/p>\n<p><span dir=\"auto\">Des embouts en ABS argent\u00e9 compl\u00e8tent le design avec une finition professionnelle et durable, tandis que des c\u00e2bles en acier, combin\u00e9s \u00e0 un support de plafond robuste, assurent une suspension s\u00fbre et stable. Cette configuration permet d&rsquo;installer le panneau dans une vari\u00e9t\u00e9 de contextes, des bureaux aux salles de r\u00e9union, sans compromettre l&rsquo;int\u00e9grit\u00e9 structurelle ou l&rsquo;apparence visuelle. <\/span><\/p>\n<h2>La polyvalence de la plaque de plafond de 10 cm de haut : un \u00e9l\u00e9ment indispensable<\/h2>\n<p><span dir=\"auto\">L&rsquo;un des points forts de cette signalisation est son graphisme interchangeable, qui permet de personnaliser et de modifier en permanence les informations partag\u00e9es, s&rsquo;adaptant ainsi \u00e0 l&rsquo;\u00e9volution des besoins de l&rsquo;entreprise. Ceci est particuli\u00e8rement utile dans les environnements dynamiques o\u00f9 les communications doivent \u00eatre mises \u00e0 jour fr\u00e9quemment, comme dans les centres de conf\u00e9rence ou les espaces de coworking. Investir dans ce type de signalisation, c&rsquo;est choisir un produit qui non seulement am\u00e9liore la convivialit\u00e9 des espaces, mais s&rsquo;int\u00e8gre aussi harmonieusement \u00e0 l&rsquo;image de l&rsquo;entreprise, en soulignant l&rsquo;attention port\u00e9e aux d\u00e9tails et le professionnalisme de la marque. <\/span><\/p>\n<h3>CARACT\u00c9RISTIQUES:<\/h3>\n<ul>\n<li>Surface convexe ;<\/li>\n<li>Mat\u00e9riau : aluminium ;<\/li>\n<li>Couleur : argent ;<\/li>\n<li>Bornes en ABS argent\u00e9 ;<\/li>\n<li>Double feuille de PVC transparent antireflet ;<\/li>\n<li>Utilisation : double face<\/li>\n<li>Gestion graphique interchangeable ;<br \/>\n<h4 style=\"text-align: center;\">Voir tous les autres mod\u00e8les sur ce <span style=\"color: #ff0000;\"><a style=\"color: #ff0000;\" href=\"https:\/\/www.smartystore.it\/fr\/categoria-prodotto\/signalisation-dentreprise\/signalisation-commerciale\/\" target=\"_blank\" rel=\"noopener\">LIEN<\/a><\/span><\/h4>\n<p>&nbsp;<\/p>\n<p><a href=\"https:\/\/www.smartystore.it\/v25\/wp-content\/uploads\/2026\/03\/STR-M1-S.pdf\" target=\"_blank\" rel=\"noopener\"><img loading=\"lazy\" decoding=\"async\" class=\"alignnone size-full wp-image-93672\" src=\"https:\/\/www.smartystore.it\/v25\/wp-content\/uploads\/2023\/11\/LogoDownload_yellow.jpg\" alt=\"\" width=\"50\" height=\"50\" \/><\/a> <a href=\"https:\/\/www.smartystore.it\/v25\/wp-content\/uploads\/2026\/03\/STR-M1-S.pdf\" target=\"_blank\" rel=\"noopener\"><strong>FICHE TECHNIQUE<\/strong><\/a><\/p>\n<p>&nbsp;<\/li>\n<\/ul>\n","protected":false},"excerpt":{"rendered":"<p>Plaque suspendue double face, hauteur 100 mm.<\/p>\n","protected":false},"featured_media":98362,"comment_status":"open","ping_status":"closed","template":"","meta":{"_acf_changed":false},"pwb-brand":[],"product_brand":[],"product_cat":[3672,3670],"product_tag":[6738,6740,6737,6735,6739,6736,6664],"class_list":{"0":"post-98393","1":"product","2":"type-product","3":"status-publish","4":"has-post-thumbnail","6":"product_cat-signalisation-commerciale","7":"product_cat-signalisation-dentreprise","8":"product_tag-panneau-de-plafond-double-face-pour-graphiques-interchangeables","9":"product_tag-plaque-de-plafond","10":"product_tag-plaque-de-plafond-avec-pvc-antireflet","11":"product_tag-plaque-de-plafond-double-face","12":"product_tag-plaque-de-plafond-double-face-en-pvc-antireflet","13":"product_tag-plaque-de-plafond-pour-graphiques-interchangeables","14":"product_tag-signalisation-dentreprise-a-linterieur","15":"pa_c2c_dimensione-mm-1000x100-l-x-h","16":"pa_c2c_dimensione-mm-1200x100-l-x-h","17":"pa_c2c_dimensione-mm-500x100-l-x-h","18":"pa_c2c_dimensione-mm-700x100-l-x-h","19":"pa_c2c_dimensione-mm-900x100-l-x-h","20":"pa_c2c_mono_bifacciale-double-face","21":"pa_c2c_trovraprezzi-oui","23":"first","24":"instock","25":"taxable","26":"shipping-taxable","27":"purchasable","28":"product-type-variable"},"acf":[],"yoast_head":"<!-- This site is optimized with the Yoast SEO plugin v27.0 - https:\/\/yoast.com\/product\/yoast-seo-wordpress\/ -->\n<title>Plaque de plafond de 10 cm. - Smarty Store Acheter au Meilleur Prix<\/title>\n<meta name=\"description\" content=\"Plaque de plafond avec double profil en aluminium argent\u00e9 d&#039;une hauteur de 10 cm. La largeur est disponible en diff\u00e9rentes tailles.\" \/>\n<meta name=\"robots\" content=\"index, follow, max-snippet:-1, max-image-preview:large, max-video-preview:-1\" \/>\n<link rel=\"canonical\" href=\"https:\/\/www.smartystore.it\/fr\/prodotto\/plaque-de-plafond-de-10-cm\/\" \/>\n<meta property=\"og:locale\" content=\"fr_FR\" \/>\n<meta property=\"og:type\" content=\"article\" \/>\n<meta property=\"og:title\" content=\"Plaque de plafond de 10 cm. - Smarty Store Acheter au Meilleur Prix\" \/>\n<meta property=\"og:description\" content=\"Plaque de plafond avec double profil en aluminium argent\u00e9 d&#039;une hauteur de 10 cm. La largeur est disponible en diff\u00e9rentes tailles.\" \/>\n<meta property=\"og:url\" content=\"https:\/\/www.smartystore.it\/fr\/prodotto\/plaque-de-plafond-de-10-cm\/\" \/>\n<meta property=\"og:site_name\" content=\"Smarty Store\" \/>\n<meta property=\"article:publisher\" content=\"https:\/\/www.facebook.com\/smartystore.it\/\" \/>\n<meta property=\"article:modified_time\" content=\"2026-03-19T14:42:04+00:00\" \/>\n<meta property=\"og:image\" content=\"https:\/\/www.smartystore.it\/v25\/wp-content\/uploads\/2013\/05\/Targa-sospesa-bifacciale-con-folgio-protezione-pvc-antiriflesso-H-10-1.jpg\" \/>\n\t<meta property=\"og:image:width\" content=\"1000\" \/>\n\t<meta property=\"og:image:height\" content=\"1000\" \/>\n\t<meta property=\"og:image:type\" content=\"image\/jpeg\" \/>\n<meta name=\"twitter:card\" content=\"summary_large_image\" \/>\n<meta name=\"twitter:site\" content=\"@smartystore\" \/>\n<meta name=\"twitter:label1\" content=\"Dur\u00e9e de lecture estim\u00e9e\" \/>\n\t<meta name=\"twitter:data1\" content=\"3 minutes\" \/>\n<script type=\"application\/ld+json\" class=\"yoast-schema-graph\">{\"@context\":\"https:\/\/schema.org\",\"@graph\":[{\"@type\":\"WebPage\",\"@id\":\"https:\/\/www.smartystore.it\/fr\/prodotto\/plaque-de-plafond-de-10-cm\/\",\"url\":\"https:\/\/www.smartystore.it\/fr\/prodotto\/plaque-de-plafond-de-10-cm\/\",\"name\":\"Plaque de plafond de 10 cm. - Smarty Store Acheter au Meilleur Prix\",\"isPartOf\":{\"@id\":\"https:\/\/www.smartystore.it\/fr\/#website\"},\"primaryImageOfPage\":{\"@id\":\"https:\/\/www.smartystore.it\/fr\/prodotto\/plaque-de-plafond-de-10-cm\/#primaryimage\"},\"image\":{\"@id\":\"https:\/\/www.smartystore.it\/fr\/prodotto\/plaque-de-plafond-de-10-cm\/#primaryimage\"},\"thumbnailUrl\":\"https:\/\/www.smartystore.it\/v25\/wp-content\/uploads\/2013\/05\/Targa-sospesa-bifacciale-con-folgio-protezione-pvc-antiriflesso-H-10-1.jpg\",\"datePublished\":\"2013-05-23T16:53:30+00:00\",\"dateModified\":\"2026-03-19T14:42:04+00:00\",\"description\":\"Plaque de plafond avec double profil en aluminium argent\u00e9 d'une hauteur de 10 cm. La largeur est disponible en diff\u00e9rentes tailles.\",\"breadcrumb\":{\"@id\":\"https:\/\/www.smartystore.it\/fr\/prodotto\/plaque-de-plafond-de-10-cm\/#breadcrumb\"},\"inLanguage\":\"fr-FR\",\"potentialAction\":[{\"@type\":\"ReadAction\",\"target\":[\"https:\/\/www.smartystore.it\/fr\/prodotto\/plaque-de-plafond-de-10-cm\/\"]}]},{\"@type\":\"ImageObject\",\"inLanguage\":\"fr-FR\",\"@id\":\"https:\/\/www.smartystore.it\/fr\/prodotto\/plaque-de-plafond-de-10-cm\/#primaryimage\",\"url\":\"https:\/\/www.smartystore.it\/v25\/wp-content\/uploads\/2013\/05\/Targa-sospesa-bifacciale-con-folgio-protezione-pvc-antiriflesso-H-10-1.jpg\",\"contentUrl\":\"https:\/\/www.smartystore.it\/v25\/wp-content\/uploads\/2013\/05\/Targa-sospesa-bifacciale-con-folgio-protezione-pvc-antiriflesso-H-10-1.jpg\",\"width\":1000,\"height\":1000,\"caption\":\"Plaque de plafond de 10 cm\"},{\"@type\":\"BreadcrumbList\",\"@id\":\"https:\/\/www.smartystore.it\/fr\/prodotto\/plaque-de-plafond-de-10-cm\/#breadcrumb\",\"itemListElement\":[{\"@type\":\"ListItem\",\"position\":1,\"name\":\"Accueil\",\"item\":\"https:\/\/www.smartystore.it\/fr\/\"},{\"@type\":\"ListItem\",\"position\":2,\"name\":\"Boutique\",\"item\":\"https:\/\/www.smartystore.it\/fr\/boutique\/\"},{\"@type\":\"ListItem\",\"position\":3,\"name\":\"Plaque de plafond de 10 cm.\"}]},{\"@type\":\"WebSite\",\"@id\":\"https:\/\/www.smartystore.it\/fr\/#website\",\"url\":\"https:\/\/www.smartystore.it\/fr\/\",\"name\":\"Smarty Store\",\"description\":\"Espositori Pubblicitari e Sistemi di Comunicazione Visiva\",\"potentialAction\":[{\"@type\":\"SearchAction\",\"target\":{\"@type\":\"EntryPoint\",\"urlTemplate\":\"https:\/\/www.smartystore.it\/fr\/?s={search_term_string}\"},\"query-input\":{\"@type\":\"PropertyValueSpecification\",\"valueRequired\":true,\"valueName\":\"search_term_string\"}}],\"inLanguage\":\"fr-FR\"}]}<\/script>\n<!-- \/ Yoast SEO plugin. -->","yoast_head_json":{"title":"Plaque de plafond de 10 cm. - Smarty Store Acheter au Meilleur Prix","description":"Plaque de plafond avec double profil en aluminium argent\u00e9 d'une hauteur de 10 cm. La largeur est disponible en diff\u00e9rentes tailles.","robots":{"index":"index","follow":"follow","max-snippet":"max-snippet:-1","max-image-preview":"max-image-preview:large","max-video-preview":"max-video-preview:-1"},"canonical":"https:\/\/www.smartystore.it\/fr\/prodotto\/plaque-de-plafond-de-10-cm\/","og_locale":"fr_FR","og_type":"article","og_title":"Plaque de plafond de 10 cm. - Smarty Store Acheter au Meilleur Prix","og_description":"Plaque de plafond avec double profil en aluminium argent\u00e9 d'une hauteur de 10 cm. La largeur est disponible en diff\u00e9rentes tailles.","og_url":"https:\/\/www.smartystore.it\/fr\/prodotto\/plaque-de-plafond-de-10-cm\/","og_site_name":"Smarty Store","article_publisher":"https:\/\/www.facebook.com\/smartystore.it\/","article_modified_time":"2026-03-19T14:42:04+00:00","og_image":[{"width":1000,"height":1000,"url":"https:\/\/www.smartystore.it\/v25\/wp-content\/uploads\/2013\/05\/Targa-sospesa-bifacciale-con-folgio-protezione-pvc-antiriflesso-H-10-1.jpg","type":"image\/jpeg"}],"twitter_card":"summary_large_image","twitter_site":"@smartystore","twitter_misc":{"Dur\u00e9e de lecture estim\u00e9e":"3 minutes"},"schema":{"@context":"https:\/\/schema.org","@graph":[{"@type":"WebPage","@id":"https:\/\/www.smartystore.it\/fr\/prodotto\/plaque-de-plafond-de-10-cm\/","url":"https:\/\/www.smartystore.it\/fr\/prodotto\/plaque-de-plafond-de-10-cm\/","name":"Plaque de plafond de 10 cm. - Smarty Store Acheter au Meilleur Prix","isPartOf":{"@id":"https:\/\/www.smartystore.it\/fr\/#website"},"primaryImageOfPage":{"@id":"https:\/\/www.smartystore.it\/fr\/prodotto\/plaque-de-plafond-de-10-cm\/#primaryimage"},"image":{"@id":"https:\/\/www.smartystore.it\/fr\/prodotto\/plaque-de-plafond-de-10-cm\/#primaryimage"},"thumbnailUrl":"https:\/\/www.smartystore.it\/v25\/wp-content\/uploads\/2013\/05\/Targa-sospesa-bifacciale-con-folgio-protezione-pvc-antiriflesso-H-10-1.jpg","datePublished":"2013-05-23T16:53:30+00:00","dateModified":"2026-03-19T14:42:04+00:00","description":"Plaque de plafond avec double profil en aluminium argent\u00e9 d'une hauteur de 10 cm. La largeur est disponible en diff\u00e9rentes tailles.","breadcrumb":{"@id":"https:\/\/www.smartystore.it\/fr\/prodotto\/plaque-de-plafond-de-10-cm\/#breadcrumb"},"inLanguage":"fr-FR","potentialAction":[{"@type":"ReadAction","target":["https:\/\/www.smartystore.it\/fr\/prodotto\/plaque-de-plafond-de-10-cm\/"]}]},{"@type":"ImageObject","inLanguage":"fr-FR","@id":"https:\/\/www.smartystore.it\/fr\/prodotto\/plaque-de-plafond-de-10-cm\/#primaryimage","url":"https:\/\/www.smartystore.it\/v25\/wp-content\/uploads\/2013\/05\/Targa-sospesa-bifacciale-con-folgio-protezione-pvc-antiriflesso-H-10-1.jpg","contentUrl":"https:\/\/www.smartystore.it\/v25\/wp-content\/uploads\/2013\/05\/Targa-sospesa-bifacciale-con-folgio-protezione-pvc-antiriflesso-H-10-1.jpg","width":1000,"height":1000,"caption":"Plaque de plafond de 10 cm"},{"@type":"BreadcrumbList","@id":"https:\/\/www.smartystore.it\/fr\/prodotto\/plaque-de-plafond-de-10-cm\/#breadcrumb","itemListElement":[{"@type":"ListItem","position":1,"name":"Accueil","item":"https:\/\/www.smartystore.it\/fr\/"},{"@type":"ListItem","position":2,"name":"Boutique","item":"https:\/\/www.smartystore.it\/fr\/boutique\/"},{"@type":"ListItem","position":3,"name":"Plaque de plafond de 10 cm."}]},{"@type":"WebSite","@id":"https:\/\/www.smartystore.it\/fr\/#website","url":"https:\/\/www.smartystore.it\/fr\/","name":"Smarty Store","description":"Espositori Pubblicitari e Sistemi di Comunicazione Visiva","potentialAction":[{"@type":"SearchAction","target":{"@type":"EntryPoint","urlTemplate":"https:\/\/www.smartystore.it\/fr\/?s={search_term_string}"},"query-input":{"@type":"PropertyValueSpecification","valueRequired":true,"valueName":"search_term_string"}}],"inLanguage":"fr-FR"}]}},"brands":[],"_links":{"self":[{"href":"https:\/\/www.smartystore.it\/fr\/wp-json\/wp\/v2\/product\/98393","targetHints":{"allow":["GET"]}}],"collection":[{"href":"https:\/\/www.smartystore.it\/fr\/wp-json\/wp\/v2\/product"}],"about":[{"href":"https:\/\/www.smartystore.it\/fr\/wp-json\/wp\/v2\/types\/product"}],"replies":[{"embeddable":true,"href":"https:\/\/www.smartystore.it\/fr\/wp-json\/wp\/v2\/comments?post=98393"}],"wp:featuredmedia":[{"embeddable":true,"href":"https:\/\/www.smartystore.it\/fr\/wp-json\/wp\/v2\/media\/98362"}],"wp:attachment":[{"href":"https:\/\/www.smartystore.it\/fr\/wp-json\/wp\/v2\/media?parent=98393"}],"wp:term":[{"taxonomy":"pwb-brand","embeddable":true,"href":"https:\/\/www.smartystore.it\/fr\/wp-json\/wp\/v2\/pwb-brand?post=98393"},{"taxonomy":"product_brand","embeddable":true,"href":"https:\/\/www.smartystore.it\/fr\/wp-json\/wp\/v2\/product_brand?post=98393"},{"taxonomy":"product_cat","embeddable":true,"href":"https:\/\/www.smartystore.it\/fr\/wp-json\/wp\/v2\/product_cat?post=98393"},{"taxonomy":"product_tag","embeddable":true,"href":"https:\/\/www.smartystore.it\/fr\/wp-json\/wp\/v2\/product_tag?post=98393"}],"curies":[{"name":"wp","href":"https:\/\/api.w.org\/{rel}","templated":true}]}}