{"id":98353,"date":"2014-06-16T16:37:32","date_gmt":"2014-06-16T16:37:32","guid":{"rendered":"https:\/\/www.smartystore.it\/prodotto\/plaque-de-drapeau-de-21-cm\/"},"modified":"2026-03-18T18:06:09","modified_gmt":"2026-03-18T16:06:09","slug":"plaque-de-drapeau-de-21-cm","status":"publish","type":"product","link":"https:\/\/www.smartystore.it\/fr\/prodotto\/plaque-de-drapeau-de-21-cm\/","title":{"rendered":"Plaque de drapeau de 21 cm."},"content":{"rendered":"<h1>Plaque de drapeau de 21 cm de haut<\/h1>\n<p><span dir=\"auto\">La banni\u00e8re de 21 cm de haut est une solution tr\u00e8s fonctionnelle et polyvalente pour la signalisation int\u00e9rieure dans les entreprises et les lieux publics. Dot\u00e9e d&rsquo;une surface convexe, cette enseigne attire non seulement l&rsquo;attention, mais permet \u00e9galement une visibilit\u00e9 optimale des <strong>informations affich\u00e9es des deux c\u00f4t\u00e9s<\/strong>. Fabriqu\u00e9e avec un profil unique \u00e0 double fond en aluminium peint en argent, elle offre un aspect \u00e9l\u00e9gant et contemporain qui peut \u00eatre facilement int\u00e9gr\u00e9 dans n&rsquo;importe quel contexte. <\/span><\/p>\n<h2>La polyvalence de la plaque murale de 21 cm de haut : un \u00e9l\u00e9ment indispensable<\/h2>\n<p><span dir=\"auto\">L&rsquo;un des principaux avantages de ce panneau est sa capacit\u00e9 \u00e0 accueillir deux graphiques personnalisables. Les graphiques peuvent \u00eatre imprim\u00e9s sur des supports papier standard ou, pour plus de solidit\u00e9 et de durabilit\u00e9, sur du vinyljet, un mat\u00e9riau id\u00e9al pour les environnements \u00e0 fort trafic. Cette flexibilit\u00e9 permet de mettre \u00e0 jour les informations sur le panneau chaque fois que cela est n\u00e9cessaire, assurant ainsi une optimisation continue de la communication visuelle dans les espaces int\u00e9rieurs. <\/span><\/p>\n<p><span dir=\"auto\">Pour prot\u00e9ger et maintenir les graphiques intacts dans le temps, l&rsquo;enseigne est \u00e9quip\u00e9e de <strong>feuilles de protection en PVC transparent et antireflet.<\/strong> Ces feuilles assurent non seulement la stabilit\u00e9 des graphiques, en les maintenant fermement en place, mais elles les prot\u00e8gent \u00e9galement des dommages caus\u00e9s par l&rsquo;usure ou l&rsquo;exposition \u00e0 des facteurs environnementaux. Cette caract\u00e9ristique est particuli\u00e8rement utile dans les espaces publics tr\u00e8s fr\u00e9quent\u00e9s, o\u00f9 les contacts fr\u00e9quents peuvent compromettre la lisibilit\u00e9 des informations. <\/span><\/p>\n<p><span dir=\"auto\">Pour compl\u00e9ter la structure, l&rsquo;enseigne est dot\u00e9e d&rsquo;un support m\u00e9tallique sur un c\u00f4t\u00e9, ce qui permet de la fixer solidement au mur \u00e0 l&rsquo;aide de vis et de chevilles. Cette simplicit\u00e9 d&rsquo;installation fait de l&rsquo;enseigne drapeau une option id\u00e9ale pour ceux qui souhaitent appliquer un syst\u00e8me de signalisation pratique et imm\u00e9diat, en positionnant les indications n\u00e9cessaires de mani\u00e8re \u00e0 les orienter au mieux dans l&rsquo;espace. <\/span><\/p>\n<p><span dir=\"auto\">Couramment utilis\u00e9e pour d\u00e9signer des locaux tels que les salles de r\u00e9union, les salles de conf\u00e9rence, les toilettes, les vestiaires, les locaux techniques, les entrep\u00f4ts et les cantines, l&rsquo;<strong>enseigne \u00e0 drapeau double face<\/strong> s&rsquo;av\u00e8re \u00eatre un \u00e9l\u00e9ment indispensable pour am\u00e9liorer l&rsquo;exp\u00e9rience des utilisateurs, faciliter l&rsquo;identification des diff\u00e9rentes zones op\u00e9rationnelles et r\u00e9duire la d\u00e9sorientation. Elle contribue ainsi \u00e0 cr\u00e9er un environnement accueillant et bien organis\u00e9. <\/span><\/p>\n<h3>CARACT\u00c9RISTIQUES:<\/h3>\n<ul>\n<li>Surface convexe ;<\/li>\n<li>Mat\u00e9riau : aluminium ;<\/li>\n<li>Couleur : argent ;<\/li>\n<li>Capuchons argent\u00e9s en ABS ;<\/li>\n<li>Double feuille de PVC transparent antireflet ;<\/li>\n<li>Gestion graphique interchangeable ;<\/li>\n<li>Fixations murales par vis et chevilles.<\/li>\n<\/ul>\n<p>&nbsp;<\/p>\n<h4 style=\"text-align: center;\">Voir tous les autres mod\u00e8les sur ce <span style=\"color: #ff0000;\"><a style=\"color: #ff0000;\" href=\"https:\/\/www.smartystore.it\/fr\/categoria-prodotto\/signalisation-dentreprise\/signalisation-commerciale\/\" target=\"_blank\" rel=\"noopener\">LIEN<\/a><\/span><\/h4>\n<p>&nbsp;<\/p>\n<p><a href=\"https:\/\/www.smartystore.it\/v25\/wp-content\/uploads\/2026\/03\/STR-M1-B.pdf\" target=\"_blank\" rel=\"noopener\"><img loading=\"lazy\" decoding=\"async\" class=\"alignnone size-full wp-image-93672\" src=\"https:\/\/www.smartystore.it\/v25\/wp-content\/uploads\/2023\/11\/LogoDownload_yellow.jpg\" alt=\"\" width=\"50\" height=\"50\" \/><\/a> <a href=\"https:\/\/www.smartystore.it\/v25\/wp-content\/uploads\/2026\/03\/STR-M1-B.pdf\" target=\"_blank\" rel=\"noopener\"><strong>FICHE TECHNIQUE<\/strong><\/a><\/p>\n","protected":false},"excerpt":{"rendered":"<p>Plaque de drapeau convexe en aluminium. Hauteur 21 cm. Largeur en diff\u00e9rentes tailles.<\/p>\n","protected":false},"featured_media":98346,"comment_status":"open","ping_status":"closed","template":"","meta":{"_acf_changed":false},"pwb-brand":[],"product_brand":[],"product_cat":[3672,3670],"product_tag":[6711,6714,6713,6712,6664,6663],"class_list":{"0":"post-98353","1":"product","2":"type-product","3":"status-publish","4":"has-post-thumbnail","6":"product_cat-signalisation-commerciale","7":"product_cat-signalisation-dentreprise","8":"product_tag-plaque-de-drapeau","9":"product_tag-plaque-de-drapeau-avec-pvc-antireflet","10":"product_tag-plaque-de-drapeau-pour-graphiques-interchangeables","11":"product_tag-plaque-de-drapeau-pour-lexterieur","12":"product_tag-signalisation-dentreprise-a-linterieur","13":"product_tag-signalisation-de-lentreprise","14":"pa_c2c_dimensione-mm-150x210-l-x-h","15":"pa_c2c_dimensione-mm-300x210-l-x-h","16":"pa_c2c_mono_bifacciale-double-face","17":"pa_c2c_trovraprezzi-oui","19":"first","20":"instock","21":"taxable","22":"shipping-taxable","23":"purchasable","24":"product-type-variable"},"acf":[],"yoast_head":"<!-- This site is optimized with the Yoast SEO plugin v27.0 - https:\/\/yoast.com\/product\/yoast-seo-wordpress\/ -->\n<title>Plaque de drapeau de 21 cm. - Smarty Store Acheter au Meilleur Prix<\/title>\n<meta name=\"description\" content=\"Plaque de drapeau \u00e0 double profil en aluminium argent\u00e9 d&#039;une hauteur de 21 cm. La largeur est disponible en diff\u00e9rentes tailles. Livr\u00e9e avec un film PVC antireflet.\" \/>\n<meta name=\"robots\" content=\"index, follow, max-snippet:-1, max-image-preview:large, max-video-preview:-1\" \/>\n<link rel=\"canonical\" href=\"https:\/\/www.smartystore.it\/fr\/prodotto\/plaque-de-drapeau-de-21-cm\/\" \/>\n<meta property=\"og:locale\" content=\"fr_FR\" \/>\n<meta property=\"og:type\" content=\"article\" \/>\n<meta property=\"og:title\" content=\"Plaque de drapeau de 21 cm. - Smarty Store Acheter au Meilleur Prix\" \/>\n<meta property=\"og:description\" content=\"Plaque de drapeau \u00e0 double profil en aluminium argent\u00e9 d&#039;une hauteur de 21 cm. La largeur est disponible en diff\u00e9rentes tailles. Livr\u00e9e avec un film PVC antireflet.\" \/>\n<meta property=\"og:url\" content=\"https:\/\/www.smartystore.it\/fr\/prodotto\/plaque-de-drapeau-de-21-cm\/\" \/>\n<meta property=\"og:site_name\" content=\"Smarty Store\" \/>\n<meta property=\"article:publisher\" content=\"https:\/\/www.facebook.com\/smartystore.it\/\" \/>\n<meta property=\"article:modified_time\" content=\"2026-03-18T16:06:09+00:00\" \/>\n<meta property=\"og:image\" content=\"https:\/\/www.smartystore.it\/v25\/wp-content\/uploads\/2014\/06\/Targa-a-bandiera-con-pvc-di-protezione-h-21.jpg\" \/>\n\t<meta property=\"og:image:width\" content=\"1000\" \/>\n\t<meta property=\"og:image:height\" content=\"1000\" \/>\n\t<meta property=\"og:image:type\" content=\"image\/jpeg\" \/>\n<meta name=\"twitter:card\" content=\"summary_large_image\" \/>\n<meta name=\"twitter:site\" content=\"@smartystore\" \/>\n<meta name=\"twitter:label1\" content=\"Dur\u00e9e de lecture estim\u00e9e\" \/>\n\t<meta name=\"twitter:data1\" content=\"3 minutes\" \/>\n<script type=\"application\/ld+json\" class=\"yoast-schema-graph\">{\"@context\":\"https:\/\/schema.org\",\"@graph\":[{\"@type\":\"WebPage\",\"@id\":\"https:\/\/www.smartystore.it\/fr\/prodotto\/plaque-de-drapeau-de-21-cm\/\",\"url\":\"https:\/\/www.smartystore.it\/fr\/prodotto\/plaque-de-drapeau-de-21-cm\/\",\"name\":\"Plaque de drapeau de 21 cm. - Smarty Store Acheter au Meilleur Prix\",\"isPartOf\":{\"@id\":\"https:\/\/www.smartystore.it\/fr\/#website\"},\"primaryImageOfPage\":{\"@id\":\"https:\/\/www.smartystore.it\/fr\/prodotto\/plaque-de-drapeau-de-21-cm\/#primaryimage\"},\"image\":{\"@id\":\"https:\/\/www.smartystore.it\/fr\/prodotto\/plaque-de-drapeau-de-21-cm\/#primaryimage\"},\"thumbnailUrl\":\"https:\/\/www.smartystore.it\/v25\/wp-content\/uploads\/2014\/06\/Targa-a-bandiera-con-pvc-di-protezione-h-21.jpg\",\"datePublished\":\"2014-06-16T16:37:32+00:00\",\"dateModified\":\"2026-03-18T16:06:09+00:00\",\"description\":\"Plaque de drapeau \u00e0 double profil en aluminium argent\u00e9 d'une hauteur de 21 cm. La largeur est disponible en diff\u00e9rentes tailles. Livr\u00e9e avec un film PVC antireflet.\",\"breadcrumb\":{\"@id\":\"https:\/\/www.smartystore.it\/fr\/prodotto\/plaque-de-drapeau-de-21-cm\/#breadcrumb\"},\"inLanguage\":\"fr-FR\",\"potentialAction\":[{\"@type\":\"ReadAction\",\"target\":[\"https:\/\/www.smartystore.it\/fr\/prodotto\/plaque-de-drapeau-de-21-cm\/\"]}]},{\"@type\":\"ImageObject\",\"inLanguage\":\"fr-FR\",\"@id\":\"https:\/\/www.smartystore.it\/fr\/prodotto\/plaque-de-drapeau-de-21-cm\/#primaryimage\",\"url\":\"https:\/\/www.smartystore.it\/v25\/wp-content\/uploads\/2014\/06\/Targa-a-bandiera-con-pvc-di-protezione-h-21.jpg\",\"contentUrl\":\"https:\/\/www.smartystore.it\/v25\/wp-content\/uploads\/2014\/06\/Targa-a-bandiera-con-pvc-di-protezione-h-21.jpg\",\"width\":1000,\"height\":1000,\"caption\":\"Targa a bandiera da 21 cm di altezza con foglio in pvc trasparente antiriflesso\"},{\"@type\":\"BreadcrumbList\",\"@id\":\"https:\/\/www.smartystore.it\/fr\/prodotto\/plaque-de-drapeau-de-21-cm\/#breadcrumb\",\"itemListElement\":[{\"@type\":\"ListItem\",\"position\":1,\"name\":\"Accueil\",\"item\":\"https:\/\/www.smartystore.it\/fr\/\"},{\"@type\":\"ListItem\",\"position\":2,\"name\":\"Boutique\",\"item\":\"https:\/\/www.smartystore.it\/fr\/boutique\/\"},{\"@type\":\"ListItem\",\"position\":3,\"name\":\"Plaque de drapeau de 21 cm.\"}]},{\"@type\":\"WebSite\",\"@id\":\"https:\/\/www.smartystore.it\/fr\/#website\",\"url\":\"https:\/\/www.smartystore.it\/fr\/\",\"name\":\"Smarty Store\",\"description\":\"Espositori Pubblicitari e Sistemi di Comunicazione Visiva\",\"potentialAction\":[{\"@type\":\"SearchAction\",\"target\":{\"@type\":\"EntryPoint\",\"urlTemplate\":\"https:\/\/www.smartystore.it\/fr\/?s={search_term_string}\"},\"query-input\":{\"@type\":\"PropertyValueSpecification\",\"valueRequired\":true,\"valueName\":\"search_term_string\"}}],\"inLanguage\":\"fr-FR\"}]}<\/script>\n<!-- \/ Yoast SEO plugin. -->","yoast_head_json":{"title":"Plaque de drapeau de 21 cm. - Smarty Store Acheter au Meilleur Prix","description":"Plaque de drapeau \u00e0 double profil en aluminium argent\u00e9 d'une hauteur de 21 cm. La largeur est disponible en diff\u00e9rentes tailles. Livr\u00e9e avec un film PVC antireflet.","robots":{"index":"index","follow":"follow","max-snippet":"max-snippet:-1","max-image-preview":"max-image-preview:large","max-video-preview":"max-video-preview:-1"},"canonical":"https:\/\/www.smartystore.it\/fr\/prodotto\/plaque-de-drapeau-de-21-cm\/","og_locale":"fr_FR","og_type":"article","og_title":"Plaque de drapeau de 21 cm. - Smarty Store Acheter au Meilleur Prix","og_description":"Plaque de drapeau \u00e0 double profil en aluminium argent\u00e9 d'une hauteur de 21 cm. La largeur est disponible en diff\u00e9rentes tailles. Livr\u00e9e avec un film PVC antireflet.","og_url":"https:\/\/www.smartystore.it\/fr\/prodotto\/plaque-de-drapeau-de-21-cm\/","og_site_name":"Smarty Store","article_publisher":"https:\/\/www.facebook.com\/smartystore.it\/","article_modified_time":"2026-03-18T16:06:09+00:00","og_image":[{"width":1000,"height":1000,"url":"https:\/\/www.smartystore.it\/v25\/wp-content\/uploads\/2014\/06\/Targa-a-bandiera-con-pvc-di-protezione-h-21.jpg","type":"image\/jpeg"}],"twitter_card":"summary_large_image","twitter_site":"@smartystore","twitter_misc":{"Dur\u00e9e de lecture estim\u00e9e":"3 minutes"},"schema":{"@context":"https:\/\/schema.org","@graph":[{"@type":"WebPage","@id":"https:\/\/www.smartystore.it\/fr\/prodotto\/plaque-de-drapeau-de-21-cm\/","url":"https:\/\/www.smartystore.it\/fr\/prodotto\/plaque-de-drapeau-de-21-cm\/","name":"Plaque de drapeau de 21 cm. - Smarty Store Acheter au Meilleur Prix","isPartOf":{"@id":"https:\/\/www.smartystore.it\/fr\/#website"},"primaryImageOfPage":{"@id":"https:\/\/www.smartystore.it\/fr\/prodotto\/plaque-de-drapeau-de-21-cm\/#primaryimage"},"image":{"@id":"https:\/\/www.smartystore.it\/fr\/prodotto\/plaque-de-drapeau-de-21-cm\/#primaryimage"},"thumbnailUrl":"https:\/\/www.smartystore.it\/v25\/wp-content\/uploads\/2014\/06\/Targa-a-bandiera-con-pvc-di-protezione-h-21.jpg","datePublished":"2014-06-16T16:37:32+00:00","dateModified":"2026-03-18T16:06:09+00:00","description":"Plaque de drapeau \u00e0 double profil en aluminium argent\u00e9 d'une hauteur de 21 cm. La largeur est disponible en diff\u00e9rentes tailles. Livr\u00e9e avec un film PVC antireflet.","breadcrumb":{"@id":"https:\/\/www.smartystore.it\/fr\/prodotto\/plaque-de-drapeau-de-21-cm\/#breadcrumb"},"inLanguage":"fr-FR","potentialAction":[{"@type":"ReadAction","target":["https:\/\/www.smartystore.it\/fr\/prodotto\/plaque-de-drapeau-de-21-cm\/"]}]},{"@type":"ImageObject","inLanguage":"fr-FR","@id":"https:\/\/www.smartystore.it\/fr\/prodotto\/plaque-de-drapeau-de-21-cm\/#primaryimage","url":"https:\/\/www.smartystore.it\/v25\/wp-content\/uploads\/2014\/06\/Targa-a-bandiera-con-pvc-di-protezione-h-21.jpg","contentUrl":"https:\/\/www.smartystore.it\/v25\/wp-content\/uploads\/2014\/06\/Targa-a-bandiera-con-pvc-di-protezione-h-21.jpg","width":1000,"height":1000,"caption":"Targa a bandiera da 21 cm di altezza con foglio in pvc trasparente antiriflesso"},{"@type":"BreadcrumbList","@id":"https:\/\/www.smartystore.it\/fr\/prodotto\/plaque-de-drapeau-de-21-cm\/#breadcrumb","itemListElement":[{"@type":"ListItem","position":1,"name":"Accueil","item":"https:\/\/www.smartystore.it\/fr\/"},{"@type":"ListItem","position":2,"name":"Boutique","item":"https:\/\/www.smartystore.it\/fr\/boutique\/"},{"@type":"ListItem","position":3,"name":"Plaque de drapeau de 21 cm."}]},{"@type":"WebSite","@id":"https:\/\/www.smartystore.it\/fr\/#website","url":"https:\/\/www.smartystore.it\/fr\/","name":"Smarty Store","description":"Espositori Pubblicitari e Sistemi di Comunicazione Visiva","potentialAction":[{"@type":"SearchAction","target":{"@type":"EntryPoint","urlTemplate":"https:\/\/www.smartystore.it\/fr\/?s={search_term_string}"},"query-input":{"@type":"PropertyValueSpecification","valueRequired":true,"valueName":"search_term_string"}}],"inLanguage":"fr-FR"}]}},"brands":[],"_links":{"self":[{"href":"https:\/\/www.smartystore.it\/fr\/wp-json\/wp\/v2\/product\/98353","targetHints":{"allow":["GET"]}}],"collection":[{"href":"https:\/\/www.smartystore.it\/fr\/wp-json\/wp\/v2\/product"}],"about":[{"href":"https:\/\/www.smartystore.it\/fr\/wp-json\/wp\/v2\/types\/product"}],"replies":[{"embeddable":true,"href":"https:\/\/www.smartystore.it\/fr\/wp-json\/wp\/v2\/comments?post=98353"}],"wp:featuredmedia":[{"embeddable":true,"href":"https:\/\/www.smartystore.it\/fr\/wp-json\/wp\/v2\/media\/98346"}],"wp:attachment":[{"href":"https:\/\/www.smartystore.it\/fr\/wp-json\/wp\/v2\/media?parent=98353"}],"wp:term":[{"taxonomy":"pwb-brand","embeddable":true,"href":"https:\/\/www.smartystore.it\/fr\/wp-json\/wp\/v2\/pwb-brand?post=98353"},{"taxonomy":"product_brand","embeddable":true,"href":"https:\/\/www.smartystore.it\/fr\/wp-json\/wp\/v2\/product_brand?post=98353"},{"taxonomy":"product_cat","embeddable":true,"href":"https:\/\/www.smartystore.it\/fr\/wp-json\/wp\/v2\/product_cat?post=98353"},{"taxonomy":"product_tag","embeddable":true,"href":"https:\/\/www.smartystore.it\/fr\/wp-json\/wp\/v2\/product_tag?post=98353"}],"curies":[{"name":"wp","href":"https:\/\/api.w.org\/{rel}","templated":true}]}}