{"id":98341,"date":"2014-06-16T15:54:53","date_gmt":"2014-06-16T15:54:53","guid":{"rendered":"https:\/\/www.smartystore.it\/prodotto\/plaque-de-drapeau-de-10-cm\/"},"modified":"2026-03-18T17:18:57","modified_gmt":"2026-03-18T15:18:57","slug":"plaque-de-drapeau-de-10-cm","status":"publish","type":"product","link":"https:\/\/www.smartystore.it\/fr\/prodotto\/plaque-de-drapeau-de-10-cm\/","title":{"rendered":"Plaque de drapeau de 10 cm."},"content":{"rendered":"<h1>Plaque de drapeau de 10 cm de haut<\/h1>\n<p><span dir=\"auto\">La signal\u00e9tique d&rsquo;entreprise joue un r\u00f4le fondamental dans tout environnement de travail, contribuant non seulement \u00e0 l&rsquo;orientation des utilisateurs, mais aussi \u00e0 la cr\u00e9ation d&rsquo;une image professionnelle et organis\u00e9e. Dans ce contexte, l&rsquo;enseigne drapeau de 10 cm de haut appara\u00eet comme une solution id\u00e9ale pour les espaces int\u00e9rieurs, gr\u00e2ce \u00e0 son <strong>design distinctif<\/strong> et \u00e0 ses caract\u00e9ristiques fonctionnelles. <\/span><\/p>\n<p><span dir=\"auto\">L&rsquo;enseigne drapeau, con\u00e7ue sp\u00e9cifiquement pour les environnements int\u00e9rieurs, se caract\u00e9rise par son design convexe qui accentue sa visibilit\u00e9 et son attrait esth\u00e9tique. La <strong>surface incurv\u00e9e<\/strong> permet une r\u00e9flexion optimale de la lumi\u00e8re, ce qui rend les graphiques facilement lisibles sous diff\u00e9rents angles. Compos\u00e9e d&rsquo;un double profil\u00e9 de base en aluminium peint en argent, cette enseigne garantit non seulement la durabilit\u00e9 et la r\u00e9sistance dans le temps, mais conf\u00e8re \u00e9galement une touche d&rsquo;\u00e9l\u00e9gance \u00e0 n&rsquo;importe quel environnement.  <\/span><\/p>\n<p><span dir=\"auto\">Les embouts en ABS argent\u00e9 compl\u00e8tent le design de l&rsquo;enseigne, garantissant une finition soign\u00e9e et raffin\u00e9e. De plus, l&rsquo;enseigne est livr\u00e9e avec un support m\u00e9tallique pratique pour la fixation murale, accompagn\u00e9 de vis et de chevilles, facilitant l&rsquo;installation dans n&rsquo;importe quel type d&rsquo;espace. Ce syst\u00e8me de fixation assure une stabilit\u00e9 optimale, maintenant l&rsquo;enseigne fermement en place.  <\/span><\/p>\n<h2>La polyvalence de la plaque murale de 10 cm de haut : un \u00e9l\u00e9ment indispensable<\/h2>\n<p><span dir=\"auto\">L&rsquo;un des points forts de la plaque de drapeau est son graphisme interchangeable. Gr\u00e2ce \u00e0 ce syst\u00e8me, les informations figurant sur l&rsquo;enseigne peuvent \u00eatre facilement mises \u00e0 jour et adapt\u00e9es aux besoins changeants de l&rsquo;entreprise. La double feuille de protection en PVC transparent antireflet pr\u00e9serve non seulement la qualit\u00e9 du graphisme, mais contribue \u00e9galement \u00e0 assurer une visibilit\u00e9 constante, en \u00e9vitant les \u00e9blouissements g\u00eanants.  <\/span><\/p>\n<p><span dir=\"auto\">En r\u00e9sum\u00e9, l&rsquo;enseigne drapeau est un excellent choix pour la signalisation interne des entreprises. Avec son design \u00e9l\u00e9gant, ses mat\u00e9riaux de haute qualit\u00e9 et sa fonctionnalit\u00e9 polyvalente, elle r\u00e9pond parfaitement aux besoins d&rsquo;orientation et de communication visuelle sur le lieu de travail. Investir dans ce type de signal\u00e9tique, c&rsquo;est choisir un produit qui non seulement am\u00e9liore la convivialit\u00e9 des espaces, mais s&rsquo;int\u00e8gre aussi harmonieusement \u00e0 l&rsquo;image de l&rsquo;entreprise, en soulignant l&rsquo;attention port\u00e9e aux d\u00e9tails et le professionnalisme de la marque.  <\/span><\/p>\n<h3>CARACT\u00c9RISTIQUES:<\/h3>\n<ul>\n<li>Surface convexe ;<\/li>\n<li>Mat\u00e9riau : aluminium ;<\/li>\n<li>Couleur : argent ;<\/li>\n<li>Capuchons argent\u00e9s en ABS ;<\/li>\n<li>Double feuille de PVC transparent antireflet ;<\/li>\n<li>Gestion graphique interchangeable ;<\/li>\n<li>Fixations murales par vis et chevilles.<\/li>\n<\/ul>\n<p>&nbsp;<\/p>\n<h4 style=\"text-align: center;\">Voir tous les autres mod\u00e8les sur ce <span style=\"color: #ff0000;\"><a style=\"color: #ff0000;\" href=\"https:\/\/www.smartystore.it\/fr\/categoria-prodotto\/signalisation-dentreprise\/signalisation-commerciale\/\" target=\"_blank\" rel=\"noopener\">LIEN<\/a><\/span><\/h4>\n<p>&nbsp;<\/p>\n<p><a href=\"https:\/\/www.smartystore.it\/v25\/wp-content\/uploads\/2026\/03\/STR-M1-B.pdf\" target=\"_blank\" rel=\"noopener\"><img loading=\"lazy\" decoding=\"async\" class=\"alignnone size-full wp-image-93672\" src=\"https:\/\/www.smartystore.it\/v25\/wp-content\/uploads\/2023\/11\/LogoDownload_yellow.jpg\" alt=\"\" width=\"50\" height=\"50\"><\/a> <a href=\"https:\/\/www.smartystore.it\/v25\/wp-content\/uploads\/2026\/03\/STR-M1-B.pdf\" target=\"_blank\" rel=\"noopener\"><strong>FICHE TECHNIQUE<\/strong><\/a><\/p>\n","protected":false},"excerpt":{"rendered":"<p>Plaque de drapeau convexe en aluminium. Hauteur 10 cm. Largeur en diff\u00e9rentes tailles. Pour l&rsquo;int\u00e9rieur.   <\/p>\n","protected":false},"featured_media":98331,"comment_status":"open","ping_status":"closed","template":"","meta":{"_acf_changed":false},"pwb-brand":[],"product_brand":[],"product_cat":[3672,3670],"product_tag":[6711,6714,6713,6712,6664,6663],"class_list":{"0":"post-98341","1":"product","2":"type-product","3":"status-publish","4":"has-post-thumbnail","6":"product_cat-signalisation-commerciale","7":"product_cat-signalisation-dentreprise","8":"product_tag-plaque-de-drapeau","9":"product_tag-plaque-de-drapeau-avec-pvc-antireflet","10":"product_tag-plaque-de-drapeau-pour-graphiques-interchangeables","11":"product_tag-plaque-de-drapeau-pour-lexterieur","12":"product_tag-signalisation-dentreprise-a-linterieur","13":"product_tag-signalisation-de-lentreprise","14":"pa_c2c_dimensione-mm-150x100-l-x-h","15":"pa_c2c_dimensione-mm-200x100-l-x-h","16":"pa_c2c_dimensione-mm-250x100-l-x-h","17":"pa_c2c_mono_bifacciale-double-face","18":"pa_c2c_trovraprezzi-oui","20":"first","21":"instock","22":"taxable","23":"shipping-taxable","24":"purchasable","25":"product-type-variable"},"acf":[],"yoast_head":"<!-- This site is optimized with the Yoast SEO plugin v27.0 - https:\/\/yoast.com\/product\/yoast-seo-wordpress\/ -->\n<title>Plaque de drapeau de 10 cm. - Smarty Store Acheter au Meilleur Prix<\/title>\n<meta name=\"description\" content=\"Plaque de drapeau \u00e0 double profil en aluminium argent\u00e9 d&#039;une hauteur de 10 cm. La largeur est disponible en diff\u00e9rentes tailles. Livr\u00e9e avec un film PVC antireflet.\" \/>\n<meta name=\"robots\" content=\"index, follow, max-snippet:-1, max-image-preview:large, max-video-preview:-1\" \/>\n<link rel=\"canonical\" href=\"https:\/\/www.smartystore.it\/fr\/prodotto\/plaque-de-drapeau-de-10-cm\/\" \/>\n<meta property=\"og:locale\" content=\"fr_FR\" \/>\n<meta property=\"og:type\" content=\"article\" \/>\n<meta property=\"og:title\" content=\"Plaque de drapeau de 10 cm. - Smarty Store Acheter au Meilleur Prix\" \/>\n<meta property=\"og:description\" content=\"Plaque de drapeau \u00e0 double profil en aluminium argent\u00e9 d&#039;une hauteur de 10 cm. La largeur est disponible en diff\u00e9rentes tailles. Livr\u00e9e avec un film PVC antireflet.\" \/>\n<meta property=\"og:url\" content=\"https:\/\/www.smartystore.it\/fr\/prodotto\/plaque-de-drapeau-de-10-cm\/\" \/>\n<meta property=\"og:site_name\" content=\"Smarty Store\" \/>\n<meta property=\"article:publisher\" content=\"https:\/\/www.facebook.com\/smartystore.it\/\" \/>\n<meta property=\"article:modified_time\" content=\"2026-03-18T15:18:57+00:00\" \/>\n<meta property=\"og:image\" content=\"https:\/\/www.smartystore.it\/v25\/wp-content\/uploads\/2014\/06\/Targa-a-bandiera-con-pvc-di-protezione.jpg\" \/>\n\t<meta property=\"og:image:width\" content=\"1000\" \/>\n\t<meta property=\"og:image:height\" content=\"1000\" \/>\n\t<meta property=\"og:image:type\" content=\"image\/jpeg\" \/>\n<meta name=\"twitter:card\" content=\"summary_large_image\" \/>\n<meta name=\"twitter:site\" content=\"@smartystore\" \/>\n<meta name=\"twitter:label1\" content=\"Dur\u00e9e de lecture estim\u00e9e\" \/>\n\t<meta name=\"twitter:data1\" content=\"2 minutes\" \/>\n<script type=\"application\/ld+json\" class=\"yoast-schema-graph\">{\"@context\":\"https:\/\/schema.org\",\"@graph\":[{\"@type\":\"WebPage\",\"@id\":\"https:\/\/www.smartystore.it\/fr\/prodotto\/plaque-de-drapeau-de-10-cm\/\",\"url\":\"https:\/\/www.smartystore.it\/fr\/prodotto\/plaque-de-drapeau-de-10-cm\/\",\"name\":\"Plaque de drapeau de 10 cm. - Smarty Store Acheter au Meilleur Prix\",\"isPartOf\":{\"@id\":\"https:\/\/www.smartystore.it\/fr\/#website\"},\"primaryImageOfPage\":{\"@id\":\"https:\/\/www.smartystore.it\/fr\/prodotto\/plaque-de-drapeau-de-10-cm\/#primaryimage\"},\"image\":{\"@id\":\"https:\/\/www.smartystore.it\/fr\/prodotto\/plaque-de-drapeau-de-10-cm\/#primaryimage\"},\"thumbnailUrl\":\"https:\/\/www.smartystore.it\/v25\/wp-content\/uploads\/2014\/06\/Targa-a-bandiera-con-pvc-di-protezione.jpg\",\"datePublished\":\"2014-06-16T15:54:53+00:00\",\"dateModified\":\"2026-03-18T15:18:57+00:00\",\"description\":\"Plaque de drapeau \u00e0 double profil en aluminium argent\u00e9 d'une hauteur de 10 cm. La largeur est disponible en diff\u00e9rentes tailles. Livr\u00e9e avec un film PVC antireflet.\",\"breadcrumb\":{\"@id\":\"https:\/\/www.smartystore.it\/fr\/prodotto\/plaque-de-drapeau-de-10-cm\/#breadcrumb\"},\"inLanguage\":\"fr-FR\",\"potentialAction\":[{\"@type\":\"ReadAction\",\"target\":[\"https:\/\/www.smartystore.it\/fr\/prodotto\/plaque-de-drapeau-de-10-cm\/\"]}]},{\"@type\":\"ImageObject\",\"inLanguage\":\"fr-FR\",\"@id\":\"https:\/\/www.smartystore.it\/fr\/prodotto\/plaque-de-drapeau-de-10-cm\/#primaryimage\",\"url\":\"https:\/\/www.smartystore.it\/v25\/wp-content\/uploads\/2014\/06\/Targa-a-bandiera-con-pvc-di-protezione.jpg\",\"contentUrl\":\"https:\/\/www.smartystore.it\/v25\/wp-content\/uploads\/2014\/06\/Targa-a-bandiera-con-pvc-di-protezione.jpg\",\"width\":1000,\"height\":1000,\"caption\":\"Targa a bandiera da 10 cm di altezza completa di fpglio pvc antiriflesso\"},{\"@type\":\"BreadcrumbList\",\"@id\":\"https:\/\/www.smartystore.it\/fr\/prodotto\/plaque-de-drapeau-de-10-cm\/#breadcrumb\",\"itemListElement\":[{\"@type\":\"ListItem\",\"position\":1,\"name\":\"Accueil\",\"item\":\"https:\/\/www.smartystore.it\/fr\/\"},{\"@type\":\"ListItem\",\"position\":2,\"name\":\"Boutique\",\"item\":\"https:\/\/www.smartystore.it\/fr\/boutique\/\"},{\"@type\":\"ListItem\",\"position\":3,\"name\":\"Plaque de drapeau de 10 cm.\"}]},{\"@type\":\"WebSite\",\"@id\":\"https:\/\/www.smartystore.it\/fr\/#website\",\"url\":\"https:\/\/www.smartystore.it\/fr\/\",\"name\":\"Smarty Store\",\"description\":\"Espositori Pubblicitari e Sistemi di Comunicazione Visiva\",\"potentialAction\":[{\"@type\":\"SearchAction\",\"target\":{\"@type\":\"EntryPoint\",\"urlTemplate\":\"https:\/\/www.smartystore.it\/fr\/?s={search_term_string}\"},\"query-input\":{\"@type\":\"PropertyValueSpecification\",\"valueRequired\":true,\"valueName\":\"search_term_string\"}}],\"inLanguage\":\"fr-FR\"}]}<\/script>\n<!-- \/ Yoast SEO plugin. -->","yoast_head_json":{"title":"Plaque de drapeau de 10 cm. - Smarty Store Acheter au Meilleur Prix","description":"Plaque de drapeau \u00e0 double profil en aluminium argent\u00e9 d'une hauteur de 10 cm. La largeur est disponible en diff\u00e9rentes tailles. Livr\u00e9e avec un film PVC antireflet.","robots":{"index":"index","follow":"follow","max-snippet":"max-snippet:-1","max-image-preview":"max-image-preview:large","max-video-preview":"max-video-preview:-1"},"canonical":"https:\/\/www.smartystore.it\/fr\/prodotto\/plaque-de-drapeau-de-10-cm\/","og_locale":"fr_FR","og_type":"article","og_title":"Plaque de drapeau de 10 cm. - Smarty Store Acheter au Meilleur Prix","og_description":"Plaque de drapeau \u00e0 double profil en aluminium argent\u00e9 d'une hauteur de 10 cm. La largeur est disponible en diff\u00e9rentes tailles. Livr\u00e9e avec un film PVC antireflet.","og_url":"https:\/\/www.smartystore.it\/fr\/prodotto\/plaque-de-drapeau-de-10-cm\/","og_site_name":"Smarty Store","article_publisher":"https:\/\/www.facebook.com\/smartystore.it\/","article_modified_time":"2026-03-18T15:18:57+00:00","og_image":[{"width":1000,"height":1000,"url":"https:\/\/www.smartystore.it\/v25\/wp-content\/uploads\/2014\/06\/Targa-a-bandiera-con-pvc-di-protezione.jpg","type":"image\/jpeg"}],"twitter_card":"summary_large_image","twitter_site":"@smartystore","twitter_misc":{"Dur\u00e9e de lecture estim\u00e9e":"2 minutes"},"schema":{"@context":"https:\/\/schema.org","@graph":[{"@type":"WebPage","@id":"https:\/\/www.smartystore.it\/fr\/prodotto\/plaque-de-drapeau-de-10-cm\/","url":"https:\/\/www.smartystore.it\/fr\/prodotto\/plaque-de-drapeau-de-10-cm\/","name":"Plaque de drapeau de 10 cm. - Smarty Store Acheter au Meilleur Prix","isPartOf":{"@id":"https:\/\/www.smartystore.it\/fr\/#website"},"primaryImageOfPage":{"@id":"https:\/\/www.smartystore.it\/fr\/prodotto\/plaque-de-drapeau-de-10-cm\/#primaryimage"},"image":{"@id":"https:\/\/www.smartystore.it\/fr\/prodotto\/plaque-de-drapeau-de-10-cm\/#primaryimage"},"thumbnailUrl":"https:\/\/www.smartystore.it\/v25\/wp-content\/uploads\/2014\/06\/Targa-a-bandiera-con-pvc-di-protezione.jpg","datePublished":"2014-06-16T15:54:53+00:00","dateModified":"2026-03-18T15:18:57+00:00","description":"Plaque de drapeau \u00e0 double profil en aluminium argent\u00e9 d'une hauteur de 10 cm. La largeur est disponible en diff\u00e9rentes tailles. Livr\u00e9e avec un film PVC antireflet.","breadcrumb":{"@id":"https:\/\/www.smartystore.it\/fr\/prodotto\/plaque-de-drapeau-de-10-cm\/#breadcrumb"},"inLanguage":"fr-FR","potentialAction":[{"@type":"ReadAction","target":["https:\/\/www.smartystore.it\/fr\/prodotto\/plaque-de-drapeau-de-10-cm\/"]}]},{"@type":"ImageObject","inLanguage":"fr-FR","@id":"https:\/\/www.smartystore.it\/fr\/prodotto\/plaque-de-drapeau-de-10-cm\/#primaryimage","url":"https:\/\/www.smartystore.it\/v25\/wp-content\/uploads\/2014\/06\/Targa-a-bandiera-con-pvc-di-protezione.jpg","contentUrl":"https:\/\/www.smartystore.it\/v25\/wp-content\/uploads\/2014\/06\/Targa-a-bandiera-con-pvc-di-protezione.jpg","width":1000,"height":1000,"caption":"Targa a bandiera da 10 cm di altezza completa di fpglio pvc antiriflesso"},{"@type":"BreadcrumbList","@id":"https:\/\/www.smartystore.it\/fr\/prodotto\/plaque-de-drapeau-de-10-cm\/#breadcrumb","itemListElement":[{"@type":"ListItem","position":1,"name":"Accueil","item":"https:\/\/www.smartystore.it\/fr\/"},{"@type":"ListItem","position":2,"name":"Boutique","item":"https:\/\/www.smartystore.it\/fr\/boutique\/"},{"@type":"ListItem","position":3,"name":"Plaque de drapeau de 10 cm."}]},{"@type":"WebSite","@id":"https:\/\/www.smartystore.it\/fr\/#website","url":"https:\/\/www.smartystore.it\/fr\/","name":"Smarty Store","description":"Espositori Pubblicitari e Sistemi di Comunicazione Visiva","potentialAction":[{"@type":"SearchAction","target":{"@type":"EntryPoint","urlTemplate":"https:\/\/www.smartystore.it\/fr\/?s={search_term_string}"},"query-input":{"@type":"PropertyValueSpecification","valueRequired":true,"valueName":"search_term_string"}}],"inLanguage":"fr-FR"}]}},"brands":[],"_links":{"self":[{"href":"https:\/\/www.smartystore.it\/fr\/wp-json\/wp\/v2\/product\/98341","targetHints":{"allow":["GET"]}}],"collection":[{"href":"https:\/\/www.smartystore.it\/fr\/wp-json\/wp\/v2\/product"}],"about":[{"href":"https:\/\/www.smartystore.it\/fr\/wp-json\/wp\/v2\/types\/product"}],"replies":[{"embeddable":true,"href":"https:\/\/www.smartystore.it\/fr\/wp-json\/wp\/v2\/comments?post=98341"}],"wp:featuredmedia":[{"embeddable":true,"href":"https:\/\/www.smartystore.it\/fr\/wp-json\/wp\/v2\/media\/98331"}],"wp:attachment":[{"href":"https:\/\/www.smartystore.it\/fr\/wp-json\/wp\/v2\/media?parent=98341"}],"wp:term":[{"taxonomy":"pwb-brand","embeddable":true,"href":"https:\/\/www.smartystore.it\/fr\/wp-json\/wp\/v2\/pwb-brand?post=98341"},{"taxonomy":"product_brand","embeddable":true,"href":"https:\/\/www.smartystore.it\/fr\/wp-json\/wp\/v2\/product_brand?post=98341"},{"taxonomy":"product_cat","embeddable":true,"href":"https:\/\/www.smartystore.it\/fr\/wp-json\/wp\/v2\/product_cat?post=98341"},{"taxonomy":"product_tag","embeddable":true,"href":"https:\/\/www.smartystore.it\/fr\/wp-json\/wp\/v2\/product_tag?post=98341"}],"curies":[{"name":"wp","href":"https:\/\/api.w.org\/{rel}","templated":true}]}}