{"id":98324,"date":"2013-05-23T16:23:23","date_gmt":"2013-05-23T16:23:23","guid":{"rendered":"https:\/\/www.smartystore.it\/prodotto\/plaque-de-drapeau-de-15-cm\/"},"modified":"2026-03-18T17:18:48","modified_gmt":"2026-03-18T15:18:48","slug":"plaque-de-drapeau-de-15-cm","status":"publish","type":"product","link":"https:\/\/www.smartystore.it\/fr\/prodotto\/plaque-de-drapeau-de-15-cm\/","title":{"rendered":"Plaque de drapeau de 15 cm."},"content":{"rendered":"<h1>Plaque de drapeau de 15 cm de haut<\/h1>\n<p><span dir=\"auto\">Le choix d&rsquo;une enseigne banni\u00e8re de 15 cm de haut pour la signal\u00e9tique d&rsquo;entreprise est essentiel pour assurer une communication visuelle claire et efficace au sein des espaces d&rsquo;entreprise. Notre enseigne drapeau double face, con\u00e7ue pour l&rsquo;int\u00e9rieur, est une excellente solution pour ceux qui souhaitent un <strong>produit de haute qualit\u00e9 au design fonctionnel.<\/strong> <\/span><\/p>\n<p><span dir=\"auto\">Fabriqu\u00e9 avec un profil\u00e9 \u00e0 double fond en aluminium peint en argent, ce panneau se distingue non seulement par sa <strong>robustesse<\/strong>, mais aussi par son <strong>esth\u00e9tique \u00e9l\u00e9gante et moderne<\/strong>. La <strong>surface convexe<\/strong> contribue \u00e0 une plus grande visibilit\u00e9 et \u00e0 un meilleur impact visuel, facilitant la lecture des informations, de pr\u00e8s comme de loin. Les embouts en ABS argent\u00e9 ajoutent une touche de sophistication suppl\u00e9mentaire, compl\u00e9tant le design g\u00e9n\u00e9ral du produit.  <\/span><\/p>\n<p><span dir=\"auto\">Pour faciliter l&rsquo;installation, le panneau est fourni avec un support m\u00e9tallique pour la fixation murale, accompagn\u00e9 de vis et de chevilles. Cela garantit non seulement la stabilit\u00e9 de la plaque, mais aussi une application simple sur les surfaces souhait\u00e9es, sans n\u00e9cessiter d&rsquo;outils sp\u00e9ciaux. <\/span><\/p>\n<h2>La polyvalence de la plaque murale de 15 cm de haut : un \u00e9l\u00e9ment indispensable<\/h2>\n<p><span dir=\"auto\">La polyvalence de cet \u00e9l\u00e9ment est encore renforc\u00e9e par les graphiques interchangeables, qui permettent une mise \u00e0 jour rapide et pratique des informations, r\u00e9pondant ainsi aux besoins dynamiques d&rsquo;un environnement professionnel en constante \u00e9volution.<\/span><\/p>\n<p><span dir=\"auto\">En outre, la plaque signal\u00e9tique est dot\u00e9e d&rsquo;un double film de protection en PVC transparent et antireflet, qui non seulement prot\u00e8ge le contenu de la poussi\u00e8re et de l&rsquo;usure, mais r\u00e9duit \u00e9galement les reflets ind\u00e9sirables, garantissant ainsi une visibilit\u00e9 optimale dans toutes les conditions d&rsquo;\u00e9clairage. Les employ\u00e9s et les visiteurs b\u00e9n\u00e9ficient ainsi d&rsquo;une meilleure exp\u00e9rience utilisateur, car les informations sont toujours claires et accessibles. <\/span><\/p>\n<p><span dir=\"auto\">En r\u00e9sum\u00e9, l&rsquo;enseigne drapeau double face en aluminium laqu\u00e9 argent\u00e9 est la solution id\u00e9ale pour toutes les entreprises qui souhaitent am\u00e9liorer leur signalisation interne. Gr\u00e2ce \u00e0 son design \u00e9l\u00e9gant, sa facilit\u00e9 d&rsquo;installation et ses possibilit\u00e9s de personnalisation, elle s&rsquo;int\u00e8gre parfaitement \u00e0 tout espace de travail, contribuant ainsi \u00e0 une communication d&rsquo;entreprise efficace et professionnelle. <\/span><\/p>\n<h3>CARACT\u00c9RISTIQUES:<\/h3>\n<ul>\n<li>Surface convexe ;<\/li>\n<li>Mat\u00e9riau : aluminium ;<\/li>\n<li>Couleur : argent ;<\/li>\n<li>Capuchons argent\u00e9s en ABS ;<\/li>\n<li>Double feuille de PVC transparent antireflet ;<\/li>\n<li>Gestion graphique interchangeable ;<\/li>\n<li>Fixations murales par vis et chevilles.<\/li>\n<\/ul>\n<p>&nbsp;<\/p>\n<h4 style=\"text-align: center;\">Voir tous les autres mod\u00e8les sur ce <span style=\"color: #ff0000;\"><a style=\"color: #ff0000;\" href=\"https:\/\/www.smartystore.it\/fr\/categoria-prodotto\/signalisation-dentreprise\/signalisation-commerciale\/\" target=\"_blank\" rel=\"noopener\">LIEN<\/a><\/span><\/h4>\n<p>&nbsp;<\/p>\n<p><a href=\"https:\/\/www.smartystore.it\/v25\/wp-content\/uploads\/2026\/03\/STR-M1-B.pdf\" target=\"_blank\" rel=\"noopener\"><img loading=\"lazy\" decoding=\"async\" class=\"alignnone size-full wp-image-93672\" src=\"https:\/\/www.smartystore.it\/v25\/wp-content\/uploads\/2023\/11\/LogoDownload_yellow.jpg\" alt=\"\" width=\"50\" height=\"50\"><\/a> <a href=\"https:\/\/www.smartystore.it\/v25\/wp-content\/uploads\/2026\/03\/STR-M1-B.pdf\" target=\"_blank\" rel=\"noopener\"><strong>FICHE TECHNIQUE<\/strong><\/a><\/p>\n","protected":false},"excerpt":{"rendered":"<p>Plaque de drapeau convexe en aluminium. Hauteur 15 cm. Largeur en diff\u00e9rentes tailles.  <\/p>\n","protected":false},"featured_media":98293,"comment_status":"open","ping_status":"closed","template":"","meta":{"_acf_changed":false},"pwb-brand":[],"product_brand":[],"product_cat":[3672,3670],"product_tag":[6711,6714,6713,6712,6664,6663],"class_list":{"0":"post-98324","1":"product","2":"type-product","3":"status-publish","4":"has-post-thumbnail","6":"product_cat-signalisation-commerciale","7":"product_cat-signalisation-dentreprise","8":"product_tag-plaque-de-drapeau","9":"product_tag-plaque-de-drapeau-avec-pvc-antireflet","10":"product_tag-plaque-de-drapeau-pour-graphiques-interchangeables","11":"product_tag-plaque-de-drapeau-pour-lexterieur","12":"product_tag-signalisation-dentreprise-a-linterieur","13":"product_tag-signalisation-de-lentreprise","14":"pa_c2c_dimensione-mm-150x150-l-x-h","15":"pa_c2c_dimensione-mm-200x150-l-x-h","16":"pa_c2c_dimensione-mm-250x150-l-x-h","17":"pa_c2c_dimensione-mm-300x150-l-x-h","18":"pa_c2c_trovraprezzi-oui","20":"first","21":"instock","22":"taxable","23":"shipping-taxable","24":"purchasable","25":"product-type-variable"},"acf":[],"yoast_head":"<!-- This site is optimized with the Yoast SEO plugin v27.0 - https:\/\/yoast.com\/product\/yoast-seo-wordpress\/ -->\n<title>Plaque de drapeau de 15 cm. - Smarty Store Acheter au Meilleur Prix<\/title>\n<meta name=\"description\" content=\"Plaque de drapeau \u00e0 double profil en aluminium argent\u00e9 d&#039;une hauteur de 15 cm. La largeur est disponible en diff\u00e9rentes tailles. Livr\u00e9e avec un film PVC antireflet.\" \/>\n<meta name=\"robots\" content=\"index, follow, max-snippet:-1, max-image-preview:large, max-video-preview:-1\" \/>\n<link rel=\"canonical\" href=\"https:\/\/www.smartystore.it\/fr\/prodotto\/plaque-de-drapeau-de-15-cm\/\" \/>\n<meta property=\"og:locale\" content=\"fr_FR\" \/>\n<meta property=\"og:type\" content=\"article\" \/>\n<meta property=\"og:title\" content=\"Plaque de drapeau de 15 cm. - Smarty Store Acheter au Meilleur Prix\" \/>\n<meta property=\"og:description\" content=\"Plaque de drapeau \u00e0 double profil en aluminium argent\u00e9 d&#039;une hauteur de 15 cm. La largeur est disponible en diff\u00e9rentes tailles. Livr\u00e9e avec un film PVC antireflet.\" \/>\n<meta property=\"og:url\" content=\"https:\/\/www.smartystore.it\/fr\/prodotto\/plaque-de-drapeau-de-15-cm\/\" \/>\n<meta property=\"og:site_name\" content=\"Smarty Store\" \/>\n<meta property=\"article:publisher\" content=\"https:\/\/www.facebook.com\/smartystore.it\/\" \/>\n<meta property=\"article:modified_time\" content=\"2026-03-18T15:18:48+00:00\" \/>\n<meta property=\"og:image\" content=\"https:\/\/www.smartystore.it\/v25\/wp-content\/uploads\/2013\/05\/Targa-a-bandiera-con-pvc-di-protezione-h-15.jpg\" \/>\n\t<meta property=\"og:image:width\" content=\"1000\" \/>\n\t<meta property=\"og:image:height\" content=\"1000\" \/>\n\t<meta property=\"og:image:type\" content=\"image\/jpeg\" \/>\n<meta name=\"twitter:card\" content=\"summary_large_image\" \/>\n<meta name=\"twitter:site\" content=\"@smartystore\" \/>\n<meta name=\"twitter:label1\" content=\"Dur\u00e9e de lecture estim\u00e9e\" \/>\n\t<meta name=\"twitter:data1\" content=\"3 minutes\" \/>\n<script type=\"application\/ld+json\" class=\"yoast-schema-graph\">{\"@context\":\"https:\/\/schema.org\",\"@graph\":[{\"@type\":\"WebPage\",\"@id\":\"https:\/\/www.smartystore.it\/fr\/prodotto\/plaque-de-drapeau-de-15-cm\/\",\"url\":\"https:\/\/www.smartystore.it\/fr\/prodotto\/plaque-de-drapeau-de-15-cm\/\",\"name\":\"Plaque de drapeau de 15 cm. - Smarty Store Acheter au Meilleur Prix\",\"isPartOf\":{\"@id\":\"https:\/\/www.smartystore.it\/fr\/#website\"},\"primaryImageOfPage\":{\"@id\":\"https:\/\/www.smartystore.it\/fr\/prodotto\/plaque-de-drapeau-de-15-cm\/#primaryimage\"},\"image\":{\"@id\":\"https:\/\/www.smartystore.it\/fr\/prodotto\/plaque-de-drapeau-de-15-cm\/#primaryimage\"},\"thumbnailUrl\":\"https:\/\/www.smartystore.it\/v25\/wp-content\/uploads\/2013\/05\/Targa-a-bandiera-con-pvc-di-protezione-h-15.jpg\",\"datePublished\":\"2013-05-23T16:23:23+00:00\",\"dateModified\":\"2026-03-18T15:18:48+00:00\",\"description\":\"Plaque de drapeau \u00e0 double profil en aluminium argent\u00e9 d'une hauteur de 15 cm. La largeur est disponible en diff\u00e9rentes tailles. Livr\u00e9e avec un film PVC antireflet.\",\"breadcrumb\":{\"@id\":\"https:\/\/www.smartystore.it\/fr\/prodotto\/plaque-de-drapeau-de-15-cm\/#breadcrumb\"},\"inLanguage\":\"fr-FR\",\"potentialAction\":[{\"@type\":\"ReadAction\",\"target\":[\"https:\/\/www.smartystore.it\/fr\/prodotto\/plaque-de-drapeau-de-15-cm\/\"]}]},{\"@type\":\"ImageObject\",\"inLanguage\":\"fr-FR\",\"@id\":\"https:\/\/www.smartystore.it\/fr\/prodotto\/plaque-de-drapeau-de-15-cm\/#primaryimage\",\"url\":\"https:\/\/www.smartystore.it\/v25\/wp-content\/uploads\/2013\/05\/Targa-a-bandiera-con-pvc-di-protezione-h-15.jpg\",\"contentUrl\":\"https:\/\/www.smartystore.it\/v25\/wp-content\/uploads\/2013\/05\/Targa-a-bandiera-con-pvc-di-protezione-h-15.jpg\",\"width\":1000,\"height\":1000,\"caption\":\"Plaque de drapeau de 15 cm\"},{\"@type\":\"BreadcrumbList\",\"@id\":\"https:\/\/www.smartystore.it\/fr\/prodotto\/plaque-de-drapeau-de-15-cm\/#breadcrumb\",\"itemListElement\":[{\"@type\":\"ListItem\",\"position\":1,\"name\":\"Accueil\",\"item\":\"https:\/\/www.smartystore.it\/fr\/\"},{\"@type\":\"ListItem\",\"position\":2,\"name\":\"Boutique\",\"item\":\"https:\/\/www.smartystore.it\/fr\/boutique\/\"},{\"@type\":\"ListItem\",\"position\":3,\"name\":\"Plaque de drapeau de 15 cm.\"}]},{\"@type\":\"WebSite\",\"@id\":\"https:\/\/www.smartystore.it\/fr\/#website\",\"url\":\"https:\/\/www.smartystore.it\/fr\/\",\"name\":\"Smarty Store\",\"description\":\"Espositori Pubblicitari e Sistemi di Comunicazione Visiva\",\"potentialAction\":[{\"@type\":\"SearchAction\",\"target\":{\"@type\":\"EntryPoint\",\"urlTemplate\":\"https:\/\/www.smartystore.it\/fr\/?s={search_term_string}\"},\"query-input\":{\"@type\":\"PropertyValueSpecification\",\"valueRequired\":true,\"valueName\":\"search_term_string\"}}],\"inLanguage\":\"fr-FR\"}]}<\/script>\n<!-- \/ Yoast SEO plugin. -->","yoast_head_json":{"title":"Plaque de drapeau de 15 cm. - Smarty Store Acheter au Meilleur Prix","description":"Plaque de drapeau \u00e0 double profil en aluminium argent\u00e9 d'une hauteur de 15 cm. La largeur est disponible en diff\u00e9rentes tailles. Livr\u00e9e avec un film PVC antireflet.","robots":{"index":"index","follow":"follow","max-snippet":"max-snippet:-1","max-image-preview":"max-image-preview:large","max-video-preview":"max-video-preview:-1"},"canonical":"https:\/\/www.smartystore.it\/fr\/prodotto\/plaque-de-drapeau-de-15-cm\/","og_locale":"fr_FR","og_type":"article","og_title":"Plaque de drapeau de 15 cm. - Smarty Store Acheter au Meilleur Prix","og_description":"Plaque de drapeau \u00e0 double profil en aluminium argent\u00e9 d'une hauteur de 15 cm. La largeur est disponible en diff\u00e9rentes tailles. Livr\u00e9e avec un film PVC antireflet.","og_url":"https:\/\/www.smartystore.it\/fr\/prodotto\/plaque-de-drapeau-de-15-cm\/","og_site_name":"Smarty Store","article_publisher":"https:\/\/www.facebook.com\/smartystore.it\/","article_modified_time":"2026-03-18T15:18:48+00:00","og_image":[{"width":1000,"height":1000,"url":"https:\/\/www.smartystore.it\/v25\/wp-content\/uploads\/2013\/05\/Targa-a-bandiera-con-pvc-di-protezione-h-15.jpg","type":"image\/jpeg"}],"twitter_card":"summary_large_image","twitter_site":"@smartystore","twitter_misc":{"Dur\u00e9e de lecture estim\u00e9e":"3 minutes"},"schema":{"@context":"https:\/\/schema.org","@graph":[{"@type":"WebPage","@id":"https:\/\/www.smartystore.it\/fr\/prodotto\/plaque-de-drapeau-de-15-cm\/","url":"https:\/\/www.smartystore.it\/fr\/prodotto\/plaque-de-drapeau-de-15-cm\/","name":"Plaque de drapeau de 15 cm. - Smarty Store Acheter au Meilleur Prix","isPartOf":{"@id":"https:\/\/www.smartystore.it\/fr\/#website"},"primaryImageOfPage":{"@id":"https:\/\/www.smartystore.it\/fr\/prodotto\/plaque-de-drapeau-de-15-cm\/#primaryimage"},"image":{"@id":"https:\/\/www.smartystore.it\/fr\/prodotto\/plaque-de-drapeau-de-15-cm\/#primaryimage"},"thumbnailUrl":"https:\/\/www.smartystore.it\/v25\/wp-content\/uploads\/2013\/05\/Targa-a-bandiera-con-pvc-di-protezione-h-15.jpg","datePublished":"2013-05-23T16:23:23+00:00","dateModified":"2026-03-18T15:18:48+00:00","description":"Plaque de drapeau \u00e0 double profil en aluminium argent\u00e9 d'une hauteur de 15 cm. La largeur est disponible en diff\u00e9rentes tailles. Livr\u00e9e avec un film PVC antireflet.","breadcrumb":{"@id":"https:\/\/www.smartystore.it\/fr\/prodotto\/plaque-de-drapeau-de-15-cm\/#breadcrumb"},"inLanguage":"fr-FR","potentialAction":[{"@type":"ReadAction","target":["https:\/\/www.smartystore.it\/fr\/prodotto\/plaque-de-drapeau-de-15-cm\/"]}]},{"@type":"ImageObject","inLanguage":"fr-FR","@id":"https:\/\/www.smartystore.it\/fr\/prodotto\/plaque-de-drapeau-de-15-cm\/#primaryimage","url":"https:\/\/www.smartystore.it\/v25\/wp-content\/uploads\/2013\/05\/Targa-a-bandiera-con-pvc-di-protezione-h-15.jpg","contentUrl":"https:\/\/www.smartystore.it\/v25\/wp-content\/uploads\/2013\/05\/Targa-a-bandiera-con-pvc-di-protezione-h-15.jpg","width":1000,"height":1000,"caption":"Plaque de drapeau de 15 cm"},{"@type":"BreadcrumbList","@id":"https:\/\/www.smartystore.it\/fr\/prodotto\/plaque-de-drapeau-de-15-cm\/#breadcrumb","itemListElement":[{"@type":"ListItem","position":1,"name":"Accueil","item":"https:\/\/www.smartystore.it\/fr\/"},{"@type":"ListItem","position":2,"name":"Boutique","item":"https:\/\/www.smartystore.it\/fr\/boutique\/"},{"@type":"ListItem","position":3,"name":"Plaque de drapeau de 15 cm."}]},{"@type":"WebSite","@id":"https:\/\/www.smartystore.it\/fr\/#website","url":"https:\/\/www.smartystore.it\/fr\/","name":"Smarty Store","description":"Espositori Pubblicitari e Sistemi di Comunicazione Visiva","potentialAction":[{"@type":"SearchAction","target":{"@type":"EntryPoint","urlTemplate":"https:\/\/www.smartystore.it\/fr\/?s={search_term_string}"},"query-input":{"@type":"PropertyValueSpecification","valueRequired":true,"valueName":"search_term_string"}}],"inLanguage":"fr-FR"}]}},"brands":[],"_links":{"self":[{"href":"https:\/\/www.smartystore.it\/fr\/wp-json\/wp\/v2\/product\/98324","targetHints":{"allow":["GET"]}}],"collection":[{"href":"https:\/\/www.smartystore.it\/fr\/wp-json\/wp\/v2\/product"}],"about":[{"href":"https:\/\/www.smartystore.it\/fr\/wp-json\/wp\/v2\/types\/product"}],"replies":[{"embeddable":true,"href":"https:\/\/www.smartystore.it\/fr\/wp-json\/wp\/v2\/comments?post=98324"}],"wp:featuredmedia":[{"embeddable":true,"href":"https:\/\/www.smartystore.it\/fr\/wp-json\/wp\/v2\/media\/98293"}],"wp:attachment":[{"href":"https:\/\/www.smartystore.it\/fr\/wp-json\/wp\/v2\/media?parent=98324"}],"wp:term":[{"taxonomy":"pwb-brand","embeddable":true,"href":"https:\/\/www.smartystore.it\/fr\/wp-json\/wp\/v2\/pwb-brand?post=98324"},{"taxonomy":"product_brand","embeddable":true,"href":"https:\/\/www.smartystore.it\/fr\/wp-json\/wp\/v2\/product_brand?post=98324"},{"taxonomy":"product_cat","embeddable":true,"href":"https:\/\/www.smartystore.it\/fr\/wp-json\/wp\/v2\/product_cat?post=98324"},{"taxonomy":"product_tag","embeddable":true,"href":"https:\/\/www.smartystore.it\/fr\/wp-json\/wp\/v2\/product_tag?post=98324"}],"curies":[{"name":"wp","href":"https:\/\/api.w.org\/{rel}","templated":true}]}}