{"id":98266,"date":"2013-05-23T16:14:23","date_gmt":"2013-05-23T16:14:23","guid":{"rendered":"https:\/\/www.smartystore.it\/prodotto\/plaque-murale-de-21-cm\/"},"modified":"2026-03-16T16:27:57","modified_gmt":"2026-03-16T14:27:57","slug":"plaque-murale-de-21-cm","status":"publish","type":"product","link":"https:\/\/www.smartystore.it\/fr\/prodotto\/plaque-murale-de-21-cm\/","title":{"rendered":"Plaque murale de 21 cm."},"content":{"rendered":"<h1>Plaque murale de 21 cm de large<\/h1>\n<p><span dir=\"auto\">Notre plaque murale de 21 cm de large est une excellente solution pour l&rsquo;identification et la signalisation dans les environnements int\u00e9rieurs, alliant <strong>esth\u00e9tique et fonctionnalit\u00e9<\/strong>. D&rsquo;une largeur de 21 cm, cette plaque est fabriqu\u00e9e en aluminium argent\u00e9 de haute qualit\u00e9, ce qui lui conf\u00e8re un <strong>aspect \u00e9l\u00e9gant et moderne<\/strong>, parfait pour tout contexte professionnel ou commercial. <\/span><\/p>\n<p><span dir=\"auto\">Ce panneau est con\u00e7u pour \u00eatre utilis\u00e9 sur une seule face. En outre, il est \u00e9quip\u00e9 d&rsquo;une feuille de<strong>protection antireflet en PVC transparent<\/strong>, qui garantit que les graphiques restent toujours lisibles et exempts de reflets ind\u00e9sirables, m\u00eame dans des conditions d&rsquo;\u00e9clairage variables. <\/span><\/p>\n<p><span dir=\"auto\">Un autre avantage des enseignes hors porte est la pr\u00e9sence de trous dissimul\u00e9s, qui permettent une installation propre et discr\u00e8te. Cet aspect, combin\u00e9 \u00e0 la possibilit\u00e9 d&rsquo;utiliser des graphismes interchangeables, permet d&rsquo;adapter la signal\u00e9tique \u00e0 diff\u00e9rents contextes et besoins d&rsquo;information, qu&rsquo;il s&rsquo;agisse d&rsquo;indiquer le nom d&rsquo;un bureau, d&rsquo;un professionnel ou d&rsquo;une zone sp\u00e9cifique \u00e0 l&rsquo;int\u00e9rieur d&rsquo;un b\u00e2timent. <\/span><\/p>\n<h2>La polyvalence de la plaque murale de 21 cm de large : un \u00e9l\u00e9ment indispensable<\/h2>\n<p><span dir=\"auto\">L&rsquo;utilisation d&#8217;embouts en ABS de couleur argent\u00e9e permet de positionner le panneau dans l&rsquo;une ou l&rsquo;autre orientation : ils peuvent \u00eatre plac\u00e9s sur les c\u00f4t\u00e9s droit\/gauche ou haut\/bas, offrant ainsi une flexibilit\u00e9 dans le choix de l&rsquo;orientation la mieux adapt\u00e9e aux besoins.<\/span><\/p>\n<p><span dir=\"auto\">La surface convexe de la plaque ne met pas seulement en valeur le design, mais contribue \u00e9galement \u00e0 attirer l&rsquo;attention, en facilitant la lecture des informations affich\u00e9es. En r\u00e9sum\u00e9, notre plaque murale en aluminium argent\u00e9 avec embouts et terminaux en ABS argent\u00e9 est un choix viable et stylistiquement sophistiqu\u00e9 pour am\u00e9liorer la communication visuelle dans votre espace. Choisissez d&rsquo;investir dans une signalisation qui refl\u00e8te le professionnalisme et l&rsquo;attention port\u00e9e aux d\u00e9tails.  <\/span><\/p>\n<h3>CARACT\u00c9RISTIQUES:<\/h3>\n<ul>\n<li>Surface convexe ;<\/li>\n<li>Mat\u00e9riau : aluminium ;<\/li>\n<li>Couleur : argent ;<\/li>\n<li>Capuchons argent\u00e9s en ABS ;<\/li>\n<li>Feuille de PVC transparente antireflet ;<\/li>\n<li>Trous pour un montage mural dissimul\u00e9 ;<\/li>\n<li>Gestion graphique interchangeable ;<\/li>\n<li>Fixation murale \u00e0 l&rsquo;aide d&rsquo;un ruban adh\u00e9sif double face ou de vis et de chevilles.<\/li>\n<\/ul>\n<p>&nbsp;<\/p>\n<h4 style=\"text-align: center;\">Voir tous les autres mod\u00e8les sur ce <span style=\"color: #ff0000;\"><a style=\"color: #ff0000;\" href=\"https:\/\/www.smartystore.it\/fr\/categoria-prodotto\/signalisation-dentreprise\/signalisation-commerciale\/\" target=\"_blank\" rel=\"noopener\">LIEN<\/a><\/span><\/h4>\n<p>&nbsp;<\/p>\n<p><a href=\"https:\/\/www.smartystore.it\/v25\/wp-content\/uploads\/2026\/03\/STR-M1-P.pdf\" target=\"_blank\" rel=\"noopener\"><img loading=\"lazy\" decoding=\"async\" class=\"alignnone size-full wp-image-93672\" src=\"https:\/\/www.smartystore.it\/v25\/wp-content\/uploads\/2023\/11\/LogoDownload_yellow.jpg\" alt=\"\" width=\"50\" height=\"50\"><\/a> <a href=\"https:\/\/www.smartystore.it\/v25\/wp-content\/uploads\/2026\/03\/STR-M1-P.pdf\" target=\"_blank\" rel=\"noopener\"><strong>FICHE TECHNIQUE<\/strong><\/a><\/p>\n<p>&nbsp;<\/p>\n","protected":false},"excerpt":{"rendered":"<p>Plaque murale convexe en aluminium. Largeur 21 cm. Hauteur en diff\u00e9rentes tailles.  <\/p>\n","protected":false},"featured_media":98232,"comment_status":"open","ping_status":"closed","template":"","meta":{"_acf_changed":false},"pwb-brand":[],"product_brand":[],"product_cat":[3672,3670],"product_tag":[6662,6680,6661,6679,6664,6663],"class_list":{"0":"post-98266","1":"product","2":"type-product","3":"status-publish","4":"has-post-thumbnail","6":"product_cat-signalisation-commerciale","7":"product_cat-signalisation-dentreprise","8":"product_tag-assiette-de-plein-air","9":"product_tag-plaque-avec-pvc-antireflet","10":"product_tag-plaque-murale","11":"product_tag-plaque-pour-graphiques-interchangeables","12":"product_tag-signalisation-dentreprise-a-linterieur","13":"product_tag-signalisation-de-lentreprise","14":"pa_c2c_dimensione-mm-210x100-l-x-h","15":"pa_c2c_dimensione-mm-210x1000-l-x-h","16":"pa_c2c_dimensione-mm-210x1200-l-x-h","17":"pa_c2c_dimensione-mm-210x150-l-x-h","18":"pa_c2c_dimensione-mm-210x210-l-x-h","19":"pa_c2c_dimensione-mm-210x300-l-x-h","20":"pa_c2c_dimensione-mm-210x420-l-x-h","21":"pa_c2c_dimensione-mm-210x50-l-x-h","22":"pa_c2c_dimensione-mm-210x500-l-x-h","23":"pa_c2c_dimensione-mm-210x600-l-x-h","24":"pa_c2c_dimensione-mm-210x700-l-x-h","25":"pa_c2c_trovraprezzi-oui","27":"first","28":"instock","29":"taxable","30":"shipping-taxable","31":"purchasable","32":"product-type-variable"},"acf":[],"yoast_head":"<!-- This site is optimized with the Yoast SEO plugin v27.4 - https:\/\/yoast.com\/product\/yoast-seo-wordpress\/ -->\n<title>Plaque murale de 21 cm. - Smarty Store Acheter au Meilleur Prix<\/title>\n<meta name=\"description\" content=\"Plaque murale avec profil en aluminium argent\u00e9 et une largeur de 21 cm. Hauteur disponible en diff\u00e9rentes tailles. Livr\u00e9e avec un film PVC antireflet.\" \/>\n<meta name=\"robots\" content=\"index, follow, max-snippet:-1, max-image-preview:large, max-video-preview:-1\" \/>\n<link rel=\"canonical\" href=\"https:\/\/www.smartystore.it\/fr\/prodotto\/plaque-murale-de-21-cm\/\" \/>\n<meta property=\"og:locale\" content=\"fr_FR\" \/>\n<meta property=\"og:type\" content=\"article\" \/>\n<meta property=\"og:title\" content=\"Plaque murale de 21 cm. - Smarty Store Acheter au Meilleur Prix\" \/>\n<meta property=\"og:description\" content=\"Plaque murale avec profil en aluminium argent\u00e9 et une largeur de 21 cm. Hauteur disponible en diff\u00e9rentes tailles. Livr\u00e9e avec un film PVC antireflet.\" \/>\n<meta property=\"og:url\" content=\"https:\/\/www.smartystore.it\/fr\/prodotto\/plaque-murale-de-21-cm\/\" \/>\n<meta property=\"og:site_name\" content=\"Smarty Store\" \/>\n<meta property=\"article:modified_time\" content=\"2026-03-16T14:27:57+00:00\" \/>\n<meta property=\"og:image\" content=\"https:\/\/www.smartystore.it\/v25\/wp-content\/uploads\/2013\/05\/Targa-a-parete-profilo-arcuato-larghezza-21-cm-pvc-antiriflesso-per-grafica-intercambiabile.jpg\" \/>\n\t<meta property=\"og:image:width\" content=\"1000\" \/>\n\t<meta property=\"og:image:height\" content=\"1000\" \/>\n\t<meta property=\"og:image:type\" content=\"image\/jpeg\" \/>\n<meta name=\"twitter:card\" content=\"summary_large_image\" \/>\n<meta name=\"twitter:label1\" content=\"Dur\u00e9e de lecture estim\u00e9e\" \/>\n\t<meta name=\"twitter:data1\" content=\"2 minutes\" \/>\n<script type=\"application\/ld+json\" class=\"yoast-schema-graph\">{\"@context\":\"https:\\\/\\\/schema.org\",\"@graph\":[{\"@type\":\"WebPage\",\"@id\":\"https:\\\/\\\/www.smartystore.it\\\/fr\\\/prodotto\\\/plaque-murale-de-21-cm\\\/\",\"url\":\"https:\\\/\\\/www.smartystore.it\\\/fr\\\/prodotto\\\/plaque-murale-de-21-cm\\\/\",\"name\":\"Plaque murale de 21 cm. - Smarty Store Acheter au Meilleur Prix\",\"isPartOf\":{\"@id\":\"https:\\\/\\\/www.smartystore.it\\\/fr\\\/#website\"},\"primaryImageOfPage\":{\"@id\":\"https:\\\/\\\/www.smartystore.it\\\/fr\\\/prodotto\\\/plaque-murale-de-21-cm\\\/#primaryimage\"},\"image\":{\"@id\":\"https:\\\/\\\/www.smartystore.it\\\/fr\\\/prodotto\\\/plaque-murale-de-21-cm\\\/#primaryimage\"},\"thumbnailUrl\":\"https:\\\/\\\/www.smartystore.it\\\/v25\\\/wp-content\\\/uploads\\\/2013\\\/05\\\/Targa-a-parete-profilo-arcuato-larghezza-21-cm-pvc-antiriflesso-per-grafica-intercambiabile.jpg\",\"datePublished\":\"2013-05-23T16:14:23+00:00\",\"dateModified\":\"2026-03-16T14:27:57+00:00\",\"description\":\"Plaque murale avec profil en aluminium argent\u00e9 et une largeur de 21 cm. Hauteur disponible en diff\u00e9rentes tailles. Livr\u00e9e avec un film PVC antireflet.\",\"breadcrumb\":{\"@id\":\"https:\\\/\\\/www.smartystore.it\\\/fr\\\/prodotto\\\/plaque-murale-de-21-cm\\\/#breadcrumb\"},\"inLanguage\":\"fr-FR\",\"potentialAction\":[{\"@type\":\"ReadAction\",\"target\":[\"https:\\\/\\\/www.smartystore.it\\\/fr\\\/prodotto\\\/plaque-murale-de-21-cm\\\/\"]}]},{\"@type\":\"ImageObject\",\"inLanguage\":\"fr-FR\",\"@id\":\"https:\\\/\\\/www.smartystore.it\\\/fr\\\/prodotto\\\/plaque-murale-de-21-cm\\\/#primaryimage\",\"url\":\"https:\\\/\\\/www.smartystore.it\\\/v25\\\/wp-content\\\/uploads\\\/2013\\\/05\\\/Targa-a-parete-profilo-arcuato-larghezza-21-cm-pvc-antiriflesso-per-grafica-intercambiabile.jpg\",\"contentUrl\":\"https:\\\/\\\/www.smartystore.it\\\/v25\\\/wp-content\\\/uploads\\\/2013\\\/05\\\/Targa-a-parete-profilo-arcuato-larghezza-21-cm-pvc-antiriflesso-per-grafica-intercambiabile.jpg\",\"width\":1000,\"height\":1000,\"caption\":\"Targa a parete da 21 cm di larghezza con pvc antiriflesso\"},{\"@type\":\"BreadcrumbList\",\"@id\":\"https:\\\/\\\/www.smartystore.it\\\/fr\\\/prodotto\\\/plaque-murale-de-21-cm\\\/#breadcrumb\",\"itemListElement\":[{\"@type\":\"ListItem\",\"position\":1,\"name\":\"Home\",\"item\":\"https:\\\/\\\/www.smartystore.it\\\/fr\\\/\"},{\"@type\":\"ListItem\",\"position\":2,\"name\":\"Boutique\",\"item\":\"https:\\\/\\\/www.smartystore.it\\\/fr\\\/boutique\\\/\"},{\"@type\":\"ListItem\",\"position\":3,\"name\":\"Plaque murale de 21 cm.\"}]},{\"@type\":\"WebSite\",\"@id\":\"https:\\\/\\\/www.smartystore.it\\\/fr\\\/#website\",\"url\":\"https:\\\/\\\/www.smartystore.it\\\/fr\\\/\",\"name\":\"Smarty Store\",\"description\":\"Espositori Pubblicitari e Sistemi di Comunicazione Visiva\",\"potentialAction\":[{\"@type\":\"SearchAction\",\"target\":{\"@type\":\"EntryPoint\",\"urlTemplate\":\"https:\\\/\\\/www.smartystore.it\\\/fr\\\/?s={search_term_string}\"},\"query-input\":{\"@type\":\"PropertyValueSpecification\",\"valueRequired\":true,\"valueName\":\"search_term_string\"}}],\"inLanguage\":\"fr-FR\"}]}<\/script>\n<!-- \/ Yoast SEO plugin. -->","yoast_head_json":{"title":"Plaque murale de 21 cm. - Smarty Store Acheter au Meilleur Prix","description":"Plaque murale avec profil en aluminium argent\u00e9 et une largeur de 21 cm. Hauteur disponible en diff\u00e9rentes tailles. Livr\u00e9e avec un film PVC antireflet.","robots":{"index":"index","follow":"follow","max-snippet":"max-snippet:-1","max-image-preview":"max-image-preview:large","max-video-preview":"max-video-preview:-1"},"canonical":"https:\/\/www.smartystore.it\/fr\/prodotto\/plaque-murale-de-21-cm\/","og_locale":"fr_FR","og_type":"article","og_title":"Plaque murale de 21 cm. - Smarty Store Acheter au Meilleur Prix","og_description":"Plaque murale avec profil en aluminium argent\u00e9 et une largeur de 21 cm. Hauteur disponible en diff\u00e9rentes tailles. Livr\u00e9e avec un film PVC antireflet.","og_url":"https:\/\/www.smartystore.it\/fr\/prodotto\/plaque-murale-de-21-cm\/","og_site_name":"Smarty Store","article_modified_time":"2026-03-16T14:27:57+00:00","og_image":[{"width":1000,"height":1000,"url":"https:\/\/www.smartystore.it\/v25\/wp-content\/uploads\/2013\/05\/Targa-a-parete-profilo-arcuato-larghezza-21-cm-pvc-antiriflesso-per-grafica-intercambiabile.jpg","type":"image\/jpeg"}],"twitter_card":"summary_large_image","twitter_misc":{"Dur\u00e9e de lecture estim\u00e9e":"2 minutes"},"schema":{"@context":"https:\/\/schema.org","@graph":[{"@type":"WebPage","@id":"https:\/\/www.smartystore.it\/fr\/prodotto\/plaque-murale-de-21-cm\/","url":"https:\/\/www.smartystore.it\/fr\/prodotto\/plaque-murale-de-21-cm\/","name":"Plaque murale de 21 cm. - Smarty Store Acheter au Meilleur Prix","isPartOf":{"@id":"https:\/\/www.smartystore.it\/fr\/#website"},"primaryImageOfPage":{"@id":"https:\/\/www.smartystore.it\/fr\/prodotto\/plaque-murale-de-21-cm\/#primaryimage"},"image":{"@id":"https:\/\/www.smartystore.it\/fr\/prodotto\/plaque-murale-de-21-cm\/#primaryimage"},"thumbnailUrl":"https:\/\/www.smartystore.it\/v25\/wp-content\/uploads\/2013\/05\/Targa-a-parete-profilo-arcuato-larghezza-21-cm-pvc-antiriflesso-per-grafica-intercambiabile.jpg","datePublished":"2013-05-23T16:14:23+00:00","dateModified":"2026-03-16T14:27:57+00:00","description":"Plaque murale avec profil en aluminium argent\u00e9 et une largeur de 21 cm. Hauteur disponible en diff\u00e9rentes tailles. Livr\u00e9e avec un film PVC antireflet.","breadcrumb":{"@id":"https:\/\/www.smartystore.it\/fr\/prodotto\/plaque-murale-de-21-cm\/#breadcrumb"},"inLanguage":"fr-FR","potentialAction":[{"@type":"ReadAction","target":["https:\/\/www.smartystore.it\/fr\/prodotto\/plaque-murale-de-21-cm\/"]}]},{"@type":"ImageObject","inLanguage":"fr-FR","@id":"https:\/\/www.smartystore.it\/fr\/prodotto\/plaque-murale-de-21-cm\/#primaryimage","url":"https:\/\/www.smartystore.it\/v25\/wp-content\/uploads\/2013\/05\/Targa-a-parete-profilo-arcuato-larghezza-21-cm-pvc-antiriflesso-per-grafica-intercambiabile.jpg","contentUrl":"https:\/\/www.smartystore.it\/v25\/wp-content\/uploads\/2013\/05\/Targa-a-parete-profilo-arcuato-larghezza-21-cm-pvc-antiriflesso-per-grafica-intercambiabile.jpg","width":1000,"height":1000,"caption":"Targa a parete da 21 cm di larghezza con pvc antiriflesso"},{"@type":"BreadcrumbList","@id":"https:\/\/www.smartystore.it\/fr\/prodotto\/plaque-murale-de-21-cm\/#breadcrumb","itemListElement":[{"@type":"ListItem","position":1,"name":"Home","item":"https:\/\/www.smartystore.it\/fr\/"},{"@type":"ListItem","position":2,"name":"Boutique","item":"https:\/\/www.smartystore.it\/fr\/boutique\/"},{"@type":"ListItem","position":3,"name":"Plaque murale de 21 cm."}]},{"@type":"WebSite","@id":"https:\/\/www.smartystore.it\/fr\/#website","url":"https:\/\/www.smartystore.it\/fr\/","name":"Smarty Store","description":"Espositori Pubblicitari e Sistemi di Comunicazione Visiva","potentialAction":[{"@type":"SearchAction","target":{"@type":"EntryPoint","urlTemplate":"https:\/\/www.smartystore.it\/fr\/?s={search_term_string}"},"query-input":{"@type":"PropertyValueSpecification","valueRequired":true,"valueName":"search_term_string"}}],"inLanguage":"fr-FR"}]}},"brands":[],"_links":{"self":[{"href":"https:\/\/www.smartystore.it\/fr\/wp-json\/wp\/v2\/product\/98266","targetHints":{"allow":["GET"]}}],"collection":[{"href":"https:\/\/www.smartystore.it\/fr\/wp-json\/wp\/v2\/product"}],"about":[{"href":"https:\/\/www.smartystore.it\/fr\/wp-json\/wp\/v2\/types\/product"}],"replies":[{"embeddable":true,"href":"https:\/\/www.smartystore.it\/fr\/wp-json\/wp\/v2\/comments?post=98266"}],"wp:featuredmedia":[{"embeddable":true,"href":"https:\/\/www.smartystore.it\/fr\/wp-json\/wp\/v2\/media\/98232"}],"wp:attachment":[{"href":"https:\/\/www.smartystore.it\/fr\/wp-json\/wp\/v2\/media?parent=98266"}],"wp:term":[{"taxonomy":"pwb-brand","embeddable":true,"href":"https:\/\/www.smartystore.it\/fr\/wp-json\/wp\/v2\/pwb-brand?post=98266"},{"taxonomy":"product_brand","embeddable":true,"href":"https:\/\/www.smartystore.it\/fr\/wp-json\/wp\/v2\/product_brand?post=98266"},{"taxonomy":"product_cat","embeddable":true,"href":"https:\/\/www.smartystore.it\/fr\/wp-json\/wp\/v2\/product_cat?post=98266"},{"taxonomy":"product_tag","embeddable":true,"href":"https:\/\/www.smartystore.it\/fr\/wp-json\/wp\/v2\/product_tag?post=98266"}],"curies":[{"name":"wp","href":"https:\/\/api.w.org\/{rel}","templated":true}]}}