{"id":98216,"date":"2013-05-23T16:04:28","date_gmt":"2013-05-23T16:04:28","guid":{"rendered":"https:\/\/www.smartystore.it\/prodotto\/plaque-murale-de-15-cm\/"},"modified":"2026-03-16T15:57:45","modified_gmt":"2026-03-16T13:57:45","slug":"plaque-murale-de-15-cm","status":"publish","type":"product","link":"https:\/\/www.smartystore.it\/fr\/prodotto\/plaque-murale-de-15-cm\/","title":{"rendered":"Plaque murale de 15 cm."},"content":{"rendered":"<h1>Plaque murale de 15 cm de large<\/h1>\n<p><span dir=\"auto\">La plaque murale de 15 cm propos\u00e9e est un \u00e9l\u00e9ment de design fonctionnel et polyvalent, con\u00e7u pour r\u00e9pondre aux besoins de communication interne. D&rsquo;une largeur de 15 cm, cette plaque se distingue par son <strong>\u00e9l\u00e9gance et sa praticit\u00e9<\/strong>, ce qui la rend id\u00e9ale pour \u00eatre plac\u00e9e dans les bureaux, les entreprises, les bureaux professionnels et les espaces publics. <\/span><\/p>\n<p><span dir=\"auto\">Fabriqu\u00e9e en aluminium argent\u00e9 de haute qualit\u00e9, la structure est l\u00e9g\u00e8re mais extr\u00eamement r\u00e9sistante, ce qui garantit une longue dur\u00e9e de vie. Les embouts en ABS argent\u00e9 permettent de personnaliser la position, puisqu&rsquo;ils peuvent \u00eatre install\u00e9s \u00e0 gauche ou \u00e0 droite et en position haute ou basse, en fonction des exigences sp\u00e9cifiques de l&rsquo;environnement dans lequel ils seront utilis\u00e9s. <\/span><\/p>\n<p><span dir=\"auto\">Un aspect distinctif de cette plaque est le film protecteur antireflet en PVC transparent, qui non seulement prot\u00e8ge les graphiques des rayures et de l&rsquo;usure, mais am\u00e9liore \u00e9galement leur visibilit\u00e9, garantissant que les messages sont toujours clairs et lisibles. En outre, la <strong>surface convexe<\/strong> apporte une <strong>touche moderne et professionnelle<\/strong>, faisant de la plaque un \u00e9l\u00e9ment d&rsquo;ameublement distinctif. <\/span><\/p>\n<h2>La polyvalence de la plaque murale de 15 cm de large : un \u00e9l\u00e9ment indispensable<\/h2>\n<p><span dir=\"auto\">Des trous dissimul\u00e9s facilitent l&rsquo;installation, permettant au panneau d&rsquo;\u00eatre mont\u00e9 facilement et sans compromettre l&rsquo;esth\u00e9tique du produit. Ce souci du d\u00e9tail garantit que le panneau ne remplit pas seulement sa fonction informative, mais qu&rsquo;il contribue \u00e9galement \u00e0 l&rsquo;harmonie visuelle de l&rsquo;espace dans lequel il est plac\u00e9. <\/span><\/p>\n<p><span dir=\"auto\">Les graphiques interchangeables constituent un autre avantage, car ils permettent d&rsquo;actualiser facilement les informations et de les adapter de mani\u00e8re dynamique aux diff\u00e9rents besoins commerciaux ou promotionnels. Qu&rsquo;il s&rsquo;agisse d&rsquo;indications sur les bureaux, de noms de personnes ou de simples messages, la possibilit\u00e9 d&rsquo;int\u00e9grer de nouveaux contenus rend ce mod\u00e8le particuli\u00e8rement flexible. <\/span><\/p>\n<p><span dir=\"auto\">En r\u00e9sum\u00e9, la plaque murale en aluminium argent\u00e9 avec embouts en ABS offre une combinaison exceptionnelle d&rsquo;\u00e9l\u00e9gance, de fonctionnalit\u00e9 et de durabilit\u00e9. C&rsquo;est une solution parfaite pour ceux qui veulent un produit de haute qualit\u00e9 qui s&rsquo;int\u00e8gre harmonieusement dans tout environnement int\u00e9rieur, tout en garantissant une grande visibilit\u00e9 et une facilit\u00e9 d&rsquo;utilisation. <\/span><\/p>\n<h3>CARACT\u00c9RISTIQUES:<\/h3>\n<ul>\n<li>Surface convexe ;<\/li>\n<li>Mat\u00e9riau : aluminium ;<\/li>\n<li>Couleur : argent ;<\/li>\n<li>Capuchons argent\u00e9s en ABS ;<\/li>\n<li>Feuille de PVC transparente antireflet ;<\/li>\n<li>Trous pour un montage mural dissimul\u00e9 ;<\/li>\n<li>Gestion graphique interchangeable ;<\/li>\n<li>Fixation murale \u00e0 l&rsquo;aide d&rsquo;un ruban adh\u00e9sif double face ou de vis et de chevilles.<\/li>\n<\/ul>\n<p>&nbsp;<\/p>\n<h4 style=\"text-align: center;\">Voir tous les autres mod\u00e8les sur ce <span style=\"color: #ff0000;\"><a style=\"color: #ff0000;\" href=\"https:\/\/www.smartystore.it\/fr\/categoria-prodotto\/signalisation-dentreprise\/signalisation-commerciale\/\" target=\"_blank\" rel=\"noopener\">LIEN<\/a><\/span><\/h4>\n<p>&nbsp;<\/p>\n<p><a href=\"https:\/\/www.smartystore.it\/v25\/wp-content\/uploads\/2026\/03\/STR-M1-P.pdf\" target=\"_blank\" rel=\"noopener\"><img loading=\"lazy\" decoding=\"async\" class=\"alignnone size-full wp-image-93672\" src=\"https:\/\/www.smartystore.it\/v25\/wp-content\/uploads\/2023\/11\/LogoDownload_yellow.jpg\" alt=\"\" width=\"50\" height=\"50\"><\/a> <a href=\"https:\/\/www.smartystore.it\/v25\/wp-content\/uploads\/2026\/03\/STR-M1-P.pdf\" target=\"_blank\" rel=\"noopener\"><strong>FICHE TECHNIQUE<\/strong><\/a><\/p>\n<p>&nbsp;<\/p>\n","protected":false},"excerpt":{"rendered":"<p>Plaque murale convexe en aluminium. Largeur 15 cm. Hauteur en diff\u00e9rentes tailles.  <\/p>\n","protected":false},"featured_media":98179,"comment_status":"open","ping_status":"closed","template":"","meta":{"_acf_changed":false},"pwb-brand":[],"product_brand":[],"product_cat":[3672,3670],"product_tag":[6662,6680,6661,6679,6664,6663],"class_list":{"0":"post-98216","1":"product","2":"type-product","3":"status-publish","4":"has-post-thumbnail","6":"product_cat-signalisation-commerciale","7":"product_cat-signalisation-dentreprise","8":"product_tag-assiette-de-plein-air","9":"product_tag-plaque-avec-pvc-antireflet","10":"product_tag-plaque-murale","11":"product_tag-plaque-pour-graphiques-interchangeables","12":"product_tag-signalisation-dentreprise-a-linterieur","13":"product_tag-signalisation-de-lentreprise","14":"pa_c2c_dimensione-mm-150x100-l-x-h","15":"pa_c2c_dimensione-mm-150x1000-l-x-h","16":"pa_c2c_dimensione-mm-150x1200-l-x-h","17":"pa_c2c_dimensione-mm-150x150-l-x-h","18":"pa_c2c_dimensione-mm-150x210-l-x-h","19":"pa_c2c_dimensione-mm-150x300-l-x-h","20":"pa_c2c_dimensione-mm-150x420-l-x-h","21":"pa_c2c_dimensione-mm-150x50-l-x-h","22":"pa_c2c_dimensione-mm-150x500-l-x-h","23":"pa_c2c_dimensione-mm-150x600-l-x-h","24":"pa_c2c_dimensione-mm-150x700-l-x-h","25":"pa_c2c_dimensione-mm-150x900-l-x-h","26":"pa_c2c_trovraprezzi-oui","28":"first","29":"instock","30":"taxable","31":"shipping-taxable","32":"purchasable","33":"product-type-variable"},"acf":[],"yoast_head":"<!-- This site is optimized with the Yoast SEO plugin v27.4 - https:\/\/yoast.com\/product\/yoast-seo-wordpress\/ -->\n<title>Plaque murale de 15 cm. - Smarty Store Acheter au Meilleur Prix<\/title>\n<meta name=\"description\" content=\"Plaque murale avec profil en aluminium argent\u00e9 et une largeur de 15 cm. Hauteur disponible en diff\u00e9rentes tailles. Livr\u00e9e avec un film PVC antireflet.\" \/>\n<meta name=\"robots\" content=\"index, follow, max-snippet:-1, max-image-preview:large, max-video-preview:-1\" \/>\n<link rel=\"canonical\" href=\"https:\/\/www.smartystore.it\/fr\/prodotto\/plaque-murale-de-15-cm\/\" \/>\n<meta property=\"og:locale\" content=\"fr_FR\" \/>\n<meta property=\"og:type\" content=\"article\" \/>\n<meta property=\"og:title\" content=\"Plaque murale de 15 cm. - Smarty Store Acheter au Meilleur Prix\" \/>\n<meta property=\"og:description\" content=\"Plaque murale avec profil en aluminium argent\u00e9 et une largeur de 15 cm. Hauteur disponible en diff\u00e9rentes tailles. Livr\u00e9e avec un film PVC antireflet.\" \/>\n<meta property=\"og:url\" content=\"https:\/\/www.smartystore.it\/fr\/prodotto\/plaque-murale-de-15-cm\/\" \/>\n<meta property=\"og:site_name\" content=\"Smarty Store\" \/>\n<meta property=\"article:modified_time\" content=\"2026-03-16T13:57:45+00:00\" \/>\n<meta property=\"og:image\" content=\"https:\/\/www.smartystore.it\/v25\/wp-content\/uploads\/2013\/05\/Targa-a-parete-profilo-arcuato-larghezza-15-cm-pvc-antiriflesso-per-grafica-intercambiabile.jpg\" \/>\n\t<meta property=\"og:image:width\" content=\"1000\" \/>\n\t<meta property=\"og:image:height\" content=\"1000\" \/>\n\t<meta property=\"og:image:type\" content=\"image\/jpeg\" \/>\n<meta name=\"twitter:card\" content=\"summary_large_image\" \/>\n<meta name=\"twitter:label1\" content=\"Dur\u00e9e de lecture estim\u00e9e\" \/>\n\t<meta name=\"twitter:data1\" content=\"2 minutes\" \/>\n<script type=\"application\/ld+json\" class=\"yoast-schema-graph\">{\"@context\":\"https:\\\/\\\/schema.org\",\"@graph\":[{\"@type\":\"WebPage\",\"@id\":\"https:\\\/\\\/www.smartystore.it\\\/fr\\\/prodotto\\\/plaque-murale-de-15-cm\\\/\",\"url\":\"https:\\\/\\\/www.smartystore.it\\\/fr\\\/prodotto\\\/plaque-murale-de-15-cm\\\/\",\"name\":\"Plaque murale de 15 cm. - Smarty Store Acheter au Meilleur Prix\",\"isPartOf\":{\"@id\":\"https:\\\/\\\/www.smartystore.it\\\/fr\\\/#website\"},\"primaryImageOfPage\":{\"@id\":\"https:\\\/\\\/www.smartystore.it\\\/fr\\\/prodotto\\\/plaque-murale-de-15-cm\\\/#primaryimage\"},\"image\":{\"@id\":\"https:\\\/\\\/www.smartystore.it\\\/fr\\\/prodotto\\\/plaque-murale-de-15-cm\\\/#primaryimage\"},\"thumbnailUrl\":\"https:\\\/\\\/www.smartystore.it\\\/v25\\\/wp-content\\\/uploads\\\/2013\\\/05\\\/Targa-a-parete-profilo-arcuato-larghezza-15-cm-pvc-antiriflesso-per-grafica-intercambiabile.jpg\",\"datePublished\":\"2013-05-23T16:04:28+00:00\",\"dateModified\":\"2026-03-16T13:57:45+00:00\",\"description\":\"Plaque murale avec profil en aluminium argent\u00e9 et une largeur de 15 cm. Hauteur disponible en diff\u00e9rentes tailles. Livr\u00e9e avec un film PVC antireflet.\",\"breadcrumb\":{\"@id\":\"https:\\\/\\\/www.smartystore.it\\\/fr\\\/prodotto\\\/plaque-murale-de-15-cm\\\/#breadcrumb\"},\"inLanguage\":\"fr-FR\",\"potentialAction\":[{\"@type\":\"ReadAction\",\"target\":[\"https:\\\/\\\/www.smartystore.it\\\/fr\\\/prodotto\\\/plaque-murale-de-15-cm\\\/\"]}]},{\"@type\":\"ImageObject\",\"inLanguage\":\"fr-FR\",\"@id\":\"https:\\\/\\\/www.smartystore.it\\\/fr\\\/prodotto\\\/plaque-murale-de-15-cm\\\/#primaryimage\",\"url\":\"https:\\\/\\\/www.smartystore.it\\\/v25\\\/wp-content\\\/uploads\\\/2013\\\/05\\\/Targa-a-parete-profilo-arcuato-larghezza-15-cm-pvc-antiriflesso-per-grafica-intercambiabile.jpg\",\"contentUrl\":\"https:\\\/\\\/www.smartystore.it\\\/v25\\\/wp-content\\\/uploads\\\/2013\\\/05\\\/Targa-a-parete-profilo-arcuato-larghezza-15-cm-pvc-antiriflesso-per-grafica-intercambiabile.jpg\",\"width\":1000,\"height\":1000,\"caption\":\"Targa a parete da 15 cm\"},{\"@type\":\"BreadcrumbList\",\"@id\":\"https:\\\/\\\/www.smartystore.it\\\/fr\\\/prodotto\\\/plaque-murale-de-15-cm\\\/#breadcrumb\",\"itemListElement\":[{\"@type\":\"ListItem\",\"position\":1,\"name\":\"Home\",\"item\":\"https:\\\/\\\/www.smartystore.it\\\/fr\\\/\"},{\"@type\":\"ListItem\",\"position\":2,\"name\":\"Boutique\",\"item\":\"https:\\\/\\\/www.smartystore.it\\\/fr\\\/boutique\\\/\"},{\"@type\":\"ListItem\",\"position\":3,\"name\":\"Plaque murale de 15 cm.\"}]},{\"@type\":\"WebSite\",\"@id\":\"https:\\\/\\\/www.smartystore.it\\\/fr\\\/#website\",\"url\":\"https:\\\/\\\/www.smartystore.it\\\/fr\\\/\",\"name\":\"Smarty Store\",\"description\":\"Espositori Pubblicitari e Sistemi di Comunicazione Visiva\",\"potentialAction\":[{\"@type\":\"SearchAction\",\"target\":{\"@type\":\"EntryPoint\",\"urlTemplate\":\"https:\\\/\\\/www.smartystore.it\\\/fr\\\/?s={search_term_string}\"},\"query-input\":{\"@type\":\"PropertyValueSpecification\",\"valueRequired\":true,\"valueName\":\"search_term_string\"}}],\"inLanguage\":\"fr-FR\"}]}<\/script>\n<!-- \/ Yoast SEO plugin. -->","yoast_head_json":{"title":"Plaque murale de 15 cm. - Smarty Store Acheter au Meilleur Prix","description":"Plaque murale avec profil en aluminium argent\u00e9 et une largeur de 15 cm. Hauteur disponible en diff\u00e9rentes tailles. Livr\u00e9e avec un film PVC antireflet.","robots":{"index":"index","follow":"follow","max-snippet":"max-snippet:-1","max-image-preview":"max-image-preview:large","max-video-preview":"max-video-preview:-1"},"canonical":"https:\/\/www.smartystore.it\/fr\/prodotto\/plaque-murale-de-15-cm\/","og_locale":"fr_FR","og_type":"article","og_title":"Plaque murale de 15 cm. - Smarty Store Acheter au Meilleur Prix","og_description":"Plaque murale avec profil en aluminium argent\u00e9 et une largeur de 15 cm. Hauteur disponible en diff\u00e9rentes tailles. Livr\u00e9e avec un film PVC antireflet.","og_url":"https:\/\/www.smartystore.it\/fr\/prodotto\/plaque-murale-de-15-cm\/","og_site_name":"Smarty Store","article_modified_time":"2026-03-16T13:57:45+00:00","og_image":[{"width":1000,"height":1000,"url":"https:\/\/www.smartystore.it\/v25\/wp-content\/uploads\/2013\/05\/Targa-a-parete-profilo-arcuato-larghezza-15-cm-pvc-antiriflesso-per-grafica-intercambiabile.jpg","type":"image\/jpeg"}],"twitter_card":"summary_large_image","twitter_misc":{"Dur\u00e9e de lecture estim\u00e9e":"2 minutes"},"schema":{"@context":"https:\/\/schema.org","@graph":[{"@type":"WebPage","@id":"https:\/\/www.smartystore.it\/fr\/prodotto\/plaque-murale-de-15-cm\/","url":"https:\/\/www.smartystore.it\/fr\/prodotto\/plaque-murale-de-15-cm\/","name":"Plaque murale de 15 cm. - Smarty Store Acheter au Meilleur Prix","isPartOf":{"@id":"https:\/\/www.smartystore.it\/fr\/#website"},"primaryImageOfPage":{"@id":"https:\/\/www.smartystore.it\/fr\/prodotto\/plaque-murale-de-15-cm\/#primaryimage"},"image":{"@id":"https:\/\/www.smartystore.it\/fr\/prodotto\/plaque-murale-de-15-cm\/#primaryimage"},"thumbnailUrl":"https:\/\/www.smartystore.it\/v25\/wp-content\/uploads\/2013\/05\/Targa-a-parete-profilo-arcuato-larghezza-15-cm-pvc-antiriflesso-per-grafica-intercambiabile.jpg","datePublished":"2013-05-23T16:04:28+00:00","dateModified":"2026-03-16T13:57:45+00:00","description":"Plaque murale avec profil en aluminium argent\u00e9 et une largeur de 15 cm. Hauteur disponible en diff\u00e9rentes tailles. Livr\u00e9e avec un film PVC antireflet.","breadcrumb":{"@id":"https:\/\/www.smartystore.it\/fr\/prodotto\/plaque-murale-de-15-cm\/#breadcrumb"},"inLanguage":"fr-FR","potentialAction":[{"@type":"ReadAction","target":["https:\/\/www.smartystore.it\/fr\/prodotto\/plaque-murale-de-15-cm\/"]}]},{"@type":"ImageObject","inLanguage":"fr-FR","@id":"https:\/\/www.smartystore.it\/fr\/prodotto\/plaque-murale-de-15-cm\/#primaryimage","url":"https:\/\/www.smartystore.it\/v25\/wp-content\/uploads\/2013\/05\/Targa-a-parete-profilo-arcuato-larghezza-15-cm-pvc-antiriflesso-per-grafica-intercambiabile.jpg","contentUrl":"https:\/\/www.smartystore.it\/v25\/wp-content\/uploads\/2013\/05\/Targa-a-parete-profilo-arcuato-larghezza-15-cm-pvc-antiriflesso-per-grafica-intercambiabile.jpg","width":1000,"height":1000,"caption":"Targa a parete da 15 cm"},{"@type":"BreadcrumbList","@id":"https:\/\/www.smartystore.it\/fr\/prodotto\/plaque-murale-de-15-cm\/#breadcrumb","itemListElement":[{"@type":"ListItem","position":1,"name":"Home","item":"https:\/\/www.smartystore.it\/fr\/"},{"@type":"ListItem","position":2,"name":"Boutique","item":"https:\/\/www.smartystore.it\/fr\/boutique\/"},{"@type":"ListItem","position":3,"name":"Plaque murale de 15 cm."}]},{"@type":"WebSite","@id":"https:\/\/www.smartystore.it\/fr\/#website","url":"https:\/\/www.smartystore.it\/fr\/","name":"Smarty Store","description":"Espositori Pubblicitari e Sistemi di Comunicazione Visiva","potentialAction":[{"@type":"SearchAction","target":{"@type":"EntryPoint","urlTemplate":"https:\/\/www.smartystore.it\/fr\/?s={search_term_string}"},"query-input":{"@type":"PropertyValueSpecification","valueRequired":true,"valueName":"search_term_string"}}],"inLanguage":"fr-FR"}]}},"brands":[],"_links":{"self":[{"href":"https:\/\/www.smartystore.it\/fr\/wp-json\/wp\/v2\/product\/98216","targetHints":{"allow":["GET"]}}],"collection":[{"href":"https:\/\/www.smartystore.it\/fr\/wp-json\/wp\/v2\/product"}],"about":[{"href":"https:\/\/www.smartystore.it\/fr\/wp-json\/wp\/v2\/types\/product"}],"replies":[{"embeddable":true,"href":"https:\/\/www.smartystore.it\/fr\/wp-json\/wp\/v2\/comments?post=98216"}],"wp:featuredmedia":[{"embeddable":true,"href":"https:\/\/www.smartystore.it\/fr\/wp-json\/wp\/v2\/media\/98179"}],"wp:attachment":[{"href":"https:\/\/www.smartystore.it\/fr\/wp-json\/wp\/v2\/media?parent=98216"}],"wp:term":[{"taxonomy":"pwb-brand","embeddable":true,"href":"https:\/\/www.smartystore.it\/fr\/wp-json\/wp\/v2\/pwb-brand?post=98216"},{"taxonomy":"product_brand","embeddable":true,"href":"https:\/\/www.smartystore.it\/fr\/wp-json\/wp\/v2\/product_brand?post=98216"},{"taxonomy":"product_cat","embeddable":true,"href":"https:\/\/www.smartystore.it\/fr\/wp-json\/wp\/v2\/product_cat?post=98216"},{"taxonomy":"product_tag","embeddable":true,"href":"https:\/\/www.smartystore.it\/fr\/wp-json\/wp\/v2\/product_tag?post=98216"}],"curies":[{"name":"wp","href":"https:\/\/api.w.org\/{rel}","templated":true}]}}