{"id":98165,"date":"2013-05-23T15:53:22","date_gmt":"2013-05-23T15:53:22","guid":{"rendered":"https:\/\/www.smartystore.it\/prodotto\/plaque-murale-de-10-cm\/"},"modified":"2026-03-16T15:35:25","modified_gmt":"2026-03-16T13:35:25","slug":"plaque-murale-de-10-cm","status":"publish","type":"product","link":"https:\/\/www.smartystore.it\/fr\/prodotto\/plaque-murale-de-10-cm\/","title":{"rendered":"Plaque murale de 10 cm."},"content":{"rendered":"<h1>Plaque murale de 10 cm de large<\/h1>\n<p>La plaque murale de 10 cm de large fait partie de la <strong>signal\u00e9tique de l&rsquo;entreprise<\/strong>.   <span dir=\"auto\">joue un r\u00f4le essentiel dans la communication interne d&rsquo;une organisation. Parmi les diff\u00e9rentes options disponibles, les plaques murales simple face constituent une solution \u00e9l\u00e9gante et fonctionnelle, id\u00e9ale pour identifier les espaces et les fonctions au sein d&rsquo;une entreprise. <\/span><\/p>\n<p><span dir=\"auto\">Nos plaques se caract\u00e9risent par un <strong>design sobre et moderne<\/strong>. Elles sont fabriqu\u00e9es en profil\u00e9 d&rsquo;aluminium peint en argent, ce qui leur conf\u00e8re un aspect professionnel et contemporain. La couleur argent\u00e9e n&rsquo;est pas seulement esth\u00e9tique, elle s&rsquo;harmonise aussi parfaitement avec diff\u00e9rents environnements de travail, ce qui rend les plaques visuellement harmonieuses dans n&rsquo;importe quel contexte. <\/span><\/p>\n<p><span dir=\"auto\">L&rsquo;une des principales caract\u00e9ristiques de nos panneaux est la surface convexe, qui apporte une touche distinctive et am\u00e9liore la lisibilit\u00e9 des informations. La <strong>protection frontale transparente en PVC antireflet<\/strong> garantit que l&rsquo;information est toujours bien visible, en \u00e9vitant les reflets g\u00eanants de la lumi\u00e8re qui pourraient compromettre l&rsquo;utilit\u00e9 du message. <\/span><\/p>\n<p><span dir=\"auto\">En termes de convivialit\u00e9, les panneaux sont dot\u00e9s de trous de fixation murale dissimul\u00e9s, ce qui garantit une installation propre et nette, sans fixations visibles. Vous avez le choix entre onze hauteurs diff\u00e9rentes, tandis que la largeur standard de 10 cm permet une gestion efficace de l&rsquo;espace, puisqu&rsquo;elle peut \u00eatre con\u00e7ue sur mesure pour r\u00e9pondre aux besoins sp\u00e9cifiques de l&rsquo;entreprise. <\/span><\/p>\n<h2>La polyvalence de la plaque murale de 10 cm de large : un \u00e9l\u00e9ment indispensable<\/h2>\n<p><span dir=\"auto\">Une autre caract\u00e9ristique de l&rsquo;affiche murale de 10 cm de large est la possibilit\u00e9 de la positionner \u00e0 la fois verticalement et horizontalement, ce qui offre une flexibilit\u00e9 permettant de s&rsquo;adapter aux diff\u00e9rents am\u00e9nagements des bureaux ou des espaces communs. En outre, les graphiques en papier sont interchangeables, ce qui permet de mettre \u00e0 jour rapidement et facilement les informations affich\u00e9es. Cette caract\u00e9ristique est particuli\u00e8rement utile dans les environnements dynamiques o\u00f9 les besoins peuvent changer fr\u00e9quemment.  <\/span><\/p>\n<p><span dir=\"auto\">En conclusion, les panneaux muraux simple face \u00e0 surface convexe et au design en aluminium argent\u00e9 sont un excellent choix pour les entreprises qui souhaitent am\u00e9liorer leur signal\u00e9tique interne. Gr\u00e2ce \u00e0 leur style raffin\u00e9, leur polyvalence et leur facilit\u00e9 d&rsquo;utilisation, ces panneaux contribueront \u00e0 cr\u00e9er un environnement de travail bien organis\u00e9 et communicatif. <\/span><\/p>\n<h3>CARACT\u00c9RISTIQUES:<\/h3>\n<ul>\n<li>Surface convexe ;<\/li>\n<li>Mat\u00e9riau : aluminium ;<\/li>\n<li>Couleur : argent ;<\/li>\n<li>Capuchons argent\u00e9s en ABS ;<\/li>\n<li>Feuille de PVC transparente antireflet ;<\/li>\n<li>Trous pour un montage mural dissimul\u00e9 ;<\/li>\n<li>Gestion graphique interchangeable ;<\/li>\n<li>Fixation murale \u00e0 l&rsquo;aide d&rsquo;un ruban adh\u00e9sif double face ou de vis et de chevilles.<\/li>\n<\/ul>\n<p>&nbsp;<\/p>\n<h4 style=\"text-align: center;\">Voir tous les autres mod\u00e8les sur ce <span style=\"color: #ff0000;\"><a style=\"color: #ff0000;\" href=\"https:\/\/www.smartystore.it\/fr\/categoria-prodotto\/signalisation-dentreprise\/signalisation-commerciale\/\" target=\"_blank\" rel=\"noopener\">LIEN<\/a><\/span><\/h4>\n<p>&nbsp;<\/p>\n<p><a href=\"https:\/\/www.smartystore.it\/v25\/wp-content\/uploads\/2026\/03\/STR-M1-P.pdf\" target=\"_blank\" rel=\"noopener\"><img loading=\"lazy\" decoding=\"async\" class=\"alignnone size-full wp-image-93672\" src=\"https:\/\/www.smartystore.it\/v25\/wp-content\/uploads\/2023\/11\/LogoDownload_yellow.jpg\" alt=\"\" width=\"50\" height=\"50\"><\/a> <a href=\"https:\/\/www.smartystore.it\/v25\/wp-content\/uploads\/2026\/03\/STR-M1-P.pdf\" target=\"_blank\" rel=\"noopener\"><strong>FICHE TECHNIQUE<\/strong><\/a><\/p>\n<p>&nbsp;<\/p>\n","protected":false},"excerpt":{"rendered":"<p>Plaque murale convexe en aluminium. Largeur 10 cm. Hauteur en diff\u00e9rentes tailles.  <\/p>\n","protected":false},"featured_media":97981,"comment_status":"open","ping_status":"closed","template":"","meta":{"_acf_changed":false},"pwb-brand":[],"product_brand":[],"product_cat":[3672,3670],"product_tag":[6662,6661,6664,6663],"class_list":{"0":"post-98165","1":"product","2":"type-product","3":"status-publish","4":"has-post-thumbnail","6":"product_cat-signalisation-commerciale","7":"product_cat-signalisation-dentreprise","8":"product_tag-assiette-de-plein-air","9":"product_tag-plaque-murale","10":"product_tag-signalisation-dentreprise-a-linterieur","11":"product_tag-signalisation-de-lentreprise","12":"pa_c2c_dimensione-mm-100x100-l-x-h","13":"pa_c2c_dimensione-mm-100x1000-l-x-h","14":"pa_c2c_dimensione-mm-100x1200-l-x-h","15":"pa_c2c_dimensione-mm-100x150-l-x-h","16":"pa_c2c_dimensione-mm-100x210-l-x-h","17":"pa_c2c_dimensione-mm-100x420-l-x-h","18":"pa_c2c_dimensione-mm-100x50-l-x-h","19":"pa_c2c_dimensione-mm-100x500-l-x-h","20":"pa_c2c_dimensione-mm-100x600-l-x-h","21":"pa_c2c_dimensione-mm-100x700-l-x-h","22":"pa_c2c_dimensione-mm-100x900-l-x-h","23":"pa_c2c_trovraprezzi-oui","25":"first","26":"instock","27":"taxable","28":"shipping-taxable","29":"purchasable","30":"product-type-variable"},"acf":[],"yoast_head":"<!-- This site is optimized with the Yoast SEO plugin v27.4 - https:\/\/yoast.com\/product\/yoast-seo-wordpress\/ -->\n<title>Plaque murale de 10 cm. - Smarty Store Acheter au Meilleur Prix<\/title>\n<meta name=\"description\" content=\"Plaque murale avec profil en aluminium argent\u00e9 et une largeur de 10 cm. Hauteur disponible en diff\u00e9rentes tailles. Livr\u00e9e avec un film PVC antireflet.\" \/>\n<meta name=\"robots\" content=\"index, follow, max-snippet:-1, max-image-preview:large, max-video-preview:-1\" \/>\n<link rel=\"canonical\" href=\"https:\/\/www.smartystore.it\/fr\/prodotto\/plaque-murale-de-10-cm\/\" \/>\n<meta property=\"og:locale\" content=\"fr_FR\" \/>\n<meta property=\"og:type\" content=\"article\" \/>\n<meta property=\"og:title\" content=\"Plaque murale de 10 cm. - Smarty Store Acheter au Meilleur Prix\" \/>\n<meta property=\"og:description\" content=\"Plaque murale avec profil en aluminium argent\u00e9 et une largeur de 10 cm. Hauteur disponible en diff\u00e9rentes tailles. Livr\u00e9e avec un film PVC antireflet.\" \/>\n<meta property=\"og:url\" content=\"https:\/\/www.smartystore.it\/fr\/prodotto\/plaque-murale-de-10-cm\/\" \/>\n<meta property=\"og:site_name\" content=\"Smarty Store\" \/>\n<meta property=\"article:modified_time\" content=\"2026-03-16T13:35:25+00:00\" \/>\n<meta property=\"og:image\" content=\"https:\/\/www.smartystore.it\/v25\/wp-content\/uploads\/2013\/05\/Targa-a-parete-profilo-arcuato-larghezza-10-cm-pvc-antiriflesso-per-grafica-intercambiabile.jpg\" \/>\n\t<meta property=\"og:image:width\" content=\"1000\" \/>\n\t<meta property=\"og:image:height\" content=\"1000\" \/>\n\t<meta property=\"og:image:type\" content=\"image\/jpeg\" \/>\n<meta name=\"twitter:card\" content=\"summary_large_image\" \/>\n<meta name=\"twitter:label1\" content=\"Dur\u00e9e de lecture estim\u00e9e\" \/>\n\t<meta name=\"twitter:data1\" content=\"3 minutes\" \/>\n<script type=\"application\/ld+json\" class=\"yoast-schema-graph\">{\"@context\":\"https:\\\/\\\/schema.org\",\"@graph\":[{\"@type\":\"WebPage\",\"@id\":\"https:\\\/\\\/www.smartystore.it\\\/fr\\\/prodotto\\\/plaque-murale-de-10-cm\\\/\",\"url\":\"https:\\\/\\\/www.smartystore.it\\\/fr\\\/prodotto\\\/plaque-murale-de-10-cm\\\/\",\"name\":\"Plaque murale de 10 cm. - Smarty Store Acheter au Meilleur Prix\",\"isPartOf\":{\"@id\":\"https:\\\/\\\/www.smartystore.it\\\/fr\\\/#website\"},\"primaryImageOfPage\":{\"@id\":\"https:\\\/\\\/www.smartystore.it\\\/fr\\\/prodotto\\\/plaque-murale-de-10-cm\\\/#primaryimage\"},\"image\":{\"@id\":\"https:\\\/\\\/www.smartystore.it\\\/fr\\\/prodotto\\\/plaque-murale-de-10-cm\\\/#primaryimage\"},\"thumbnailUrl\":\"https:\\\/\\\/www.smartystore.it\\\/v25\\\/wp-content\\\/uploads\\\/2013\\\/05\\\/Targa-a-parete-profilo-arcuato-larghezza-10-cm-pvc-antiriflesso-per-grafica-intercambiabile.jpg\",\"datePublished\":\"2013-05-23T15:53:22+00:00\",\"dateModified\":\"2026-03-16T13:35:25+00:00\",\"description\":\"Plaque murale avec profil en aluminium argent\u00e9 et une largeur de 10 cm. Hauteur disponible en diff\u00e9rentes tailles. Livr\u00e9e avec un film PVC antireflet.\",\"breadcrumb\":{\"@id\":\"https:\\\/\\\/www.smartystore.it\\\/fr\\\/prodotto\\\/plaque-murale-de-10-cm\\\/#breadcrumb\"},\"inLanguage\":\"fr-FR\",\"potentialAction\":[{\"@type\":\"ReadAction\",\"target\":[\"https:\\\/\\\/www.smartystore.it\\\/fr\\\/prodotto\\\/plaque-murale-de-10-cm\\\/\"]}]},{\"@type\":\"ImageObject\",\"inLanguage\":\"fr-FR\",\"@id\":\"https:\\\/\\\/www.smartystore.it\\\/fr\\\/prodotto\\\/plaque-murale-de-10-cm\\\/#primaryimage\",\"url\":\"https:\\\/\\\/www.smartystore.it\\\/v25\\\/wp-content\\\/uploads\\\/2013\\\/05\\\/Targa-a-parete-profilo-arcuato-larghezza-10-cm-pvc-antiriflesso-per-grafica-intercambiabile.jpg\",\"contentUrl\":\"https:\\\/\\\/www.smartystore.it\\\/v25\\\/wp-content\\\/uploads\\\/2013\\\/05\\\/Targa-a-parete-profilo-arcuato-larghezza-10-cm-pvc-antiriflesso-per-grafica-intercambiabile.jpg\",\"width\":1000,\"height\":1000,\"caption\":\"Plaque murale de 10 cm\"},{\"@type\":\"BreadcrumbList\",\"@id\":\"https:\\\/\\\/www.smartystore.it\\\/fr\\\/prodotto\\\/plaque-murale-de-10-cm\\\/#breadcrumb\",\"itemListElement\":[{\"@type\":\"ListItem\",\"position\":1,\"name\":\"Home\",\"item\":\"https:\\\/\\\/www.smartystore.it\\\/fr\\\/\"},{\"@type\":\"ListItem\",\"position\":2,\"name\":\"Boutique\",\"item\":\"https:\\\/\\\/www.smartystore.it\\\/fr\\\/boutique\\\/\"},{\"@type\":\"ListItem\",\"position\":3,\"name\":\"Plaque murale de 10 cm.\"}]},{\"@type\":\"WebSite\",\"@id\":\"https:\\\/\\\/www.smartystore.it\\\/fr\\\/#website\",\"url\":\"https:\\\/\\\/www.smartystore.it\\\/fr\\\/\",\"name\":\"Smarty Store\",\"description\":\"Espositori Pubblicitari e Sistemi di Comunicazione Visiva\",\"potentialAction\":[{\"@type\":\"SearchAction\",\"target\":{\"@type\":\"EntryPoint\",\"urlTemplate\":\"https:\\\/\\\/www.smartystore.it\\\/fr\\\/?s={search_term_string}\"},\"query-input\":{\"@type\":\"PropertyValueSpecification\",\"valueRequired\":true,\"valueName\":\"search_term_string\"}}],\"inLanguage\":\"fr-FR\"}]}<\/script>\n<!-- \/ Yoast SEO plugin. -->","yoast_head_json":{"title":"Plaque murale de 10 cm. - Smarty Store Acheter au Meilleur Prix","description":"Plaque murale avec profil en aluminium argent\u00e9 et une largeur de 10 cm. Hauteur disponible en diff\u00e9rentes tailles. Livr\u00e9e avec un film PVC antireflet.","robots":{"index":"index","follow":"follow","max-snippet":"max-snippet:-1","max-image-preview":"max-image-preview:large","max-video-preview":"max-video-preview:-1"},"canonical":"https:\/\/www.smartystore.it\/fr\/prodotto\/plaque-murale-de-10-cm\/","og_locale":"fr_FR","og_type":"article","og_title":"Plaque murale de 10 cm. - Smarty Store Acheter au Meilleur Prix","og_description":"Plaque murale avec profil en aluminium argent\u00e9 et une largeur de 10 cm. Hauteur disponible en diff\u00e9rentes tailles. Livr\u00e9e avec un film PVC antireflet.","og_url":"https:\/\/www.smartystore.it\/fr\/prodotto\/plaque-murale-de-10-cm\/","og_site_name":"Smarty Store","article_modified_time":"2026-03-16T13:35:25+00:00","og_image":[{"width":1000,"height":1000,"url":"https:\/\/www.smartystore.it\/v25\/wp-content\/uploads\/2013\/05\/Targa-a-parete-profilo-arcuato-larghezza-10-cm-pvc-antiriflesso-per-grafica-intercambiabile.jpg","type":"image\/jpeg"}],"twitter_card":"summary_large_image","twitter_misc":{"Dur\u00e9e de lecture estim\u00e9e":"3 minutes"},"schema":{"@context":"https:\/\/schema.org","@graph":[{"@type":"WebPage","@id":"https:\/\/www.smartystore.it\/fr\/prodotto\/plaque-murale-de-10-cm\/","url":"https:\/\/www.smartystore.it\/fr\/prodotto\/plaque-murale-de-10-cm\/","name":"Plaque murale de 10 cm. - Smarty Store Acheter au Meilleur Prix","isPartOf":{"@id":"https:\/\/www.smartystore.it\/fr\/#website"},"primaryImageOfPage":{"@id":"https:\/\/www.smartystore.it\/fr\/prodotto\/plaque-murale-de-10-cm\/#primaryimage"},"image":{"@id":"https:\/\/www.smartystore.it\/fr\/prodotto\/plaque-murale-de-10-cm\/#primaryimage"},"thumbnailUrl":"https:\/\/www.smartystore.it\/v25\/wp-content\/uploads\/2013\/05\/Targa-a-parete-profilo-arcuato-larghezza-10-cm-pvc-antiriflesso-per-grafica-intercambiabile.jpg","datePublished":"2013-05-23T15:53:22+00:00","dateModified":"2026-03-16T13:35:25+00:00","description":"Plaque murale avec profil en aluminium argent\u00e9 et une largeur de 10 cm. Hauteur disponible en diff\u00e9rentes tailles. Livr\u00e9e avec un film PVC antireflet.","breadcrumb":{"@id":"https:\/\/www.smartystore.it\/fr\/prodotto\/plaque-murale-de-10-cm\/#breadcrumb"},"inLanguage":"fr-FR","potentialAction":[{"@type":"ReadAction","target":["https:\/\/www.smartystore.it\/fr\/prodotto\/plaque-murale-de-10-cm\/"]}]},{"@type":"ImageObject","inLanguage":"fr-FR","@id":"https:\/\/www.smartystore.it\/fr\/prodotto\/plaque-murale-de-10-cm\/#primaryimage","url":"https:\/\/www.smartystore.it\/v25\/wp-content\/uploads\/2013\/05\/Targa-a-parete-profilo-arcuato-larghezza-10-cm-pvc-antiriflesso-per-grafica-intercambiabile.jpg","contentUrl":"https:\/\/www.smartystore.it\/v25\/wp-content\/uploads\/2013\/05\/Targa-a-parete-profilo-arcuato-larghezza-10-cm-pvc-antiriflesso-per-grafica-intercambiabile.jpg","width":1000,"height":1000,"caption":"Plaque murale de 10 cm"},{"@type":"BreadcrumbList","@id":"https:\/\/www.smartystore.it\/fr\/prodotto\/plaque-murale-de-10-cm\/#breadcrumb","itemListElement":[{"@type":"ListItem","position":1,"name":"Home","item":"https:\/\/www.smartystore.it\/fr\/"},{"@type":"ListItem","position":2,"name":"Boutique","item":"https:\/\/www.smartystore.it\/fr\/boutique\/"},{"@type":"ListItem","position":3,"name":"Plaque murale de 10 cm."}]},{"@type":"WebSite","@id":"https:\/\/www.smartystore.it\/fr\/#website","url":"https:\/\/www.smartystore.it\/fr\/","name":"Smarty Store","description":"Espositori Pubblicitari e Sistemi di Comunicazione Visiva","potentialAction":[{"@type":"SearchAction","target":{"@type":"EntryPoint","urlTemplate":"https:\/\/www.smartystore.it\/fr\/?s={search_term_string}"},"query-input":{"@type":"PropertyValueSpecification","valueRequired":true,"valueName":"search_term_string"}}],"inLanguage":"fr-FR"}]}},"brands":[],"_links":{"self":[{"href":"https:\/\/www.smartystore.it\/fr\/wp-json\/wp\/v2\/product\/98165","targetHints":{"allow":["GET"]}}],"collection":[{"href":"https:\/\/www.smartystore.it\/fr\/wp-json\/wp\/v2\/product"}],"about":[{"href":"https:\/\/www.smartystore.it\/fr\/wp-json\/wp\/v2\/types\/product"}],"replies":[{"embeddable":true,"href":"https:\/\/www.smartystore.it\/fr\/wp-json\/wp\/v2\/comments?post=98165"}],"wp:featuredmedia":[{"embeddable":true,"href":"https:\/\/www.smartystore.it\/fr\/wp-json\/wp\/v2\/media\/97981"}],"wp:attachment":[{"href":"https:\/\/www.smartystore.it\/fr\/wp-json\/wp\/v2\/media?parent=98165"}],"wp:term":[{"taxonomy":"pwb-brand","embeddable":true,"href":"https:\/\/www.smartystore.it\/fr\/wp-json\/wp\/v2\/pwb-brand?post=98165"},{"taxonomy":"product_brand","embeddable":true,"href":"https:\/\/www.smartystore.it\/fr\/wp-json\/wp\/v2\/product_brand?post=98165"},{"taxonomy":"product_cat","embeddable":true,"href":"https:\/\/www.smartystore.it\/fr\/wp-json\/wp\/v2\/product_cat?post=98165"},{"taxonomy":"product_tag","embeddable":true,"href":"https:\/\/www.smartystore.it\/fr\/wp-json\/wp\/v2\/product_tag?post=98165"}],"curies":[{"name":"wp","href":"https:\/\/api.w.org\/{rel}","templated":true}]}}