{"id":98106,"date":"2019-10-30T16:43:43","date_gmt":"2019-10-30T14:43:43","guid":{"rendered":"https:\/\/www.smartystore.it\/prodotto\/panneau-daffichage-exterieur-noir-autoportant-4xa4\/"},"modified":"2026-03-14T13:52:51","modified_gmt":"2026-03-14T11:52:51","slug":"panneau-daffichage-exterieur-noir-autoportant-4xa4","status":"publish","type":"product","link":"https:\/\/www.smartystore.it\/fr\/prodotto\/panneau-daffichage-exterieur-noir-autoportant-4xa4\/","title":{"rendered":"Panneau d&rsquo;affichage ext\u00e9rieur noir autoportant 4xA4"},"content":{"rendered":"<div class=\"wpb-content-wrapper\"><p>[vc_row][vc_column][vc_column_text css=\u00a0\u00bb\u00a0\u00bb css_params=\u00a0\u00bb\u00a0\u00bb]<\/p>\n<h1>Tableau d&rsquo;affichage ext\u00e9rieur autoportant noir 4xA4 : \u00e9l\u00e9gance et fonctionnalit\u00e9<\/h1>\n<p>Le panneau d&rsquo;affichage ext\u00e9rieur autoportant noir 4xA4 est une solution id\u00e9ale pour afficher des menus, des offres sp\u00e9ciales ou des informations sur les services dans les lieux publics et priv\u00e9s. Con\u00e7u pour r\u00e9sister aux intemp\u00e9ries et assurer une visibilit\u00e9 maximale, ce panneau d&rsquo;affichage allie fonctionnalit\u00e9 et esth\u00e9tique dans un design \u00e9pur\u00e9 et moderne. <\/p>\n<p>Conception et mat\u00e9riaux<\/p>\n<p>La structure du panneau d&rsquo;affichage est en aluminium anodis\u00e9 noir, ce qui lui conf\u00e8re un aspect sophistiqu\u00e9 et r\u00e9sistant. La base ultraplate, peinte en acier, mesure 50,5 x 40 cm, ce qui garantit la stabilit\u00e9 et \u00e9vite de tr\u00e9bucher. Il est donc particuli\u00e8rement s\u00fbr dans les lieux tr\u00e8s fr\u00e9quent\u00e9s tels que les restaurants, les h\u00f4tels et les centres commerciaux. <\/p>\n<p>Avec un double montant rectangulaire pour une stabilit\u00e9 maximale et une hauteur d&rsquo;affichage totale de 158 cm, ce panneau d&rsquo;affichage offre une pr\u00e9sentation optimale du contenu affich\u00e9. Il comporte \u00e9galement un panneau sup\u00e9rieur qui peut \u00eatre personnalis\u00e9 par une impression en couleur, par exemple avec le logo de votre entreprise.<\/p>\n<h2>Caract\u00e9ristiques du panneau d&rsquo;affichage autoportant 4xA4 Outdoor Black<\/h2>\n<p>La porte du tableau d&rsquo;affichage est en polycarbonate transparent et permet une ouverture en accord\u00e9on, facilitant l&rsquo;acc\u00e8s aux documents affich\u00e9s. Le porte-menu, dot\u00e9 d&rsquo;un fond m\u00e9tallique magn\u00e9tique, est con\u00e7u pour accueillir des formats verticaux 4xA4 ou horizontaux 2xA3, ce qui permet une grande souplesse dans la pr\u00e9sentation des informations. <\/p>\n<p>L&rsquo;une des caract\u00e9ristiques du tableau d&rsquo;affichage est la disponibilit\u00e9 d&rsquo;une version \u00e9clair\u00e9e, \u00e9quip\u00e9e de deux bandes LED plac\u00e9es le long des profils lat\u00e9raux int\u00e9rieurs. Cet \u00e9clairage cibl\u00e9 am\u00e9liore non seulement l&rsquo;esth\u00e9tique du produit, mais garantit \u00e9galement une visibilit\u00e9 optimale, m\u00eame dans des conditions de faible luminosit\u00e9, ce qui rend les informations faciles \u00e0 lire de jour comme de nuit. <\/p>\n<h2>S\u00e9curit\u00e9 et praticit\u00e9<\/h2>\n<p>Pour assurer une s\u00e9curit\u00e9 maximale des objets expos\u00e9s, le tableau d&rsquo;affichage est \u00e9quip\u00e9 d&rsquo;une double serrure dont les cl\u00e9s sont fournies. Ce syst\u00e8me de verrouillage emp\u00eache tout acc\u00e8s non autoris\u00e9 et prot\u00e8ge le contenu contre le vol et le vandalisme. <\/p>\n<p>En conclusion, le tableau d&rsquo;affichage ext\u00e9rieur autoportant noir 4xA4 est un excellent investissement pour ceux qui souhaitent communiquer de mani\u00e8re efficace et attrayante. La combinaison d&rsquo;un design \u00e9l\u00e9gant et d&rsquo;une fonctionnalit\u00e9 avanc\u00e9e le rend parfait pour un large \u00e9ventail d&rsquo;utilisations, d&rsquo;un ristobar tr\u00e8s fr\u00e9quent\u00e9 \u00e0 un centre de conf\u00e9rence prestigieux. <\/p>\n<h3>Caract\u00e9ristiques<\/h3>\n<ul>\n<li>Panneau de menu ext\u00e9rieur.<\/li>\n<li>Structure autoportante en aluminium anodis\u00e9 noir.<\/li>\n<li>Base en acier peint : cm. 50,5&#215;40<\/li>\n<li>Montant rectangulaire : H 120 cm<\/li>\n<li>Hauteur d&rsquo;affichage : 158 cm<\/li>\n<li>Porte-menu avec fond m\u00e9tallique (pour aimants) pour formats 4xA4 vertical ou 2xA3 horizontal.<\/li>\n<li>Panneau sup\u00e9rieur personnalisable avec impression en couleur<\/li>\n<li>Porte en polycarbonate transparent.<\/li>\n<li>Ouverture du livre.<\/li>\n<li>Double serrure avec cl\u00e9s fournies.<\/li>\n<li>Dimensions du cadre de communication (en cm) : L 50,5 &#8211; H 67,9<\/li>\n<li>Surface visible (en cm) : L 43,5 &#8211; H 60,9<\/li>\n<li>Poids de l&rsquo;article : environ 13,7 kg<\/li>\n<\/ul>\n<p><span style=\"color: #000000;\"><strong>Egalement disponible en version avec \u00e9clairage LED.<\/strong><\/span><\/p>\n<p>La version \u00e9clair\u00e9e est \u00e9quip\u00e9e de deux bandes LED plac\u00e9es le long des profils lat\u00e9raux int\u00e9rieurs.<\/p>\n<p><strong><span style=\"color: #993300;\">POUR LE FICHIER GRAPHIQUE : cr\u00e9ez le fichier aux dimensions 44,9&#215;10 cm (\u00e9chelle 1:1) avec les textes convertis en trac\u00e9s, apr\u00e8s avoir sauvegard\u00e9 le fichier en format PDF (r\u00e9solution minimale 200 dpi), envoyez le document \u00e0 l&rsquo;adresse \u00e9lectronique suivante<\/span> <a href=\"mailto:grafica@smartystore.it\">grafica@smartystore.it<\/a> <span style=\"color: #993300;\">en mentionnant le num\u00e9ro de commande.<\/span><\/strong><\/p>\n<p>&nbsp;<\/p>\n<h4 style=\"text-align: center;\">Voir les autres mod\u00e8les sur ce <strong><a href=\"https:\/\/www.smartystore.it\/fr\/categoria-prodotto\/tableaux-de-messages\/panneaux-daffichage-exterieurs\/\">LIEN<\/a><\/strong><\/h4>\n<p>&nbsp;<\/p>\n<p>&nbsp;<\/p>\n<p><a href=\"https:\/\/www.smartystore.it\/v25\/wp-content\/uploads\/2019\/10\/STR-CITY313N-313NLED.pdf\" target=\"_blank\" rel=\"noopener\"><img loading=\"lazy\" decoding=\"async\" class=\"alignnone size-full wp-image-93510\" src=\"https:\/\/www.smartystore.it\/v25\/wp-content\/uploads\/2014\/10\/SchedaTecnica-300-e1750084266903.png\" alt=\"\" width=\"249\" height=\"63\"><\/a><\/p>\n<p><a href=\"https:\/\/www.smartystore.it\/v25\/wp-content\/uploads\/2023\/03\/STR-CITY302-CITY303.pdf\" target=\"_blank\" rel=\"noopener\"><img loading=\"lazy\" decoding=\"async\" class=\"alignnone size-full wp-image-93645\" src=\"https:\/\/www.smartystore.it\/v25\/wp-content\/uploads\/2022\/09\/LogoDownload_tracciato-fustella-2.jpg\" alt=\"\" width=\"250\" height=\"63\"><\/a>[\/vc_column_text][\/vc_column][\/vc_row]<\/p>\n<\/div>","protected":false},"excerpt":{"rendered":"<p>Pupitre d&rsquo;ext\u00e9rieur noir pour format vertical 4xA4 ou horizontal 2xA3.<\/p>\n<p>Disponible en version standard ou avec \u00e9clairage LED.<\/p>\n","protected":false},"featured_media":98112,"comment_status":"open","ping_status":"closed","template":"","meta":{"_acf_changed":false},"pwb-brand":[],"product_brand":[],"product_cat":[2999,3001,2997],"product_tag":[6171,6591,6601,6604,6581,6603,6602,6552,6555,6580,6592,6164],"class_list":{"0":"post-98106","1":"product","2":"type-product","3":"status-publish","4":"has-post-thumbnail","6":"product_cat-panneaux-daffichage-exterieurs","7":"product_cat-porte-menu","8":"product_cat-tableaux-de-messages","9":"product_tag-panneau-daffichage","10":"product_tag-panneau-daffichage-exterieur-autoportant-4xa4","11":"product_tag-panneau-daffichage-exterieur-lumineux-noir","12":"product_tag-panneau-daffichage-noir-pour-lexterieur","13":"product_tag-panneau-de-menu-lumineux","14":"product_tag-panneau-de-menu-noir-pour-lexterieur-2","15":"product_tag-panneaux-daffichage-exterieurs-autoportants","16":"product_tag-tableau-daffichage-avec-fond-metallique-pour-aimants","17":"product_tag-tableau-daffichage-avec-fond-pour-aimants","18":"product_tag-tableau-daffichage-avec-ouverture-a-rabat-2","19":"product_tag-tableau-daffichage-lumineux-autoportant-2xa3","20":"product_tag-vitrines-a-rabat","21":"pa_c2c_angolo-vif","22":"pa_c2c_color-noir","23":"pa_c2c_dimensione-4-x-a4","24":"pa_c2c_illuminazione-sans-eclairage","25":"pa_c2c_illuminazione-avec-eclairage","26":"pa_c2c_mono_bifacciale-simple-face","27":"pa_c2c_stampa-non","28":"pa_c2c_stampa-oui","29":"pa_c2c_trovraprezzi-oui","31":"first","32":"instock","33":"taxable","34":"shipping-taxable","35":"purchasable","36":"product-type-variable"},"acf":[],"yoast_head":"<!-- This site is optimized with the Yoast SEO plugin v27.0 - https:\/\/yoast.com\/product\/yoast-seo-wordpress\/ -->\n<title>Panneau d&#039;affichage ext\u00e9rieur noir autoportant 4xA4 - Smarty Store Au Meilleur Prix<\/title>\n<meta name=\"description\" content=\"Panneau d&#039;affichage ext\u00e9rieur noir autoportant 4xA4 vertical ou 2xA3 horizontal, disponible avec ou sans \u00e9clairage LED. Base antid\u00e9rapante ultra plate.\" \/>\n<meta name=\"robots\" content=\"index, follow, max-snippet:-1, max-image-preview:large, max-video-preview:-1\" \/>\n<link rel=\"canonical\" href=\"https:\/\/www.smartystore.it\/fr\/prodotto\/panneau-daffichage-exterieur-noir-autoportant-4xa4\/\" \/>\n<meta property=\"og:locale\" content=\"fr_FR\" \/>\n<meta property=\"og:type\" content=\"article\" \/>\n<meta property=\"og:title\" content=\"Panneau d&#039;affichage ext\u00e9rieur noir autoportant 4xA4 - Smarty Store Au Meilleur Prix\" \/>\n<meta property=\"og:description\" content=\"Panneau d&#039;affichage ext\u00e9rieur noir autoportant 4xA4 vertical ou 2xA3 horizontal, disponible avec ou sans \u00e9clairage LED. Base antid\u00e9rapante ultra plate.\" \/>\n<meta property=\"og:url\" content=\"https:\/\/www.smartystore.it\/fr\/prodotto\/panneau-daffichage-exterieur-noir-autoportant-4xa4\/\" \/>\n<meta property=\"og:site_name\" content=\"Smarty Store\" \/>\n<meta property=\"article:publisher\" content=\"https:\/\/www.facebook.com\/smartystore.it\/\" \/>\n<meta property=\"article:modified_time\" content=\"2026-03-14T11:52:51+00:00\" \/>\n<meta property=\"og:image\" content=\"https:\/\/www.smartystore.it\/v25\/wp-content\/uploads\/2019\/10\/Bacheca-nera-porta-menu-esterno-autoportante-4xA4-e-pannello-personalizzabile-disponibile-anche-con-illuminazione-LED.jpg\" \/>\n\t<meta property=\"og:image:width\" content=\"1000\" \/>\n\t<meta property=\"og:image:height\" content=\"1000\" \/>\n\t<meta property=\"og:image:type\" content=\"image\/jpeg\" \/>\n<meta name=\"twitter:card\" content=\"summary_large_image\" \/>\n<meta name=\"twitter:site\" content=\"@smartystore\" \/>\n<meta name=\"twitter:label1\" content=\"Dur\u00e9e de lecture estim\u00e9e\" \/>\n\t<meta name=\"twitter:data1\" content=\"4 minutes\" \/>\n<script type=\"application\/ld+json\" class=\"yoast-schema-graph\">{\"@context\":\"https:\/\/schema.org\",\"@graph\":[{\"@type\":\"WebPage\",\"@id\":\"https:\/\/www.smartystore.it\/fr\/prodotto\/panneau-daffichage-exterieur-noir-autoportant-4xa4\/\",\"url\":\"https:\/\/www.smartystore.it\/fr\/prodotto\/panneau-daffichage-exterieur-noir-autoportant-4xa4\/\",\"name\":\"Panneau d'affichage ext\u00e9rieur noir autoportant 4xA4 - Smarty Store Au Meilleur Prix\",\"isPartOf\":{\"@id\":\"https:\/\/www.smartystore.it\/fr\/#website\"},\"primaryImageOfPage\":{\"@id\":\"https:\/\/www.smartystore.it\/fr\/prodotto\/panneau-daffichage-exterieur-noir-autoportant-4xa4\/#primaryimage\"},\"image\":{\"@id\":\"https:\/\/www.smartystore.it\/fr\/prodotto\/panneau-daffichage-exterieur-noir-autoportant-4xa4\/#primaryimage\"},\"thumbnailUrl\":\"https:\/\/www.smartystore.it\/v25\/wp-content\/uploads\/2019\/10\/Bacheca-nera-porta-menu-esterno-autoportante-4xA4-e-pannello-personalizzabile-disponibile-anche-con-illuminazione-LED.jpg\",\"datePublished\":\"2019-10-30T14:43:43+00:00\",\"dateModified\":\"2026-03-14T11:52:51+00:00\",\"description\":\"Panneau d'affichage ext\u00e9rieur noir autoportant 4xA4 vertical ou 2xA3 horizontal, disponible avec ou sans \u00e9clairage LED. Base antid\u00e9rapante ultra plate.\",\"breadcrumb\":{\"@id\":\"https:\/\/www.smartystore.it\/fr\/prodotto\/panneau-daffichage-exterieur-noir-autoportant-4xa4\/#breadcrumb\"},\"inLanguage\":\"fr-FR\",\"potentialAction\":[{\"@type\":\"ReadAction\",\"target\":[\"https:\/\/www.smartystore.it\/fr\/prodotto\/panneau-daffichage-exterieur-noir-autoportant-4xa4\/\"]}]},{\"@type\":\"ImageObject\",\"inLanguage\":\"fr-FR\",\"@id\":\"https:\/\/www.smartystore.it\/fr\/prodotto\/panneau-daffichage-exterieur-noir-autoportant-4xa4\/#primaryimage\",\"url\":\"https:\/\/www.smartystore.it\/v25\/wp-content\/uploads\/2019\/10\/Bacheca-nera-porta-menu-esterno-autoportante-4xA4-e-pannello-personalizzabile-disponibile-anche-con-illuminazione-LED.jpg\",\"contentUrl\":\"https:\/\/www.smartystore.it\/v25\/wp-content\/uploads\/2019\/10\/Bacheca-nera-porta-menu-esterno-autoportante-4xA4-e-pannello-personalizzabile-disponibile-anche-con-illuminazione-LED.jpg\",\"width\":1000,\"height\":1000,\"caption\":\"Tableau d'affichage ext\u00e9rieur autoportant noir, format 4xA4 ou 2xA3, avec \u00e9clairage.\"},{\"@type\":\"BreadcrumbList\",\"@id\":\"https:\/\/www.smartystore.it\/fr\/prodotto\/panneau-daffichage-exterieur-noir-autoportant-4xa4\/#breadcrumb\",\"itemListElement\":[{\"@type\":\"ListItem\",\"position\":1,\"name\":\"Accueil\",\"item\":\"https:\/\/www.smartystore.it\/fr\/\"},{\"@type\":\"ListItem\",\"position\":2,\"name\":\"Boutique\",\"item\":\"https:\/\/www.smartystore.it\/fr\/boutique\/\"},{\"@type\":\"ListItem\",\"position\":3,\"name\":\"Panneau d&#8217;affichage ext\u00e9rieur noir autoportant 4xA4\"}]},{\"@type\":\"WebSite\",\"@id\":\"https:\/\/www.smartystore.it\/fr\/#website\",\"url\":\"https:\/\/www.smartystore.it\/fr\/\",\"name\":\"Smarty Store\",\"description\":\"Espositori Pubblicitari e Sistemi di Comunicazione Visiva\",\"potentialAction\":[{\"@type\":\"SearchAction\",\"target\":{\"@type\":\"EntryPoint\",\"urlTemplate\":\"https:\/\/www.smartystore.it\/fr\/?s={search_term_string}\"},\"query-input\":{\"@type\":\"PropertyValueSpecification\",\"valueRequired\":true,\"valueName\":\"search_term_string\"}}],\"inLanguage\":\"fr-FR\"}]}<\/script>\n<!-- \/ Yoast SEO plugin. -->","yoast_head_json":{"title":"Panneau d'affichage ext\u00e9rieur noir autoportant 4xA4 - Smarty Store Au Meilleur Prix","description":"Panneau d'affichage ext\u00e9rieur noir autoportant 4xA4 vertical ou 2xA3 horizontal, disponible avec ou sans \u00e9clairage LED. Base antid\u00e9rapante ultra plate.","robots":{"index":"index","follow":"follow","max-snippet":"max-snippet:-1","max-image-preview":"max-image-preview:large","max-video-preview":"max-video-preview:-1"},"canonical":"https:\/\/www.smartystore.it\/fr\/prodotto\/panneau-daffichage-exterieur-noir-autoportant-4xa4\/","og_locale":"fr_FR","og_type":"article","og_title":"Panneau d'affichage ext\u00e9rieur noir autoportant 4xA4 - Smarty Store Au Meilleur Prix","og_description":"Panneau d'affichage ext\u00e9rieur noir autoportant 4xA4 vertical ou 2xA3 horizontal, disponible avec ou sans \u00e9clairage LED. Base antid\u00e9rapante ultra plate.","og_url":"https:\/\/www.smartystore.it\/fr\/prodotto\/panneau-daffichage-exterieur-noir-autoportant-4xa4\/","og_site_name":"Smarty Store","article_publisher":"https:\/\/www.facebook.com\/smartystore.it\/","article_modified_time":"2026-03-14T11:52:51+00:00","og_image":[{"width":1000,"height":1000,"url":"https:\/\/www.smartystore.it\/v25\/wp-content\/uploads\/2019\/10\/Bacheca-nera-porta-menu-esterno-autoportante-4xA4-e-pannello-personalizzabile-disponibile-anche-con-illuminazione-LED.jpg","type":"image\/jpeg"}],"twitter_card":"summary_large_image","twitter_site":"@smartystore","twitter_misc":{"Dur\u00e9e de lecture estim\u00e9e":"4 minutes"},"schema":{"@context":"https:\/\/schema.org","@graph":[{"@type":"WebPage","@id":"https:\/\/www.smartystore.it\/fr\/prodotto\/panneau-daffichage-exterieur-noir-autoportant-4xa4\/","url":"https:\/\/www.smartystore.it\/fr\/prodotto\/panneau-daffichage-exterieur-noir-autoportant-4xa4\/","name":"Panneau d'affichage ext\u00e9rieur noir autoportant 4xA4 - Smarty Store Au Meilleur Prix","isPartOf":{"@id":"https:\/\/www.smartystore.it\/fr\/#website"},"primaryImageOfPage":{"@id":"https:\/\/www.smartystore.it\/fr\/prodotto\/panneau-daffichage-exterieur-noir-autoportant-4xa4\/#primaryimage"},"image":{"@id":"https:\/\/www.smartystore.it\/fr\/prodotto\/panneau-daffichage-exterieur-noir-autoportant-4xa4\/#primaryimage"},"thumbnailUrl":"https:\/\/www.smartystore.it\/v25\/wp-content\/uploads\/2019\/10\/Bacheca-nera-porta-menu-esterno-autoportante-4xA4-e-pannello-personalizzabile-disponibile-anche-con-illuminazione-LED.jpg","datePublished":"2019-10-30T14:43:43+00:00","dateModified":"2026-03-14T11:52:51+00:00","description":"Panneau d'affichage ext\u00e9rieur noir autoportant 4xA4 vertical ou 2xA3 horizontal, disponible avec ou sans \u00e9clairage LED. Base antid\u00e9rapante ultra plate.","breadcrumb":{"@id":"https:\/\/www.smartystore.it\/fr\/prodotto\/panneau-daffichage-exterieur-noir-autoportant-4xa4\/#breadcrumb"},"inLanguage":"fr-FR","potentialAction":[{"@type":"ReadAction","target":["https:\/\/www.smartystore.it\/fr\/prodotto\/panneau-daffichage-exterieur-noir-autoportant-4xa4\/"]}]},{"@type":"ImageObject","inLanguage":"fr-FR","@id":"https:\/\/www.smartystore.it\/fr\/prodotto\/panneau-daffichage-exterieur-noir-autoportant-4xa4\/#primaryimage","url":"https:\/\/www.smartystore.it\/v25\/wp-content\/uploads\/2019\/10\/Bacheca-nera-porta-menu-esterno-autoportante-4xA4-e-pannello-personalizzabile-disponibile-anche-con-illuminazione-LED.jpg","contentUrl":"https:\/\/www.smartystore.it\/v25\/wp-content\/uploads\/2019\/10\/Bacheca-nera-porta-menu-esterno-autoportante-4xA4-e-pannello-personalizzabile-disponibile-anche-con-illuminazione-LED.jpg","width":1000,"height":1000,"caption":"Tableau d'affichage ext\u00e9rieur autoportant noir, format 4xA4 ou 2xA3, avec \u00e9clairage."},{"@type":"BreadcrumbList","@id":"https:\/\/www.smartystore.it\/fr\/prodotto\/panneau-daffichage-exterieur-noir-autoportant-4xa4\/#breadcrumb","itemListElement":[{"@type":"ListItem","position":1,"name":"Accueil","item":"https:\/\/www.smartystore.it\/fr\/"},{"@type":"ListItem","position":2,"name":"Boutique","item":"https:\/\/www.smartystore.it\/fr\/boutique\/"},{"@type":"ListItem","position":3,"name":"Panneau d&#8217;affichage ext\u00e9rieur noir autoportant 4xA4"}]},{"@type":"WebSite","@id":"https:\/\/www.smartystore.it\/fr\/#website","url":"https:\/\/www.smartystore.it\/fr\/","name":"Smarty Store","description":"Espositori Pubblicitari e Sistemi di Comunicazione Visiva","potentialAction":[{"@type":"SearchAction","target":{"@type":"EntryPoint","urlTemplate":"https:\/\/www.smartystore.it\/fr\/?s={search_term_string}"},"query-input":{"@type":"PropertyValueSpecification","valueRequired":true,"valueName":"search_term_string"}}],"inLanguage":"fr-FR"}]}},"brands":[],"_links":{"self":[{"href":"https:\/\/www.smartystore.it\/fr\/wp-json\/wp\/v2\/product\/98106","targetHints":{"allow":["GET"]}}],"collection":[{"href":"https:\/\/www.smartystore.it\/fr\/wp-json\/wp\/v2\/product"}],"about":[{"href":"https:\/\/www.smartystore.it\/fr\/wp-json\/wp\/v2\/types\/product"}],"replies":[{"embeddable":true,"href":"https:\/\/www.smartystore.it\/fr\/wp-json\/wp\/v2\/comments?post=98106"}],"wp:featuredmedia":[{"embeddable":true,"href":"https:\/\/www.smartystore.it\/fr\/wp-json\/wp\/v2\/media\/98112"}],"wp:attachment":[{"href":"https:\/\/www.smartystore.it\/fr\/wp-json\/wp\/v2\/media?parent=98106"}],"wp:term":[{"taxonomy":"pwb-brand","embeddable":true,"href":"https:\/\/www.smartystore.it\/fr\/wp-json\/wp\/v2\/pwb-brand?post=98106"},{"taxonomy":"product_brand","embeddable":true,"href":"https:\/\/www.smartystore.it\/fr\/wp-json\/wp\/v2\/product_brand?post=98106"},{"taxonomy":"product_cat","embeddable":true,"href":"https:\/\/www.smartystore.it\/fr\/wp-json\/wp\/v2\/product_cat?post=98106"},{"taxonomy":"product_tag","embeddable":true,"href":"https:\/\/www.smartystore.it\/fr\/wp-json\/wp\/v2\/product_tag?post=98106"}],"curies":[{"name":"wp","href":"https:\/\/api.w.org\/{rel}","templated":true}]}}