{"id":98082,"date":"2019-11-21T13:40:04","date_gmt":"2019-11-21T11:40:04","guid":{"rendered":"https:\/\/www.smartystore.it\/prodotto\/panneau-daffichage-exterieur-autoportant-4xa4-led\/"},"modified":"2026-03-12T15:20:51","modified_gmt":"2026-03-12T13:20:51","slug":"panneau-daffichage-exterieur-autoportant-4xa4-led","status":"publish","type":"product","link":"https:\/\/www.smartystore.it\/fr\/prodotto\/panneau-daffichage-exterieur-autoportant-4xa4-led\/","title":{"rendered":"Panneau d&rsquo;affichage ext\u00e9rieur autoportant 4xA4 LED"},"content":{"rendered":"<div class=\"wpb-content-wrapper\"><p>[vc_row][vc_column][vc_column_text css=\u00a0\u00bb\u00a0\u00bb css_params=\u00a0\u00bb\u00a0\u00bb]<\/p>\n<h1>Panneau d&rsquo;affichage ext\u00e9rieur autoportant \u00e0 LED 4xA4 : la solution id\u00e9ale pour la communication visuelle<\/h1>\n<p>Le panneau d&rsquo;affichage ext\u00e9rieur 4xA4 LED est une option polyvalente et fonctionnelle, parfaite pour les bars, les restaurants, les h\u00f4tels et les centres commerciaux. Cet outil de communication visuelle am\u00e9liore non seulement la visibilit\u00e9 des informations, mais permet \u00e9galement de pr\u00e9senter les offres et les menus de mani\u00e8re attrayante au public. <\/p>\n<p>Disponible en version \u00e9clair\u00e9e <strong>ou non<\/strong>, le panneau d&rsquo;affichage avec \u00e9clairage se distingue par deux bandes LED plac\u00e9es le long des profils lat\u00e9raux int\u00e9rieurs. Cette caract\u00e9ristique garantit une excellente visibilit\u00e9, m\u00eame dans des conditions de faible luminosit\u00e9, et attire l&rsquo;attention des passants et des clients potentiels tout au long de la journ\u00e9e et de la nuit. <\/p>\n<p>Compos\u00e9 d&rsquo;un cadre en aluminium anodis\u00e9 argent\u00e9, ce panneau d&rsquo;affichage allie robustesse et \u00e9l\u00e9gance, s&rsquo;adaptant parfaitement \u00e0 tout contexte ext\u00e9rieur. La base ultraplate en acier peint est con\u00e7ue pour garantir la stabilit\u00e9 et la s\u00e9curit\u00e9, en minimisant le risque de tr\u00e9buchement. Le montant rectangulaire a un profil de 5,5 x 2,5 cm, ce qui lui conf\u00e8re une grande solidit\u00e9 et un soutien structurel.  <\/p>\n<h2>Tableau d&rsquo;affichage ext\u00e9rieur autoportant 4xA4 LED : \u00e9l\u00e9gance et s\u00e9curit\u00e9<\/h2>\n<p>Le porte-menu est con\u00e7u pour accueillir des formats <strong>4xA4 en portrait ou 2xA3 en paysage<\/strong>, offrant ainsi la flexibilit\u00e9 n\u00e9cessaire pour pr\u00e9senter diff\u00e9rents types de contenu. Le <strong>fond m\u00e9tallique<\/strong> permet de fixer facilement les feuilles \u00e0 l&rsquo;aide d&rsquo;aimants, ce qui facilite le remplacement des informations. La porte transparente en polycarbonate prot\u00e8ge le contenu des intemp\u00e9ries et de l&rsquo;usure, garantissant une visibilit\u00e9 maximale.  <\/p>\n<p>Le tableau d&rsquo;affichage est dot\u00e9 d&rsquo;<strong>une ouverture rabattable<\/strong> qui facilite l&rsquo;acc\u00e8s aux documents expos\u00e9s. Il est \u00e9galement \u00e9quip\u00e9 d&rsquo;une double serrure dont les cl\u00e9s sont fournies, ce qui permet de prot\u00e9ger les informations et d&rsquo;\u00e9viter les manipulations. Enfin, le panneau d&rsquo;ent\u00eate peut \u00eatre personnalis\u00e9 avec le logo de votre entreprise, offrant ainsi une opportunit\u00e9 suppl\u00e9mentaire de marquage et de visibilit\u00e9.  <\/p>\n<p>En r\u00e9sum\u00e9, le panneau d&rsquo;affichage ext\u00e9rieur autonome 4xA4 LED est un investissement pratique et esth\u00e9tique pour toute entreprise qui souhaite communiquer de mani\u00e8re efficace, s\u00fbre et attrayante.<\/p>\n<h3><strong>CARACT\u00c9RISTIQUES<\/strong><\/h3>\n<ul>\n<li>Panneau de menu ext\u00e9rieur.<\/li>\n<li>Structure autoportante en aluminium anodis\u00e9 argent.<\/li>\n<li>Base en acier peint : cm. 50,5&#215;40<\/li>\n<li>Rectangulaire droit : 5.5&#215;2.5 cm profil.<\/li>\n<li>Hauteur d&rsquo;affichage : 163 cm<\/li>\n<li>Porte-menu avec fond m\u00e9tallique magn\u00e9tique pour les formats horizontaux 4xA4 ou 2xA3.<\/li>\n<li>Porte en polycarbonate transparent.<\/li>\n<li>Ouverture du livre.<\/li>\n<li>Double serrure avec cl\u00e9s fournies.<\/li>\n<li>Panneau d&rsquo;en-t\u00eate personnalisable avec logo.<\/li>\n<li>Dimensions du panneau personnalisable avec logo (en cm) : H 10 &#8211; L 44,9<\/li>\n<li>Zone de personnalisation visible (en cm) : H 9,3 &#8211; L 43,5<\/li>\n<li>Dimensions du cadre de communication (en cm) : L 50,5 &#8211; H 77,9<\/li>\n<li>Poids de l&rsquo;article : environ 12,7 kg<\/li>\n<\/ul>\n<p>\u00c9quip\u00e9 de deux bandes LED plac\u00e9es le long des profils lat\u00e9raux int\u00e9rieurs.<\/p>\n<p>&nbsp;<\/p>\n<p><strong><span style=\"color: #993300;\"><strong>POUR LE FICHIER GRAPHIQUE : cr\u00e9ez le fichier aux dimensions 44,9&#215;10 cm (\u00e9chelle 1:1) avec les textes convertis en trac\u00e9s, apr\u00e8s avoir sauvegard\u00e9 le fichier en format PDF (r\u00e9solution minimale 200 dpi), envoyez le document \u00e0 l&rsquo;adresse \u00e9lectronique suivante<\/strong><\/span><strong> <a href=\"mailto:grafica@smartystore.it\">grafica@smartystore.it<\/a> <\/strong><span style=\"color: #993300;\"><strong>en mentionnant le num\u00e9ro de commande.<\/strong><\/span><\/strong><\/p>\n<p>&nbsp;<\/p>\n<h4 style=\"text-align: center;\">Voir les autres mod\u00e8les sur ce <strong><a href=\"https:\/\/www.smartystore.it\/fr\/categoria-prodotto\/tableaux-de-messages\/panneaux-daffichage-exterieurs\/\">LIEN<\/a><\/strong><\/h4>\n<p>&nbsp;<\/p>\n<p><a href=\"https:\/\/www.smartystore.it\/v25\/wp-content\/uploads\/2019\/11\/STR-CITY313-CITY313LED.pdf\" target=\"_blank\" rel=\"noopener\"><img loading=\"lazy\" decoding=\"async\" class=\"alignnone size-full wp-image-93510\" src=\"https:\/\/www.smartystore.it\/v25\/wp-content\/uploads\/2014\/10\/SchedaTecnica-300-e1750084266903.png\" alt=\"\" width=\"249\" height=\"63\"><\/a><\/p>\n<p><a href=\"https:\/\/www.smartystore.it\/v25\/wp-content\/uploads\/2023\/03\/STR-CITY302-CITY303.pdf\" target=\"_blank\" rel=\"noopener\"><img loading=\"lazy\" decoding=\"async\" class=\"alignnone size-full wp-image-93645\" src=\"https:\/\/www.smartystore.it\/v25\/wp-content\/uploads\/2022\/09\/LogoDownload_tracciato-fustella-2.jpg\" alt=\"\" width=\"250\" height=\"63\"><\/a>[\/vc_column_text][\/vc_column][\/vc_row]<\/p>\n<\/div>","protected":false},"excerpt":{"rendered":"<p>Panneau d&rsquo;affichage ext\u00e9rieur autoportant au format vertical 4xA4 ou horizontal 2xA3. Disponible avec ou sans \u00e9clairage LED et panneau personnalisable. <\/p>\n","protected":false},"featured_media":98072,"comment_status":"open","ping_status":"closed","template":"","meta":{"_acf_changed":false},"pwb-brand":[],"product_brand":[],"product_cat":[2999,3001,2997],"product_tag":[6171,6578,6586,6591,6581,6162,6579,6552,6555,6580,6592,6164],"class_list":{"0":"post-98082","1":"product","2":"type-product","3":"status-publish","4":"has-post-thumbnail","6":"product_cat-panneaux-daffichage-exterieurs","7":"product_cat-porte-menu","8":"product_cat-tableaux-de-messages","9":"product_tag-panneau-daffichage","10":"product_tag-panneau-daffichage-exterieur-4","11":"product_tag-panneau-daffichage-exterieur-eclaire","12":"product_tag-panneau-daffichage-exterieur-autoportant-4xa4","13":"product_tag-panneau-de-menu-lumineux","14":"product_tag-panneaux-daffichage-exterieurs","15":"product_tag-support-de-menu-exterieur","16":"product_tag-tableau-daffichage-avec-fond-metallique-pour-aimants","17":"product_tag-tableau-daffichage-avec-fond-pour-aimants","18":"product_tag-tableau-daffichage-avec-ouverture-a-rabat-2","19":"product_tag-tableau-daffichage-lumineux-autoportant-2xa3","20":"product_tag-vitrines-a-rabat","21":"pa_c2c_angolo-vif","22":"pa_c2c_color-argent","23":"pa_c2c_dimensione-4-x-a4","24":"pa_c2c_illuminazione-avec-eclairage","25":"pa_c2c_illuminazione-sans-eclairage","26":"pa_c2c_mono_bifacciale-simple-face","27":"pa_c2c_stampa-non","28":"pa_c2c_stampa-oui","30":"first","31":"instock","32":"taxable","33":"shipping-taxable","34":"purchasable","35":"product-type-variable"},"acf":[],"yoast_head":"<!-- This site is optimized with the Yoast SEO plugin v27.4 - https:\/\/yoast.com\/product\/yoast-seo-wordpress\/ -->\n<title>Panneau d&#039;affichage ext\u00e9rieur autoportant 4xA4 LED - Smarty Store Au Meilleur Prix<\/title>\n<meta name=\"description\" content=\"Panneau d&#039;affichage ext\u00e9rieur autoportant \u00e0 LED 4xA4, pour un format vertical 4xA4 ou horizontal 2xA3. Disponible avec ou sans \u00e9clairage et panneau personnalisable.\" \/>\n<meta name=\"robots\" content=\"index, follow, max-snippet:-1, max-image-preview:large, max-video-preview:-1\" \/>\n<link rel=\"canonical\" href=\"https:\/\/www.smartystore.it\/fr\/prodotto\/panneau-daffichage-exterieur-autoportant-4xa4-led\/\" \/>\n<meta property=\"og:locale\" content=\"fr_FR\" \/>\n<meta property=\"og:type\" content=\"article\" \/>\n<meta property=\"og:title\" content=\"Panneau d&#039;affichage ext\u00e9rieur autoportant 4xA4 LED - Smarty Store Au Meilleur Prix\" \/>\n<meta property=\"og:description\" content=\"Panneau d&#039;affichage ext\u00e9rieur autoportant \u00e0 LED 4xA4, pour un format vertical 4xA4 ou horizontal 2xA3. Disponible avec ou sans \u00e9clairage et panneau personnalisable.\" \/>\n<meta property=\"og:url\" content=\"https:\/\/www.smartystore.it\/fr\/prodotto\/panneau-daffichage-exterieur-autoportant-4xa4-led\/\" \/>\n<meta property=\"og:site_name\" content=\"Smarty Store\" \/>\n<meta property=\"article:modified_time\" content=\"2026-03-12T13:20:51+00:00\" \/>\n<meta property=\"og:image\" content=\"https:\/\/www.smartystore.it\/v25\/wp-content\/uploads\/2019\/11\/Bacheca-porta-menu-esterno-autoportante-4xA4-con-illuminazione-led.jpg\" \/>\n\t<meta property=\"og:image:width\" content=\"1000\" \/>\n\t<meta property=\"og:image:height\" content=\"1000\" \/>\n\t<meta property=\"og:image:type\" content=\"image\/jpeg\" \/>\n<meta name=\"twitter:card\" content=\"summary_large_image\" \/>\n<meta name=\"twitter:label1\" content=\"Dur\u00e9e de lecture estim\u00e9e\" \/>\n\t<meta name=\"twitter:data1\" content=\"4 minutes\" \/>\n<script type=\"application\/ld+json\" class=\"yoast-schema-graph\">{\"@context\":\"https:\\\/\\\/schema.org\",\"@graph\":[{\"@type\":\"WebPage\",\"@id\":\"https:\\\/\\\/www.smartystore.it\\\/fr\\\/prodotto\\\/panneau-daffichage-exterieur-autoportant-4xa4-led\\\/\",\"url\":\"https:\\\/\\\/www.smartystore.it\\\/fr\\\/prodotto\\\/panneau-daffichage-exterieur-autoportant-4xa4-led\\\/\",\"name\":\"Panneau d'affichage ext\u00e9rieur autoportant 4xA4 LED - Smarty Store Au Meilleur Prix\",\"isPartOf\":{\"@id\":\"https:\\\/\\\/www.smartystore.it\\\/fr\\\/#website\"},\"primaryImageOfPage\":{\"@id\":\"https:\\\/\\\/www.smartystore.it\\\/fr\\\/prodotto\\\/panneau-daffichage-exterieur-autoportant-4xa4-led\\\/#primaryimage\"},\"image\":{\"@id\":\"https:\\\/\\\/www.smartystore.it\\\/fr\\\/prodotto\\\/panneau-daffichage-exterieur-autoportant-4xa4-led\\\/#primaryimage\"},\"thumbnailUrl\":\"https:\\\/\\\/www.smartystore.it\\\/v25\\\/wp-content\\\/uploads\\\/2019\\\/11\\\/Bacheca-porta-menu-esterno-autoportante-4xA4-con-illuminazione-led.jpg\",\"datePublished\":\"2019-11-21T11:40:04+00:00\",\"dateModified\":\"2026-03-12T13:20:51+00:00\",\"description\":\"Panneau d'affichage ext\u00e9rieur autoportant \u00e0 LED 4xA4, pour un format vertical 4xA4 ou horizontal 2xA3. Disponible avec ou sans \u00e9clairage et panneau personnalisable.\",\"breadcrumb\":{\"@id\":\"https:\\\/\\\/www.smartystore.it\\\/fr\\\/prodotto\\\/panneau-daffichage-exterieur-autoportant-4xa4-led\\\/#breadcrumb\"},\"inLanguage\":\"fr-FR\",\"potentialAction\":[{\"@type\":\"ReadAction\",\"target\":[\"https:\\\/\\\/www.smartystore.it\\\/fr\\\/prodotto\\\/panneau-daffichage-exterieur-autoportant-4xa4-led\\\/\"]}]},{\"@type\":\"ImageObject\",\"inLanguage\":\"fr-FR\",\"@id\":\"https:\\\/\\\/www.smartystore.it\\\/fr\\\/prodotto\\\/panneau-daffichage-exterieur-autoportant-4xa4-led\\\/#primaryimage\",\"url\":\"https:\\\/\\\/www.smartystore.it\\\/v25\\\/wp-content\\\/uploads\\\/2019\\\/11\\\/Bacheca-porta-menu-esterno-autoportante-4xA4-con-illuminazione-led.jpg\",\"contentUrl\":\"https:\\\/\\\/www.smartystore.it\\\/v25\\\/wp-content\\\/uploads\\\/2019\\\/11\\\/Bacheca-porta-menu-esterno-autoportante-4xA4-con-illuminazione-led.jpg\",\"width\":1000,\"height\":1000,\"caption\":\"Panneau d'affichage ext\u00e9rieur autoportant 4xA4 LED\"},{\"@type\":\"BreadcrumbList\",\"@id\":\"https:\\\/\\\/www.smartystore.it\\\/fr\\\/prodotto\\\/panneau-daffichage-exterieur-autoportant-4xa4-led\\\/#breadcrumb\",\"itemListElement\":[{\"@type\":\"ListItem\",\"position\":1,\"name\":\"Home\",\"item\":\"https:\\\/\\\/www.smartystore.it\\\/fr\\\/\"},{\"@type\":\"ListItem\",\"position\":2,\"name\":\"Boutique\",\"item\":\"https:\\\/\\\/www.smartystore.it\\\/fr\\\/boutique\\\/\"},{\"@type\":\"ListItem\",\"position\":3,\"name\":\"Panneau d&#8217;affichage ext\u00e9rieur autoportant 4xA4 LED\"}]},{\"@type\":\"WebSite\",\"@id\":\"https:\\\/\\\/www.smartystore.it\\\/fr\\\/#website\",\"url\":\"https:\\\/\\\/www.smartystore.it\\\/fr\\\/\",\"name\":\"Smarty Store\",\"description\":\"Espositori Pubblicitari e Sistemi di Comunicazione Visiva\",\"potentialAction\":[{\"@type\":\"SearchAction\",\"target\":{\"@type\":\"EntryPoint\",\"urlTemplate\":\"https:\\\/\\\/www.smartystore.it\\\/fr\\\/?s={search_term_string}\"},\"query-input\":{\"@type\":\"PropertyValueSpecification\",\"valueRequired\":true,\"valueName\":\"search_term_string\"}}],\"inLanguage\":\"fr-FR\"}]}<\/script>\n<!-- \/ Yoast SEO plugin. -->","yoast_head_json":{"title":"Panneau d'affichage ext\u00e9rieur autoportant 4xA4 LED - Smarty Store Au Meilleur Prix","description":"Panneau d'affichage ext\u00e9rieur autoportant \u00e0 LED 4xA4, pour un format vertical 4xA4 ou horizontal 2xA3. Disponible avec ou sans \u00e9clairage et panneau personnalisable.","robots":{"index":"index","follow":"follow","max-snippet":"max-snippet:-1","max-image-preview":"max-image-preview:large","max-video-preview":"max-video-preview:-1"},"canonical":"https:\/\/www.smartystore.it\/fr\/prodotto\/panneau-daffichage-exterieur-autoportant-4xa4-led\/","og_locale":"fr_FR","og_type":"article","og_title":"Panneau d'affichage ext\u00e9rieur autoportant 4xA4 LED - Smarty Store Au Meilleur Prix","og_description":"Panneau d'affichage ext\u00e9rieur autoportant \u00e0 LED 4xA4, pour un format vertical 4xA4 ou horizontal 2xA3. Disponible avec ou sans \u00e9clairage et panneau personnalisable.","og_url":"https:\/\/www.smartystore.it\/fr\/prodotto\/panneau-daffichage-exterieur-autoportant-4xa4-led\/","og_site_name":"Smarty Store","article_modified_time":"2026-03-12T13:20:51+00:00","og_image":[{"width":1000,"height":1000,"url":"https:\/\/www.smartystore.it\/v25\/wp-content\/uploads\/2019\/11\/Bacheca-porta-menu-esterno-autoportante-4xA4-con-illuminazione-led.jpg","type":"image\/jpeg"}],"twitter_card":"summary_large_image","twitter_misc":{"Dur\u00e9e de lecture estim\u00e9e":"4 minutes"},"schema":{"@context":"https:\/\/schema.org","@graph":[{"@type":"WebPage","@id":"https:\/\/www.smartystore.it\/fr\/prodotto\/panneau-daffichage-exterieur-autoportant-4xa4-led\/","url":"https:\/\/www.smartystore.it\/fr\/prodotto\/panneau-daffichage-exterieur-autoportant-4xa4-led\/","name":"Panneau d'affichage ext\u00e9rieur autoportant 4xA4 LED - Smarty Store Au Meilleur Prix","isPartOf":{"@id":"https:\/\/www.smartystore.it\/fr\/#website"},"primaryImageOfPage":{"@id":"https:\/\/www.smartystore.it\/fr\/prodotto\/panneau-daffichage-exterieur-autoportant-4xa4-led\/#primaryimage"},"image":{"@id":"https:\/\/www.smartystore.it\/fr\/prodotto\/panneau-daffichage-exterieur-autoportant-4xa4-led\/#primaryimage"},"thumbnailUrl":"https:\/\/www.smartystore.it\/v25\/wp-content\/uploads\/2019\/11\/Bacheca-porta-menu-esterno-autoportante-4xA4-con-illuminazione-led.jpg","datePublished":"2019-11-21T11:40:04+00:00","dateModified":"2026-03-12T13:20:51+00:00","description":"Panneau d'affichage ext\u00e9rieur autoportant \u00e0 LED 4xA4, pour un format vertical 4xA4 ou horizontal 2xA3. Disponible avec ou sans \u00e9clairage et panneau personnalisable.","breadcrumb":{"@id":"https:\/\/www.smartystore.it\/fr\/prodotto\/panneau-daffichage-exterieur-autoportant-4xa4-led\/#breadcrumb"},"inLanguage":"fr-FR","potentialAction":[{"@type":"ReadAction","target":["https:\/\/www.smartystore.it\/fr\/prodotto\/panneau-daffichage-exterieur-autoportant-4xa4-led\/"]}]},{"@type":"ImageObject","inLanguage":"fr-FR","@id":"https:\/\/www.smartystore.it\/fr\/prodotto\/panneau-daffichage-exterieur-autoportant-4xa4-led\/#primaryimage","url":"https:\/\/www.smartystore.it\/v25\/wp-content\/uploads\/2019\/11\/Bacheca-porta-menu-esterno-autoportante-4xA4-con-illuminazione-led.jpg","contentUrl":"https:\/\/www.smartystore.it\/v25\/wp-content\/uploads\/2019\/11\/Bacheca-porta-menu-esterno-autoportante-4xA4-con-illuminazione-led.jpg","width":1000,"height":1000,"caption":"Panneau d'affichage ext\u00e9rieur autoportant 4xA4 LED"},{"@type":"BreadcrumbList","@id":"https:\/\/www.smartystore.it\/fr\/prodotto\/panneau-daffichage-exterieur-autoportant-4xa4-led\/#breadcrumb","itemListElement":[{"@type":"ListItem","position":1,"name":"Home","item":"https:\/\/www.smartystore.it\/fr\/"},{"@type":"ListItem","position":2,"name":"Boutique","item":"https:\/\/www.smartystore.it\/fr\/boutique\/"},{"@type":"ListItem","position":3,"name":"Panneau d&#8217;affichage ext\u00e9rieur autoportant 4xA4 LED"}]},{"@type":"WebSite","@id":"https:\/\/www.smartystore.it\/fr\/#website","url":"https:\/\/www.smartystore.it\/fr\/","name":"Smarty Store","description":"Espositori Pubblicitari e Sistemi di Comunicazione Visiva","potentialAction":[{"@type":"SearchAction","target":{"@type":"EntryPoint","urlTemplate":"https:\/\/www.smartystore.it\/fr\/?s={search_term_string}"},"query-input":{"@type":"PropertyValueSpecification","valueRequired":true,"valueName":"search_term_string"}}],"inLanguage":"fr-FR"}]}},"brands":[],"_links":{"self":[{"href":"https:\/\/www.smartystore.it\/fr\/wp-json\/wp\/v2\/product\/98082","targetHints":{"allow":["GET"]}}],"collection":[{"href":"https:\/\/www.smartystore.it\/fr\/wp-json\/wp\/v2\/product"}],"about":[{"href":"https:\/\/www.smartystore.it\/fr\/wp-json\/wp\/v2\/types\/product"}],"replies":[{"embeddable":true,"href":"https:\/\/www.smartystore.it\/fr\/wp-json\/wp\/v2\/comments?post=98082"}],"wp:featuredmedia":[{"embeddable":true,"href":"https:\/\/www.smartystore.it\/fr\/wp-json\/wp\/v2\/media\/98072"}],"wp:attachment":[{"href":"https:\/\/www.smartystore.it\/fr\/wp-json\/wp\/v2\/media?parent=98082"}],"wp:term":[{"taxonomy":"pwb-brand","embeddable":true,"href":"https:\/\/www.smartystore.it\/fr\/wp-json\/wp\/v2\/pwb-brand?post=98082"},{"taxonomy":"product_brand","embeddable":true,"href":"https:\/\/www.smartystore.it\/fr\/wp-json\/wp\/v2\/product_brand?post=98082"},{"taxonomy":"product_cat","embeddable":true,"href":"https:\/\/www.smartystore.it\/fr\/wp-json\/wp\/v2\/product_cat?post=98082"},{"taxonomy":"product_tag","embeddable":true,"href":"https:\/\/www.smartystore.it\/fr\/wp-json\/wp\/v2\/product_tag?post=98082"}],"curies":[{"name":"wp","href":"https:\/\/api.w.org\/{rel}","templated":true}]}}