{"id":98047,"date":"2019-11-20T16:41:26","date_gmt":"2019-11-20T14:41:26","guid":{"rendered":"https:\/\/www.smartystore.it\/prodotto\/panneau-daffichage-exterieur-autoportant-2xa4\/"},"modified":"2026-03-11T19:15:39","modified_gmt":"2026-03-11T17:15:39","slug":"panneau-daffichage-exterieur-autoportant-2xa4","status":"publish","type":"product","link":"https:\/\/www.smartystore.it\/fr\/prodotto\/panneau-daffichage-exterieur-autoportant-2xa4\/","title":{"rendered":"Panneau d&rsquo;affichage ext\u00e9rieur autoportant 2xA4"},"content":{"rendered":"<div class=\"wpb-content-wrapper\"><p>[vc_row][vc_column][vc_column_text css=\u00a0\u00bb\u00a0\u00bb css_params=\u00a0\u00bb\u00a0\u00bb]<\/p>\n<h1>Panneau d&rsquo;affichage ext\u00e9rieur autoportant 2xA4 : polyvalence et design moderne<\/h1>\n<p>Le panneau d&rsquo;affichage ext\u00e9rieur autoportant 2xA4, con\u00e7u pour accueillir deux feuilles <strong>A4 verticales<\/strong> ou une feuille <strong>A3 horizontale<\/strong>, est une solution id\u00e9ale pour les restaurants, les bars et les bars \u00e0 vin qui souhaitent pr\u00e9senter leurs menus de mani\u00e8re \u00e9l\u00e9gante et fonctionnelle. R\u00e9alis\u00e9 avec un cadre en aluminium anodis\u00e9 de couleur argent\u00e9e, ce panneau d&rsquo;affichage s&rsquo;int\u00e8gre parfaitement dans les contextes modernes et offre un aspect hi-tech qui attire l&rsquo;attention des passants. <\/p>\n<p>L&rsquo;une des caract\u00e9ristiques de ce produit est qu&rsquo;il est disponible en version avec ou sans <strong>\u00e9clairage LED.<\/strong> L&rsquo;\u00e9clairage int\u00e9gr\u00e9 ne se contente pas de rehausser l&rsquo;esth\u00e9tique du panneau d&rsquo;affichage, il garantit \u00e9galement une lisibilit\u00e9 optimale pendant les heures de la soir\u00e9e, ce qui permet aux clients de consulter facilement le menu m\u00eame dans des conditions de faible luminosit\u00e9. Il est donc particuli\u00e8rement adapt\u00e9 aux \u00e9v\u00e9nements en plein air et aux activit\u00e9s nocturnes.  <\/p>\n<h2>Panneau d&rsquo;affichage ext\u00e9rieur autoportant 2xA4 : s\u00e9curit\u00e9 et personnalisation<\/h2>\n<p>La base du panneau d&rsquo;affichage, r\u00e9alis\u00e9e en acier peint avec des dimensions de 45&#215;45 cm, est con\u00e7ue pour \u00eatre <strong>ultraplate<\/strong> et <strong>ind\u00e9formable<\/strong>, ce qui garantit la stabilit\u00e9 et la s\u00e9curit\u00e9. Le poteau ovale, d&rsquo;une hauteur de 115 cm, assure non seulement une bonne visibilit\u00e9, mais conf\u00e8re \u00e9galement une \u00e9l\u00e9gance discr\u00e8te \u00e0 l&rsquo;ensemble de la structure.<br \/>\nLe panneau sup\u00e9rieur permet \u00e9galement de personnaliser le panneau d&rsquo;affichage avec l&rsquo;impression du logo de l&rsquo;entreprise. <\/p>\n<p>Le porte-menu est dot\u00e9 d&rsquo;un fond m\u00e9tallique magn\u00e9tique qui permet de mettre \u00e0 jour facilement les informations affich\u00e9es. Gr\u00e2ce \u00e0 l&rsquo;ouverture du rabat, l&rsquo;acc\u00e8s au contenu est imm\u00e9diat et pratique, ce qui facilite le changement de menu ou l&rsquo;insertion de nouvelles communications promotionnelles. En m\u00eame temps, la porte en polycarbonate transparent prot\u00e8ge le mat\u00e9riel affich\u00e9 des agents atmosph\u00e9riques et du vandalisme.  <\/p>\n<p>Enfin, la serrure \u00e0 cl\u00e9 fournie offre un niveau de s\u00e9curit\u00e9 suppl\u00e9mentaire, rendant difficile l&rsquo;acc\u00e8s non autoris\u00e9 au contenu du tableau. En r\u00e9sum\u00e9, ce tableau d&rsquo;affichage autoportant repr\u00e9sente une combinaison parfaite de fonctionnalit\u00e9, de s\u00e9curit\u00e9 et de design moderne, ce qui en fait un investissement int\u00e9ressant pour toute entreprise qui souhaite se d\u00e9marquer. <\/p>\n<h3>Caract\u00e9ristiques<\/h3>\n<ul>\n<li>Panneau de menu ext\u00e9rieur.<\/li>\n<li>Cadre en aluminium anodis\u00e9 argent.<\/li>\n<li>Base en acier peint : 45&#215;45 cm<\/li>\n<li>Montant ovale : H 115 cm.<\/li>\n<li>Porte-menu avec fond m\u00e9tallique magn\u00e9tique pour formats 2xA4 ou A3 horizontal.<\/li>\n<li>Porte en polycarbonate transparent.<\/li>\n<li>Ouverture du rabat.<\/li>\n<li>Serrure avec cl\u00e9s fournies.<\/li>\n<li>Panneau d&rsquo;en-t\u00eate personnalisable avec logo.<\/li>\n<li>Dimensions du panneau personnalisable avec logo (en cm) : H 10 &#8211; L 44,9<\/li>\n<li>Zone de personnalisation visible (en cm) : H 9,3 &#8211; L 43,5<\/li>\n<li>Dimensions du cadre de communication (en cm) : L 50,5 &#8211; H 47,7<\/li>\n<li>Poids de l&rsquo;article : environ 10,7 kg<\/li>\n<\/ul>\n<p>La version \u00e9clair\u00e9e est \u00e9quip\u00e9e d&rsquo;une bande LED sur le dessus.<\/p>\n<p><strong><span style=\"color: #993300;\"><strong>POUR LE FICHIER GRAPHIQUE : cr\u00e9ez le fichier aux dimensions 44,9&#215;10 cm (\u00e9chelle 1:1) avec les textes convertis en trac\u00e9s, apr\u00e8s avoir sauvegard\u00e9 le fichier en format PDF (r\u00e9solution minimale 200 dpi), envoyez le document \u00e0 l&rsquo;adresse \u00e9lectronique suivante<\/strong><\/span><strong> <a href=\"mailto:grafica@smartystore.it\">grafica@smartystore.it<\/a> <\/strong><span style=\"color: #993300;\"><strong>en mentionnant le num\u00e9ro de commande.<\/strong><\/span><\/strong><\/p>\n<p>&nbsp;<\/p>\n<h4 style=\"text-align: center;\">Voir les autres mod\u00e8les sur ce <strong><a href=\"https:\/\/www.smartystore.it\/fr\/categoria-prodotto\/tableaux-de-messages\/panneaux-daffichage-exterieurs\/\">LIEN<\/a><\/strong><\/h4>\n<p>&nbsp;<\/p>\n<p><a href=\"https:\/\/www.smartystore.it\/v25\/wp-content\/uploads\/2019\/11\/STR-CITY311-312-311LED-312LED.pdf\" target=\"_blank\" rel=\"noopener\"><img loading=\"lazy\" decoding=\"async\" class=\"alignnone size-full wp-image-93510\" src=\"https:\/\/www.smartystore.it\/v25\/wp-content\/uploads\/2014\/10\/SchedaTecnica-300-e1750084266903.png\" alt=\"\" width=\"249\" height=\"63\"><\/a><\/p>\n<p><a href=\"https:\/\/www.smartystore.it\/v25\/wp-content\/uploads\/2023\/03\/STR-CITY302-CITY303.pdf\" target=\"_blank\" rel=\"noopener\"><img loading=\"lazy\" decoding=\"async\" class=\"alignnone size-full wp-image-93645\" src=\"https:\/\/www.smartystore.it\/v25\/wp-content\/uploads\/2022\/09\/LogoDownload_tracciato-fustella-2.jpg\" alt=\"\" width=\"250\" height=\"63\"><\/a><\/p>\n<p>[\/vc_column_text][\/vc_column][\/vc_row]<\/p>\n<\/div>","protected":false},"excerpt":{"rendered":"<p>Pupitre de communication ext\u00e9rieur pour format A3 paysage ou 2xA4, avec panneau personnalisable. Disponible avec ou sans \u00e9clairage LED. <\/p>\n","protected":false},"featured_media":98042,"comment_status":"open","ping_status":"closed","template":"","meta":{"_acf_changed":false},"pwb-brand":[],"product_brand":[],"product_cat":[2999,3001,2997],"product_tag":[6171,6578,6586,6582,6583,6581,6162,6579,6552,6555,6580,6164],"class_list":{"0":"post-98047","1":"product","2":"type-product","3":"status-publish","4":"has-post-thumbnail","6":"product_cat-panneaux-daffichage-exterieurs","7":"product_cat-porte-menu","8":"product_cat-tableaux-de-messages","9":"product_tag-panneau-daffichage","10":"product_tag-panneau-daffichage-exterieur-4","11":"product_tag-panneau-daffichage-exterieur-eclaire","12":"product_tag-panneau-daffichage-exterieur-autoportant-2xa4","13":"product_tag-panneau-daffichage-lumineux-autoportant-a3","14":"product_tag-panneau-de-menu-lumineux","15":"product_tag-panneaux-daffichage-exterieurs","16":"product_tag-support-de-menu-exterieur","17":"product_tag-tableau-daffichage-avec-fond-metallique-pour-aimants","18":"product_tag-tableau-daffichage-avec-fond-pour-aimants","19":"product_tag-tableau-daffichage-avec-ouverture-a-rabat-2","20":"product_tag-vitrines-a-rabat","21":"pa_c2c_angolo-vif","22":"pa_c2c_color-argent","23":"pa_c2c_dimensione-2-x-a4","24":"pa_c2c_illuminazione-avec-eclairage","25":"pa_c2c_illuminazione-sans-eclairage","26":"pa_c2c_mono_bifacciale-simple-face","27":"pa_c2c_stampa-non","28":"pa_c2c_stampa-oui","30":"first","31":"instock","32":"taxable","33":"shipping-taxable","34":"purchasable","35":"product-type-variable"},"acf":[],"yoast_head":"<!-- This site is optimized with the Yoast SEO plugin v27.4 - https:\/\/yoast.com\/product\/yoast-seo-wordpress\/ -->\n<title>Panneau d&#039;affichage ext\u00e9rieur autoportant 2xA4 - Smarty Store Au Meilleur Prix<\/title>\n<meta name=\"description\" content=\"Panneau d&#039;affichage ext\u00e9rieur autoportant 2xA4 vertical ou 1xA3 horizontal. Avec panneau personnalisable. Disponible avec ou sans \u00e9clairage LED\" \/>\n<meta name=\"robots\" content=\"index, follow, max-snippet:-1, max-image-preview:large, max-video-preview:-1\" \/>\n<link rel=\"canonical\" href=\"https:\/\/www.smartystore.it\/fr\/prodotto\/panneau-daffichage-exterieur-autoportant-2xa4\/\" \/>\n<meta property=\"og:locale\" content=\"fr_FR\" \/>\n<meta property=\"og:type\" content=\"article\" \/>\n<meta property=\"og:title\" content=\"Panneau d&#039;affichage ext\u00e9rieur autoportant 2xA4 - Smarty Store Au Meilleur Prix\" \/>\n<meta property=\"og:description\" content=\"Panneau d&#039;affichage ext\u00e9rieur autoportant 2xA4 vertical ou 1xA3 horizontal. Avec panneau personnalisable. Disponible avec ou sans \u00e9clairage LED\" \/>\n<meta property=\"og:url\" content=\"https:\/\/www.smartystore.it\/fr\/prodotto\/panneau-daffichage-exterieur-autoportant-2xa4\/\" \/>\n<meta property=\"og:site_name\" content=\"Smarty Store\" \/>\n<meta property=\"article:modified_time\" content=\"2026-03-11T17:15:39+00:00\" \/>\n<meta property=\"og:image\" content=\"https:\/\/www.smartystore.it\/v25\/wp-content\/uploads\/2019\/11\/Bacheca-porta-menu-esterno-autoportante-2xA4-con-illuminazione-led.jpg\" \/>\n\t<meta property=\"og:image:width\" content=\"1000\" \/>\n\t<meta property=\"og:image:height\" content=\"1000\" \/>\n\t<meta property=\"og:image:type\" content=\"image\/jpeg\" \/>\n<meta name=\"twitter:card\" content=\"summary_large_image\" \/>\n<meta name=\"twitter:label1\" content=\"Dur\u00e9e de lecture estim\u00e9e\" \/>\n\t<meta name=\"twitter:data1\" content=\"4 minutes\" \/>\n<script type=\"application\/ld+json\" class=\"yoast-schema-graph\">{\"@context\":\"https:\\\/\\\/schema.org\",\"@graph\":[{\"@type\":\"WebPage\",\"@id\":\"https:\\\/\\\/www.smartystore.it\\\/fr\\\/prodotto\\\/panneau-daffichage-exterieur-autoportant-2xa4\\\/\",\"url\":\"https:\\\/\\\/www.smartystore.it\\\/fr\\\/prodotto\\\/panneau-daffichage-exterieur-autoportant-2xa4\\\/\",\"name\":\"Panneau d'affichage ext\u00e9rieur autoportant 2xA4 - Smarty Store Au Meilleur Prix\",\"isPartOf\":{\"@id\":\"https:\\\/\\\/www.smartystore.it\\\/fr\\\/#website\"},\"primaryImageOfPage\":{\"@id\":\"https:\\\/\\\/www.smartystore.it\\\/fr\\\/prodotto\\\/panneau-daffichage-exterieur-autoportant-2xa4\\\/#primaryimage\"},\"image\":{\"@id\":\"https:\\\/\\\/www.smartystore.it\\\/fr\\\/prodotto\\\/panneau-daffichage-exterieur-autoportant-2xa4\\\/#primaryimage\"},\"thumbnailUrl\":\"https:\\\/\\\/www.smartystore.it\\\/v25\\\/wp-content\\\/uploads\\\/2019\\\/11\\\/Bacheca-porta-menu-esterno-autoportante-2xA4-con-illuminazione-led.jpg\",\"datePublished\":\"2019-11-20T14:41:26+00:00\",\"dateModified\":\"2026-03-11T17:15:39+00:00\",\"description\":\"Panneau d'affichage ext\u00e9rieur autoportant 2xA4 vertical ou 1xA3 horizontal. Avec panneau personnalisable. Disponible avec ou sans \u00e9clairage LED\",\"breadcrumb\":{\"@id\":\"https:\\\/\\\/www.smartystore.it\\\/fr\\\/prodotto\\\/panneau-daffichage-exterieur-autoportant-2xa4\\\/#breadcrumb\"},\"inLanguage\":\"fr-FR\",\"potentialAction\":[{\"@type\":\"ReadAction\",\"target\":[\"https:\\\/\\\/www.smartystore.it\\\/fr\\\/prodotto\\\/panneau-daffichage-exterieur-autoportant-2xa4\\\/\"]}]},{\"@type\":\"ImageObject\",\"inLanguage\":\"fr-FR\",\"@id\":\"https:\\\/\\\/www.smartystore.it\\\/fr\\\/prodotto\\\/panneau-daffichage-exterieur-autoportant-2xa4\\\/#primaryimage\",\"url\":\"https:\\\/\\\/www.smartystore.it\\\/v25\\\/wp-content\\\/uploads\\\/2019\\\/11\\\/Bacheca-porta-menu-esterno-autoportante-2xA4-con-illuminazione-led.jpg\",\"contentUrl\":\"https:\\\/\\\/www.smartystore.it\\\/v25\\\/wp-content\\\/uploads\\\/2019\\\/11\\\/Bacheca-porta-menu-esterno-autoportante-2xA4-con-illuminazione-led.jpg\",\"width\":1000,\"height\":1000,\"caption\":\"Panneau d'affichage ext\u00e9rieur autoportant 2xA4 - 1xA3\"},{\"@type\":\"BreadcrumbList\",\"@id\":\"https:\\\/\\\/www.smartystore.it\\\/fr\\\/prodotto\\\/panneau-daffichage-exterieur-autoportant-2xa4\\\/#breadcrumb\",\"itemListElement\":[{\"@type\":\"ListItem\",\"position\":1,\"name\":\"Home\",\"item\":\"https:\\\/\\\/www.smartystore.it\\\/fr\\\/\"},{\"@type\":\"ListItem\",\"position\":2,\"name\":\"Boutique\",\"item\":\"https:\\\/\\\/www.smartystore.it\\\/fr\\\/boutique\\\/\"},{\"@type\":\"ListItem\",\"position\":3,\"name\":\"Panneau d&#8217;affichage ext\u00e9rieur autoportant 2xA4\"}]},{\"@type\":\"WebSite\",\"@id\":\"https:\\\/\\\/www.smartystore.it\\\/fr\\\/#website\",\"url\":\"https:\\\/\\\/www.smartystore.it\\\/fr\\\/\",\"name\":\"Smarty Store\",\"description\":\"Espositori Pubblicitari e Sistemi di Comunicazione Visiva\",\"potentialAction\":[{\"@type\":\"SearchAction\",\"target\":{\"@type\":\"EntryPoint\",\"urlTemplate\":\"https:\\\/\\\/www.smartystore.it\\\/fr\\\/?s={search_term_string}\"},\"query-input\":{\"@type\":\"PropertyValueSpecification\",\"valueRequired\":true,\"valueName\":\"search_term_string\"}}],\"inLanguage\":\"fr-FR\"}]}<\/script>\n<!-- \/ Yoast SEO plugin. -->","yoast_head_json":{"title":"Panneau d'affichage ext\u00e9rieur autoportant 2xA4 - Smarty Store Au Meilleur Prix","description":"Panneau d'affichage ext\u00e9rieur autoportant 2xA4 vertical ou 1xA3 horizontal. Avec panneau personnalisable. Disponible avec ou sans \u00e9clairage LED","robots":{"index":"index","follow":"follow","max-snippet":"max-snippet:-1","max-image-preview":"max-image-preview:large","max-video-preview":"max-video-preview:-1"},"canonical":"https:\/\/www.smartystore.it\/fr\/prodotto\/panneau-daffichage-exterieur-autoportant-2xa4\/","og_locale":"fr_FR","og_type":"article","og_title":"Panneau d'affichage ext\u00e9rieur autoportant 2xA4 - Smarty Store Au Meilleur Prix","og_description":"Panneau d'affichage ext\u00e9rieur autoportant 2xA4 vertical ou 1xA3 horizontal. Avec panneau personnalisable. Disponible avec ou sans \u00e9clairage LED","og_url":"https:\/\/www.smartystore.it\/fr\/prodotto\/panneau-daffichage-exterieur-autoportant-2xa4\/","og_site_name":"Smarty Store","article_modified_time":"2026-03-11T17:15:39+00:00","og_image":[{"width":1000,"height":1000,"url":"https:\/\/www.smartystore.it\/v25\/wp-content\/uploads\/2019\/11\/Bacheca-porta-menu-esterno-autoportante-2xA4-con-illuminazione-led.jpg","type":"image\/jpeg"}],"twitter_card":"summary_large_image","twitter_misc":{"Dur\u00e9e de lecture estim\u00e9e":"4 minutes"},"schema":{"@context":"https:\/\/schema.org","@graph":[{"@type":"WebPage","@id":"https:\/\/www.smartystore.it\/fr\/prodotto\/panneau-daffichage-exterieur-autoportant-2xa4\/","url":"https:\/\/www.smartystore.it\/fr\/prodotto\/panneau-daffichage-exterieur-autoportant-2xa4\/","name":"Panneau d'affichage ext\u00e9rieur autoportant 2xA4 - Smarty Store Au Meilleur Prix","isPartOf":{"@id":"https:\/\/www.smartystore.it\/fr\/#website"},"primaryImageOfPage":{"@id":"https:\/\/www.smartystore.it\/fr\/prodotto\/panneau-daffichage-exterieur-autoportant-2xa4\/#primaryimage"},"image":{"@id":"https:\/\/www.smartystore.it\/fr\/prodotto\/panneau-daffichage-exterieur-autoportant-2xa4\/#primaryimage"},"thumbnailUrl":"https:\/\/www.smartystore.it\/v25\/wp-content\/uploads\/2019\/11\/Bacheca-porta-menu-esterno-autoportante-2xA4-con-illuminazione-led.jpg","datePublished":"2019-11-20T14:41:26+00:00","dateModified":"2026-03-11T17:15:39+00:00","description":"Panneau d'affichage ext\u00e9rieur autoportant 2xA4 vertical ou 1xA3 horizontal. Avec panneau personnalisable. Disponible avec ou sans \u00e9clairage LED","breadcrumb":{"@id":"https:\/\/www.smartystore.it\/fr\/prodotto\/panneau-daffichage-exterieur-autoportant-2xa4\/#breadcrumb"},"inLanguage":"fr-FR","potentialAction":[{"@type":"ReadAction","target":["https:\/\/www.smartystore.it\/fr\/prodotto\/panneau-daffichage-exterieur-autoportant-2xa4\/"]}]},{"@type":"ImageObject","inLanguage":"fr-FR","@id":"https:\/\/www.smartystore.it\/fr\/prodotto\/panneau-daffichage-exterieur-autoportant-2xa4\/#primaryimage","url":"https:\/\/www.smartystore.it\/v25\/wp-content\/uploads\/2019\/11\/Bacheca-porta-menu-esterno-autoportante-2xA4-con-illuminazione-led.jpg","contentUrl":"https:\/\/www.smartystore.it\/v25\/wp-content\/uploads\/2019\/11\/Bacheca-porta-menu-esterno-autoportante-2xA4-con-illuminazione-led.jpg","width":1000,"height":1000,"caption":"Panneau d'affichage ext\u00e9rieur autoportant 2xA4 - 1xA3"},{"@type":"BreadcrumbList","@id":"https:\/\/www.smartystore.it\/fr\/prodotto\/panneau-daffichage-exterieur-autoportant-2xa4\/#breadcrumb","itemListElement":[{"@type":"ListItem","position":1,"name":"Home","item":"https:\/\/www.smartystore.it\/fr\/"},{"@type":"ListItem","position":2,"name":"Boutique","item":"https:\/\/www.smartystore.it\/fr\/boutique\/"},{"@type":"ListItem","position":3,"name":"Panneau d&#8217;affichage ext\u00e9rieur autoportant 2xA4"}]},{"@type":"WebSite","@id":"https:\/\/www.smartystore.it\/fr\/#website","url":"https:\/\/www.smartystore.it\/fr\/","name":"Smarty Store","description":"Espositori Pubblicitari e Sistemi di Comunicazione Visiva","potentialAction":[{"@type":"SearchAction","target":{"@type":"EntryPoint","urlTemplate":"https:\/\/www.smartystore.it\/fr\/?s={search_term_string}"},"query-input":{"@type":"PropertyValueSpecification","valueRequired":true,"valueName":"search_term_string"}}],"inLanguage":"fr-FR"}]}},"brands":[],"_links":{"self":[{"href":"https:\/\/www.smartystore.it\/fr\/wp-json\/wp\/v2\/product\/98047","targetHints":{"allow":["GET"]}}],"collection":[{"href":"https:\/\/www.smartystore.it\/fr\/wp-json\/wp\/v2\/product"}],"about":[{"href":"https:\/\/www.smartystore.it\/fr\/wp-json\/wp\/v2\/types\/product"}],"replies":[{"embeddable":true,"href":"https:\/\/www.smartystore.it\/fr\/wp-json\/wp\/v2\/comments?post=98047"}],"wp:featuredmedia":[{"embeddable":true,"href":"https:\/\/www.smartystore.it\/fr\/wp-json\/wp\/v2\/media\/98042"}],"wp:attachment":[{"href":"https:\/\/www.smartystore.it\/fr\/wp-json\/wp\/v2\/media?parent=98047"}],"wp:term":[{"taxonomy":"pwb-brand","embeddable":true,"href":"https:\/\/www.smartystore.it\/fr\/wp-json\/wp\/v2\/pwb-brand?post=98047"},{"taxonomy":"product_brand","embeddable":true,"href":"https:\/\/www.smartystore.it\/fr\/wp-json\/wp\/v2\/product_brand?post=98047"},{"taxonomy":"product_cat","embeddable":true,"href":"https:\/\/www.smartystore.it\/fr\/wp-json\/wp\/v2\/product_cat?post=98047"},{"taxonomy":"product_tag","embeddable":true,"href":"https:\/\/www.smartystore.it\/fr\/wp-json\/wp\/v2\/product_tag?post=98047"}],"curies":[{"name":"wp","href":"https:\/\/api.w.org\/{rel}","templated":true}]}}