{"id":98019,"date":"2019-10-30T16:13:25","date_gmt":"2019-10-30T14:13:25","guid":{"rendered":"https:\/\/www.smartystore.it\/prodotto\/panneau-daffichage-exterieur-noir-autoportant-2xa4\/"},"modified":"2026-03-11T13:17:58","modified_gmt":"2026-03-11T11:17:58","slug":"panneau-daffichage-exterieur-noir-autoportant-2xa4","status":"publish","type":"product","link":"https:\/\/www.smartystore.it\/fr\/prodotto\/panneau-daffichage-exterieur-noir-autoportant-2xa4\/","title":{"rendered":"Panneau d&rsquo;affichage ext\u00e9rieur noir autoportant 2xA4"},"content":{"rendered":"<div class=\"wpb-content-wrapper\"><p>[vc_row][vc_column][vc_column_text css=\u00a0\u00bb\u00a0\u00bb css_params=\u00a0\u00bb\u00a0\u00bb]<\/p>\n<h1>Tableau d&rsquo;affichage ext\u00e9rieur autoportant noir 2xA4 : \u00e9l\u00e9gance et fonctionnalit\u00e9<\/h1>\n<p>Le panneau d&rsquo;affichage ext\u00e9rieur autoportant noir 2xA4, con\u00e7u pour accueillir <strong>deux feuilles A4 en format portrait<\/strong> ou <strong>une feuille A3 en format paysage<\/strong>, est une solution id\u00e9ale pour les restaurants, les bars et les bars \u00e0 vin qui souhaitent afficher leurs menus ou leurs informations promotionnelles de mani\u00e8re claire et \u00e9l\u00e9gante. Sa structure en aluminium anodis\u00e9 noir ajoute une touche de sophistication, ce qui le rend parfait pour tout environnement ext\u00e9rieur.<\/p>\n<p>L&rsquo;un des aspects distinctifs de ce produit est la possibilit\u00e9 d&rsquo;int\u00e9grer un <strong>\u00e9clairage LED<\/strong>, qui facilite la lecture des informations affich\u00e9es m\u00eame pendant les heures nocturnes. Cela permet non seulement d&rsquo;am\u00e9liorer l&rsquo;exp\u00e9rience du client, mais aussi d&rsquo;accro\u00eetre la visibilit\u00e9 de l&rsquo;entreprise, en attirant l&rsquo;attention des passants m\u00eame apr\u00e8s la tomb\u00e9e de la nuit.<\/p>\n<p>Un autre \u00e9l\u00e9ment qui attire l&rsquo;attention est la pr\u00e9sence d&rsquo;un panneau sup\u00e9rieur qui peut \u00eatre personnalis\u00e9, par exemple, avec l&rsquo;impression du nom du lieu.<\/p>\n<h2>Panneau d&rsquo;affichage ext\u00e9rieur autoportant noir 2xA4 : Stabilit\u00e9 et s\u00e9curit\u00e9<\/h2>\n<p>La base en acier peint, de 45&#215;45 cm, est con\u00e7ue pour \u00eatre <strong>ultra-plate<\/strong> et <strong>antid\u00e9rapante<\/strong>, ce qui garantit la stabilit\u00e9 et la s\u00e9curit\u00e9. Cette conception garantit que le tableau d&rsquo;affichage reste fermement en place m\u00eame en cas de vent ou d&rsquo;intemp\u00e9ries, sans compromettre l&rsquo;esth\u00e9tique de la pi\u00e8ce.<\/p>\n<p>Le pilier ovale, d&rsquo;une hauteur de 97 cm, offre une pr\u00e9sentation ergonomique des informations, permettant aux clients de lire confortablement sans avoir \u00e0 se pencher. Le menu board est dot\u00e9 d&rsquo;une base m\u00e9tallique magn\u00e9tique, compatible avec les formats 2xA4 ou A3 paysage, pour un remplacement rapide et facile du contenu tout en conservant un aspect ordonn\u00e9 et professionnel.<\/p>\n<p>La porte en polycarbonate transparent offre une protection efficace contre les \u00e9l\u00e9ments, garantissant que les documents affich\u00e9s restent intacts et lisibles au fil du temps. L&rsquo;ouverture du rabat facilite le changement et la mise \u00e0 jour du contenu, ce qui fait de ce panneau d&rsquo;affichage un choix pratique pour les gestionnaires de lieux.<\/p>\n<p>Enfin, pour assurer la s\u00e9curit\u00e9 des documents expos\u00e9s, une serrure est fournie avec des cl\u00e9s. En r\u00e9sum\u00e9, le panneau d&rsquo;affichage ext\u00e9rieur autoportant noir repr\u00e9sente une combinaison parfaite de fonctionnalit\u00e9 et d&rsquo;esth\u00e9tique, r\u00e9pondant aux besoins de visibilit\u00e9 et de praticit\u00e9 des commer\u00e7ants modernes.<\/p>\n<h3>Caract\u00e9ristiques<\/h3>\n<ul>\n<li>Porte-menu pour l&rsquo;ext\u00e9rieur.<\/li>\n<li>Cadre en aluminium anodis\u00e9 noir.<\/li>\n<li>Base en acier peint : 45&#215;45 cm<\/li>\n<li>Montant ovale : H 97 cm.<\/li>\n<li>Porte-menu avec fond m\u00e9tallique magn\u00e9tique pour formats 2xA4 ou A3 horizontal.<\/li>\n<li>Porte en polycarbonate transparent.<\/li>\n<li>Ouverture du rabat.<\/li>\n<li>Panneau sup\u00e9rieur personnalisable<\/li>\n<li>Serrure avec cl\u00e9s fournies.<\/li>\n<li>Dimensions du cadre de communication (en cm) : L 50,5 &#8211; H 37,7<\/li>\n<li>Surface visible (en cm) : L 43,5 &#8211; H 30,7<\/li>\n<li>Dimensions de la planche (en cm) : L 50,5 &#8211; H 47,7 &#8211; P 2,3<\/li>\n<li>Poids de l&rsquo;article : 9,4 kg environ.<\/li>\n<\/ul>\n<p><span style=\"color: #000000;\"><strong>Egalement disponible en version avec \u00e9clairage LED.<\/strong><\/span><\/p>\n<p>La version \u00e9clair\u00e9e est dot\u00e9e d&rsquo;une bande LED plac\u00e9e en haut.<\/p>\n<p><strong><span style=\"color: #993300;\">POUR LE FICHIER GRAPHIQUE : cr\u00e9ez le fichier aux dimensions 44,9&#215;10 cm (\u00e9chelle 1:1) avec les textes convertis en trac\u00e9s, apr\u00e8s avoir sauvegard\u00e9 le fichier en format PDF (r\u00e9solution minimale 200 dpi), envoyez le document \u00e0 l&rsquo;adresse \u00e9lectronique suivante<\/span> <a href=\"mailto:grafica@smartystore.it\">grafica@smartystore.it<\/a> <span style=\"color: #993300;\">en mentionnant le num\u00e9ro de commande.<\/span><\/strong><\/p>\n<h4 style=\"text-align: center;\">Voir les autres mod\u00e8les sur ce <span style=\"color: #ff0000;\"><strong><a style=\"color: #ff0000;\" href=\"https:\/\/www.smartystore.it\/fr\/categoria-prodotto\/tableaux-de-messages\/panneaux-daffichage-exterieurs\/\">LIEN<\/a><\/strong><\/span><\/h4>\n<p>&nbsp;<\/p>\n<p><a href=\"https:\/\/www.smartystore.it\/v25\/wp-content\/uploads\/2019\/10\/STR-CITY312N-CITY312NLED.pdf\" target=\"_blank\" rel=\"noopener\"><img loading=\"lazy\" decoding=\"async\" class=\"alignnone size-full wp-image-93510\" src=\"https:\/\/www.smartystore.it\/v25\/wp-content\/uploads\/2014\/10\/SchedaTecnica-300-e1750084266903.png\" alt=\"\" width=\"249\" height=\"63\" \/><\/a><\/p>\n<p><a href=\"https:\/\/www.smartystore.it\/v25\/wp-content\/uploads\/2023\/03\/STR-CITY302-CITY303.pdf\" target=\"_blank\" rel=\"noopener\"><img loading=\"lazy\" decoding=\"async\" class=\"alignnone size-full wp-image-93645\" src=\"https:\/\/www.smartystore.it\/v25\/wp-content\/uploads\/2022\/09\/LogoDownload_tracciato-fustella-2.jpg\" alt=\"\" width=\"250\" height=\"63\" \/><\/a><\/p>\n<p>[\/vc_column_text][\/vc_column][\/vc_row]<\/p>\n<\/div>","protected":false},"excerpt":{"rendered":"<p>Panneau d&rsquo;affichage ext\u00e9rieur pour format A3 horizontal ou 2xA4 vertical.<\/p>\n<p>Disponible en version standard et avec \u00e9clairage LED.<\/p>\n","protected":false},"featured_media":98028,"comment_status":"open","ping_status":"closed","template":"","meta":{"_acf_changed":false},"pwb-brand":[],"product_brand":[],"product_cat":[2999,3001,2997],"product_tag":[6171,6161,6578,6582,6583,6581,6162,6579,6552,6555,6580,6164],"class_list":{"0":"post-98019","1":"product","2":"type-product","3":"status-publish","4":"has-post-thumbnail","6":"product_cat-panneaux-daffichage-exterieurs","7":"product_cat-porte-menu","8":"product_cat-tableaux-de-messages","9":"product_tag-panneau-daffichage","10":"product_tag-panneau-daffichage-exterieur-2","11":"product_tag-panneau-daffichage-exterieur-4","12":"product_tag-panneau-daffichage-exterieur-autoportant-2xa4","13":"product_tag-panneau-daffichage-lumineux-autoportant-a3","14":"product_tag-panneau-de-menu-lumineux","15":"product_tag-panneaux-daffichage-exterieurs","16":"product_tag-support-de-menu-exterieur","17":"product_tag-tableau-daffichage-avec-fond-metallique-pour-aimants","18":"product_tag-tableau-daffichage-avec-fond-pour-aimants","19":"product_tag-tableau-daffichage-avec-ouverture-a-rabat-2","20":"product_tag-vitrines-a-rabat","21":"pa_c2c_angolo-vif","22":"pa_c2c_color-noir","23":"pa_c2c_dimensione-2-x-a4","24":"pa_c2c_illuminazione-avec-eclairage","25":"pa_c2c_illuminazione-sans-eclairage","26":"pa_c2c_mono_bifacciale-simple-face","27":"pa_c2c_stampa-non","28":"pa_c2c_stampa-oui","29":"pa_c2c_trovraprezzi-oui","31":"first","32":"instock","33":"taxable","34":"shipping-taxable","35":"purchasable","36":"product-type-variable"},"acf":[],"yoast_head":"<!-- This site is optimized with the Yoast SEO plugin v27.4 - https:\/\/yoast.com\/product\/yoast-seo-wordpress\/ -->\n<title>Panneau d&#039;affichage ext\u00e9rieur noir autoportant 2xA4 - Smarty Store Au Meilleur Prix<\/title>\n<meta name=\"description\" content=\"Panneau d&#039;affichage ext\u00e9rieur autoportant noir 2xA4 vertical ou A3 horizontal. Disponible avec \u00e9clairage LED. Maintenant sur smartystore.co.uk\" \/>\n<meta name=\"robots\" content=\"index, follow, max-snippet:-1, max-image-preview:large, max-video-preview:-1\" \/>\n<link rel=\"canonical\" href=\"https:\/\/www.smartystore.it\/fr\/prodotto\/panneau-daffichage-exterieur-noir-autoportant-2xa4\/\" \/>\n<meta property=\"og:locale\" content=\"fr_FR\" \/>\n<meta property=\"og:type\" content=\"article\" \/>\n<meta property=\"og:title\" content=\"Panneau d&#039;affichage ext\u00e9rieur noir autoportant 2xA4 - Smarty Store Au Meilleur Prix\" \/>\n<meta property=\"og:description\" content=\"Panneau d&#039;affichage ext\u00e9rieur autoportant noir 2xA4 vertical ou A3 horizontal. Disponible avec \u00e9clairage LED. Maintenant sur smartystore.co.uk\" \/>\n<meta property=\"og:url\" content=\"https:\/\/www.smartystore.it\/fr\/prodotto\/panneau-daffichage-exterieur-noir-autoportant-2xa4\/\" \/>\n<meta property=\"og:site_name\" content=\"Smarty Store\" \/>\n<meta property=\"article:modified_time\" content=\"2026-03-11T11:17:58+00:00\" \/>\n<meta property=\"og:image\" content=\"https:\/\/www.smartystore.it\/v25\/wp-content\/uploads\/2019\/10\/Bacheca-nera-porta-menu-esterno-autoportante-2xA4-con-illuminazione-LED-e-pannello-personalizzabile.jpg\" \/>\n\t<meta property=\"og:image:width\" content=\"1000\" \/>\n\t<meta property=\"og:image:height\" content=\"1000\" \/>\n\t<meta property=\"og:image:type\" content=\"image\/jpeg\" \/>\n<meta name=\"twitter:card\" content=\"summary_large_image\" \/>\n<meta name=\"twitter:label1\" content=\"Dur\u00e9e de lecture estim\u00e9e\" \/>\n\t<meta name=\"twitter:data1\" content=\"4 minutes\" \/>\n<script type=\"application\/ld+json\" class=\"yoast-schema-graph\">{\"@context\":\"https:\\\/\\\/schema.org\",\"@graph\":[{\"@type\":\"WebPage\",\"@id\":\"https:\\\/\\\/www.smartystore.it\\\/fr\\\/prodotto\\\/panneau-daffichage-exterieur-noir-autoportant-2xa4\\\/\",\"url\":\"https:\\\/\\\/www.smartystore.it\\\/fr\\\/prodotto\\\/panneau-daffichage-exterieur-noir-autoportant-2xa4\\\/\",\"name\":\"Panneau d'affichage ext\u00e9rieur noir autoportant 2xA4 - Smarty Store Au Meilleur Prix\",\"isPartOf\":{\"@id\":\"https:\\\/\\\/www.smartystore.it\\\/fr\\\/#website\"},\"primaryImageOfPage\":{\"@id\":\"https:\\\/\\\/www.smartystore.it\\\/fr\\\/prodotto\\\/panneau-daffichage-exterieur-noir-autoportant-2xa4\\\/#primaryimage\"},\"image\":{\"@id\":\"https:\\\/\\\/www.smartystore.it\\\/fr\\\/prodotto\\\/panneau-daffichage-exterieur-noir-autoportant-2xa4\\\/#primaryimage\"},\"thumbnailUrl\":\"https:\\\/\\\/www.smartystore.it\\\/v25\\\/wp-content\\\/uploads\\\/2019\\\/10\\\/Bacheca-nera-porta-menu-esterno-autoportante-2xA4-con-illuminazione-LED-e-pannello-personalizzabile.jpg\",\"datePublished\":\"2019-10-30T14:13:25+00:00\",\"dateModified\":\"2026-03-11T11:17:58+00:00\",\"description\":\"Panneau d'affichage ext\u00e9rieur autoportant noir 2xA4 vertical ou A3 horizontal. Disponible avec \u00e9clairage LED. Maintenant sur smartystore.co.uk\",\"breadcrumb\":{\"@id\":\"https:\\\/\\\/www.smartystore.it\\\/fr\\\/prodotto\\\/panneau-daffichage-exterieur-noir-autoportant-2xa4\\\/#breadcrumb\"},\"inLanguage\":\"fr-FR\",\"potentialAction\":[{\"@type\":\"ReadAction\",\"target\":[\"https:\\\/\\\/www.smartystore.it\\\/fr\\\/prodotto\\\/panneau-daffichage-exterieur-noir-autoportant-2xa4\\\/\"]}]},{\"@type\":\"ImageObject\",\"inLanguage\":\"fr-FR\",\"@id\":\"https:\\\/\\\/www.smartystore.it\\\/fr\\\/prodotto\\\/panneau-daffichage-exterieur-noir-autoportant-2xa4\\\/#primaryimage\",\"url\":\"https:\\\/\\\/www.smartystore.it\\\/v25\\\/wp-content\\\/uploads\\\/2019\\\/10\\\/Bacheca-nera-porta-menu-esterno-autoportante-2xA4-con-illuminazione-LED-e-pannello-personalizzabile.jpg\",\"contentUrl\":\"https:\\\/\\\/www.smartystore.it\\\/v25\\\/wp-content\\\/uploads\\\/2019\\\/10\\\/Bacheca-nera-porta-menu-esterno-autoportante-2xA4-con-illuminazione-LED-e-pannello-personalizzabile.jpg\",\"width\":1000,\"height\":1000,\"caption\":\"Panneau d'affichage ext\u00e9rieur noir autoportant 2xA4 - 1xA3\"},{\"@type\":\"BreadcrumbList\",\"@id\":\"https:\\\/\\\/www.smartystore.it\\\/fr\\\/prodotto\\\/panneau-daffichage-exterieur-noir-autoportant-2xa4\\\/#breadcrumb\",\"itemListElement\":[{\"@type\":\"ListItem\",\"position\":1,\"name\":\"Home\",\"item\":\"https:\\\/\\\/www.smartystore.it\\\/fr\\\/\"},{\"@type\":\"ListItem\",\"position\":2,\"name\":\"Boutique\",\"item\":\"https:\\\/\\\/www.smartystore.it\\\/fr\\\/boutique\\\/\"},{\"@type\":\"ListItem\",\"position\":3,\"name\":\"Panneau d&#8217;affichage ext\u00e9rieur noir autoportant 2xA4\"}]},{\"@type\":\"WebSite\",\"@id\":\"https:\\\/\\\/www.smartystore.it\\\/fr\\\/#website\",\"url\":\"https:\\\/\\\/www.smartystore.it\\\/fr\\\/\",\"name\":\"Smarty Store\",\"description\":\"Espositori Pubblicitari e Sistemi di Comunicazione Visiva\",\"potentialAction\":[{\"@type\":\"SearchAction\",\"target\":{\"@type\":\"EntryPoint\",\"urlTemplate\":\"https:\\\/\\\/www.smartystore.it\\\/fr\\\/?s={search_term_string}\"},\"query-input\":{\"@type\":\"PropertyValueSpecification\",\"valueRequired\":true,\"valueName\":\"search_term_string\"}}],\"inLanguage\":\"fr-FR\"}]}<\/script>\n<!-- \/ Yoast SEO plugin. -->","yoast_head_json":{"title":"Panneau d'affichage ext\u00e9rieur noir autoportant 2xA4 - Smarty Store Au Meilleur Prix","description":"Panneau d'affichage ext\u00e9rieur autoportant noir 2xA4 vertical ou A3 horizontal. Disponible avec \u00e9clairage LED. Maintenant sur smartystore.co.uk","robots":{"index":"index","follow":"follow","max-snippet":"max-snippet:-1","max-image-preview":"max-image-preview:large","max-video-preview":"max-video-preview:-1"},"canonical":"https:\/\/www.smartystore.it\/fr\/prodotto\/panneau-daffichage-exterieur-noir-autoportant-2xa4\/","og_locale":"fr_FR","og_type":"article","og_title":"Panneau d'affichage ext\u00e9rieur noir autoportant 2xA4 - Smarty Store Au Meilleur Prix","og_description":"Panneau d'affichage ext\u00e9rieur autoportant noir 2xA4 vertical ou A3 horizontal. Disponible avec \u00e9clairage LED. Maintenant sur smartystore.co.uk","og_url":"https:\/\/www.smartystore.it\/fr\/prodotto\/panneau-daffichage-exterieur-noir-autoportant-2xa4\/","og_site_name":"Smarty Store","article_modified_time":"2026-03-11T11:17:58+00:00","og_image":[{"width":1000,"height":1000,"url":"https:\/\/www.smartystore.it\/v25\/wp-content\/uploads\/2019\/10\/Bacheca-nera-porta-menu-esterno-autoportante-2xA4-con-illuminazione-LED-e-pannello-personalizzabile.jpg","type":"image\/jpeg"}],"twitter_card":"summary_large_image","twitter_misc":{"Dur\u00e9e de lecture estim\u00e9e":"4 minutes"},"schema":{"@context":"https:\/\/schema.org","@graph":[{"@type":"WebPage","@id":"https:\/\/www.smartystore.it\/fr\/prodotto\/panneau-daffichage-exterieur-noir-autoportant-2xa4\/","url":"https:\/\/www.smartystore.it\/fr\/prodotto\/panneau-daffichage-exterieur-noir-autoportant-2xa4\/","name":"Panneau d'affichage ext\u00e9rieur noir autoportant 2xA4 - Smarty Store Au Meilleur Prix","isPartOf":{"@id":"https:\/\/www.smartystore.it\/fr\/#website"},"primaryImageOfPage":{"@id":"https:\/\/www.smartystore.it\/fr\/prodotto\/panneau-daffichage-exterieur-noir-autoportant-2xa4\/#primaryimage"},"image":{"@id":"https:\/\/www.smartystore.it\/fr\/prodotto\/panneau-daffichage-exterieur-noir-autoportant-2xa4\/#primaryimage"},"thumbnailUrl":"https:\/\/www.smartystore.it\/v25\/wp-content\/uploads\/2019\/10\/Bacheca-nera-porta-menu-esterno-autoportante-2xA4-con-illuminazione-LED-e-pannello-personalizzabile.jpg","datePublished":"2019-10-30T14:13:25+00:00","dateModified":"2026-03-11T11:17:58+00:00","description":"Panneau d'affichage ext\u00e9rieur autoportant noir 2xA4 vertical ou A3 horizontal. Disponible avec \u00e9clairage LED. Maintenant sur smartystore.co.uk","breadcrumb":{"@id":"https:\/\/www.smartystore.it\/fr\/prodotto\/panneau-daffichage-exterieur-noir-autoportant-2xa4\/#breadcrumb"},"inLanguage":"fr-FR","potentialAction":[{"@type":"ReadAction","target":["https:\/\/www.smartystore.it\/fr\/prodotto\/panneau-daffichage-exterieur-noir-autoportant-2xa4\/"]}]},{"@type":"ImageObject","inLanguage":"fr-FR","@id":"https:\/\/www.smartystore.it\/fr\/prodotto\/panneau-daffichage-exterieur-noir-autoportant-2xa4\/#primaryimage","url":"https:\/\/www.smartystore.it\/v25\/wp-content\/uploads\/2019\/10\/Bacheca-nera-porta-menu-esterno-autoportante-2xA4-con-illuminazione-LED-e-pannello-personalizzabile.jpg","contentUrl":"https:\/\/www.smartystore.it\/v25\/wp-content\/uploads\/2019\/10\/Bacheca-nera-porta-menu-esterno-autoportante-2xA4-con-illuminazione-LED-e-pannello-personalizzabile.jpg","width":1000,"height":1000,"caption":"Panneau d'affichage ext\u00e9rieur noir autoportant 2xA4 - 1xA3"},{"@type":"BreadcrumbList","@id":"https:\/\/www.smartystore.it\/fr\/prodotto\/panneau-daffichage-exterieur-noir-autoportant-2xa4\/#breadcrumb","itemListElement":[{"@type":"ListItem","position":1,"name":"Home","item":"https:\/\/www.smartystore.it\/fr\/"},{"@type":"ListItem","position":2,"name":"Boutique","item":"https:\/\/www.smartystore.it\/fr\/boutique\/"},{"@type":"ListItem","position":3,"name":"Panneau d&#8217;affichage ext\u00e9rieur noir autoportant 2xA4"}]},{"@type":"WebSite","@id":"https:\/\/www.smartystore.it\/fr\/#website","url":"https:\/\/www.smartystore.it\/fr\/","name":"Smarty Store","description":"Espositori Pubblicitari e Sistemi di Comunicazione Visiva","potentialAction":[{"@type":"SearchAction","target":{"@type":"EntryPoint","urlTemplate":"https:\/\/www.smartystore.it\/fr\/?s={search_term_string}"},"query-input":{"@type":"PropertyValueSpecification","valueRequired":true,"valueName":"search_term_string"}}],"inLanguage":"fr-FR"}]}},"brands":[],"_links":{"self":[{"href":"https:\/\/www.smartystore.it\/fr\/wp-json\/wp\/v2\/product\/98019","targetHints":{"allow":["GET"]}}],"collection":[{"href":"https:\/\/www.smartystore.it\/fr\/wp-json\/wp\/v2\/product"}],"about":[{"href":"https:\/\/www.smartystore.it\/fr\/wp-json\/wp\/v2\/types\/product"}],"replies":[{"embeddable":true,"href":"https:\/\/www.smartystore.it\/fr\/wp-json\/wp\/v2\/comments?post=98019"}],"wp:featuredmedia":[{"embeddable":true,"href":"https:\/\/www.smartystore.it\/fr\/wp-json\/wp\/v2\/media\/98028"}],"wp:attachment":[{"href":"https:\/\/www.smartystore.it\/fr\/wp-json\/wp\/v2\/media?parent=98019"}],"wp:term":[{"taxonomy":"pwb-brand","embeddable":true,"href":"https:\/\/www.smartystore.it\/fr\/wp-json\/wp\/v2\/pwb-brand?post=98019"},{"taxonomy":"product_brand","embeddable":true,"href":"https:\/\/www.smartystore.it\/fr\/wp-json\/wp\/v2\/product_brand?post=98019"},{"taxonomy":"product_cat","embeddable":true,"href":"https:\/\/www.smartystore.it\/fr\/wp-json\/wp\/v2\/product_cat?post=98019"},{"taxonomy":"product_tag","embeddable":true,"href":"https:\/\/www.smartystore.it\/fr\/wp-json\/wp\/v2\/product_tag?post=98019"}],"curies":[{"name":"wp","href":"https:\/\/api.w.org\/{rel}","templated":true}]}}