{"id":98006,"date":"2026-03-10T17:31:49","date_gmt":"2026-03-10T15:31:49","guid":{"rendered":"https:\/\/www.smartystore.it\/prodotto\/tableau-magnetique-150x100-en-acier-laque\/"},"modified":"2026-03-10T17:31:53","modified_gmt":"2026-03-10T15:31:53","slug":"tableau-magnetique-150x100-en-acier-laque","status":"publish","type":"product","link":"https:\/\/www.smartystore.it\/fr\/prodotto\/tableau-magnetique-150x100-en-acier-laque\/","title":{"rendered":"Tableau magn\u00e9tique 150&#215;100 en acier laqu\u00e9"},"content":{"rendered":"<div class=\"wpb-content-wrapper\"><p>[vc_row][vc_column][vc_column_text css=\u00a0\u00bb\u00a0\u00bb css_params=\u00a0\u00bb\u00a0\u00bb]<\/p>\n<h2>Tableau magn\u00e9tique 150&#215;100 en acier laqu\u00e9<\/h2>\n<p>Le tableau magn\u00e9tique 150&#215;100 en acier laqu\u00e9 est une solution polyvalente et fonctionnelle pour les espaces de travail, d&rsquo;\u00e9tude ou d&rsquo;enseignement. Ce mod\u00e8le est con\u00e7u avec une base en acier laqu\u00e9 qui garantit une surface inscriptible et facilement effa\u00e7able, id\u00e9ale pour les notes, les diagrammes et les pr\u00e9sentations. La propri\u00e9t\u00e9 magn\u00e9tique du tableau vous permet d&rsquo;utiliser des aimants pour fixer des documents ou des notes, ce qui en fait un \u00e9l\u00e9ment pratique dans toutes les situations.  <\/p>\n<p>Le cadre en aluminium anodis\u00e9 argent\u00e9 conf\u00e8re au tableau un aspect \u00e9l\u00e9gant et moderne, qui s&rsquo;int\u00e8gre parfaitement \u00e0 tout type de d\u00e9cor. Sa robustesse lui assure une longue dur\u00e9e de vie, tandis que son design sobre et raffin\u00e9 lui permet d&rsquo;\u00eatre utilis\u00e9 dans un cadre professionnel ou informel. <\/p>\n<p>Le syst\u00e8me de fixation murale facilite l&rsquo;installation et garantit la stabilit\u00e9 et la s\u00e9curit\u00e9 d&rsquo;utilisation. En outre, la structure est \u00e9quip\u00e9e d&rsquo;un plateau d&rsquo;accessoires, utile pour ranger les marqueurs, les gommes et autres outils n\u00e9cessaires, afin de maintenir l&rsquo;espace de travail ordonn\u00e9 et organis\u00e9. <\/p>\n<h3>Des panneaux muraux personnalis\u00e9s pour une communication sur mesure<\/h3>\n<p>Nos <b>panneaux muraux en acier laqu\u00e9<\/b> peuvent \u00eatre personnalis\u00e9s avec une<b> impression sur film lamin\u00e9 inscriptible et effa\u00e7able<\/b>, une solution fonctionnelle et polyvalente qui vous permet d&rsquo;int\u00e9grer des graphiques ou des planificateurs tout en conservant un aspect soign\u00e9, professionnel et facilement \u00e9volutif.<\/p>\n<p>En r\u00e9sum\u00e9, le tableau magn\u00e9tique 150&#215;100 en acier laqu\u00e9 est un outil de communication visuelle efficace, alliant esth\u00e9tique et fonctionnalit\u00e9. Il est id\u00e9al pour ceux qui recherchent un produit de haute qualit\u00e9 pour faciliter leurs activit\u00e9s quotidiennes tout en enrichissant leur environnement de travail ou d&rsquo;\u00e9tude. Choisir ce tableau, c&rsquo;est opter pour une excellente exp\u00e9rience d&rsquo;utilisation, avec la s\u00e9curit\u00e9 de disposer d&rsquo;un outil pratique et durable.  <\/p>\n<p><strong>CARACT\u00c9RISTIQUES:<\/strong><\/p>\n<p>Tableau magn\u00e9tique en blanc<\/p>\n<p>Surface en acier laqu\u00e9 inscriptible et effa\u00e7able avec des marqueurs effa\u00e7ables \u00e0 sec.<\/p>\n<p>Cadre en aluminium anodis\u00e9 de couleur argent\u00e9e<\/p>\n<p>Coins de protection en ABS<\/p>\n<p>Bac \u00e0 accessoires.<\/p>\n<p>Mat\u00e9riel de montage mural inclus.<\/p>\n<p>Peut \u00eatre positionn\u00e9 horizontalement et verticalement.<\/p>\n<p>Dimensions (LxH) : cm. 150x100x1,5<\/p>\n<p>Poids : 10,3 kg.<\/p>\n<p><a href=\"https:\/\/www.smartystore.it\/v25\/wp-content\/uploads\/2025\/03\/STR-BOARD021-022-023-024-025.pdf\" target=\"_blank\" rel=\"noopener\"><img loading=\"lazy\" decoding=\"async\" class=\"alignnone size-full wp-image-93510\" src=\"https:\/\/www.smartystore.it\/v25\/wp-content\/uploads\/2014\/10\/SchedaTecnica-300-e1750084266903.png\" alt=\"\" width=\"249\" height=\"63\"><\/a>[\/vc_column_text][\/vc_column][\/vc_row]<\/p>\n<\/div>","protected":false},"excerpt":{"rendered":"<p>Tableau magn\u00e9tique avec surface en acier laqu\u00e9, inscriptible et effa\u00e7able avec des marqueurs effa\u00e7ables \u00e0 sec.<\/p>\n","protected":false},"featured_media":93015,"comment_status":"open","ping_status":"closed","template":"","meta":{"_acf_changed":false},"pwb-brand":[],"product_brand":[],"product_cat":[3134],"product_tag":[],"class_list":{"0":"post-98006","1":"product","2":"type-product","3":"status-publish","4":"has-post-thumbnail","6":"product_cat-tableaux-magnetiques","7":"pa_c2c_color-argent","8":"pa_c2c_color-blanc","9":"pa_c2c_dimensione-cm-150x100","10":"pa_c2c_mono_bifacciale-simple-face","11":"pa_c2c_stampa-non","12":"pa_c2c_stampa-oui","13":"pa_c2c_trovraprezzi-oui","15":"first","16":"instock","17":"taxable","18":"shipping-taxable","19":"purchasable","20":"product-type-variable"},"acf":[],"yoast_head":"<!-- This site is optimized with the Yoast SEO plugin v27.4 - https:\/\/yoast.com\/product\/yoast-seo-wordpress\/ -->\n<title>Tableau magn\u00e9tique 150x100 en acier laqu\u00e9 - Smarty Store<\/title>\n<meta name=\"description\" content=\"Tableau magn\u00e9tique 150x100 avec base magn\u00e9tique en acier laqu\u00e9 blanc, inscriptible et effa\u00e7able. Peut \u00eatre positionn\u00e9 verticalement et horizontalement.\" \/>\n<meta name=\"robots\" content=\"index, follow, max-snippet:-1, max-image-preview:large, max-video-preview:-1\" \/>\n<link rel=\"canonical\" href=\"https:\/\/www.smartystore.it\/fr\/prodotto\/tableau-magnetique-150x100-en-acier-laque\/\" \/>\n<meta property=\"og:locale\" content=\"fr_FR\" \/>\n<meta property=\"og:type\" content=\"article\" \/>\n<meta property=\"og:title\" content=\"Tableau magn\u00e9tique 150x100 en acier laqu\u00e9 - Smarty Store\" \/>\n<meta property=\"og:description\" content=\"Tableau magn\u00e9tique 150x100 avec base magn\u00e9tique en acier laqu\u00e9 blanc, inscriptible et effa\u00e7able. Peut \u00eatre positionn\u00e9 verticalement et horizontalement.\" \/>\n<meta property=\"og:url\" content=\"https:\/\/www.smartystore.it\/fr\/prodotto\/tableau-magnetique-150x100-en-acier-laque\/\" \/>\n<meta property=\"og:site_name\" content=\"Smarty Store\" \/>\n<meta property=\"article:modified_time\" content=\"2026-03-10T15:31:53+00:00\" \/>\n<meta property=\"og:image\" content=\"https:\/\/www.smartystore.it\/v25\/wp-content\/uploads\/2016\/07\/Lavagna-Magnetica-150x100-in-acciaio-laccato.jpg\" \/>\n\t<meta property=\"og:image:width\" content=\"1000\" \/>\n\t<meta property=\"og:image:height\" content=\"1000\" \/>\n\t<meta property=\"og:image:type\" content=\"image\/jpeg\" \/>\n<meta name=\"twitter:card\" content=\"summary_large_image\" \/>\n<meta name=\"twitter:label1\" content=\"Dur\u00e9e de lecture estim\u00e9e\" \/>\n\t<meta name=\"twitter:data1\" content=\"2 minutes\" \/>\n<script type=\"application\/ld+json\" class=\"yoast-schema-graph\">{\"@context\":\"https:\\\/\\\/schema.org\",\"@graph\":[{\"@type\":\"WebPage\",\"@id\":\"https:\\\/\\\/www.smartystore.it\\\/fr\\\/prodotto\\\/tableau-magnetique-150x100-en-acier-laque\\\/\",\"url\":\"https:\\\/\\\/www.smartystore.it\\\/fr\\\/prodotto\\\/tableau-magnetique-150x100-en-acier-laque\\\/\",\"name\":\"Tableau magn\u00e9tique 150x100 en acier laqu\u00e9 - Smarty Store\",\"isPartOf\":{\"@id\":\"https:\\\/\\\/www.smartystore.it\\\/fr\\\/#website\"},\"primaryImageOfPage\":{\"@id\":\"https:\\\/\\\/www.smartystore.it\\\/fr\\\/prodotto\\\/tableau-magnetique-150x100-en-acier-laque\\\/#primaryimage\"},\"image\":{\"@id\":\"https:\\\/\\\/www.smartystore.it\\\/fr\\\/prodotto\\\/tableau-magnetique-150x100-en-acier-laque\\\/#primaryimage\"},\"thumbnailUrl\":\"https:\\\/\\\/www.smartystore.it\\\/v25\\\/wp-content\\\/uploads\\\/2016\\\/07\\\/Lavagna-Magnetica-150x100-in-acciaio-laccato.jpg\",\"datePublished\":\"2026-03-10T15:31:49+00:00\",\"dateModified\":\"2026-03-10T15:31:53+00:00\",\"description\":\"Tableau magn\u00e9tique 150x100 avec base magn\u00e9tique en acier laqu\u00e9 blanc, inscriptible et effa\u00e7able. Peut \u00eatre positionn\u00e9 verticalement et horizontalement.\",\"breadcrumb\":{\"@id\":\"https:\\\/\\\/www.smartystore.it\\\/fr\\\/prodotto\\\/tableau-magnetique-150x100-en-acier-laque\\\/#breadcrumb\"},\"inLanguage\":\"fr-FR\",\"potentialAction\":[{\"@type\":\"ReadAction\",\"target\":[\"https:\\\/\\\/www.smartystore.it\\\/fr\\\/prodotto\\\/tableau-magnetique-150x100-en-acier-laque\\\/\"]}]},{\"@type\":\"ImageObject\",\"inLanguage\":\"fr-FR\",\"@id\":\"https:\\\/\\\/www.smartystore.it\\\/fr\\\/prodotto\\\/tableau-magnetique-150x100-en-acier-laque\\\/#primaryimage\",\"url\":\"https:\\\/\\\/www.smartystore.it\\\/v25\\\/wp-content\\\/uploads\\\/2016\\\/07\\\/Lavagna-Magnetica-150x100-in-acciaio-laccato.jpg\",\"contentUrl\":\"https:\\\/\\\/www.smartystore.it\\\/v25\\\/wp-content\\\/uploads\\\/2016\\\/07\\\/Lavagna-Magnetica-150x100-in-acciaio-laccato.jpg\",\"width\":1000,\"height\":1000,\"caption\":\"Lavagna Magnetica 150x100 in acciaio laccato\"},{\"@type\":\"BreadcrumbList\",\"@id\":\"https:\\\/\\\/www.smartystore.it\\\/fr\\\/prodotto\\\/tableau-magnetique-150x100-en-acier-laque\\\/#breadcrumb\",\"itemListElement\":[{\"@type\":\"ListItem\",\"position\":1,\"name\":\"Home\",\"item\":\"https:\\\/\\\/www.smartystore.it\\\/fr\\\/\"},{\"@type\":\"ListItem\",\"position\":2,\"name\":\"Boutique\",\"item\":\"https:\\\/\\\/www.smartystore.it\\\/fr\\\/boutique\\\/\"},{\"@type\":\"ListItem\",\"position\":3,\"name\":\"Tableau magn\u00e9tique 150&#215;100 en acier laqu\u00e9\"}]},{\"@type\":\"WebSite\",\"@id\":\"https:\\\/\\\/www.smartystore.it\\\/fr\\\/#website\",\"url\":\"https:\\\/\\\/www.smartystore.it\\\/fr\\\/\",\"name\":\"Smarty Store\",\"description\":\"Espositori Pubblicitari e Sistemi di Comunicazione Visiva\",\"potentialAction\":[{\"@type\":\"SearchAction\",\"target\":{\"@type\":\"EntryPoint\",\"urlTemplate\":\"https:\\\/\\\/www.smartystore.it\\\/fr\\\/?s={search_term_string}\"},\"query-input\":{\"@type\":\"PropertyValueSpecification\",\"valueRequired\":true,\"valueName\":\"search_term_string\"}}],\"inLanguage\":\"fr-FR\"}]}<\/script>\n<!-- \/ Yoast SEO plugin. -->","yoast_head_json":{"title":"Tableau magn\u00e9tique 150x100 en acier laqu\u00e9 - Smarty Store","description":"Tableau magn\u00e9tique 150x100 avec base magn\u00e9tique en acier laqu\u00e9 blanc, inscriptible et effa\u00e7able. Peut \u00eatre positionn\u00e9 verticalement et horizontalement.","robots":{"index":"index","follow":"follow","max-snippet":"max-snippet:-1","max-image-preview":"max-image-preview:large","max-video-preview":"max-video-preview:-1"},"canonical":"https:\/\/www.smartystore.it\/fr\/prodotto\/tableau-magnetique-150x100-en-acier-laque\/","og_locale":"fr_FR","og_type":"article","og_title":"Tableau magn\u00e9tique 150x100 en acier laqu\u00e9 - Smarty Store","og_description":"Tableau magn\u00e9tique 150x100 avec base magn\u00e9tique en acier laqu\u00e9 blanc, inscriptible et effa\u00e7able. Peut \u00eatre positionn\u00e9 verticalement et horizontalement.","og_url":"https:\/\/www.smartystore.it\/fr\/prodotto\/tableau-magnetique-150x100-en-acier-laque\/","og_site_name":"Smarty Store","article_modified_time":"2026-03-10T15:31:53+00:00","og_image":[{"width":1000,"height":1000,"url":"https:\/\/www.smartystore.it\/v25\/wp-content\/uploads\/2016\/07\/Lavagna-Magnetica-150x100-in-acciaio-laccato.jpg","type":"image\/jpeg"}],"twitter_card":"summary_large_image","twitter_misc":{"Dur\u00e9e de lecture estim\u00e9e":"2 minutes"},"schema":{"@context":"https:\/\/schema.org","@graph":[{"@type":"WebPage","@id":"https:\/\/www.smartystore.it\/fr\/prodotto\/tableau-magnetique-150x100-en-acier-laque\/","url":"https:\/\/www.smartystore.it\/fr\/prodotto\/tableau-magnetique-150x100-en-acier-laque\/","name":"Tableau magn\u00e9tique 150x100 en acier laqu\u00e9 - Smarty Store","isPartOf":{"@id":"https:\/\/www.smartystore.it\/fr\/#website"},"primaryImageOfPage":{"@id":"https:\/\/www.smartystore.it\/fr\/prodotto\/tableau-magnetique-150x100-en-acier-laque\/#primaryimage"},"image":{"@id":"https:\/\/www.smartystore.it\/fr\/prodotto\/tableau-magnetique-150x100-en-acier-laque\/#primaryimage"},"thumbnailUrl":"https:\/\/www.smartystore.it\/v25\/wp-content\/uploads\/2016\/07\/Lavagna-Magnetica-150x100-in-acciaio-laccato.jpg","datePublished":"2026-03-10T15:31:49+00:00","dateModified":"2026-03-10T15:31:53+00:00","description":"Tableau magn\u00e9tique 150x100 avec base magn\u00e9tique en acier laqu\u00e9 blanc, inscriptible et effa\u00e7able. Peut \u00eatre positionn\u00e9 verticalement et horizontalement.","breadcrumb":{"@id":"https:\/\/www.smartystore.it\/fr\/prodotto\/tableau-magnetique-150x100-en-acier-laque\/#breadcrumb"},"inLanguage":"fr-FR","potentialAction":[{"@type":"ReadAction","target":["https:\/\/www.smartystore.it\/fr\/prodotto\/tableau-magnetique-150x100-en-acier-laque\/"]}]},{"@type":"ImageObject","inLanguage":"fr-FR","@id":"https:\/\/www.smartystore.it\/fr\/prodotto\/tableau-magnetique-150x100-en-acier-laque\/#primaryimage","url":"https:\/\/www.smartystore.it\/v25\/wp-content\/uploads\/2016\/07\/Lavagna-Magnetica-150x100-in-acciaio-laccato.jpg","contentUrl":"https:\/\/www.smartystore.it\/v25\/wp-content\/uploads\/2016\/07\/Lavagna-Magnetica-150x100-in-acciaio-laccato.jpg","width":1000,"height":1000,"caption":"Lavagna Magnetica 150x100 in acciaio laccato"},{"@type":"BreadcrumbList","@id":"https:\/\/www.smartystore.it\/fr\/prodotto\/tableau-magnetique-150x100-en-acier-laque\/#breadcrumb","itemListElement":[{"@type":"ListItem","position":1,"name":"Home","item":"https:\/\/www.smartystore.it\/fr\/"},{"@type":"ListItem","position":2,"name":"Boutique","item":"https:\/\/www.smartystore.it\/fr\/boutique\/"},{"@type":"ListItem","position":3,"name":"Tableau magn\u00e9tique 150&#215;100 en acier laqu\u00e9"}]},{"@type":"WebSite","@id":"https:\/\/www.smartystore.it\/fr\/#website","url":"https:\/\/www.smartystore.it\/fr\/","name":"Smarty Store","description":"Espositori Pubblicitari e Sistemi di Comunicazione Visiva","potentialAction":[{"@type":"SearchAction","target":{"@type":"EntryPoint","urlTemplate":"https:\/\/www.smartystore.it\/fr\/?s={search_term_string}"},"query-input":{"@type":"PropertyValueSpecification","valueRequired":true,"valueName":"search_term_string"}}],"inLanguage":"fr-FR"}]}},"brands":[],"_links":{"self":[{"href":"https:\/\/www.smartystore.it\/fr\/wp-json\/wp\/v2\/product\/98006","targetHints":{"allow":["GET"]}}],"collection":[{"href":"https:\/\/www.smartystore.it\/fr\/wp-json\/wp\/v2\/product"}],"about":[{"href":"https:\/\/www.smartystore.it\/fr\/wp-json\/wp\/v2\/types\/product"}],"replies":[{"embeddable":true,"href":"https:\/\/www.smartystore.it\/fr\/wp-json\/wp\/v2\/comments?post=98006"}],"wp:featuredmedia":[{"embeddable":true,"href":"https:\/\/www.smartystore.it\/fr\/wp-json\/wp\/v2\/media\/93015"}],"wp:attachment":[{"href":"https:\/\/www.smartystore.it\/fr\/wp-json\/wp\/v2\/media?parent=98006"}],"wp:term":[{"taxonomy":"pwb-brand","embeddable":true,"href":"https:\/\/www.smartystore.it\/fr\/wp-json\/wp\/v2\/pwb-brand?post=98006"},{"taxonomy":"product_brand","embeddable":true,"href":"https:\/\/www.smartystore.it\/fr\/wp-json\/wp\/v2\/product_brand?post=98006"},{"taxonomy":"product_cat","embeddable":true,"href":"https:\/\/www.smartystore.it\/fr\/wp-json\/wp\/v2\/product_cat?post=98006"},{"taxonomy":"product_tag","embeddable":true,"href":"https:\/\/www.smartystore.it\/fr\/wp-json\/wp\/v2\/product_tag?post=98006"}],"curies":[{"name":"wp","href":"https:\/\/api.w.org\/{rel}","templated":true}]}}