{"id":97831,"date":"2022-06-14T18:24:58","date_gmt":"2022-06-14T16:24:58","guid":{"rendered":"https:\/\/www.smartystore.it\/prodotto\/tableau-daffichage-magnetique-avec-porte-pliante\/"},"modified":"2026-03-09T15:39:38","modified_gmt":"2026-03-09T13:39:38","slug":"tableau-daffichage-magnetique-avec-porte-pliante","status":"publish","type":"product","link":"https:\/\/www.smartystore.it\/fr\/prodotto\/tableau-daffichage-magnetique-avec-porte-pliante\/","title":{"rendered":"Tableau d&rsquo;affichage magn\u00e9tique avec porte pliante"},"content":{"rendered":"<div class=\"wpb-content-wrapper\"><p>[vc_row][vc_column][vc_column_text css=\u00a0\u00bb\u00a0\u00bb css_params=\u00a0\u00bb\u00a0\u00bb]<\/p>\n<h1>Tableau d&rsquo;affichage magn\u00e9tique avec porte pliante<\/h1>\n<p>Le tableau d&rsquo;affichage magn\u00e9tique avec porte pliante est id\u00e9al pour afficher en toute s\u00e9curit\u00e9 des avis et des communications \u00e0 l&rsquo;int\u00e9rieur. Le fond magn\u00e9tique permet de fixer les feuilles \u00e0 l&rsquo;aide de simples aimants fournis dans l&#8217;emballage. En outre, la surface est \u00e9galement inscriptible et effa\u00e7able, ce qui vous permet d&rsquo;ajouter vos propres communications \u00e0 l&rsquo;aide de marqueurs. <a href=\"https:\/\/www.smartystore.it\/fr\/prodotto\/marqueurs-pour-tableau-noir-inscriptibles\/\" target=\"_blank\" rel=\"noopener\"><strong>LIEN<\/strong><\/a> et la gomme <a href=\"https:\/\/www.smartystore.it\/fr\/prodotto\/gomme-magnetique-pour-tableau-noir\/\" target=\"_blank\" rel=\"noopener\"><strong>LINK .<\/strong><\/a>  <\/p>\n<h2>Tableau d&rsquo;affichage magn\u00e9tique avec porte pliante : 7 tailles pour tous les besoins<\/h2>\n<p>La structure du tableau d&rsquo;affichage magn\u00e9tique avec porte pliante est enti\u00e8rement r\u00e9alis\u00e9e en aluminium anodis\u00e9 argent\u00e9. La porte en m\u00e9thacrylate transparent est \u00e9galement dot\u00e9e de profils p\u00e9rim\u00e9triques en aluminium qui la prot\u00e8gent contre les chocs et les dommages \u00e9ventuels, une caract\u00e9ristique qui la distingue de tous les autres tableaux d&rsquo;affichage dot\u00e9s de portes sans aucune protection. <\/p>\n<p>L&rsquo;ouverture est pliante et la fermeture se fait \u00e0 l&rsquo;aide d&rsquo;une serrure et des cl\u00e9s fournies.<\/p>\n<p><span style=\"color: #000000;\"><strong>Le tableau d&rsquo;affichage magn\u00e9tique est pr\u00eat \u00e0 l&#8217;emploi gr\u00e2ce au mat\u00e9riel de fixation murale et aux 8 \u00e0 36 aimants (selon le mod\u00e8le) inclus dans l&#8217;emballage.<\/strong><\/span><\/p>\n<p>La disponibilit\u00e9 en 7 formats garantit une gamme qui r\u00e9pond \u00e0 presque tous les besoins.<\/p>\n<h3>Caract\u00e9ristiques :<\/h3>\n<ul>\n<li>Cadre en aluminium anodis\u00e9 argent.<\/li>\n<li>Fond magn\u00e9tique inscriptible et effa\u00e7able<\/li>\n<li>Porte en m\u00e9thacrylate transparent avec profil p\u00e9rim\u00e9trique en aluminium<\/li>\n<li>Ouverture par pliage<\/li>\n<li>Serrure et serrure \u00e0 cl\u00e9 (fournies)<\/li>\n<li>Aimants assortis inclus<\/li>\n<li>Mat\u00e9riel de montage mural inclus<\/li>\n<\/ul>\n<p>Formats disponibles :<\/p>\n<table style=\"width: 83.8652%; border-collapse: collapse; border-color: #000000; height: 168px;\" border=\"1\">\n<tbody>\n<tr style=\"height: 24px;\">\n<td style=\"width: 16.0173%; text-align: center; height: 24px;\"><strong>CODE<\/strong><\/td>\n<td style=\"width: 16.3071%; text-align: center; height: 24px;\"><strong>FORMAT<\/strong><\/td>\n<td style=\"width: 16.9588%; text-align: center; height: 24px;\"><strong>FORMAT VISIBLE<\/strong><\/td>\n<td style=\"width: 17.0093%; text-align: center; height: 24px;\"><strong>DIMENSIONS DU TABLEAU D&rsquo;AFFICHAGE<\/strong><\/td>\n<td style=\"width: 13.7522%; text-align: center;\"><strong>AIMANTS INCLUS<\/strong><\/td>\n<td style=\"width: 11.5087%; text-align: center; height: 24px;\"><strong>POIDS<\/strong><\/td>\n<\/tr>\n<tr style=\"height: 24px;\">\n<td style=\"width: 16.0173%; height: 24px;\"><strong>STR-BOARD500E<\/strong><\/td>\n<td style=\"width: 16.3071%; text-align: center; height: 24px;\">2xA4 horizontal<\/td>\n<td style=\"width: 16.9588%; text-align: center; height: 24px;\">310&#215;440 mm.<\/td>\n<td style=\"width: 17.0093%; text-align: center; height: 24px;\">360x490x30 mm.<\/td>\n<td style=\"width: 13.7522%; text-align: center;\">8<\/td>\n<td style=\"width: 11.5087%; text-align: center; height: 24px;\">1,30 kg<\/td>\n<\/tr>\n<tr style=\"height: 24px;\">\n<td style=\"width: 16.0173%; height: 24px;\"><strong>STR-BOARD501E<\/strong><\/td>\n<td style=\"width: 16.3071%; text-align: center; height: 24px;\">4xA4 vertical<\/td>\n<td style=\"width: 16.9588%; text-align: center; height: 24px;\">440&#215;620 mm.<\/td>\n<td style=\"width: 17.0093%; text-align: center; height: 24px;\">490x670x30 mm.<\/td>\n<td style=\"width: 13.7522%; text-align: center;\">8<\/td>\n<td style=\"width: 11.5087%; text-align: center; height: 24px;\">2,84 kg<\/td>\n<\/tr>\n<tr style=\"height: 24px;\">\n<td style=\"width: 16.0173%; height: 24px;\"><strong>STR-BOARD502E<\/strong><\/td>\n<td style=\"width: 16.3071%; text-align: center; height: 24px;\">6xA4 vertical<\/td>\n<td style=\"width: 16.9588%; text-align: center; height: 24px;\">620&#215;650 mm.<\/td>\n<td style=\"width: 17.0093%; text-align: center; height: 24px;\">670x700x30 mm.<\/td>\n<td style=\"width: 13.7522%; text-align: center;\">32<\/td>\n<td style=\"width: 11.5087%; text-align: center; height: 24px;\">3.40 Kg<\/td>\n<\/tr>\n<tr style=\"height: 24px;\">\n<td style=\"width: 16.0173%; height: 24px;\"><strong>STR-BOARD503E<\/strong><\/td>\n<td style=\"width: 16.3071%; text-align: center; height: 24px;\">8xA4 horizontal<\/td>\n<td style=\"width: 16.9588%; text-align: center; height: 24px;\">620&#215;830 mm.<\/td>\n<td style=\"width: 17.0093%; text-align: center; height: 24px;\">670x880x30 mm.<\/td>\n<td style=\"width: 13.7522%; text-align: center;\">32<\/td>\n<td style=\"width: 11.5087%; text-align: center; height: 24px;\">4.50 Kg<\/td>\n<\/tr>\n<tr style=\"height: 24px;\">\n<td style=\"width: 16.0173%; height: 24px;\"><strong>STR-BOARD504E<\/strong><\/td>\n<td style=\"width: 16.3071%; text-align: center; height: 24px;\">9xA4 vertical<\/td>\n<td style=\"width: 16.9588%; text-align: center; height: 24px;\">650&#215;920 mm.<\/td>\n<td style=\"width: 17.0093%; text-align: center; height: 24px;\">700x970x30 mm.<\/td>\n<td style=\"width: 13.7522%; text-align: center;\">36<\/td>\n<td style=\"width: 11.5087%; text-align: center; height: 24px;\">4.90 Kg<\/td>\n<\/tr>\n<tr style=\"height: 24px;\">\n<td style=\"width: 16.0173%; height: 24px;\"><strong>STR-BOARD505E<\/strong><\/td>\n<td style=\"width: 16.3071%; text-align: center; height: 24px;\">12xA4 vertical<\/td>\n<td style=\"width: 16.9588%; text-align: center; height: 24px;\">850&#215;920 mm.<\/td>\n<td style=\"width: 17.0093%; text-align: center; height: 24px;\">900x970x30 mm.<\/td>\n<td style=\"width: 13.7522%; text-align: center;\">36<\/td>\n<td style=\"width: 11.5087%; text-align: center; height: 24px;\">5.80 Kg<\/td>\n<\/tr>\n<tr>\n<td style=\"width: 16.0173%;\"><strong>STR-BOARD506E<\/strong><\/td>\n<td style=\"width: 16.3071%; text-align: center;\">8xA4 vertical<\/td>\n<td style=\"width: 16.9588%; text-align: center;\">801&#215;605 mm.<\/td>\n<td style=\"width: 17.0093%; text-align: center;\">880x670x30 mm.<\/td>\n<td style=\"width: 13.7522%; text-align: center;\">32<\/td>\n<td style=\"width: 11.5087%; text-align: center;\">5,00 kg<\/td>\n<\/tr>\n<\/tbody>\n<\/table>\n<p>&nbsp;<\/p>\n<p><a href=\"https:\/\/www.smartystore.it\/v25\/wp-content\/uploads\/2024\/10\/STR-BOARD500E-501E-502E-503E-504E-505E-506E.pdf\" target=\"_blank\" rel=\"noopener\"><img loading=\"lazy\" decoding=\"async\" class=\"alignnone size-full wp-image-93510\" src=\"https:\/\/www.smartystore.it\/v25\/wp-content\/uploads\/2014\/10\/SchedaTecnica-300-e1750084266903.png\" alt=\"\" width=\"249\" height=\"63\"><\/a><\/p>\n<p>&nbsp;[\/vc_column_text][\/vc_column][\/vc_row]<\/p>\n<\/div>","protected":false},"excerpt":{"rendered":"<p>Tableau d&rsquo;affichage int\u00e9rieur inscriptible et magn\u00e9tique. Disponible en cinq formats. Fond m\u00e9tallique pour l&rsquo;utilisation d&rsquo;aimants  <\/p>\n","protected":false},"featured_media":97832,"comment_status":"open","ping_status":"closed","template":"","meta":{"_acf_changed":false},"pwb-brand":[],"product_brand":[],"product_cat":[3000,2997],"product_tag":[6171,6161,6162,6552,6555,6165,6163,6553,6554,6164],"class_list":{"0":"post-97831","1":"product","2":"type-product","3":"status-publish","4":"has-post-thumbnail","6":"product_cat-tableaux-daffichage-internes","7":"product_cat-tableaux-de-messages","8":"product_tag-panneau-daffichage","9":"product_tag-panneau-daffichage-exterieur-2","10":"product_tag-panneaux-daffichage-exterieurs","11":"product_tag-tableau-daffichage-avec-fond-metallique-pour-aimants","12":"product_tag-tableau-daffichage-avec-fond-pour-aimants","13":"product_tag-tableau-daffichage-avec-ouverture-a-rabat","14":"product_tag-tableau-daffichage-certifie-ip56","15":"product_tag-tableau-daffichage-de-differentes-tailles","16":"product_tag-tableau-daffichage-interieur","17":"product_tag-vitrines-a-rabat","18":"pa_c2c_angolo-rond","19":"pa_c2c_color-argent","20":"pa_c2c_dimensione-12-x-a4","21":"pa_c2c_dimensione-2-x-a4-horizontal","22":"pa_c2c_dimensione-4-x-a4","23":"pa_c2c_dimensione-6-x-a4","24":"pa_c2c_dimensione-8-x-a4-horizontal","25":"pa_c2c_dimensione-8-x-a4-vert","26":"pa_c2c_dimensione-9-x-a4","27":"pa_c2c_trovraprezzi-oui","29":"first","30":"instock","31":"taxable","32":"shipping-taxable","33":"purchasable","34":"product-type-variable"},"acf":[],"yoast_head":"<!-- This site is optimized with the Yoast SEO plugin v27.4 - https:\/\/yoast.com\/product\/yoast-seo-wordpress\/ -->\n<title>Tableau d&#039;affichage magn\u00e9tique avec porte pliante - Smarty Store<\/title>\n<meta name=\"description\" content=\"Tableau d&#039;affichage magn\u00e9tique \u00e0 porte pliante avec fond inscriptible et effa\u00e7able pour l&#039;int\u00e9rieur. Disponible en sept formats. Kit d&#039;aimants de couleur inclus.\" \/>\n<meta name=\"robots\" content=\"index, follow, max-snippet:-1, max-image-preview:large, max-video-preview:-1\" \/>\n<link rel=\"canonical\" href=\"https:\/\/www.smartystore.it\/fr\/prodotto\/tableau-daffichage-magnetique-avec-porte-pliante\/\" \/>\n<meta property=\"og:locale\" content=\"fr_FR\" \/>\n<meta property=\"og:type\" content=\"article\" \/>\n<meta property=\"og:title\" content=\"Tableau d&#039;affichage magn\u00e9tique avec porte pliante - Smarty Store\" \/>\n<meta property=\"og:description\" content=\"Tableau d&#039;affichage magn\u00e9tique \u00e0 porte pliante avec fond inscriptible et effa\u00e7able pour l&#039;int\u00e9rieur. Disponible en sept formats. Kit d&#039;aimants de couleur inclus.\" \/>\n<meta property=\"og:url\" content=\"https:\/\/www.smartystore.it\/fr\/prodotto\/tableau-daffichage-magnetique-avec-porte-pliante\/\" \/>\n<meta property=\"og:site_name\" content=\"Smarty Store\" \/>\n<meta property=\"article:modified_time\" content=\"2026-03-09T13:39:38+00:00\" \/>\n<meta property=\"og:image\" content=\"https:\/\/www.smartystore.it\/v25\/wp-content\/uploads\/2022\/06\/Bacheca-magnetica-con-anta-a-libro-da-parete-scrivibile-e-cancellabile-5-formati.jpg\" \/>\n\t<meta property=\"og:image:width\" content=\"1000\" \/>\n\t<meta property=\"og:image:height\" content=\"1000\" \/>\n\t<meta property=\"og:image:type\" content=\"image\/jpeg\" \/>\n<meta name=\"twitter:card\" content=\"summary_large_image\" \/>\n<meta name=\"twitter:label1\" content=\"Dur\u00e9e de lecture estim\u00e9e\" \/>\n\t<meta name=\"twitter:data1\" content=\"2 minutes\" \/>\n<script type=\"application\/ld+json\" class=\"yoast-schema-graph\">{\"@context\":\"https:\\\/\\\/schema.org\",\"@graph\":[{\"@type\":\"WebPage\",\"@id\":\"https:\\\/\\\/www.smartystore.it\\\/fr\\\/prodotto\\\/tableau-daffichage-magnetique-avec-porte-pliante\\\/\",\"url\":\"https:\\\/\\\/www.smartystore.it\\\/fr\\\/prodotto\\\/tableau-daffichage-magnetique-avec-porte-pliante\\\/\",\"name\":\"Tableau d'affichage magn\u00e9tique avec porte pliante - Smarty Store\",\"isPartOf\":{\"@id\":\"https:\\\/\\\/www.smartystore.it\\\/fr\\\/#website\"},\"primaryImageOfPage\":{\"@id\":\"https:\\\/\\\/www.smartystore.it\\\/fr\\\/prodotto\\\/tableau-daffichage-magnetique-avec-porte-pliante\\\/#primaryimage\"},\"image\":{\"@id\":\"https:\\\/\\\/www.smartystore.it\\\/fr\\\/prodotto\\\/tableau-daffichage-magnetique-avec-porte-pliante\\\/#primaryimage\"},\"thumbnailUrl\":\"https:\\\/\\\/www.smartystore.it\\\/v25\\\/wp-content\\\/uploads\\\/2022\\\/06\\\/Bacheca-magnetica-con-anta-a-libro-da-parete-scrivibile-e-cancellabile-5-formati.jpg\",\"datePublished\":\"2022-06-14T16:24:58+00:00\",\"dateModified\":\"2026-03-09T13:39:38+00:00\",\"description\":\"Tableau d'affichage magn\u00e9tique \u00e0 porte pliante avec fond inscriptible et effa\u00e7able pour l'int\u00e9rieur. Disponible en sept formats. Kit d'aimants de couleur inclus.\",\"breadcrumb\":{\"@id\":\"https:\\\/\\\/www.smartystore.it\\\/fr\\\/prodotto\\\/tableau-daffichage-magnetique-avec-porte-pliante\\\/#breadcrumb\"},\"inLanguage\":\"fr-FR\",\"potentialAction\":[{\"@type\":\"ReadAction\",\"target\":[\"https:\\\/\\\/www.smartystore.it\\\/fr\\\/prodotto\\\/tableau-daffichage-magnetique-avec-porte-pliante\\\/\"]}]},{\"@type\":\"ImageObject\",\"inLanguage\":\"fr-FR\",\"@id\":\"https:\\\/\\\/www.smartystore.it\\\/fr\\\/prodotto\\\/tableau-daffichage-magnetique-avec-porte-pliante\\\/#primaryimage\",\"url\":\"https:\\\/\\\/www.smartystore.it\\\/v25\\\/wp-content\\\/uploads\\\/2022\\\/06\\\/Bacheca-magnetica-con-anta-a-libro-da-parete-scrivibile-e-cancellabile-5-formati.jpg\",\"contentUrl\":\"https:\\\/\\\/www.smartystore.it\\\/v25\\\/wp-content\\\/uploads\\\/2022\\\/06\\\/Bacheca-magnetica-con-anta-a-libro-da-parete-scrivibile-e-cancellabile-5-formati.jpg\",\"width\":1000,\"height\":1000,\"caption\":\"Bacheca magnetica con anta a libro da parete scrivibile e cancellabile 5 formati\"},{\"@type\":\"BreadcrumbList\",\"@id\":\"https:\\\/\\\/www.smartystore.it\\\/fr\\\/prodotto\\\/tableau-daffichage-magnetique-avec-porte-pliante\\\/#breadcrumb\",\"itemListElement\":[{\"@type\":\"ListItem\",\"position\":1,\"name\":\"Home\",\"item\":\"https:\\\/\\\/www.smartystore.it\\\/fr\\\/\"},{\"@type\":\"ListItem\",\"position\":2,\"name\":\"Boutique\",\"item\":\"https:\\\/\\\/www.smartystore.it\\\/fr\\\/boutique\\\/\"},{\"@type\":\"ListItem\",\"position\":3,\"name\":\"Tableau d&#8217;affichage magn\u00e9tique avec porte pliante\"}]},{\"@type\":\"WebSite\",\"@id\":\"https:\\\/\\\/www.smartystore.it\\\/fr\\\/#website\",\"url\":\"https:\\\/\\\/www.smartystore.it\\\/fr\\\/\",\"name\":\"Smarty Store\",\"description\":\"Espositori Pubblicitari e Sistemi di Comunicazione Visiva\",\"potentialAction\":[{\"@type\":\"SearchAction\",\"target\":{\"@type\":\"EntryPoint\",\"urlTemplate\":\"https:\\\/\\\/www.smartystore.it\\\/fr\\\/?s={search_term_string}\"},\"query-input\":{\"@type\":\"PropertyValueSpecification\",\"valueRequired\":true,\"valueName\":\"search_term_string\"}}],\"inLanguage\":\"fr-FR\"}]}<\/script>\n<!-- \/ Yoast SEO plugin. -->","yoast_head_json":{"title":"Tableau d'affichage magn\u00e9tique avec porte pliante - Smarty Store","description":"Tableau d'affichage magn\u00e9tique \u00e0 porte pliante avec fond inscriptible et effa\u00e7able pour l'int\u00e9rieur. Disponible en sept formats. Kit d'aimants de couleur inclus.","robots":{"index":"index","follow":"follow","max-snippet":"max-snippet:-1","max-image-preview":"max-image-preview:large","max-video-preview":"max-video-preview:-1"},"canonical":"https:\/\/www.smartystore.it\/fr\/prodotto\/tableau-daffichage-magnetique-avec-porte-pliante\/","og_locale":"fr_FR","og_type":"article","og_title":"Tableau d'affichage magn\u00e9tique avec porte pliante - Smarty Store","og_description":"Tableau d'affichage magn\u00e9tique \u00e0 porte pliante avec fond inscriptible et effa\u00e7able pour l'int\u00e9rieur. Disponible en sept formats. Kit d'aimants de couleur inclus.","og_url":"https:\/\/www.smartystore.it\/fr\/prodotto\/tableau-daffichage-magnetique-avec-porte-pliante\/","og_site_name":"Smarty Store","article_modified_time":"2026-03-09T13:39:38+00:00","og_image":[{"width":1000,"height":1000,"url":"https:\/\/www.smartystore.it\/v25\/wp-content\/uploads\/2022\/06\/Bacheca-magnetica-con-anta-a-libro-da-parete-scrivibile-e-cancellabile-5-formati.jpg","type":"image\/jpeg"}],"twitter_card":"summary_large_image","twitter_misc":{"Dur\u00e9e de lecture estim\u00e9e":"2 minutes"},"schema":{"@context":"https:\/\/schema.org","@graph":[{"@type":"WebPage","@id":"https:\/\/www.smartystore.it\/fr\/prodotto\/tableau-daffichage-magnetique-avec-porte-pliante\/","url":"https:\/\/www.smartystore.it\/fr\/prodotto\/tableau-daffichage-magnetique-avec-porte-pliante\/","name":"Tableau d'affichage magn\u00e9tique avec porte pliante - Smarty Store","isPartOf":{"@id":"https:\/\/www.smartystore.it\/fr\/#website"},"primaryImageOfPage":{"@id":"https:\/\/www.smartystore.it\/fr\/prodotto\/tableau-daffichage-magnetique-avec-porte-pliante\/#primaryimage"},"image":{"@id":"https:\/\/www.smartystore.it\/fr\/prodotto\/tableau-daffichage-magnetique-avec-porte-pliante\/#primaryimage"},"thumbnailUrl":"https:\/\/www.smartystore.it\/v25\/wp-content\/uploads\/2022\/06\/Bacheca-magnetica-con-anta-a-libro-da-parete-scrivibile-e-cancellabile-5-formati.jpg","datePublished":"2022-06-14T16:24:58+00:00","dateModified":"2026-03-09T13:39:38+00:00","description":"Tableau d'affichage magn\u00e9tique \u00e0 porte pliante avec fond inscriptible et effa\u00e7able pour l'int\u00e9rieur. Disponible en sept formats. Kit d'aimants de couleur inclus.","breadcrumb":{"@id":"https:\/\/www.smartystore.it\/fr\/prodotto\/tableau-daffichage-magnetique-avec-porte-pliante\/#breadcrumb"},"inLanguage":"fr-FR","potentialAction":[{"@type":"ReadAction","target":["https:\/\/www.smartystore.it\/fr\/prodotto\/tableau-daffichage-magnetique-avec-porte-pliante\/"]}]},{"@type":"ImageObject","inLanguage":"fr-FR","@id":"https:\/\/www.smartystore.it\/fr\/prodotto\/tableau-daffichage-magnetique-avec-porte-pliante\/#primaryimage","url":"https:\/\/www.smartystore.it\/v25\/wp-content\/uploads\/2022\/06\/Bacheca-magnetica-con-anta-a-libro-da-parete-scrivibile-e-cancellabile-5-formati.jpg","contentUrl":"https:\/\/www.smartystore.it\/v25\/wp-content\/uploads\/2022\/06\/Bacheca-magnetica-con-anta-a-libro-da-parete-scrivibile-e-cancellabile-5-formati.jpg","width":1000,"height":1000,"caption":"Bacheca magnetica con anta a libro da parete scrivibile e cancellabile 5 formati"},{"@type":"BreadcrumbList","@id":"https:\/\/www.smartystore.it\/fr\/prodotto\/tableau-daffichage-magnetique-avec-porte-pliante\/#breadcrumb","itemListElement":[{"@type":"ListItem","position":1,"name":"Home","item":"https:\/\/www.smartystore.it\/fr\/"},{"@type":"ListItem","position":2,"name":"Boutique","item":"https:\/\/www.smartystore.it\/fr\/boutique\/"},{"@type":"ListItem","position":3,"name":"Tableau d&#8217;affichage magn\u00e9tique avec porte pliante"}]},{"@type":"WebSite","@id":"https:\/\/www.smartystore.it\/fr\/#website","url":"https:\/\/www.smartystore.it\/fr\/","name":"Smarty Store","description":"Espositori Pubblicitari e Sistemi di Comunicazione Visiva","potentialAction":[{"@type":"SearchAction","target":{"@type":"EntryPoint","urlTemplate":"https:\/\/www.smartystore.it\/fr\/?s={search_term_string}"},"query-input":{"@type":"PropertyValueSpecification","valueRequired":true,"valueName":"search_term_string"}}],"inLanguage":"fr-FR"}]}},"brands":[],"_links":{"self":[{"href":"https:\/\/www.smartystore.it\/fr\/wp-json\/wp\/v2\/product\/97831","targetHints":{"allow":["GET"]}}],"collection":[{"href":"https:\/\/www.smartystore.it\/fr\/wp-json\/wp\/v2\/product"}],"about":[{"href":"https:\/\/www.smartystore.it\/fr\/wp-json\/wp\/v2\/types\/product"}],"replies":[{"embeddable":true,"href":"https:\/\/www.smartystore.it\/fr\/wp-json\/wp\/v2\/comments?post=97831"}],"wp:featuredmedia":[{"embeddable":true,"href":"https:\/\/www.smartystore.it\/fr\/wp-json\/wp\/v2\/media\/97832"}],"wp:attachment":[{"href":"https:\/\/www.smartystore.it\/fr\/wp-json\/wp\/v2\/media?parent=97831"}],"wp:term":[{"taxonomy":"pwb-brand","embeddable":true,"href":"https:\/\/www.smartystore.it\/fr\/wp-json\/wp\/v2\/pwb-brand?post=97831"},{"taxonomy":"product_brand","embeddable":true,"href":"https:\/\/www.smartystore.it\/fr\/wp-json\/wp\/v2\/product_brand?post=97831"},{"taxonomy":"product_cat","embeddable":true,"href":"https:\/\/www.smartystore.it\/fr\/wp-json\/wp\/v2\/product_cat?post=97831"},{"taxonomy":"product_tag","embeddable":true,"href":"https:\/\/www.smartystore.it\/fr\/wp-json\/wp\/v2\/product_tag?post=97831"}],"curies":[{"name":"wp","href":"https:\/\/api.w.org\/{rel}","templated":true}]}}