{"id":97761,"date":"2013-10-27T10:31:43","date_gmt":"2013-10-27T08:31:43","guid":{"rendered":"https:\/\/www.smartystore.it\/prodotto\/tableau-daffichage-magnetique-avec-ouverture-pliante\/"},"modified":"2026-02-20T18:03:52","modified_gmt":"2026-02-20T16:03:52","slug":"tableau-daffichage-magnetique-avec-ouverture-pliante","status":"publish","type":"product","link":"https:\/\/www.smartystore.it\/fr\/prodotto\/tableau-daffichage-magnetique-avec-ouverture-pliante\/","title":{"rendered":"Tableau d&rsquo;affichage magn\u00e9tique avec ouverture pliante"},"content":{"rendered":"<h1>Tableau d&rsquo;affichage magn\u00e9tique avec ouverture pliante : style et fonctionnalit\u00e9 \u00e0 la port\u00e9e de tous<\/h1>\n<p><span dir=\"auto\">Le tableau d&rsquo;affichage magn\u00e9tique avec ouverture en accord\u00e9on est une solution id\u00e9ale pour ceux qui recherchent un moyen pratique et \u00e9l\u00e9gant de communiquer des informations dans divers environnements, des entreprises aux \u00e9coles en passant par les espaces publics. Disponible en <strong>deux couleurs \u00e9l\u00e9gantes, argent et noir<\/strong>, ce tableau d&rsquo;affichage s&rsquo;int\u00e8gre harmonieusement dans tous les d\u00e9cors et contribue \u00e0 cr\u00e9er une atmosph\u00e8re professionnelle et \u00e9pur\u00e9e. <\/span><\/p>\n<p><span dir=\"auto\">Avec une profondeur ext\u00e9rieure de seulement 2,6 cm, le <strong>design fin de<\/strong> ce tableau d&rsquo;affichage permet un positionnement facile, m\u00eame dans les espaces restreints. Il est disponible dans pas moins de 8 formats diff\u00e9rents, ce qui vous permet de choisir la taille la plus adapt\u00e9e \u00e0 vos besoins sp\u00e9cifiques. Qu&rsquo;il s&rsquo;agisse d&rsquo;une petite communication ou d&rsquo;une information importante, chaque contenu trouve sa place id\u00e9ale. <\/span><\/p>\n<p><span dir=\"auto\">Une caract\u00e9ristique importante de notre tableau d&rsquo;affichage est la serrure \u00e0 cl\u00e9, qui assure la protection des documents expos\u00e9s. Deux cl\u00e9s sont incluses dans la livraison, ce qui garantit un maximum de commodit\u00e9 dans l&rsquo;acc\u00e8s et la gestion de l&rsquo;information. Les coins arrondis n&rsquo;apportent pas seulement un aspect lisse et raffin\u00e9, mais jouent \u00e9galement un r\u00f4le crucial dans la s\u00e9curit\u00e9 globale, en r\u00e9duisant le risque d&rsquo;incidents accidentels. <\/span><\/p>\n<h2>Tableau d&rsquo;affichage magn\u00e9tique avec ouverture pliante : gestion ais\u00e9e de l&rsquo;information<\/h2>\n<p><span dir=\"auto\">Le panneau arri\u00e8re magn\u00e9tique, inscriptible et effa\u00e7able est une autre innovation qui rend ce tableau d&rsquo;affichage extr\u00eamement fonctionnel. Les utilisateurs peuvent facilement utiliser des marqueurs effa\u00e7ables \u00e0 sec pour \u00e9crire des notes, des mises \u00e0 jour ou des messages temporaires, assurant ainsi une communication dynamique et imm\u00e9diate. La possibilit\u00e9 d&rsquo;effacer et de r\u00e9\u00e9crire permet d&rsquo;adapter continuellement les informations affich\u00e9es en fonction des besoins et des mises \u00e0 jour. <\/span><\/p>\n<p><span dir=\"auto\">En r\u00e9sum\u00e9, le tableau d&rsquo;affichage magn\u00e9tique pliable est un choix optimal pour les bureaux, les \u00e9coles et les espaces publics. Il allie commodit\u00e9, style et caract\u00e9ristiques pratiques, ce qui en fait un \u00e9l\u00e9ment indispensable pour la gestion de l&rsquo;information dans toute entreprise ou \u00e9tablissement d&rsquo;enseignement. Investir dans ce produit, c&rsquo;est opter pour la qualit\u00e9 et l&rsquo;efficacit\u00e9, sans compromettre l&rsquo;esth\u00e9tique. <\/span><\/p>\n<p>Le mat\u00e9riel de montage mural est inclus dans l&#8217;emballage.<\/p>\n<h3>CARACT\u00c9RISTIQUES:<\/h3>\n<ol>\n<li>Panneau d&rsquo;affichage int\u00e9rieur avec ouverture pliante ;<\/li>\n<li>Disponible en huit formats ;<\/li>\n<li>Couleur : noir et argent ;<\/li>\n<li>Deux cl\u00e9s de verrouillage sont fournies ;<\/li>\n<li>Panneau de fond magn\u00e9tique inscriptible et effa\u00e7able ;<\/li>\n<li>Le mat\u00e9riel de montage mural est inclus dans l&#8217;emballage.<\/li>\n<\/ol>\n<div><\/div>\n<div>Tailles disponibles :<\/div>\n<div>\n<table style=\"width: 1152px; height: 369px; background-color: #ffffff;\" border=\"1\">\n<tbody>\n<tr>\n<th style=\"text-align: center;\" scope=\"col\">CODE<\/th>\n<th style=\"text-align: center;\" scope=\"col\">FORMAT<\/th>\n<th style=\"text-align: center;\" scope=\"col\">DIMENSIONS INTERNES<\/th>\n<th style=\"text-align: center;\" scope=\"col\">DIMENSIONS EXT\u00c9RIEURES<\/th>\n<th style=\"text-align: center;\" scope=\"col\">POIDS<\/th>\n<th style=\"text-align: center;\" scope=\"col\">COULEUR<\/th>\n<\/tr>\n<tr>\n<td style=\"text-align: center;\">\n<div style=\"text-align: center;\">SSD-BCH1A4<\/div>\n<\/td>\n<td style=\"text-align: center;\">\n<div style=\"text-align: center;\">1 x A4<\/div>\n<\/td>\n<td style=\"text-align: center;\">\n<div style=\"text-align: center;\">22 x 31 cm.<\/div>\n<\/td>\n<td style=\"text-align: center;\">\n<div style=\"text-align: center;\">27,1 L x 35 H x 2,6 P cm.<\/div>\n<\/td>\n<td style=\"text-align: center;\">\n<div style=\"text-align: center;\">1.00 Kg<\/div>\n<\/td>\n<td style=\"text-align: center;\">\n<div style=\"text-align: center;\">Argent\/Noir<\/div>\n<\/td>\n<\/tr>\n<tr>\n<td style=\"text-align: center;\">\n<div style=\"text-align: center;\">SSD-BCH2A4<\/div>\n<\/td>\n<td style=\"text-align: center;\">\n<div style=\"text-align: center;\">2 x A4<\/div>\n<\/td>\n<td style=\"text-align: center;\">\n<div style=\"text-align: center;\">44 x 31 cm.<\/div>\n<\/td>\n<td style=\"text-align: center;\">\n<div style=\"text-align: center;\">49,1 L x 35 H x 2,6 P cm.<\/div>\n<\/td>\n<td style=\"text-align: center;\">\n<div style=\"text-align: center;\">1.63 Kg<\/div>\n<\/td>\n<td style=\"text-align: center;\">\n<div style=\"text-align: center;\">Argent\/Noir<\/div>\n<\/td>\n<\/tr>\n<tr>\n<td style=\"text-align: center;\">SSD-BCH3A4<\/td>\n<td style=\"text-align: center;\">3 x A4<\/td>\n<td style=\"text-align: center;\">66 x 31 cm.<\/td>\n<td style=\"text-align: center;\">71,1 L x 35 H x 2,6 P cm.<\/td>\n<td style=\"text-align: center;\">2,24 kg<\/td>\n<td style=\"text-align: center;\">\n<div style=\"text-align: center;\">Argent\/Noir<\/div>\n<\/td>\n<\/tr>\n<tr>\n<td style=\"text-align: center;\">\n<div style=\"text-align: center;\">SSD-BCH4A4<\/div>\n<\/td>\n<td style=\"text-align: center;\">\n<div style=\"text-align: center;\">4 x A4<\/div>\n<\/td>\n<td style=\"text-align: center;\">\n<div style=\"text-align: center;\">44 x 61,5 cm.<\/div>\n<\/td>\n<td style=\"text-align: center;\">\n<div style=\"text-align: center;\">49,1 L x 65,5 H x 2,6 P cm.<\/div>\n<\/td>\n<td style=\"text-align: center;\">\n<div style=\"text-align: center;\">2,84 kg<\/div>\n<\/td>\n<td style=\"text-align: center;\">\n<div style=\"text-align: center;\">Argent\/Noir<\/div>\n<\/td>\n<\/tr>\n<tr>\n<td style=\"text-align: center;\">\n<div style=\"text-align: center;\">SSD-BCH6A4<\/div>\n<\/td>\n<td style=\"text-align: center;\">\n<div style=\"text-align: center;\">6 x A4<\/div>\n<\/td>\n<td style=\"text-align: center;\">\n<div style=\"text-align: center;\">66 x 61,5 cm.<\/div>\n<\/td>\n<td style=\"text-align: center;\">\n<div style=\"text-align: center;\">71,1 L x 65,5 H x 2,6 P cm.<\/div>\n<\/td>\n<td style=\"text-align: center;\">\n<div style=\"text-align: center;\">3.93 Kg<\/div>\n<\/td>\n<td style=\"text-align: center;\">\n<div style=\"text-align: center;\">Argent\/Noir<\/div>\n<\/td>\n<\/tr>\n<tr>\n<td style=\"text-align: center;\">\n<div style=\"text-align: center;\">SSD-BCH8A4<\/div>\n<\/td>\n<td style=\"text-align: center;\">\n<div style=\"text-align: center;\">8 x A4<\/div>\n<\/td>\n<td style=\"text-align: center;\">\n<div style=\"text-align: center;\">88 x 61,5 cm.<\/div>\n<\/td>\n<td style=\"text-align: center;\">\n<div style=\"text-align: center;\">93,1 L x 65,5 H x 2,6 P cm.<\/div>\n<\/td>\n<td style=\"text-align: center;\">\n<div style=\"text-align: center;\">5.03 Kg<\/div>\n<\/td>\n<td style=\"text-align: center;\">\n<div style=\"text-align: center;\">Argent\/Noir<\/div>\n<\/td>\n<\/tr>\n<tr>\n<td style=\"text-align: center;\">SSD-BCH9A4<\/td>\n<td style=\"text-align: center;\">9 x A4<\/td>\n<td style=\"text-align: center;\">66 x 92,3 cm.<\/td>\n<td style=\"text-align: center;\">71,1 L x 96,3 H x 2,6 P cm.<\/td>\n<td style=\"text-align: center;\">5.70 Kg<\/td>\n<td style=\"text-align: center;\">\n<div style=\"text-align: center;\">Argent\/Noir<\/div>\n<\/td>\n<\/tr>\n<tr>\n<td style=\"text-align: center;\">\n<div style=\"text-align: center;\">SSD-BCH12A4<\/div>\n<\/td>\n<td style=\"text-align: center;\">\n<div style=\"text-align: center;\">12 x A4<\/div>\n<\/td>\n<td style=\"text-align: center;\">\n<div style=\"text-align: center;\">88 x 92,3 cm.<\/div>\n<\/td>\n<td style=\"text-align: center;\">\n<div style=\"text-align: center;\">93,1 L x 96,3 H 2,6 P cm.<\/div>\n<\/td>\n<td style=\"text-align: center;\">\n<div style=\"text-align: center;\">7.28 Kg<\/div>\n<\/td>\n<td style=\"text-align: center;\">\n<div style=\"text-align: center;\">Argent\/Noir<\/div>\n<\/td>\n<\/tr>\n<\/tbody>\n<\/table>\n<p>&nbsp;<\/p>\n<\/div>\n<div><\/div>\n<div><a href=\"https:\/\/www.smartystore.it\/v25\/wp-content\/uploads\/2026\/02\/SSD-BCH-SCHEDA-TECNICA.pdf\" target=\"_blank\" rel=\"noopener\"><img loading=\"lazy\" decoding=\"async\" class=\"alignnone size-full wp-image-93672\" src=\"https:\/\/www.smartystore.it\/v25\/wp-content\/uploads\/2023\/11\/LogoDownload_yellow.jpg\" alt=\"\" width=\"50\" height=\"50\" \/><\/a> <a href=\"https:\/\/www.smartystore.it\/v25\/wp-content\/uploads\/2026\/02\/SSD-BCH-SCHEDA-TECNICA.pdf\" target=\"_blank\" rel=\"noopener\"><strong>FICHE TECHNIQUE<\/strong><\/a><\/div>\n<div><\/div>\n<h3 style=\"text-align: center;\">Ajoutez des aimants de couleur \u00e0 votre commande <a href=\"https:\/\/www.smartystore.it\/fr\/prodotto\/aimants-de-couleur\/\" target=\"_blank\" rel=\"noopener\"><strong>LIEN <\/strong><\/a> et des marqueurs <a href=\"https:\/\/www.smartystore.it\/fr\/prodotto\/marqueurs-pour-tableau-noir-inscriptibles\/\" target=\"_blank\" rel=\"noopener\"><strong>LINK<\/strong><\/a><\/h3>\n<div><\/div>\n","protected":false},"excerpt":{"rendered":"<p>Tableau d&rsquo;affichage int\u00e9rieur inscriptible et magn\u00e9tique disponible en argent et en noir et en 8 tailles.<\/p>\n","protected":false},"featured_media":97639,"comment_status":"open","ping_status":"closed","template":"","meta":{"_acf_changed":false},"pwb-brand":[],"product_brand":[],"product_cat":[3000,2997],"product_tag":[6509,6511,6512,6510],"class_list":{"0":"post-97761","1":"product","2":"type-product","3":"status-publish","4":"has-post-thumbnail","6":"product_cat-tableaux-daffichage-internes","7":"product_cat-tableaux-de-messages","8":"product_tag-panneau-daffichage-interieur","9":"product_tag-tableau-daffichage-3","10":"product_tag-tableau-daffichage-avec-fond-magnetique-inscriptible-et-effacable","11":"product_tag-tableau-daffichage-interieur-avec-ouverture-pliante","12":"pa_c2c_angolo-rond","13":"pa_c2c_color-argent","14":"pa_c2c_color-noir","15":"pa_c2c_dimensione-12-x-a4","16":"pa_c2c_dimensione-2-x-a4","17":"pa_c2c_dimensione-3-x-a4","18":"pa_c2c_dimensione-4-x-a4","19":"pa_c2c_dimensione-6-x-a4","20":"pa_c2c_dimensione-8-x-a4","21":"pa_c2c_dimensione-9-x-a4","22":"pa_c2c_dimensione-a4-fr","23":"pa_c2c_mono_bifacciale-simple-face","24":"pa_c2c_trovraprezzi-oui","26":"first","27":"instock","28":"taxable","29":"shipping-taxable","30":"purchasable","31":"product-type-variable"},"acf":[],"yoast_head":"<!-- This site is optimized with the Yoast SEO plugin v27.4 - https:\/\/yoast.com\/product\/yoast-seo-wordpress\/ -->\n<title>Tableau d&#039;affichage magn\u00e9tique avec ouverture pliante - Au Meilleur Prix<\/title>\n<meta name=\"description\" content=\"Tableau d&#039;affichage int\u00e9rieur magn\u00e9tique avec ouverture pliante. Disponible en noir et argent et en 8 formats. Fond inscriptible et effa\u00e7able.\" \/>\n<meta name=\"robots\" content=\"index, follow, max-snippet:-1, max-image-preview:large, max-video-preview:-1\" \/>\n<link rel=\"canonical\" href=\"https:\/\/www.smartystore.it\/fr\/prodotto\/tableau-daffichage-magnetique-avec-ouverture-pliante\/\" \/>\n<meta property=\"og:locale\" content=\"fr_FR\" \/>\n<meta property=\"og:type\" content=\"article\" \/>\n<meta property=\"og:title\" content=\"Tableau d&#039;affichage magn\u00e9tique avec ouverture pliante - Au Meilleur Prix\" \/>\n<meta property=\"og:description\" content=\"Tableau d&#039;affichage int\u00e9rieur magn\u00e9tique avec ouverture pliante. Disponible en noir et argent et en 8 formats. Fond inscriptible et effa\u00e7able.\" \/>\n<meta property=\"og:url\" content=\"https:\/\/www.smartystore.it\/fr\/prodotto\/tableau-daffichage-magnetique-avec-ouverture-pliante\/\" \/>\n<meta property=\"og:site_name\" content=\"Smarty Store\" \/>\n<meta property=\"article:modified_time\" content=\"2026-02-20T16:03:52+00:00\" \/>\n<meta property=\"og:image\" content=\"https:\/\/www.smartystore.it\/v25\/wp-content\/uploads\/2013\/10\/Bacheca-magnetica-con-apertura-a-libro.jpg\" \/>\n\t<meta property=\"og:image:width\" content=\"1000\" \/>\n\t<meta property=\"og:image:height\" content=\"1000\" \/>\n\t<meta property=\"og:image:type\" content=\"image\/jpeg\" \/>\n<meta name=\"twitter:card\" content=\"summary_large_image\" \/>\n<meta name=\"twitter:label1\" content=\"Dur\u00e9e de lecture estim\u00e9e\" \/>\n\t<meta name=\"twitter:data1\" content=\"4 minutes\" \/>\n<script type=\"application\/ld+json\" class=\"yoast-schema-graph\">{\"@context\":\"https:\\\/\\\/schema.org\",\"@graph\":[{\"@type\":\"WebPage\",\"@id\":\"https:\\\/\\\/www.smartystore.it\\\/fr\\\/prodotto\\\/tableau-daffichage-magnetique-avec-ouverture-pliante\\\/\",\"url\":\"https:\\\/\\\/www.smartystore.it\\\/fr\\\/prodotto\\\/tableau-daffichage-magnetique-avec-ouverture-pliante\\\/\",\"name\":\"Tableau d'affichage magn\u00e9tique avec ouverture pliante - Au Meilleur Prix\",\"isPartOf\":{\"@id\":\"https:\\\/\\\/www.smartystore.it\\\/fr\\\/#website\"},\"primaryImageOfPage\":{\"@id\":\"https:\\\/\\\/www.smartystore.it\\\/fr\\\/prodotto\\\/tableau-daffichage-magnetique-avec-ouverture-pliante\\\/#primaryimage\"},\"image\":{\"@id\":\"https:\\\/\\\/www.smartystore.it\\\/fr\\\/prodotto\\\/tableau-daffichage-magnetique-avec-ouverture-pliante\\\/#primaryimage\"},\"thumbnailUrl\":\"https:\\\/\\\/www.smartystore.it\\\/v25\\\/wp-content\\\/uploads\\\/2013\\\/10\\\/Bacheca-magnetica-con-apertura-a-libro.jpg\",\"datePublished\":\"2013-10-27T08:31:43+00:00\",\"dateModified\":\"2026-02-20T16:03:52+00:00\",\"description\":\"Tableau d'affichage int\u00e9rieur magn\u00e9tique avec ouverture pliante. Disponible en noir et argent et en 8 formats. Fond inscriptible et effa\u00e7able.\",\"breadcrumb\":{\"@id\":\"https:\\\/\\\/www.smartystore.it\\\/fr\\\/prodotto\\\/tableau-daffichage-magnetique-avec-ouverture-pliante\\\/#breadcrumb\"},\"inLanguage\":\"fr-FR\",\"potentialAction\":[{\"@type\":\"ReadAction\",\"target\":[\"https:\\\/\\\/www.smartystore.it\\\/fr\\\/prodotto\\\/tableau-daffichage-magnetique-avec-ouverture-pliante\\\/\"]}]},{\"@type\":\"ImageObject\",\"inLanguage\":\"fr-FR\",\"@id\":\"https:\\\/\\\/www.smartystore.it\\\/fr\\\/prodotto\\\/tableau-daffichage-magnetique-avec-ouverture-pliante\\\/#primaryimage\",\"url\":\"https:\\\/\\\/www.smartystore.it\\\/v25\\\/wp-content\\\/uploads\\\/2013\\\/10\\\/Bacheca-magnetica-con-apertura-a-libro.jpg\",\"contentUrl\":\"https:\\\/\\\/www.smartystore.it\\\/v25\\\/wp-content\\\/uploads\\\/2013\\\/10\\\/Bacheca-magnetica-con-apertura-a-libro.jpg\",\"width\":1000,\"height\":1000,\"caption\":\"Tableau d'affichage magn\u00e9tique avec ouverture pliante\"},{\"@type\":\"BreadcrumbList\",\"@id\":\"https:\\\/\\\/www.smartystore.it\\\/fr\\\/prodotto\\\/tableau-daffichage-magnetique-avec-ouverture-pliante\\\/#breadcrumb\",\"itemListElement\":[{\"@type\":\"ListItem\",\"position\":1,\"name\":\"Home\",\"item\":\"https:\\\/\\\/www.smartystore.it\\\/fr\\\/\"},{\"@type\":\"ListItem\",\"position\":2,\"name\":\"Boutique\",\"item\":\"https:\\\/\\\/www.smartystore.it\\\/fr\\\/boutique\\\/\"},{\"@type\":\"ListItem\",\"position\":3,\"name\":\"Tableau d&rsquo;affichage magn\u00e9tique avec ouverture pliante\"}]},{\"@type\":\"WebSite\",\"@id\":\"https:\\\/\\\/www.smartystore.it\\\/fr\\\/#website\",\"url\":\"https:\\\/\\\/www.smartystore.it\\\/fr\\\/\",\"name\":\"Smarty Store\",\"description\":\"Espositori Pubblicitari e Sistemi di Comunicazione Visiva\",\"potentialAction\":[{\"@type\":\"SearchAction\",\"target\":{\"@type\":\"EntryPoint\",\"urlTemplate\":\"https:\\\/\\\/www.smartystore.it\\\/fr\\\/?s={search_term_string}\"},\"query-input\":{\"@type\":\"PropertyValueSpecification\",\"valueRequired\":true,\"valueName\":\"search_term_string\"}}],\"inLanguage\":\"fr-FR\"}]}<\/script>\n<!-- \/ Yoast SEO plugin. -->","yoast_head_json":{"title":"Tableau d'affichage magn\u00e9tique avec ouverture pliante - Au Meilleur Prix","description":"Tableau d'affichage int\u00e9rieur magn\u00e9tique avec ouverture pliante. Disponible en noir et argent et en 8 formats. Fond inscriptible et effa\u00e7able.","robots":{"index":"index","follow":"follow","max-snippet":"max-snippet:-1","max-image-preview":"max-image-preview:large","max-video-preview":"max-video-preview:-1"},"canonical":"https:\/\/www.smartystore.it\/fr\/prodotto\/tableau-daffichage-magnetique-avec-ouverture-pliante\/","og_locale":"fr_FR","og_type":"article","og_title":"Tableau d'affichage magn\u00e9tique avec ouverture pliante - Au Meilleur Prix","og_description":"Tableau d'affichage int\u00e9rieur magn\u00e9tique avec ouverture pliante. Disponible en noir et argent et en 8 formats. Fond inscriptible et effa\u00e7able.","og_url":"https:\/\/www.smartystore.it\/fr\/prodotto\/tableau-daffichage-magnetique-avec-ouverture-pliante\/","og_site_name":"Smarty Store","article_modified_time":"2026-02-20T16:03:52+00:00","og_image":[{"width":1000,"height":1000,"url":"https:\/\/www.smartystore.it\/v25\/wp-content\/uploads\/2013\/10\/Bacheca-magnetica-con-apertura-a-libro.jpg","type":"image\/jpeg"}],"twitter_card":"summary_large_image","twitter_misc":{"Dur\u00e9e de lecture estim\u00e9e":"4 minutes"},"schema":{"@context":"https:\/\/schema.org","@graph":[{"@type":"WebPage","@id":"https:\/\/www.smartystore.it\/fr\/prodotto\/tableau-daffichage-magnetique-avec-ouverture-pliante\/","url":"https:\/\/www.smartystore.it\/fr\/prodotto\/tableau-daffichage-magnetique-avec-ouverture-pliante\/","name":"Tableau d'affichage magn\u00e9tique avec ouverture pliante - Au Meilleur Prix","isPartOf":{"@id":"https:\/\/www.smartystore.it\/fr\/#website"},"primaryImageOfPage":{"@id":"https:\/\/www.smartystore.it\/fr\/prodotto\/tableau-daffichage-magnetique-avec-ouverture-pliante\/#primaryimage"},"image":{"@id":"https:\/\/www.smartystore.it\/fr\/prodotto\/tableau-daffichage-magnetique-avec-ouverture-pliante\/#primaryimage"},"thumbnailUrl":"https:\/\/www.smartystore.it\/v25\/wp-content\/uploads\/2013\/10\/Bacheca-magnetica-con-apertura-a-libro.jpg","datePublished":"2013-10-27T08:31:43+00:00","dateModified":"2026-02-20T16:03:52+00:00","description":"Tableau d'affichage int\u00e9rieur magn\u00e9tique avec ouverture pliante. Disponible en noir et argent et en 8 formats. Fond inscriptible et effa\u00e7able.","breadcrumb":{"@id":"https:\/\/www.smartystore.it\/fr\/prodotto\/tableau-daffichage-magnetique-avec-ouverture-pliante\/#breadcrumb"},"inLanguage":"fr-FR","potentialAction":[{"@type":"ReadAction","target":["https:\/\/www.smartystore.it\/fr\/prodotto\/tableau-daffichage-magnetique-avec-ouverture-pliante\/"]}]},{"@type":"ImageObject","inLanguage":"fr-FR","@id":"https:\/\/www.smartystore.it\/fr\/prodotto\/tableau-daffichage-magnetique-avec-ouverture-pliante\/#primaryimage","url":"https:\/\/www.smartystore.it\/v25\/wp-content\/uploads\/2013\/10\/Bacheca-magnetica-con-apertura-a-libro.jpg","contentUrl":"https:\/\/www.smartystore.it\/v25\/wp-content\/uploads\/2013\/10\/Bacheca-magnetica-con-apertura-a-libro.jpg","width":1000,"height":1000,"caption":"Tableau d'affichage magn\u00e9tique avec ouverture pliante"},{"@type":"BreadcrumbList","@id":"https:\/\/www.smartystore.it\/fr\/prodotto\/tableau-daffichage-magnetique-avec-ouverture-pliante\/#breadcrumb","itemListElement":[{"@type":"ListItem","position":1,"name":"Home","item":"https:\/\/www.smartystore.it\/fr\/"},{"@type":"ListItem","position":2,"name":"Boutique","item":"https:\/\/www.smartystore.it\/fr\/boutique\/"},{"@type":"ListItem","position":3,"name":"Tableau d&rsquo;affichage magn\u00e9tique avec ouverture pliante"}]},{"@type":"WebSite","@id":"https:\/\/www.smartystore.it\/fr\/#website","url":"https:\/\/www.smartystore.it\/fr\/","name":"Smarty Store","description":"Espositori Pubblicitari e Sistemi di Comunicazione Visiva","potentialAction":[{"@type":"SearchAction","target":{"@type":"EntryPoint","urlTemplate":"https:\/\/www.smartystore.it\/fr\/?s={search_term_string}"},"query-input":{"@type":"PropertyValueSpecification","valueRequired":true,"valueName":"search_term_string"}}],"inLanguage":"fr-FR"}]}},"brands":[],"_links":{"self":[{"href":"https:\/\/www.smartystore.it\/fr\/wp-json\/wp\/v2\/product\/97761","targetHints":{"allow":["GET"]}}],"collection":[{"href":"https:\/\/www.smartystore.it\/fr\/wp-json\/wp\/v2\/product"}],"about":[{"href":"https:\/\/www.smartystore.it\/fr\/wp-json\/wp\/v2\/types\/product"}],"replies":[{"embeddable":true,"href":"https:\/\/www.smartystore.it\/fr\/wp-json\/wp\/v2\/comments?post=97761"}],"wp:featuredmedia":[{"embeddable":true,"href":"https:\/\/www.smartystore.it\/fr\/wp-json\/wp\/v2\/media\/97639"}],"wp:attachment":[{"href":"https:\/\/www.smartystore.it\/fr\/wp-json\/wp\/v2\/media?parent=97761"}],"wp:term":[{"taxonomy":"pwb-brand","embeddable":true,"href":"https:\/\/www.smartystore.it\/fr\/wp-json\/wp\/v2\/pwb-brand?post=97761"},{"taxonomy":"product_brand","embeddable":true,"href":"https:\/\/www.smartystore.it\/fr\/wp-json\/wp\/v2\/product_brand?post=97761"},{"taxonomy":"product_cat","embeddable":true,"href":"https:\/\/www.smartystore.it\/fr\/wp-json\/wp\/v2\/product_cat?post=97761"},{"taxonomy":"product_tag","embeddable":true,"href":"https:\/\/www.smartystore.it\/fr\/wp-json\/wp\/v2\/product_tag?post=97761"}],"curies":[{"name":"wp","href":"https:\/\/api.w.org\/{rel}","templated":true}]}}