{"id":97712,"date":"2022-03-16T17:35:50","date_gmt":"2022-03-16T15:35:50","guid":{"rendered":"https:\/\/www.smartystore.it\/prodotto\/panneau-dinformation-exterieur\/"},"modified":"2026-02-19T18:09:31","modified_gmt":"2026-02-19T16:09:31","slug":"panneau-dinformation-exterieur","status":"publish","type":"product","link":"https:\/\/www.smartystore.it\/fr\/prodotto\/panneau-dinformation-exterieur\/","title":{"rendered":"Panneau d&rsquo;information ext\u00e9rieur"},"content":{"rendered":"<h1>Panneau d&rsquo;information ext\u00e9rieur autoportant<\/h1>\n<p>Panneau d&rsquo;information ext\u00e9rieur plac\u00e9 sur une paire de montants en aluminium de deux m\u00e8tres de haut.<\/p>\n<p>Id\u00e9al pour afficher des communications ou de la publicit\u00e9 dans des environnements ext\u00e9rieurs, il se compose d&rsquo;une paire de montants en aluminium anodis\u00e9 de couleur argent\u00e9e, munis d&#8217;embouts en haut. Les montants sont \u00e9quip\u00e9s de deux plaques carr\u00e9es de 25&#215;25 cm, d\u00e9j\u00e0 pourvues de quatre trous pour la fixation et l&rsquo;ancrage des montants au sol.<\/p>\n<h2>Panneau d&rsquo;information ext\u00e9rieur : trois tailles au choix<\/h2>\n<p>Les panneaux d&rsquo;affichage sont disponibles en trois tailles : mm. 1000&#215;1000 &#8211; mm. 1500&#215;1000 mm &#8211; mm. 2000&#215;1000 et sont compos\u00e9s de deux fonds en t\u00f4le blanche 10\/10 avec un noyau en forex de 5 mm.<\/p>\n<h3>CARACT\u00c9RISTIQUES:<\/h3>\n<ul>\n<li>Dimensions du m\u00e2t : H 2000 mm &#8211; 70 mm (section ovale)<\/li>\n<li>Dimensions des plaques de montage au sol : 250&#215;250 mm avec 4 trous de 3 mm.<\/li>\n<li>Peut \u00eatre utilis\u00e9 en version simple ou double face.<\/li>\n<li>L&rsquo;impression est fournie sur demande et se fait sur un adh\u00e9sif de longue dur\u00e9e lamin\u00e9 avec un film protecteur transparent et mat.<\/li>\n<li>D\u00e9lai de livraison : 3\/4 jours ouvrables.<\/li>\n<\/ul>\n<p>&nbsp;<\/p>\n<table style=\"height: 96px; width: 54.0189%; border-collapse: collapse; border-style: solid; border-color: #000000;\" border=\"1\">\n<tbody>\n<tr style=\"height: 24px;\">\n<td style=\"width: 10.0856%; height: 24px; text-align: center;\"><strong>CODE <\/strong><\/td>\n<td style=\"width: 23.8707%; height: 24px; text-align: center;\"><strong>DIMENSIONS DU PANNEAU<\/strong><\/td>\n<td style=\"width: 20.5839%; height: 24px; text-align: center;\"><strong>DIMENSIONS DES MONTANTS<\/strong><\/td>\n<\/tr>\n<tr style=\"height: 24px;\">\n<td style=\"width: 10.0856%; height: 24px;\"><strong>STR-PAN01<\/strong><\/td>\n<td style=\"width: 23.8707%; height: 24px; text-align: center;\">1000&#215;1000 mm.<\/td>\n<td style=\"width: 20.5839%; height: 24px; text-align: center;\">2000 mm.<\/td>\n<\/tr>\n<tr style=\"height: 24px;\">\n<td style=\"width: 10.0856%; height: 24px;\"><strong>STR-PAN02<\/strong><\/td>\n<td style=\"width: 23.8707%; height: 24px; text-align: center;\">1500&#215;1000 mm.<\/td>\n<td style=\"width: 20.5839%; height: 24px; text-align: center;\">2000 mm.<\/td>\n<\/tr>\n<tr style=\"height: 24px;\">\n<td style=\"width: 10.0856%; height: 24px;\"><strong>STR-PAN03<\/strong><\/td>\n<td style=\"width: 23.8707%; height: 24px; text-align: center;\">2000&#215;1000 mm.<\/td>\n<td style=\"width: 20.5839%; height: 24px; text-align: center;\">2000 mm.<\/td>\n<\/tr>\n<\/tbody>\n<\/table>\n<p><span style=\"color: #993300;\"><strong>POUR LE FICHIER GRAPHIQUE : cr\u00e9ez le fichier de la taille de panneau souhait\u00e9e (\u00e9chelle 1:1) avec les textes convertis en trac\u00e9s, apr\u00e8s avoir sauvegard\u00e9 le fichier en format PDF (r\u00e9solution minimale de 200 dpi), envoyez le document \u00e0 l&rsquo;adresse \u00e9lectronique suivante<\/strong><\/span><strong> <a href=\"mailto:grafica@smartystore.it\">grafica@smartystore.it<\/a> <\/strong><span style=\"color: #993300;\"><strong>en mentionnant le num\u00e9ro de commande.<\/strong><\/span><\/p>\n<p>&nbsp;<\/p>\n<p><a href=\"https:\/\/www.smartystore.it\/v25\/wp-content\/uploads\/2022\/03\/STR-PAN01-02-03.pdf\" target=\"_blank\" rel=\"noopener\"><img loading=\"lazy\" decoding=\"async\" class=\"alignnone size-full wp-image-93510\" src=\"https:\/\/www.smartystore.it\/v25\/wp-content\/uploads\/2014\/10\/SchedaTecnica-300-e1750084266903.png\" alt=\"\" width=\"249\" height=\"63\" \/><\/a><\/p>\n<p>&nbsp;<\/p>\n<p><strong>SERVICES DE GRAPHISME ET D&rsquo;IMPRESSION<\/strong><\/p>\n<p>Smarty Store peut fournir des services de mise en page et\/ou d&rsquo;impression.<\/p>\n<p>Si le service d&rsquo;impression seule est demand\u00e9, le client doit envoyer le fichier d&rsquo;impression au format PDF. Les graphiques seront imprim\u00e9s tels qu&rsquo;ils sont re\u00e7us dans le fichier.<\/p>\n<p>Si un service de mise en page est demand\u00e9, notre organisation contactera le client par t\u00e9l\u00e9phone pour obtenir les informations n\u00e9cessaires. La mise en page graphique exclut les images, qui doivent \u00eatre fournies par le client ou faire l&rsquo;objet d&rsquo;un devis s\u00e9par\u00e9.<br \/>\nLe client recevra la proposition graphique au format PDF pour approbation.<\/p>\n<p><strong>ATTENTION :<\/strong><br \/>\nLes couleurs affich\u00e9es peuvent varier d&rsquo;un \u00e9cran \u00e0 l&rsquo;autre. Pour les couleurs d&rsquo;impression, vous devez toujours vous r\u00e9f\u00e9rer \u00e0 l&rsquo;\u00e9chelle Pantone.<br \/>\nSmarty Store d\u00e9cline toute responsabilit\u00e9 en cas de couleurs v\u00e9rifi\u00e9es par le client uniquement sur son propre moniteur.<\/p>\n","protected":false},"excerpt":{"rendered":"<p>Panneau d&rsquo;information ext\u00e9rieur sur une paire de montants. Disponible en 3 tailles<\/p>\n","protected":false},"featured_media":97714,"comment_status":"open","ping_status":"closed","template":"","meta":{"_acf_changed":false},"pwb-brand":[],"product_brand":[],"product_cat":[3013,3672,3670],"product_tag":[6496,6498,6497,6499],"class_list":{"0":"post-97712","1":"product","2":"type-product","3":"status-publish","4":"has-post-thumbnail","6":"product_cat-porte-affiche-au-sol","7":"product_cat-signalisation-commerciale","8":"product_cat-signalisation-dentreprise","9":"product_tag-panneau-dinformation","10":"product_tag-panneau-dinformation-autoportant","11":"product_tag-panneau-dinformation-exterieur","12":"product_tag-panneau-dinformation-exterieur-sur-les-montants","13":"pa_c2c_base-base-carree","14":"pa_c2c_color-argent","15":"pa_c2c_color-blanc","16":"pa_c2c_dimensione-mm-1000x1000","17":"pa_c2c_dimensione-mm-1500x1000","18":"pa_c2c_dimensione-mm-2000x1000","19":"pa_c2c_grafica-non","20":"pa_c2c_grafica-oui","21":"pa_c2c_mono_bifacciale-double-face","22":"pa_c2c_mono_bifacciale-simple-face","23":"pa_c2c_montanti-h-200-cm","24":"pa_c2c_stampa-1-cote","25":"pa_c2c_stampa-2-faces","26":"pa_c2c_stampa-non","27":"pa_c2c_trovraprezzi-oui","29":"first","30":"instock","31":"taxable","32":"shipping-taxable","33":"purchasable","34":"product-type-variable"},"acf":[],"yoast_head":"<!-- This site is optimized with the Yoast SEO plugin v27.4 - https:\/\/yoast.com\/product\/yoast-seo-wordpress\/ -->\n<title>Panneau d&#039;information ext\u00e9rieur - Au Meilleur Prix<\/title>\n<meta name=\"description\" content=\"Panneau d&#039;information ext\u00e9rieur sur une paire de montants de 2 m\u00e8tres de haut avec plaques de fixation. Les panneaux sont disponibles en trois tailles.\" \/>\n<meta name=\"robots\" content=\"index, follow, max-snippet:-1, max-image-preview:large, max-video-preview:-1\" \/>\n<link rel=\"canonical\" href=\"https:\/\/www.smartystore.it\/fr\/prodotto\/panneau-dinformation-exterieur\/\" \/>\n<meta property=\"og:locale\" content=\"fr_FR\" \/>\n<meta property=\"og:type\" content=\"article\" \/>\n<meta property=\"og:title\" content=\"Panneau d&#039;information ext\u00e9rieur - Au Meilleur Prix\" \/>\n<meta property=\"og:description\" content=\"Panneau d&#039;information ext\u00e9rieur sur une paire de montants de 2 m\u00e8tres de haut avec plaques de fixation. Les panneaux sont disponibles en trois tailles.\" \/>\n<meta property=\"og:url\" content=\"https:\/\/www.smartystore.it\/fr\/prodotto\/panneau-dinformation-exterieur\/\" \/>\n<meta property=\"og:site_name\" content=\"Smarty Store\" \/>\n<meta property=\"article:modified_time\" content=\"2026-02-19T16:09:31+00:00\" \/>\n<meta property=\"og:image\" content=\"https:\/\/www.smartystore.it\/v25\/wp-content\/uploads\/2022\/03\/Pannello-informativo-da-esterno-su-coppia-di-montanti-200cm-disponibile-in-tre-dimensioni.jpg\" \/>\n\t<meta property=\"og:image:width\" content=\"1000\" \/>\n\t<meta property=\"og:image:height\" content=\"1000\" \/>\n\t<meta property=\"og:image:type\" content=\"image\/jpeg\" \/>\n<meta name=\"twitter:card\" content=\"summary_large_image\" \/>\n<meta name=\"twitter:label1\" content=\"Dur\u00e9e de lecture estim\u00e9e\" \/>\n\t<meta name=\"twitter:data1\" content=\"3 minutes\" \/>\n<script type=\"application\/ld+json\" class=\"yoast-schema-graph\">{\"@context\":\"https:\\\/\\\/schema.org\",\"@graph\":[{\"@type\":\"WebPage\",\"@id\":\"https:\\\/\\\/www.smartystore.it\\\/fr\\\/prodotto\\\/panneau-dinformation-exterieur\\\/\",\"url\":\"https:\\\/\\\/www.smartystore.it\\\/fr\\\/prodotto\\\/panneau-dinformation-exterieur\\\/\",\"name\":\"Panneau d'information ext\u00e9rieur - Au Meilleur Prix\",\"isPartOf\":{\"@id\":\"https:\\\/\\\/www.smartystore.it\\\/fr\\\/#website\"},\"primaryImageOfPage\":{\"@id\":\"https:\\\/\\\/www.smartystore.it\\\/fr\\\/prodotto\\\/panneau-dinformation-exterieur\\\/#primaryimage\"},\"image\":{\"@id\":\"https:\\\/\\\/www.smartystore.it\\\/fr\\\/prodotto\\\/panneau-dinformation-exterieur\\\/#primaryimage\"},\"thumbnailUrl\":\"https:\\\/\\\/www.smartystore.it\\\/v25\\\/wp-content\\\/uploads\\\/2022\\\/03\\\/Pannello-informativo-da-esterno-su-coppia-di-montanti-200cm-disponibile-in-tre-dimensioni.jpg\",\"datePublished\":\"2022-03-16T15:35:50+00:00\",\"dateModified\":\"2026-02-19T16:09:31+00:00\",\"description\":\"Panneau d'information ext\u00e9rieur sur une paire de montants de 2 m\u00e8tres de haut avec plaques de fixation. Les panneaux sont disponibles en trois tailles.\",\"breadcrumb\":{\"@id\":\"https:\\\/\\\/www.smartystore.it\\\/fr\\\/prodotto\\\/panneau-dinformation-exterieur\\\/#breadcrumb\"},\"inLanguage\":\"fr-FR\",\"potentialAction\":[{\"@type\":\"ReadAction\",\"target\":[\"https:\\\/\\\/www.smartystore.it\\\/fr\\\/prodotto\\\/panneau-dinformation-exterieur\\\/\"]}]},{\"@type\":\"ImageObject\",\"inLanguage\":\"fr-FR\",\"@id\":\"https:\\\/\\\/www.smartystore.it\\\/fr\\\/prodotto\\\/panneau-dinformation-exterieur\\\/#primaryimage\",\"url\":\"https:\\\/\\\/www.smartystore.it\\\/v25\\\/wp-content\\\/uploads\\\/2022\\\/03\\\/Pannello-informativo-da-esterno-su-coppia-di-montanti-200cm-disponibile-in-tre-dimensioni.jpg\",\"contentUrl\":\"https:\\\/\\\/www.smartystore.it\\\/v25\\\/wp-content\\\/uploads\\\/2022\\\/03\\\/Pannello-informativo-da-esterno-su-coppia-di-montanti-200cm-disponibile-in-tre-dimensioni.jpg\",\"width\":1000,\"height\":1000,\"caption\":\"Panneau d'information ext\u00e9rieur autoportant\"},{\"@type\":\"BreadcrumbList\",\"@id\":\"https:\\\/\\\/www.smartystore.it\\\/fr\\\/prodotto\\\/panneau-dinformation-exterieur\\\/#breadcrumb\",\"itemListElement\":[{\"@type\":\"ListItem\",\"position\":1,\"name\":\"Home\",\"item\":\"https:\\\/\\\/www.smartystore.it\\\/fr\\\/\"},{\"@type\":\"ListItem\",\"position\":2,\"name\":\"Boutique\",\"item\":\"https:\\\/\\\/www.smartystore.it\\\/fr\\\/boutique\\\/\"},{\"@type\":\"ListItem\",\"position\":3,\"name\":\"Panneau d&rsquo;information ext\u00e9rieur\"}]},{\"@type\":\"WebSite\",\"@id\":\"https:\\\/\\\/www.smartystore.it\\\/fr\\\/#website\",\"url\":\"https:\\\/\\\/www.smartystore.it\\\/fr\\\/\",\"name\":\"Smarty Store\",\"description\":\"Espositori Pubblicitari e Sistemi di Comunicazione Visiva\",\"potentialAction\":[{\"@type\":\"SearchAction\",\"target\":{\"@type\":\"EntryPoint\",\"urlTemplate\":\"https:\\\/\\\/www.smartystore.it\\\/fr\\\/?s={search_term_string}\"},\"query-input\":{\"@type\":\"PropertyValueSpecification\",\"valueRequired\":true,\"valueName\":\"search_term_string\"}}],\"inLanguage\":\"fr-FR\"}]}<\/script>\n<!-- \/ Yoast SEO plugin. -->","yoast_head_json":{"title":"Panneau d'information ext\u00e9rieur - Au Meilleur Prix","description":"Panneau d'information ext\u00e9rieur sur une paire de montants de 2 m\u00e8tres de haut avec plaques de fixation. Les panneaux sont disponibles en trois tailles.","robots":{"index":"index","follow":"follow","max-snippet":"max-snippet:-1","max-image-preview":"max-image-preview:large","max-video-preview":"max-video-preview:-1"},"canonical":"https:\/\/www.smartystore.it\/fr\/prodotto\/panneau-dinformation-exterieur\/","og_locale":"fr_FR","og_type":"article","og_title":"Panneau d'information ext\u00e9rieur - Au Meilleur Prix","og_description":"Panneau d'information ext\u00e9rieur sur une paire de montants de 2 m\u00e8tres de haut avec plaques de fixation. Les panneaux sont disponibles en trois tailles.","og_url":"https:\/\/www.smartystore.it\/fr\/prodotto\/panneau-dinformation-exterieur\/","og_site_name":"Smarty Store","article_modified_time":"2026-02-19T16:09:31+00:00","og_image":[{"width":1000,"height":1000,"url":"https:\/\/www.smartystore.it\/v25\/wp-content\/uploads\/2022\/03\/Pannello-informativo-da-esterno-su-coppia-di-montanti-200cm-disponibile-in-tre-dimensioni.jpg","type":"image\/jpeg"}],"twitter_card":"summary_large_image","twitter_misc":{"Dur\u00e9e de lecture estim\u00e9e":"3 minutes"},"schema":{"@context":"https:\/\/schema.org","@graph":[{"@type":"WebPage","@id":"https:\/\/www.smartystore.it\/fr\/prodotto\/panneau-dinformation-exterieur\/","url":"https:\/\/www.smartystore.it\/fr\/prodotto\/panneau-dinformation-exterieur\/","name":"Panneau d'information ext\u00e9rieur - Au Meilleur Prix","isPartOf":{"@id":"https:\/\/www.smartystore.it\/fr\/#website"},"primaryImageOfPage":{"@id":"https:\/\/www.smartystore.it\/fr\/prodotto\/panneau-dinformation-exterieur\/#primaryimage"},"image":{"@id":"https:\/\/www.smartystore.it\/fr\/prodotto\/panneau-dinformation-exterieur\/#primaryimage"},"thumbnailUrl":"https:\/\/www.smartystore.it\/v25\/wp-content\/uploads\/2022\/03\/Pannello-informativo-da-esterno-su-coppia-di-montanti-200cm-disponibile-in-tre-dimensioni.jpg","datePublished":"2022-03-16T15:35:50+00:00","dateModified":"2026-02-19T16:09:31+00:00","description":"Panneau d'information ext\u00e9rieur sur une paire de montants de 2 m\u00e8tres de haut avec plaques de fixation. Les panneaux sont disponibles en trois tailles.","breadcrumb":{"@id":"https:\/\/www.smartystore.it\/fr\/prodotto\/panneau-dinformation-exterieur\/#breadcrumb"},"inLanguage":"fr-FR","potentialAction":[{"@type":"ReadAction","target":["https:\/\/www.smartystore.it\/fr\/prodotto\/panneau-dinformation-exterieur\/"]}]},{"@type":"ImageObject","inLanguage":"fr-FR","@id":"https:\/\/www.smartystore.it\/fr\/prodotto\/panneau-dinformation-exterieur\/#primaryimage","url":"https:\/\/www.smartystore.it\/v25\/wp-content\/uploads\/2022\/03\/Pannello-informativo-da-esterno-su-coppia-di-montanti-200cm-disponibile-in-tre-dimensioni.jpg","contentUrl":"https:\/\/www.smartystore.it\/v25\/wp-content\/uploads\/2022\/03\/Pannello-informativo-da-esterno-su-coppia-di-montanti-200cm-disponibile-in-tre-dimensioni.jpg","width":1000,"height":1000,"caption":"Panneau d'information ext\u00e9rieur autoportant"},{"@type":"BreadcrumbList","@id":"https:\/\/www.smartystore.it\/fr\/prodotto\/panneau-dinformation-exterieur\/#breadcrumb","itemListElement":[{"@type":"ListItem","position":1,"name":"Home","item":"https:\/\/www.smartystore.it\/fr\/"},{"@type":"ListItem","position":2,"name":"Boutique","item":"https:\/\/www.smartystore.it\/fr\/boutique\/"},{"@type":"ListItem","position":3,"name":"Panneau d&rsquo;information ext\u00e9rieur"}]},{"@type":"WebSite","@id":"https:\/\/www.smartystore.it\/fr\/#website","url":"https:\/\/www.smartystore.it\/fr\/","name":"Smarty Store","description":"Espositori Pubblicitari e Sistemi di Comunicazione Visiva","potentialAction":[{"@type":"SearchAction","target":{"@type":"EntryPoint","urlTemplate":"https:\/\/www.smartystore.it\/fr\/?s={search_term_string}"},"query-input":{"@type":"PropertyValueSpecification","valueRequired":true,"valueName":"search_term_string"}}],"inLanguage":"fr-FR"}]}},"brands":[],"_links":{"self":[{"href":"https:\/\/www.smartystore.it\/fr\/wp-json\/wp\/v2\/product\/97712","targetHints":{"allow":["GET"]}}],"collection":[{"href":"https:\/\/www.smartystore.it\/fr\/wp-json\/wp\/v2\/product"}],"about":[{"href":"https:\/\/www.smartystore.it\/fr\/wp-json\/wp\/v2\/types\/product"}],"replies":[{"embeddable":true,"href":"https:\/\/www.smartystore.it\/fr\/wp-json\/wp\/v2\/comments?post=97712"}],"wp:featuredmedia":[{"embeddable":true,"href":"https:\/\/www.smartystore.it\/fr\/wp-json\/wp\/v2\/media\/97714"}],"wp:attachment":[{"href":"https:\/\/www.smartystore.it\/fr\/wp-json\/wp\/v2\/media?parent=97712"}],"wp:term":[{"taxonomy":"pwb-brand","embeddable":true,"href":"https:\/\/www.smartystore.it\/fr\/wp-json\/wp\/v2\/pwb-brand?post=97712"},{"taxonomy":"product_brand","embeddable":true,"href":"https:\/\/www.smartystore.it\/fr\/wp-json\/wp\/v2\/product_brand?post=97712"},{"taxonomy":"product_cat","embeddable":true,"href":"https:\/\/www.smartystore.it\/fr\/wp-json\/wp\/v2\/product_cat?post=97712"},{"taxonomy":"product_tag","embeddable":true,"href":"https:\/\/www.smartystore.it\/fr\/wp-json\/wp\/v2\/product_tag?post=97712"}],"curies":[{"name":"wp","href":"https:\/\/api.w.org\/{rel}","templated":true}]}}