{"id":97352,"date":"2013-07-20T17:06:16","date_gmt":"2013-07-20T17:06:16","guid":{"rendered":"https:\/\/www.smartystore.it\/prodotto\/cadre-dencliquetage-mural-avec-eclairage-led\/"},"modified":"2026-04-20T14:18:06","modified_gmt":"2026-04-20T12:18:06","slug":"cadre-dencliquetage-mural-avec-eclairage-led","status":"publish","type":"product","link":"https:\/\/www.smartystore.it\/fr\/prodotto\/cadre-dencliquetage-mural-avec-eclairage-led\/","title":{"rendered":"Cadre encliquetable avec \u00e9clairage LED"},"content":{"rendered":"<div class=\"wpb-content-wrapper\"><p>[vc_row][vc_column][vc_column_text css=\u00a0\u00bb\u00a0\u00bb css_params=\u00a0\u00bb\u00a0\u00bb]<\/p>\n<h1>Cadre encliquetable avec \u00e9clairage LED : esth\u00e9tique et fonctionnalit\u00e9 pour votre entreprise<\/h1>\n<p>Notre cadre encliquetable avec \u00e9clairage LED est une solution innovante et pratique pour communiquer efficacement des informations essentielles, tant \u00e0 l&rsquo;int\u00e9rieur qu&rsquo;\u00e0 l&rsquo;ext\u00e9rieur de votre entreprise. Ce tableau d&rsquo;affichage mural est con\u00e7u pour une visibilit\u00e9 optimale, vous permettant d&rsquo;afficher des messages, des menus ou des promotions de mani\u00e8re accrocheuse et professionnelle. <\/p>\n<p>Imaginez que vous teniez un restaurant et que vous souhaitiez pr\u00e9senter votre menu de mani\u00e8re \u00e0 ce que les passants puissent le lire facilement, m\u00eame le soir. Gr\u00e2ce au r\u00e9tro\u00e9clairage LED, vos clients pourront voir clairement les plats propos\u00e9s, ce qui stimulera leur curiosit\u00e9 et les incitera \u00e0 franchir le seuil de votre restaurant. L&rsquo;\u00e9clairage LED rend non seulement votre contenu plus visible, mais conf\u00e8re \u00e9galement une touche de modernit\u00e9 et d&rsquo;\u00e9l\u00e9gance \u00e0 votre espace.  <\/p>\n<h2>Cadre photo avec \u00e9clairage LED : de nombreux formats pour tous les besoins<\/h2>\n<p>Nos cadres sont disponibles dans de nombreuses tailles, du petit format A4 au grand format 100&#215;140, en passant par les formats <strong>70&#215;100 et 100&#215;140<\/strong> cm. Ils sont \u00e9galement disponibles en version <strong>double face<\/strong>, id\u00e9ale pour les affichages qui n\u00e9cessitent une visibilit\u00e9 des deux c\u00f4t\u00e9s. Cette approche polyvalente vous permet d&rsquo;adapter le cadre aux besoins sp\u00e9cifiques de votre entreprise et de maximiser l&rsquo;impact visuel, m\u00eame dans les zones tr\u00e8s fr\u00e9quent\u00e9es. <\/p>\n<p>L&rsquo;un des points forts de notre solution reste l&rsquo;efficacit\u00e9 \u00e9nerg\u00e9tique. Le syst\u00e8me LED permet de r\u00e9aliser d&rsquo;importantes \u00e9conomies d&rsquo;\u00e9nergie, puisqu&rsquo;il consomme environ 70 % d&rsquo;\u00e9nergie en moins que les cadres lumineux conventionnels. Outre la garantie d&rsquo;une luminosit\u00e9 uniforme, cela permet \u00e9galement de r\u00e9duire les co\u00fbts d&rsquo;exploitation globaux, ce qui fait de notre cadre un choix respectueux de l&rsquo;environnement.  <\/p>\n<p>En r\u00e9sum\u00e9, le cadre snap avec \u00e9clairage LED de Smartystore est une solution id\u00e9ale pour ceux qui souhaitent combiner esth\u00e9tique et fonctionnalit\u00e9, en utilisant au mieux la communication visuelle dans leur entreprise. Il est disponible dans de nombreux formats \u00e0 des prix tr\u00e8s comp\u00e9titifs. Choisissez de vous d\u00e9marquer et d&rsquo;attirer l&rsquo;attention avec un produit de haute qualit\u00e9 et performance ! <\/p>\n<h3><\/h3>\n<h3>CARACT\u00c9RISTIQUES<\/h3>\n<ul>\n<li>Ouverture par pression pour un changement facile du contenu.<\/li>\n<li>Conception ultra-mince avec une \u00e9paisseur de seulement 2,7 cm.<\/li>\n<li>\u00c9l\u00e9gant profil de cadre de 3 cm.<\/li>\n<li>Protection PVC antireflet pour une visibilit\u00e9 impeccable.<\/li>\n<li>Les c\u00e2bles \u00e9lectriques et le bloc d&rsquo;alimentation sont inclus pour une installation rapide.<\/li>\n<li>Couleur LED 5000K pour les cadres jusqu&rsquo;au format 50&#215;70 cm<\/li>\n<li>LED couleur 6500K pour les cadres de format 70&#215;100 cm et 100&#215;140 cm.<\/li>\n<li>Certification CE compl\u00e8te.<\/li>\n<\/ul>\n<p>&nbsp;<\/p>\n<p>Disponible en plusieurs formats :<\/p>\n<table style=\"background-color: #ffffff; width: 90.0622%; height: 312px; border: 2px solid #817e80;\" border=\"2\">\n<tbody>\n<tr style=\"height: 48px;\">\n<td style=\"width: 24.8826%; height: 48px;\"><strong>CODE PRODUIT<\/strong><\/td>\n<td style=\"width: 11.7371%; text-align: center; height: 48px;\"><strong>F.VERS L&rsquo;AFFICHE<\/strong><\/td>\n<td style=\"width: 12.989%; text-align: center; height: 48px;\"><strong>F.AU VISIBLE<\/strong><\/td>\n<td style=\"width: 16.6847%; text-align: center; height: 48px;\"><strong>TAILLE DU CADRE<\/strong><\/td>\n<td style=\"width: 13.1389%; text-align: center; height: 48px;\"><strong>LED POWER<\/strong><\/td>\n<td style=\"width: 10.826%; text-align: center; height: 48px;\"><strong>POIDS DU CADRE<\/strong><\/td>\n<td style=\"width: 76.9085%; height: 48px;\"><strong> <\/strong><\/td>\n<\/tr>\n<tr style=\"height: 24px;\">\n<td style=\"width: 24.8826%; height: 24px;\"><strong>STR-LEDLITE01\/S<\/strong><\/td>\n<td style=\"text-align: center; width: 11.7371%; height: 24px;\">A4<\/td>\n<td style=\"text-align: center; width: 12.989%; height: 24px;\">198&#215;285 mm<\/td>\n<td style=\"text-align: center; width: 16.6847%; height: 24px;\">252&#215;339 mm<\/td>\n<td style=\"text-align: center; width: 13.1389%; height: 24px;\">12W<\/td>\n<td style=\"text-align: center; width: 10.826%; height: 24px;\">1,3 kg<\/td>\n<td style=\"text-align: center; width: 76.9085%; height: 24px;\"><\/td>\n<\/tr>\n<tr style=\"height: 24px;\">\n<td style=\"width: 24.8826%; height: 24px;\"><strong>STR-LEDLITE02\/S<\/strong><\/td>\n<td style=\"text-align: center; width: 11.7371%; height: 24px;\">A3<\/td>\n<td style=\"text-align: center; width: 12.989%; height: 24px;\">285&#215;408 mm<\/td>\n<td style=\"text-align: center; width: 16.6847%; height: 24px;\">339&#215;462 mm<\/td>\n<td style=\"text-align: center; width: 13.1389%; height: 24px;\">12W<\/td>\n<td style=\"text-align: center; width: 10.826%; height: 24px;\">2.0 Kg<\/td>\n<td style=\"text-align: center; width: 76.9085%; height: 24px;\"><\/td>\n<\/tr>\n<tr style=\"height: 24px;\">\n<td style=\"width: 24.8826%; height: 24px;\"><strong>STR-LEDLITE03\/S<\/strong><\/td>\n<td style=\"text-align: center; width: 11.7371%; height: 24px;\">A2<\/td>\n<td style=\"text-align: center; width: 12.989%; height: 24px;\">408&#215;582 mm<\/td>\n<td style=\"text-align: center; width: 16.6847%; height: 24px;\">462&#215;636 mm<\/td>\n<td style=\"text-align: center; width: 13.1389%; height: 24px;\">24W<\/td>\n<td style=\"text-align: center; width: 10.826%; height: 24px;\">3,3 kg<\/td>\n<td style=\"text-align: center; width: 76.9085%; height: 24px;\"><\/td>\n<\/tr>\n<tr style=\"height: 24px;\">\n<td style=\"width: 24.8826%; height: 24px;\"><strong>STR-LEDLITE04\/S<\/strong><\/td>\n<td style=\"text-align: center; width: 11.7371%; height: 24px;\">A1<\/td>\n<td style=\"text-align: center; width: 12.989%; height: 24px;\">582&#215;829 mm<\/td>\n<td style=\"text-align: center; width: 16.6847%; height: 24px;\">636&#215;883 mm<\/td>\n<td style=\"text-align: center; width: 13.1389%; height: 24px;\">24W<\/td>\n<td style=\"text-align: center; width: 10.826%; height: 24px;\">5.5 Kg<\/td>\n<td style=\"text-align: center; width: 76.9085%; height: 24px;\"><\/td>\n<\/tr>\n<tr style=\"height: 24px;\">\n<td style=\"width: 24.8826%; height: 24px;\"><strong>STR-LEDLITE06\/S<\/strong><\/td>\n<td style=\"text-align: center; width: 11.7371%; height: 24px;\">50&#215;70<\/td>\n<td style=\"text-align: center; width: 12.989%; height: 24px;\">488&#215;688 mm<\/td>\n<td style=\"text-align: center; width: 16.6847%; height: 24px;\">542&#215;742 mm<\/td>\n<td style=\"text-align: center; width: 13.1389%; height: 24px;\">24W<\/td>\n<td style=\"text-align: center; width: 10.826%; height: 24px;\">4.20 Kg<\/td>\n<td style=\"text-align: center; width: 76.9085%; height: 24px;\"><\/td>\n<\/tr>\n<tr style=\"height: 24px;\">\n<td style=\"width: 24.8826%; height: 24px;\"><strong>STR-LEDLITE70x100<\/strong><\/td>\n<td style=\"text-align: center; width: 11.7371%; height: 24px;\">70&#215;100<\/td>\n<td style=\"text-align: center; width: 12.989%; height: 24px;\">680&#215;980 mm<\/td>\n<td style=\"text-align: center; width: 16.6847%; height: 24px;\">735&#215;1030 mm<\/td>\n<td style=\"text-align: center; width: 13.1389%; height: 24px;\">36W<\/td>\n<td style=\"text-align: center; width: 10.826%; height: 24px;\">7.10 Kg<\/td>\n<td style=\"text-align: center; width: 76.9085%; height: 24px;\"><\/td>\n<\/tr>\n<tr style=\"height: 96px;\">\n<td style=\"width: 24.8826%; height: 96px;\"><strong>STR-LEDLITE70x100\/BIF<\/strong><\/td>\n<td style=\"text-align: center; width: 11.7371%; height: 96px;\">(2x)70&#215;100<\/td>\n<td style=\"text-align: center; width: 12.989%; height: 96px;\">680&#215;980 mm<\/td>\n<td style=\"text-align: center; width: 16.6847%; height: 96px;\">735&#215;1030 mm<\/td>\n<td style=\"text-align: center; width: 13.1389%; height: 96px;\">36W<\/td>\n<td style=\"text-align: center; width: 10.826%; height: 96px;\">13,80 kg<\/td>\n<td style=\"text-align: center; width: 76.9085%; height: 96px;\">mod\u00e8le suspendu double face avec c\u00e2bles inclus<\/td>\n<\/tr>\n<tr style=\"height: 96px;\">\n<td style=\"width: 24.8826%; height: 96px;\"><strong>STR-LEDLITE100x70\/BIF<\/strong><\/td>\n<td style=\"text-align: center; width: 11.7371%; height: 96px;\">(2x)100&#215;70<\/td>\n<td style=\"text-align: center; width: 12.989%; height: 96px;\">980&#215;680 mm<\/td>\n<td style=\"text-align: center; width: 16.6847%; height: 96px;\">1030&#215;735 mm<\/td>\n<td style=\"text-align: center; width: 13.1389%; height: 96px;\">36W<\/td>\n<td style=\"text-align: center; width: 10.826%; height: 96px;\">13,80 kg<\/td>\n<td style=\"text-align: center; width: 76.9085%; height: 96px;\">mod\u00e8le suspendu double face avec c\u00e2bles inclus<\/td>\n<\/tr>\n<tr style=\"height: 24px;\">\n<td style=\"width: 24.8826%; height: 24px;\"><strong>STR-LEDLITE100x140<\/strong><\/td>\n<td style=\"text-align: center; width: 11.7371%; height: 24px;\">100&#215;140<\/td>\n<td style=\"text-align: center; width: 12.989%; height: 24px;\">981&#215;1381 mm<\/td>\n<td style=\"text-align: center; width: 16.6847%; height: 24px;\">1436&#215;1037 mm<\/td>\n<td style=\"text-align: center; width: 13.1389%; height: 24px;\">60W<\/td>\n<td style=\"text-align: center; width: 10.826%; height: 24px;\">11.20 Kg<\/td>\n<td style=\"text-align: center; width: 76.9085%; height: 24px;\"><\/td>\n<\/tr>\n<tr style=\"height: 96px;\">\n<td style=\"width: 24.8826%; height: 96px;\"><strong>STR-LEDLITE140x100\/BIF<\/strong><\/td>\n<td style=\"text-align: center; width: 11.7371%; height: 96px;\">(2x)140&#215;100<\/td>\n<td style=\"text-align: center; width: 12.989%; height: 96px;\">1381&#215;981 mm<\/td>\n<td style=\"text-align: center; width: 16.6847%; height: 96px;\">1037&#215;1436 mm<\/td>\n<td style=\"text-align: center; width: 13.1389%; height: 96px;\">60W<\/td>\n<td style=\"text-align: center; width: 10.826%; height: 96px;\">15.00 Kg<\/td>\n<td style=\"text-align: center; width: 76.9085%; height: 96px;\">mod\u00e8le suspendu double face avec c\u00e2bles inclus<\/td>\n<\/tr>\n<tr>\n<td style=\"width: 24.8826%;\"><strong>STR-LEDLITE100x140\/BIF<\/strong><\/td>\n<td style=\"text-align: center; width: 11.7371%;\">(2x)100&#215;140<\/td>\n<td style=\"text-align: center; width: 12.989%;\">981&#215;1381 mm<\/td>\n<td style=\"text-align: center; width: 16.6847%;\">1436&#215;1037 mm<\/td>\n<td style=\"text-align: center; width: 13.1389%;\">60W<\/td>\n<td style=\"text-align: center; width: 10.826%;\">15.00 Kg<\/td>\n<td style=\"text-align: center; width: 76.9085%;\">mod\u00e8le suspendu double face avec c\u00e2bles inclus<\/td>\n<\/tr>\n<\/tbody>\n<\/table>\n<p>&nbsp;<\/p>\n<table class=\" alignleft\" style=\"width: 936px; border-collapse: collapse; border-style: double; border-color: #f7a500; height: 110px;\">\n<tbody>\n<tr>\n<td style=\"width: 100%;\"><strong><a href=\"https:\/\/www.smartystore.it\/v25\/wp-content\/uploads\/2024\/10\/STR-LEDLITE01S-02S-03S-04S-06S.pdf\" target=\"_blank\" rel=\"noopener\"><img loading=\"lazy\" decoding=\"async\" class=\"alignnone size-full wp-image-93672\" src=\"https:\/\/www.smartystore.it\/v25\/wp-content\/uploads\/2023\/11\/LogoDownload_yellow.jpg\" alt=\"\" width=\"50\" height=\"50\"><\/a>  FICHE TECHNIQUE POUR LES CADRES JUSQU&rsquo;A LA TAILLE 50&#215;70 CM.<\/strong><\/td>\n<\/tr>\n<tr>\n<td style=\"width: 100%;\"><strong><a href=\"https:\/\/www.smartystore.it\/v25\/wp-content\/uploads\/2024\/10\/STR-LEDLITE70x100-70x100BIF-100x140-100x140BIF.pdf\" target=\"_blank\" rel=\"noopener\"><img loading=\"lazy\" decoding=\"async\" class=\"alignnone size-full wp-image-93672\" src=\"https:\/\/www.smartystore.it\/v25\/wp-content\/uploads\/2023\/11\/LogoDownload_yellow.jpg\" alt=\"\" width=\"50\" height=\"50\"><\/a> <a href=\"https:\/\/www.smartystore.it\/v25\/wp-content\/uploads\/2024\/10\/STR-LEDLITE70x100-70x100BIF-100x140-100x140BIF.pdf\" target=\"_blank\" rel=\"noopener\">FICHE TECHNIQUE POUR LES CADRES DE TAILLE 70&#215;100 ET 100&#215;140 CM.<\/a><\/strong><\/td>\n<\/tr>\n<\/tbody>\n<\/table>\n<p>&nbsp;<\/p>\n<\/div>","protected":false},"excerpt":{"rendered":"<p>Cadres clipsables d&rsquo;int\u00e9rieur avec r\u00e9tro-\u00e9clairage par LED. Disponibles en diff\u00e9rents formats et en versions simple et double face pour les tailles 70&#215;100 cm et 100&#215;140 cm. <\/p>\n","protected":false},"featured_media":97351,"comment_status":"open","ping_status":"closed","template":"","meta":{"_acf_changed":false},"pwb-brand":[],"product_brand":[],"product_cat":[3008,2912,3006],"product_tag":[6362,6363,6357,6359,7255,6360,6358,6361,4797,4798],"class_list":{"0":"post-97352","1":"product","2":"type-product","3":"status-publish","4":"has-post-thumbnail","6":"product_cat-cadres-clic-clac","7":"product_cat-cadres-instantanes","8":"product_cat-cadres-lumineux","9":"product_tag-100x140-porte-messages-led-lumineux-double-face","10":"product_tag-cadre-eclaire-70x100-pour-messages-en-fenetre","11":"product_tag-cadre-encliquetable-avec-eclairage-led","12":"product_tag-cadre-led-double-face-pour-messages-lumineux","13":"product_tag-cadres-a-clipser-a-leds","14":"product_tag-cadres-a-pression-a4-brillants","15":"product_tag-cadres-lumineux-pour-les-messages","16":"product_tag-porte-message-lumineux-70x100","17":"product_tag-porte-message-lumineux-a-led","18":"product_tag-porte-message-lumineux-pour-vitrines","19":"pa_c2c_color-argent","20":"pa_c2c_dimensione-a1-60x84","21":"pa_c2c_dimensione-a2-42x60","22":"pa_c2c_dimensione-a3-30x42","23":"pa_c2c_dimensione-a4-21x29-7","24":"pa_c2c_dimensione-cm-100x140-recto","25":"pa_c2c_dimensione-cm-100x140-recto-verso","26":"pa_c2c_dimensione-cm-100x70-recto-verso","27":"pa_c2c_dimensione-cm-140x100-recto-verso","28":"pa_c2c_dimensione-cm-50x70-fr","29":"pa_c2c_dimensione-cm-70x100-recto","30":"pa_c2c_dimensione-cm-70x100-recto-verso","31":"pa_c2c_mono_bifacciale-double-face","32":"pa_c2c_mono_bifacciale-simple-face","33":"pa_c2c_trovraprezzi-oui","35":"first","36":"instock","37":"taxable","38":"shipping-taxable","39":"purchasable","40":"product-type-variable"},"acf":[],"yoast_head":"<!-- This site is optimized with the Yoast SEO plugin v27.4 - https:\/\/yoast.com\/product\/yoast-seo-wordpress\/ -->\n<title>Cadre encliquetable avec \u00e9clairage LED - Achetez au Meilleur Prix<\/title>\n<meta name=\"description\" content=\"Cadre encastrable mural avec \u00e9clairage LED. Exploitez le potentiel publicitaire des cadres encliquetables disponibles dans diff\u00e9rents formats.\" \/>\n<meta name=\"robots\" content=\"index, follow, max-snippet:-1, max-image-preview:large, max-video-preview:-1\" \/>\n<link rel=\"canonical\" href=\"https:\/\/www.smartystore.it\/fr\/prodotto\/cadre-dencliquetage-mural-avec-eclairage-led\/\" \/>\n<meta property=\"og:locale\" content=\"fr_FR\" \/>\n<meta property=\"og:type\" content=\"article\" \/>\n<meta property=\"og:title\" content=\"Cadre encliquetable avec \u00e9clairage LED - Achetez au Meilleur Prix\" \/>\n<meta property=\"og:description\" content=\"Cadre encastrable mural avec \u00e9clairage LED. Exploitez le potentiel publicitaire des cadres encliquetables disponibles dans diff\u00e9rents formats.\" \/>\n<meta property=\"og:url\" content=\"https:\/\/www.smartystore.it\/fr\/prodotto\/cadre-dencliquetage-mural-avec-eclairage-led\/\" \/>\n<meta property=\"og:site_name\" content=\"Smarty Store\" \/>\n<meta property=\"article:modified_time\" content=\"2026-04-20T12:18:06+00:00\" \/>\n<meta property=\"og:image\" content=\"https:\/\/www.smartystore.it\/v25\/wp-content\/uploads\/2013\/07\/Cornice-a-scatto-monofacciale-LED.jpg\" \/>\n\t<meta property=\"og:image:width\" content=\"1000\" \/>\n\t<meta property=\"og:image:height\" content=\"1000\" \/>\n\t<meta property=\"og:image:type\" content=\"image\/jpeg\" \/>\n<meta name=\"twitter:card\" content=\"summary_large_image\" \/>\n<meta name=\"twitter:label1\" content=\"Dur\u00e9e de lecture estim\u00e9e\" \/>\n\t<meta name=\"twitter:data1\" content=\"5 minutes\" \/>\n<script type=\"application\/ld+json\" class=\"yoast-schema-graph\">{\"@context\":\"https:\\\/\\\/schema.org\",\"@graph\":[{\"@type\":\"WebPage\",\"@id\":\"https:\\\/\\\/www.smartystore.it\\\/fr\\\/prodotto\\\/cadre-dencliquetage-mural-avec-eclairage-led\\\/\",\"url\":\"https:\\\/\\\/www.smartystore.it\\\/fr\\\/prodotto\\\/cadre-dencliquetage-mural-avec-eclairage-led\\\/\",\"name\":\"Cadre encliquetable avec \u00e9clairage LED - Achetez au Meilleur Prix\",\"isPartOf\":{\"@id\":\"https:\\\/\\\/www.smartystore.it\\\/fr\\\/#website\"},\"primaryImageOfPage\":{\"@id\":\"https:\\\/\\\/www.smartystore.it\\\/fr\\\/prodotto\\\/cadre-dencliquetage-mural-avec-eclairage-led\\\/#primaryimage\"},\"image\":{\"@id\":\"https:\\\/\\\/www.smartystore.it\\\/fr\\\/prodotto\\\/cadre-dencliquetage-mural-avec-eclairage-led\\\/#primaryimage\"},\"thumbnailUrl\":\"https:\\\/\\\/www.smartystore.it\\\/v25\\\/wp-content\\\/uploads\\\/2013\\\/07\\\/Cornice-a-scatto-monofacciale-LED.jpg\",\"datePublished\":\"2013-07-20T17:06:16+00:00\",\"dateModified\":\"2026-04-20T12:18:06+00:00\",\"description\":\"Cadre encastrable mural avec \u00e9clairage LED. Exploitez le potentiel publicitaire des cadres encliquetables disponibles dans diff\u00e9rents formats.\",\"breadcrumb\":{\"@id\":\"https:\\\/\\\/www.smartystore.it\\\/fr\\\/prodotto\\\/cadre-dencliquetage-mural-avec-eclairage-led\\\/#breadcrumb\"},\"inLanguage\":\"fr-FR\",\"potentialAction\":[{\"@type\":\"ReadAction\",\"target\":[\"https:\\\/\\\/www.smartystore.it\\\/fr\\\/prodotto\\\/cadre-dencliquetage-mural-avec-eclairage-led\\\/\"]}]},{\"@type\":\"ImageObject\",\"inLanguage\":\"fr-FR\",\"@id\":\"https:\\\/\\\/www.smartystore.it\\\/fr\\\/prodotto\\\/cadre-dencliquetage-mural-avec-eclairage-led\\\/#primaryimage\",\"url\":\"https:\\\/\\\/www.smartystore.it\\\/v25\\\/wp-content\\\/uploads\\\/2013\\\/07\\\/Cornice-a-scatto-monofacciale-LED.jpg\",\"contentUrl\":\"https:\\\/\\\/www.smartystore.it\\\/v25\\\/wp-content\\\/uploads\\\/2013\\\/07\\\/Cornice-a-scatto-monofacciale-LED.jpg\",\"width\":1000,\"height\":1000,\"caption\":\"Cadre encliquetable avec \u00e9clairage LED\"},{\"@type\":\"BreadcrumbList\",\"@id\":\"https:\\\/\\\/www.smartystore.it\\\/fr\\\/prodotto\\\/cadre-dencliquetage-mural-avec-eclairage-led\\\/#breadcrumb\",\"itemListElement\":[{\"@type\":\"ListItem\",\"position\":1,\"name\":\"Home\",\"item\":\"https:\\\/\\\/www.smartystore.it\\\/fr\\\/\"},{\"@type\":\"ListItem\",\"position\":2,\"name\":\"Boutique\",\"item\":\"https:\\\/\\\/www.smartystore.it\\\/fr\\\/boutique\\\/\"},{\"@type\":\"ListItem\",\"position\":3,\"name\":\"Cadre encliquetable avec \u00e9clairage LED\"}]},{\"@type\":\"WebSite\",\"@id\":\"https:\\\/\\\/www.smartystore.it\\\/fr\\\/#website\",\"url\":\"https:\\\/\\\/www.smartystore.it\\\/fr\\\/\",\"name\":\"Smarty Store\",\"description\":\"Espositori Pubblicitari e Sistemi di Comunicazione Visiva\",\"potentialAction\":[{\"@type\":\"SearchAction\",\"target\":{\"@type\":\"EntryPoint\",\"urlTemplate\":\"https:\\\/\\\/www.smartystore.it\\\/fr\\\/?s={search_term_string}\"},\"query-input\":{\"@type\":\"PropertyValueSpecification\",\"valueRequired\":true,\"valueName\":\"search_term_string\"}}],\"inLanguage\":\"fr-FR\"}]}<\/script>\n<!-- \/ Yoast SEO plugin. -->","yoast_head_json":{"title":"Cadre encliquetable avec \u00e9clairage LED - Achetez au Meilleur Prix","description":"Cadre encastrable mural avec \u00e9clairage LED. Exploitez le potentiel publicitaire des cadres encliquetables disponibles dans diff\u00e9rents formats.","robots":{"index":"index","follow":"follow","max-snippet":"max-snippet:-1","max-image-preview":"max-image-preview:large","max-video-preview":"max-video-preview:-1"},"canonical":"https:\/\/www.smartystore.it\/fr\/prodotto\/cadre-dencliquetage-mural-avec-eclairage-led\/","og_locale":"fr_FR","og_type":"article","og_title":"Cadre encliquetable avec \u00e9clairage LED - Achetez au Meilleur Prix","og_description":"Cadre encastrable mural avec \u00e9clairage LED. Exploitez le potentiel publicitaire des cadres encliquetables disponibles dans diff\u00e9rents formats.","og_url":"https:\/\/www.smartystore.it\/fr\/prodotto\/cadre-dencliquetage-mural-avec-eclairage-led\/","og_site_name":"Smarty Store","article_modified_time":"2026-04-20T12:18:06+00:00","og_image":[{"width":1000,"height":1000,"url":"https:\/\/www.smartystore.it\/v25\/wp-content\/uploads\/2013\/07\/Cornice-a-scatto-monofacciale-LED.jpg","type":"image\/jpeg"}],"twitter_card":"summary_large_image","twitter_misc":{"Dur\u00e9e de lecture estim\u00e9e":"5 minutes"},"schema":{"@context":"https:\/\/schema.org","@graph":[{"@type":"WebPage","@id":"https:\/\/www.smartystore.it\/fr\/prodotto\/cadre-dencliquetage-mural-avec-eclairage-led\/","url":"https:\/\/www.smartystore.it\/fr\/prodotto\/cadre-dencliquetage-mural-avec-eclairage-led\/","name":"Cadre encliquetable avec \u00e9clairage LED - Achetez au Meilleur Prix","isPartOf":{"@id":"https:\/\/www.smartystore.it\/fr\/#website"},"primaryImageOfPage":{"@id":"https:\/\/www.smartystore.it\/fr\/prodotto\/cadre-dencliquetage-mural-avec-eclairage-led\/#primaryimage"},"image":{"@id":"https:\/\/www.smartystore.it\/fr\/prodotto\/cadre-dencliquetage-mural-avec-eclairage-led\/#primaryimage"},"thumbnailUrl":"https:\/\/www.smartystore.it\/v25\/wp-content\/uploads\/2013\/07\/Cornice-a-scatto-monofacciale-LED.jpg","datePublished":"2013-07-20T17:06:16+00:00","dateModified":"2026-04-20T12:18:06+00:00","description":"Cadre encastrable mural avec \u00e9clairage LED. Exploitez le potentiel publicitaire des cadres encliquetables disponibles dans diff\u00e9rents formats.","breadcrumb":{"@id":"https:\/\/www.smartystore.it\/fr\/prodotto\/cadre-dencliquetage-mural-avec-eclairage-led\/#breadcrumb"},"inLanguage":"fr-FR","potentialAction":[{"@type":"ReadAction","target":["https:\/\/www.smartystore.it\/fr\/prodotto\/cadre-dencliquetage-mural-avec-eclairage-led\/"]}]},{"@type":"ImageObject","inLanguage":"fr-FR","@id":"https:\/\/www.smartystore.it\/fr\/prodotto\/cadre-dencliquetage-mural-avec-eclairage-led\/#primaryimage","url":"https:\/\/www.smartystore.it\/v25\/wp-content\/uploads\/2013\/07\/Cornice-a-scatto-monofacciale-LED.jpg","contentUrl":"https:\/\/www.smartystore.it\/v25\/wp-content\/uploads\/2013\/07\/Cornice-a-scatto-monofacciale-LED.jpg","width":1000,"height":1000,"caption":"Cadre encliquetable avec \u00e9clairage LED"},{"@type":"BreadcrumbList","@id":"https:\/\/www.smartystore.it\/fr\/prodotto\/cadre-dencliquetage-mural-avec-eclairage-led\/#breadcrumb","itemListElement":[{"@type":"ListItem","position":1,"name":"Home","item":"https:\/\/www.smartystore.it\/fr\/"},{"@type":"ListItem","position":2,"name":"Boutique","item":"https:\/\/www.smartystore.it\/fr\/boutique\/"},{"@type":"ListItem","position":3,"name":"Cadre encliquetable avec \u00e9clairage LED"}]},{"@type":"WebSite","@id":"https:\/\/www.smartystore.it\/fr\/#website","url":"https:\/\/www.smartystore.it\/fr\/","name":"Smarty Store","description":"Espositori Pubblicitari e Sistemi di Comunicazione Visiva","potentialAction":[{"@type":"SearchAction","target":{"@type":"EntryPoint","urlTemplate":"https:\/\/www.smartystore.it\/fr\/?s={search_term_string}"},"query-input":{"@type":"PropertyValueSpecification","valueRequired":true,"valueName":"search_term_string"}}],"inLanguage":"fr-FR"}]}},"brands":[],"_links":{"self":[{"href":"https:\/\/www.smartystore.it\/fr\/wp-json\/wp\/v2\/product\/97352","targetHints":{"allow":["GET"]}}],"collection":[{"href":"https:\/\/www.smartystore.it\/fr\/wp-json\/wp\/v2\/product"}],"about":[{"href":"https:\/\/www.smartystore.it\/fr\/wp-json\/wp\/v2\/types\/product"}],"replies":[{"embeddable":true,"href":"https:\/\/www.smartystore.it\/fr\/wp-json\/wp\/v2\/comments?post=97352"}],"wp:featuredmedia":[{"embeddable":true,"href":"https:\/\/www.smartystore.it\/fr\/wp-json\/wp\/v2\/media\/97351"}],"wp:attachment":[{"href":"https:\/\/www.smartystore.it\/fr\/wp-json\/wp\/v2\/media?parent=97352"}],"wp:term":[{"taxonomy":"pwb-brand","embeddable":true,"href":"https:\/\/www.smartystore.it\/fr\/wp-json\/wp\/v2\/pwb-brand?post=97352"},{"taxonomy":"product_brand","embeddable":true,"href":"https:\/\/www.smartystore.it\/fr\/wp-json\/wp\/v2\/product_brand?post=97352"},{"taxonomy":"product_cat","embeddable":true,"href":"https:\/\/www.smartystore.it\/fr\/wp-json\/wp\/v2\/product_cat?post=97352"},{"taxonomy":"product_tag","embeddable":true,"href":"https:\/\/www.smartystore.it\/fr\/wp-json\/wp\/v2\/product_tag?post=97352"}],"curies":[{"name":"wp","href":"https:\/\/api.w.org\/{rel}","templated":true}]}}