{"id":97194,"date":"2026-02-02T18:33:58","date_gmt":"2026-02-02T16:33:58","guid":{"rendered":"https:\/\/www.smartystore.it\/?post_type=product&#038;p=97194"},"modified":"2026-02-03T15:44:09","modified_gmt":"2026-02-03T13:44:09","slug":"mur-de-caissons-lumineux-autoportants-double-face-l150","status":"publish","type":"product","link":"https:\/\/www.smartystore.it\/fr\/prodotto\/mur-de-caissons-lumineux-autoportants-double-face-l150\/","title":{"rendered":"Mur de caissons lumineux autoportants double face L150"},"content":{"rendered":"<div class=\"wpb-content-wrapper\"><p>[vc_row][vc_column][vc_column_text css=\u00a0\u00bb\u00a0\u00bb css_params=\u00a0\u00bb\u00a0\u00bb]<\/p>\n<h1>Mur de caissons lumineux autoportants double face : solution id\u00e9ale pour les stands de foire et les installations commerciales<\/h1>\n<p>Le Lightbox Wall de 150 cm de large, \u00e9clair\u00e9 des deux c\u00f4t\u00e9s, est l&rsquo;une des solutions les plus innovantes et les plus efficaces pour les entreprises qui souhaitent rendre leur marque visible lors de foires commerciales ou de l&rsquo;am\u00e9nagement de magasins. Ce produit renforce non seulement la pr\u00e9sence visuelle de la marque, mais offre \u00e9galement une excellente possibilit\u00e9 de personnalisation pour r\u00e9pondre aux besoins sp\u00e9cifiques des clients. <\/p>\n<p>L&rsquo;un des aspects distinctifs du mur de caissons lumineux <strong>autoportants double face<\/strong> est sa polyvalence en termes de dimensions. Outre les dimensions standard du catalogue, il est possible de commander des panneaux personnalis\u00e9s, adaptables en hauteur et en largeur. Cette personnalisation permet de cr\u00e9er des syst\u00e8mes d&rsquo;affichage uniques, capables de capter l&rsquo;attention du public et de se diff\u00e9rencier de la concurrence.  <\/p>\n<h2>Mur de caissons lumineux autoportants double face : impression sur tissu r\u00e9tro\u00e9clair\u00e9e par LED<\/h2>\n<p>Outre la structure elle-m\u00eame, les impressions sont \u00e9galement enti\u00e8rement personnalisables. Gr\u00e2ce \u00e0 une technique d&rsquo;<strong>impression par sublimation<\/strong>, les graphiques sont transf\u00e9r\u00e9s sur un mat\u00e9riau textile durable, ce qui garantit une qualit\u00e9 visuelle irr\u00e9prochable. Le tissu r\u00e9tro\u00e9clair\u00e9 par LED, gr\u00e2ce \u00e0 son \u0153illet p\u00e9rim\u00e9trique, facilite le remplacement rapide des impressions, ce qui permet aux entreprises de s&rsquo;adapter rapidement \u00e0 diff\u00e9rents \u00e9v\u00e9nements sans compromettre l&rsquo;impact visuel.  <\/p>\n<h2>Assemblage rapide et facile<\/h2>\n<p>Le montage du Lightbox Wall 150 double face est con\u00e7u pour \u00eatre simple et intuitif. La structure en aluminium peut \u00eatre assembl\u00e9e en quelques minutes seulement, gr\u00e2ce aux composants marqu\u00e9s. Une fois mont\u00e9e, l&rsquo;impression est facilement appliqu\u00e9e, gr\u00e2ce \u00e0 un \u00e9lastique qui permet un ajustement parfait. Avec une largeur de profil de 14 cm, ce syst\u00e8me d&rsquo;affichage assure une excellente stabilit\u00e9, ce qui le rend id\u00e9al pour de nombreuses applications.   <\/p>\n<p>L&rsquo;utilisation du mur LED double face est multiple. Il peut servir de toile de fond pour les intervenants lors de conf\u00e9rences, d\u00e9finir l&rsquo;espace d&rsquo;un stand d&rsquo;exposition ou encore pr\u00e9senter efficacement des produits, ce qui le rend particuli\u00e8rement utile dans des secteurs tels que la d\u00e9coration d&rsquo;int\u00e9rieur et l&rsquo;automobile. En r\u00e9sum\u00e9, le mur caisson lumineux double face autoportant est un \u00e9l\u00e9ment strat\u00e9gique pour optimiser la visibilit\u00e9 et l&rsquo;attractivit\u00e9 de votre marque dans des contextes tr\u00e8s concurrentiels.  <\/p>\n<h3><\/h3>\n<h3>Caract\u00e9ristiques<\/h3>\n<ul>\n<li>Mur Lightbox autoportant en aluminium<\/li>\n<li>Impression par sublimation recto-verso sur un tissu tr\u00e8s r\u00e9sistant<\/li>\n<li>LED p\u00e9rim\u00e9triques avec c\u00e2blage interne<\/li>\n<li>Temp\u00e9rature : 6500 Kelvin<\/li>\n<li>Assemblage par encliquetage avec cl\u00e9 Allen<\/li>\n<li>Pieds en aluminium peint<\/li>\n<li>Mat\u00e9riau : aluminium<\/li>\n<li>Impression sur tissu des deux c\u00f4t\u00e9s du totem<\/li>\n<li>Dimensions SAD-LTBX14120 (cm) : L 200,0 x H 200,0 x P 14,0<br \/>\nDimensions SAD-LTBX14125 (cm) : L 200,0 x H 250,0 x P 14,0<\/li>\n<li>Poids SAD-LTBX14120 (Kg.) : 34.0<br \/>\nPoids SAD-LTBX14125 (Kg.) : 36.0<\/li>\n<li>Alimentation : 220-240V avec transformateur fourni<\/li>\n<li>Consommation \u00e9lectrique : W max.<\/li>\n<\/ul>\n<p>&nbsp;<\/p>\n<p>Voir tous les caissons lumineux disponibles \u00e0 ce LIEN[\/vc_column_text][\/vc_column][\/vc_row]<\/p>\n<\/div>","protected":false},"excerpt":{"rendered":"<p>Mur caisson lumineux autoportant double face avec toile r\u00e9tro-\u00e9clair\u00e9e par LED, disponible dans les tailles 150&#215;200 et 150&#215;250<\/p>\n","protected":false},"featured_media":97234,"comment_status":"open","ping_status":"closed","template":"","meta":{"_acf_changed":false},"pwb-brand":[],"product_brand":[],"product_cat":[6100,3681,3679],"product_tag":[6305,6114,6308,6307,6304,6303,6301,6302,6306],"class_list":{"0":"post-97194","1":"product","2":"type-product","3":"status-publish","4":"has-post-thumbnail","6":"product_cat-presentoirs-en-tissu-caisson-lumineux","7":"product_cat-totem-slim-fr","8":"product_cat-totems-publicitaires-et-dinformation","9":"product_tag-boite-a-lumiere-pour-fond-de-scene-caisson-lumineux-portable-double-face","10":"product_tag-boite-lumineuse-murale-autoportante-avec-impression-recto-verso","11":"product_tag-cloison-lumineuse-avec-impression-recto-verso-150x250","12":"product_tag-lightbox-double-face-avec-impression-sur-tissu-150x200","13":"product_tag-lightbox-presentoir-mural-lumineux-double-face-autoportant","14":"product_tag-mur-declairage-lightbox-double-face","15":"product_tag-mur-daffichage-autoportant-a-caisson-lumineux","16":"product_tag-mur-totem-lightbox-double-face","17":"product_tag-panneau-lumineux-double-face","18":"pa_c2c_color-argent","19":"pa_c2c_configurazione-structure-avec-impressions-sur-le-devant-et-le-dos","20":"pa_c2c_configurazione-structure-uniquement","21":"pa_c2c_configurazione-tissu-imprime-de-remplacement","23":"first","24":"instock","25":"taxable","26":"shipping-taxable","27":"purchasable","28":"product-type-variable"},"acf":[],"yoast_head":"<!-- This site is optimized with the Yoast SEO plugin v27.4 - https:\/\/yoast.com\/product\/yoast-seo-wordpress\/ -->\n<title>Mur de caissons lumineux autoportants double face L150 - Achetez au Meilleur Prix<\/title>\n<meta name=\"description\" content=\"Mur de caissons lumineux autoportants double face L150 en tissu r\u00e9tro-\u00e9clair\u00e9 par LED 150x200 et 150x250. Assemblage rapide et facile. SmartyStore.it\" \/>\n<meta name=\"robots\" content=\"index, follow, max-snippet:-1, max-image-preview:large, max-video-preview:-1\" \/>\n<link rel=\"canonical\" href=\"https:\/\/www.smartystore.it\/fr\/prodotto\/mur-de-caissons-lumineux-autoportants-double-face-l150\/\" \/>\n<meta property=\"og:locale\" content=\"fr_FR\" \/>\n<meta property=\"og:type\" content=\"article\" \/>\n<meta property=\"og:title\" content=\"Mur de caissons lumineux autoportants double face L150 - Achetez au Meilleur Prix\" \/>\n<meta property=\"og:description\" content=\"Mur de caissons lumineux autoportants double face L150 en tissu r\u00e9tro-\u00e9clair\u00e9 par LED 150x200 et 150x250. Assemblage rapide et facile. SmartyStore.it\" \/>\n<meta property=\"og:url\" content=\"https:\/\/www.smartystore.it\/fr\/prodotto\/mur-de-caissons-lumineux-autoportants-double-face-l150\/\" \/>\n<meta property=\"og:site_name\" content=\"Smarty Store\" \/>\n<meta property=\"article:modified_time\" content=\"2026-02-03T13:44:09+00:00\" \/>\n<meta property=\"og:image\" content=\"https:\/\/www.smartystore.it\/v25\/wp-content\/uploads\/2026\/02\/Parete-Espositore-Lightbox-Autoportante-con-tessuto-retroilluminato-a-LED-bifacciale-150x200-1.jpg\" \/>\n\t<meta property=\"og:image:width\" content=\"1000\" \/>\n\t<meta property=\"og:image:height\" content=\"1000\" \/>\n\t<meta property=\"og:image:type\" content=\"image\/jpeg\" \/>\n<meta name=\"twitter:card\" content=\"summary_large_image\" \/>\n<meta name=\"twitter:label1\" content=\"Dur\u00e9e de lecture estim\u00e9e\" \/>\n\t<meta name=\"twitter:data1\" content=\"3 minutes\" \/>\n<script type=\"application\/ld+json\" class=\"yoast-schema-graph\">{\"@context\":\"https:\\\/\\\/schema.org\",\"@graph\":[{\"@type\":\"WebPage\",\"@id\":\"https:\\\/\\\/www.smartystore.it\\\/fr\\\/prodotto\\\/mur-de-caissons-lumineux-autoportants-double-face-l150\\\/\",\"url\":\"https:\\\/\\\/www.smartystore.it\\\/fr\\\/prodotto\\\/mur-de-caissons-lumineux-autoportants-double-face-l150\\\/\",\"name\":\"Mur de caissons lumineux autoportants double face L150 - Achetez au Meilleur Prix\",\"isPartOf\":{\"@id\":\"https:\\\/\\\/www.smartystore.it\\\/fr\\\/#website\"},\"primaryImageOfPage\":{\"@id\":\"https:\\\/\\\/www.smartystore.it\\\/fr\\\/prodotto\\\/mur-de-caissons-lumineux-autoportants-double-face-l150\\\/#primaryimage\"},\"image\":{\"@id\":\"https:\\\/\\\/www.smartystore.it\\\/fr\\\/prodotto\\\/mur-de-caissons-lumineux-autoportants-double-face-l150\\\/#primaryimage\"},\"thumbnailUrl\":\"https:\\\/\\\/www.smartystore.it\\\/v25\\\/wp-content\\\/uploads\\\/2026\\\/02\\\/Parete-Espositore-Lightbox-Autoportante-con-tessuto-retroilluminato-a-LED-bifacciale-150x200-1.jpg\",\"datePublished\":\"2026-02-02T16:33:58+00:00\",\"dateModified\":\"2026-02-03T13:44:09+00:00\",\"description\":\"Mur de caissons lumineux autoportants double face L150 en tissu r\u00e9tro-\u00e9clair\u00e9 par LED 150x200 et 150x250. Assemblage rapide et facile. SmartyStore.it\",\"breadcrumb\":{\"@id\":\"https:\\\/\\\/www.smartystore.it\\\/fr\\\/prodotto\\\/mur-de-caissons-lumineux-autoportants-double-face-l150\\\/#breadcrumb\"},\"inLanguage\":\"fr-FR\",\"potentialAction\":[{\"@type\":\"ReadAction\",\"target\":[\"https:\\\/\\\/www.smartystore.it\\\/fr\\\/prodotto\\\/mur-de-caissons-lumineux-autoportants-double-face-l150\\\/\"]}]},{\"@type\":\"ImageObject\",\"inLanguage\":\"fr-FR\",\"@id\":\"https:\\\/\\\/www.smartystore.it\\\/fr\\\/prodotto\\\/mur-de-caissons-lumineux-autoportants-double-face-l150\\\/#primaryimage\",\"url\":\"https:\\\/\\\/www.smartystore.it\\\/v25\\\/wp-content\\\/uploads\\\/2026\\\/02\\\/Parete-Espositore-Lightbox-Autoportante-con-tessuto-retroilluminato-a-LED-bifacciale-150x200-1.jpg\",\"contentUrl\":\"https:\\\/\\\/www.smartystore.it\\\/v25\\\/wp-content\\\/uploads\\\/2026\\\/02\\\/Parete-Espositore-Lightbox-Autoportante-con-tessuto-retroilluminato-a-LED-bifacciale-150x200-1.jpg\",\"width\":1000,\"height\":1000,\"caption\":\"Mur de caissons lumineux autoportants double face L150\"},{\"@type\":\"BreadcrumbList\",\"@id\":\"https:\\\/\\\/www.smartystore.it\\\/fr\\\/prodotto\\\/mur-de-caissons-lumineux-autoportants-double-face-l150\\\/#breadcrumb\",\"itemListElement\":[{\"@type\":\"ListItem\",\"position\":1,\"name\":\"Home\",\"item\":\"https:\\\/\\\/www.smartystore.it\\\/fr\\\/\"},{\"@type\":\"ListItem\",\"position\":2,\"name\":\"Boutique\",\"item\":\"https:\\\/\\\/www.smartystore.it\\\/fr\\\/boutique\\\/\"},{\"@type\":\"ListItem\",\"position\":3,\"name\":\"Mur de caissons lumineux autoportants double face L150\"}]},{\"@type\":\"WebSite\",\"@id\":\"https:\\\/\\\/www.smartystore.it\\\/fr\\\/#website\",\"url\":\"https:\\\/\\\/www.smartystore.it\\\/fr\\\/\",\"name\":\"Smarty Store\",\"description\":\"Espositori Pubblicitari e Sistemi di Comunicazione Visiva\",\"potentialAction\":[{\"@type\":\"SearchAction\",\"target\":{\"@type\":\"EntryPoint\",\"urlTemplate\":\"https:\\\/\\\/www.smartystore.it\\\/fr\\\/?s={search_term_string}\"},\"query-input\":{\"@type\":\"PropertyValueSpecification\",\"valueRequired\":true,\"valueName\":\"search_term_string\"}}],\"inLanguage\":\"fr-FR\"}]}<\/script>\n<!-- \/ Yoast SEO plugin. -->","yoast_head_json":{"title":"Mur de caissons lumineux autoportants double face L150 - Achetez au Meilleur Prix","description":"Mur de caissons lumineux autoportants double face L150 en tissu r\u00e9tro-\u00e9clair\u00e9 par LED 150x200 et 150x250. Assemblage rapide et facile. SmartyStore.it","robots":{"index":"index","follow":"follow","max-snippet":"max-snippet:-1","max-image-preview":"max-image-preview:large","max-video-preview":"max-video-preview:-1"},"canonical":"https:\/\/www.smartystore.it\/fr\/prodotto\/mur-de-caissons-lumineux-autoportants-double-face-l150\/","og_locale":"fr_FR","og_type":"article","og_title":"Mur de caissons lumineux autoportants double face L150 - Achetez au Meilleur Prix","og_description":"Mur de caissons lumineux autoportants double face L150 en tissu r\u00e9tro-\u00e9clair\u00e9 par LED 150x200 et 150x250. Assemblage rapide et facile. SmartyStore.it","og_url":"https:\/\/www.smartystore.it\/fr\/prodotto\/mur-de-caissons-lumineux-autoportants-double-face-l150\/","og_site_name":"Smarty Store","article_modified_time":"2026-02-03T13:44:09+00:00","og_image":[{"width":1000,"height":1000,"url":"https:\/\/www.smartystore.it\/v25\/wp-content\/uploads\/2026\/02\/Parete-Espositore-Lightbox-Autoportante-con-tessuto-retroilluminato-a-LED-bifacciale-150x200-1.jpg","type":"image\/jpeg"}],"twitter_card":"summary_large_image","twitter_misc":{"Dur\u00e9e de lecture estim\u00e9e":"3 minutes"},"schema":{"@context":"https:\/\/schema.org","@graph":[{"@type":"WebPage","@id":"https:\/\/www.smartystore.it\/fr\/prodotto\/mur-de-caissons-lumineux-autoportants-double-face-l150\/","url":"https:\/\/www.smartystore.it\/fr\/prodotto\/mur-de-caissons-lumineux-autoportants-double-face-l150\/","name":"Mur de caissons lumineux autoportants double face L150 - Achetez au Meilleur Prix","isPartOf":{"@id":"https:\/\/www.smartystore.it\/fr\/#website"},"primaryImageOfPage":{"@id":"https:\/\/www.smartystore.it\/fr\/prodotto\/mur-de-caissons-lumineux-autoportants-double-face-l150\/#primaryimage"},"image":{"@id":"https:\/\/www.smartystore.it\/fr\/prodotto\/mur-de-caissons-lumineux-autoportants-double-face-l150\/#primaryimage"},"thumbnailUrl":"https:\/\/www.smartystore.it\/v25\/wp-content\/uploads\/2026\/02\/Parete-Espositore-Lightbox-Autoportante-con-tessuto-retroilluminato-a-LED-bifacciale-150x200-1.jpg","datePublished":"2026-02-02T16:33:58+00:00","dateModified":"2026-02-03T13:44:09+00:00","description":"Mur de caissons lumineux autoportants double face L150 en tissu r\u00e9tro-\u00e9clair\u00e9 par LED 150x200 et 150x250. Assemblage rapide et facile. SmartyStore.it","breadcrumb":{"@id":"https:\/\/www.smartystore.it\/fr\/prodotto\/mur-de-caissons-lumineux-autoportants-double-face-l150\/#breadcrumb"},"inLanguage":"fr-FR","potentialAction":[{"@type":"ReadAction","target":["https:\/\/www.smartystore.it\/fr\/prodotto\/mur-de-caissons-lumineux-autoportants-double-face-l150\/"]}]},{"@type":"ImageObject","inLanguage":"fr-FR","@id":"https:\/\/www.smartystore.it\/fr\/prodotto\/mur-de-caissons-lumineux-autoportants-double-face-l150\/#primaryimage","url":"https:\/\/www.smartystore.it\/v25\/wp-content\/uploads\/2026\/02\/Parete-Espositore-Lightbox-Autoportante-con-tessuto-retroilluminato-a-LED-bifacciale-150x200-1.jpg","contentUrl":"https:\/\/www.smartystore.it\/v25\/wp-content\/uploads\/2026\/02\/Parete-Espositore-Lightbox-Autoportante-con-tessuto-retroilluminato-a-LED-bifacciale-150x200-1.jpg","width":1000,"height":1000,"caption":"Mur de caissons lumineux autoportants double face L150"},{"@type":"BreadcrumbList","@id":"https:\/\/www.smartystore.it\/fr\/prodotto\/mur-de-caissons-lumineux-autoportants-double-face-l150\/#breadcrumb","itemListElement":[{"@type":"ListItem","position":1,"name":"Home","item":"https:\/\/www.smartystore.it\/fr\/"},{"@type":"ListItem","position":2,"name":"Boutique","item":"https:\/\/www.smartystore.it\/fr\/boutique\/"},{"@type":"ListItem","position":3,"name":"Mur de caissons lumineux autoportants double face L150"}]},{"@type":"WebSite","@id":"https:\/\/www.smartystore.it\/fr\/#website","url":"https:\/\/www.smartystore.it\/fr\/","name":"Smarty Store","description":"Espositori Pubblicitari e Sistemi di Comunicazione Visiva","potentialAction":[{"@type":"SearchAction","target":{"@type":"EntryPoint","urlTemplate":"https:\/\/www.smartystore.it\/fr\/?s={search_term_string}"},"query-input":{"@type":"PropertyValueSpecification","valueRequired":true,"valueName":"search_term_string"}}],"inLanguage":"fr-FR"}]}},"brands":[],"_links":{"self":[{"href":"https:\/\/www.smartystore.it\/fr\/wp-json\/wp\/v2\/product\/97194","targetHints":{"allow":["GET"]}}],"collection":[{"href":"https:\/\/www.smartystore.it\/fr\/wp-json\/wp\/v2\/product"}],"about":[{"href":"https:\/\/www.smartystore.it\/fr\/wp-json\/wp\/v2\/types\/product"}],"replies":[{"embeddable":true,"href":"https:\/\/www.smartystore.it\/fr\/wp-json\/wp\/v2\/comments?post=97194"}],"wp:featuredmedia":[{"embeddable":true,"href":"https:\/\/www.smartystore.it\/fr\/wp-json\/wp\/v2\/media\/97234"}],"wp:attachment":[{"href":"https:\/\/www.smartystore.it\/fr\/wp-json\/wp\/v2\/media?parent=97194"}],"wp:term":[{"taxonomy":"pwb-brand","embeddable":true,"href":"https:\/\/www.smartystore.it\/fr\/wp-json\/wp\/v2\/pwb-brand?post=97194"},{"taxonomy":"product_brand","embeddable":true,"href":"https:\/\/www.smartystore.it\/fr\/wp-json\/wp\/v2\/product_brand?post=97194"},{"taxonomy":"product_cat","embeddable":true,"href":"https:\/\/www.smartystore.it\/fr\/wp-json\/wp\/v2\/product_cat?post=97194"},{"taxonomy":"product_tag","embeddable":true,"href":"https:\/\/www.smartystore.it\/fr\/wp-json\/wp\/v2\/product_tag?post=97194"}],"curies":[{"name":"wp","href":"https:\/\/api.w.org\/{rel}","templated":true}]}}