{"id":97172,"date":"2016-12-21T14:31:40","date_gmt":"2016-12-21T12:31:40","guid":{"rendered":"https:\/\/www.smartystore.it\/prodotto\/porte-badges-magnetique-70x34-mm\/"},"modified":"2026-02-10T17:46:15","modified_gmt":"2026-02-10T15:46:15","slug":"porte-badges-magnetique-70x34-mm","status":"publish","type":"product","link":"https:\/\/www.smartystore.it\/fr\/prodotto\/porte-badges-magnetique-70x34-mm\/","title":{"rendered":"Porte-badges magn\u00e9tique &#8211; 70&#215;34 mm"},"content":{"rendered":"<div class=\"wpb-content-wrapper\"><p>[vc_row][vc_column][vc_column_text css=\u00a0\u00bb\u00a0\u00bb css_params=\u00a0\u00bb\u00a0\u00bb]<\/p>\n<h2>Porte-badges magn\u00e9tique &#8211; 70&#215;34 mm<\/h2>\n<p>Le porte-badge magn\u00e9tique &#8211; 70&#215;34 mm est un porte-nom \u00e0 fixation magn\u00e9tique. Facile \u00e0 appliquer, ce porte-badge n&rsquo;ab\u00eeme pas les v\u00eatements. Il est fabriqu\u00e9 en m\u00e9tal argent\u00e9 mat et est \u00e9quip\u00e9 d&rsquo;une fen\u00eatre en plastique transparent pour l&rsquo;insertion de noms en d\u00e9filement lat\u00e9ral.  <\/p>\n<p>Le porte-badge magn\u00e9tique se distingue des autres porte-badges non seulement par son design plat, \u00e0 la fois minimal et \u00e9l\u00e9gant, mais aussi parce qu&rsquo;il peut \u00eatre personnalis\u00e9 avec, par exemple, le nom et le logo de votre entreprise.<\/p>\n<p>Il s&rsquo;agit d&rsquo;un support utile pour les foires commerciales, les r\u00e9unions et les conf\u00e9rences.<\/p>\n<p><strong>CARACT\u00c9RISTIQUES:<\/strong><\/p>\n<ul>\n<li>Porte-nom en m\u00e9tal avec profil plat.<\/li>\n<li>Syst\u00e8me d&rsquo;accouplement : magn\u00e9tique.<\/li>\n<li>Facile \u00e0 appliquer sans percer ni ab\u00eemer les v\u00eatements et les uniformes.<\/li>\n<li>Couleur : argent.<\/li>\n<li>Fen\u00eatre transparente pour la saisie du nom.<\/li>\n<li>Insertion par d\u00e9filement lat\u00e9ral.<\/li>\n<li>Dimensions : 70 x 34 mm.<\/li>\n<li>Zone visible : 64 x 16 mm.<\/li>\n<li>Le carton n&rsquo;est pas inclus dans le paquet.<\/li>\n<li>S\u00e9rigraphie directe en quadrichromie en option.<\/li>\n<\/ul>\n<p>&nbsp;<\/p>\n<p><span style=\"text-decoration: underline;\"><strong>Possibilit\u00e9 de personnaliser le porte-badge sur le dessus avec le logo en une ou plusieurs couleurs (achat minimum de 20 pi\u00e8ces).<\/strong><\/span><\/p>\n<p>&nbsp;<\/p>\n<p><a href=\"https:\/\/www.smartystore.it\/v25\/wp-content\/uploads\/2024\/03\/STR-BADGE06.pdf\" target=\"_blank\" rel=\"noopener\"><img loading=\"lazy\" decoding=\"async\" class=\"alignnone size-full wp-image-93510\" src=\"https:\/\/www.smartystore.it\/v25\/wp-content\/uploads\/2014\/10\/SchedaTecnica-300-e1750084266903.png\" alt=\"\" width=\"249\" height=\"63\"><\/a><\/p>\n<p><a href=\"https:\/\/www.smartystore.it\/v25\/wp-content\/uploads\/2024\/03\/STR-BADGE06-template.pdf\" target=\"_blank\" rel=\"noopener\"><img loading=\"lazy\" decoding=\"async\" class=\"alignnone size-full wp-image-93645\" src=\"https:\/\/www.smartystore.it\/v25\/wp-content\/uploads\/2022\/09\/LogoDownload_tracciato-fustella-2.jpg\" alt=\"\" width=\"250\" height=\"63\"><\/a><\/p>\n<p>[\/vc_column_text][\/vc_column][\/vc_row]<\/p>\n<\/div>","protected":false},"excerpt":{"rendered":"<p>Plaque magn\u00e9tique personnalisable de 70 x 34 mm.<\/p>\n","protected":false},"featured_media":87147,"comment_status":"open","ping_status":"closed","template":"","meta":{"_acf_changed":false},"pwb-brand":[],"product_brand":[],"product_cat":[3659],"product_tag":[6271,6277,6275,6274,6276,6273,6272,6278],"class_list":{"0":"post-97172","1":"product","2":"type-product","3":"status-publish","4":"has-post-thumbnail","6":"product_cat-reparer-accrocher","7":"product_tag-porte-badge-magnetique","8":"product_tag-porte-badge-magnetique-pour-veste","9":"product_tag-porte-badge-personnalisable","10":"product_tag-porte-badge-pour-veste","11":"product_tag-porte-nom-avec-impression-du-nom-de-lentreprise","12":"product_tag-porte-nom-de-veste","13":"product_tag-porte-nom-magnetique","14":"product_tag-porte-nom-magnetique-pour-veste","15":"pa_c2c_color-argent","16":"pa_c2c_dimensione-mm-70x34","17":"pa_c2c_mono_bifacciale-simple-face","18":"pa_c2c_stampa-non","19":"pa_c2c_stampa-oui","20":"pa_c2c_trovraprezzi-oui","22":"first","23":"instock","24":"taxable","25":"shipping-taxable","26":"purchasable","27":"product-type-variable"},"acf":[],"yoast_head":"<!-- This site is optimized with the Yoast SEO plugin v27.4 - https:\/\/yoast.com\/product\/yoast-seo-wordpress\/ -->\n<title>Porte-badges magn\u00e9tique - 70x34 mm - Smarty Store<\/title>\n<meta name=\"description\" content=\"Porte-badges magn\u00e9tique 70x34 mm avec possibilit\u00e9 de personnalisation avec le nom et le logo de l&#039;entreprise. Porte-badge avec fixation magn\u00e9tique.\" \/>\n<meta name=\"robots\" content=\"index, follow, max-snippet:-1, max-image-preview:large, max-video-preview:-1\" \/>\n<link rel=\"canonical\" href=\"https:\/\/www.smartystore.it\/fr\/prodotto\/porte-badges-magnetique-70x34-mm\/\" \/>\n<meta property=\"og:locale\" content=\"fr_FR\" \/>\n<meta property=\"og:type\" content=\"article\" \/>\n<meta property=\"og:title\" content=\"Porte-badges magn\u00e9tique - 70x34 mm - Smarty Store\" \/>\n<meta property=\"og:description\" content=\"Porte-badges magn\u00e9tique 70x34 mm avec possibilit\u00e9 de personnalisation avec le nom et le logo de l&#039;entreprise. Porte-badge avec fixation magn\u00e9tique.\" \/>\n<meta property=\"og:url\" content=\"https:\/\/www.smartystore.it\/fr\/prodotto\/porte-badges-magnetique-70x34-mm\/\" \/>\n<meta property=\"og:site_name\" content=\"Smarty Store\" \/>\n<meta property=\"article:modified_time\" content=\"2026-02-10T15:46:15+00:00\" \/>\n<meta property=\"og:image\" content=\"https:\/\/www.smartystore.it\/v25\/wp-content\/uploads\/2016\/12\/Porta-badge-magnetico-70x34-targhetta-porta-nome-personalizzabile.jpg\" \/>\n\t<meta property=\"og:image:width\" content=\"1000\" \/>\n\t<meta property=\"og:image:height\" content=\"1000\" \/>\n\t<meta property=\"og:image:type\" content=\"image\/jpeg\" \/>\n<meta name=\"twitter:card\" content=\"summary_large_image\" \/>\n<meta name=\"twitter:label1\" content=\"Dur\u00e9e de lecture estim\u00e9e\" \/>\n\t<meta name=\"twitter:data1\" content=\"1 minute\" \/>\n<script type=\"application\/ld+json\" class=\"yoast-schema-graph\">{\"@context\":\"https:\\\/\\\/schema.org\",\"@graph\":[{\"@type\":\"WebPage\",\"@id\":\"https:\\\/\\\/www.smartystore.it\\\/fr\\\/prodotto\\\/porte-badges-magnetique-70x34-mm\\\/\",\"url\":\"https:\\\/\\\/www.smartystore.it\\\/fr\\\/prodotto\\\/porte-badges-magnetique-70x34-mm\\\/\",\"name\":\"Porte-badges magn\u00e9tique - 70x34 mm - Smarty Store\",\"isPartOf\":{\"@id\":\"https:\\\/\\\/www.smartystore.it\\\/fr\\\/#website\"},\"primaryImageOfPage\":{\"@id\":\"https:\\\/\\\/www.smartystore.it\\\/fr\\\/prodotto\\\/porte-badges-magnetique-70x34-mm\\\/#primaryimage\"},\"image\":{\"@id\":\"https:\\\/\\\/www.smartystore.it\\\/fr\\\/prodotto\\\/porte-badges-magnetique-70x34-mm\\\/#primaryimage\"},\"thumbnailUrl\":\"https:\\\/\\\/www.smartystore.it\\\/v25\\\/wp-content\\\/uploads\\\/2016\\\/12\\\/Porta-badge-magnetico-70x34-targhetta-porta-nome-personalizzabile.jpg\",\"datePublished\":\"2016-12-21T12:31:40+00:00\",\"dateModified\":\"2026-02-10T15:46:15+00:00\",\"description\":\"Porte-badges magn\u00e9tique 70x34 mm avec possibilit\u00e9 de personnalisation avec le nom et le logo de l'entreprise. Porte-badge avec fixation magn\u00e9tique.\",\"breadcrumb\":{\"@id\":\"https:\\\/\\\/www.smartystore.it\\\/fr\\\/prodotto\\\/porte-badges-magnetique-70x34-mm\\\/#breadcrumb\"},\"inLanguage\":\"fr-FR\",\"potentialAction\":[{\"@type\":\"ReadAction\",\"target\":[\"https:\\\/\\\/www.smartystore.it\\\/fr\\\/prodotto\\\/porte-badges-magnetique-70x34-mm\\\/\"]}]},{\"@type\":\"ImageObject\",\"inLanguage\":\"fr-FR\",\"@id\":\"https:\\\/\\\/www.smartystore.it\\\/fr\\\/prodotto\\\/porte-badges-magnetique-70x34-mm\\\/#primaryimage\",\"url\":\"https:\\\/\\\/www.smartystore.it\\\/v25\\\/wp-content\\\/uploads\\\/2016\\\/12\\\/Porta-badge-magnetico-70x34-targhetta-porta-nome-personalizzabile.jpg\",\"contentUrl\":\"https:\\\/\\\/www.smartystore.it\\\/v25\\\/wp-content\\\/uploads\\\/2016\\\/12\\\/Porta-badge-magnetico-70x34-targhetta-porta-nome-personalizzabile.jpg\",\"width\":1000,\"height\":1000},{\"@type\":\"BreadcrumbList\",\"@id\":\"https:\\\/\\\/www.smartystore.it\\\/fr\\\/prodotto\\\/porte-badges-magnetique-70x34-mm\\\/#breadcrumb\",\"itemListElement\":[{\"@type\":\"ListItem\",\"position\":1,\"name\":\"Home\",\"item\":\"https:\\\/\\\/www.smartystore.it\\\/fr\\\/\"},{\"@type\":\"ListItem\",\"position\":2,\"name\":\"Boutique\",\"item\":\"https:\\\/\\\/www.smartystore.it\\\/fr\\\/boutique\\\/\"},{\"@type\":\"ListItem\",\"position\":3,\"name\":\"Porte-badges magn\u00e9tique &#8211; 70&#215;34 mm\"}]},{\"@type\":\"WebSite\",\"@id\":\"https:\\\/\\\/www.smartystore.it\\\/fr\\\/#website\",\"url\":\"https:\\\/\\\/www.smartystore.it\\\/fr\\\/\",\"name\":\"Smarty Store\",\"description\":\"Espositori Pubblicitari e Sistemi di Comunicazione Visiva\",\"potentialAction\":[{\"@type\":\"SearchAction\",\"target\":{\"@type\":\"EntryPoint\",\"urlTemplate\":\"https:\\\/\\\/www.smartystore.it\\\/fr\\\/?s={search_term_string}\"},\"query-input\":{\"@type\":\"PropertyValueSpecification\",\"valueRequired\":true,\"valueName\":\"search_term_string\"}}],\"inLanguage\":\"fr-FR\"}]}<\/script>\n<!-- \/ Yoast SEO plugin. -->","yoast_head_json":{"title":"Porte-badges magn\u00e9tique - 70x34 mm - Smarty Store","description":"Porte-badges magn\u00e9tique 70x34 mm avec possibilit\u00e9 de personnalisation avec le nom et le logo de l'entreprise. Porte-badge avec fixation magn\u00e9tique.","robots":{"index":"index","follow":"follow","max-snippet":"max-snippet:-1","max-image-preview":"max-image-preview:large","max-video-preview":"max-video-preview:-1"},"canonical":"https:\/\/www.smartystore.it\/fr\/prodotto\/porte-badges-magnetique-70x34-mm\/","og_locale":"fr_FR","og_type":"article","og_title":"Porte-badges magn\u00e9tique - 70x34 mm - Smarty Store","og_description":"Porte-badges magn\u00e9tique 70x34 mm avec possibilit\u00e9 de personnalisation avec le nom et le logo de l'entreprise. Porte-badge avec fixation magn\u00e9tique.","og_url":"https:\/\/www.smartystore.it\/fr\/prodotto\/porte-badges-magnetique-70x34-mm\/","og_site_name":"Smarty Store","article_modified_time":"2026-02-10T15:46:15+00:00","og_image":[{"width":1000,"height":1000,"url":"https:\/\/www.smartystore.it\/v25\/wp-content\/uploads\/2016\/12\/Porta-badge-magnetico-70x34-targhetta-porta-nome-personalizzabile.jpg","type":"image\/jpeg"}],"twitter_card":"summary_large_image","twitter_misc":{"Dur\u00e9e de lecture estim\u00e9e":"1 minute"},"schema":{"@context":"https:\/\/schema.org","@graph":[{"@type":"WebPage","@id":"https:\/\/www.smartystore.it\/fr\/prodotto\/porte-badges-magnetique-70x34-mm\/","url":"https:\/\/www.smartystore.it\/fr\/prodotto\/porte-badges-magnetique-70x34-mm\/","name":"Porte-badges magn\u00e9tique - 70x34 mm - Smarty Store","isPartOf":{"@id":"https:\/\/www.smartystore.it\/fr\/#website"},"primaryImageOfPage":{"@id":"https:\/\/www.smartystore.it\/fr\/prodotto\/porte-badges-magnetique-70x34-mm\/#primaryimage"},"image":{"@id":"https:\/\/www.smartystore.it\/fr\/prodotto\/porte-badges-magnetique-70x34-mm\/#primaryimage"},"thumbnailUrl":"https:\/\/www.smartystore.it\/v25\/wp-content\/uploads\/2016\/12\/Porta-badge-magnetico-70x34-targhetta-porta-nome-personalizzabile.jpg","datePublished":"2016-12-21T12:31:40+00:00","dateModified":"2026-02-10T15:46:15+00:00","description":"Porte-badges magn\u00e9tique 70x34 mm avec possibilit\u00e9 de personnalisation avec le nom et le logo de l'entreprise. Porte-badge avec fixation magn\u00e9tique.","breadcrumb":{"@id":"https:\/\/www.smartystore.it\/fr\/prodotto\/porte-badges-magnetique-70x34-mm\/#breadcrumb"},"inLanguage":"fr-FR","potentialAction":[{"@type":"ReadAction","target":["https:\/\/www.smartystore.it\/fr\/prodotto\/porte-badges-magnetique-70x34-mm\/"]}]},{"@type":"ImageObject","inLanguage":"fr-FR","@id":"https:\/\/www.smartystore.it\/fr\/prodotto\/porte-badges-magnetique-70x34-mm\/#primaryimage","url":"https:\/\/www.smartystore.it\/v25\/wp-content\/uploads\/2016\/12\/Porta-badge-magnetico-70x34-targhetta-porta-nome-personalizzabile.jpg","contentUrl":"https:\/\/www.smartystore.it\/v25\/wp-content\/uploads\/2016\/12\/Porta-badge-magnetico-70x34-targhetta-porta-nome-personalizzabile.jpg","width":1000,"height":1000},{"@type":"BreadcrumbList","@id":"https:\/\/www.smartystore.it\/fr\/prodotto\/porte-badges-magnetique-70x34-mm\/#breadcrumb","itemListElement":[{"@type":"ListItem","position":1,"name":"Home","item":"https:\/\/www.smartystore.it\/fr\/"},{"@type":"ListItem","position":2,"name":"Boutique","item":"https:\/\/www.smartystore.it\/fr\/boutique\/"},{"@type":"ListItem","position":3,"name":"Porte-badges magn\u00e9tique &#8211; 70&#215;34 mm"}]},{"@type":"WebSite","@id":"https:\/\/www.smartystore.it\/fr\/#website","url":"https:\/\/www.smartystore.it\/fr\/","name":"Smarty Store","description":"Espositori Pubblicitari e Sistemi di Comunicazione Visiva","potentialAction":[{"@type":"SearchAction","target":{"@type":"EntryPoint","urlTemplate":"https:\/\/www.smartystore.it\/fr\/?s={search_term_string}"},"query-input":{"@type":"PropertyValueSpecification","valueRequired":true,"valueName":"search_term_string"}}],"inLanguage":"fr-FR"}]}},"brands":[],"_links":{"self":[{"href":"https:\/\/www.smartystore.it\/fr\/wp-json\/wp\/v2\/product\/97172","targetHints":{"allow":["GET"]}}],"collection":[{"href":"https:\/\/www.smartystore.it\/fr\/wp-json\/wp\/v2\/product"}],"about":[{"href":"https:\/\/www.smartystore.it\/fr\/wp-json\/wp\/v2\/types\/product"}],"replies":[{"embeddable":true,"href":"https:\/\/www.smartystore.it\/fr\/wp-json\/wp\/v2\/comments?post=97172"}],"wp:featuredmedia":[{"embeddable":true,"href":"https:\/\/www.smartystore.it\/fr\/wp-json\/wp\/v2\/media\/87147"}],"wp:attachment":[{"href":"https:\/\/www.smartystore.it\/fr\/wp-json\/wp\/v2\/media?parent=97172"}],"wp:term":[{"taxonomy":"pwb-brand","embeddable":true,"href":"https:\/\/www.smartystore.it\/fr\/wp-json\/wp\/v2\/pwb-brand?post=97172"},{"taxonomy":"product_brand","embeddable":true,"href":"https:\/\/www.smartystore.it\/fr\/wp-json\/wp\/v2\/product_brand?post=97172"},{"taxonomy":"product_cat","embeddable":true,"href":"https:\/\/www.smartystore.it\/fr\/wp-json\/wp\/v2\/product_cat?post=97172"},{"taxonomy":"product_tag","embeddable":true,"href":"https:\/\/www.smartystore.it\/fr\/wp-json\/wp\/v2\/product_tag?post=97172"}],"curies":[{"name":"wp","href":"https:\/\/api.w.org\/{rel}","templated":true}]}}