{"id":97069,"date":"2026-01-30T18:22:21","date_gmt":"2026-01-30T16:22:21","guid":{"rendered":"https:\/\/www.smartystore.it\/?post_type=product&#038;p=97069"},"modified":"2026-01-31T11:57:10","modified_gmt":"2026-01-31T09:57:10","slug":"lightbox-autoportante-affiche-mince-avec-tissu-retroeclaire-copia","status":"publish","type":"product","link":"https:\/\/www.smartystore.it\/fr\/prodotto\/lightbox-autoportante-affiche-mince-avec-tissu-retroeclaire-copia\/","title":{"rendered":"Lightbox Noir Pr\u00e9sentoir autoportant avec tissu r\u00e9tro-\u00e9clair\u00e9"},"content":{"rendered":"<div class=\"wpb-content-wrapper\"><p>[vc_row][vc_column][vc_column_text css=\u00a0\u00bb\u00a0\u00bb css_params=\u00a0\u00bb\u00a0\u00bb]<\/p>\n<h1>Pr\u00e9sentoir autoportant Lightbox noir avec tissu r\u00e9tro\u00e9clair\u00e9<\/h1>\n<p>Le pr\u00e9sentoir autoportant double face Black Lightbox repr\u00e9sente une solution innovante et polyvalente pour ceux qui souhaitent mettre en valeur leur message publicitaire de mani\u00e8re efficace et accrocheuse. Ce produit, au design \u00e9l\u00e9gant et fonctionnel, se distingue par sa structure en aluminium noir, qui lui conf\u00e8re un aspect moderne et raffin\u00e9, parfait pour les environnements commerciaux et les foires.<\/p>\n<p>L&rsquo;impression sur tissu avec \u0153illet p\u00e9rim\u00e9trique garantit d&rsquo;excellentes performances graphiques, ce qui permet de pr\u00e9senter des graphiques audacieux et agressifs. La structure noire met non seulement en valeur le totem, mais aussi le message imprim\u00e9, attirant imm\u00e9diatement l&rsquo;attention du public.<\/p>\n<p>Disponible en deux hauteurs (200 cm et 250 cm), ce pr\u00e9sentoir est con\u00e7u pour s&rsquo;adapter aux diff\u00e9rentes exigences en mati\u00e8re d&rsquo;espace et de visibilit\u00e9. Les profil\u00e9s lat\u00e9raux noirs avec aimants int\u00e9gr\u00e9s permettent de placer plusieurs pr\u00e9sentoirs c\u00f4te \u00e0 c\u00f4te, cr\u00e9ant ainsi un mur continu qui amplifie la pr\u00e9sence visuelle et le message global.<\/p>\n<h2>\u00c9clairage p\u00e9riph\u00e9rique du Lightbox Black Freestanding Display with Backlit Fabric<\/h2>\n<p>L&rsquo;une des caract\u00e9ristiques de ce caisson lumineux est sa structure dot\u00e9e d&rsquo;un \u00e9clairage LED p\u00e9rim\u00e9trique, qui fournit une lumi\u00e8re uniforme et enveloppante, id\u00e9ale pour mettre en valeur les graphiques imprim\u00e9s. L&rsquo;\u00e9clairage facilite non seulement la lecture du message publicitaire, m\u00eame dans des conditions de faible luminosit\u00e9, mais contribue \u00e9galement \u00e0 cr\u00e9er une atmosph\u00e8re chaleureuse et professionnelle.<\/p>\n<p>Gr\u00e2ce \u00e0 sa structure autoportante et \u00e0 son alimentation \u00e9lectrique int\u00e9gr\u00e9e, ce pr\u00e9sentoir peut \u00eatre facilement positionn\u00e9 dans n&rsquo;importe quel environnement sans n\u00e9cessiter d&rsquo;\u00e9l\u00e9ments de soutien suppl\u00e9mentaires. En outre, les feuilles de tissu sont extr\u00eamement faciles \u00e0 changer, ce qui permet d&rsquo;actualiser rapidement et simplement le message publicitaire afin de maintenir l&rsquo;attention des clients \u00e0 tout moment.<\/p>\n<p>Pour garantir la s\u00e9curit\u00e9 pendant le transport, le pr\u00e9sentoir est vendu dans une mallette rigide avec protection en mousse, ce qui garantit qu&rsquo;il reste intact et pr\u00eat \u00e0 l&#8217;emploi \u00e0 tout moment. Enfin, des feuilles de remplacement avec des graphiques personnalis\u00e9s sont disponibles ; pour commander, il suffit d&rsquo;envoyer le fichier d&rsquo;impression au format PDF \u00e0 smartystore.co.uk, ce qui rend le processus rapide et facile.<\/p>\n<p>En conclusion, le Lightbox Black Freestanding Display with Backlit Fabric est un outil efficace de communication visuelle, alliant esth\u00e9tique, fonctionnalit\u00e9 et praticit\u00e9.<\/p>\n<p>&nbsp;<\/p>\n<p>&nbsp;<\/p>\n<h3>Caract\u00e9ristiques<\/h3>\n<ul>\n<li>Totem autoportant en aluminium noir Caisson lumineux<\/li>\n<li>Impression par sublimation recto-verso sur un tissu tr\u00e8s r\u00e9sistant<\/li>\n<li>LED p\u00e9rim\u00e9triques avec c\u00e2blage interne<\/li>\n<li>Temp\u00e9rature : 6500 Kelvin<\/li>\n<li>Assemblage par encliquetage sans outils<\/li>\n<li>Pieds plats en aluminium peint en noir<\/li>\n<li>Mat\u00e9riau : aluminium<\/li>\n<li>Mallette de transport rigide incluse.<\/li>\n<li>Impression sur tissu des deux c\u00f4t\u00e9s du totem<\/li>\n<li>Dimensions SAD-LTBX80200N (cm) : L 100,0 x H 200,0 x P 8,0<br \/>\nDimensions SAD-LTBX80250N (cm) : L 100,0 x H 250,0 x P 8,0<\/li>\n<li>Poids SAD-LTBX80200N (Kg.) : 15.0<br \/>\nPoids SAD-LTBX80250N (Kg.) : 16.0<\/li>\n<li>Alimentation : 220-240V avec transformateur fourni<\/li>\n<li>Consommation \u00e9lectrique : 100W max.<\/li>\n<\/ul>\n<p>&nbsp;<\/p>\n<p>Voir tous les caissons lumineux disponibles \u00e0 ce LIEN<\/p>\n<p>[\/vc_column_text][\/vc_column][\/vc_row]<\/p>\n<\/div>","protected":false},"excerpt":{"rendered":"<p>Caisson lumineux noir autoportant avec tissu r\u00e9tro\u00e9clair\u00e9 par LED sur les deux faces, disponible dans les tailles 100&#215;200 et 100&#215;250<\/p>\n","protected":false},"featured_media":97078,"comment_status":"open","ping_status":"closed","template":"","meta":{"_acf_changed":false},"pwb-brand":[],"product_brand":[],"product_cat":[6100,3681,3679],"product_tag":[6114,6250,6117,6249,6251,6247,6115,6252,6248],"class_list":{"0":"post-97069","1":"product","2":"type-product","3":"status-publish","4":"has-post-thumbnail","6":"product_cat-presentoirs-en-tissu-caisson-lumineux","7":"product_cat-totem-slim-fr","8":"product_cat-totems-publicitaires-et-dinformation","9":"product_tag-boite-lumineuse-murale-autoportante-avec-impression-recto-verso","10":"product_tag-boite-lumineuse-noire-double-face-avec-impression-sur-tissu","11":"product_tag-cloison-lumineuse-avec-impression-recto-verso","12":"product_tag-double-face-caisson-lumineux-totem-noir","13":"product_tag-lightbox-totem-lumineux-double-face-noir-100x200","14":"product_tag-presentoir-autoportant-lightbox-noir","15":"product_tag-presentoir-double-face-autoportant-lightbox","16":"product_tag-recto-verso-caisson-lumineux-totem-noir-100x250","17":"product_tag-totem-double-face-noir-lightbox","18":"pa_c2c_color-noir","19":"pa_c2c_configurazione-structure-avec-impressions-sur-le-devant-et-le-dos","20":"pa_c2c_configurazione-structure-uniquement","21":"pa_c2c_configurazione-tissu-imprime-de-remplacement","22":"pa_c2c_dimensione-cm-100x200-fr","23":"pa_c2c_dimensione-cm-100x250-fr","25":"first","26":"instock","27":"taxable","28":"shipping-taxable","29":"purchasable","30":"product-type-variable"},"acf":[],"yoast_head":"<!-- This site is optimized with the Yoast SEO plugin v27.4 - https:\/\/yoast.com\/product\/yoast-seo-wordpress\/ -->\n<title>Lightbox Noir Pr\u00e9sentoir autoportant avec tissu r\u00e9tro-\u00e9clair\u00e9 - Achetez au Meilleur Prix<\/title>\n<meta name=\"description\" content=\"Caisson lumineux noir autoportant Totem Display avec tissu double face r\u00e9tro-\u00e9clair\u00e9 par LED 100x200 et 100x250. Assemblage facile sans outils\" \/>\n<meta name=\"robots\" content=\"index, follow, max-snippet:-1, max-image-preview:large, max-video-preview:-1\" \/>\n<link rel=\"canonical\" href=\"https:\/\/www.smartystore.it\/fr\/prodotto\/lightbox-autoportante-affiche-mince-avec-tissu-retroeclaire-copia\/\" \/>\n<meta property=\"og:locale\" content=\"fr_FR\" \/>\n<meta property=\"og:type\" content=\"article\" \/>\n<meta property=\"og:title\" content=\"Lightbox Noir Pr\u00e9sentoir autoportant avec tissu r\u00e9tro-\u00e9clair\u00e9 - Achetez au Meilleur Prix\" \/>\n<meta property=\"og:description\" content=\"Caisson lumineux noir autoportant Totem Display avec tissu double face r\u00e9tro-\u00e9clair\u00e9 par LED 100x200 et 100x250. Assemblage facile sans outils\" \/>\n<meta property=\"og:url\" content=\"https:\/\/www.smartystore.it\/fr\/prodotto\/lightbox-autoportante-affiche-mince-avec-tissu-retroeclaire-copia\/\" \/>\n<meta property=\"og:site_name\" content=\"Smarty Store\" \/>\n<meta property=\"article:modified_time\" content=\"2026-01-31T09:57:10+00:00\" \/>\n<meta property=\"og:image\" content=\"https:\/\/www.smartystore.it\/v25\/wp-content\/uploads\/2026\/01\/Totem-Lightbox-luminoso-nero-100x200-SAD-LTBX8020N.jpg\" \/>\n\t<meta property=\"og:image:width\" content=\"1000\" \/>\n\t<meta property=\"og:image:height\" content=\"1000\" \/>\n\t<meta property=\"og:image:type\" content=\"image\/jpeg\" \/>\n<meta name=\"twitter:card\" content=\"summary_large_image\" \/>\n<meta name=\"twitter:label1\" content=\"Dur\u00e9e de lecture estim\u00e9e\" \/>\n\t<meta name=\"twitter:data1\" content=\"3 minutes\" \/>\n<script type=\"application\/ld+json\" class=\"yoast-schema-graph\">{\"@context\":\"https:\\\/\\\/schema.org\",\"@graph\":[{\"@type\":\"WebPage\",\"@id\":\"https:\\\/\\\/www.smartystore.it\\\/fr\\\/prodotto\\\/lightbox-autoportante-affiche-mince-avec-tissu-retroeclaire-copia\\\/\",\"url\":\"https:\\\/\\\/www.smartystore.it\\\/fr\\\/prodotto\\\/lightbox-autoportante-affiche-mince-avec-tissu-retroeclaire-copia\\\/\",\"name\":\"Lightbox Noir Pr\u00e9sentoir autoportant avec tissu r\u00e9tro-\u00e9clair\u00e9 - Achetez au Meilleur Prix\",\"isPartOf\":{\"@id\":\"https:\\\/\\\/www.smartystore.it\\\/fr\\\/#website\"},\"primaryImageOfPage\":{\"@id\":\"https:\\\/\\\/www.smartystore.it\\\/fr\\\/prodotto\\\/lightbox-autoportante-affiche-mince-avec-tissu-retroeclaire-copia\\\/#primaryimage\"},\"image\":{\"@id\":\"https:\\\/\\\/www.smartystore.it\\\/fr\\\/prodotto\\\/lightbox-autoportante-affiche-mince-avec-tissu-retroeclaire-copia\\\/#primaryimage\"},\"thumbnailUrl\":\"https:\\\/\\\/www.smartystore.it\\\/v25\\\/wp-content\\\/uploads\\\/2026\\\/01\\\/Totem-Lightbox-luminoso-nero-100x200-SAD-LTBX8020N.jpg\",\"datePublished\":\"2026-01-30T16:22:21+00:00\",\"dateModified\":\"2026-01-31T09:57:10+00:00\",\"description\":\"Caisson lumineux noir autoportant Totem Display avec tissu double face r\u00e9tro-\u00e9clair\u00e9 par LED 100x200 et 100x250. Assemblage facile sans outils\",\"breadcrumb\":{\"@id\":\"https:\\\/\\\/www.smartystore.it\\\/fr\\\/prodotto\\\/lightbox-autoportante-affiche-mince-avec-tissu-retroeclaire-copia\\\/#breadcrumb\"},\"inLanguage\":\"fr-FR\",\"potentialAction\":[{\"@type\":\"ReadAction\",\"target\":[\"https:\\\/\\\/www.smartystore.it\\\/fr\\\/prodotto\\\/lightbox-autoportante-affiche-mince-avec-tissu-retroeclaire-copia\\\/\"]}]},{\"@type\":\"ImageObject\",\"inLanguage\":\"fr-FR\",\"@id\":\"https:\\\/\\\/www.smartystore.it\\\/fr\\\/prodotto\\\/lightbox-autoportante-affiche-mince-avec-tissu-retroeclaire-copia\\\/#primaryimage\",\"url\":\"https:\\\/\\\/www.smartystore.it\\\/v25\\\/wp-content\\\/uploads\\\/2026\\\/01\\\/Totem-Lightbox-luminoso-nero-100x200-SAD-LTBX8020N.jpg\",\"contentUrl\":\"https:\\\/\\\/www.smartystore.it\\\/v25\\\/wp-content\\\/uploads\\\/2026\\\/01\\\/Totem-Lightbox-luminoso-nero-100x200-SAD-LTBX8020N.jpg\",\"width\":1000,\"height\":1000,\"caption\":\"Totem Espositore Lightbox nero Autoportante con tessuto retroilluminato a LED bifacciale\"},{\"@type\":\"BreadcrumbList\",\"@id\":\"https:\\\/\\\/www.smartystore.it\\\/fr\\\/prodotto\\\/lightbox-autoportante-affiche-mince-avec-tissu-retroeclaire-copia\\\/#breadcrumb\",\"itemListElement\":[{\"@type\":\"ListItem\",\"position\":1,\"name\":\"Home\",\"item\":\"https:\\\/\\\/www.smartystore.it\\\/fr\\\/\"},{\"@type\":\"ListItem\",\"position\":2,\"name\":\"Boutique\",\"item\":\"https:\\\/\\\/www.smartystore.it\\\/fr\\\/boutique\\\/\"},{\"@type\":\"ListItem\",\"position\":3,\"name\":\"Lightbox Noir Pr\u00e9sentoir autoportant avec tissu r\u00e9tro-\u00e9clair\u00e9\"}]},{\"@type\":\"WebSite\",\"@id\":\"https:\\\/\\\/www.smartystore.it\\\/fr\\\/#website\",\"url\":\"https:\\\/\\\/www.smartystore.it\\\/fr\\\/\",\"name\":\"Smarty Store\",\"description\":\"Espositori Pubblicitari e Sistemi di Comunicazione Visiva\",\"potentialAction\":[{\"@type\":\"SearchAction\",\"target\":{\"@type\":\"EntryPoint\",\"urlTemplate\":\"https:\\\/\\\/www.smartystore.it\\\/fr\\\/?s={search_term_string}\"},\"query-input\":{\"@type\":\"PropertyValueSpecification\",\"valueRequired\":true,\"valueName\":\"search_term_string\"}}],\"inLanguage\":\"fr-FR\"}]}<\/script>\n<!-- \/ Yoast SEO plugin. -->","yoast_head_json":{"title":"Lightbox Noir Pr\u00e9sentoir autoportant avec tissu r\u00e9tro-\u00e9clair\u00e9 - Achetez au Meilleur Prix","description":"Caisson lumineux noir autoportant Totem Display avec tissu double face r\u00e9tro-\u00e9clair\u00e9 par LED 100x200 et 100x250. Assemblage facile sans outils","robots":{"index":"index","follow":"follow","max-snippet":"max-snippet:-1","max-image-preview":"max-image-preview:large","max-video-preview":"max-video-preview:-1"},"canonical":"https:\/\/www.smartystore.it\/fr\/prodotto\/lightbox-autoportante-affiche-mince-avec-tissu-retroeclaire-copia\/","og_locale":"fr_FR","og_type":"article","og_title":"Lightbox Noir Pr\u00e9sentoir autoportant avec tissu r\u00e9tro-\u00e9clair\u00e9 - Achetez au Meilleur Prix","og_description":"Caisson lumineux noir autoportant Totem Display avec tissu double face r\u00e9tro-\u00e9clair\u00e9 par LED 100x200 et 100x250. Assemblage facile sans outils","og_url":"https:\/\/www.smartystore.it\/fr\/prodotto\/lightbox-autoportante-affiche-mince-avec-tissu-retroeclaire-copia\/","og_site_name":"Smarty Store","article_modified_time":"2026-01-31T09:57:10+00:00","og_image":[{"width":1000,"height":1000,"url":"https:\/\/www.smartystore.it\/v25\/wp-content\/uploads\/2026\/01\/Totem-Lightbox-luminoso-nero-100x200-SAD-LTBX8020N.jpg","type":"image\/jpeg"}],"twitter_card":"summary_large_image","twitter_misc":{"Dur\u00e9e de lecture estim\u00e9e":"3 minutes"},"schema":{"@context":"https:\/\/schema.org","@graph":[{"@type":"WebPage","@id":"https:\/\/www.smartystore.it\/fr\/prodotto\/lightbox-autoportante-affiche-mince-avec-tissu-retroeclaire-copia\/","url":"https:\/\/www.smartystore.it\/fr\/prodotto\/lightbox-autoportante-affiche-mince-avec-tissu-retroeclaire-copia\/","name":"Lightbox Noir Pr\u00e9sentoir autoportant avec tissu r\u00e9tro-\u00e9clair\u00e9 - Achetez au Meilleur Prix","isPartOf":{"@id":"https:\/\/www.smartystore.it\/fr\/#website"},"primaryImageOfPage":{"@id":"https:\/\/www.smartystore.it\/fr\/prodotto\/lightbox-autoportante-affiche-mince-avec-tissu-retroeclaire-copia\/#primaryimage"},"image":{"@id":"https:\/\/www.smartystore.it\/fr\/prodotto\/lightbox-autoportante-affiche-mince-avec-tissu-retroeclaire-copia\/#primaryimage"},"thumbnailUrl":"https:\/\/www.smartystore.it\/v25\/wp-content\/uploads\/2026\/01\/Totem-Lightbox-luminoso-nero-100x200-SAD-LTBX8020N.jpg","datePublished":"2026-01-30T16:22:21+00:00","dateModified":"2026-01-31T09:57:10+00:00","description":"Caisson lumineux noir autoportant Totem Display avec tissu double face r\u00e9tro-\u00e9clair\u00e9 par LED 100x200 et 100x250. Assemblage facile sans outils","breadcrumb":{"@id":"https:\/\/www.smartystore.it\/fr\/prodotto\/lightbox-autoportante-affiche-mince-avec-tissu-retroeclaire-copia\/#breadcrumb"},"inLanguage":"fr-FR","potentialAction":[{"@type":"ReadAction","target":["https:\/\/www.smartystore.it\/fr\/prodotto\/lightbox-autoportante-affiche-mince-avec-tissu-retroeclaire-copia\/"]}]},{"@type":"ImageObject","inLanguage":"fr-FR","@id":"https:\/\/www.smartystore.it\/fr\/prodotto\/lightbox-autoportante-affiche-mince-avec-tissu-retroeclaire-copia\/#primaryimage","url":"https:\/\/www.smartystore.it\/v25\/wp-content\/uploads\/2026\/01\/Totem-Lightbox-luminoso-nero-100x200-SAD-LTBX8020N.jpg","contentUrl":"https:\/\/www.smartystore.it\/v25\/wp-content\/uploads\/2026\/01\/Totem-Lightbox-luminoso-nero-100x200-SAD-LTBX8020N.jpg","width":1000,"height":1000,"caption":"Totem Espositore Lightbox nero Autoportante con tessuto retroilluminato a LED bifacciale"},{"@type":"BreadcrumbList","@id":"https:\/\/www.smartystore.it\/fr\/prodotto\/lightbox-autoportante-affiche-mince-avec-tissu-retroeclaire-copia\/#breadcrumb","itemListElement":[{"@type":"ListItem","position":1,"name":"Home","item":"https:\/\/www.smartystore.it\/fr\/"},{"@type":"ListItem","position":2,"name":"Boutique","item":"https:\/\/www.smartystore.it\/fr\/boutique\/"},{"@type":"ListItem","position":3,"name":"Lightbox Noir Pr\u00e9sentoir autoportant avec tissu r\u00e9tro-\u00e9clair\u00e9"}]},{"@type":"WebSite","@id":"https:\/\/www.smartystore.it\/fr\/#website","url":"https:\/\/www.smartystore.it\/fr\/","name":"Smarty Store","description":"Espositori Pubblicitari e Sistemi di Comunicazione Visiva","potentialAction":[{"@type":"SearchAction","target":{"@type":"EntryPoint","urlTemplate":"https:\/\/www.smartystore.it\/fr\/?s={search_term_string}"},"query-input":{"@type":"PropertyValueSpecification","valueRequired":true,"valueName":"search_term_string"}}],"inLanguage":"fr-FR"}]}},"brands":[],"_links":{"self":[{"href":"https:\/\/www.smartystore.it\/fr\/wp-json\/wp\/v2\/product\/97069","targetHints":{"allow":["GET"]}}],"collection":[{"href":"https:\/\/www.smartystore.it\/fr\/wp-json\/wp\/v2\/product"}],"about":[{"href":"https:\/\/www.smartystore.it\/fr\/wp-json\/wp\/v2\/types\/product"}],"replies":[{"embeddable":true,"href":"https:\/\/www.smartystore.it\/fr\/wp-json\/wp\/v2\/comments?post=97069"}],"wp:featuredmedia":[{"embeddable":true,"href":"https:\/\/www.smartystore.it\/fr\/wp-json\/wp\/v2\/media\/97078"}],"wp:attachment":[{"href":"https:\/\/www.smartystore.it\/fr\/wp-json\/wp\/v2\/media?parent=97069"}],"wp:term":[{"taxonomy":"pwb-brand","embeddable":true,"href":"https:\/\/www.smartystore.it\/fr\/wp-json\/wp\/v2\/pwb-brand?post=97069"},{"taxonomy":"product_brand","embeddable":true,"href":"https:\/\/www.smartystore.it\/fr\/wp-json\/wp\/v2\/product_brand?post=97069"},{"taxonomy":"product_cat","embeddable":true,"href":"https:\/\/www.smartystore.it\/fr\/wp-json\/wp\/v2\/product_cat?post=97069"},{"taxonomy":"product_tag","embeddable":true,"href":"https:\/\/www.smartystore.it\/fr\/wp-json\/wp\/v2\/product_tag?post=97069"}],"curies":[{"name":"wp","href":"https:\/\/api.w.org\/{rel}","templated":true}]}}