{"id":97059,"date":"2018-07-23T14:40:57","date_gmt":"2018-07-23T12:40:57","guid":{"rendered":"https:\/\/www.smartystore.it\/prodotto\/colonne-de-tension-du-ruban-argente-avec-ruban-rouge-de-5-metres\/"},"modified":"2026-01-30T18:21:39","modified_gmt":"2026-01-30T16:21:39","slug":"colonne-de-tension-du-ruban-argente-avec-ruban-rouge-de-5-metres","status":"publish","type":"product","link":"https:\/\/www.smartystore.it\/fr\/prodotto\/colonne-de-tension-du-ruban-argente-avec-ruban-rouge-de-5-metres\/","title":{"rendered":"Colonne de tension du ruban argent\u00e9 avec ruban rouge de 5 m\u00e8tres"},"content":{"rendered":"<div class=\"wpb-content-wrapper\"><p>[vc_row][vc_column][vc_column_text css=\u00a0\u00bb\u00a0\u00bb css_params=\u00a0\u00bb\u00a0\u00bb]<\/p>\n<h2>Rideau de ruban rouge de 5 m\u00e8tres Colonne de marquage argent\u00e9e<\/h2>\n<p>Le poteau de rideau argent\u00e9 avec ruban rouge de 5 m\u00e8tres est une solution \u00e9l\u00e9gante et fonctionnelle pour la gestion de l&rsquo;espace dans les lieux publics et priv\u00e9s. Fabriqu\u00e9e en acier bross\u00e9, cette borne s&rsquo;int\u00e8gre parfaitement dans les environnements modernes et professionnels.<\/p>\n<p>Le <strong>ruban rouge<\/strong>, d&rsquo;une <strong>longueur d&rsquo;environ<\/strong> 5 <strong>m\u00e8tres<\/strong> et d&rsquo;une hauteur de 5 cm, est durable et tr\u00e8s visible, ce qui permet de d\u00e9limiter clairement les zones. Le m\u00e9canisme d&rsquo;enroulement automatique permet une utilisation facile et s\u00fbre, tandis que le clip de verrouillage et les trois crochets de r\u00e9ception offrent une s\u00e9curit\u00e9 suppl\u00e9mentaire.<\/p>\n<p>Avec un diam\u00e8tre de base de 36 cm et un poteau de 7,7 cm, le poteau atteint une hauteur totale de 101 cm. Le poids total de 10 kg conf\u00e8re \u00e0 la colonne une plus grande stabilit\u00e9, ce qui la rend id\u00e9ale pour les environnements tr\u00e8s fr\u00e9quent\u00e9s ou les situations o\u00f9 une d\u00e9marcation temporaire et s\u00fbre est n\u00e9cessaire.<\/p>\n<p>En outre, nous offrons la possibilit\u00e9 de personnaliser le ruban des deux c\u00f4t\u00e9s avec le logo de l&rsquo;entreprise, disponible en une ou plusieurs couleurs. Cette caract\u00e9ristique permet non seulement d&rsquo;accro\u00eetre la visibilit\u00e9 de la marque, mais aussi de renforcer l&rsquo;identit\u00e9 de l&rsquo;entreprise dans l&rsquo;environnement o\u00f9 elle est plac\u00e9e. Choisissez la colonne de marquage argent\u00e9e pour allier praticit\u00e9 et esth\u00e9tique.<\/p>\n<h3>CARACT\u00c9RISTIQUES<\/h3>\n<ol>\n<li>Colonne marquise en acier bross\u00e9 satin\u00e9 de couleur argent\u00e9e.<\/li>\n<li>Ruban rouge : L 5 m\u00e8tres environ &#8211; H 5 cm.<\/li>\n<li>Enrouleur avec m\u00e9canisme d&rsquo;auto-freinage avec clip de verrouillage de s\u00e9curit\u00e9 et trois crochets de r\u00e9ception.<\/li>\n<li>Base avec couvercle en acier \u00d8 36 cm, colonne \u00d8 7,7 cm, hauteur de la colonne 101 cm.<\/li>\n<li>Poids total de la colonne : 10 kg &#8211; Le poids assure une plus grande stabilit\u00e9.<\/li>\n<li>Le co\u00fbt se r\u00e9f\u00e8re \u00e0 une colonne compl\u00e8te avec un classeur \u00e0 ruban rouge.<\/li>\n<li>Possibilit\u00e9 de personnaliser le ruban des deux c\u00f4t\u00e9s avec un logo en une ou plusieurs couleurs (contactez-nous pour plus d&rsquo;informations et pour conna\u00eetre les co\u00fbts).<\/li>\n<\/ol>\n<p><a href=\"https:\/\/www.smartystore.it\/v25\/wp-content\/uploads\/2026\/01\/STR-STOP500.pdf\" target=\"_blank\" rel=\"noopener\"><img loading=\"lazy\" decoding=\"async\" class=\"alignnone size-full wp-image-93672\" src=\"https:\/\/www.smartystore.it\/v25\/wp-content\/uploads\/2023\/11\/LogoDownload_yellow.jpg\" alt=\"\" width=\"50\" height=\"50\" \/><\/a> <a href=\"https:\/\/www.smartystore.it\/v25\/wp-content\/uploads\/2026\/01\/STR-STOP500.pdf\" target=\"_blank\" rel=\"noopener\"><strong>FICHE TECHNIQUE<\/strong><\/a><\/p>\n<p>[\/vc_column_text][\/vc_column][\/vc_row]<\/p>\n<\/div>","protected":false},"excerpt":{"rendered":"<p>Colonne en acier satin\u00e9 et ruban rouge de 5 m\u00e8tres.<\/p>\n<p>&nbsp;<\/p>\n","protected":false},"featured_media":97057,"comment_status":"open","ping_status":"closed","template":"","meta":{"_acf_changed":false},"pwb-brand":[],"product_brand":[],"product_cat":[3676,3078,3079],"product_tag":[4258,6232,6212,6225,4273,6231,6226,4274],"class_list":{"0":"post-97059","1":"product","2":"type-product","3":"status-publish","4":"has-post-thumbnail","6":"product_cat-balises-ditineraire-speciales","7":"product_cat-poteau-de-separation","8":"product_cat-poteau-de-separation-fr","9":"product_tag-colonne-de-marquage","10":"product_tag-colonne-rouge-de-5-metres","11":"product_tag-colonne-tendineuse-flex-tape-de-5-metres","12":"product_tag-piquets-avec-ruban-amovible-de-5-metres","13":"product_tag-poteau-de-balisage-argente","14":"product_tag-poteau-de-marquage-argente-avec-ruban-rouge","15":"product_tag-poteau-de-tension-flex-line-gris-5-metres","16":"product_tag-poteaux-de-guidage-de-la-lime-argentee","17":"pa_c2c_color-rouge","18":"pa_c2c_dimensione-5-metres","19":"pa_c2c_trovraprezzi-oui","21":"first","22":"instock","23":"taxable","24":"shipping-taxable","25":"purchasable","26":"product-type-simple"},"acf":[],"yoast_head":"<!-- This site is optimized with the Yoast SEO plugin v27.4 - https:\/\/yoast.com\/product\/yoast-seo-wordpress\/ -->\n<title>Colonne de tension du ruban argent\u00e9 avec ruban rouge de 5 m\u00e8tres - Smarty Store<\/title>\n<meta name=\"description\" content=\"Colonne de tension argent\u00e9e avec ruban rouge de 5 m\u00e8tres. Complet avec r\u00e9tracteur automatique avec syst\u00e8me de freinage et clip de s\u00e9curit\u00e9.\" \/>\n<meta name=\"robots\" content=\"index, follow, max-snippet:-1, max-image-preview:large, max-video-preview:-1\" \/>\n<link rel=\"canonical\" href=\"https:\/\/www.smartystore.it\/fr\/prodotto\/colonne-de-tension-du-ruban-argente-avec-ruban-rouge-de-5-metres\/\" \/>\n<meta property=\"og:locale\" content=\"fr_FR\" \/>\n<meta property=\"og:type\" content=\"article\" \/>\n<meta property=\"og:title\" content=\"Colonne de tension du ruban argent\u00e9 avec ruban rouge de 5 m\u00e8tres - Smarty Store\" \/>\n<meta property=\"og:description\" content=\"Colonne de tension argent\u00e9e avec ruban rouge de 5 m\u00e8tres. Complet avec r\u00e9tracteur automatique avec syst\u00e8me de freinage et clip de s\u00e9curit\u00e9.\" \/>\n<meta property=\"og:url\" content=\"https:\/\/www.smartystore.it\/fr\/prodotto\/colonne-de-tension-du-ruban-argente-avec-ruban-rouge-de-5-metres\/\" \/>\n<meta property=\"og:site_name\" content=\"Smarty Store\" \/>\n<meta property=\"article:modified_time\" content=\"2026-01-30T16:21:39+00:00\" \/>\n<meta property=\"og:image\" content=\"https:\/\/www.smartystore.it\/v25\/wp-content\/uploads\/2018\/07\/Colonnina-segna-percorso-classic-nastro-5-metri-rosso-1.jpg\" \/>\n\t<meta property=\"og:image:width\" content=\"1000\" \/>\n\t<meta property=\"og:image:height\" content=\"1000\" \/>\n\t<meta property=\"og:image:type\" content=\"image\/jpeg\" \/>\n<meta name=\"twitter:card\" content=\"summary_large_image\" \/>\n<meta name=\"twitter:label1\" content=\"Dur\u00e9e de lecture estim\u00e9e\" \/>\n\t<meta name=\"twitter:data1\" content=\"3 minutes\" \/>\n<script type=\"application\/ld+json\" class=\"yoast-schema-graph\">{\"@context\":\"https:\\\/\\\/schema.org\",\"@graph\":[{\"@type\":\"WebPage\",\"@id\":\"https:\\\/\\\/www.smartystore.it\\\/fr\\\/prodotto\\\/colonne-de-tension-du-ruban-argente-avec-ruban-rouge-de-5-metres\\\/\",\"url\":\"https:\\\/\\\/www.smartystore.it\\\/fr\\\/prodotto\\\/colonne-de-tension-du-ruban-argente-avec-ruban-rouge-de-5-metres\\\/\",\"name\":\"Colonne de tension du ruban argent\u00e9 avec ruban rouge de 5 m\u00e8tres - Smarty Store\",\"isPartOf\":{\"@id\":\"https:\\\/\\\/www.smartystore.it\\\/fr\\\/#website\"},\"primaryImageOfPage\":{\"@id\":\"https:\\\/\\\/www.smartystore.it\\\/fr\\\/prodotto\\\/colonne-de-tension-du-ruban-argente-avec-ruban-rouge-de-5-metres\\\/#primaryimage\"},\"image\":{\"@id\":\"https:\\\/\\\/www.smartystore.it\\\/fr\\\/prodotto\\\/colonne-de-tension-du-ruban-argente-avec-ruban-rouge-de-5-metres\\\/#primaryimage\"},\"thumbnailUrl\":\"https:\\\/\\\/www.smartystore.it\\\/v25\\\/wp-content\\\/uploads\\\/2018\\\/07\\\/Colonnina-segna-percorso-classic-nastro-5-metri-rosso-1.jpg\",\"datePublished\":\"2018-07-23T12:40:57+00:00\",\"dateModified\":\"2026-01-30T16:21:39+00:00\",\"description\":\"Colonne de tension argent\u00e9e avec ruban rouge de 5 m\u00e8tres. Complet avec r\u00e9tracteur automatique avec syst\u00e8me de freinage et clip de s\u00e9curit\u00e9.\",\"breadcrumb\":{\"@id\":\"https:\\\/\\\/www.smartystore.it\\\/fr\\\/prodotto\\\/colonne-de-tension-du-ruban-argente-avec-ruban-rouge-de-5-metres\\\/#breadcrumb\"},\"inLanguage\":\"fr-FR\",\"potentialAction\":[{\"@type\":\"ReadAction\",\"target\":[\"https:\\\/\\\/www.smartystore.it\\\/fr\\\/prodotto\\\/colonne-de-tension-du-ruban-argente-avec-ruban-rouge-de-5-metres\\\/\"]}]},{\"@type\":\"ImageObject\",\"inLanguage\":\"fr-FR\",\"@id\":\"https:\\\/\\\/www.smartystore.it\\\/fr\\\/prodotto\\\/colonne-de-tension-du-ruban-argente-avec-ruban-rouge-de-5-metres\\\/#primaryimage\",\"url\":\"https:\\\/\\\/www.smartystore.it\\\/v25\\\/wp-content\\\/uploads\\\/2018\\\/07\\\/Colonnina-segna-percorso-classic-nastro-5-metri-rosso-1.jpg\",\"contentUrl\":\"https:\\\/\\\/www.smartystore.it\\\/v25\\\/wp-content\\\/uploads\\\/2018\\\/07\\\/Colonnina-segna-percorso-classic-nastro-5-metri-rosso-1.jpg\",\"width\":1000,\"height\":1000,\"caption\":\"Colonne argent\u00e9e de 5 m\u00e8tres avec ruban rouge\"},{\"@type\":\"BreadcrumbList\",\"@id\":\"https:\\\/\\\/www.smartystore.it\\\/fr\\\/prodotto\\\/colonne-de-tension-du-ruban-argente-avec-ruban-rouge-de-5-metres\\\/#breadcrumb\",\"itemListElement\":[{\"@type\":\"ListItem\",\"position\":1,\"name\":\"Home\",\"item\":\"https:\\\/\\\/www.smartystore.it\\\/fr\\\/\"},{\"@type\":\"ListItem\",\"position\":2,\"name\":\"Boutique\",\"item\":\"https:\\\/\\\/www.smartystore.it\\\/fr\\\/boutique\\\/\"},{\"@type\":\"ListItem\",\"position\":3,\"name\":\"Colonne de tension du ruban argent\u00e9 avec ruban rouge de 5 m\u00e8tres\"}]},{\"@type\":\"WebSite\",\"@id\":\"https:\\\/\\\/www.smartystore.it\\\/fr\\\/#website\",\"url\":\"https:\\\/\\\/www.smartystore.it\\\/fr\\\/\",\"name\":\"Smarty Store\",\"description\":\"Espositori Pubblicitari e Sistemi di Comunicazione Visiva\",\"potentialAction\":[{\"@type\":\"SearchAction\",\"target\":{\"@type\":\"EntryPoint\",\"urlTemplate\":\"https:\\\/\\\/www.smartystore.it\\\/fr\\\/?s={search_term_string}\"},\"query-input\":{\"@type\":\"PropertyValueSpecification\",\"valueRequired\":true,\"valueName\":\"search_term_string\"}}],\"inLanguage\":\"fr-FR\"}]}<\/script>\n<!-- \/ Yoast SEO plugin. -->","yoast_head_json":{"title":"Colonne de tension du ruban argent\u00e9 avec ruban rouge de 5 m\u00e8tres - Smarty Store","description":"Colonne de tension argent\u00e9e avec ruban rouge de 5 m\u00e8tres. Complet avec r\u00e9tracteur automatique avec syst\u00e8me de freinage et clip de s\u00e9curit\u00e9.","robots":{"index":"index","follow":"follow","max-snippet":"max-snippet:-1","max-image-preview":"max-image-preview:large","max-video-preview":"max-video-preview:-1"},"canonical":"https:\/\/www.smartystore.it\/fr\/prodotto\/colonne-de-tension-du-ruban-argente-avec-ruban-rouge-de-5-metres\/","og_locale":"fr_FR","og_type":"article","og_title":"Colonne de tension du ruban argent\u00e9 avec ruban rouge de 5 m\u00e8tres - Smarty Store","og_description":"Colonne de tension argent\u00e9e avec ruban rouge de 5 m\u00e8tres. Complet avec r\u00e9tracteur automatique avec syst\u00e8me de freinage et clip de s\u00e9curit\u00e9.","og_url":"https:\/\/www.smartystore.it\/fr\/prodotto\/colonne-de-tension-du-ruban-argente-avec-ruban-rouge-de-5-metres\/","og_site_name":"Smarty Store","article_modified_time":"2026-01-30T16:21:39+00:00","og_image":[{"width":1000,"height":1000,"url":"https:\/\/www.smartystore.it\/v25\/wp-content\/uploads\/2018\/07\/Colonnina-segna-percorso-classic-nastro-5-metri-rosso-1.jpg","type":"image\/jpeg"}],"twitter_card":"summary_large_image","twitter_misc":{"Dur\u00e9e de lecture estim\u00e9e":"3 minutes"},"schema":{"@context":"https:\/\/schema.org","@graph":[{"@type":"WebPage","@id":"https:\/\/www.smartystore.it\/fr\/prodotto\/colonne-de-tension-du-ruban-argente-avec-ruban-rouge-de-5-metres\/","url":"https:\/\/www.smartystore.it\/fr\/prodotto\/colonne-de-tension-du-ruban-argente-avec-ruban-rouge-de-5-metres\/","name":"Colonne de tension du ruban argent\u00e9 avec ruban rouge de 5 m\u00e8tres - Smarty Store","isPartOf":{"@id":"https:\/\/www.smartystore.it\/fr\/#website"},"primaryImageOfPage":{"@id":"https:\/\/www.smartystore.it\/fr\/prodotto\/colonne-de-tension-du-ruban-argente-avec-ruban-rouge-de-5-metres\/#primaryimage"},"image":{"@id":"https:\/\/www.smartystore.it\/fr\/prodotto\/colonne-de-tension-du-ruban-argente-avec-ruban-rouge-de-5-metres\/#primaryimage"},"thumbnailUrl":"https:\/\/www.smartystore.it\/v25\/wp-content\/uploads\/2018\/07\/Colonnina-segna-percorso-classic-nastro-5-metri-rosso-1.jpg","datePublished":"2018-07-23T12:40:57+00:00","dateModified":"2026-01-30T16:21:39+00:00","description":"Colonne de tension argent\u00e9e avec ruban rouge de 5 m\u00e8tres. Complet avec r\u00e9tracteur automatique avec syst\u00e8me de freinage et clip de s\u00e9curit\u00e9.","breadcrumb":{"@id":"https:\/\/www.smartystore.it\/fr\/prodotto\/colonne-de-tension-du-ruban-argente-avec-ruban-rouge-de-5-metres\/#breadcrumb"},"inLanguage":"fr-FR","potentialAction":[{"@type":"ReadAction","target":["https:\/\/www.smartystore.it\/fr\/prodotto\/colonne-de-tension-du-ruban-argente-avec-ruban-rouge-de-5-metres\/"]}]},{"@type":"ImageObject","inLanguage":"fr-FR","@id":"https:\/\/www.smartystore.it\/fr\/prodotto\/colonne-de-tension-du-ruban-argente-avec-ruban-rouge-de-5-metres\/#primaryimage","url":"https:\/\/www.smartystore.it\/v25\/wp-content\/uploads\/2018\/07\/Colonnina-segna-percorso-classic-nastro-5-metri-rosso-1.jpg","contentUrl":"https:\/\/www.smartystore.it\/v25\/wp-content\/uploads\/2018\/07\/Colonnina-segna-percorso-classic-nastro-5-metri-rosso-1.jpg","width":1000,"height":1000,"caption":"Colonne argent\u00e9e de 5 m\u00e8tres avec ruban rouge"},{"@type":"BreadcrumbList","@id":"https:\/\/www.smartystore.it\/fr\/prodotto\/colonne-de-tension-du-ruban-argente-avec-ruban-rouge-de-5-metres\/#breadcrumb","itemListElement":[{"@type":"ListItem","position":1,"name":"Home","item":"https:\/\/www.smartystore.it\/fr\/"},{"@type":"ListItem","position":2,"name":"Boutique","item":"https:\/\/www.smartystore.it\/fr\/boutique\/"},{"@type":"ListItem","position":3,"name":"Colonne de tension du ruban argent\u00e9 avec ruban rouge de 5 m\u00e8tres"}]},{"@type":"WebSite","@id":"https:\/\/www.smartystore.it\/fr\/#website","url":"https:\/\/www.smartystore.it\/fr\/","name":"Smarty Store","description":"Espositori Pubblicitari e Sistemi di Comunicazione Visiva","potentialAction":[{"@type":"SearchAction","target":{"@type":"EntryPoint","urlTemplate":"https:\/\/www.smartystore.it\/fr\/?s={search_term_string}"},"query-input":{"@type":"PropertyValueSpecification","valueRequired":true,"valueName":"search_term_string"}}],"inLanguage":"fr-FR"}]}},"brands":[],"_links":{"self":[{"href":"https:\/\/www.smartystore.it\/fr\/wp-json\/wp\/v2\/product\/97059","targetHints":{"allow":["GET"]}}],"collection":[{"href":"https:\/\/www.smartystore.it\/fr\/wp-json\/wp\/v2\/product"}],"about":[{"href":"https:\/\/www.smartystore.it\/fr\/wp-json\/wp\/v2\/types\/product"}],"replies":[{"embeddable":true,"href":"https:\/\/www.smartystore.it\/fr\/wp-json\/wp\/v2\/comments?post=97059"}],"wp:featuredmedia":[{"embeddable":true,"href":"https:\/\/www.smartystore.it\/fr\/wp-json\/wp\/v2\/media\/97057"}],"wp:attachment":[{"href":"https:\/\/www.smartystore.it\/fr\/wp-json\/wp\/v2\/media?parent=97059"}],"wp:term":[{"taxonomy":"pwb-brand","embeddable":true,"href":"https:\/\/www.smartystore.it\/fr\/wp-json\/wp\/v2\/pwb-brand?post=97059"},{"taxonomy":"product_brand","embeddable":true,"href":"https:\/\/www.smartystore.it\/fr\/wp-json\/wp\/v2\/product_brand?post=97059"},{"taxonomy":"product_cat","embeddable":true,"href":"https:\/\/www.smartystore.it\/fr\/wp-json\/wp\/v2\/product_cat?post=97059"},{"taxonomy":"product_tag","embeddable":true,"href":"https:\/\/www.smartystore.it\/fr\/wp-json\/wp\/v2\/product_tag?post=97059"}],"curies":[{"name":"wp","href":"https:\/\/api.w.org\/{rel}","templated":true}]}}