{"id":96990,"date":"2022-02-21T17:57:42","date_gmt":"2022-02-21T15:57:42","guid":{"rendered":"https:\/\/www.smartystore.it\/prodotto\/panneaux-daffichage-led-exterieurs-avec-certifications\/"},"modified":"2026-01-28T17:57:32","modified_gmt":"2026-01-28T15:57:32","slug":"panneaux-daffichage-led-exterieurs-avec-certifications","status":"publish","type":"product","link":"https:\/\/www.smartystore.it\/fr\/prodotto\/panneaux-daffichage-led-exterieurs-avec-certifications\/","title":{"rendered":"Panneaux d&rsquo;affichage LED ext\u00e9rieurs avec certifications"},"content":{"rendered":"<div class=\"wpb-content-wrapper\"><p>[vc_row][vc_column][vc_column_text css=\u00a0\u00bb\u00a0\u00bb css_params=\u00a0\u00bb\u00a0\u00bb]<\/p>\n<h1>Panneaux d&rsquo;affichage ext\u00e9rieur \u00e0 LED certifi\u00e9s : s\u00e9curit\u00e9 et visibilit\u00e9 optimales<\/h1>\n<p>Les panneaux d&rsquo;affichage certifi\u00e9s LED pour l&rsquo;ext\u00e9rieur sont la solution id\u00e9ale pour la communication visuelle dans les espaces publics et priv\u00e9s. Con\u00e7us pour r\u00e9sister aux intemp\u00e9ries et garantir une visibilit\u00e9 optimale, ils sont disponibles en deux formats : <strong>70&#215;100<\/strong> cm et <strong>100&#215;140<\/strong> cm. Le fond <strong>r\u00e9tro-\u00e9clair\u00e9 par la technologie LED<\/strong> permet non seulement de renforcer l&rsquo;\u00e9clairage des messages affich\u00e9s, mais aussi d&rsquo;attirer l&rsquo;attention, en rendant le contenu clairement visible m\u00eame la nuit.<\/p>\n<p>Le cadre est en aluminium extrud\u00e9, un mat\u00e9riau connu pour sa l\u00e9g\u00e8ret\u00e9 et sa r\u00e9sistance \u00e0 la corrosion, ce qui garantit sa durabilit\u00e9. Le ch\u00e2ssis en <strong>verre de s\u00e9curit\u00e9 tremp\u00e9 ESG<\/strong> ajoute une protection suppl\u00e9mentaire. Ce verre, qui subit un traitement thermique, poss\u00e8de des propri\u00e9t\u00e9s m\u00e9caniques sup\u00e9rieures \u00e0 celles du verre normal ; en cas de bris, il se brise en petits morceaux aux bords biseaut\u00e9s, ce qui r\u00e9duit le risque de blessure.<\/p>\n<p>&nbsp;<\/p>\n<h2>Panneaux lumineux \u00e0 LED pour l&rsquo;ext\u00e9rieur certifi\u00e9s IP56<\/h2>\n<p>L&rsquo;ouverture du rabat, facilit\u00e9e par des pistons \u00e0 gaz, permet un acc\u00e8s rapide et facile au contenu expos\u00e9. Il est \u00e9quip\u00e9 d&rsquo;une serrure \u00e0 cl\u00e9, garantissant la s\u00e9curit\u00e9 des documents affich\u00e9s \u00e0 l&rsquo;int\u00e9rieur. La <strong>certification IP56<\/strong> prouve que le tableau d&rsquo;affichage est r\u00e9sistant \u00e0 la p\u00e9n\u00e9tration de la poussi\u00e8re et des liquides, ce qui le rend parfait pour une utilisation en ext\u00e9rieur. Le code IP (International Protection) indique donc un niveau de protection \u00e9lev\u00e9, offrant une tranquillit\u00e9 d&rsquo;esprit m\u00eame dans des conditions m\u00e9t\u00e9orologiques d\u00e9favorables.<\/p>\n<p>Une autre innovation est le <strong>profil interne encliquetable<\/strong>, qui permet de fixer rapidement et facilement des affiches dans les formats standardis\u00e9s de 70\u00d7100 cm ou 100\u00d7140 cm. Ce syst\u00e8me facilite le changement de contenu, ce qui rend les panneaux extr\u00eamement polyvalents pour tous les besoins de communication.<\/p>\n<p>En conclusion, les panneaux d&rsquo;affichage ext\u00e9rieur LED certifi\u00e9s offrent non seulement une excellente visibilit\u00e9 et un design \u00e9l\u00e9gant, mais garantissent \u00e9galement un niveau \u00e9lev\u00e9 de s\u00e9curit\u00e9 et de durabilit\u00e9. Id\u00e9aux pour les \u00e9coles, les bureaux, les \u00e9v\u00e9nements publics et les campagnes publicitaires, ils constituent un choix strat\u00e9gique pour ceux qui souhaitent communiquer efficacement et en toute s\u00e9curit\u00e9. Choisir un tel panneau d&rsquo;affichage, c&rsquo;est investir dans la qualit\u00e9, la fonctionnalit\u00e9 et la durabilit\u00e9.<\/p>\n<h3>CARACT\u00c9RISTIQUES<\/h3>\n<ul>\n<li>Format 70&#215;100 et 100&#215;140 cm<\/li>\n<li>Fond r\u00e9tro\u00e9clair\u00e9 par LED<\/li>\n<li>structure en aluminium extrud\u00e9<\/li>\n<li>porte en verre de s\u00e9curit\u00e9 tremp\u00e9 ESG<\/li>\n<li>ouverture du clapet avec pistons \u00e0 gaz<\/li>\n<li>serrure avec cl\u00e9s fournies<\/li>\n<li>Certification IP56<\/li>\n<li>pour l&rsquo;ext\u00e9rieur<\/li>\n<\/ul>\n<h3 style=\"text-align: center;\">Voir tous les panneaux d&rsquo;affichage ext\u00e9rieurs sur ce <span style=\"color: #ff0000;\"><strong><a style=\"color: #ff0000;\" href=\"https:\/\/www.smartystore.it\/fr\/categoria-prodotto\/tableaux-de-messages\/panneaux-daffichage-exterieurs\/\">LIEN<\/a><\/strong><\/span><\/h3>\n<p>Dimensions de la planche :<\/p>\n<table style=\"width: 100%; border-collapse: collapse; border-style: solid; border-color: #000000;\">\n<tbody>\n<tr>\n<td style=\"width: 20%; border-style: solid; border-color: #000000; text-align: center;\"><strong>CODE<\/strong><\/td>\n<td style=\"width: 20%; border-style: solid; border-color: #000000; text-align: center;\"><strong>TAILLE DE L&rsquo;AFFICHE<\/strong><\/td>\n<td style=\"width: 20%; border-style: solid; border-color: #000000; text-align: center;\"><strong>SURFACE VISIBLE<\/strong><\/td>\n<td style=\"width: 20%; border-style: solid; border-color: #000000; text-align: center;\"><strong>TAILLE DU PANNEAU D&rsquo;AFFICHAGE<\/strong><\/td>\n<td style=\"width: 20%; border-style: solid; border-color: #000000; text-align: center;\"><strong>POIDS<\/strong><\/td>\n<\/tr>\n<tr>\n<td style=\"width: 20%; border-style: solid; border-color: #000000;\">STR-CITY70x100LED<\/td>\n<td style=\"width: 20%; border-style: solid; border-color: #000000; text-align: center;\">700&#215;1000 mm.<\/td>\n<td style=\"width: 20%; height: 24px; border-style: solid; border-color: #000000; text-align: center;\">690&#215;980 mm.<\/td>\n<td style=\"width: 20%; border-style: solid; border-color: #000000; text-align: center;\">816x1116x61 mm.<\/td>\n<td style=\"width: 20%; border-style: solid; border-color: #000000; text-align: center;\">25,90 Kg.<\/td>\n<\/tr>\n<tr>\n<td style=\"width: 20%; border-style: solid; border-color: #000000;\">STR-CITY100x140LED<\/td>\n<td style=\"width: 20%; border-style: solid; border-color: #000000; text-align: center;\">1000&#215;1400 mm.<\/td>\n<td style=\"width: 20%; height: 24px; border-style: solid; border-color: #000000; text-align: center;\">990&#215;1380 mm.<\/td>\n<td style=\"width: 20%; border-style: solid; border-color: #000000; text-align: center;\">1166x1516x61 mm.<\/td>\n<td style=\"width: 20%; border-style: solid; border-color: #000000; text-align: center;\">43.00 Kg.<\/td>\n<\/tr>\n<\/tbody>\n<\/table>\n<p>&nbsp;<\/p>\n<p><a href=\"https:\/\/www.smartystore.it\/v25\/wp-content\/uploads\/2022\/02\/STR-CITY70x100LED-100x140LED.pdf\" target=\"_blank\" rel=\"noopener\"><img loading=\"lazy\" decoding=\"async\" class=\"alignnone size-full wp-image-93510\" src=\"https:\/\/www.smartystore.it\/v25\/wp-content\/uploads\/2014\/10\/SchedaTecnica-300-e1750084266903.png\" alt=\"\" width=\"249\" height=\"63\" \/><\/a><\/p>\n<p>[\/vc_column_text][\/vc_column][\/vc_row]<\/p>\n<\/div>","protected":false},"excerpt":{"rendered":"<p>Panneaux d&rsquo;affichage \u00e9clair\u00e9s par LED et certifi\u00e9s IP56 pour une utilisation en ext\u00e9rieur. Disponible en deux formats : 70&#215;100 et 100&#215;140.<\/p>\n","protected":false},"featured_media":96986,"comment_status":"open","ping_status":"closed","template":"","meta":{"_acf_changed":false},"pwb-brand":[],"product_brand":[],"product_cat":[2999,2997],"product_tag":[6192,6161,6191,6166,6193,6162,6194,6165,6163,6164],"class_list":{"0":"post-96990","1":"product","2":"type-product","3":"status-publish","4":"has-post-thumbnail","6":"product_cat-panneaux-daffichage-exterieurs","7":"product_cat-tableaux-de-messages","8":"product_tag-panneau-daffichage-exterieur-3","9":"product_tag-panneau-daffichage-exterieur-2","10":"product_tag-panneau-daffichage-exterieur-100x140","11":"product_tag-panneau-daffichage-exterieur-70x100","12":"product_tag-panneau-daffichage-exterieur-led","13":"product_tag-panneaux-daffichage-exterieurs","14":"product_tag-panneaux-daffichage-exterieurs-retro-eclaires","15":"product_tag-tableau-daffichage-avec-ouverture-a-rabat","16":"product_tag-tableau-daffichage-certifie-ip56","17":"product_tag-vitrines-a-rabat","18":"pa_c2c_color-argent","19":"pa_c2c_dimensione-100x140-cm","20":"pa_c2c_dimensione-70x100-cm","21":"pa_c2c_mono_bifacciale-simple-face","22":"pa_c2c_trovraprezzi-oui","24":"first","25":"instock","26":"taxable","27":"shipping-taxable","28":"purchasable","29":"product-type-variable"},"acf":[],"yoast_head":"<!-- This site is optimized with the Yoast SEO plugin v27.4 - https:\/\/yoast.com\/product\/yoast-seo-wordpress\/ -->\n<title>Panneaux d&#039;affichage LED ext\u00e9rieurs avec certifications - Achetez au Meilleur Prix<\/title>\n<meta name=\"description\" content=\"Panneaux lumineux \u00e0 LED certifi\u00e9s pour les grands porte-affiches ext\u00e9rieurs. Certifi\u00e9s IP56 et disponibles en deux tailles : 70x100 et 100x140.\" \/>\n<meta name=\"robots\" content=\"index, follow, max-snippet:-1, max-image-preview:large, max-video-preview:-1\" \/>\n<link rel=\"canonical\" href=\"https:\/\/www.smartystore.it\/fr\/prodotto\/panneaux-daffichage-led-exterieurs-avec-certifications\/\" \/>\n<meta property=\"og:locale\" content=\"fr_FR\" \/>\n<meta property=\"og:type\" content=\"article\" \/>\n<meta property=\"og:title\" content=\"Panneaux d&#039;affichage LED ext\u00e9rieurs avec certifications - Achetez au Meilleur Prix\" \/>\n<meta property=\"og:description\" content=\"Panneaux lumineux \u00e0 LED certifi\u00e9s pour les grands porte-affiches ext\u00e9rieurs. Certifi\u00e9s IP56 et disponibles en deux tailles : 70x100 et 100x140.\" \/>\n<meta property=\"og:url\" content=\"https:\/\/www.smartystore.it\/fr\/prodotto\/panneaux-daffichage-led-exterieurs-avec-certifications\/\" \/>\n<meta property=\"og:site_name\" content=\"Smarty Store\" \/>\n<meta property=\"article:modified_time\" content=\"2026-01-28T15:57:32+00:00\" \/>\n<meta property=\"og:image\" content=\"https:\/\/www.smartystore.it\/v25\/wp-content\/uploads\/2022\/02\/Bacheca-certificata-con-illuminazione-led-per-esterni-porta-poster-70x100-e-100x140-1.jpg\" \/>\n\t<meta property=\"og:image:width\" content=\"1000\" \/>\n\t<meta property=\"og:image:height\" content=\"1000\" \/>\n\t<meta property=\"og:image:type\" content=\"image\/jpeg\" \/>\n<meta name=\"twitter:card\" content=\"summary_large_image\" \/>\n<meta name=\"twitter:label1\" content=\"Dur\u00e9e de lecture estim\u00e9e\" \/>\n\t<meta name=\"twitter:data1\" content=\"3 minutes\" \/>\n<script type=\"application\/ld+json\" class=\"yoast-schema-graph\">{\"@context\":\"https:\\\/\\\/schema.org\",\"@graph\":[{\"@type\":\"WebPage\",\"@id\":\"https:\\\/\\\/www.smartystore.it\\\/fr\\\/prodotto\\\/panneaux-daffichage-led-exterieurs-avec-certifications\\\/\",\"url\":\"https:\\\/\\\/www.smartystore.it\\\/fr\\\/prodotto\\\/panneaux-daffichage-led-exterieurs-avec-certifications\\\/\",\"name\":\"Panneaux d'affichage LED ext\u00e9rieurs avec certifications - Achetez au Meilleur Prix\",\"isPartOf\":{\"@id\":\"https:\\\/\\\/www.smartystore.it\\\/fr\\\/#website\"},\"primaryImageOfPage\":{\"@id\":\"https:\\\/\\\/www.smartystore.it\\\/fr\\\/prodotto\\\/panneaux-daffichage-led-exterieurs-avec-certifications\\\/#primaryimage\"},\"image\":{\"@id\":\"https:\\\/\\\/www.smartystore.it\\\/fr\\\/prodotto\\\/panneaux-daffichage-led-exterieurs-avec-certifications\\\/#primaryimage\"},\"thumbnailUrl\":\"https:\\\/\\\/www.smartystore.it\\\/v25\\\/wp-content\\\/uploads\\\/2022\\\/02\\\/Bacheca-certificata-con-illuminazione-led-per-esterni-porta-poster-70x100-e-100x140-1.jpg\",\"datePublished\":\"2022-02-21T15:57:42+00:00\",\"dateModified\":\"2026-01-28T15:57:32+00:00\",\"description\":\"Panneaux lumineux \u00e0 LED certifi\u00e9s pour les grands porte-affiches ext\u00e9rieurs. Certifi\u00e9s IP56 et disponibles en deux tailles : 70x100 et 100x140.\",\"breadcrumb\":{\"@id\":\"https:\\\/\\\/www.smartystore.it\\\/fr\\\/prodotto\\\/panneaux-daffichage-led-exterieurs-avec-certifications\\\/#breadcrumb\"},\"inLanguage\":\"fr-FR\",\"potentialAction\":[{\"@type\":\"ReadAction\",\"target\":[\"https:\\\/\\\/www.smartystore.it\\\/fr\\\/prodotto\\\/panneaux-daffichage-led-exterieurs-avec-certifications\\\/\"]}]},{\"@type\":\"ImageObject\",\"inLanguage\":\"fr-FR\",\"@id\":\"https:\\\/\\\/www.smartystore.it\\\/fr\\\/prodotto\\\/panneaux-daffichage-led-exterieurs-avec-certifications\\\/#primaryimage\",\"url\":\"https:\\\/\\\/www.smartystore.it\\\/v25\\\/wp-content\\\/uploads\\\/2022\\\/02\\\/Bacheca-certificata-con-illuminazione-led-per-esterni-porta-poster-70x100-e-100x140-1.jpg\",\"contentUrl\":\"https:\\\/\\\/www.smartystore.it\\\/v25\\\/wp-content\\\/uploads\\\/2022\\\/02\\\/Bacheca-certificata-con-illuminazione-led-per-esterni-porta-poster-70x100-e-100x140-1.jpg\",\"width\":1000,\"height\":1000,\"caption\":\"Bacheca certificata con illuminazione led per esterni porta poster 70x100 e 100x140 1\"},{\"@type\":\"BreadcrumbList\",\"@id\":\"https:\\\/\\\/www.smartystore.it\\\/fr\\\/prodotto\\\/panneaux-daffichage-led-exterieurs-avec-certifications\\\/#breadcrumb\",\"itemListElement\":[{\"@type\":\"ListItem\",\"position\":1,\"name\":\"Home\",\"item\":\"https:\\\/\\\/www.smartystore.it\\\/fr\\\/\"},{\"@type\":\"ListItem\",\"position\":2,\"name\":\"Boutique\",\"item\":\"https:\\\/\\\/www.smartystore.it\\\/fr\\\/boutique\\\/\"},{\"@type\":\"ListItem\",\"position\":3,\"name\":\"Panneaux d&rsquo;affichage LED ext\u00e9rieurs avec certifications\"}]},{\"@type\":\"WebSite\",\"@id\":\"https:\\\/\\\/www.smartystore.it\\\/fr\\\/#website\",\"url\":\"https:\\\/\\\/www.smartystore.it\\\/fr\\\/\",\"name\":\"Smarty Store\",\"description\":\"Espositori Pubblicitari e Sistemi di Comunicazione Visiva\",\"potentialAction\":[{\"@type\":\"SearchAction\",\"target\":{\"@type\":\"EntryPoint\",\"urlTemplate\":\"https:\\\/\\\/www.smartystore.it\\\/fr\\\/?s={search_term_string}\"},\"query-input\":{\"@type\":\"PropertyValueSpecification\",\"valueRequired\":true,\"valueName\":\"search_term_string\"}}],\"inLanguage\":\"fr-FR\"}]}<\/script>\n<!-- \/ Yoast SEO plugin. -->","yoast_head_json":{"title":"Panneaux d'affichage LED ext\u00e9rieurs avec certifications - Achetez au Meilleur Prix","description":"Panneaux lumineux \u00e0 LED certifi\u00e9s pour les grands porte-affiches ext\u00e9rieurs. Certifi\u00e9s IP56 et disponibles en deux tailles : 70x100 et 100x140.","robots":{"index":"index","follow":"follow","max-snippet":"max-snippet:-1","max-image-preview":"max-image-preview:large","max-video-preview":"max-video-preview:-1"},"canonical":"https:\/\/www.smartystore.it\/fr\/prodotto\/panneaux-daffichage-led-exterieurs-avec-certifications\/","og_locale":"fr_FR","og_type":"article","og_title":"Panneaux d'affichage LED ext\u00e9rieurs avec certifications - Achetez au Meilleur Prix","og_description":"Panneaux lumineux \u00e0 LED certifi\u00e9s pour les grands porte-affiches ext\u00e9rieurs. Certifi\u00e9s IP56 et disponibles en deux tailles : 70x100 et 100x140.","og_url":"https:\/\/www.smartystore.it\/fr\/prodotto\/panneaux-daffichage-led-exterieurs-avec-certifications\/","og_site_name":"Smarty Store","article_modified_time":"2026-01-28T15:57:32+00:00","og_image":[{"width":1000,"height":1000,"url":"https:\/\/www.smartystore.it\/v25\/wp-content\/uploads\/2022\/02\/Bacheca-certificata-con-illuminazione-led-per-esterni-porta-poster-70x100-e-100x140-1.jpg","type":"image\/jpeg"}],"twitter_card":"summary_large_image","twitter_misc":{"Dur\u00e9e de lecture estim\u00e9e":"3 minutes"},"schema":{"@context":"https:\/\/schema.org","@graph":[{"@type":"WebPage","@id":"https:\/\/www.smartystore.it\/fr\/prodotto\/panneaux-daffichage-led-exterieurs-avec-certifications\/","url":"https:\/\/www.smartystore.it\/fr\/prodotto\/panneaux-daffichage-led-exterieurs-avec-certifications\/","name":"Panneaux d'affichage LED ext\u00e9rieurs avec certifications - Achetez au Meilleur Prix","isPartOf":{"@id":"https:\/\/www.smartystore.it\/fr\/#website"},"primaryImageOfPage":{"@id":"https:\/\/www.smartystore.it\/fr\/prodotto\/panneaux-daffichage-led-exterieurs-avec-certifications\/#primaryimage"},"image":{"@id":"https:\/\/www.smartystore.it\/fr\/prodotto\/panneaux-daffichage-led-exterieurs-avec-certifications\/#primaryimage"},"thumbnailUrl":"https:\/\/www.smartystore.it\/v25\/wp-content\/uploads\/2022\/02\/Bacheca-certificata-con-illuminazione-led-per-esterni-porta-poster-70x100-e-100x140-1.jpg","datePublished":"2022-02-21T15:57:42+00:00","dateModified":"2026-01-28T15:57:32+00:00","description":"Panneaux lumineux \u00e0 LED certifi\u00e9s pour les grands porte-affiches ext\u00e9rieurs. Certifi\u00e9s IP56 et disponibles en deux tailles : 70x100 et 100x140.","breadcrumb":{"@id":"https:\/\/www.smartystore.it\/fr\/prodotto\/panneaux-daffichage-led-exterieurs-avec-certifications\/#breadcrumb"},"inLanguage":"fr-FR","potentialAction":[{"@type":"ReadAction","target":["https:\/\/www.smartystore.it\/fr\/prodotto\/panneaux-daffichage-led-exterieurs-avec-certifications\/"]}]},{"@type":"ImageObject","inLanguage":"fr-FR","@id":"https:\/\/www.smartystore.it\/fr\/prodotto\/panneaux-daffichage-led-exterieurs-avec-certifications\/#primaryimage","url":"https:\/\/www.smartystore.it\/v25\/wp-content\/uploads\/2022\/02\/Bacheca-certificata-con-illuminazione-led-per-esterni-porta-poster-70x100-e-100x140-1.jpg","contentUrl":"https:\/\/www.smartystore.it\/v25\/wp-content\/uploads\/2022\/02\/Bacheca-certificata-con-illuminazione-led-per-esterni-porta-poster-70x100-e-100x140-1.jpg","width":1000,"height":1000,"caption":"Bacheca certificata con illuminazione led per esterni porta poster 70x100 e 100x140 1"},{"@type":"BreadcrumbList","@id":"https:\/\/www.smartystore.it\/fr\/prodotto\/panneaux-daffichage-led-exterieurs-avec-certifications\/#breadcrumb","itemListElement":[{"@type":"ListItem","position":1,"name":"Home","item":"https:\/\/www.smartystore.it\/fr\/"},{"@type":"ListItem","position":2,"name":"Boutique","item":"https:\/\/www.smartystore.it\/fr\/boutique\/"},{"@type":"ListItem","position":3,"name":"Panneaux d&rsquo;affichage LED ext\u00e9rieurs avec certifications"}]},{"@type":"WebSite","@id":"https:\/\/www.smartystore.it\/fr\/#website","url":"https:\/\/www.smartystore.it\/fr\/","name":"Smarty Store","description":"Espositori Pubblicitari e Sistemi di Comunicazione Visiva","potentialAction":[{"@type":"SearchAction","target":{"@type":"EntryPoint","urlTemplate":"https:\/\/www.smartystore.it\/fr\/?s={search_term_string}"},"query-input":{"@type":"PropertyValueSpecification","valueRequired":true,"valueName":"search_term_string"}}],"inLanguage":"fr-FR"}]}},"brands":[],"_links":{"self":[{"href":"https:\/\/www.smartystore.it\/fr\/wp-json\/wp\/v2\/product\/96990","targetHints":{"allow":["GET"]}}],"collection":[{"href":"https:\/\/www.smartystore.it\/fr\/wp-json\/wp\/v2\/product"}],"about":[{"href":"https:\/\/www.smartystore.it\/fr\/wp-json\/wp\/v2\/types\/product"}],"replies":[{"embeddable":true,"href":"https:\/\/www.smartystore.it\/fr\/wp-json\/wp\/v2\/comments?post=96990"}],"wp:featuredmedia":[{"embeddable":true,"href":"https:\/\/www.smartystore.it\/fr\/wp-json\/wp\/v2\/media\/96986"}],"wp:attachment":[{"href":"https:\/\/www.smartystore.it\/fr\/wp-json\/wp\/v2\/media?parent=96990"}],"wp:term":[{"taxonomy":"pwb-brand","embeddable":true,"href":"https:\/\/www.smartystore.it\/fr\/wp-json\/wp\/v2\/pwb-brand?post=96990"},{"taxonomy":"product_brand","embeddable":true,"href":"https:\/\/www.smartystore.it\/fr\/wp-json\/wp\/v2\/product_brand?post=96990"},{"taxonomy":"product_cat","embeddable":true,"href":"https:\/\/www.smartystore.it\/fr\/wp-json\/wp\/v2\/product_cat?post=96990"},{"taxonomy":"product_tag","embeddable":true,"href":"https:\/\/www.smartystore.it\/fr\/wp-json\/wp\/v2\/product_tag?post=96990"}],"curies":[{"name":"wp","href":"https:\/\/api.w.org\/{rel}","templated":true}]}}