{"id":96923,"date":"2015-03-24T17:42:59","date_gmt":"2015-03-24T15:42:59","guid":{"rendered":"https:\/\/www.smartystore.it\/prodotto\/ruban-de-remplacement-vert-pour-les-poteaux-de-signalisation\/"},"modified":"2026-01-26T16:12:16","modified_gmt":"2026-01-26T14:12:16","slug":"ruban-de-remplacement-vert-pour-les-poteaux-de-signalisation","status":"publish","type":"product","link":"https:\/\/www.smartystore.it\/fr\/prodotto\/ruban-de-remplacement-vert-pour-les-poteaux-de-signalisation\/","title":{"rendered":"Ruban de remplacement vert pour les poteaux de signalisation"},"content":{"rendered":"<div class=\"wpb-content-wrapper\"><p>[vc_row][vc_column][vc_column_text css=\u00a0\u00bb\u00a0\u00bb css_params=\u00a0\u00bb\u00a0\u00bb]<\/p>\n<h2>Ruban de remplacement vert pour les poteaux de signalisation<\/h2>\n<p><span dir=\"auto\">Le ruban de remplacement vert de 3 m\u00e8tres de long est un \u00e9l\u00e9ment essentiel pour assurer la fonctionnalit\u00e9 et l&rsquo;esth\u00e9tique des bornes. Ce produit est \u00e9quip\u00e9 d&rsquo;un <strong>clip de s\u00e9curit\u00e9<\/strong> qui assure un ancrage stable et solide, permettant ainsi une utilisation efficace et durable. Sa longueur de 3 m\u00e8tres permet de d\u00e9limiter avec succ\u00e8s les zones d&rsquo;attente ou les chemins, contribuant ainsi \u00e0 une meilleure organisation des espaces.  <\/span><\/p>\n<h3>Personnalisez votre ruban pour rendre l&rsquo;itin\u00e9raire encore plus visible !<\/h3>\n<p><span dir=\"auto\">L&rsquo;une des caract\u00e9ristiques les plus appr\u00e9ci\u00e9es de ce ruban est sa personnalisation. En effet, les deux faces peuvent \u00eatre personnalis\u00e9es avec des logos d&rsquo;entreprise, ce qui permet aux entreprises de promouvoir leur marque de mani\u00e8re visible et professionnelle. Qu&rsquo;il s&rsquo;agisse d&rsquo;un logo monochrome ou multicolore, le ruban se pr\u00eate \u00e0 diverses formes de marquage, ce qui en fait un puissant outil de marketing dans le cadre d&rsquo;\u00e9v\u00e9nements, de foires commerciales ou de locaux professionnels.  <\/span><\/p>\n<p><span dir=\"auto\">En outre, ce ruban est compatible avec plusieurs mod\u00e8les de colonnes de marquage, notamment les versions Classic, Black et Tendiline. Cette polyvalence garantit que le ruban de remplacement peut \u00eatre utilis\u00e9 avec une large gamme de colonnes existantes, facilitant ainsi le remplacement sans avoir \u00e0 investir dans de nouveaux supports. La facilit\u00e9 d&rsquo;installation et la possibilit\u00e9 de retirer et de remplacer facilement le ruban en font un produit id\u00e9al pour les applications temporaires ou permanentes.  <\/span><\/p>\n<p><span dir=\"auto\">En conclusion, le ruban vert de remplacement pour bornes offre une solution pratique et personnalisable aux besoins de d\u00e9limitation de l&rsquo;espace. Gr\u00e2ce \u00e0 sa longueur, \u00e0 sa s\u00e9curit\u00e9 et \u00e0 sa capacit\u00e9 de marquage, ce produit am\u00e9liore non seulement l&rsquo;apparence des zones d\u00e9sign\u00e9es, mais contribue \u00e9galement \u00e0 une gestion plus efficace des flux de personnes. Investir dans ce ruban, c&rsquo;est choisir un produit de haute qualit\u00e9 qui r\u00e9pond aux normes de l&rsquo;entreprise et qui fonctionne en synergie avec les colonnes d&rsquo;orientation existantes.  <\/span><\/p>\n<p><strong>CARACT\u00c9RISTIQUES:<\/strong><\/p>\n<ol>\n<li>Ruban r\u00e9tractable de remplacement pour les poteaux de signalisation.<\/li>\n<li>Syst\u00e8me avec m\u00e9canisme de freinage.<\/li>\n<li>Couleur : vert.<\/li>\n<li>Longueur : 300 cm environ.<\/li>\n<\/ol>\n<p><strong>Possibilit\u00e9 de personnaliser le ruban des deux c\u00f4t\u00e9s avec un logo en une ou plusieurs couleurs (contactez-nous pour plus d&rsquo;informations et pour conna\u00eetre les co\u00fbts).<\/strong><\/p>\n<p><a href=\"https:\/\/www.smartystore.it\/v25\/wp-content\/uploads\/2026\/01\/STR-STOP70B-N-R-BI-V-BR-GN-AR-GI-GR.pdf\" target=\"_blank\" rel=\"noopener\"><img loading=\"lazy\" decoding=\"async\" class=\"alignnone size-full wp-image-93672\" src=\"https:\/\/www.smartystore.it\/v25\/wp-content\/uploads\/2023\/11\/LogoDownload_yellow.jpg\" alt=\"\" width=\"50\" height=\"50\"> <strong>FICHE TECHNIQUE<\/strong><\/a><\/p>\n<p><a href=\"https:\/\/www.smartystore.it\/v25\/wp-content\/uploads\/2026\/01\/Sostituzione-nastro.pdf\" target=\"_blank\" rel=\"noopener\"><img loading=\"lazy\" decoding=\"async\" class=\"alignnone size-full wp-image-94839\" src=\"https:\/\/www.smartystore.it\/v25\/wp-content\/uploads\/2025\/08\/LogoDownload_blue.jpg\" alt=\"\" width=\"50\" height=\"50\"><\/a> <a href=\"https:\/\/www.smartystore.it\/v25\/wp-content\/uploads\/2026\/01\/Sostituzione-nastro.pdf\" target=\"_blank\" rel=\"noopener\"><strong>INSTRUCTIONS D&rsquo;ASSEMBLAGE<\/strong><\/a><\/p>\n<p>[\/vc_column_text][\/vc_column][\/vc_row]<\/p>\n<\/div>","protected":false},"excerpt":{"rendered":"<p>Ruban vert r\u00e9tractable de 3 m\u00e8tres pour les poteaux de balisage des chemins.<\/p>\n<p>&nbsp;<\/p>\n","protected":false},"featured_media":96918,"comment_status":"open","ping_status":"closed","template":"","meta":{"_acf_changed":false},"pwb-brand":[],"product_brand":[],"product_cat":[3073],"product_tag":[6145],"class_list":{"0":"post-96923","1":"product","2":"type-product","3":"status-publish","4":"has-post-thumbnail","6":"product_cat-rubans-cordons-accessoires","7":"product_tag-ruban-de-remplacement-de-colonne","8":"pa_c2c_color-vert","9":"pa_c2c_dimensione-3-metres","10":"pa_c2c_trovraprezzi-oui","12":"first","13":"instock","14":"taxable","15":"shipping-taxable","16":"purchasable","17":"product-type-simple"},"acf":[],"yoast_head":"<!-- This site is optimized with the Yoast SEO plugin v27.4 - https:\/\/yoast.com\/product\/yoast-seo-wordpress\/ -->\n<title>Ruban de remplacement vert pour les poteaux de signalisation - Smarty Store<\/title>\n<meta name=\"description\" content=\"Ruban vert de remplacement pour le marquage des poteaux. Longueur d&#039;environ 3 m\u00e8tres. Personnalisable d&#039;un c\u00f4t\u00e9 ou des deux c\u00f4t\u00e9s, en une ou plusieurs couleurs.\" \/>\n<meta name=\"robots\" content=\"index, follow, max-snippet:-1, max-image-preview:large, max-video-preview:-1\" \/>\n<link rel=\"canonical\" href=\"https:\/\/www.smartystore.it\/fr\/prodotto\/ruban-de-remplacement-vert-pour-les-poteaux-de-signalisation\/\" \/>\n<meta property=\"og:locale\" content=\"fr_FR\" \/>\n<meta property=\"og:type\" content=\"article\" \/>\n<meta property=\"og:title\" content=\"Ruban de remplacement vert pour les poteaux de signalisation - Smarty Store\" \/>\n<meta property=\"og:description\" content=\"Ruban vert de remplacement pour le marquage des poteaux. Longueur d&#039;environ 3 m\u00e8tres. Personnalisable d&#039;un c\u00f4t\u00e9 ou des deux c\u00f4t\u00e9s, en une ou plusieurs couleurs.\" \/>\n<meta property=\"og:url\" content=\"https:\/\/www.smartystore.it\/fr\/prodotto\/ruban-de-remplacement-vert-pour-les-poteaux-de-signalisation\/\" \/>\n<meta property=\"og:site_name\" content=\"Smarty Store\" \/>\n<meta property=\"article:modified_time\" content=\"2026-01-26T14:12:16+00:00\" \/>\n<meta property=\"og:image\" content=\"https:\/\/www.smartystore.it\/v25\/wp-content\/uploads\/2015\/03\/Nastro-ricambio-verde-di-3-metri-per-colonnina-segna-percorso-e-avvolgitori-a-muro.jpg\" \/>\n\t<meta property=\"og:image:width\" content=\"1000\" \/>\n\t<meta property=\"og:image:height\" content=\"1000\" \/>\n\t<meta property=\"og:image:type\" content=\"image\/jpeg\" \/>\n<meta name=\"twitter:card\" content=\"summary_large_image\" \/>\n<meta name=\"twitter:label1\" content=\"Dur\u00e9e de lecture estim\u00e9e\" \/>\n\t<meta name=\"twitter:data1\" content=\"2 minutes\" \/>\n<script type=\"application\/ld+json\" class=\"yoast-schema-graph\">{\"@context\":\"https:\\\/\\\/schema.org\",\"@graph\":[{\"@type\":\"WebPage\",\"@id\":\"https:\\\/\\\/www.smartystore.it\\\/fr\\\/prodotto\\\/ruban-de-remplacement-vert-pour-les-poteaux-de-signalisation\\\/\",\"url\":\"https:\\\/\\\/www.smartystore.it\\\/fr\\\/prodotto\\\/ruban-de-remplacement-vert-pour-les-poteaux-de-signalisation\\\/\",\"name\":\"Ruban de remplacement vert pour les poteaux de signalisation - Smarty Store\",\"isPartOf\":{\"@id\":\"https:\\\/\\\/www.smartystore.it\\\/fr\\\/#website\"},\"primaryImageOfPage\":{\"@id\":\"https:\\\/\\\/www.smartystore.it\\\/fr\\\/prodotto\\\/ruban-de-remplacement-vert-pour-les-poteaux-de-signalisation\\\/#primaryimage\"},\"image\":{\"@id\":\"https:\\\/\\\/www.smartystore.it\\\/fr\\\/prodotto\\\/ruban-de-remplacement-vert-pour-les-poteaux-de-signalisation\\\/#primaryimage\"},\"thumbnailUrl\":\"https:\\\/\\\/www.smartystore.it\\\/v25\\\/wp-content\\\/uploads\\\/2015\\\/03\\\/Nastro-ricambio-verde-di-3-metri-per-colonnina-segna-percorso-e-avvolgitori-a-muro.jpg\",\"datePublished\":\"2015-03-24T15:42:59+00:00\",\"dateModified\":\"2026-01-26T14:12:16+00:00\",\"description\":\"Ruban vert de remplacement pour le marquage des poteaux. Longueur d'environ 3 m\u00e8tres. Personnalisable d'un c\u00f4t\u00e9 ou des deux c\u00f4t\u00e9s, en une ou plusieurs couleurs.\",\"breadcrumb\":{\"@id\":\"https:\\\/\\\/www.smartystore.it\\\/fr\\\/prodotto\\\/ruban-de-remplacement-vert-pour-les-poteaux-de-signalisation\\\/#breadcrumb\"},\"inLanguage\":\"fr-FR\",\"potentialAction\":[{\"@type\":\"ReadAction\",\"target\":[\"https:\\\/\\\/www.smartystore.it\\\/fr\\\/prodotto\\\/ruban-de-remplacement-vert-pour-les-poteaux-de-signalisation\\\/\"]}]},{\"@type\":\"ImageObject\",\"inLanguage\":\"fr-FR\",\"@id\":\"https:\\\/\\\/www.smartystore.it\\\/fr\\\/prodotto\\\/ruban-de-remplacement-vert-pour-les-poteaux-de-signalisation\\\/#primaryimage\",\"url\":\"https:\\\/\\\/www.smartystore.it\\\/v25\\\/wp-content\\\/uploads\\\/2015\\\/03\\\/Nastro-ricambio-verde-di-3-metri-per-colonnina-segna-percorso-e-avvolgitori-a-muro.jpg\",\"contentUrl\":\"https:\\\/\\\/www.smartystore.it\\\/v25\\\/wp-content\\\/uploads\\\/2015\\\/03\\\/Nastro-ricambio-verde-di-3-metri-per-colonnina-segna-percorso-e-avvolgitori-a-muro.jpg\",\"width\":1000,\"height\":1000,\"caption\":\"Nastro-ricambio-verde-di-3-metri-per-colonnina-segna-percorso-e-avvolgitori-a-muro\"},{\"@type\":\"BreadcrumbList\",\"@id\":\"https:\\\/\\\/www.smartystore.it\\\/fr\\\/prodotto\\\/ruban-de-remplacement-vert-pour-les-poteaux-de-signalisation\\\/#breadcrumb\",\"itemListElement\":[{\"@type\":\"ListItem\",\"position\":1,\"name\":\"Home\",\"item\":\"https:\\\/\\\/www.smartystore.it\\\/fr\\\/\"},{\"@type\":\"ListItem\",\"position\":2,\"name\":\"Boutique\",\"item\":\"https:\\\/\\\/www.smartystore.it\\\/fr\\\/boutique\\\/\"},{\"@type\":\"ListItem\",\"position\":3,\"name\":\"Ruban de remplacement vert pour les poteaux de signalisation\"}]},{\"@type\":\"WebSite\",\"@id\":\"https:\\\/\\\/www.smartystore.it\\\/fr\\\/#website\",\"url\":\"https:\\\/\\\/www.smartystore.it\\\/fr\\\/\",\"name\":\"Smarty Store\",\"description\":\"Espositori Pubblicitari e Sistemi di Comunicazione Visiva\",\"potentialAction\":[{\"@type\":\"SearchAction\",\"target\":{\"@type\":\"EntryPoint\",\"urlTemplate\":\"https:\\\/\\\/www.smartystore.it\\\/fr\\\/?s={search_term_string}\"},\"query-input\":{\"@type\":\"PropertyValueSpecification\",\"valueRequired\":true,\"valueName\":\"search_term_string\"}}],\"inLanguage\":\"fr-FR\"}]}<\/script>\n<!-- \/ Yoast SEO plugin. -->","yoast_head_json":{"title":"Ruban de remplacement vert pour les poteaux de signalisation - Smarty Store","description":"Ruban vert de remplacement pour le marquage des poteaux. Longueur d'environ 3 m\u00e8tres. Personnalisable d'un c\u00f4t\u00e9 ou des deux c\u00f4t\u00e9s, en une ou plusieurs couleurs.","robots":{"index":"index","follow":"follow","max-snippet":"max-snippet:-1","max-image-preview":"max-image-preview:large","max-video-preview":"max-video-preview:-1"},"canonical":"https:\/\/www.smartystore.it\/fr\/prodotto\/ruban-de-remplacement-vert-pour-les-poteaux-de-signalisation\/","og_locale":"fr_FR","og_type":"article","og_title":"Ruban de remplacement vert pour les poteaux de signalisation - Smarty Store","og_description":"Ruban vert de remplacement pour le marquage des poteaux. Longueur d'environ 3 m\u00e8tres. Personnalisable d'un c\u00f4t\u00e9 ou des deux c\u00f4t\u00e9s, en une ou plusieurs couleurs.","og_url":"https:\/\/www.smartystore.it\/fr\/prodotto\/ruban-de-remplacement-vert-pour-les-poteaux-de-signalisation\/","og_site_name":"Smarty Store","article_modified_time":"2026-01-26T14:12:16+00:00","og_image":[{"width":1000,"height":1000,"url":"https:\/\/www.smartystore.it\/v25\/wp-content\/uploads\/2015\/03\/Nastro-ricambio-verde-di-3-metri-per-colonnina-segna-percorso-e-avvolgitori-a-muro.jpg","type":"image\/jpeg"}],"twitter_card":"summary_large_image","twitter_misc":{"Dur\u00e9e de lecture estim\u00e9e":"2 minutes"},"schema":{"@context":"https:\/\/schema.org","@graph":[{"@type":"WebPage","@id":"https:\/\/www.smartystore.it\/fr\/prodotto\/ruban-de-remplacement-vert-pour-les-poteaux-de-signalisation\/","url":"https:\/\/www.smartystore.it\/fr\/prodotto\/ruban-de-remplacement-vert-pour-les-poteaux-de-signalisation\/","name":"Ruban de remplacement vert pour les poteaux de signalisation - Smarty Store","isPartOf":{"@id":"https:\/\/www.smartystore.it\/fr\/#website"},"primaryImageOfPage":{"@id":"https:\/\/www.smartystore.it\/fr\/prodotto\/ruban-de-remplacement-vert-pour-les-poteaux-de-signalisation\/#primaryimage"},"image":{"@id":"https:\/\/www.smartystore.it\/fr\/prodotto\/ruban-de-remplacement-vert-pour-les-poteaux-de-signalisation\/#primaryimage"},"thumbnailUrl":"https:\/\/www.smartystore.it\/v25\/wp-content\/uploads\/2015\/03\/Nastro-ricambio-verde-di-3-metri-per-colonnina-segna-percorso-e-avvolgitori-a-muro.jpg","datePublished":"2015-03-24T15:42:59+00:00","dateModified":"2026-01-26T14:12:16+00:00","description":"Ruban vert de remplacement pour le marquage des poteaux. Longueur d'environ 3 m\u00e8tres. Personnalisable d'un c\u00f4t\u00e9 ou des deux c\u00f4t\u00e9s, en une ou plusieurs couleurs.","breadcrumb":{"@id":"https:\/\/www.smartystore.it\/fr\/prodotto\/ruban-de-remplacement-vert-pour-les-poteaux-de-signalisation\/#breadcrumb"},"inLanguage":"fr-FR","potentialAction":[{"@type":"ReadAction","target":["https:\/\/www.smartystore.it\/fr\/prodotto\/ruban-de-remplacement-vert-pour-les-poteaux-de-signalisation\/"]}]},{"@type":"ImageObject","inLanguage":"fr-FR","@id":"https:\/\/www.smartystore.it\/fr\/prodotto\/ruban-de-remplacement-vert-pour-les-poteaux-de-signalisation\/#primaryimage","url":"https:\/\/www.smartystore.it\/v25\/wp-content\/uploads\/2015\/03\/Nastro-ricambio-verde-di-3-metri-per-colonnina-segna-percorso-e-avvolgitori-a-muro.jpg","contentUrl":"https:\/\/www.smartystore.it\/v25\/wp-content\/uploads\/2015\/03\/Nastro-ricambio-verde-di-3-metri-per-colonnina-segna-percorso-e-avvolgitori-a-muro.jpg","width":1000,"height":1000,"caption":"Nastro-ricambio-verde-di-3-metri-per-colonnina-segna-percorso-e-avvolgitori-a-muro"},{"@type":"BreadcrumbList","@id":"https:\/\/www.smartystore.it\/fr\/prodotto\/ruban-de-remplacement-vert-pour-les-poteaux-de-signalisation\/#breadcrumb","itemListElement":[{"@type":"ListItem","position":1,"name":"Home","item":"https:\/\/www.smartystore.it\/fr\/"},{"@type":"ListItem","position":2,"name":"Boutique","item":"https:\/\/www.smartystore.it\/fr\/boutique\/"},{"@type":"ListItem","position":3,"name":"Ruban de remplacement vert pour les poteaux de signalisation"}]},{"@type":"WebSite","@id":"https:\/\/www.smartystore.it\/fr\/#website","url":"https:\/\/www.smartystore.it\/fr\/","name":"Smarty Store","description":"Espositori Pubblicitari e Sistemi di Comunicazione Visiva","potentialAction":[{"@type":"SearchAction","target":{"@type":"EntryPoint","urlTemplate":"https:\/\/www.smartystore.it\/fr\/?s={search_term_string}"},"query-input":{"@type":"PropertyValueSpecification","valueRequired":true,"valueName":"search_term_string"}}],"inLanguage":"fr-FR"}]}},"brands":[],"_links":{"self":[{"href":"https:\/\/www.smartystore.it\/fr\/wp-json\/wp\/v2\/product\/96923","targetHints":{"allow":["GET"]}}],"collection":[{"href":"https:\/\/www.smartystore.it\/fr\/wp-json\/wp\/v2\/product"}],"about":[{"href":"https:\/\/www.smartystore.it\/fr\/wp-json\/wp\/v2\/types\/product"}],"replies":[{"embeddable":true,"href":"https:\/\/www.smartystore.it\/fr\/wp-json\/wp\/v2\/comments?post=96923"}],"wp:featuredmedia":[{"embeddable":true,"href":"https:\/\/www.smartystore.it\/fr\/wp-json\/wp\/v2\/media\/96918"}],"wp:attachment":[{"href":"https:\/\/www.smartystore.it\/fr\/wp-json\/wp\/v2\/media?parent=96923"}],"wp:term":[{"taxonomy":"pwb-brand","embeddable":true,"href":"https:\/\/www.smartystore.it\/fr\/wp-json\/wp\/v2\/pwb-brand?post=96923"},{"taxonomy":"product_brand","embeddable":true,"href":"https:\/\/www.smartystore.it\/fr\/wp-json\/wp\/v2\/product_brand?post=96923"},{"taxonomy":"product_cat","embeddable":true,"href":"https:\/\/www.smartystore.it\/fr\/wp-json\/wp\/v2\/product_cat?post=96923"},{"taxonomy":"product_tag","embeddable":true,"href":"https:\/\/www.smartystore.it\/fr\/wp-json\/wp\/v2\/product_tag?post=96923"}],"curies":[{"name":"wp","href":"https:\/\/api.w.org\/{rel}","templated":true}]}}