{"id":96897,"date":"2015-03-24T16:54:16","date_gmt":"2015-03-24T14:54:16","guid":{"rendered":"https:\/\/www.smartystore.it\/prodotto\/ruban-de-remplacement-jaune-pour-les-poteaux-de-signalisation\/"},"modified":"2026-01-26T15:15:25","modified_gmt":"2026-01-26T13:15:25","slug":"ruban-de-remplacement-jaune-pour-les-poteaux-de-signalisation","status":"publish","type":"product","link":"https:\/\/www.smartystore.it\/fr\/prodotto\/ruban-de-remplacement-jaune-pour-les-poteaux-de-signalisation\/","title":{"rendered":"Ruban de remplacement jaune pour les poteaux de signalisation"},"content":{"rendered":"<div class=\"wpb-content-wrapper\"><p>[vc_row][vc_column][vc_column_text css=\u00a0\u00bb\u00a0\u00bb css_params=\u00a0\u00bb\u00a0\u00bb]<\/p>\n<h2>Ruban de remplacement jaune pour les poteaux de signalisation<\/h2>\n<p><span dir=\"auto\">Le ruban de remplacement jaune, con\u00e7u sp\u00e9cifiquement pour les bornes, est une solution id\u00e9ale pour g\u00e9rer les flux de personnes et organiser des \u00e9v\u00e9nements dans les espaces publics ou priv\u00e9s. D&rsquo;une longueur de 3 m\u00e8tres, ce ruban est \u00e9quip\u00e9 de <strong>clips de s\u00e9curit\u00e9<\/strong> qui garantissent une installation facile et une r\u00e9sistance ad\u00e9quate pendant l&rsquo;utilisation. <\/span><\/p>\n<h3>Personnalisez votre ruban pour rendre l&rsquo;itin\u00e9raire encore plus visible !<\/h3>\n<p><span dir=\"auto\">L&rsquo;une des caract\u00e9ristiques de ce ruban est sa personnalisation. Des logos ou des graphiques peuvent \u00eatre imprim\u00e9s sur les deux faces du ruban, ce qui vous permet de communiquer efficacement votre marque ou vos orientations dans un format visuellement attrayant. La personnalisation peut se faire en une ou plusieurs couleurs, ce qui offre un large \u00e9ventail d&rsquo;options pour r\u00e9pondre \u00e0 vos besoins sp\u00e9cifiques en mati\u00e8re d&rsquo;image de marque ou de promotion.  <\/span><\/p>\n<p><span dir=\"auto\">En termes de compatibilit\u00e9, le ruban jaune est con\u00e7u pour fonctionner parfaitement avec les colonnes de marquage Classic, Black et Tendilinear. Cette polyvalence vous permet d&rsquo;utiliser le ruban dans une grande vari\u00e9t\u00e9 d&rsquo;environnements et de contextes, tout en conservant un aspect professionnel et soign\u00e9. <\/span><\/p>\n<p><span dir=\"auto\">L&rsquo;utilisation de rubans d&rsquo;avertissement est essentielle pour garantir la s\u00e9curit\u00e9 dans les situations de forte affluence, car ils permettent de d\u00e9limiter des chemins clairs et d&rsquo;orienter les visiteurs vers les sorties ou les zones d\u00e9sign\u00e9es. Gr\u00e2ce \u00e0 sa couleur vive, le ruban jaune n&rsquo;attire pas seulement l&rsquo;attention, mais il am\u00e9liore \u00e9galement la visibilit\u00e9, ce qui le rend particuli\u00e8rement utile dans les espaces peu \u00e9clair\u00e9s ou encombr\u00e9s. <\/span><\/p>\n<p><span dir=\"auto\">En conclusion, le ruban de remplacement jaune pour marqueurs de colonnes est un investissement strat\u00e9gique pour ceux qui souhaitent optimiser l&rsquo;organisation de leur espace. Sa longueur adapt\u00e9e, ses possibilit\u00e9s de personnalisation et sa compatibilit\u00e9 avec diff\u00e9rents mod\u00e8les de colonnes en font un choix pratique et fonctionnel pour tout type d&rsquo;\u00e9v\u00e9nement. <\/span><\/p>\n<p><strong>CARACT\u00c9RISTIQUES:<\/strong><\/p>\n<ol>\n<li>Ruban r\u00e9tractable de remplacement pour les poteaux de signalisation.<\/li>\n<li>Syst\u00e8me avec m\u00e9canisme de freinage.<\/li>\n<li>Couleur : jaune.<\/li>\n<li>Longueur : 300 cm environ.<\/li>\n<\/ol>\n<p><strong>Possibilit\u00e9 de personnaliser le ruban des deux c\u00f4t\u00e9s avec un logo en une ou plusieurs couleurs (contactez-nous pour plus d&rsquo;informations et pour conna\u00eetre les co\u00fbts).<\/strong><\/p>\n<p><a href=\"https:\/\/www.smartystore.it\/v25\/wp-content\/uploads\/2026\/01\/STR-STOP70B-N-R-BI-V-BR-GN-AR-GI-GR.pdf\" target=\"_blank\" rel=\"noopener\"><img loading=\"lazy\" decoding=\"async\" class=\"alignnone size-full wp-image-93672\" src=\"https:\/\/www.smartystore.it\/v25\/wp-content\/uploads\/2023\/11\/LogoDownload_yellow.jpg\" alt=\"\" width=\"50\" height=\"50\"> <strong>FICHE TECHNIQUE<\/strong><\/a><\/p>\n<p><a href=\"https:\/\/www.smartystore.it\/v25\/wp-content\/uploads\/2026\/01\/Sostituzione-nastro.pdf\" target=\"_blank\" rel=\"noopener\"><img loading=\"lazy\" decoding=\"async\" class=\"alignnone size-full wp-image-94839\" src=\"https:\/\/www.smartystore.it\/v25\/wp-content\/uploads\/2025\/08\/LogoDownload_blue.jpg\" alt=\"\" width=\"50\" height=\"50\"><\/a> <a href=\"https:\/\/www.smartystore.it\/v25\/wp-content\/uploads\/2026\/01\/Sostituzione-nastro.pdf\" target=\"_blank\" rel=\"noopener\"><strong>INSTRUCTIONS D&rsquo;ASSEMBLAGE<\/strong><\/a>[\/vc_column_text][\/vc_column][\/vc_row]<\/p>\n<\/div>","protected":false},"excerpt":{"rendered":"<p>Ruban jaune en rouleau de 3 m\u00e8tres pour les poteaux de balisage des chemins.<\/p>\n","protected":false},"featured_media":96896,"comment_status":"open","ping_status":"closed","template":"","meta":{"_acf_changed":false},"pwb-brand":[],"product_brand":[],"product_cat":[3073],"product_tag":[6145],"class_list":{"0":"post-96897","1":"product","2":"type-product","3":"status-publish","4":"has-post-thumbnail","6":"product_cat-rubans-cordons-accessoires","7":"product_tag-ruban-de-remplacement-de-colonne","8":"pa_c2c_color-jaune","9":"pa_c2c_dimensione-3-metres","10":"pa_c2c_trovraprezzi-oui","12":"first","13":"instock","14":"taxable","15":"shipping-taxable","16":"purchasable","17":"product-type-simple"},"acf":[],"yoast_head":"<!-- This site is optimized with the Yoast SEO plugin v27.4 - https:\/\/yoast.com\/product\/yoast-seo-wordpress\/ -->\n<title>Ruban de remplacement jaune pour les poteaux de signalisation - Smarty Store<\/title>\n<meta name=\"description\" content=\"Ruban jaune de remplacement pour les poteaux de balisage des chemins. Longueur d&#039;environ 3 m\u00e8tres. Personnalisable d&#039;un c\u00f4t\u00e9 ou des deux c\u00f4t\u00e9s, en une ou plusieurs couleurs.\" \/>\n<meta name=\"robots\" content=\"index, follow, max-snippet:-1, max-image-preview:large, max-video-preview:-1\" \/>\n<link rel=\"canonical\" href=\"https:\/\/www.smartystore.it\/fr\/prodotto\/ruban-de-remplacement-jaune-pour-les-poteaux-de-signalisation\/\" \/>\n<meta property=\"og:locale\" content=\"fr_FR\" \/>\n<meta property=\"og:type\" content=\"article\" \/>\n<meta property=\"og:title\" content=\"Ruban de remplacement jaune pour les poteaux de signalisation - Smarty Store\" \/>\n<meta property=\"og:description\" content=\"Ruban jaune de remplacement pour les poteaux de balisage des chemins. Longueur d&#039;environ 3 m\u00e8tres. Personnalisable d&#039;un c\u00f4t\u00e9 ou des deux c\u00f4t\u00e9s, en une ou plusieurs couleurs.\" \/>\n<meta property=\"og:url\" content=\"https:\/\/www.smartystore.it\/fr\/prodotto\/ruban-de-remplacement-jaune-pour-les-poteaux-de-signalisation\/\" \/>\n<meta property=\"og:site_name\" content=\"Smarty Store\" \/>\n<meta property=\"article:modified_time\" content=\"2026-01-26T13:15:25+00:00\" \/>\n<meta property=\"og:image\" content=\"https:\/\/www.smartystore.it\/v25\/wp-content\/uploads\/2015\/03\/Nastro-ricambio-giallo-di-3-metri-per-colonnina-segna-percorso-e-avvolgitori-a-muro.jpg\" \/>\n\t<meta property=\"og:image:width\" content=\"1000\" \/>\n\t<meta property=\"og:image:height\" content=\"1000\" \/>\n\t<meta property=\"og:image:type\" content=\"image\/jpeg\" \/>\n<meta name=\"twitter:card\" content=\"summary_large_image\" \/>\n<meta name=\"twitter:label1\" content=\"Dur\u00e9e de lecture estim\u00e9e\" \/>\n\t<meta name=\"twitter:data1\" content=\"2 minutes\" \/>\n<script type=\"application\/ld+json\" class=\"yoast-schema-graph\">{\"@context\":\"https:\\\/\\\/schema.org\",\"@graph\":[{\"@type\":\"WebPage\",\"@id\":\"https:\\\/\\\/www.smartystore.it\\\/fr\\\/prodotto\\\/ruban-de-remplacement-jaune-pour-les-poteaux-de-signalisation\\\/\",\"url\":\"https:\\\/\\\/www.smartystore.it\\\/fr\\\/prodotto\\\/ruban-de-remplacement-jaune-pour-les-poteaux-de-signalisation\\\/\",\"name\":\"Ruban de remplacement jaune pour les poteaux de signalisation - Smarty Store\",\"isPartOf\":{\"@id\":\"https:\\\/\\\/www.smartystore.it\\\/fr\\\/#website\"},\"primaryImageOfPage\":{\"@id\":\"https:\\\/\\\/www.smartystore.it\\\/fr\\\/prodotto\\\/ruban-de-remplacement-jaune-pour-les-poteaux-de-signalisation\\\/#primaryimage\"},\"image\":{\"@id\":\"https:\\\/\\\/www.smartystore.it\\\/fr\\\/prodotto\\\/ruban-de-remplacement-jaune-pour-les-poteaux-de-signalisation\\\/#primaryimage\"},\"thumbnailUrl\":\"https:\\\/\\\/www.smartystore.it\\\/v25\\\/wp-content\\\/uploads\\\/2015\\\/03\\\/Nastro-ricambio-giallo-di-3-metri-per-colonnina-segna-percorso-e-avvolgitori-a-muro.jpg\",\"datePublished\":\"2015-03-24T14:54:16+00:00\",\"dateModified\":\"2026-01-26T13:15:25+00:00\",\"description\":\"Ruban jaune de remplacement pour les poteaux de balisage des chemins. Longueur d'environ 3 m\u00e8tres. Personnalisable d'un c\u00f4t\u00e9 ou des deux c\u00f4t\u00e9s, en une ou plusieurs couleurs.\",\"breadcrumb\":{\"@id\":\"https:\\\/\\\/www.smartystore.it\\\/fr\\\/prodotto\\\/ruban-de-remplacement-jaune-pour-les-poteaux-de-signalisation\\\/#breadcrumb\"},\"inLanguage\":\"fr-FR\",\"potentialAction\":[{\"@type\":\"ReadAction\",\"target\":[\"https:\\\/\\\/www.smartystore.it\\\/fr\\\/prodotto\\\/ruban-de-remplacement-jaune-pour-les-poteaux-de-signalisation\\\/\"]}]},{\"@type\":\"ImageObject\",\"inLanguage\":\"fr-FR\",\"@id\":\"https:\\\/\\\/www.smartystore.it\\\/fr\\\/prodotto\\\/ruban-de-remplacement-jaune-pour-les-poteaux-de-signalisation\\\/#primaryimage\",\"url\":\"https:\\\/\\\/www.smartystore.it\\\/v25\\\/wp-content\\\/uploads\\\/2015\\\/03\\\/Nastro-ricambio-giallo-di-3-metri-per-colonnina-segna-percorso-e-avvolgitori-a-muro.jpg\",\"contentUrl\":\"https:\\\/\\\/www.smartystore.it\\\/v25\\\/wp-content\\\/uploads\\\/2015\\\/03\\\/Nastro-ricambio-giallo-di-3-metri-per-colonnina-segna-percorso-e-avvolgitori-a-muro.jpg\",\"width\":1000,\"height\":1000,\"caption\":\"Nastro-ricambio-giallo-di-3-metri-per-colonnina-segna-percorso-e-avvolgitori-a-muro\"},{\"@type\":\"BreadcrumbList\",\"@id\":\"https:\\\/\\\/www.smartystore.it\\\/fr\\\/prodotto\\\/ruban-de-remplacement-jaune-pour-les-poteaux-de-signalisation\\\/#breadcrumb\",\"itemListElement\":[{\"@type\":\"ListItem\",\"position\":1,\"name\":\"Home\",\"item\":\"https:\\\/\\\/www.smartystore.it\\\/fr\\\/\"},{\"@type\":\"ListItem\",\"position\":2,\"name\":\"Boutique\",\"item\":\"https:\\\/\\\/www.smartystore.it\\\/fr\\\/boutique\\\/\"},{\"@type\":\"ListItem\",\"position\":3,\"name\":\"Ruban de remplacement jaune pour les poteaux de signalisation\"}]},{\"@type\":\"WebSite\",\"@id\":\"https:\\\/\\\/www.smartystore.it\\\/fr\\\/#website\",\"url\":\"https:\\\/\\\/www.smartystore.it\\\/fr\\\/\",\"name\":\"Smarty Store\",\"description\":\"Espositori Pubblicitari e Sistemi di Comunicazione Visiva\",\"potentialAction\":[{\"@type\":\"SearchAction\",\"target\":{\"@type\":\"EntryPoint\",\"urlTemplate\":\"https:\\\/\\\/www.smartystore.it\\\/fr\\\/?s={search_term_string}\"},\"query-input\":{\"@type\":\"PropertyValueSpecification\",\"valueRequired\":true,\"valueName\":\"search_term_string\"}}],\"inLanguage\":\"fr-FR\"}]}<\/script>\n<!-- \/ Yoast SEO plugin. -->","yoast_head_json":{"title":"Ruban de remplacement jaune pour les poteaux de signalisation - Smarty Store","description":"Ruban jaune de remplacement pour les poteaux de balisage des chemins. Longueur d'environ 3 m\u00e8tres. Personnalisable d'un c\u00f4t\u00e9 ou des deux c\u00f4t\u00e9s, en une ou plusieurs couleurs.","robots":{"index":"index","follow":"follow","max-snippet":"max-snippet:-1","max-image-preview":"max-image-preview:large","max-video-preview":"max-video-preview:-1"},"canonical":"https:\/\/www.smartystore.it\/fr\/prodotto\/ruban-de-remplacement-jaune-pour-les-poteaux-de-signalisation\/","og_locale":"fr_FR","og_type":"article","og_title":"Ruban de remplacement jaune pour les poteaux de signalisation - Smarty Store","og_description":"Ruban jaune de remplacement pour les poteaux de balisage des chemins. Longueur d'environ 3 m\u00e8tres. Personnalisable d'un c\u00f4t\u00e9 ou des deux c\u00f4t\u00e9s, en une ou plusieurs couleurs.","og_url":"https:\/\/www.smartystore.it\/fr\/prodotto\/ruban-de-remplacement-jaune-pour-les-poteaux-de-signalisation\/","og_site_name":"Smarty Store","article_modified_time":"2026-01-26T13:15:25+00:00","og_image":[{"width":1000,"height":1000,"url":"https:\/\/www.smartystore.it\/v25\/wp-content\/uploads\/2015\/03\/Nastro-ricambio-giallo-di-3-metri-per-colonnina-segna-percorso-e-avvolgitori-a-muro.jpg","type":"image\/jpeg"}],"twitter_card":"summary_large_image","twitter_misc":{"Dur\u00e9e de lecture estim\u00e9e":"2 minutes"},"schema":{"@context":"https:\/\/schema.org","@graph":[{"@type":"WebPage","@id":"https:\/\/www.smartystore.it\/fr\/prodotto\/ruban-de-remplacement-jaune-pour-les-poteaux-de-signalisation\/","url":"https:\/\/www.smartystore.it\/fr\/prodotto\/ruban-de-remplacement-jaune-pour-les-poteaux-de-signalisation\/","name":"Ruban de remplacement jaune pour les poteaux de signalisation - Smarty Store","isPartOf":{"@id":"https:\/\/www.smartystore.it\/fr\/#website"},"primaryImageOfPage":{"@id":"https:\/\/www.smartystore.it\/fr\/prodotto\/ruban-de-remplacement-jaune-pour-les-poteaux-de-signalisation\/#primaryimage"},"image":{"@id":"https:\/\/www.smartystore.it\/fr\/prodotto\/ruban-de-remplacement-jaune-pour-les-poteaux-de-signalisation\/#primaryimage"},"thumbnailUrl":"https:\/\/www.smartystore.it\/v25\/wp-content\/uploads\/2015\/03\/Nastro-ricambio-giallo-di-3-metri-per-colonnina-segna-percorso-e-avvolgitori-a-muro.jpg","datePublished":"2015-03-24T14:54:16+00:00","dateModified":"2026-01-26T13:15:25+00:00","description":"Ruban jaune de remplacement pour les poteaux de balisage des chemins. Longueur d'environ 3 m\u00e8tres. Personnalisable d'un c\u00f4t\u00e9 ou des deux c\u00f4t\u00e9s, en une ou plusieurs couleurs.","breadcrumb":{"@id":"https:\/\/www.smartystore.it\/fr\/prodotto\/ruban-de-remplacement-jaune-pour-les-poteaux-de-signalisation\/#breadcrumb"},"inLanguage":"fr-FR","potentialAction":[{"@type":"ReadAction","target":["https:\/\/www.smartystore.it\/fr\/prodotto\/ruban-de-remplacement-jaune-pour-les-poteaux-de-signalisation\/"]}]},{"@type":"ImageObject","inLanguage":"fr-FR","@id":"https:\/\/www.smartystore.it\/fr\/prodotto\/ruban-de-remplacement-jaune-pour-les-poteaux-de-signalisation\/#primaryimage","url":"https:\/\/www.smartystore.it\/v25\/wp-content\/uploads\/2015\/03\/Nastro-ricambio-giallo-di-3-metri-per-colonnina-segna-percorso-e-avvolgitori-a-muro.jpg","contentUrl":"https:\/\/www.smartystore.it\/v25\/wp-content\/uploads\/2015\/03\/Nastro-ricambio-giallo-di-3-metri-per-colonnina-segna-percorso-e-avvolgitori-a-muro.jpg","width":1000,"height":1000,"caption":"Nastro-ricambio-giallo-di-3-metri-per-colonnina-segna-percorso-e-avvolgitori-a-muro"},{"@type":"BreadcrumbList","@id":"https:\/\/www.smartystore.it\/fr\/prodotto\/ruban-de-remplacement-jaune-pour-les-poteaux-de-signalisation\/#breadcrumb","itemListElement":[{"@type":"ListItem","position":1,"name":"Home","item":"https:\/\/www.smartystore.it\/fr\/"},{"@type":"ListItem","position":2,"name":"Boutique","item":"https:\/\/www.smartystore.it\/fr\/boutique\/"},{"@type":"ListItem","position":3,"name":"Ruban de remplacement jaune pour les poteaux de signalisation"}]},{"@type":"WebSite","@id":"https:\/\/www.smartystore.it\/fr\/#website","url":"https:\/\/www.smartystore.it\/fr\/","name":"Smarty Store","description":"Espositori Pubblicitari e Sistemi di Comunicazione Visiva","potentialAction":[{"@type":"SearchAction","target":{"@type":"EntryPoint","urlTemplate":"https:\/\/www.smartystore.it\/fr\/?s={search_term_string}"},"query-input":{"@type":"PropertyValueSpecification","valueRequired":true,"valueName":"search_term_string"}}],"inLanguage":"fr-FR"}]}},"brands":[],"_links":{"self":[{"href":"https:\/\/www.smartystore.it\/fr\/wp-json\/wp\/v2\/product\/96897","targetHints":{"allow":["GET"]}}],"collection":[{"href":"https:\/\/www.smartystore.it\/fr\/wp-json\/wp\/v2\/product"}],"about":[{"href":"https:\/\/www.smartystore.it\/fr\/wp-json\/wp\/v2\/types\/product"}],"replies":[{"embeddable":true,"href":"https:\/\/www.smartystore.it\/fr\/wp-json\/wp\/v2\/comments?post=96897"}],"wp:featuredmedia":[{"embeddable":true,"href":"https:\/\/www.smartystore.it\/fr\/wp-json\/wp\/v2\/media\/96896"}],"wp:attachment":[{"href":"https:\/\/www.smartystore.it\/fr\/wp-json\/wp\/v2\/media?parent=96897"}],"wp:term":[{"taxonomy":"pwb-brand","embeddable":true,"href":"https:\/\/www.smartystore.it\/fr\/wp-json\/wp\/v2\/pwb-brand?post=96897"},{"taxonomy":"product_brand","embeddable":true,"href":"https:\/\/www.smartystore.it\/fr\/wp-json\/wp\/v2\/product_brand?post=96897"},{"taxonomy":"product_cat","embeddable":true,"href":"https:\/\/www.smartystore.it\/fr\/wp-json\/wp\/v2\/product_cat?post=96897"},{"taxonomy":"product_tag","embeddable":true,"href":"https:\/\/www.smartystore.it\/fr\/wp-json\/wp\/v2\/product_tag?post=96897"}],"curies":[{"name":"wp","href":"https:\/\/api.w.org\/{rel}","templated":true}]}}