{"id":96843,"date":"2016-04-29T16:46:33","date_gmt":"2016-04-29T14:46:33","guid":{"rendered":"https:\/\/www.smartystore.it\/prodotto\/ruban-de-remplacement-rouge-blanc-pour-les-poteaux-de-signalisation\/"},"modified":"2026-01-26T15:17:18","modified_gmt":"2026-01-26T13:17:18","slug":"ruban-de-remplacement-rouge-blanc-pour-les-poteaux-de-signalisation","status":"publish","type":"product","link":"https:\/\/www.smartystore.it\/fr\/prodotto\/ruban-de-remplacement-rouge-blanc-pour-les-poteaux-de-signalisation\/","title":{"rendered":"Ruban de remplacement rouge\/blanc pour les poteaux de signalisation"},"content":{"rendered":"<div class=\"wpb-content-wrapper\"><p>[vc_row][vc_column][vc_column_text css=\u00a0\u00bb\u00a0\u00bb css_params=\u00a0\u00bb\u00a0\u00bb]<\/p>\n<h2>Ruban de remplacement rouge\/blanc pour les poteaux de signalisation<\/h2>\n<p><span dir=\"auto\">L&rsquo;importance d&rsquo;une signalisation claire et visible dans les espaces publics et priv\u00e9s est cruciale pour assurer la s\u00e9curit\u00e9 et l&rsquo;orientation des utilisateurs. C&rsquo;est dans cette optique que nous vous pr\u00e9sentons notre ruban de remplacement rouge et blanc, con\u00e7u sp\u00e9cifiquement pour les poteaux de balisage Classic, Black et Tendiline. <\/span><\/p>\n<p><span dir=\"auto\">Ce ruban se caract\u00e9rise par une longueur de 3 m\u00e8tres, ce qui offre une grande souplesse d&rsquo;application et permet de l&rsquo;adapter facilement \u00e0 diff\u00e9rents espaces. Le choix des couleurs blanche et rouge n&rsquo;est pas fortuit : ces teintes sont universellement reconnues pour leur capacit\u00e9 \u00e0 attirer l&rsquo;attention, en facilitant la visibilit\u00e9 m\u00eame dans des contextes encombr\u00e9s ou dans des conditions de faible luminosit\u00e9. <\/span><\/p>\n<p><span dir=\"auto\">Une autre caract\u00e9ristique de notre bande de remplacement est la pr\u00e9sence d&rsquo;un <strong>clip de s\u00e9curit\u00e9<\/strong>, qui facilite l&rsquo;installation et le retrait tout en maintenant un haut niveau de fiabilit\u00e9. Ce clip assure non seulement la stabilit\u00e9 de la bande lors de son utilisation, mais il r\u00e9duit \u00e9galement le risque d&rsquo;accidents et de dommages, contribuant ainsi \u00e0 une gestion s\u00fbre de l&rsquo;espace. <\/span><\/p>\n<p><span dir=\"auto\">Le ruban de remplacement rouge et blanc est con\u00e7u pour \u00eatre parfaitement compatible avec les bornes des diff\u00e9rentes lignes, ce qui permet aux clients de maintenir une qualit\u00e9 de signalisation \u00e9lev\u00e9e sans avoir \u00e0 remplacer l&rsquo;ensemble du syst\u00e8me de bornes. Cette compatibilit\u00e9 est une valeur ajout\u00e9e, car elle permet d&rsquo;optimiser les co\u00fbts et de r\u00e9duire les d\u00e9chets. <\/span><\/p>\n<p><span dir=\"auto\">En conclusion, le ruban de remplacement rouge et blanc pour colonnes de balisage est une solution efficace et pratique pour assurer une signalisation claire et s\u00fbre dans une grande vari\u00e9t\u00e9 d&rsquo;environnements. Choisir notre produit, c&rsquo;est investir dans la qualit\u00e9, la s\u00e9curit\u00e9 et le design fonctionnel, des \u00e9l\u00e9ments essentiels pour une gestion optimale de l&rsquo;espace. <\/span><\/p>\n<p><strong>CARACT\u00c9RISTIQUES:<\/strong><\/p>\n<ol>\n<li>Ruban r\u00e9tractable de remplacement pour les poteaux de signalisation.<\/li>\n<li>Syst\u00e8me avec m\u00e9canisme de freinage.<\/li>\n<li>Couleur : blanc\/rouge.<\/li>\n<li>Longueur : 300 cm environ.<\/li>\n<\/ol>\n<p>&nbsp;<\/p>\n<p><a href=\"https:\/\/www.smartystore.it\/v25\/wp-content\/uploads\/2026\/01\/STR-STOP70B-N-R-BI-V-BR-GN-AR-GI-GR.pdf\" target=\"_blank\" rel=\"noopener\"><img loading=\"lazy\" decoding=\"async\" class=\"alignnone size-full wp-image-93672\" src=\"https:\/\/www.smartystore.it\/v25\/wp-content\/uploads\/2023\/11\/LogoDownload_yellow.jpg\" alt=\"\" width=\"50\" height=\"50\"> <strong>FICHE TECHNIQUE<\/strong><\/a><\/p>\n<p><a href=\"https:\/\/www.smartystore.it\/v25\/wp-content\/uploads\/2026\/01\/Sostituzione-nastro.pdf\" target=\"_blank\" rel=\"noopener\"><img loading=\"lazy\" decoding=\"async\" class=\"alignnone size-full wp-image-94839\" src=\"https:\/\/www.smartystore.it\/v25\/wp-content\/uploads\/2025\/08\/LogoDownload_blue.jpg\" alt=\"\" width=\"50\" height=\"50\"><\/a> <a href=\"https:\/\/www.smartystore.it\/v25\/wp-content\/uploads\/2026\/01\/Sostituzione-nastro.pdf\" target=\"_blank\" rel=\"noopener\"><strong>INSTRUCTIONS D&rsquo;ASSEMBLAGE<\/strong><\/a>[\/vc_column_text][\/vc_column][\/vc_row]<\/p>\n<\/div>","protected":false},"excerpt":{"rendered":"<p>Rouleau de 3 m\u00e8tres de ruban rouge\/blanc pour les poteaux de balisage des chemins.<\/p>\n<p>&nbsp;<\/p>\n","protected":false},"featured_media":96833,"comment_status":"open","ping_status":"closed","template":"","meta":{"_acf_changed":false},"pwb-brand":[],"product_brand":[],"product_cat":[3073],"product_tag":[6145],"class_list":{"0":"post-96843","1":"product","2":"type-product","3":"status-publish","4":"has-post-thumbnail","6":"product_cat-rubans-cordons-accessoires","7":"product_tag-ruban-de-remplacement-de-colonne","8":"pa_c2c_color-rouge-blanc","9":"pa_c2c_dimensione-3-metres","10":"pa_c2c_trovraprezzi-oui","12":"first","13":"instock","14":"taxable","15":"shipping-taxable","16":"purchasable","17":"product-type-simple"},"acf":[],"yoast_head":"<!-- This site is optimized with the Yoast SEO plugin v27.4 - https:\/\/yoast.com\/product\/yoast-seo-wordpress\/ -->\n<title>Ruban de remplacement rouge\/blanc pour les poteaux de signalisation - Smarty Store<\/title>\n<meta name=\"description\" content=\"Ruban de remplacement blanc\/rouge pour les poteaux de signalisation. Longueur d&#039;environ 3 m\u00e8tres. Peut \u00eatre utilis\u00e9 avec tous les mod\u00e8les de nos bornes.\" \/>\n<meta name=\"robots\" content=\"index, follow, max-snippet:-1, max-image-preview:large, max-video-preview:-1\" \/>\n<link rel=\"canonical\" href=\"https:\/\/www.smartystore.it\/fr\/prodotto\/ruban-de-remplacement-rouge-blanc-pour-les-poteaux-de-signalisation\/\" \/>\n<meta property=\"og:locale\" content=\"fr_FR\" \/>\n<meta property=\"og:type\" content=\"article\" \/>\n<meta property=\"og:title\" content=\"Ruban de remplacement rouge\/blanc pour les poteaux de signalisation - Smarty Store\" \/>\n<meta property=\"og:description\" content=\"Ruban de remplacement blanc\/rouge pour les poteaux de signalisation. Longueur d&#039;environ 3 m\u00e8tres. Peut \u00eatre utilis\u00e9 avec tous les mod\u00e8les de nos bornes.\" \/>\n<meta property=\"og:url\" content=\"https:\/\/www.smartystore.it\/fr\/prodotto\/ruban-de-remplacement-rouge-blanc-pour-les-poteaux-de-signalisation\/\" \/>\n<meta property=\"og:site_name\" content=\"Smarty Store\" \/>\n<meta property=\"article:modified_time\" content=\"2026-01-26T13:17:18+00:00\" \/>\n<meta property=\"og:image\" content=\"https:\/\/www.smartystore.it\/v25\/wp-content\/uploads\/2016\/04\/Nastro-ricambio-bianco-rosso-di-3-metri-per-colonnina-segna-percorso-e-avvolgitori-a-muro.jpg\" \/>\n\t<meta property=\"og:image:width\" content=\"1000\" \/>\n\t<meta property=\"og:image:height\" content=\"1000\" \/>\n\t<meta property=\"og:image:type\" content=\"image\/jpeg\" \/>\n<meta name=\"twitter:card\" content=\"summary_large_image\" \/>\n<meta name=\"twitter:label1\" content=\"Dur\u00e9e de lecture estim\u00e9e\" \/>\n\t<meta name=\"twitter:data1\" content=\"2 minutes\" \/>\n<script type=\"application\/ld+json\" class=\"yoast-schema-graph\">{\"@context\":\"https:\\\/\\\/schema.org\",\"@graph\":[{\"@type\":\"WebPage\",\"@id\":\"https:\\\/\\\/www.smartystore.it\\\/fr\\\/prodotto\\\/ruban-de-remplacement-rouge-blanc-pour-les-poteaux-de-signalisation\\\/\",\"url\":\"https:\\\/\\\/www.smartystore.it\\\/fr\\\/prodotto\\\/ruban-de-remplacement-rouge-blanc-pour-les-poteaux-de-signalisation\\\/\",\"name\":\"Ruban de remplacement rouge\\\/blanc pour les poteaux de signalisation - Smarty Store\",\"isPartOf\":{\"@id\":\"https:\\\/\\\/www.smartystore.it\\\/fr\\\/#website\"},\"primaryImageOfPage\":{\"@id\":\"https:\\\/\\\/www.smartystore.it\\\/fr\\\/prodotto\\\/ruban-de-remplacement-rouge-blanc-pour-les-poteaux-de-signalisation\\\/#primaryimage\"},\"image\":{\"@id\":\"https:\\\/\\\/www.smartystore.it\\\/fr\\\/prodotto\\\/ruban-de-remplacement-rouge-blanc-pour-les-poteaux-de-signalisation\\\/#primaryimage\"},\"thumbnailUrl\":\"https:\\\/\\\/www.smartystore.it\\\/v25\\\/wp-content\\\/uploads\\\/2016\\\/04\\\/Nastro-ricambio-bianco-rosso-di-3-metri-per-colonnina-segna-percorso-e-avvolgitori-a-muro.jpg\",\"datePublished\":\"2016-04-29T14:46:33+00:00\",\"dateModified\":\"2026-01-26T13:17:18+00:00\",\"description\":\"Ruban de remplacement blanc\\\/rouge pour les poteaux de signalisation. Longueur d'environ 3 m\u00e8tres. Peut \u00eatre utilis\u00e9 avec tous les mod\u00e8les de nos bornes.\",\"breadcrumb\":{\"@id\":\"https:\\\/\\\/www.smartystore.it\\\/fr\\\/prodotto\\\/ruban-de-remplacement-rouge-blanc-pour-les-poteaux-de-signalisation\\\/#breadcrumb\"},\"inLanguage\":\"fr-FR\",\"potentialAction\":[{\"@type\":\"ReadAction\",\"target\":[\"https:\\\/\\\/www.smartystore.it\\\/fr\\\/prodotto\\\/ruban-de-remplacement-rouge-blanc-pour-les-poteaux-de-signalisation\\\/\"]}]},{\"@type\":\"ImageObject\",\"inLanguage\":\"fr-FR\",\"@id\":\"https:\\\/\\\/www.smartystore.it\\\/fr\\\/prodotto\\\/ruban-de-remplacement-rouge-blanc-pour-les-poteaux-de-signalisation\\\/#primaryimage\",\"url\":\"https:\\\/\\\/www.smartystore.it\\\/v25\\\/wp-content\\\/uploads\\\/2016\\\/04\\\/Nastro-ricambio-bianco-rosso-di-3-metri-per-colonnina-segna-percorso-e-avvolgitori-a-muro.jpg\",\"contentUrl\":\"https:\\\/\\\/www.smartystore.it\\\/v25\\\/wp-content\\\/uploads\\\/2016\\\/04\\\/Nastro-ricambio-bianco-rosso-di-3-metri-per-colonnina-segna-percorso-e-avvolgitori-a-muro.jpg\",\"width\":1000,\"height\":1000,\"caption\":\"Nastro-ricambio-bianco-rosso-di-3-metri-per-colonnina-segna-percorso-e-avvolgitori-a-muro\"},{\"@type\":\"BreadcrumbList\",\"@id\":\"https:\\\/\\\/www.smartystore.it\\\/fr\\\/prodotto\\\/ruban-de-remplacement-rouge-blanc-pour-les-poteaux-de-signalisation\\\/#breadcrumb\",\"itemListElement\":[{\"@type\":\"ListItem\",\"position\":1,\"name\":\"Home\",\"item\":\"https:\\\/\\\/www.smartystore.it\\\/fr\\\/\"},{\"@type\":\"ListItem\",\"position\":2,\"name\":\"Boutique\",\"item\":\"https:\\\/\\\/www.smartystore.it\\\/fr\\\/boutique\\\/\"},{\"@type\":\"ListItem\",\"position\":3,\"name\":\"Ruban de remplacement rouge\\\/blanc pour les poteaux de signalisation\"}]},{\"@type\":\"WebSite\",\"@id\":\"https:\\\/\\\/www.smartystore.it\\\/fr\\\/#website\",\"url\":\"https:\\\/\\\/www.smartystore.it\\\/fr\\\/\",\"name\":\"Smarty Store\",\"description\":\"Espositori Pubblicitari e Sistemi di Comunicazione Visiva\",\"potentialAction\":[{\"@type\":\"SearchAction\",\"target\":{\"@type\":\"EntryPoint\",\"urlTemplate\":\"https:\\\/\\\/www.smartystore.it\\\/fr\\\/?s={search_term_string}\"},\"query-input\":{\"@type\":\"PropertyValueSpecification\",\"valueRequired\":true,\"valueName\":\"search_term_string\"}}],\"inLanguage\":\"fr-FR\"}]}<\/script>\n<!-- \/ Yoast SEO plugin. -->","yoast_head_json":{"title":"Ruban de remplacement rouge\/blanc pour les poteaux de signalisation - Smarty Store","description":"Ruban de remplacement blanc\/rouge pour les poteaux de signalisation. Longueur d'environ 3 m\u00e8tres. Peut \u00eatre utilis\u00e9 avec tous les mod\u00e8les de nos bornes.","robots":{"index":"index","follow":"follow","max-snippet":"max-snippet:-1","max-image-preview":"max-image-preview:large","max-video-preview":"max-video-preview:-1"},"canonical":"https:\/\/www.smartystore.it\/fr\/prodotto\/ruban-de-remplacement-rouge-blanc-pour-les-poteaux-de-signalisation\/","og_locale":"fr_FR","og_type":"article","og_title":"Ruban de remplacement rouge\/blanc pour les poteaux de signalisation - Smarty Store","og_description":"Ruban de remplacement blanc\/rouge pour les poteaux de signalisation. Longueur d'environ 3 m\u00e8tres. Peut \u00eatre utilis\u00e9 avec tous les mod\u00e8les de nos bornes.","og_url":"https:\/\/www.smartystore.it\/fr\/prodotto\/ruban-de-remplacement-rouge-blanc-pour-les-poteaux-de-signalisation\/","og_site_name":"Smarty Store","article_modified_time":"2026-01-26T13:17:18+00:00","og_image":[{"width":1000,"height":1000,"url":"https:\/\/www.smartystore.it\/v25\/wp-content\/uploads\/2016\/04\/Nastro-ricambio-bianco-rosso-di-3-metri-per-colonnina-segna-percorso-e-avvolgitori-a-muro.jpg","type":"image\/jpeg"}],"twitter_card":"summary_large_image","twitter_misc":{"Dur\u00e9e de lecture estim\u00e9e":"2 minutes"},"schema":{"@context":"https:\/\/schema.org","@graph":[{"@type":"WebPage","@id":"https:\/\/www.smartystore.it\/fr\/prodotto\/ruban-de-remplacement-rouge-blanc-pour-les-poteaux-de-signalisation\/","url":"https:\/\/www.smartystore.it\/fr\/prodotto\/ruban-de-remplacement-rouge-blanc-pour-les-poteaux-de-signalisation\/","name":"Ruban de remplacement rouge\/blanc pour les poteaux de signalisation - Smarty Store","isPartOf":{"@id":"https:\/\/www.smartystore.it\/fr\/#website"},"primaryImageOfPage":{"@id":"https:\/\/www.smartystore.it\/fr\/prodotto\/ruban-de-remplacement-rouge-blanc-pour-les-poteaux-de-signalisation\/#primaryimage"},"image":{"@id":"https:\/\/www.smartystore.it\/fr\/prodotto\/ruban-de-remplacement-rouge-blanc-pour-les-poteaux-de-signalisation\/#primaryimage"},"thumbnailUrl":"https:\/\/www.smartystore.it\/v25\/wp-content\/uploads\/2016\/04\/Nastro-ricambio-bianco-rosso-di-3-metri-per-colonnina-segna-percorso-e-avvolgitori-a-muro.jpg","datePublished":"2016-04-29T14:46:33+00:00","dateModified":"2026-01-26T13:17:18+00:00","description":"Ruban de remplacement blanc\/rouge pour les poteaux de signalisation. Longueur d'environ 3 m\u00e8tres. Peut \u00eatre utilis\u00e9 avec tous les mod\u00e8les de nos bornes.","breadcrumb":{"@id":"https:\/\/www.smartystore.it\/fr\/prodotto\/ruban-de-remplacement-rouge-blanc-pour-les-poteaux-de-signalisation\/#breadcrumb"},"inLanguage":"fr-FR","potentialAction":[{"@type":"ReadAction","target":["https:\/\/www.smartystore.it\/fr\/prodotto\/ruban-de-remplacement-rouge-blanc-pour-les-poteaux-de-signalisation\/"]}]},{"@type":"ImageObject","inLanguage":"fr-FR","@id":"https:\/\/www.smartystore.it\/fr\/prodotto\/ruban-de-remplacement-rouge-blanc-pour-les-poteaux-de-signalisation\/#primaryimage","url":"https:\/\/www.smartystore.it\/v25\/wp-content\/uploads\/2016\/04\/Nastro-ricambio-bianco-rosso-di-3-metri-per-colonnina-segna-percorso-e-avvolgitori-a-muro.jpg","contentUrl":"https:\/\/www.smartystore.it\/v25\/wp-content\/uploads\/2016\/04\/Nastro-ricambio-bianco-rosso-di-3-metri-per-colonnina-segna-percorso-e-avvolgitori-a-muro.jpg","width":1000,"height":1000,"caption":"Nastro-ricambio-bianco-rosso-di-3-metri-per-colonnina-segna-percorso-e-avvolgitori-a-muro"},{"@type":"BreadcrumbList","@id":"https:\/\/www.smartystore.it\/fr\/prodotto\/ruban-de-remplacement-rouge-blanc-pour-les-poteaux-de-signalisation\/#breadcrumb","itemListElement":[{"@type":"ListItem","position":1,"name":"Home","item":"https:\/\/www.smartystore.it\/fr\/"},{"@type":"ListItem","position":2,"name":"Boutique","item":"https:\/\/www.smartystore.it\/fr\/boutique\/"},{"@type":"ListItem","position":3,"name":"Ruban de remplacement rouge\/blanc pour les poteaux de signalisation"}]},{"@type":"WebSite","@id":"https:\/\/www.smartystore.it\/fr\/#website","url":"https:\/\/www.smartystore.it\/fr\/","name":"Smarty Store","description":"Espositori Pubblicitari e Sistemi di Comunicazione Visiva","potentialAction":[{"@type":"SearchAction","target":{"@type":"EntryPoint","urlTemplate":"https:\/\/www.smartystore.it\/fr\/?s={search_term_string}"},"query-input":{"@type":"PropertyValueSpecification","valueRequired":true,"valueName":"search_term_string"}}],"inLanguage":"fr-FR"}]}},"brands":[],"_links":{"self":[{"href":"https:\/\/www.smartystore.it\/fr\/wp-json\/wp\/v2\/product\/96843","targetHints":{"allow":["GET"]}}],"collection":[{"href":"https:\/\/www.smartystore.it\/fr\/wp-json\/wp\/v2\/product"}],"about":[{"href":"https:\/\/www.smartystore.it\/fr\/wp-json\/wp\/v2\/types\/product"}],"replies":[{"embeddable":true,"href":"https:\/\/www.smartystore.it\/fr\/wp-json\/wp\/v2\/comments?post=96843"}],"wp:featuredmedia":[{"embeddable":true,"href":"https:\/\/www.smartystore.it\/fr\/wp-json\/wp\/v2\/media\/96833"}],"wp:attachment":[{"href":"https:\/\/www.smartystore.it\/fr\/wp-json\/wp\/v2\/media?parent=96843"}],"wp:term":[{"taxonomy":"pwb-brand","embeddable":true,"href":"https:\/\/www.smartystore.it\/fr\/wp-json\/wp\/v2\/pwb-brand?post=96843"},{"taxonomy":"product_brand","embeddable":true,"href":"https:\/\/www.smartystore.it\/fr\/wp-json\/wp\/v2\/product_brand?post=96843"},{"taxonomy":"product_cat","embeddable":true,"href":"https:\/\/www.smartystore.it\/fr\/wp-json\/wp\/v2\/product_cat?post=96843"},{"taxonomy":"product_tag","embeddable":true,"href":"https:\/\/www.smartystore.it\/fr\/wp-json\/wp\/v2\/product_tag?post=96843"}],"curies":[{"name":"wp","href":"https:\/\/api.w.org\/{rel}","templated":true}]}}