{"id":96828,"date":"2026-01-16T17:21:50","date_gmt":"2026-01-16T15:21:50","guid":{"rendered":"https:\/\/www.smartystore.it\/prodotto\/ruban-blanc-de-remplacement-pour-les-poteaux-de-signalisation\/"},"modified":"2026-01-16T17:21:51","modified_gmt":"2026-01-16T15:21:51","slug":"ruban-blanc-de-remplacement-pour-les-poteaux-de-signalisation","status":"publish","type":"product","link":"https:\/\/www.smartystore.it\/fr\/prodotto\/ruban-blanc-de-remplacement-pour-les-poteaux-de-signalisation\/","title":{"rendered":"Ruban blanc de remplacement pour les poteaux de signalisation"},"content":{"rendered":"<div class=\"wpb-content-wrapper\"><p>[vc_row][vc_column][vc_column_text css=\u00a0\u00bb\u00a0\u00bb css_params=\u00a0\u00bb\u00a0\u00bb]<\/p>\n<h2>Ruban blanc de remplacement pour les poteaux de signalisation<\/h2>\n<p><span dir=\"auto\">Dans le cadre de la gestion de l&rsquo;espace et des flux de personnes, le ruban blanc de remplacement pour le marquage des colonnes est une solution indispensable. D&rsquo;une longueur de 3 m\u00e8tres, ce ruban est con\u00e7u avec un syst\u00e8me de <strong>clip de s\u00e9curit\u00e9<\/strong> qui assure une utilisation s\u00fbre et pratique, permettant un remplacement rapide m\u00eame dans les situations de forte affluence. <\/span><\/p>\n<h3>Personnalisez votre ruban pour rendre l&rsquo;itin\u00e9raire encore plus visible !<\/h3>\n<p><span dir=\"auto\">La personnalisation est l&rsquo;une des caract\u00e9ristiques de notre ruban ; il peut \u00eatre d\u00e9cor\u00e9 des deux c\u00f4t\u00e9s avec le logo de l&rsquo;entreprise en une ou plusieurs couleurs. Cette caract\u00e9ristique permet aux entreprises d&rsquo;int\u00e9grer leur identit\u00e9 visuelle dans les espaces publics, de renforcer la marque et d&rsquo;am\u00e9liorer l&rsquo;exp\u00e9rience du client. Un ruban personnalis\u00e9 n&rsquo;est pas seulement utile pour d\u00e9limiter des zones ou orienter le public, il devient \u00e9galement un puissant outil de marketing visuel.  <\/span><\/p>\n<p><span dir=\"auto\">Le ruban de remplacement est compatible avec les poteaux de balisage des lignes Classic, Black et Tendilinear. Cette large compatibilit\u00e9 rend notre produit polyvalent et adapt\u00e9 \u00e0 une vari\u00e9t\u00e9 d&rsquo;environnements, allant des foires commerciales et des fonctions d&rsquo;entreprise aux espaces commerciaux et publics. Les colonnes de balisage, associ\u00e9es au ruban, permettent une gestion efficace et ordonn\u00e9e des flux de visiteurs, contribuant ainsi \u00e0 cr\u00e9er une atmosph\u00e8re professionnelle et accueillante.  <\/span><\/p>\n<p><span dir=\"auto\">Choisir notre ruban de remplacement blanc, c&rsquo;est opter pour un produit de haute qualit\u00e9 qui allie fonctionnalit\u00e9 et esth\u00e9tique. Chaque entreprise a la possibilit\u00e9 de communiquer son message de mani\u00e8re claire et visible, tandis que le ruban remplit sa fonction principale de signalisation et de d\u00e9limitation de mani\u00e8re d\u00e9contract\u00e9e et efficace. <\/span><\/p>\n<p><span dir=\"auto\">En conclusion, le ruban blanc de remplacement pour marqueurs de colonnes est un investissement strat\u00e9gique pour ceux qui souhaitent allier praticit\u00e9 et mise en valeur de la marque dans leurs espaces. Contactez-nous pour d\u00e9couvrir les options de personnalisation et rendre votre ruban unique et distinctif. <\/span><\/p>\n<p><strong>CARACT\u00c9RISTIQUES:<\/strong><\/p>\n<ol>\n<li>Ruban r\u00e9tractable de remplacement pour les poteaux de signalisation.<\/li>\n<li>Syst\u00e8me avec m\u00e9canisme de freinage.<\/li>\n<li>Couleur : blanc.<\/li>\n<li>Longueur : 300 cm environ.<\/li>\n<\/ol>\n<p><strong>Possibilit\u00e9 de personnaliser le ruban des deux c\u00f4t\u00e9s avec un logo en une ou plusieurs couleurs (contactez-nous pour plus d&rsquo;informations et pour conna\u00eetre les co\u00fbts).<\/strong><\/p>\n<p><a href=\"https:\/\/www.smartystore.it\/v25\/wp-content\/uploads\/2026\/01\/STR-STOP70B-N-R-BI-V-BR-GN-AR-GI-GR.pdf\" target=\"_blank\" rel=\"noopener\"><img loading=\"lazy\" decoding=\"async\" class=\"alignnone size-full wp-image-93672\" src=\"https:\/\/www.smartystore.it\/v25\/wp-content\/uploads\/2023\/11\/LogoDownload_yellow.jpg\" alt=\"\" width=\"50\" height=\"50\"> <strong>FICHE TECHNIQUE<\/strong><\/a><\/p>\n<p><a href=\"https:\/\/www.smartystore.it\/v25\/wp-content\/uploads\/2026\/01\/Sostituzione-nastro.pdf\" target=\"_blank\" rel=\"noopener\"><img loading=\"lazy\" decoding=\"async\" class=\"alignnone size-full wp-image-94839\" src=\"https:\/\/www.smartystore.it\/v25\/wp-content\/uploads\/2025\/08\/LogoDownload_blue.jpg\" alt=\"\" width=\"50\" height=\"50\"><\/a> <a href=\"https:\/\/www.smartystore.it\/v25\/wp-content\/uploads\/2026\/01\/Sostituzione-nastro.pdf\" target=\"_blank\" rel=\"noopener\"><strong>INSTRUCTIONS D&rsquo;ASSEMBLAGE<\/strong><\/a><\/p>\n<p>[\/vc_column_text][\/vc_column][\/vc_row]<\/p>\n<\/div>","protected":false},"excerpt":{"rendered":"<p>Rouleau de 3 m\u00e8tres en blanc pour les poteaux de balisage des chemins.<\/p>\n<p>&nbsp;<\/p>\n","protected":false},"featured_media":96815,"comment_status":"open","ping_status":"closed","template":"","meta":{"_acf_changed":false},"pwb-brand":[],"product_brand":[],"product_cat":[3073],"product_tag":[6145],"class_list":{"0":"post-96828","1":"product","2":"type-product","3":"status-publish","4":"has-post-thumbnail","6":"product_cat-rubans-cordons-accessoires","7":"product_tag-ruban-de-remplacement-de-colonne","8":"pa_c2c_color-blanc","9":"pa_c2c_dimensione-3-metres","10":"pa_c2c_trovraprezzi-oui","12":"first","13":"instock","14":"taxable","15":"shipping-taxable","16":"purchasable","17":"product-type-simple"},"acf":[],"yoast_head":"<!-- This site is optimized with the Yoast SEO plugin v27.4 - https:\/\/yoast.com\/product\/yoast-seo-wordpress\/ -->\n<title>Ruban blanc de remplacement pour les poteaux de signalisation - Smarty Store<\/title>\n<meta name=\"description\" content=\"Ruban blanc de remplacement pour les poteaux de balisage. Longueur d&#039;environ 3 m\u00e8tres. Personnalisable d&#039;un c\u00f4t\u00e9 ou des deux c\u00f4t\u00e9s, en une ou plusieurs couleurs.\" \/>\n<meta name=\"robots\" content=\"index, follow, max-snippet:-1, max-image-preview:large, max-video-preview:-1\" \/>\n<link rel=\"canonical\" href=\"https:\/\/www.smartystore.it\/fr\/prodotto\/ruban-blanc-de-remplacement-pour-les-poteaux-de-signalisation\/\" \/>\n<meta property=\"og:locale\" content=\"fr_FR\" \/>\n<meta property=\"og:type\" content=\"article\" \/>\n<meta property=\"og:title\" content=\"Ruban blanc de remplacement pour les poteaux de signalisation - Smarty Store\" \/>\n<meta property=\"og:description\" content=\"Ruban blanc de remplacement pour les poteaux de balisage. Longueur d&#039;environ 3 m\u00e8tres. Personnalisable d&#039;un c\u00f4t\u00e9 ou des deux c\u00f4t\u00e9s, en une ou plusieurs couleurs.\" \/>\n<meta property=\"og:url\" content=\"https:\/\/www.smartystore.it\/fr\/prodotto\/ruban-blanc-de-remplacement-pour-les-poteaux-de-signalisation\/\" \/>\n<meta property=\"og:site_name\" content=\"Smarty Store\" \/>\n<meta property=\"article:modified_time\" content=\"2026-01-16T15:21:51+00:00\" \/>\n<meta property=\"og:image\" content=\"https:\/\/www.smartystore.it\/v25\/wp-content\/uploads\/2015\/03\/Nastro-ricambio-bianco-di-3-metri-per-colonnina-segna-percorso-e-avvolgitori-a-muro.jpg\" \/>\n\t<meta property=\"og:image:width\" content=\"1000\" \/>\n\t<meta property=\"og:image:height\" content=\"1000\" \/>\n\t<meta property=\"og:image:type\" content=\"image\/jpeg\" \/>\n<meta name=\"twitter:card\" content=\"summary_large_image\" \/>\n<meta name=\"twitter:label1\" content=\"Dur\u00e9e de lecture estim\u00e9e\" \/>\n\t<meta name=\"twitter:data1\" content=\"2 minutes\" \/>\n<script type=\"application\/ld+json\" class=\"yoast-schema-graph\">{\"@context\":\"https:\\\/\\\/schema.org\",\"@graph\":[{\"@type\":\"WebPage\",\"@id\":\"https:\\\/\\\/www.smartystore.it\\\/fr\\\/prodotto\\\/ruban-blanc-de-remplacement-pour-les-poteaux-de-signalisation\\\/\",\"url\":\"https:\\\/\\\/www.smartystore.it\\\/fr\\\/prodotto\\\/ruban-blanc-de-remplacement-pour-les-poteaux-de-signalisation\\\/\",\"name\":\"Ruban blanc de remplacement pour les poteaux de signalisation - Smarty Store\",\"isPartOf\":{\"@id\":\"https:\\\/\\\/www.smartystore.it\\\/fr\\\/#website\"},\"primaryImageOfPage\":{\"@id\":\"https:\\\/\\\/www.smartystore.it\\\/fr\\\/prodotto\\\/ruban-blanc-de-remplacement-pour-les-poteaux-de-signalisation\\\/#primaryimage\"},\"image\":{\"@id\":\"https:\\\/\\\/www.smartystore.it\\\/fr\\\/prodotto\\\/ruban-blanc-de-remplacement-pour-les-poteaux-de-signalisation\\\/#primaryimage\"},\"thumbnailUrl\":\"https:\\\/\\\/www.smartystore.it\\\/v25\\\/wp-content\\\/uploads\\\/2015\\\/03\\\/Nastro-ricambio-bianco-di-3-metri-per-colonnina-segna-percorso-e-avvolgitori-a-muro.jpg\",\"datePublished\":\"2026-01-16T15:21:50+00:00\",\"dateModified\":\"2026-01-16T15:21:51+00:00\",\"description\":\"Ruban blanc de remplacement pour les poteaux de balisage. Longueur d'environ 3 m\u00e8tres. Personnalisable d'un c\u00f4t\u00e9 ou des deux c\u00f4t\u00e9s, en une ou plusieurs couleurs.\",\"breadcrumb\":{\"@id\":\"https:\\\/\\\/www.smartystore.it\\\/fr\\\/prodotto\\\/ruban-blanc-de-remplacement-pour-les-poteaux-de-signalisation\\\/#breadcrumb\"},\"inLanguage\":\"fr-FR\",\"potentialAction\":[{\"@type\":\"ReadAction\",\"target\":[\"https:\\\/\\\/www.smartystore.it\\\/fr\\\/prodotto\\\/ruban-blanc-de-remplacement-pour-les-poteaux-de-signalisation\\\/\"]}]},{\"@type\":\"ImageObject\",\"inLanguage\":\"fr-FR\",\"@id\":\"https:\\\/\\\/www.smartystore.it\\\/fr\\\/prodotto\\\/ruban-blanc-de-remplacement-pour-les-poteaux-de-signalisation\\\/#primaryimage\",\"url\":\"https:\\\/\\\/www.smartystore.it\\\/v25\\\/wp-content\\\/uploads\\\/2015\\\/03\\\/Nastro-ricambio-bianco-di-3-metri-per-colonnina-segna-percorso-e-avvolgitori-a-muro.jpg\",\"contentUrl\":\"https:\\\/\\\/www.smartystore.it\\\/v25\\\/wp-content\\\/uploads\\\/2015\\\/03\\\/Nastro-ricambio-bianco-di-3-metri-per-colonnina-segna-percorso-e-avvolgitori-a-muro.jpg\",\"width\":1000,\"height\":1000,\"caption\":\"Nastro-ricambio-bianco-di-3-metri-per-colonnina-segna-percorso-e-avvolgitori-a-muro\"},{\"@type\":\"BreadcrumbList\",\"@id\":\"https:\\\/\\\/www.smartystore.it\\\/fr\\\/prodotto\\\/ruban-blanc-de-remplacement-pour-les-poteaux-de-signalisation\\\/#breadcrumb\",\"itemListElement\":[{\"@type\":\"ListItem\",\"position\":1,\"name\":\"Home\",\"item\":\"https:\\\/\\\/www.smartystore.it\\\/fr\\\/\"},{\"@type\":\"ListItem\",\"position\":2,\"name\":\"Boutique\",\"item\":\"https:\\\/\\\/www.smartystore.it\\\/fr\\\/boutique\\\/\"},{\"@type\":\"ListItem\",\"position\":3,\"name\":\"Ruban blanc de remplacement pour les poteaux de signalisation\"}]},{\"@type\":\"WebSite\",\"@id\":\"https:\\\/\\\/www.smartystore.it\\\/fr\\\/#website\",\"url\":\"https:\\\/\\\/www.smartystore.it\\\/fr\\\/\",\"name\":\"Smarty Store\",\"description\":\"Espositori Pubblicitari e Sistemi di Comunicazione Visiva\",\"potentialAction\":[{\"@type\":\"SearchAction\",\"target\":{\"@type\":\"EntryPoint\",\"urlTemplate\":\"https:\\\/\\\/www.smartystore.it\\\/fr\\\/?s={search_term_string}\"},\"query-input\":{\"@type\":\"PropertyValueSpecification\",\"valueRequired\":true,\"valueName\":\"search_term_string\"}}],\"inLanguage\":\"fr-FR\"}]}<\/script>\n<!-- \/ Yoast SEO plugin. -->","yoast_head_json":{"title":"Ruban blanc de remplacement pour les poteaux de signalisation - Smarty Store","description":"Ruban blanc de remplacement pour les poteaux de balisage. Longueur d'environ 3 m\u00e8tres. Personnalisable d'un c\u00f4t\u00e9 ou des deux c\u00f4t\u00e9s, en une ou plusieurs couleurs.","robots":{"index":"index","follow":"follow","max-snippet":"max-snippet:-1","max-image-preview":"max-image-preview:large","max-video-preview":"max-video-preview:-1"},"canonical":"https:\/\/www.smartystore.it\/fr\/prodotto\/ruban-blanc-de-remplacement-pour-les-poteaux-de-signalisation\/","og_locale":"fr_FR","og_type":"article","og_title":"Ruban blanc de remplacement pour les poteaux de signalisation - Smarty Store","og_description":"Ruban blanc de remplacement pour les poteaux de balisage. Longueur d'environ 3 m\u00e8tres. Personnalisable d'un c\u00f4t\u00e9 ou des deux c\u00f4t\u00e9s, en une ou plusieurs couleurs.","og_url":"https:\/\/www.smartystore.it\/fr\/prodotto\/ruban-blanc-de-remplacement-pour-les-poteaux-de-signalisation\/","og_site_name":"Smarty Store","article_modified_time":"2026-01-16T15:21:51+00:00","og_image":[{"width":1000,"height":1000,"url":"https:\/\/www.smartystore.it\/v25\/wp-content\/uploads\/2015\/03\/Nastro-ricambio-bianco-di-3-metri-per-colonnina-segna-percorso-e-avvolgitori-a-muro.jpg","type":"image\/jpeg"}],"twitter_card":"summary_large_image","twitter_misc":{"Dur\u00e9e de lecture estim\u00e9e":"2 minutes"},"schema":{"@context":"https:\/\/schema.org","@graph":[{"@type":"WebPage","@id":"https:\/\/www.smartystore.it\/fr\/prodotto\/ruban-blanc-de-remplacement-pour-les-poteaux-de-signalisation\/","url":"https:\/\/www.smartystore.it\/fr\/prodotto\/ruban-blanc-de-remplacement-pour-les-poteaux-de-signalisation\/","name":"Ruban blanc de remplacement pour les poteaux de signalisation - Smarty Store","isPartOf":{"@id":"https:\/\/www.smartystore.it\/fr\/#website"},"primaryImageOfPage":{"@id":"https:\/\/www.smartystore.it\/fr\/prodotto\/ruban-blanc-de-remplacement-pour-les-poteaux-de-signalisation\/#primaryimage"},"image":{"@id":"https:\/\/www.smartystore.it\/fr\/prodotto\/ruban-blanc-de-remplacement-pour-les-poteaux-de-signalisation\/#primaryimage"},"thumbnailUrl":"https:\/\/www.smartystore.it\/v25\/wp-content\/uploads\/2015\/03\/Nastro-ricambio-bianco-di-3-metri-per-colonnina-segna-percorso-e-avvolgitori-a-muro.jpg","datePublished":"2026-01-16T15:21:50+00:00","dateModified":"2026-01-16T15:21:51+00:00","description":"Ruban blanc de remplacement pour les poteaux de balisage. Longueur d'environ 3 m\u00e8tres. Personnalisable d'un c\u00f4t\u00e9 ou des deux c\u00f4t\u00e9s, en une ou plusieurs couleurs.","breadcrumb":{"@id":"https:\/\/www.smartystore.it\/fr\/prodotto\/ruban-blanc-de-remplacement-pour-les-poteaux-de-signalisation\/#breadcrumb"},"inLanguage":"fr-FR","potentialAction":[{"@type":"ReadAction","target":["https:\/\/www.smartystore.it\/fr\/prodotto\/ruban-blanc-de-remplacement-pour-les-poteaux-de-signalisation\/"]}]},{"@type":"ImageObject","inLanguage":"fr-FR","@id":"https:\/\/www.smartystore.it\/fr\/prodotto\/ruban-blanc-de-remplacement-pour-les-poteaux-de-signalisation\/#primaryimage","url":"https:\/\/www.smartystore.it\/v25\/wp-content\/uploads\/2015\/03\/Nastro-ricambio-bianco-di-3-metri-per-colonnina-segna-percorso-e-avvolgitori-a-muro.jpg","contentUrl":"https:\/\/www.smartystore.it\/v25\/wp-content\/uploads\/2015\/03\/Nastro-ricambio-bianco-di-3-metri-per-colonnina-segna-percorso-e-avvolgitori-a-muro.jpg","width":1000,"height":1000,"caption":"Nastro-ricambio-bianco-di-3-metri-per-colonnina-segna-percorso-e-avvolgitori-a-muro"},{"@type":"BreadcrumbList","@id":"https:\/\/www.smartystore.it\/fr\/prodotto\/ruban-blanc-de-remplacement-pour-les-poteaux-de-signalisation\/#breadcrumb","itemListElement":[{"@type":"ListItem","position":1,"name":"Home","item":"https:\/\/www.smartystore.it\/fr\/"},{"@type":"ListItem","position":2,"name":"Boutique","item":"https:\/\/www.smartystore.it\/fr\/boutique\/"},{"@type":"ListItem","position":3,"name":"Ruban blanc de remplacement pour les poteaux de signalisation"}]},{"@type":"WebSite","@id":"https:\/\/www.smartystore.it\/fr\/#website","url":"https:\/\/www.smartystore.it\/fr\/","name":"Smarty Store","description":"Espositori Pubblicitari e Sistemi di Comunicazione Visiva","potentialAction":[{"@type":"SearchAction","target":{"@type":"EntryPoint","urlTemplate":"https:\/\/www.smartystore.it\/fr\/?s={search_term_string}"},"query-input":{"@type":"PropertyValueSpecification","valueRequired":true,"valueName":"search_term_string"}}],"inLanguage":"fr-FR"}]}},"brands":[],"_links":{"self":[{"href":"https:\/\/www.smartystore.it\/fr\/wp-json\/wp\/v2\/product\/96828","targetHints":{"allow":["GET"]}}],"collection":[{"href":"https:\/\/www.smartystore.it\/fr\/wp-json\/wp\/v2\/product"}],"about":[{"href":"https:\/\/www.smartystore.it\/fr\/wp-json\/wp\/v2\/types\/product"}],"replies":[{"embeddable":true,"href":"https:\/\/www.smartystore.it\/fr\/wp-json\/wp\/v2\/comments?post=96828"}],"wp:featuredmedia":[{"embeddable":true,"href":"https:\/\/www.smartystore.it\/fr\/wp-json\/wp\/v2\/media\/96815"}],"wp:attachment":[{"href":"https:\/\/www.smartystore.it\/fr\/wp-json\/wp\/v2\/media?parent=96828"}],"wp:term":[{"taxonomy":"pwb-brand","embeddable":true,"href":"https:\/\/www.smartystore.it\/fr\/wp-json\/wp\/v2\/pwb-brand?post=96828"},{"taxonomy":"product_brand","embeddable":true,"href":"https:\/\/www.smartystore.it\/fr\/wp-json\/wp\/v2\/product_brand?post=96828"},{"taxonomy":"product_cat","embeddable":true,"href":"https:\/\/www.smartystore.it\/fr\/wp-json\/wp\/v2\/product_cat?post=96828"},{"taxonomy":"product_tag","embeddable":true,"href":"https:\/\/www.smartystore.it\/fr\/wp-json\/wp\/v2\/product_tag?post=96828"}],"curies":[{"name":"wp","href":"https:\/\/api.w.org\/{rel}","templated":true}]}}