{"id":96813,"date":"2026-01-16T17:06:38","date_gmt":"2026-01-16T15:06:38","guid":{"rendered":"https:\/\/www.smartystore.it\/prodotto\/ruban-de-remplacement-bleu-pour-les-bornes-de-reperage\/"},"modified":"2026-01-16T17:06:39","modified_gmt":"2026-01-16T15:06:39","slug":"ruban-de-remplacement-bleu-pour-les-bornes-de-reperage","status":"publish","type":"product","link":"https:\/\/www.smartystore.it\/fr\/prodotto\/ruban-de-remplacement-bleu-pour-les-bornes-de-reperage\/","title":{"rendered":"Ruban de remplacement bleu pour les bornes de rep\u00e9rage"},"content":{"rendered":"<div class=\"wpb-content-wrapper\"><p>[vc_row][vc_column][vc_column_text css=\u00a0\u00bb\u00a0\u00bb css_params=\u00a0\u00bb\u00a0\u00bb]<\/p>\n<h2>Ruban de remplacement bleu pour les bornes de rep\u00e9rage<\/h2>\n<p><span dir=\"auto\">Le ruban bleu de remplacement pour poteaux de balisage est une solution id\u00e9ale pour assurer une visibilit\u00e9 et une s\u00e9curit\u00e9 maximales dans les espaces publics, les \u00e9v\u00e9nements et les manifestations. Fabriqu\u00e9 \u00e0 partir de mat\u00e9riaux de haute qualit\u00e9, ce ruban mesure 3 m\u00e8tres de long et est dot\u00e9 d&rsquo;un <strong>clip de s\u00e9curit\u00e9<\/strong>, ce qui facilite son installation et son retrait tout en garantissant une bonne tenue. <\/span><\/p>\n<h3>Personnalisez votre ruban pour rendre l&rsquo;itin\u00e9raire encore plus visible !<\/h3>\n<p><span dir=\"auto\">L&rsquo;une des caract\u00e9ristiques de ce ruban est sa capacit\u00e9 \u00e0 \u00eatre personnalis\u00e9 sur les deux faces avec des logos d&rsquo;entreprise. Cette caract\u00e9ristique permet aux organisations de promouvoir efficacement leur marque en utilisant une ou plusieurs couleurs de leur choix. La personnalisation contribue non seulement \u00e0 am\u00e9liorer l&rsquo;image de l&rsquo;entreprise, mais aussi \u00e0 accro\u00eetre la visibilit\u00e9 de la marque et \u00e0 attirer l&rsquo;attention du public sur elle.  <\/span><\/p>\n<p><span dir=\"auto\">Ce ruban de remplacement est compatible avec les marqueurs Classic, Black et Tendiline, ce qui facilite le remplacement et la mise \u00e0 niveau de l&rsquo;\u00e9quipement existant. Dans un environnement de plus en plus ax\u00e9 sur le souci du d\u00e9tail et l&rsquo;exp\u00e9rience du client, l&rsquo;utilisation de rubans de qualit\u00e9 sup\u00e9rieure contribue \u00e0 un environnement ordonn\u00e9 et professionnel. <\/span><\/p>\n<p><span dir=\"auto\">En outre, la couleur bleue du ruban s&rsquo;harmonise parfaitement avec le style des colonnes et est facilement reconnaissable, ce qui permet aux visiteurs de savoir clairement quel chemin emprunter. La combinaison d&rsquo;un design fonctionnel et de possibilit\u00e9s de marquage fait de ce produit un \u00e9l\u00e9ment essentiel pour ceux qui souhaitent optimiser l&rsquo;organisation des espaces. <\/span><\/p>\n<p><span dir=\"auto\">En conclusion, le ruban de remplacement bleu pour le marquage des colonnes est un investissement strat\u00e9gique pour les entreprises et les organisateurs d&rsquo;\u00e9v\u00e9nements. Avec la possibilit\u00e9 de personnalisation et la facilit\u00e9 d&rsquo;utilisation, ce ruban est un choix avantageux pour am\u00e9liorer la s\u00e9curit\u00e9 et la communication visuelle dans n&rsquo;importe quel contexte. <\/span><\/p>\n<p><strong>CARACT\u00c9RISTIQUES:<\/strong><\/p>\n<ol>\n<li>Ruban r\u00e9tractable de remplacement pour les poteaux de signalisation.<\/li>\n<li>Syst\u00e8me avec m\u00e9canisme de freinage.<\/li>\n<li>Couleur : bleu.<\/li>\n<li>Longueur : 300 cm environ.<\/li>\n<\/ol>\n<p><strong>Possibilit\u00e9 de personnaliser le ruban des deux c\u00f4t\u00e9s avec un logo en une ou plusieurs couleurs (contactez-nous pour plus d&rsquo;informations et pour conna\u00eetre les co\u00fbts).<\/strong><\/p>\n<p><a href=\"https:\/\/www.smartystore.it\/v25\/wp-content\/uploads\/2026\/01\/STR-STOP70B-N-R-BI-V-BR-GN-AR-GI-GR.pdf\" target=\"_blank\" rel=\"noopener\"><img loading=\"lazy\" decoding=\"async\" class=\"alignnone size-full wp-image-93672\" src=\"https:\/\/www.smartystore.it\/v25\/wp-content\/uploads\/2023\/11\/LogoDownload_yellow.jpg\" alt=\"\" width=\"50\" height=\"50\"> <strong>FICHE TECHNIQUE<\/strong><\/a><\/p>\n<p><a href=\"https:\/\/www.smartystore.it\/v25\/wp-content\/uploads\/2026\/01\/Sostituzione-nastro.pdf\" target=\"_blank\" rel=\"noopener\"><img loading=\"lazy\" decoding=\"async\" class=\"alignnone size-full wp-image-94839\" src=\"https:\/\/www.smartystore.it\/v25\/wp-content\/uploads\/2025\/08\/LogoDownload_blue.jpg\" alt=\"\" width=\"50\" height=\"50\"><\/a> <a href=\"https:\/\/www.smartystore.it\/v25\/wp-content\/uploads\/2026\/01\/Sostituzione-nastro.pdf\" target=\"_blank\" rel=\"noopener\"><strong>INSTRUCTIONS D&rsquo;ASSEMBLAGE<\/strong><\/a>[\/vc_column_text][\/vc_column][\/vc_row]<\/p>\n<\/div>","protected":false},"excerpt":{"rendered":"<p>Ruban r\u00e9tractable bleu de 3 m\u00e8tres pour les poteaux de balisage des chemins.<\/p>\n<p>&nbsp;<\/p>\n","protected":false},"featured_media":96809,"comment_status":"open","ping_status":"closed","template":"","meta":{"_acf_changed":false},"pwb-brand":[],"product_brand":[],"product_cat":[3073],"product_tag":[6145],"class_list":{"0":"post-96813","1":"product","2":"type-product","3":"status-publish","4":"has-post-thumbnail","6":"product_cat-rubans-cordons-accessoires","7":"product_tag-ruban-de-remplacement-de-colonne","8":"pa_c2c_color-bleu","9":"pa_c2c_dimensione-3-metres","10":"pa_c2c_trovraprezzi-oui","12":"first","13":"instock","14":"taxable","15":"shipping-taxable","16":"purchasable","17":"product-type-simple"},"acf":[],"yoast_head":"<!-- This site is optimized with the Yoast SEO plugin v27.4 - https:\/\/yoast.com\/product\/yoast-seo-wordpress\/ -->\n<title>Ruban de remplacement bleu pour les bornes de rep\u00e9rage - Smarty Store<\/title>\n<meta name=\"description\" content=\"Ruban de remplacement bleu pour les poteaux de balisage. Longueur d&#039;environ 3 m\u00e8tres. Personnalisable d&#039;un c\u00f4t\u00e9 ou des deux c\u00f4t\u00e9s, en une ou plusieurs couleurs.\" \/>\n<meta name=\"robots\" content=\"index, follow, max-snippet:-1, max-image-preview:large, max-video-preview:-1\" \/>\n<link rel=\"canonical\" href=\"https:\/\/www.smartystore.it\/fr\/prodotto\/ruban-de-remplacement-bleu-pour-les-bornes-de-reperage\/\" \/>\n<meta property=\"og:locale\" content=\"fr_FR\" \/>\n<meta property=\"og:type\" content=\"article\" \/>\n<meta property=\"og:title\" content=\"Ruban de remplacement bleu pour les bornes de rep\u00e9rage - Smarty Store\" \/>\n<meta property=\"og:description\" content=\"Ruban de remplacement bleu pour les poteaux de balisage. Longueur d&#039;environ 3 m\u00e8tres. Personnalisable d&#039;un c\u00f4t\u00e9 ou des deux c\u00f4t\u00e9s, en une ou plusieurs couleurs.\" \/>\n<meta property=\"og:url\" content=\"https:\/\/www.smartystore.it\/fr\/prodotto\/ruban-de-remplacement-bleu-pour-les-bornes-de-reperage\/\" \/>\n<meta property=\"og:site_name\" content=\"Smarty Store\" \/>\n<meta property=\"article:modified_time\" content=\"2026-01-16T15:06:39+00:00\" \/>\n<meta property=\"og:image\" content=\"https:\/\/www.smartystore.it\/v25\/wp-content\/uploads\/2015\/03\/Nastro-ricambio-blu-di-3-metri-per-colonnina-segna-percorso-e-avvolgitori-a-muro.jpg\" \/>\n\t<meta property=\"og:image:width\" content=\"1000\" \/>\n\t<meta property=\"og:image:height\" content=\"1000\" \/>\n\t<meta property=\"og:image:type\" content=\"image\/jpeg\" \/>\n<meta name=\"twitter:card\" content=\"summary_large_image\" \/>\n<meta name=\"twitter:label1\" content=\"Dur\u00e9e de lecture estim\u00e9e\" \/>\n\t<meta name=\"twitter:data1\" content=\"2 minutes\" \/>\n<script type=\"application\/ld+json\" class=\"yoast-schema-graph\">{\"@context\":\"https:\\\/\\\/schema.org\",\"@graph\":[{\"@type\":\"WebPage\",\"@id\":\"https:\\\/\\\/www.smartystore.it\\\/fr\\\/prodotto\\\/ruban-de-remplacement-bleu-pour-les-bornes-de-reperage\\\/\",\"url\":\"https:\\\/\\\/www.smartystore.it\\\/fr\\\/prodotto\\\/ruban-de-remplacement-bleu-pour-les-bornes-de-reperage\\\/\",\"name\":\"Ruban de remplacement bleu pour les bornes de rep\u00e9rage - Smarty Store\",\"isPartOf\":{\"@id\":\"https:\\\/\\\/www.smartystore.it\\\/fr\\\/#website\"},\"primaryImageOfPage\":{\"@id\":\"https:\\\/\\\/www.smartystore.it\\\/fr\\\/prodotto\\\/ruban-de-remplacement-bleu-pour-les-bornes-de-reperage\\\/#primaryimage\"},\"image\":{\"@id\":\"https:\\\/\\\/www.smartystore.it\\\/fr\\\/prodotto\\\/ruban-de-remplacement-bleu-pour-les-bornes-de-reperage\\\/#primaryimage\"},\"thumbnailUrl\":\"https:\\\/\\\/www.smartystore.it\\\/v25\\\/wp-content\\\/uploads\\\/2015\\\/03\\\/Nastro-ricambio-blu-di-3-metri-per-colonnina-segna-percorso-e-avvolgitori-a-muro.jpg\",\"datePublished\":\"2026-01-16T15:06:38+00:00\",\"dateModified\":\"2026-01-16T15:06:39+00:00\",\"description\":\"Ruban de remplacement bleu pour les poteaux de balisage. Longueur d'environ 3 m\u00e8tres. Personnalisable d'un c\u00f4t\u00e9 ou des deux c\u00f4t\u00e9s, en une ou plusieurs couleurs.\",\"breadcrumb\":{\"@id\":\"https:\\\/\\\/www.smartystore.it\\\/fr\\\/prodotto\\\/ruban-de-remplacement-bleu-pour-les-bornes-de-reperage\\\/#breadcrumb\"},\"inLanguage\":\"fr-FR\",\"potentialAction\":[{\"@type\":\"ReadAction\",\"target\":[\"https:\\\/\\\/www.smartystore.it\\\/fr\\\/prodotto\\\/ruban-de-remplacement-bleu-pour-les-bornes-de-reperage\\\/\"]}]},{\"@type\":\"ImageObject\",\"inLanguage\":\"fr-FR\",\"@id\":\"https:\\\/\\\/www.smartystore.it\\\/fr\\\/prodotto\\\/ruban-de-remplacement-bleu-pour-les-bornes-de-reperage\\\/#primaryimage\",\"url\":\"https:\\\/\\\/www.smartystore.it\\\/v25\\\/wp-content\\\/uploads\\\/2015\\\/03\\\/Nastro-ricambio-blu-di-3-metri-per-colonnina-segna-percorso-e-avvolgitori-a-muro.jpg\",\"contentUrl\":\"https:\\\/\\\/www.smartystore.it\\\/v25\\\/wp-content\\\/uploads\\\/2015\\\/03\\\/Nastro-ricambio-blu-di-3-metri-per-colonnina-segna-percorso-e-avvolgitori-a-muro.jpg\",\"width\":1000,\"height\":1000,\"caption\":\"Nastro-ricambio-blu-di-3-metri-per-colonnina-segna-percorso-e-avvolgitori-a-muro\"},{\"@type\":\"BreadcrumbList\",\"@id\":\"https:\\\/\\\/www.smartystore.it\\\/fr\\\/prodotto\\\/ruban-de-remplacement-bleu-pour-les-bornes-de-reperage\\\/#breadcrumb\",\"itemListElement\":[{\"@type\":\"ListItem\",\"position\":1,\"name\":\"Home\",\"item\":\"https:\\\/\\\/www.smartystore.it\\\/fr\\\/\"},{\"@type\":\"ListItem\",\"position\":2,\"name\":\"Boutique\",\"item\":\"https:\\\/\\\/www.smartystore.it\\\/fr\\\/boutique\\\/\"},{\"@type\":\"ListItem\",\"position\":3,\"name\":\"Ruban de remplacement bleu pour les bornes de rep\u00e9rage\"}]},{\"@type\":\"WebSite\",\"@id\":\"https:\\\/\\\/www.smartystore.it\\\/fr\\\/#website\",\"url\":\"https:\\\/\\\/www.smartystore.it\\\/fr\\\/\",\"name\":\"Smarty Store\",\"description\":\"Espositori Pubblicitari e Sistemi di Comunicazione Visiva\",\"potentialAction\":[{\"@type\":\"SearchAction\",\"target\":{\"@type\":\"EntryPoint\",\"urlTemplate\":\"https:\\\/\\\/www.smartystore.it\\\/fr\\\/?s={search_term_string}\"},\"query-input\":{\"@type\":\"PropertyValueSpecification\",\"valueRequired\":true,\"valueName\":\"search_term_string\"}}],\"inLanguage\":\"fr-FR\"}]}<\/script>\n<!-- \/ Yoast SEO plugin. -->","yoast_head_json":{"title":"Ruban de remplacement bleu pour les bornes de rep\u00e9rage - Smarty Store","description":"Ruban de remplacement bleu pour les poteaux de balisage. Longueur d'environ 3 m\u00e8tres. Personnalisable d'un c\u00f4t\u00e9 ou des deux c\u00f4t\u00e9s, en une ou plusieurs couleurs.","robots":{"index":"index","follow":"follow","max-snippet":"max-snippet:-1","max-image-preview":"max-image-preview:large","max-video-preview":"max-video-preview:-1"},"canonical":"https:\/\/www.smartystore.it\/fr\/prodotto\/ruban-de-remplacement-bleu-pour-les-bornes-de-reperage\/","og_locale":"fr_FR","og_type":"article","og_title":"Ruban de remplacement bleu pour les bornes de rep\u00e9rage - Smarty Store","og_description":"Ruban de remplacement bleu pour les poteaux de balisage. Longueur d'environ 3 m\u00e8tres. Personnalisable d'un c\u00f4t\u00e9 ou des deux c\u00f4t\u00e9s, en une ou plusieurs couleurs.","og_url":"https:\/\/www.smartystore.it\/fr\/prodotto\/ruban-de-remplacement-bleu-pour-les-bornes-de-reperage\/","og_site_name":"Smarty Store","article_modified_time":"2026-01-16T15:06:39+00:00","og_image":[{"width":1000,"height":1000,"url":"https:\/\/www.smartystore.it\/v25\/wp-content\/uploads\/2015\/03\/Nastro-ricambio-blu-di-3-metri-per-colonnina-segna-percorso-e-avvolgitori-a-muro.jpg","type":"image\/jpeg"}],"twitter_card":"summary_large_image","twitter_misc":{"Dur\u00e9e de lecture estim\u00e9e":"2 minutes"},"schema":{"@context":"https:\/\/schema.org","@graph":[{"@type":"WebPage","@id":"https:\/\/www.smartystore.it\/fr\/prodotto\/ruban-de-remplacement-bleu-pour-les-bornes-de-reperage\/","url":"https:\/\/www.smartystore.it\/fr\/prodotto\/ruban-de-remplacement-bleu-pour-les-bornes-de-reperage\/","name":"Ruban de remplacement bleu pour les bornes de rep\u00e9rage - Smarty Store","isPartOf":{"@id":"https:\/\/www.smartystore.it\/fr\/#website"},"primaryImageOfPage":{"@id":"https:\/\/www.smartystore.it\/fr\/prodotto\/ruban-de-remplacement-bleu-pour-les-bornes-de-reperage\/#primaryimage"},"image":{"@id":"https:\/\/www.smartystore.it\/fr\/prodotto\/ruban-de-remplacement-bleu-pour-les-bornes-de-reperage\/#primaryimage"},"thumbnailUrl":"https:\/\/www.smartystore.it\/v25\/wp-content\/uploads\/2015\/03\/Nastro-ricambio-blu-di-3-metri-per-colonnina-segna-percorso-e-avvolgitori-a-muro.jpg","datePublished":"2026-01-16T15:06:38+00:00","dateModified":"2026-01-16T15:06:39+00:00","description":"Ruban de remplacement bleu pour les poteaux de balisage. Longueur d'environ 3 m\u00e8tres. Personnalisable d'un c\u00f4t\u00e9 ou des deux c\u00f4t\u00e9s, en une ou plusieurs couleurs.","breadcrumb":{"@id":"https:\/\/www.smartystore.it\/fr\/prodotto\/ruban-de-remplacement-bleu-pour-les-bornes-de-reperage\/#breadcrumb"},"inLanguage":"fr-FR","potentialAction":[{"@type":"ReadAction","target":["https:\/\/www.smartystore.it\/fr\/prodotto\/ruban-de-remplacement-bleu-pour-les-bornes-de-reperage\/"]}]},{"@type":"ImageObject","inLanguage":"fr-FR","@id":"https:\/\/www.smartystore.it\/fr\/prodotto\/ruban-de-remplacement-bleu-pour-les-bornes-de-reperage\/#primaryimage","url":"https:\/\/www.smartystore.it\/v25\/wp-content\/uploads\/2015\/03\/Nastro-ricambio-blu-di-3-metri-per-colonnina-segna-percorso-e-avvolgitori-a-muro.jpg","contentUrl":"https:\/\/www.smartystore.it\/v25\/wp-content\/uploads\/2015\/03\/Nastro-ricambio-blu-di-3-metri-per-colonnina-segna-percorso-e-avvolgitori-a-muro.jpg","width":1000,"height":1000,"caption":"Nastro-ricambio-blu-di-3-metri-per-colonnina-segna-percorso-e-avvolgitori-a-muro"},{"@type":"BreadcrumbList","@id":"https:\/\/www.smartystore.it\/fr\/prodotto\/ruban-de-remplacement-bleu-pour-les-bornes-de-reperage\/#breadcrumb","itemListElement":[{"@type":"ListItem","position":1,"name":"Home","item":"https:\/\/www.smartystore.it\/fr\/"},{"@type":"ListItem","position":2,"name":"Boutique","item":"https:\/\/www.smartystore.it\/fr\/boutique\/"},{"@type":"ListItem","position":3,"name":"Ruban de remplacement bleu pour les bornes de rep\u00e9rage"}]},{"@type":"WebSite","@id":"https:\/\/www.smartystore.it\/fr\/#website","url":"https:\/\/www.smartystore.it\/fr\/","name":"Smarty Store","description":"Espositori Pubblicitari e Sistemi di Comunicazione Visiva","potentialAction":[{"@type":"SearchAction","target":{"@type":"EntryPoint","urlTemplate":"https:\/\/www.smartystore.it\/fr\/?s={search_term_string}"},"query-input":{"@type":"PropertyValueSpecification","valueRequired":true,"valueName":"search_term_string"}}],"inLanguage":"fr-FR"}]}},"brands":[],"_links":{"self":[{"href":"https:\/\/www.smartystore.it\/fr\/wp-json\/wp\/v2\/product\/96813","targetHints":{"allow":["GET"]}}],"collection":[{"href":"https:\/\/www.smartystore.it\/fr\/wp-json\/wp\/v2\/product"}],"about":[{"href":"https:\/\/www.smartystore.it\/fr\/wp-json\/wp\/v2\/types\/product"}],"replies":[{"embeddable":true,"href":"https:\/\/www.smartystore.it\/fr\/wp-json\/wp\/v2\/comments?post=96813"}],"wp:featuredmedia":[{"embeddable":true,"href":"https:\/\/www.smartystore.it\/fr\/wp-json\/wp\/v2\/media\/96809"}],"wp:attachment":[{"href":"https:\/\/www.smartystore.it\/fr\/wp-json\/wp\/v2\/media?parent=96813"}],"wp:term":[{"taxonomy":"pwb-brand","embeddable":true,"href":"https:\/\/www.smartystore.it\/fr\/wp-json\/wp\/v2\/pwb-brand?post=96813"},{"taxonomy":"product_brand","embeddable":true,"href":"https:\/\/www.smartystore.it\/fr\/wp-json\/wp\/v2\/product_brand?post=96813"},{"taxonomy":"product_cat","embeddable":true,"href":"https:\/\/www.smartystore.it\/fr\/wp-json\/wp\/v2\/product_cat?post=96813"},{"taxonomy":"product_tag","embeddable":true,"href":"https:\/\/www.smartystore.it\/fr\/wp-json\/wp\/v2\/product_tag?post=96813"}],"curies":[{"name":"wp","href":"https:\/\/api.w.org\/{rel}","templated":true}]}}