{"id":96803,"date":"2025-09-24T13:16:01","date_gmt":"2025-09-24T11:16:01","guid":{"rendered":"https:\/\/www.smartystore.it\/prodotto\/panneau-daffichage-exterieur-avec-ouverture-a-rabat\/"},"modified":"2026-01-16T17:08:25","modified_gmt":"2026-01-16T15:08:25","slug":"panneau-daffichage-exterieur-avec-ouverture-a-rabat","status":"publish","type":"product","link":"https:\/\/www.smartystore.it\/fr\/prodotto\/panneau-daffichage-exterieur-avec-ouverture-a-rabat\/","title":{"rendered":"Panneau d&rsquo;affichage ext\u00e9rieur avec ouverture \u00e0 rabat"},"content":{"rendered":"<div class=\"wpb-content-wrapper\"><p>[vc_row][vc_column][vc_column_text css=\u00a0\u00bb\u00a0\u00bb css_params=\u00a0\u00bb\u00a0\u00bb]<\/p>\n<table class=\"contentpaneopen\">\n<tbody>\n<tr>\n<td class=\"contentheading\" width=\"100%\"><\/td>\n<\/tr>\n<\/tbody>\n<\/table>\n<h1>Tableau d&rsquo;affichage ext\u00e9rieur pliable : \u00e9l\u00e9gance et s\u00e9curit\u00e9<\/h1>\n<p>L&rsquo;Outdoor Poster Flap Board se distingue par son design \u00e9l\u00e9gant et subtil, apportant une touche de modernit\u00e9 \u00e0 tout environnement. La porte d&rsquo;entr\u00e9e, en verre de haute qualit\u00e9, est encadr\u00e9e par une impression raffin\u00e9e en c\u00e9ramique noire de 5,1 cm, qui compl\u00e8te harmonieusement les c\u00f4t\u00e9s de couleur argent\u00e9e. Les coins l\u00e9g\u00e8rement arrondis du tableau d&rsquo;affichage renforcent non seulement son aspect esth\u00e9tique, mais cr\u00e9ent \u00e9galement un effet visuel agr\u00e9able, ce qui rend ce tableau id\u00e9al pour la pr\u00e9sentation d&rsquo;affiches et de posters.  <\/p>\n<p>En termes de fonctionnalit\u00e9, le tableau d&rsquo;affichage ne d\u00e9\u00e7oit pas. Avec une profondeur ext\u00e9rieure de 4,5 cm, il se d\u00e9tache du mur, tandis que la profondeur int\u00e9rieure de 2 cm garantit un espace s\u00fbr pour votre affiche. Le verre de s\u00e9curit\u00e9 ESG de 4 mm assure une visibilit\u00e9 optimale, tout en prot\u00e9geant le contenu des dommages potentiels. L&rsquo;installation de l&rsquo;affiche est facilit\u00e9e par le m\u00e9canisme de fixation inclus, tandis qu&rsquo;une serrure robuste fournie avec deux cl\u00e9s offre une protection suppl\u00e9mentaire, garantissant que votre message reste visible et prot\u00e9g\u00e9.   <\/p>\n<h2>La s\u00e9curit\u00e9 du panneau d&rsquo;affichage ext\u00e9rieur \u00e0 rabat<\/h2>\n<p>Un aspect de s\u00e9curit\u00e9 suppl\u00e9mentaire est la classification B1 pour la r\u00e9sistance au feu, ce qui rend ce panneau adapt\u00e9 \u00e0 diverses situations et environnements. Les dimensions de 70 x 100 cm, avec l&rsquo;int\u00e9gration de ressorts \u00e0 gaz, permettent d&rsquo;ouvrir et de fermer le compartiment en douceur et sans effort.<br \/>Toutes les autres versions ont une ouverture manuelle avec une tige de verrouillage. <\/p>\n<h2>Certifi\u00e9 pour une utilisation en ext\u00e9rieur<\/h2>\n<p>En ce qui concerne l&rsquo;utilisation en ext\u00e9rieur, ce panneau d&rsquo;affichage est certifi\u00e9 IP56, ce qui signifie qu&rsquo;il est con\u00e7u pour r\u00e9sister aux conditions m\u00e9t\u00e9orologiques telles que la pluie et le soleil. Ainsi, votre affiche restera toujours prot\u00e9g\u00e9e et clairement lisible, quelles que soient les conditions m\u00e9t\u00e9orologiques. <\/p>\n<p>Enfin, la pr\u00e9sence d&rsquo;un fond magn\u00e9tique facilite l&rsquo;organisation des affiches, les gardant toujours bien rang\u00e9es et pr\u00eates \u00e0 \u00eatre affich\u00e9es. Le panneau d&rsquo;affichage ext\u00e9rieur Premium Slim est donc une solution \u00e9l\u00e9gante et s\u00fbre pour afficher vos supports d&rsquo;information dans des contextes commerciaux et publics. <\/p>\n<p>&nbsp;<\/p>\n<h3>Caract\u00e9ristiques<\/h3>\n<ul>\n<li>Tableau d&rsquo;affichage pour l&rsquo;ext\u00e9rieur<\/li>\n<li>Certifi\u00e9 IP56<\/li>\n<li>Design avec impression en c\u00e9ramique noire sur la vitre avant<\/li>\n<li>Fond magn\u00e9tique pour bloquer les petites affiches \u00e0 l&rsquo;aide d&rsquo;aimants<\/li>\n<li>Profondeur ext\u00e9rieure : 4,8 cm.<\/li>\n<li>Profondeur int\u00e9rieure : 2,0 cm.<\/li>\n<li>Fermeture verrouillable<\/li>\n<li>R\u00e9sistance au feu : Classification B1 <\/li>\n<\/ul>\n<p>Voir tous les mod\u00e8les de panneaux d&rsquo;affichage ext\u00e9rieurs sur ce <span style=\"color: #ff0000;\"><strong><a style=\"color: #ff0000;\" href=\"https:\/\/www.smartystore.it\/fr\/categoria-prodotto\/tableaux-de-messages\/panneaux-daffichage-exterieurs\/\">LIEN<\/a><\/strong><\/span><\/p>\n<table class=\"contentpaneopen\">\n<tbody>\n<tr>\n<td colspan=\"2\" valign=\"top\">\n<p>&nbsp;<\/p>\n<table style=\"width: 100%;\" border=\"0\" cellspacing=\"0\" cellpadding=\"0\" align=\"center\">\n<tbody>\n<tr>\n<td valign=\"top\"><\/td>\n<\/tr>\n<\/tbody>\n<\/table>\n<\/td>\n<\/tr>\n<\/tbody>\n<\/table>\n<p>[\/vc_column_text][\/vc_column][\/vc_row]<\/p>\n<\/div>","protected":false},"excerpt":{"rendered":"<p>Panneau d&rsquo;affichage ext\u00e9rieur rabattable disponible en diff\u00e9rentes tailles Certifi\u00e9 IP56<\/p>\n","protected":false},"featured_media":95412,"comment_status":"open","ping_status":"closed","template":"","meta":{"_acf_changed":false},"pwb-brand":[],"product_brand":[],"product_cat":[2999,2997],"product_tag":[6171,6161,6167,6166,6168,6169,6162,6170,6165,6163,6164],"class_list":{"0":"post-96803","1":"product","2":"type-product","3":"status-publish","4":"has-post-thumbnail","6":"product_cat-panneaux-daffichage-exterieurs","7":"product_cat-tableaux-de-messages","8":"product_tag-panneau-daffichage","9":"product_tag-panneau-daffichage-exterieur-2","10":"product_tag-panneau-daffichage-exterieur-50x70","11":"product_tag-panneau-daffichage-exterieur-70x100","12":"product_tag-panneau-daffichage-exterieur-a1","13":"product_tag-panneau-daffichage-exterieur-a2","14":"product_tag-panneaux-daffichage-exterieurs","15":"product_tag-tableau-daffichage-avec-fond-magnetique-pour-lexterieur","16":"product_tag-tableau-daffichage-avec-ouverture-a-rabat","17":"product_tag-tableau-daffichage-certifie-ip56","18":"product_tag-vitrines-a-rabat","19":"pa_c2c_dimensione-50x70","20":"pa_c2c_dimensione-70x100","21":"pa_c2c_dimensione-a1-60x84","22":"pa_c2c_dimensione-a2-42x60","23":"pa_c2c_trovraprezzi-oui","25":"first","26":"instock","27":"taxable","28":"shipping-taxable","29":"purchasable","30":"product-type-variable"},"acf":[],"yoast_head":"<!-- This site is optimized with the Yoast SEO plugin v27.4 - https:\/\/yoast.com\/product\/yoast-seo-wordpress\/ -->\n<title>Panneau d&#039;affichage ext\u00e9rieur avec ouverture \u00e0 rabat - Achetez au Meilleur Prix<\/title>\n<meta name=\"description\" content=\"Panneau d&#039;affichage ext\u00e9rieur certifi\u00e9 IP56, class\u00e9 B1, avec ouverture \u00e0 rabat et fond magn\u00e9tique, disponible en diff\u00e9rentes tailles. Commandez maintenant sur SmartyStore\" \/>\n<meta name=\"robots\" content=\"index, follow, max-snippet:-1, max-image-preview:large, max-video-preview:-1\" \/>\n<link rel=\"canonical\" href=\"https:\/\/www.smartystore.it\/fr\/prodotto\/panneau-daffichage-exterieur-avec-ouverture-a-rabat\/\" \/>\n<meta property=\"og:locale\" content=\"fr_FR\" \/>\n<meta property=\"og:type\" content=\"article\" \/>\n<meta property=\"og:title\" content=\"Panneau d&#039;affichage ext\u00e9rieur avec ouverture \u00e0 rabat - Achetez au Meilleur Prix\" \/>\n<meta property=\"og:description\" content=\"Panneau d&#039;affichage ext\u00e9rieur certifi\u00e9 IP56, class\u00e9 B1, avec ouverture \u00e0 rabat et fond magn\u00e9tique, disponible en diff\u00e9rentes tailles. Commandez maintenant sur SmartyStore\" \/>\n<meta property=\"og:url\" content=\"https:\/\/www.smartystore.it\/fr\/prodotto\/panneau-daffichage-exterieur-avec-ouverture-a-rabat\/\" \/>\n<meta property=\"og:site_name\" content=\"Smarty Store\" \/>\n<meta property=\"article:modified_time\" content=\"2026-01-16T15:08:25+00:00\" \/>\n<meta property=\"og:image\" content=\"https:\/\/www.smartystore.it\/v25\/wp-content\/uploads\/2025\/06\/Bacheca-per-esterno-IP56-con-apertura-a-ribalta.jpg\" \/>\n\t<meta property=\"og:image:width\" content=\"1000\" \/>\n\t<meta property=\"og:image:height\" content=\"1000\" \/>\n\t<meta property=\"og:image:type\" content=\"image\/jpeg\" \/>\n<meta name=\"twitter:card\" content=\"summary_large_image\" \/>\n<meta name=\"twitter:label1\" content=\"Dur\u00e9e de lecture estim\u00e9e\" \/>\n\t<meta name=\"twitter:data1\" content=\"3 minutes\" \/>\n<script type=\"application\/ld+json\" class=\"yoast-schema-graph\">{\"@context\":\"https:\\\/\\\/schema.org\",\"@graph\":[{\"@type\":\"WebPage\",\"@id\":\"https:\\\/\\\/www.smartystore.it\\\/fr\\\/prodotto\\\/panneau-daffichage-exterieur-avec-ouverture-a-rabat\\\/\",\"url\":\"https:\\\/\\\/www.smartystore.it\\\/fr\\\/prodotto\\\/panneau-daffichage-exterieur-avec-ouverture-a-rabat\\\/\",\"name\":\"Panneau d'affichage ext\u00e9rieur avec ouverture \u00e0 rabat - Achetez au Meilleur Prix\",\"isPartOf\":{\"@id\":\"https:\\\/\\\/www.smartystore.it\\\/fr\\\/#website\"},\"primaryImageOfPage\":{\"@id\":\"https:\\\/\\\/www.smartystore.it\\\/fr\\\/prodotto\\\/panneau-daffichage-exterieur-avec-ouverture-a-rabat\\\/#primaryimage\"},\"image\":{\"@id\":\"https:\\\/\\\/www.smartystore.it\\\/fr\\\/prodotto\\\/panneau-daffichage-exterieur-avec-ouverture-a-rabat\\\/#primaryimage\"},\"thumbnailUrl\":\"https:\\\/\\\/www.smartystore.it\\\/v25\\\/wp-content\\\/uploads\\\/2025\\\/06\\\/Bacheca-per-esterno-IP56-con-apertura-a-ribalta.jpg\",\"datePublished\":\"2025-09-24T11:16:01+00:00\",\"dateModified\":\"2026-01-16T15:08:25+00:00\",\"description\":\"Panneau d'affichage ext\u00e9rieur certifi\u00e9 IP56, class\u00e9 B1, avec ouverture \u00e0 rabat et fond magn\u00e9tique, disponible en diff\u00e9rentes tailles. Commandez maintenant sur SmartyStore\",\"breadcrumb\":{\"@id\":\"https:\\\/\\\/www.smartystore.it\\\/fr\\\/prodotto\\\/panneau-daffichage-exterieur-avec-ouverture-a-rabat\\\/#breadcrumb\"},\"inLanguage\":\"fr-FR\",\"potentialAction\":[{\"@type\":\"ReadAction\",\"target\":[\"https:\\\/\\\/www.smartystore.it\\\/fr\\\/prodotto\\\/panneau-daffichage-exterieur-avec-ouverture-a-rabat\\\/\"]}]},{\"@type\":\"ImageObject\",\"inLanguage\":\"fr-FR\",\"@id\":\"https:\\\/\\\/www.smartystore.it\\\/fr\\\/prodotto\\\/panneau-daffichage-exterieur-avec-ouverture-a-rabat\\\/#primaryimage\",\"url\":\"https:\\\/\\\/www.smartystore.it\\\/v25\\\/wp-content\\\/uploads\\\/2025\\\/06\\\/Bacheca-per-esterno-IP56-con-apertura-a-ribalta.jpg\",\"contentUrl\":\"https:\\\/\\\/www.smartystore.it\\\/v25\\\/wp-content\\\/uploads\\\/2025\\\/06\\\/Bacheca-per-esterno-IP56-con-apertura-a-ribalta.jpg\",\"width\":1000,\"height\":1000,\"caption\":\"Bacheca da esterno con apertura a ribalta IP56\"},{\"@type\":\"BreadcrumbList\",\"@id\":\"https:\\\/\\\/www.smartystore.it\\\/fr\\\/prodotto\\\/panneau-daffichage-exterieur-avec-ouverture-a-rabat\\\/#breadcrumb\",\"itemListElement\":[{\"@type\":\"ListItem\",\"position\":1,\"name\":\"Home\",\"item\":\"https:\\\/\\\/www.smartystore.it\\\/fr\\\/\"},{\"@type\":\"ListItem\",\"position\":2,\"name\":\"Boutique\",\"item\":\"https:\\\/\\\/www.smartystore.it\\\/fr\\\/boutique\\\/\"},{\"@type\":\"ListItem\",\"position\":3,\"name\":\"Panneau d&rsquo;affichage ext\u00e9rieur avec ouverture \u00e0 rabat\"}]},{\"@type\":\"WebSite\",\"@id\":\"https:\\\/\\\/www.smartystore.it\\\/fr\\\/#website\",\"url\":\"https:\\\/\\\/www.smartystore.it\\\/fr\\\/\",\"name\":\"Smarty Store\",\"description\":\"Espositori Pubblicitari e Sistemi di Comunicazione Visiva\",\"potentialAction\":[{\"@type\":\"SearchAction\",\"target\":{\"@type\":\"EntryPoint\",\"urlTemplate\":\"https:\\\/\\\/www.smartystore.it\\\/fr\\\/?s={search_term_string}\"},\"query-input\":{\"@type\":\"PropertyValueSpecification\",\"valueRequired\":true,\"valueName\":\"search_term_string\"}}],\"inLanguage\":\"fr-FR\"}]}<\/script>\n<!-- \/ Yoast SEO plugin. -->","yoast_head_json":{"title":"Panneau d'affichage ext\u00e9rieur avec ouverture \u00e0 rabat - Achetez au Meilleur Prix","description":"Panneau d'affichage ext\u00e9rieur certifi\u00e9 IP56, class\u00e9 B1, avec ouverture \u00e0 rabat et fond magn\u00e9tique, disponible en diff\u00e9rentes tailles. Commandez maintenant sur SmartyStore","robots":{"index":"index","follow":"follow","max-snippet":"max-snippet:-1","max-image-preview":"max-image-preview:large","max-video-preview":"max-video-preview:-1"},"canonical":"https:\/\/www.smartystore.it\/fr\/prodotto\/panneau-daffichage-exterieur-avec-ouverture-a-rabat\/","og_locale":"fr_FR","og_type":"article","og_title":"Panneau d'affichage ext\u00e9rieur avec ouverture \u00e0 rabat - Achetez au Meilleur Prix","og_description":"Panneau d'affichage ext\u00e9rieur certifi\u00e9 IP56, class\u00e9 B1, avec ouverture \u00e0 rabat et fond magn\u00e9tique, disponible en diff\u00e9rentes tailles. Commandez maintenant sur SmartyStore","og_url":"https:\/\/www.smartystore.it\/fr\/prodotto\/panneau-daffichage-exterieur-avec-ouverture-a-rabat\/","og_site_name":"Smarty Store","article_modified_time":"2026-01-16T15:08:25+00:00","og_image":[{"width":1000,"height":1000,"url":"https:\/\/www.smartystore.it\/v25\/wp-content\/uploads\/2025\/06\/Bacheca-per-esterno-IP56-con-apertura-a-ribalta.jpg","type":"image\/jpeg"}],"twitter_card":"summary_large_image","twitter_misc":{"Dur\u00e9e de lecture estim\u00e9e":"3 minutes"},"schema":{"@context":"https:\/\/schema.org","@graph":[{"@type":"WebPage","@id":"https:\/\/www.smartystore.it\/fr\/prodotto\/panneau-daffichage-exterieur-avec-ouverture-a-rabat\/","url":"https:\/\/www.smartystore.it\/fr\/prodotto\/panneau-daffichage-exterieur-avec-ouverture-a-rabat\/","name":"Panneau d'affichage ext\u00e9rieur avec ouverture \u00e0 rabat - Achetez au Meilleur Prix","isPartOf":{"@id":"https:\/\/www.smartystore.it\/fr\/#website"},"primaryImageOfPage":{"@id":"https:\/\/www.smartystore.it\/fr\/prodotto\/panneau-daffichage-exterieur-avec-ouverture-a-rabat\/#primaryimage"},"image":{"@id":"https:\/\/www.smartystore.it\/fr\/prodotto\/panneau-daffichage-exterieur-avec-ouverture-a-rabat\/#primaryimage"},"thumbnailUrl":"https:\/\/www.smartystore.it\/v25\/wp-content\/uploads\/2025\/06\/Bacheca-per-esterno-IP56-con-apertura-a-ribalta.jpg","datePublished":"2025-09-24T11:16:01+00:00","dateModified":"2026-01-16T15:08:25+00:00","description":"Panneau d'affichage ext\u00e9rieur certifi\u00e9 IP56, class\u00e9 B1, avec ouverture \u00e0 rabat et fond magn\u00e9tique, disponible en diff\u00e9rentes tailles. Commandez maintenant sur SmartyStore","breadcrumb":{"@id":"https:\/\/www.smartystore.it\/fr\/prodotto\/panneau-daffichage-exterieur-avec-ouverture-a-rabat\/#breadcrumb"},"inLanguage":"fr-FR","potentialAction":[{"@type":"ReadAction","target":["https:\/\/www.smartystore.it\/fr\/prodotto\/panneau-daffichage-exterieur-avec-ouverture-a-rabat\/"]}]},{"@type":"ImageObject","inLanguage":"fr-FR","@id":"https:\/\/www.smartystore.it\/fr\/prodotto\/panneau-daffichage-exterieur-avec-ouverture-a-rabat\/#primaryimage","url":"https:\/\/www.smartystore.it\/v25\/wp-content\/uploads\/2025\/06\/Bacheca-per-esterno-IP56-con-apertura-a-ribalta.jpg","contentUrl":"https:\/\/www.smartystore.it\/v25\/wp-content\/uploads\/2025\/06\/Bacheca-per-esterno-IP56-con-apertura-a-ribalta.jpg","width":1000,"height":1000,"caption":"Bacheca da esterno con apertura a ribalta IP56"},{"@type":"BreadcrumbList","@id":"https:\/\/www.smartystore.it\/fr\/prodotto\/panneau-daffichage-exterieur-avec-ouverture-a-rabat\/#breadcrumb","itemListElement":[{"@type":"ListItem","position":1,"name":"Home","item":"https:\/\/www.smartystore.it\/fr\/"},{"@type":"ListItem","position":2,"name":"Boutique","item":"https:\/\/www.smartystore.it\/fr\/boutique\/"},{"@type":"ListItem","position":3,"name":"Panneau d&rsquo;affichage ext\u00e9rieur avec ouverture \u00e0 rabat"}]},{"@type":"WebSite","@id":"https:\/\/www.smartystore.it\/fr\/#website","url":"https:\/\/www.smartystore.it\/fr\/","name":"Smarty Store","description":"Espositori Pubblicitari e Sistemi di Comunicazione Visiva","potentialAction":[{"@type":"SearchAction","target":{"@type":"EntryPoint","urlTemplate":"https:\/\/www.smartystore.it\/fr\/?s={search_term_string}"},"query-input":{"@type":"PropertyValueSpecification","valueRequired":true,"valueName":"search_term_string"}}],"inLanguage":"fr-FR"}]}},"brands":[],"_links":{"self":[{"href":"https:\/\/www.smartystore.it\/fr\/wp-json\/wp\/v2\/product\/96803","targetHints":{"allow":["GET"]}}],"collection":[{"href":"https:\/\/www.smartystore.it\/fr\/wp-json\/wp\/v2\/product"}],"about":[{"href":"https:\/\/www.smartystore.it\/fr\/wp-json\/wp\/v2\/types\/product"}],"replies":[{"embeddable":true,"href":"https:\/\/www.smartystore.it\/fr\/wp-json\/wp\/v2\/comments?post=96803"}],"wp:featuredmedia":[{"embeddable":true,"href":"https:\/\/www.smartystore.it\/fr\/wp-json\/wp\/v2\/media\/95412"}],"wp:attachment":[{"href":"https:\/\/www.smartystore.it\/fr\/wp-json\/wp\/v2\/media?parent=96803"}],"wp:term":[{"taxonomy":"pwb-brand","embeddable":true,"href":"https:\/\/www.smartystore.it\/fr\/wp-json\/wp\/v2\/pwb-brand?post=96803"},{"taxonomy":"product_brand","embeddable":true,"href":"https:\/\/www.smartystore.it\/fr\/wp-json\/wp\/v2\/product_brand?post=96803"},{"taxonomy":"product_cat","embeddable":true,"href":"https:\/\/www.smartystore.it\/fr\/wp-json\/wp\/v2\/product_cat?post=96803"},{"taxonomy":"product_tag","embeddable":true,"href":"https:\/\/www.smartystore.it\/fr\/wp-json\/wp\/v2\/product_tag?post=96803"}],"curies":[{"name":"wp","href":"https:\/\/api.w.org\/{rel}","templated":true}]}}