{"id":96802,"date":"2017-07-21T16:00:46","date_gmt":"2017-07-21T14:00:46","guid":{"rendered":"https:\/\/www.smartystore.it\/prodotto\/ruban-de-remplacement-orange-pour-les-poteaux-de-signalisation\/"},"modified":"2026-01-16T16:48:31","modified_gmt":"2026-01-16T14:48:31","slug":"ruban-de-remplacement-orange-pour-les-poteaux-de-signalisation","status":"publish","type":"product","link":"https:\/\/www.smartystore.it\/fr\/prodotto\/ruban-de-remplacement-orange-pour-les-poteaux-de-signalisation\/","title":{"rendered":"Ruban de remplacement orange pour les poteaux de signalisation"},"content":{"rendered":"<div class=\"wpb-content-wrapper\"><p>[vc_row][vc_column][vc_column_text css=\u00a0\u00bb\u00a0\u00bb css_params=\u00a0\u00bb\u00a0\u00bb]<\/p>\n<h2>Ruban de remplacement orange pour les poteaux de signalisation<\/h2>\n<p><span dir=\"auto\">Le ruban de remplacement orange pour bornes est une excellente solution pour assurer une signalisation claire et visible dans les espaces publics et priv\u00e9s. D&rsquo;une longueur de 3 m\u00e8tres, ce ruban est con\u00e7u pour s&rsquo;adapter parfaitement aux bornes Classic, Black et Tendiline, garantissant ainsi une utilisation polyvalente et pratique. <\/span><\/p>\n<p><span dir=\"auto\">La s\u00e9curit\u00e9 est une priorit\u00e9 essentielle dans la conception de ce ruban. Il est dot\u00e9 de <strong>clips de s\u00e9curit\u00e9<\/strong> qui facilitent sa manipulation et son installation, r\u00e9duisant ainsi le risque d&rsquo;accident et garantissant qu&rsquo;il est suffisamment robuste pour r\u00e9sister \u00e0 une grande vari\u00e9t\u00e9 d&rsquo;utilisations. Gr\u00e2ce \u00e0 sa couleur orange vif, le ruban garantit une grande visibilit\u00e9, ce qui permet d&rsquo;identifier facilement les zones d\u00e9limit\u00e9es, que ce soit dans des conditions normales ou dans des conditions de faible luminosit\u00e9.  <\/span><\/p>\n<h3>Personnalisez votre ruban pour rendre l&rsquo;itin\u00e9raire encore plus visible !<\/h3>\n<p><span dir=\"auto\">L&rsquo;un des aspects distinctifs de ce ruban est sa personnalisation. Il peut \u00eatre personnalis\u00e9 des deux c\u00f4t\u00e9s avec des logos d&rsquo;entreprise en une ou plusieurs couleurs, ce qui permet de maintenir une grande visibilit\u00e9 de la marque tout en remplissant une fonction pratique. Cette caract\u00e9ristique fait du ruban non seulement un \u00e9l\u00e9ment fonctionnel, mais aussi une opportunit\u00e9 de marketing efficace, id\u00e9ale pour les \u00e9v\u00e9nements, les foires commerciales et d&rsquo;autres occasions o\u00f9 des itin\u00e9raires ou des zones sp\u00e9cifiques doivent \u00eatre d\u00e9limit\u00e9s.  <\/span><\/p>\n<p><span dir=\"auto\">La compatibilit\u00e9 avec diverses colonnes de marquage signifie qu&rsquo;il peut \u00eatre facilement int\u00e9gr\u00e9 dans les syst\u00e8mes de signalisation existants sans qu&rsquo;il soit n\u00e9cessaire d&rsquo;investir dans de nouveaux \u00e9quipements. L&rsquo;adoption de ce ruban de remplacement permet donc d&rsquo;optimiser les co\u00fbts tout en maintenant un niveau \u00e9lev\u00e9 de qualit\u00e9 et de visibilit\u00e9. <\/span><\/p>\n<p><span dir=\"auto\">En conclusion, la bande de remplacement orange pour bornes est un excellent choix pour tous ceux qui recherchent une solution efficace, s\u00fbre et personnalisable dans le domaine de la signalisation, contribuant \u00e0 assurer l&rsquo;ordre et la s\u00e9curit\u00e9 dans les espaces publics et les entreprises.<\/span><\/p>\n<p><strong>CARACT\u00c9RISTIQUES:<\/strong><\/p>\n<ol>\n<li>Ruban r\u00e9tractable de remplacement pour les poteaux de signalisation.<\/li>\n<li>Syst\u00e8me avec m\u00e9canisme de freinage.<\/li>\n<li>Couleur : orange.<\/li>\n<li>Longueur : 300 cm environ.<\/li>\n<\/ol>\n<p><strong>Possibilit\u00e9 de personnaliser le ruban des deux c\u00f4t\u00e9s avec un logo en une ou plusieurs couleurs (contactez-nous pour plus d&rsquo;informations et pour conna\u00eetre les co\u00fbts).<\/strong><\/p>\n<p><a href=\"https:\/\/www.smartystore.it\/v25\/wp-content\/uploads\/2026\/01\/STR-STOP70B-N-R-BI-V-BR-GN-AR-GI-GR.pdf\" target=\"_blank\" rel=\"noopener\"><img loading=\"lazy\" decoding=\"async\" class=\"alignnone size-full wp-image-93672\" src=\"https:\/\/www.smartystore.it\/v25\/wp-content\/uploads\/2023\/11\/LogoDownload_yellow.jpg\" alt=\"\" width=\"50\" height=\"50\"> <strong>FICHE TECHNIQUE<\/strong><\/a><\/p>\n<p><a href=\"https:\/\/www.smartystore.it\/v25\/wp-content\/uploads\/2026\/01\/Sostituzione-nastro.pdf\" target=\"_blank\" rel=\"noopener\"><img loading=\"lazy\" decoding=\"async\" class=\"alignnone size-full wp-image-94839\" src=\"https:\/\/www.smartystore.it\/v25\/wp-content\/uploads\/2025\/08\/LogoDownload_blue.jpg\" alt=\"\" width=\"50\" height=\"50\"><\/a> <a href=\"https:\/\/www.smartystore.it\/v25\/wp-content\/uploads\/2026\/01\/Sostituzione-nastro.pdf\" target=\"_blank\" rel=\"noopener\"><strong>INSTRUCTIONS D&rsquo;ASSEMBLAGE<\/strong><\/a>[\/vc_column_text][\/vc_column][\/vc_row]<\/p>\n<\/div>","protected":false},"excerpt":{"rendered":"<p>Ruban orange en rouleau de 3 m\u00e8tres pour les poteaux de balisage des chemins.<\/p>\n<p>&nbsp;<\/p>\n","protected":false},"featured_media":96801,"comment_status":"open","ping_status":"closed","template":"","meta":{"_acf_changed":false},"pwb-brand":[],"product_brand":[],"product_cat":[3073],"product_tag":[6148],"class_list":{"0":"post-96802","1":"product","2":"type-product","3":"status-publish","4":"has-post-thumbnail","6":"product_cat-rubans-cordons-accessoires","7":"product_tag-supprimer-le-terme-bande-de-remplacement-de-colonne-bande-de-remplacement-de-colonne","8":"pa_c2c_color-orange","9":"pa_c2c_dimensione-3-metres","10":"pa_c2c_trovraprezzi-oui","12":"first","13":"instock","14":"taxable","15":"shipping-taxable","16":"purchasable","17":"product-type-simple"},"acf":[],"yoast_head":"<!-- This site is optimized with the Yoast SEO plugin v27.4 - https:\/\/yoast.com\/product\/yoast-seo-wordpress\/ -->\n<title>Ruban de remplacement orange pour les poteaux de signalisation - Smarty Store<\/title>\n<meta name=\"description\" content=\"Ruban orange de remplacement pour les poteaux de balisage. Longueur d&#039;environ 3 m\u00e8tres. Personnalisable d&#039;un c\u00f4t\u00e9 ou des deux c\u00f4t\u00e9s, en une ou plusieurs couleurs.\" \/>\n<meta name=\"robots\" content=\"index, follow, max-snippet:-1, max-image-preview:large, max-video-preview:-1\" \/>\n<link rel=\"canonical\" href=\"https:\/\/www.smartystore.it\/fr\/prodotto\/ruban-de-remplacement-orange-pour-les-poteaux-de-signalisation\/\" \/>\n<meta property=\"og:locale\" content=\"fr_FR\" \/>\n<meta property=\"og:type\" content=\"article\" \/>\n<meta property=\"og:title\" content=\"Ruban de remplacement orange pour les poteaux de signalisation - Smarty Store\" \/>\n<meta property=\"og:description\" content=\"Ruban orange de remplacement pour les poteaux de balisage. Longueur d&#039;environ 3 m\u00e8tres. Personnalisable d&#039;un c\u00f4t\u00e9 ou des deux c\u00f4t\u00e9s, en une ou plusieurs couleurs.\" \/>\n<meta property=\"og:url\" content=\"https:\/\/www.smartystore.it\/fr\/prodotto\/ruban-de-remplacement-orange-pour-les-poteaux-de-signalisation\/\" \/>\n<meta property=\"og:site_name\" content=\"Smarty Store\" \/>\n<meta property=\"article:modified_time\" content=\"2026-01-16T14:48:31+00:00\" \/>\n<meta property=\"og:image\" content=\"https:\/\/www.smartystore.it\/v25\/wp-content\/uploads\/2017\/07\/Nastro-ricambio-arancione-di-3-metri-per-colonnina-segna-percorso-e-avvolgitori-a-muro.jpg\" \/>\n\t<meta property=\"og:image:width\" content=\"1000\" \/>\n\t<meta property=\"og:image:height\" content=\"1000\" \/>\n\t<meta property=\"og:image:type\" content=\"image\/jpeg\" \/>\n<meta name=\"twitter:card\" content=\"summary_large_image\" \/>\n<meta name=\"twitter:label1\" content=\"Dur\u00e9e de lecture estim\u00e9e\" \/>\n\t<meta name=\"twitter:data1\" content=\"2 minutes\" \/>\n<script type=\"application\/ld+json\" class=\"yoast-schema-graph\">{\"@context\":\"https:\\\/\\\/schema.org\",\"@graph\":[{\"@type\":\"WebPage\",\"@id\":\"https:\\\/\\\/www.smartystore.it\\\/fr\\\/prodotto\\\/ruban-de-remplacement-orange-pour-les-poteaux-de-signalisation\\\/\",\"url\":\"https:\\\/\\\/www.smartystore.it\\\/fr\\\/prodotto\\\/ruban-de-remplacement-orange-pour-les-poteaux-de-signalisation\\\/\",\"name\":\"Ruban de remplacement orange pour les poteaux de signalisation - Smarty Store\",\"isPartOf\":{\"@id\":\"https:\\\/\\\/www.smartystore.it\\\/fr\\\/#website\"},\"primaryImageOfPage\":{\"@id\":\"https:\\\/\\\/www.smartystore.it\\\/fr\\\/prodotto\\\/ruban-de-remplacement-orange-pour-les-poteaux-de-signalisation\\\/#primaryimage\"},\"image\":{\"@id\":\"https:\\\/\\\/www.smartystore.it\\\/fr\\\/prodotto\\\/ruban-de-remplacement-orange-pour-les-poteaux-de-signalisation\\\/#primaryimage\"},\"thumbnailUrl\":\"https:\\\/\\\/www.smartystore.it\\\/v25\\\/wp-content\\\/uploads\\\/2017\\\/07\\\/Nastro-ricambio-arancione-di-3-metri-per-colonnina-segna-percorso-e-avvolgitori-a-muro.jpg\",\"datePublished\":\"2017-07-21T14:00:46+00:00\",\"dateModified\":\"2026-01-16T14:48:31+00:00\",\"description\":\"Ruban orange de remplacement pour les poteaux de balisage. Longueur d'environ 3 m\u00e8tres. Personnalisable d'un c\u00f4t\u00e9 ou des deux c\u00f4t\u00e9s, en une ou plusieurs couleurs.\",\"breadcrumb\":{\"@id\":\"https:\\\/\\\/www.smartystore.it\\\/fr\\\/prodotto\\\/ruban-de-remplacement-orange-pour-les-poteaux-de-signalisation\\\/#breadcrumb\"},\"inLanguage\":\"fr-FR\",\"potentialAction\":[{\"@type\":\"ReadAction\",\"target\":[\"https:\\\/\\\/www.smartystore.it\\\/fr\\\/prodotto\\\/ruban-de-remplacement-orange-pour-les-poteaux-de-signalisation\\\/\"]}]},{\"@type\":\"ImageObject\",\"inLanguage\":\"fr-FR\",\"@id\":\"https:\\\/\\\/www.smartystore.it\\\/fr\\\/prodotto\\\/ruban-de-remplacement-orange-pour-les-poteaux-de-signalisation\\\/#primaryimage\",\"url\":\"https:\\\/\\\/www.smartystore.it\\\/v25\\\/wp-content\\\/uploads\\\/2017\\\/07\\\/Nastro-ricambio-arancione-di-3-metri-per-colonnina-segna-percorso-e-avvolgitori-a-muro.jpg\",\"contentUrl\":\"https:\\\/\\\/www.smartystore.it\\\/v25\\\/wp-content\\\/uploads\\\/2017\\\/07\\\/Nastro-ricambio-arancione-di-3-metri-per-colonnina-segna-percorso-e-avvolgitori-a-muro.jpg\",\"width\":1000,\"height\":1000,\"caption\":\"Nastro-ricambio-arancione-di-3-metri-per-colonnina-segna-percorso-e-avvolgitori-a-muro\"},{\"@type\":\"BreadcrumbList\",\"@id\":\"https:\\\/\\\/www.smartystore.it\\\/fr\\\/prodotto\\\/ruban-de-remplacement-orange-pour-les-poteaux-de-signalisation\\\/#breadcrumb\",\"itemListElement\":[{\"@type\":\"ListItem\",\"position\":1,\"name\":\"Home\",\"item\":\"https:\\\/\\\/www.smartystore.it\\\/fr\\\/\"},{\"@type\":\"ListItem\",\"position\":2,\"name\":\"Boutique\",\"item\":\"https:\\\/\\\/www.smartystore.it\\\/fr\\\/boutique\\\/\"},{\"@type\":\"ListItem\",\"position\":3,\"name\":\"Ruban de remplacement orange pour les poteaux de signalisation\"}]},{\"@type\":\"WebSite\",\"@id\":\"https:\\\/\\\/www.smartystore.it\\\/fr\\\/#website\",\"url\":\"https:\\\/\\\/www.smartystore.it\\\/fr\\\/\",\"name\":\"Smarty Store\",\"description\":\"Espositori Pubblicitari e Sistemi di Comunicazione Visiva\",\"potentialAction\":[{\"@type\":\"SearchAction\",\"target\":{\"@type\":\"EntryPoint\",\"urlTemplate\":\"https:\\\/\\\/www.smartystore.it\\\/fr\\\/?s={search_term_string}\"},\"query-input\":{\"@type\":\"PropertyValueSpecification\",\"valueRequired\":true,\"valueName\":\"search_term_string\"}}],\"inLanguage\":\"fr-FR\"}]}<\/script>\n<!-- \/ Yoast SEO plugin. -->","yoast_head_json":{"title":"Ruban de remplacement orange pour les poteaux de signalisation - Smarty Store","description":"Ruban orange de remplacement pour les poteaux de balisage. Longueur d'environ 3 m\u00e8tres. Personnalisable d'un c\u00f4t\u00e9 ou des deux c\u00f4t\u00e9s, en une ou plusieurs couleurs.","robots":{"index":"index","follow":"follow","max-snippet":"max-snippet:-1","max-image-preview":"max-image-preview:large","max-video-preview":"max-video-preview:-1"},"canonical":"https:\/\/www.smartystore.it\/fr\/prodotto\/ruban-de-remplacement-orange-pour-les-poteaux-de-signalisation\/","og_locale":"fr_FR","og_type":"article","og_title":"Ruban de remplacement orange pour les poteaux de signalisation - Smarty Store","og_description":"Ruban orange de remplacement pour les poteaux de balisage. Longueur d'environ 3 m\u00e8tres. Personnalisable d'un c\u00f4t\u00e9 ou des deux c\u00f4t\u00e9s, en une ou plusieurs couleurs.","og_url":"https:\/\/www.smartystore.it\/fr\/prodotto\/ruban-de-remplacement-orange-pour-les-poteaux-de-signalisation\/","og_site_name":"Smarty Store","article_modified_time":"2026-01-16T14:48:31+00:00","og_image":[{"width":1000,"height":1000,"url":"https:\/\/www.smartystore.it\/v25\/wp-content\/uploads\/2017\/07\/Nastro-ricambio-arancione-di-3-metri-per-colonnina-segna-percorso-e-avvolgitori-a-muro.jpg","type":"image\/jpeg"}],"twitter_card":"summary_large_image","twitter_misc":{"Dur\u00e9e de lecture estim\u00e9e":"2 minutes"},"schema":{"@context":"https:\/\/schema.org","@graph":[{"@type":"WebPage","@id":"https:\/\/www.smartystore.it\/fr\/prodotto\/ruban-de-remplacement-orange-pour-les-poteaux-de-signalisation\/","url":"https:\/\/www.smartystore.it\/fr\/prodotto\/ruban-de-remplacement-orange-pour-les-poteaux-de-signalisation\/","name":"Ruban de remplacement orange pour les poteaux de signalisation - Smarty Store","isPartOf":{"@id":"https:\/\/www.smartystore.it\/fr\/#website"},"primaryImageOfPage":{"@id":"https:\/\/www.smartystore.it\/fr\/prodotto\/ruban-de-remplacement-orange-pour-les-poteaux-de-signalisation\/#primaryimage"},"image":{"@id":"https:\/\/www.smartystore.it\/fr\/prodotto\/ruban-de-remplacement-orange-pour-les-poteaux-de-signalisation\/#primaryimage"},"thumbnailUrl":"https:\/\/www.smartystore.it\/v25\/wp-content\/uploads\/2017\/07\/Nastro-ricambio-arancione-di-3-metri-per-colonnina-segna-percorso-e-avvolgitori-a-muro.jpg","datePublished":"2017-07-21T14:00:46+00:00","dateModified":"2026-01-16T14:48:31+00:00","description":"Ruban orange de remplacement pour les poteaux de balisage. Longueur d'environ 3 m\u00e8tres. Personnalisable d'un c\u00f4t\u00e9 ou des deux c\u00f4t\u00e9s, en une ou plusieurs couleurs.","breadcrumb":{"@id":"https:\/\/www.smartystore.it\/fr\/prodotto\/ruban-de-remplacement-orange-pour-les-poteaux-de-signalisation\/#breadcrumb"},"inLanguage":"fr-FR","potentialAction":[{"@type":"ReadAction","target":["https:\/\/www.smartystore.it\/fr\/prodotto\/ruban-de-remplacement-orange-pour-les-poteaux-de-signalisation\/"]}]},{"@type":"ImageObject","inLanguage":"fr-FR","@id":"https:\/\/www.smartystore.it\/fr\/prodotto\/ruban-de-remplacement-orange-pour-les-poteaux-de-signalisation\/#primaryimage","url":"https:\/\/www.smartystore.it\/v25\/wp-content\/uploads\/2017\/07\/Nastro-ricambio-arancione-di-3-metri-per-colonnina-segna-percorso-e-avvolgitori-a-muro.jpg","contentUrl":"https:\/\/www.smartystore.it\/v25\/wp-content\/uploads\/2017\/07\/Nastro-ricambio-arancione-di-3-metri-per-colonnina-segna-percorso-e-avvolgitori-a-muro.jpg","width":1000,"height":1000,"caption":"Nastro-ricambio-arancione-di-3-metri-per-colonnina-segna-percorso-e-avvolgitori-a-muro"},{"@type":"BreadcrumbList","@id":"https:\/\/www.smartystore.it\/fr\/prodotto\/ruban-de-remplacement-orange-pour-les-poteaux-de-signalisation\/#breadcrumb","itemListElement":[{"@type":"ListItem","position":1,"name":"Home","item":"https:\/\/www.smartystore.it\/fr\/"},{"@type":"ListItem","position":2,"name":"Boutique","item":"https:\/\/www.smartystore.it\/fr\/boutique\/"},{"@type":"ListItem","position":3,"name":"Ruban de remplacement orange pour les poteaux de signalisation"}]},{"@type":"WebSite","@id":"https:\/\/www.smartystore.it\/fr\/#website","url":"https:\/\/www.smartystore.it\/fr\/","name":"Smarty Store","description":"Espositori Pubblicitari e Sistemi di Comunicazione Visiva","potentialAction":[{"@type":"SearchAction","target":{"@type":"EntryPoint","urlTemplate":"https:\/\/www.smartystore.it\/fr\/?s={search_term_string}"},"query-input":{"@type":"PropertyValueSpecification","valueRequired":true,"valueName":"search_term_string"}}],"inLanguage":"fr-FR"}]}},"brands":[],"_links":{"self":[{"href":"https:\/\/www.smartystore.it\/fr\/wp-json\/wp\/v2\/product\/96802","targetHints":{"allow":["GET"]}}],"collection":[{"href":"https:\/\/www.smartystore.it\/fr\/wp-json\/wp\/v2\/product"}],"about":[{"href":"https:\/\/www.smartystore.it\/fr\/wp-json\/wp\/v2\/types\/product"}],"replies":[{"embeddable":true,"href":"https:\/\/www.smartystore.it\/fr\/wp-json\/wp\/v2\/comments?post=96802"}],"wp:featuredmedia":[{"embeddable":true,"href":"https:\/\/www.smartystore.it\/fr\/wp-json\/wp\/v2\/media\/96801"}],"wp:attachment":[{"href":"https:\/\/www.smartystore.it\/fr\/wp-json\/wp\/v2\/media?parent=96802"}],"wp:term":[{"taxonomy":"pwb-brand","embeddable":true,"href":"https:\/\/www.smartystore.it\/fr\/wp-json\/wp\/v2\/pwb-brand?post=96802"},{"taxonomy":"product_brand","embeddable":true,"href":"https:\/\/www.smartystore.it\/fr\/wp-json\/wp\/v2\/product_brand?post=96802"},{"taxonomy":"product_cat","embeddable":true,"href":"https:\/\/www.smartystore.it\/fr\/wp-json\/wp\/v2\/product_cat?post=96802"},{"taxonomy":"product_tag","embeddable":true,"href":"https:\/\/www.smartystore.it\/fr\/wp-json\/wp\/v2\/product_tag?post=96802"}],"curies":[{"name":"wp","href":"https:\/\/api.w.org\/{rel}","templated":true}]}}