{"id":96583,"date":"2018-10-16T13:34:48","date_gmt":"2018-10-16T13:34:48","guid":{"rendered":"https:\/\/www.smartystore.it\/prodotto\/caisson-lumineux-totem-avec-batterie-rechargeable\/"},"modified":"2025-12-06T16:50:51","modified_gmt":"2025-12-06T14:50:51","slug":"caisson-lumineux-totem-avec-batterie-rechargeable","status":"publish","type":"product","link":"https:\/\/www.smartystore.it\/fr\/prodotto\/caisson-lumineux-totem-avec-batterie-rechargeable\/","title":{"rendered":"Caisson lumineux Totem avec batterie rechargeable"},"content":{"rendered":"<div class=\"wpb-content-wrapper\"><p>[vc_row][vc_column][vc_column_text css=\u00a0\u00bb\u00a0\u00bb css_params=\u00a0\u00bb\u00a0\u00bb]<\/p>\n<h1>Totem lumineux avec batterie rechargeable : une innovation pour une publicit\u00e9 efficace<\/h1>\n<p>Le totem lumineux \u00e0 piles repr\u00e9sente une solution innovante pour la publicit\u00e9, permettant de promouvoir les marques et les produits partout sans avoir besoin d&rsquo;un acc\u00e8s direct \u00e0 une source d&rsquo;\u00e9nergie. Cette caract\u00e9ristique vous permet de tirer le meilleur parti de chaque opportunit\u00e9 promotionnelle. <\/p>\n<h2>Batterie int\u00e9gr\u00e9e<\/h2>\n<p>Le totem est \u00e9quip\u00e9 d&rsquo;une batterie int\u00e9gr\u00e9e qui garantit une grande autonomie. Con\u00e7u pour optimiser la consommation d&rsquo;\u00e9nergie, ce dispositif peut fonctionner jusqu&rsquo;\u00e0 <strong>14 heures avec une seule charge<\/strong>. La batterie compacte alimente les ampoules LED p\u00e9rim\u00e9triques, ce qui permet d&rsquo;obtenir un \u00e9clairage lumineux et accrocheur. En outre, le totem peut \u00e9galement \u00eatre recharg\u00e9 pendant son utilisation, ce qui garantit la continuit\u00e9 de la communication visuelle.   <\/p>\n<h2>Mobilit\u00e9 et transportabilit\u00e9 du totem lumineux avec batterie rechargeable<\/h2>\n<p>L&rsquo;un des points forts de ce mod\u00e8le est sa mobilit\u00e9. La base est \u00e9quip\u00e9e de roues qui facilitent le d\u00e9placement du totem d&rsquo;un endroit \u00e0 l&rsquo;autre, ce qui le rend id\u00e9al pour les \u00e9v\u00e9nements tels que les conf\u00e9rences et les foires commerciales. Pour simplifier encore le transport, le produit est livr\u00e9 avec un sac \u00e9quip\u00e9 de roulettes, qui non seulement facilite le transport mais prot\u00e8ge \u00e9galement le totem d&rsquo;\u00e9ventuels dommages.  <\/p>\n<h2>Conception pratique et fonctionnelle<\/h2>\n<p>La structure est compos\u00e9e d&rsquo;un cadre l\u00e9ger en aluminium et de graphiques textiles de haute qualit\u00e9. L&rsquo;assemblage se fait <strong>sans outils<\/strong>, ce qui r\u00e9duit consid\u00e9rablement le temps de pr\u00e9paration. En outre, l&rsquo;impression peut \u00eatre facilement remplac\u00e9e, ce qui permet d&rsquo;adapter le message \u00e0 diff\u00e9rents besoins promotionnels. Plusieurs totems peuvent \u00eatre reli\u00e9s entre eux pour cr\u00e9er des configurations plus grandes, id\u00e9ales pour les espaces d&rsquo;exposition des foires commerciales, les institutions culturelles et les centres commerciaux.   <\/p>\n<h2>Applications polyvalentes<\/h2>\n<p>Lors des foires commerciales, le totem lumineux mobile permet de se d\u00e9placer facilement dans l&rsquo;espace d&rsquo;exposition. Lors de conf\u00e9rences, la possibilit\u00e9 de faire pivoter le syst\u00e8me pour afficher le message des deux c\u00f4t\u00e9s accro\u00eet la visibilit\u00e9 de la communication. Enfin, lors d&rsquo;\u00e9v\u00e9nements culturels, ces dispositifs font office de panneaux d&rsquo;information efficaces, permettant d&rsquo;afficher les communications de l&rsquo;organisation et les logos des sponsors, contribuant ainsi \u00e0 l&rsquo;effort de promotion.  <\/p>\n<p>En conclusion, le totem lumineux avec batterie rechargeable est une solution polyvalente et pratique, parfaite pour tous les besoins publicitaires.<\/p>\n<p>&nbsp;<\/p>\n<h3>Caract\u00e9ristiques<\/h3>\n<ul>\n<li>Totem publicitaire avec \u00e9clairage LED.<\/li>\n<li>Batterie rechargeable incluse<\/li>\n<li>Autonomie de la batterie : jusqu&rsquo;\u00e0 14 heures<\/li>\n<li>Profil\u00e9s plats en aluminium anodis\u00e9 argent.<\/li>\n<li>Montage avec syst\u00e8me d&#8217;embo\u00eetement sans outil.<\/li>\n<li>Pieds plats en aluminium argent\u00e9.<\/li>\n<li>Graphiques imprim\u00e9s sur tissu avec bordure p\u00e9riph\u00e9rique en silicone.<\/li>\n<li>LED p\u00e9rim\u00e9triques avec c\u00e2blage interne.<\/li>\n<li>Consommation \u00e9lectrique : 89,4 watts<\/li>\n<li>Temp\u00e9rature : 6500 Kelvin<\/li>\n<li>Luminosit\u00e9 : 1100 &#8211; 1500 Lumen<\/li>\n<li>Transformateur : 100 Watt<\/li>\n<li>Sac de transport inclus.<\/li>\n<li>Impression sur tissu des deux c\u00f4t\u00e9s du totem.<\/li>\n<li>Surface visible (en cm) : L 100 x H 200<\/li>\n<li>Dimensions de la structure (en cm) : L 100 x H 201,5 x P 40<\/li>\n<li>Poids du totem : Kg. 29,00<\/li>\n<\/ul>\n<p>Voir d&rsquo;autres mod\u00e8les de Lightbox \u00e0 ce LIEN<\/p>\n<p>Voir tous les pr\u00e9sentoirs imprim\u00e9s sur tissu \u00e0 ce LIEN<\/p>\n<p>&nbsp;<\/p>\n<p>&nbsp;[\/vc_column_text][\/vc_column][\/vc_row]<\/p>\n<\/div>","protected":false},"excerpt":{"rendered":"<p>Totem lumineux avec batterie rechargeable d&rsquo;une autonomie de 14 heures. Imprim\u00e9 sur tissu avec bordures en silicone pour la fixation. <\/p>\n","protected":false},"featured_media":96941,"comment_status":"open","ping_status":"closed","template":"","meta":{"_acf_changed":false},"pwb-brand":[],"product_brand":[],"product_cat":[6100],"product_tag":[6114,6123,6113,6115,6122,6116,6112,6121],"class_list":{"0":"post-96583","1":"product","2":"type-product","3":"status-publish","4":"has-post-thumbnail","6":"product_cat-presentoirs-en-tissu-caisson-lumineux","7":"product_tag-boite-lumineuse-murale-autoportante-avec-impression-recto-verso","8":"product_tag-cloison-lumineuse-rechargeable-avec-impression-recto-verso","9":"product_tag-double-face-lightbox-eclairage-totem","10":"product_tag-presentoir-double-face-autoportant-lightbox","11":"product_tag-presentoir-lightbox-autonome-rechargeable","12":"product_tag-presentoir-lightbox-double-face-avec-impression-sur-tissu","13":"product_tag-totem-lightbox-double-face","14":"product_tag-totem-lumineux-avec-batterie-rechargeable","16":"first","17":"instock","18":"taxable","19":"shipping-taxable","20":"purchasable","21":"product-type-simple"},"acf":[],"yoast_head":"<!-- This site is optimized with the Yoast SEO plugin v27.4 - https:\/\/yoast.com\/product\/yoast-seo-wordpress\/ -->\n<title>Caisson lumineux Totem avec batterie rechargeable - Smarty Store<\/title>\n<meta name=\"description\" content=\"Totem lumineux avec batterie rechargeable pour 14 heures de fonctionnement continu, imprim\u00e9 sur tissu avec bordures en silicone pour la fixation.\" \/>\n<meta name=\"robots\" content=\"index, follow, max-snippet:-1, max-image-preview:large, max-video-preview:-1\" \/>\n<link rel=\"canonical\" href=\"https:\/\/www.smartystore.it\/fr\/prodotto\/caisson-lumineux-totem-avec-batterie-rechargeable\/\" \/>\n<meta property=\"og:locale\" content=\"fr_FR\" \/>\n<meta property=\"og:type\" content=\"article\" \/>\n<meta property=\"og:title\" content=\"Caisson lumineux Totem avec batterie rechargeable - Smarty Store\" \/>\n<meta property=\"og:description\" content=\"Totem lumineux avec batterie rechargeable pour 14 heures de fonctionnement continu, imprim\u00e9 sur tissu avec bordures en silicone pour la fixation.\" \/>\n<meta property=\"og:url\" content=\"https:\/\/www.smartystore.it\/fr\/prodotto\/caisson-lumineux-totem-avec-batterie-rechargeable\/\" \/>\n<meta property=\"og:site_name\" content=\"Smarty Store\" \/>\n<meta property=\"article:modified_time\" content=\"2025-12-06T14:50:51+00:00\" \/>\n<meta property=\"og:image\" content=\"https:\/\/www.smartystore.it\/v25\/wp-content\/uploads\/2018\/10\/Totem-lightbox-luminoso-con-batteria-ricaricabile-sad-ltbxb1020-1.jpg\" \/>\n\t<meta property=\"og:image:width\" content=\"1000\" \/>\n\t<meta property=\"og:image:height\" content=\"1000\" \/>\n\t<meta property=\"og:image:type\" content=\"image\/jpeg\" \/>\n<meta name=\"twitter:card\" content=\"summary_large_image\" \/>\n<meta name=\"twitter:label1\" content=\"Dur\u00e9e de lecture estim\u00e9e\" \/>\n\t<meta name=\"twitter:data1\" content=\"3 minutes\" \/>\n<script type=\"application\/ld+json\" class=\"yoast-schema-graph\">{\"@context\":\"https:\\\/\\\/schema.org\",\"@graph\":[{\"@type\":\"WebPage\",\"@id\":\"https:\\\/\\\/www.smartystore.it\\\/fr\\\/prodotto\\\/caisson-lumineux-totem-avec-batterie-rechargeable\\\/\",\"url\":\"https:\\\/\\\/www.smartystore.it\\\/fr\\\/prodotto\\\/caisson-lumineux-totem-avec-batterie-rechargeable\\\/\",\"name\":\"Caisson lumineux Totem avec batterie rechargeable - Smarty Store\",\"isPartOf\":{\"@id\":\"https:\\\/\\\/www.smartystore.it\\\/fr\\\/#website\"},\"primaryImageOfPage\":{\"@id\":\"https:\\\/\\\/www.smartystore.it\\\/fr\\\/prodotto\\\/caisson-lumineux-totem-avec-batterie-rechargeable\\\/#primaryimage\"},\"image\":{\"@id\":\"https:\\\/\\\/www.smartystore.it\\\/fr\\\/prodotto\\\/caisson-lumineux-totem-avec-batterie-rechargeable\\\/#primaryimage\"},\"thumbnailUrl\":\"https:\\\/\\\/www.smartystore.it\\\/v25\\\/wp-content\\\/uploads\\\/2018\\\/10\\\/Totem-lightbox-luminoso-con-batteria-ricaricabile-sad-ltbxb1020-1.jpg\",\"datePublished\":\"2018-10-16T13:34:48+00:00\",\"dateModified\":\"2025-12-06T14:50:51+00:00\",\"description\":\"Totem lumineux avec batterie rechargeable pour 14 heures de fonctionnement continu, imprim\u00e9 sur tissu avec bordures en silicone pour la fixation.\",\"breadcrumb\":{\"@id\":\"https:\\\/\\\/www.smartystore.it\\\/fr\\\/prodotto\\\/caisson-lumineux-totem-avec-batterie-rechargeable\\\/#breadcrumb\"},\"inLanguage\":\"fr-FR\",\"potentialAction\":[{\"@type\":\"ReadAction\",\"target\":[\"https:\\\/\\\/www.smartystore.it\\\/fr\\\/prodotto\\\/caisson-lumineux-totem-avec-batterie-rechargeable\\\/\"]}]},{\"@type\":\"ImageObject\",\"inLanguage\":\"fr-FR\",\"@id\":\"https:\\\/\\\/www.smartystore.it\\\/fr\\\/prodotto\\\/caisson-lumineux-totem-avec-batterie-rechargeable\\\/#primaryimage\",\"url\":\"https:\\\/\\\/www.smartystore.it\\\/v25\\\/wp-content\\\/uploads\\\/2018\\\/10\\\/Totem-lightbox-luminoso-con-batteria-ricaricabile-sad-ltbxb1020-1.jpg\",\"contentUrl\":\"https:\\\/\\\/www.smartystore.it\\\/v25\\\/wp-content\\\/uploads\\\/2018\\\/10\\\/Totem-lightbox-luminoso-con-batteria-ricaricabile-sad-ltbxb1020-1.jpg\",\"width\":1000,\"height\":1000,\"caption\":\"Totem-lightbox-luminoso-con-batteria-ricaricabile-sad-ltbxb1020\"},{\"@type\":\"BreadcrumbList\",\"@id\":\"https:\\\/\\\/www.smartystore.it\\\/fr\\\/prodotto\\\/caisson-lumineux-totem-avec-batterie-rechargeable\\\/#breadcrumb\",\"itemListElement\":[{\"@type\":\"ListItem\",\"position\":1,\"name\":\"Home\",\"item\":\"https:\\\/\\\/www.smartystore.it\\\/fr\\\/\"},{\"@type\":\"ListItem\",\"position\":2,\"name\":\"Boutique\",\"item\":\"https:\\\/\\\/www.smartystore.it\\\/fr\\\/boutique\\\/\"},{\"@type\":\"ListItem\",\"position\":3,\"name\":\"Caisson lumineux Totem avec batterie rechargeable\"}]},{\"@type\":\"WebSite\",\"@id\":\"https:\\\/\\\/www.smartystore.it\\\/fr\\\/#website\",\"url\":\"https:\\\/\\\/www.smartystore.it\\\/fr\\\/\",\"name\":\"Smarty Store\",\"description\":\"Espositori Pubblicitari e Sistemi di Comunicazione Visiva\",\"potentialAction\":[{\"@type\":\"SearchAction\",\"target\":{\"@type\":\"EntryPoint\",\"urlTemplate\":\"https:\\\/\\\/www.smartystore.it\\\/fr\\\/?s={search_term_string}\"},\"query-input\":{\"@type\":\"PropertyValueSpecification\",\"valueRequired\":true,\"valueName\":\"search_term_string\"}}],\"inLanguage\":\"fr-FR\"}]}<\/script>\n<!-- \/ Yoast SEO plugin. -->","yoast_head_json":{"title":"Caisson lumineux Totem avec batterie rechargeable - Smarty Store","description":"Totem lumineux avec batterie rechargeable pour 14 heures de fonctionnement continu, imprim\u00e9 sur tissu avec bordures en silicone pour la fixation.","robots":{"index":"index","follow":"follow","max-snippet":"max-snippet:-1","max-image-preview":"max-image-preview:large","max-video-preview":"max-video-preview:-1"},"canonical":"https:\/\/www.smartystore.it\/fr\/prodotto\/caisson-lumineux-totem-avec-batterie-rechargeable\/","og_locale":"fr_FR","og_type":"article","og_title":"Caisson lumineux Totem avec batterie rechargeable - Smarty Store","og_description":"Totem lumineux avec batterie rechargeable pour 14 heures de fonctionnement continu, imprim\u00e9 sur tissu avec bordures en silicone pour la fixation.","og_url":"https:\/\/www.smartystore.it\/fr\/prodotto\/caisson-lumineux-totem-avec-batterie-rechargeable\/","og_site_name":"Smarty Store","article_modified_time":"2025-12-06T14:50:51+00:00","og_image":[{"width":1000,"height":1000,"url":"https:\/\/www.smartystore.it\/v25\/wp-content\/uploads\/2018\/10\/Totem-lightbox-luminoso-con-batteria-ricaricabile-sad-ltbxb1020-1.jpg","type":"image\/jpeg"}],"twitter_card":"summary_large_image","twitter_misc":{"Dur\u00e9e de lecture estim\u00e9e":"3 minutes"},"schema":{"@context":"https:\/\/schema.org","@graph":[{"@type":"WebPage","@id":"https:\/\/www.smartystore.it\/fr\/prodotto\/caisson-lumineux-totem-avec-batterie-rechargeable\/","url":"https:\/\/www.smartystore.it\/fr\/prodotto\/caisson-lumineux-totem-avec-batterie-rechargeable\/","name":"Caisson lumineux Totem avec batterie rechargeable - Smarty Store","isPartOf":{"@id":"https:\/\/www.smartystore.it\/fr\/#website"},"primaryImageOfPage":{"@id":"https:\/\/www.smartystore.it\/fr\/prodotto\/caisson-lumineux-totem-avec-batterie-rechargeable\/#primaryimage"},"image":{"@id":"https:\/\/www.smartystore.it\/fr\/prodotto\/caisson-lumineux-totem-avec-batterie-rechargeable\/#primaryimage"},"thumbnailUrl":"https:\/\/www.smartystore.it\/v25\/wp-content\/uploads\/2018\/10\/Totem-lightbox-luminoso-con-batteria-ricaricabile-sad-ltbxb1020-1.jpg","datePublished":"2018-10-16T13:34:48+00:00","dateModified":"2025-12-06T14:50:51+00:00","description":"Totem lumineux avec batterie rechargeable pour 14 heures de fonctionnement continu, imprim\u00e9 sur tissu avec bordures en silicone pour la fixation.","breadcrumb":{"@id":"https:\/\/www.smartystore.it\/fr\/prodotto\/caisson-lumineux-totem-avec-batterie-rechargeable\/#breadcrumb"},"inLanguage":"fr-FR","potentialAction":[{"@type":"ReadAction","target":["https:\/\/www.smartystore.it\/fr\/prodotto\/caisson-lumineux-totem-avec-batterie-rechargeable\/"]}]},{"@type":"ImageObject","inLanguage":"fr-FR","@id":"https:\/\/www.smartystore.it\/fr\/prodotto\/caisson-lumineux-totem-avec-batterie-rechargeable\/#primaryimage","url":"https:\/\/www.smartystore.it\/v25\/wp-content\/uploads\/2018\/10\/Totem-lightbox-luminoso-con-batteria-ricaricabile-sad-ltbxb1020-1.jpg","contentUrl":"https:\/\/www.smartystore.it\/v25\/wp-content\/uploads\/2018\/10\/Totem-lightbox-luminoso-con-batteria-ricaricabile-sad-ltbxb1020-1.jpg","width":1000,"height":1000,"caption":"Totem-lightbox-luminoso-con-batteria-ricaricabile-sad-ltbxb1020"},{"@type":"BreadcrumbList","@id":"https:\/\/www.smartystore.it\/fr\/prodotto\/caisson-lumineux-totem-avec-batterie-rechargeable\/#breadcrumb","itemListElement":[{"@type":"ListItem","position":1,"name":"Home","item":"https:\/\/www.smartystore.it\/fr\/"},{"@type":"ListItem","position":2,"name":"Boutique","item":"https:\/\/www.smartystore.it\/fr\/boutique\/"},{"@type":"ListItem","position":3,"name":"Caisson lumineux Totem avec batterie rechargeable"}]},{"@type":"WebSite","@id":"https:\/\/www.smartystore.it\/fr\/#website","url":"https:\/\/www.smartystore.it\/fr\/","name":"Smarty Store","description":"Espositori Pubblicitari e Sistemi di Comunicazione Visiva","potentialAction":[{"@type":"SearchAction","target":{"@type":"EntryPoint","urlTemplate":"https:\/\/www.smartystore.it\/fr\/?s={search_term_string}"},"query-input":{"@type":"PropertyValueSpecification","valueRequired":true,"valueName":"search_term_string"}}],"inLanguage":"fr-FR"}]}},"brands":[],"_links":{"self":[{"href":"https:\/\/www.smartystore.it\/fr\/wp-json\/wp\/v2\/product\/96583","targetHints":{"allow":["GET"]}}],"collection":[{"href":"https:\/\/www.smartystore.it\/fr\/wp-json\/wp\/v2\/product"}],"about":[{"href":"https:\/\/www.smartystore.it\/fr\/wp-json\/wp\/v2\/types\/product"}],"replies":[{"embeddable":true,"href":"https:\/\/www.smartystore.it\/fr\/wp-json\/wp\/v2\/comments?post=96583"}],"wp:featuredmedia":[{"embeddable":true,"href":"https:\/\/www.smartystore.it\/fr\/wp-json\/wp\/v2\/media\/96941"}],"wp:attachment":[{"href":"https:\/\/www.smartystore.it\/fr\/wp-json\/wp\/v2\/media?parent=96583"}],"wp:term":[{"taxonomy":"pwb-brand","embeddable":true,"href":"https:\/\/www.smartystore.it\/fr\/wp-json\/wp\/v2\/pwb-brand?post=96583"},{"taxonomy":"product_brand","embeddable":true,"href":"https:\/\/www.smartystore.it\/fr\/wp-json\/wp\/v2\/product_brand?post=96583"},{"taxonomy":"product_cat","embeddable":true,"href":"https:\/\/www.smartystore.it\/fr\/wp-json\/wp\/v2\/product_cat?post=96583"},{"taxonomy":"product_tag","embeddable":true,"href":"https:\/\/www.smartystore.it\/fr\/wp-json\/wp\/v2\/product_tag?post=96583"}],"curies":[{"name":"wp","href":"https:\/\/api.w.org\/{rel}","templated":true}]}}