{"id":96577,"date":"2023-04-20T15:49:23","date_gmt":"2023-04-20T13:49:23","guid":{"rendered":"https:\/\/www.smartystore.it\/prodotto\/lightbox-autoportante-affiche-mince-avec-tissu-retroeclaire\/"},"modified":"2026-01-31T13:30:54","modified_gmt":"2026-01-31T11:30:54","slug":"lightbox-autoportante-affiche-mince-avec-tissu-retroeclaire","status":"publish","type":"product","link":"https:\/\/www.smartystore.it\/fr\/prodotto\/lightbox-autoportante-affiche-mince-avec-tissu-retroeclaire\/","title":{"rendered":"Pr\u00e9sentoir lumineux mince autoportant avec tissu r\u00e9tro\u00e9clair\u00e9"},"content":{"rendered":"<div class=\"wpb-content-wrapper\"><p>[vc_row][vc_column][vc_column_text css=\u00a0\u00bb\u00a0\u00bb css_params=\u00a0\u00bb\u00a0\u00bb]<\/p>\n<h1>Pr\u00e9sentoir lumineux mince autoportant avec tissu r\u00e9tro\u00e9clair\u00e9<\/h1>\n<p>Le pr\u00e9sentoir autoportant Lightbox Slim avec <strong>toile r\u00e9tro\u00e9clair\u00e9e<\/strong> double face est une solution innovante et polyvalente pour les besoins promotionnels et publicitaires. Gr\u00e2ce \u00e0 sa structure l\u00e9g\u00e8re en aluminium ultral\u00e9ger, ce mod\u00e8le se caract\u00e9rise par un faible poids qui facilite le transport et l&rsquo;installation dans diff\u00e9rents lieux. Contrairement aux roll-ups traditionnels, le Lightbox Slim est dot\u00e9 d&rsquo;une <strong>impression recto-verso<\/strong> et d&rsquo;un <strong>\u00e9clairage LED Edge<\/strong>, ce qui garantit une visibilit\u00e9 exceptionnelle des deux c\u00f4t\u00e9s.  <\/p>\n<h2>Graphiques facilement interchangeables<\/h2>\n<p>L&rsquo;un des points forts de ce syst\u00e8me est la possibilit\u00e9 de changer les graphismes des tissus \u00e0 tout moment. Cela permet aux entreprises d&rsquo;adapter rapidement leurs campagnes publicitaires sans avoir \u00e0 investir \u00e0 chaque fois dans de nouveaux supports. Le mat\u00e9riau textile utilis\u00e9 est tr\u00e8s r\u00e9sistant, ce qui garantit la durabilit\u00e9 et la qualit\u00e9 dans le temps. En outre, la m\u00e9thode d&rsquo;<strong>impression par sublimation<\/strong> permet une reproduction fid\u00e8le des couleurs, avec des r\u00e9sultats qui conservent un niveau \u00e9lev\u00e9 de qualit\u00e9 photographique. Cela signifie que les images imprim\u00e9es sur des textiles resteront vives et d\u00e9taill\u00e9es, m\u00eame apr\u00e8s une utilisation prolong\u00e9e.    <\/p>\n<p>Pour ceux qui souhaitent une exp\u00e9rience compl\u00e8te, nous offrons la possibilit\u00e9 de commander des impressions en m\u00eame temps que la structure Lightbox Slim. Toutefois, pour ceux qui poss\u00e8dent d\u00e9j\u00e0 un Lightbox Slim, <strong>seuls les nouveaux visuels peuvent \u00eatre achet\u00e9s<\/strong> pour chaque campagne publicitaire, ce qui rend le syst\u00e8me extr\u00eamement flexible et rentable. De cette mani\u00e8re, un seul pr\u00e9sentoir peut \u00eatre utilis\u00e9 pour plusieurs promotions, ce qui permet d&rsquo;optimiser les co\u00fbts et l&rsquo;espace.  <\/p>\n<h2>Pr\u00e9sentoir lumineux mince autoportant avec tissu r\u00e9tro\u00e9clair\u00e9: assemblage sans outil<\/h2>\n<p>L&rsquo;assemblage du Lightbox Slim est simple et intuitif et ne n\u00e9cessite aucun outil. Les \u00e9l\u00e9ments du cadre sont clairement identifi\u00e9s et \u00e9quip\u00e9s de connecteurs sp\u00e9ciaux, ce qui permet d&rsquo;assembler le cadre en quelques minutes. Une fois l&rsquo;assemblage termin\u00e9, les impressions peuvent \u00eatre facilement ins\u00e9r\u00e9es dans le cadre ; le mat\u00e9riau textile est bord\u00e9 d&rsquo;une bande de silicone, con\u00e7ue pour s&rsquo;ins\u00e9rer dans la fente en aluminium, ce qui garantit une \u00e9tanch\u00e9it\u00e9 parfaite.  <\/p>\n<p>Ce pr\u00e9sentoir est id\u00e9al pour les activit\u00e9s promotionnelles et publicitaires dans divers contextes, tels que les centres commerciaux, les magasins, les studios professionnels, les r\u00e9ceptions et les concessions automobiles, et peut \u00eatre utilis\u00e9 comme totem, cloison de s\u00e9paration, s\u00e9parateur de pi\u00e8ce. La combinaison d&rsquo;un design \u00e9l\u00e9gant, de la flexibilit\u00e9 et de la facilit\u00e9 d&rsquo;utilisation fait du Lightbox Slim une option privil\u00e9gi\u00e9e pour tous ceux qui souhaitent maximiser l&rsquo;impact visuel de leurs communications. En conclusion, le Lightbox Slim repr\u00e9sente un investissement intelligent pour toutes les entreprises qui cherchent \u00e0 se d\u00e9marquer sur le march\u00e9 moderne.  <\/p>\n<p>&nbsp;<\/p>\n<h3>Caract\u00e9ristiques<\/h3>\n<ul>\n<li>Totem autoportant en aluminium Caisson lumineux<\/li>\n<li>Impression par sublimation recto-verso sur un tissu tr\u00e8s r\u00e9sistant<\/li>\n<li>LED p\u00e9rim\u00e9triques avec c\u00e2blage interne<\/li>\n<li>Temp\u00e9rature : 6500 Kelvin<\/li>\n<li>Assemblage par encliquetage sans outils<\/li>\n<li>Pieds plats en aluminium peint en argent<\/li>\n<li>Mat\u00e9riau : aluminium<\/li>\n<li>Sac de transport inclus.<\/li>\n<li>Impression sur tissu des deux c\u00f4t\u00e9s du totem<\/li>\n<li>Dimensions SAD-LTBX65200 (cm) : L 100,0 x H 200,0 x P 6,5<br \/>\nDimensions SAD-LTBX65250 (cm) : L 100,0 x H 250,0 x P 6,5<\/li>\n<li>Poids SAD-LTBX65200 (Kg.) : 10.0<br \/>\nPoids SAD-LTBX65200 (Kg.) : 12.0<\/li>\n<li>Alimentation : 220-240V avec transformateur fourni<\/li>\n<li>Consommation \u00e9lectrique : 100W max.<\/li>\n<\/ul>\n<p>&nbsp;<\/p>\n<p>Voir tous les caissons lumineux disponibles \u00e0 ce LIEN<\/p>\n<p>&nbsp;<\/p>\n<p>[\/vc_column_text][\/vc_column][\/vc_row]<\/p>\n<\/div>","protected":false},"excerpt":{"rendered":"<p>Pr\u00e9sentoir lumineux mince autoportant avec tissu r\u00e9tro\u00e9clair\u00e9 par LED, disponible dans les tailles 100&#215;200 et 100&#215;250<\/p>\n","protected":false},"featured_media":96938,"comment_status":"open","ping_status":"closed","template":"","meta":{"_acf_changed":false},"pwb-brand":[],"product_brand":[],"product_cat":[6100,3681,3679],"product_tag":[6114,6111,6117,6113,6115,6116,6112],"class_list":{"0":"post-96577","1":"product","2":"type-product","3":"status-publish","4":"has-post-thumbnail","6":"product_cat-presentoirs-en-tissu-caisson-lumineux","7":"product_cat-totem-slim-fr","8":"product_cat-totems-publicitaires-et-dinformation","9":"product_tag-boite-lumineuse-murale-autoportante-avec-impression-recto-verso","10":"product_tag-caisson-lumineux-autoportant","11":"product_tag-cloison-lumineuse-avec-impression-recto-verso","12":"product_tag-double-face-lightbox-eclairage-totem","13":"product_tag-presentoir-double-face-autoportant-lightbox","14":"product_tag-presentoir-lightbox-double-face-avec-impression-sur-tissu","15":"product_tag-totem-lightbox-double-face","16":"pa_c2c_color-argent","17":"pa_c2c_configurazione-structure-avec-impressions-sur-le-devant-et-le-dos","18":"pa_c2c_configurazione-structure-uniquement","19":"pa_c2c_configurazione-tissu-imprime-de-remplacement","20":"pa_c2c_dimensione-cm-100x200-fr","21":"pa_c2c_dimensione-cm-100x250-fr","23":"first","24":"instock","25":"taxable","26":"shipping-taxable","27":"purchasable","28":"product-type-variable"},"acf":[],"yoast_head":"<!-- This site is optimized with the Yoast SEO plugin v27.4 - https:\/\/yoast.com\/product\/yoast-seo-wordpress\/ -->\n<title>Pr\u00e9sentoir lumineux mince autoportant avec tissu r\u00e9tro\u00e9clair\u00e9 - Smarty Store<\/title>\n<meta name=\"description\" content=\"Pr\u00e9sentoir lumineux mince autoportant avec tissu r\u00e9tro\u00e9clair\u00e9 par LED 100x200 et 100x250. Assemblage facile sans outils\" \/>\n<meta name=\"robots\" content=\"index, follow, max-snippet:-1, max-image-preview:large, max-video-preview:-1\" \/>\n<link rel=\"canonical\" href=\"https:\/\/www.smartystore.it\/fr\/prodotto\/lightbox-autoportante-affiche-mince-avec-tissu-retroeclaire\/\" \/>\n<meta property=\"og:locale\" content=\"fr_FR\" \/>\n<meta property=\"og:type\" content=\"article\" \/>\n<meta property=\"og:title\" content=\"Pr\u00e9sentoir lumineux mince autoportant avec tissu r\u00e9tro\u00e9clair\u00e9 - Smarty Store\" \/>\n<meta property=\"og:description\" content=\"Pr\u00e9sentoir lumineux mince autoportant avec tissu r\u00e9tro\u00e9clair\u00e9 par LED 100x200 et 100x250. Assemblage facile sans outils\" \/>\n<meta property=\"og:url\" content=\"https:\/\/www.smartystore.it\/fr\/prodotto\/lightbox-autoportante-affiche-mince-avec-tissu-retroeclaire\/\" \/>\n<meta property=\"og:site_name\" content=\"Smarty Store\" \/>\n<meta property=\"article:modified_time\" content=\"2026-01-31T11:30:54+00:00\" \/>\n<meta property=\"og:image\" content=\"https:\/\/www.smartystore.it\/v25\/wp-content\/uploads\/2023\/04\/Totem-Espositore-Lightbox-Slim-Autoportante-con-tessuto-retroilluminato-a-LED-bifacciale-1.jpg\" \/>\n\t<meta property=\"og:image:width\" content=\"1000\" \/>\n\t<meta property=\"og:image:height\" content=\"1002\" \/>\n\t<meta property=\"og:image:type\" content=\"image\/jpeg\" \/>\n<meta name=\"twitter:card\" content=\"summary_large_image\" \/>\n<meta name=\"twitter:label1\" content=\"Dur\u00e9e de lecture estim\u00e9e\" \/>\n\t<meta name=\"twitter:data1\" content=\"3 minutes\" \/>\n<script type=\"application\/ld+json\" class=\"yoast-schema-graph\">{\"@context\":\"https:\\\/\\\/schema.org\",\"@graph\":[{\"@type\":\"WebPage\",\"@id\":\"https:\\\/\\\/www.smartystore.it\\\/fr\\\/prodotto\\\/lightbox-autoportante-affiche-mince-avec-tissu-retroeclaire\\\/\",\"url\":\"https:\\\/\\\/www.smartystore.it\\\/fr\\\/prodotto\\\/lightbox-autoportante-affiche-mince-avec-tissu-retroeclaire\\\/\",\"name\":\"Pr\u00e9sentoir lumineux mince autoportant avec tissu r\u00e9tro\u00e9clair\u00e9 - Smarty Store\",\"isPartOf\":{\"@id\":\"https:\\\/\\\/www.smartystore.it\\\/fr\\\/#website\"},\"primaryImageOfPage\":{\"@id\":\"https:\\\/\\\/www.smartystore.it\\\/fr\\\/prodotto\\\/lightbox-autoportante-affiche-mince-avec-tissu-retroeclaire\\\/#primaryimage\"},\"image\":{\"@id\":\"https:\\\/\\\/www.smartystore.it\\\/fr\\\/prodotto\\\/lightbox-autoportante-affiche-mince-avec-tissu-retroeclaire\\\/#primaryimage\"},\"thumbnailUrl\":\"https:\\\/\\\/www.smartystore.it\\\/v25\\\/wp-content\\\/uploads\\\/2023\\\/04\\\/Totem-Espositore-Lightbox-Slim-Autoportante-con-tessuto-retroilluminato-a-LED-bifacciale-1.jpg\",\"datePublished\":\"2023-04-20T13:49:23+00:00\",\"dateModified\":\"2026-01-31T11:30:54+00:00\",\"description\":\"Pr\u00e9sentoir lumineux mince autoportant avec tissu r\u00e9tro\u00e9clair\u00e9 par LED 100x200 et 100x250. Assemblage facile sans outils\",\"breadcrumb\":{\"@id\":\"https:\\\/\\\/www.smartystore.it\\\/fr\\\/prodotto\\\/lightbox-autoportante-affiche-mince-avec-tissu-retroeclaire\\\/#breadcrumb\"},\"inLanguage\":\"fr-FR\",\"potentialAction\":[{\"@type\":\"ReadAction\",\"target\":[\"https:\\\/\\\/www.smartystore.it\\\/fr\\\/prodotto\\\/lightbox-autoportante-affiche-mince-avec-tissu-retroeclaire\\\/\"]}]},{\"@type\":\"ImageObject\",\"inLanguage\":\"fr-FR\",\"@id\":\"https:\\\/\\\/www.smartystore.it\\\/fr\\\/prodotto\\\/lightbox-autoportante-affiche-mince-avec-tissu-retroeclaire\\\/#primaryimage\",\"url\":\"https:\\\/\\\/www.smartystore.it\\\/v25\\\/wp-content\\\/uploads\\\/2023\\\/04\\\/Totem-Espositore-Lightbox-Slim-Autoportante-con-tessuto-retroilluminato-a-LED-bifacciale-1.jpg\",\"contentUrl\":\"https:\\\/\\\/www.smartystore.it\\\/v25\\\/wp-content\\\/uploads\\\/2023\\\/04\\\/Totem-Espositore-Lightbox-Slim-Autoportante-con-tessuto-retroilluminato-a-LED-bifacciale-1.jpg\",\"width\":1000,\"height\":1002,\"caption\":\"Totem Espositore Lightbox Slim Autoportante con tessuto retroilluminato a LED bifacciale\"},{\"@type\":\"BreadcrumbList\",\"@id\":\"https:\\\/\\\/www.smartystore.it\\\/fr\\\/prodotto\\\/lightbox-autoportante-affiche-mince-avec-tissu-retroeclaire\\\/#breadcrumb\",\"itemListElement\":[{\"@type\":\"ListItem\",\"position\":1,\"name\":\"Home\",\"item\":\"https:\\\/\\\/www.smartystore.it\\\/fr\\\/\"},{\"@type\":\"ListItem\",\"position\":2,\"name\":\"Boutique\",\"item\":\"https:\\\/\\\/www.smartystore.it\\\/fr\\\/boutique\\\/\"},{\"@type\":\"ListItem\",\"position\":3,\"name\":\"Pr\u00e9sentoir lumineux mince autoportant avec tissu r\u00e9tro\u00e9clair\u00e9\"}]},{\"@type\":\"WebSite\",\"@id\":\"https:\\\/\\\/www.smartystore.it\\\/fr\\\/#website\",\"url\":\"https:\\\/\\\/www.smartystore.it\\\/fr\\\/\",\"name\":\"Smarty Store\",\"description\":\"Espositori Pubblicitari e Sistemi di Comunicazione Visiva\",\"potentialAction\":[{\"@type\":\"SearchAction\",\"target\":{\"@type\":\"EntryPoint\",\"urlTemplate\":\"https:\\\/\\\/www.smartystore.it\\\/fr\\\/?s={search_term_string}\"},\"query-input\":{\"@type\":\"PropertyValueSpecification\",\"valueRequired\":true,\"valueName\":\"search_term_string\"}}],\"inLanguage\":\"fr-FR\"}]}<\/script>\n<!-- \/ Yoast SEO plugin. -->","yoast_head_json":{"title":"Pr\u00e9sentoir lumineux mince autoportant avec tissu r\u00e9tro\u00e9clair\u00e9 - Smarty Store","description":"Pr\u00e9sentoir lumineux mince autoportant avec tissu r\u00e9tro\u00e9clair\u00e9 par LED 100x200 et 100x250. Assemblage facile sans outils","robots":{"index":"index","follow":"follow","max-snippet":"max-snippet:-1","max-image-preview":"max-image-preview:large","max-video-preview":"max-video-preview:-1"},"canonical":"https:\/\/www.smartystore.it\/fr\/prodotto\/lightbox-autoportante-affiche-mince-avec-tissu-retroeclaire\/","og_locale":"fr_FR","og_type":"article","og_title":"Pr\u00e9sentoir lumineux mince autoportant avec tissu r\u00e9tro\u00e9clair\u00e9 - Smarty Store","og_description":"Pr\u00e9sentoir lumineux mince autoportant avec tissu r\u00e9tro\u00e9clair\u00e9 par LED 100x200 et 100x250. Assemblage facile sans outils","og_url":"https:\/\/www.smartystore.it\/fr\/prodotto\/lightbox-autoportante-affiche-mince-avec-tissu-retroeclaire\/","og_site_name":"Smarty Store","article_modified_time":"2026-01-31T11:30:54+00:00","og_image":[{"width":1000,"height":1002,"url":"https:\/\/www.smartystore.it\/v25\/wp-content\/uploads\/2023\/04\/Totem-Espositore-Lightbox-Slim-Autoportante-con-tessuto-retroilluminato-a-LED-bifacciale-1.jpg","type":"image\/jpeg"}],"twitter_card":"summary_large_image","twitter_misc":{"Dur\u00e9e de lecture estim\u00e9e":"3 minutes"},"schema":{"@context":"https:\/\/schema.org","@graph":[{"@type":"WebPage","@id":"https:\/\/www.smartystore.it\/fr\/prodotto\/lightbox-autoportante-affiche-mince-avec-tissu-retroeclaire\/","url":"https:\/\/www.smartystore.it\/fr\/prodotto\/lightbox-autoportante-affiche-mince-avec-tissu-retroeclaire\/","name":"Pr\u00e9sentoir lumineux mince autoportant avec tissu r\u00e9tro\u00e9clair\u00e9 - Smarty Store","isPartOf":{"@id":"https:\/\/www.smartystore.it\/fr\/#website"},"primaryImageOfPage":{"@id":"https:\/\/www.smartystore.it\/fr\/prodotto\/lightbox-autoportante-affiche-mince-avec-tissu-retroeclaire\/#primaryimage"},"image":{"@id":"https:\/\/www.smartystore.it\/fr\/prodotto\/lightbox-autoportante-affiche-mince-avec-tissu-retroeclaire\/#primaryimage"},"thumbnailUrl":"https:\/\/www.smartystore.it\/v25\/wp-content\/uploads\/2023\/04\/Totem-Espositore-Lightbox-Slim-Autoportante-con-tessuto-retroilluminato-a-LED-bifacciale-1.jpg","datePublished":"2023-04-20T13:49:23+00:00","dateModified":"2026-01-31T11:30:54+00:00","description":"Pr\u00e9sentoir lumineux mince autoportant avec tissu r\u00e9tro\u00e9clair\u00e9 par LED 100x200 et 100x250. Assemblage facile sans outils","breadcrumb":{"@id":"https:\/\/www.smartystore.it\/fr\/prodotto\/lightbox-autoportante-affiche-mince-avec-tissu-retroeclaire\/#breadcrumb"},"inLanguage":"fr-FR","potentialAction":[{"@type":"ReadAction","target":["https:\/\/www.smartystore.it\/fr\/prodotto\/lightbox-autoportante-affiche-mince-avec-tissu-retroeclaire\/"]}]},{"@type":"ImageObject","inLanguage":"fr-FR","@id":"https:\/\/www.smartystore.it\/fr\/prodotto\/lightbox-autoportante-affiche-mince-avec-tissu-retroeclaire\/#primaryimage","url":"https:\/\/www.smartystore.it\/v25\/wp-content\/uploads\/2023\/04\/Totem-Espositore-Lightbox-Slim-Autoportante-con-tessuto-retroilluminato-a-LED-bifacciale-1.jpg","contentUrl":"https:\/\/www.smartystore.it\/v25\/wp-content\/uploads\/2023\/04\/Totem-Espositore-Lightbox-Slim-Autoportante-con-tessuto-retroilluminato-a-LED-bifacciale-1.jpg","width":1000,"height":1002,"caption":"Totem Espositore Lightbox Slim Autoportante con tessuto retroilluminato a LED bifacciale"},{"@type":"BreadcrumbList","@id":"https:\/\/www.smartystore.it\/fr\/prodotto\/lightbox-autoportante-affiche-mince-avec-tissu-retroeclaire\/#breadcrumb","itemListElement":[{"@type":"ListItem","position":1,"name":"Home","item":"https:\/\/www.smartystore.it\/fr\/"},{"@type":"ListItem","position":2,"name":"Boutique","item":"https:\/\/www.smartystore.it\/fr\/boutique\/"},{"@type":"ListItem","position":3,"name":"Pr\u00e9sentoir lumineux mince autoportant avec tissu r\u00e9tro\u00e9clair\u00e9"}]},{"@type":"WebSite","@id":"https:\/\/www.smartystore.it\/fr\/#website","url":"https:\/\/www.smartystore.it\/fr\/","name":"Smarty Store","description":"Espositori Pubblicitari e Sistemi di Comunicazione Visiva","potentialAction":[{"@type":"SearchAction","target":{"@type":"EntryPoint","urlTemplate":"https:\/\/www.smartystore.it\/fr\/?s={search_term_string}"},"query-input":{"@type":"PropertyValueSpecification","valueRequired":true,"valueName":"search_term_string"}}],"inLanguage":"fr-FR"}]}},"brands":[],"_links":{"self":[{"href":"https:\/\/www.smartystore.it\/fr\/wp-json\/wp\/v2\/product\/96577","targetHints":{"allow":["GET"]}}],"collection":[{"href":"https:\/\/www.smartystore.it\/fr\/wp-json\/wp\/v2\/product"}],"about":[{"href":"https:\/\/www.smartystore.it\/fr\/wp-json\/wp\/v2\/types\/product"}],"replies":[{"embeddable":true,"href":"https:\/\/www.smartystore.it\/fr\/wp-json\/wp\/v2\/comments?post=96577"}],"wp:featuredmedia":[{"embeddable":true,"href":"https:\/\/www.smartystore.it\/fr\/wp-json\/wp\/v2\/media\/96938"}],"wp:attachment":[{"href":"https:\/\/www.smartystore.it\/fr\/wp-json\/wp\/v2\/media?parent=96577"}],"wp:term":[{"taxonomy":"pwb-brand","embeddable":true,"href":"https:\/\/www.smartystore.it\/fr\/wp-json\/wp\/v2\/pwb-brand?post=96577"},{"taxonomy":"product_brand","embeddable":true,"href":"https:\/\/www.smartystore.it\/fr\/wp-json\/wp\/v2\/product_brand?post=96577"},{"taxonomy":"product_cat","embeddable":true,"href":"https:\/\/www.smartystore.it\/fr\/wp-json\/wp\/v2\/product_cat?post=96577"},{"taxonomy":"product_tag","embeddable":true,"href":"https:\/\/www.smartystore.it\/fr\/wp-json\/wp\/v2\/product_tag?post=96577"}],"curies":[{"name":"wp","href":"https:\/\/api.w.org\/{rel}","templated":true}]}}