{"id":96538,"date":"2025-12-05T12:23:01","date_gmt":"2025-12-05T10:23:01","guid":{"rendered":"https:\/\/www.smartystore.it\/?post_type=product&#038;p=96538"},"modified":"2026-01-30T16:26:34","modified_gmt":"2026-01-30T14:26:34","slug":"ruban-a-rideau-colonne-noire-avec-ruban-jaune-noir","status":"publish","type":"product","link":"https:\/\/www.smartystore.it\/fr\/prodotto\/ruban-a-rideau-colonne-noire-avec-ruban-jaune-noir\/","title":{"rendered":"Colonne de marquage NOIRE avec 5 m\u00e8tres de ruban jaune\/noir"},"content":{"rendered":"<div class=\"wpb-content-wrapper\"><p>[vc_row][vc_column][vc_column_text css=\u00a0\u00bb\u00a0\u00bb css_params=\u00a0\u00bb\u00a0\u00bb]<\/p>\n<h2>Ruban \u00e0 Rideau Colonne NOIRE avec Ruban Jaune\/Noir<\/h2>\n<p>La Ruban \u00e0 Rideau Colonne NOIRE avec Ruban Jaune\/Noir est une solution \u00e9l\u00e9gante et fonctionnelle pour la gestion de l&rsquo;espace dans les contextes publics et priv\u00e9s. R\u00e9alis\u00e9e en acier satin\u00e9 bross\u00e9 avec une finition raffin\u00e9e en peinture noire mate, cette borne s&rsquo;int\u00e8gre parfaitement dans les environnements modernes et professionnels.<\/p>\n<p>Le <strong>ruban jaune\/noir<\/strong>, d&rsquo;une <strong>longueur d&rsquo;environ<\/strong> 5 <strong>m\u00e8tres<\/strong> et d&rsquo;une hauteur de 5 cm, est durable et tr\u00e8s visible, ce qui permet de d\u00e9limiter clairement les zones. Le m\u00e9canisme d&rsquo;enroulement automatique permet une utilisation facile et s\u00fbre, tandis que le clip de verrouillage et les trois crochets de r\u00e9ception offrent une s\u00e9curit\u00e9 suppl\u00e9mentaire.<\/p>\n<p>Avec un diam\u00e8tre de base de 36 cm et un poteau de 7,7 cm, le poteau atteint une hauteur totale de 101 cm. Le poids total de 10 kg conf\u00e8re \u00e0 la colonne une plus grande stabilit\u00e9, ce qui la rend id\u00e9ale pour les environnements tr\u00e8s fr\u00e9quent\u00e9s ou les situations o\u00f9 une d\u00e9marcation temporaire et s\u00fbre est n\u00e9cessaire.<\/p>\n<h3>CARACT\u00c9RISTIQUES<\/h3>\n<ul>\n<li>Colonne de balisage en acier bross\u00e9 noir mat.<\/li>\n<li>Ruban jaune\/noir : L 5 m\u00e8tres environ &#8211; H 5 cm.<\/li>\n<li>Enrouleur avec m\u00e9canisme d&rsquo;auto-freinage avec clip de verrouillage de s\u00e9curit\u00e9 et trois crochets de r\u00e9ception.<\/li>\n<li>Base avec couvercle en acier \u00d8 36 cm, colonne \u00d8 7,7 cm, hauteur de la colonne 101 cm.<\/li>\n<li>Poids total de la colonne : 10 kg &#8211; Le poids assure une plus grande stabilit\u00e9.<\/li>\n<li>Le co\u00fbt se r\u00e9f\u00e8re \u00e0 une colonne compl\u00e8te avec un classeur \u00e0 ruban jaune\/noir.<\/li>\n<\/ul>\n<p><a href=\"https:\/\/www.smartystore.it\/v25\/wp-content\/uploads\/2025\/11\/STR-STOP580.pdf\" target=\"_blank\" rel=\"noopener\"><img loading=\"lazy\" decoding=\"async\" class=\"alignnone size-full wp-image-93672\" src=\"https:\/\/www.smartystore.it\/v25\/wp-content\/uploads\/2023\/11\/LogoDownload_yellow.jpg\" alt=\"\" width=\"50\" height=\"50\"><\/a> <a href=\"https:\/\/www.smartystore.it\/v25\/wp-content\/uploads\/2025\/11\/STR-STOP580.pdf\" target=\"_blank\" rel=\"noopener\"><strong>FICHE TECHNIQUE<\/strong><\/a>[\/vc_column_text][\/vc_column][\/vc_row]<\/p>\n<\/div>","protected":false},"excerpt":{"rendered":"<p>Colonne en acier noir satin\u00e9 et ruban enrouleur jaune\/noir de 5 m\u00e8tres.<\/p>\n<p>&nbsp;<\/p>\n","protected":false},"featured_media":96541,"comment_status":"open","ping_status":"closed","template":"","meta":{"_acf_changed":false},"pwb-brand":[],"product_brand":[],"product_cat":[3676,3079,3078],"product_tag":[4259,4258,6085,6086,4260],"class_list":{"0":"post-96538","1":"product","2":"type-product","3":"status-publish","4":"has-post-thumbnail","6":"product_cat-balises-ditineraire-speciales","7":"product_cat-poteau-de-separation-fr","8":"product_cat-poteau-de-separation","9":"product_tag-balisage-des-sentiers","10":"product_tag-colonne-de-marquage","11":"product_tag-colonne-de-tension-de-5-metres","12":"product_tag-colonne-de-tension-de-ruban-flexible-5-metres","13":"product_tag-traceur-de-piste-noir","14":"pa_c2c_color-noir-jaune","15":"pa_c2c_dimensione-5-metres","16":"pa_c2c_trovraprezzi-oui","18":"first","19":"instock","20":"taxable","21":"shipping-taxable","22":"purchasable","23":"product-type-simple"},"acf":[],"yoast_head":"<!-- This site is optimized with the Yoast SEO plugin v27.4 - https:\/\/yoast.com\/product\/yoast-seo-wordpress\/ -->\n<title>Colonne de marquage NOIRE avec 5 m\u00e8tres de ruban jaune\/noir - Smarty Store<\/title>\n<meta name=\"description\" content=\"Ruban \u00e0 Rideau Colonne NOIRE avec Ruban Jaune\/Noir. Colonne noire avec ruban adh\u00e9sif noir et jaune de 5 m\u00e8tres. Cr\u00e9ez votre propre itin\u00e9raire.\" \/>\n<meta name=\"robots\" content=\"index, follow, max-snippet:-1, max-image-preview:large, max-video-preview:-1\" \/>\n<link rel=\"canonical\" href=\"https:\/\/www.smartystore.it\/fr\/prodotto\/ruban-a-rideau-colonne-noire-avec-ruban-jaune-noir\/\" \/>\n<meta property=\"og:locale\" content=\"fr_FR\" \/>\n<meta property=\"og:type\" content=\"article\" \/>\n<meta property=\"og:title\" content=\"Colonne de marquage NOIRE avec 5 m\u00e8tres de ruban jaune\/noir - Smarty Store\" \/>\n<meta property=\"og:description\" content=\"Ruban \u00e0 Rideau Colonne NOIRE avec Ruban Jaune\/Noir. Colonne noire avec ruban adh\u00e9sif noir et jaune de 5 m\u00e8tres. Cr\u00e9ez votre propre itin\u00e9raire.\" \/>\n<meta property=\"og:url\" content=\"https:\/\/www.smartystore.it\/fr\/prodotto\/ruban-a-rideau-colonne-noire-avec-ruban-jaune-noir\/\" \/>\n<meta property=\"og:site_name\" content=\"Smarty Store\" \/>\n<meta property=\"article:modified_time\" content=\"2026-01-30T14:26:34+00:00\" \/>\n<meta property=\"og:image\" content=\"https:\/\/www.smartystore.it\/v25\/wp-content\/uploads\/2025\/12\/Colonnina-segna-percorso-nera-con-nastro-giallo-nero-di-5-metri.jpg\" \/>\n\t<meta property=\"og:image:width\" content=\"1000\" \/>\n\t<meta property=\"og:image:height\" content=\"1000\" \/>\n\t<meta property=\"og:image:type\" content=\"image\/jpeg\" \/>\n<meta name=\"twitter:card\" content=\"summary_large_image\" \/>\n<meta name=\"twitter:label1\" content=\"Dur\u00e9e de lecture estim\u00e9e\" \/>\n\t<meta name=\"twitter:data1\" content=\"2 minutes\" \/>\n<script type=\"application\/ld+json\" class=\"yoast-schema-graph\">{\"@context\":\"https:\\\/\\\/schema.org\",\"@graph\":[{\"@type\":\"WebPage\",\"@id\":\"https:\\\/\\\/www.smartystore.it\\\/fr\\\/prodotto\\\/ruban-a-rideau-colonne-noire-avec-ruban-jaune-noir\\\/\",\"url\":\"https:\\\/\\\/www.smartystore.it\\\/fr\\\/prodotto\\\/ruban-a-rideau-colonne-noire-avec-ruban-jaune-noir\\\/\",\"name\":\"Colonne de marquage NOIRE avec 5 m\u00e8tres de ruban jaune\\\/noir - Smarty Store\",\"isPartOf\":{\"@id\":\"https:\\\/\\\/www.smartystore.it\\\/fr\\\/#website\"},\"primaryImageOfPage\":{\"@id\":\"https:\\\/\\\/www.smartystore.it\\\/fr\\\/prodotto\\\/ruban-a-rideau-colonne-noire-avec-ruban-jaune-noir\\\/#primaryimage\"},\"image\":{\"@id\":\"https:\\\/\\\/www.smartystore.it\\\/fr\\\/prodotto\\\/ruban-a-rideau-colonne-noire-avec-ruban-jaune-noir\\\/#primaryimage\"},\"thumbnailUrl\":\"https:\\\/\\\/www.smartystore.it\\\/v25\\\/wp-content\\\/uploads\\\/2025\\\/12\\\/Colonnina-segna-percorso-nera-con-nastro-giallo-nero-di-5-metri.jpg\",\"datePublished\":\"2025-12-05T10:23:01+00:00\",\"dateModified\":\"2026-01-30T14:26:34+00:00\",\"description\":\"Ruban \u00e0 Rideau Colonne NOIRE avec Ruban Jaune\\\/Noir. Colonne noire avec ruban adh\u00e9sif noir et jaune de 5 m\u00e8tres. Cr\u00e9ez votre propre itin\u00e9raire.\",\"breadcrumb\":{\"@id\":\"https:\\\/\\\/www.smartystore.it\\\/fr\\\/prodotto\\\/ruban-a-rideau-colonne-noire-avec-ruban-jaune-noir\\\/#breadcrumb\"},\"inLanguage\":\"fr-FR\",\"potentialAction\":[{\"@type\":\"ReadAction\",\"target\":[\"https:\\\/\\\/www.smartystore.it\\\/fr\\\/prodotto\\\/ruban-a-rideau-colonne-noire-avec-ruban-jaune-noir\\\/\"]}]},{\"@type\":\"ImageObject\",\"inLanguage\":\"fr-FR\",\"@id\":\"https:\\\/\\\/www.smartystore.it\\\/fr\\\/prodotto\\\/ruban-a-rideau-colonne-noire-avec-ruban-jaune-noir\\\/#primaryimage\",\"url\":\"https:\\\/\\\/www.smartystore.it\\\/v25\\\/wp-content\\\/uploads\\\/2025\\\/12\\\/Colonnina-segna-percorso-nera-con-nastro-giallo-nero-di-5-metri.jpg\",\"contentUrl\":\"https:\\\/\\\/www.smartystore.it\\\/v25\\\/wp-content\\\/uploads\\\/2025\\\/12\\\/Colonnina-segna-percorso-nera-con-nastro-giallo-nero-di-5-metri.jpg\",\"width\":1000,\"height\":1000,\"caption\":\"Ruban \u00e0 Rideau Colonne NOIRE avec Ruban Jaune\\\/Noir\"},{\"@type\":\"BreadcrumbList\",\"@id\":\"https:\\\/\\\/www.smartystore.it\\\/fr\\\/prodotto\\\/ruban-a-rideau-colonne-noire-avec-ruban-jaune-noir\\\/#breadcrumb\",\"itemListElement\":[{\"@type\":\"ListItem\",\"position\":1,\"name\":\"Home\",\"item\":\"https:\\\/\\\/www.smartystore.it\\\/fr\\\/\"},{\"@type\":\"ListItem\",\"position\":2,\"name\":\"Boutique\",\"item\":\"https:\\\/\\\/www.smartystore.it\\\/fr\\\/boutique\\\/\"},{\"@type\":\"ListItem\",\"position\":3,\"name\":\"Colonne de marquage NOIRE avec 5 m\u00e8tres de ruban jaune\\\/noir\"}]},{\"@type\":\"WebSite\",\"@id\":\"https:\\\/\\\/www.smartystore.it\\\/fr\\\/#website\",\"url\":\"https:\\\/\\\/www.smartystore.it\\\/fr\\\/\",\"name\":\"Smarty Store\",\"description\":\"Espositori Pubblicitari e Sistemi di Comunicazione Visiva\",\"potentialAction\":[{\"@type\":\"SearchAction\",\"target\":{\"@type\":\"EntryPoint\",\"urlTemplate\":\"https:\\\/\\\/www.smartystore.it\\\/fr\\\/?s={search_term_string}\"},\"query-input\":{\"@type\":\"PropertyValueSpecification\",\"valueRequired\":true,\"valueName\":\"search_term_string\"}}],\"inLanguage\":\"fr-FR\"}]}<\/script>\n<!-- \/ Yoast SEO plugin. -->","yoast_head_json":{"title":"Colonne de marquage NOIRE avec 5 m\u00e8tres de ruban jaune\/noir - Smarty Store","description":"Ruban \u00e0 Rideau Colonne NOIRE avec Ruban Jaune\/Noir. Colonne noire avec ruban adh\u00e9sif noir et jaune de 5 m\u00e8tres. Cr\u00e9ez votre propre itin\u00e9raire.","robots":{"index":"index","follow":"follow","max-snippet":"max-snippet:-1","max-image-preview":"max-image-preview:large","max-video-preview":"max-video-preview:-1"},"canonical":"https:\/\/www.smartystore.it\/fr\/prodotto\/ruban-a-rideau-colonne-noire-avec-ruban-jaune-noir\/","og_locale":"fr_FR","og_type":"article","og_title":"Colonne de marquage NOIRE avec 5 m\u00e8tres de ruban jaune\/noir - Smarty Store","og_description":"Ruban \u00e0 Rideau Colonne NOIRE avec Ruban Jaune\/Noir. Colonne noire avec ruban adh\u00e9sif noir et jaune de 5 m\u00e8tres. Cr\u00e9ez votre propre itin\u00e9raire.","og_url":"https:\/\/www.smartystore.it\/fr\/prodotto\/ruban-a-rideau-colonne-noire-avec-ruban-jaune-noir\/","og_site_name":"Smarty Store","article_modified_time":"2026-01-30T14:26:34+00:00","og_image":[{"width":1000,"height":1000,"url":"https:\/\/www.smartystore.it\/v25\/wp-content\/uploads\/2025\/12\/Colonnina-segna-percorso-nera-con-nastro-giallo-nero-di-5-metri.jpg","type":"image\/jpeg"}],"twitter_card":"summary_large_image","twitter_misc":{"Dur\u00e9e de lecture estim\u00e9e":"2 minutes"},"schema":{"@context":"https:\/\/schema.org","@graph":[{"@type":"WebPage","@id":"https:\/\/www.smartystore.it\/fr\/prodotto\/ruban-a-rideau-colonne-noire-avec-ruban-jaune-noir\/","url":"https:\/\/www.smartystore.it\/fr\/prodotto\/ruban-a-rideau-colonne-noire-avec-ruban-jaune-noir\/","name":"Colonne de marquage NOIRE avec 5 m\u00e8tres de ruban jaune\/noir - Smarty Store","isPartOf":{"@id":"https:\/\/www.smartystore.it\/fr\/#website"},"primaryImageOfPage":{"@id":"https:\/\/www.smartystore.it\/fr\/prodotto\/ruban-a-rideau-colonne-noire-avec-ruban-jaune-noir\/#primaryimage"},"image":{"@id":"https:\/\/www.smartystore.it\/fr\/prodotto\/ruban-a-rideau-colonne-noire-avec-ruban-jaune-noir\/#primaryimage"},"thumbnailUrl":"https:\/\/www.smartystore.it\/v25\/wp-content\/uploads\/2025\/12\/Colonnina-segna-percorso-nera-con-nastro-giallo-nero-di-5-metri.jpg","datePublished":"2025-12-05T10:23:01+00:00","dateModified":"2026-01-30T14:26:34+00:00","description":"Ruban \u00e0 Rideau Colonne NOIRE avec Ruban Jaune\/Noir. Colonne noire avec ruban adh\u00e9sif noir et jaune de 5 m\u00e8tres. Cr\u00e9ez votre propre itin\u00e9raire.","breadcrumb":{"@id":"https:\/\/www.smartystore.it\/fr\/prodotto\/ruban-a-rideau-colonne-noire-avec-ruban-jaune-noir\/#breadcrumb"},"inLanguage":"fr-FR","potentialAction":[{"@type":"ReadAction","target":["https:\/\/www.smartystore.it\/fr\/prodotto\/ruban-a-rideau-colonne-noire-avec-ruban-jaune-noir\/"]}]},{"@type":"ImageObject","inLanguage":"fr-FR","@id":"https:\/\/www.smartystore.it\/fr\/prodotto\/ruban-a-rideau-colonne-noire-avec-ruban-jaune-noir\/#primaryimage","url":"https:\/\/www.smartystore.it\/v25\/wp-content\/uploads\/2025\/12\/Colonnina-segna-percorso-nera-con-nastro-giallo-nero-di-5-metri.jpg","contentUrl":"https:\/\/www.smartystore.it\/v25\/wp-content\/uploads\/2025\/12\/Colonnina-segna-percorso-nera-con-nastro-giallo-nero-di-5-metri.jpg","width":1000,"height":1000,"caption":"Ruban \u00e0 Rideau Colonne NOIRE avec Ruban Jaune\/Noir"},{"@type":"BreadcrumbList","@id":"https:\/\/www.smartystore.it\/fr\/prodotto\/ruban-a-rideau-colonne-noire-avec-ruban-jaune-noir\/#breadcrumb","itemListElement":[{"@type":"ListItem","position":1,"name":"Home","item":"https:\/\/www.smartystore.it\/fr\/"},{"@type":"ListItem","position":2,"name":"Boutique","item":"https:\/\/www.smartystore.it\/fr\/boutique\/"},{"@type":"ListItem","position":3,"name":"Colonne de marquage NOIRE avec 5 m\u00e8tres de ruban jaune\/noir"}]},{"@type":"WebSite","@id":"https:\/\/www.smartystore.it\/fr\/#website","url":"https:\/\/www.smartystore.it\/fr\/","name":"Smarty Store","description":"Espositori Pubblicitari e Sistemi di Comunicazione Visiva","potentialAction":[{"@type":"SearchAction","target":{"@type":"EntryPoint","urlTemplate":"https:\/\/www.smartystore.it\/fr\/?s={search_term_string}"},"query-input":{"@type":"PropertyValueSpecification","valueRequired":true,"valueName":"search_term_string"}}],"inLanguage":"fr-FR"}]}},"brands":[],"_links":{"self":[{"href":"https:\/\/www.smartystore.it\/fr\/wp-json\/wp\/v2\/product\/96538","targetHints":{"allow":["GET"]}}],"collection":[{"href":"https:\/\/www.smartystore.it\/fr\/wp-json\/wp\/v2\/product"}],"about":[{"href":"https:\/\/www.smartystore.it\/fr\/wp-json\/wp\/v2\/types\/product"}],"replies":[{"embeddable":true,"href":"https:\/\/www.smartystore.it\/fr\/wp-json\/wp\/v2\/comments?post=96538"}],"wp:featuredmedia":[{"embeddable":true,"href":"https:\/\/www.smartystore.it\/fr\/wp-json\/wp\/v2\/media\/96541"}],"wp:attachment":[{"href":"https:\/\/www.smartystore.it\/fr\/wp-json\/wp\/v2\/media?parent=96538"}],"wp:term":[{"taxonomy":"pwb-brand","embeddable":true,"href":"https:\/\/www.smartystore.it\/fr\/wp-json\/wp\/v2\/pwb-brand?post=96538"},{"taxonomy":"product_brand","embeddable":true,"href":"https:\/\/www.smartystore.it\/fr\/wp-json\/wp\/v2\/product_brand?post=96538"},{"taxonomy":"product_cat","embeddable":true,"href":"https:\/\/www.smartystore.it\/fr\/wp-json\/wp\/v2\/product_cat?post=96538"},{"taxonomy":"product_tag","embeddable":true,"href":"https:\/\/www.smartystore.it\/fr\/wp-json\/wp\/v2\/product_tag?post=96538"}],"curies":[{"name":"wp","href":"https:\/\/api.w.org\/{rel}","templated":true}]}}