{"id":96225,"date":"2025-11-01T17:42:24","date_gmt":"2025-11-01T15:42:24","guid":{"rendered":"https:\/\/www.smartystore.it\/prodotto\/cadre-du-caisson-lumineux-avec-base-lestee\/"},"modified":"2026-02-17T18:00:35","modified_gmt":"2026-02-17T16:00:35","slug":"cadre-du-caisson-lumineux-avec-base-lestee","status":"publish","type":"product","link":"https:\/\/www.smartystore.it\/fr\/prodotto\/cadre-du-caisson-lumineux-avec-base-lestee\/","title":{"rendered":"Cadre du caisson lumineux avec base lest\u00e9e"},"content":{"rendered":"<div class=\"wpb-content-wrapper\"><p>[vc_row][vc_column][vc_column_text css=\u00a0\u00bb\u00a0\u00bb css_params=\u00a0\u00bb\u00a0\u00bb]<\/p>\n<h1>Caisson lumineux avec base lest\u00e9e : l&rsquo;avenir de la publicit\u00e9 visuelle<\/h1>\n<p>Le cadre Lightbox avec base lest\u00e9e repr\u00e9sente une solution innovante dans le domaine de la publicit\u00e9 ext\u00e9rieure, con\u00e7ue pour capter l&rsquo;attention des passants \u00e0 tout moment de la journ\u00e9e, m\u00eame apr\u00e8s la tomb\u00e9e de la nuit. Gr\u00e2ce \u00e0 ses <strong>panneaux lumineux double face<\/strong>, cette enseigne publicitaire moderne est id\u00e9ale pour promouvoir des \u00e9v\u00e9nements devant des magasins, des centres commerciaux, des mus\u00e9es, en assurant une visibilit\u00e9 constante et de qualit\u00e9. <\/p>\n<p>L&rsquo;<strong>\u00e9clairage LED<\/strong> utilis\u00e9 dans le cadre publicitaire illumine la surface avec une luminosit\u00e9 sup\u00e9rieure, garantissant une clart\u00e9 optimale des publicit\u00e9s, de jour comme de nuit. Cet aspect technique permet non seulement d&rsquo;accro\u00eetre l&rsquo;efficacit\u00e9 de la communication visuelle, mais aussi de r\u00e9aliser d&rsquo;importantes \u00e9conomies d&rsquo;\u00e9nergie par rapport aux sources d&rsquo;\u00e9clairage traditionnelles. L&rsquo;adoption de la technologie LED se traduit donc par un double avantage : une visibilit\u00e9 accrue et des co\u00fbts d&rsquo;exploitation r\u00e9duits.  <\/p>\n<h2>Cadre pour caisson lumineux avec base de lestage : actualisez votre impression en toute simplicit\u00e9<\/h2>\n<p>Une autre caract\u00e9ristique distinctive du cadre Lightbox est son impression sur un <strong>tissu extensible interchangeable<\/strong>, qui permet une personnalisation rapide et polyvalente de votre message publicitaire. Cette caract\u00e9ristique vous permet de maximiser l&rsquo;utilisation de la surface d&rsquo;affichage, en rendant votre publicit\u00e9 visible des deux c\u00f4t\u00e9s et en augmentant son impact visuel. En fait, l&rsquo;\u00e9lasticit\u00e9 du mat\u00e9riau permet de remplacer facilement les panneaux, ce qui facilite les mises \u00e0 jour fr\u00e9quentes en fonction des besoins promotionnels.  <\/p>\n<p>La robustesse de ce cadre est garantie par sa construction r\u00e9sistante aux intemp\u00e9ries. Il peut donc \u00eatre utilis\u00e9 \u00e0<strong>l&rsquo;ext\u00e9rieur<\/strong> dans des contextes tr\u00e8s vari\u00e9s : magasins et centres commerciaux, mus\u00e9es et espaces \u00e9v\u00e9nementiels. Ses applications sont multiples : il peut \u00eatre utilis\u00e9 lors d&rsquo;\u00e9v\u00e9nements sportifs, de concerts ou de festivals, mais aussi servir de panneau d&rsquo;entr\u00e9e efficace ou d&rsquo;\u00e9l\u00e9ment de communication dans les espaces de d\u00e9tente.  <\/p>\n<p>Un autre point fort du cadre Lightbox est sa base, qui est con\u00e7ue comme un <strong>r\u00e9servoir pouvant \u00eatre rempli d&rsquo;eau<\/strong>. Cette caract\u00e9ristique conf\u00e8re au cadre une stabilit\u00e9 qui l&#8217;emp\u00eache de basculer, m\u00eame en cas de vent ou de mauvaises conditions m\u00e9t\u00e9orologiques. La s\u00e9curit\u00e9 et la stabilit\u00e9 de votre publicit\u00e9 sont donc garanties. De plus, les <strong>roues int\u00e9gr\u00e9es<\/strong> et la<strong>poign\u00e9e ergonomique<\/strong> facilitent le transport et la manipulation de l&rsquo;enseigne, ce qui la rend tr\u00e8s pratique \u00e0 utiliser.   <\/p>\n<p>En conclusion, le cadre Lightbox avec base lest\u00e9e est un choix strat\u00e9gique pour ceux qui souhaitent am\u00e9liorer leur communication publicitaire en combinant esth\u00e9tique moderne, fonctionnalit\u00e9 et s\u00e9curit\u00e9.<\/p>\n<p>Le stand est disponible en deux tailles : 650x1000x80 mm et 850x1200x80 mm.<\/p>\n<p>&nbsp;<\/p>\n<h3>Caract\u00e9ristiques<\/h3>\n<ul>\n<li>Cadre double face en aluminium<\/li>\n<li>Personnalisation avec impression sur tissu extensible<\/li>\n<li>Base de support robuste en PVC pouvant \u00eatre remplie d&rsquo;eau<\/li>\n<li>Utilisation \u00e0 l&rsquo;int\u00e9rieur ou \u00e0 l&rsquo;ext\u00e9rieur<\/li>\n<li>Taille du cadre : cm. 85x120x8 ou 65x100x8<\/li>\n<li>Poids du plus petit cheval : Kg. 14,5<\/li>\n<li>Poids du plus grand support : Kg 18.5<\/li>\n<li>C\u00e2ble d&rsquo;alimentation : 3 m\u00e8tres<\/li>\n<\/ul>\n<p>Voir aussi d&rsquo;autres mod\u00e8les \u00e0 ce <a href=\"https:\/\/www.smartystore.it\/fr\/categoria-prodotto\/stands-publicitaires\/\">LIEN<\/a><\/p>\n<p>&nbsp;<\/p>\n<p><a href=\"https:\/\/www.smartystore.it\/v25\/wp-content\/uploads\/2025\/11\/SAD-CZL_scheda-tecnica-1.pdf\" target=\"_blank\" rel=\"noopener\"><img loading=\"lazy\" decoding=\"async\" class=\"alignnone size-full wp-image-93672\" src=\"https:\/\/www.smartystore.it\/v25\/wp-content\/uploads\/2023\/11\/LogoDownload_yellow.jpg\" alt=\"\" width=\"50\" height=\"50\"><\/a><strong>  <a href=\"https:\/\/www.smartystore.it\/v25\/wp-content\/uploads\/2025\/11\/SAD-CZL_scheda-tecnica-1.pdf\" target=\"_blank\" rel=\"noopener\">FICHE TECHNIQUE<\/a><\/strong><\/p>\n<p>&nbsp;<\/p>\n<p>[\/vc_column_text][\/vc_column][\/vc_row]<\/p>\n<\/div>","protected":false},"excerpt":{"rendered":"<p>Cadre du caisson lumineux avec \u00e9clairage LED, y compris l&rsquo;impression sur un tissu extensible durable. Base lest\u00e9e avec roues et poign\u00e9e pour un d\u00e9placement facile. <\/p>\n","protected":false},"featured_media":96932,"comment_status":"open","ping_status":"closed","template":"","meta":{"_acf_changed":false},"pwb-brand":[],"product_brand":[],"product_cat":[2990,2991,2992,6100,3004],"product_tag":[6071,6066,6072,6069,6070,6068,6067],"class_list":{"0":"post-96225","1":"product","2":"type-product","3":"status-publish","4":"has-post-thumbnail","6":"product_cat-meubles-design-lumineux","7":"product_cat-meubles-lumineux","8":"product_cat-mobilier-de-jardin","9":"product_cat-presentoirs-en-tissu-caisson-lumineux","10":"product_cat-stands-publicitaires","11":"product_tag-cadre-double-face-pour-caisson-lumineux","12":"product_tag-cadre-du-caisson-lumineux-avec-base-lestee","13":"product_tag-cadre-leger-avec-base-lourde-pour-une-utilisation-en-exterieur","14":"product_tag-cadre-pour-caisson-lumineux-85x120","15":"product_tag-caisson-lumineux-65x100-avec-base-lestee","16":"product_tag-caisson-lumineux-exterieur-avec-base-lestee","17":"product_tag-caisson-lumineux-exterieur-double-face","18":"pa_c2c_base-base-lestee","19":"pa_c2c_dimensione-65x100-cm","20":"pa_c2c_dimensione-85x120-cm","21":"pa_c2c_trovraprezzi-oui","23":"first","24":"instock","25":"taxable","26":"shipping-taxable","27":"purchasable","28":"product-type-variable"},"acf":[],"yoast_head":"<!-- This site is optimized with the Yoast SEO plugin v27.4 - https:\/\/yoast.com\/product\/yoast-seo-wordpress\/ -->\n<title>Cadre du caisson lumineux avec base lest\u00e9e - Achetez au Meilleur Prix<\/title>\n<meta name=\"description\" content=\"Cadre caisson lumineux avec base lest\u00e9e avec \u00e9clairage LED double face, imprim\u00e9 sur tissu extensible. Base lest\u00e9e avec roues et poign\u00e9e\" \/>\n<meta name=\"robots\" content=\"index, follow, max-snippet:-1, max-image-preview:large, max-video-preview:-1\" \/>\n<link rel=\"canonical\" href=\"https:\/\/www.smartystore.it\/fr\/prodotto\/cadre-du-caisson-lumineux-avec-base-lestee\/\" \/>\n<meta property=\"og:locale\" content=\"fr_FR\" \/>\n<meta property=\"og:type\" content=\"article\" \/>\n<meta property=\"og:title\" content=\"Cadre du caisson lumineux avec base lest\u00e9e - Achetez au Meilleur Prix\" \/>\n<meta property=\"og:description\" content=\"Cadre caisson lumineux avec base lest\u00e9e avec \u00e9clairage LED double face, imprim\u00e9 sur tissu extensible. Base lest\u00e9e avec roues et poign\u00e9e\" \/>\n<meta property=\"og:url\" content=\"https:\/\/www.smartystore.it\/fr\/prodotto\/cadre-du-caisson-lumineux-avec-base-lestee\/\" \/>\n<meta property=\"og:site_name\" content=\"Smarty Store\" \/>\n<meta property=\"article:modified_time\" content=\"2026-02-17T16:00:35+00:00\" \/>\n<meta property=\"og:image\" content=\"https:\/\/www.smartystore.it\/v25\/wp-content\/uploads\/2025\/11\/Cornice-lightbox-con-base-zavorrabile-2.jpg\" \/>\n\t<meta property=\"og:image:width\" content=\"1000\" \/>\n\t<meta property=\"og:image:height\" content=\"1000\" \/>\n\t<meta property=\"og:image:type\" content=\"image\/jpeg\" \/>\n<meta name=\"twitter:card\" content=\"summary_large_image\" \/>\n<meta name=\"twitter:label1\" content=\"Dur\u00e9e de lecture estim\u00e9e\" \/>\n\t<meta name=\"twitter:data1\" content=\"3 minutes\" \/>\n<script type=\"application\/ld+json\" class=\"yoast-schema-graph\">{\"@context\":\"https:\\\/\\\/schema.org\",\"@graph\":[{\"@type\":\"WebPage\",\"@id\":\"https:\\\/\\\/www.smartystore.it\\\/fr\\\/prodotto\\\/cadre-du-caisson-lumineux-avec-base-lestee\\\/\",\"url\":\"https:\\\/\\\/www.smartystore.it\\\/fr\\\/prodotto\\\/cadre-du-caisson-lumineux-avec-base-lestee\\\/\",\"name\":\"Cadre du caisson lumineux avec base lest\u00e9e - Achetez au Meilleur Prix\",\"isPartOf\":{\"@id\":\"https:\\\/\\\/www.smartystore.it\\\/fr\\\/#website\"},\"primaryImageOfPage\":{\"@id\":\"https:\\\/\\\/www.smartystore.it\\\/fr\\\/prodotto\\\/cadre-du-caisson-lumineux-avec-base-lestee\\\/#primaryimage\"},\"image\":{\"@id\":\"https:\\\/\\\/www.smartystore.it\\\/fr\\\/prodotto\\\/cadre-du-caisson-lumineux-avec-base-lestee\\\/#primaryimage\"},\"thumbnailUrl\":\"https:\\\/\\\/www.smartystore.it\\\/v25\\\/wp-content\\\/uploads\\\/2025\\\/11\\\/Cornice-lightbox-con-base-zavorrabile-2.jpg\",\"datePublished\":\"2025-11-01T15:42:24+00:00\",\"dateModified\":\"2026-02-17T16:00:35+00:00\",\"description\":\"Cadre caisson lumineux avec base lest\u00e9e avec \u00e9clairage LED double face, imprim\u00e9 sur tissu extensible. Base lest\u00e9e avec roues et poign\u00e9e\",\"breadcrumb\":{\"@id\":\"https:\\\/\\\/www.smartystore.it\\\/fr\\\/prodotto\\\/cadre-du-caisson-lumineux-avec-base-lestee\\\/#breadcrumb\"},\"inLanguage\":\"fr-FR\",\"potentialAction\":[{\"@type\":\"ReadAction\",\"target\":[\"https:\\\/\\\/www.smartystore.it\\\/fr\\\/prodotto\\\/cadre-du-caisson-lumineux-avec-base-lestee\\\/\"]}]},{\"@type\":\"ImageObject\",\"inLanguage\":\"fr-FR\",\"@id\":\"https:\\\/\\\/www.smartystore.it\\\/fr\\\/prodotto\\\/cadre-du-caisson-lumineux-avec-base-lestee\\\/#primaryimage\",\"url\":\"https:\\\/\\\/www.smartystore.it\\\/v25\\\/wp-content\\\/uploads\\\/2025\\\/11\\\/Cornice-lightbox-con-base-zavorrabile-2.jpg\",\"contentUrl\":\"https:\\\/\\\/www.smartystore.it\\\/v25\\\/wp-content\\\/uploads\\\/2025\\\/11\\\/Cornice-lightbox-con-base-zavorrabile-2.jpg\",\"width\":1000,\"height\":1000,\"caption\":\"Cornice-lightbox-con-base-zavorrabile\"},{\"@type\":\"BreadcrumbList\",\"@id\":\"https:\\\/\\\/www.smartystore.it\\\/fr\\\/prodotto\\\/cadre-du-caisson-lumineux-avec-base-lestee\\\/#breadcrumb\",\"itemListElement\":[{\"@type\":\"ListItem\",\"position\":1,\"name\":\"Home\",\"item\":\"https:\\\/\\\/www.smartystore.it\\\/fr\\\/\"},{\"@type\":\"ListItem\",\"position\":2,\"name\":\"Boutique\",\"item\":\"https:\\\/\\\/www.smartystore.it\\\/fr\\\/boutique\\\/\"},{\"@type\":\"ListItem\",\"position\":3,\"name\":\"Cadre du caisson lumineux avec base lest\u00e9e\"}]},{\"@type\":\"WebSite\",\"@id\":\"https:\\\/\\\/www.smartystore.it\\\/fr\\\/#website\",\"url\":\"https:\\\/\\\/www.smartystore.it\\\/fr\\\/\",\"name\":\"Smarty Store\",\"description\":\"Espositori Pubblicitari e Sistemi di Comunicazione Visiva\",\"potentialAction\":[{\"@type\":\"SearchAction\",\"target\":{\"@type\":\"EntryPoint\",\"urlTemplate\":\"https:\\\/\\\/www.smartystore.it\\\/fr\\\/?s={search_term_string}\"},\"query-input\":{\"@type\":\"PropertyValueSpecification\",\"valueRequired\":true,\"valueName\":\"search_term_string\"}}],\"inLanguage\":\"fr-FR\"}]}<\/script>\n<!-- \/ Yoast SEO plugin. -->","yoast_head_json":{"title":"Cadre du caisson lumineux avec base lest\u00e9e - Achetez au Meilleur Prix","description":"Cadre caisson lumineux avec base lest\u00e9e avec \u00e9clairage LED double face, imprim\u00e9 sur tissu extensible. Base lest\u00e9e avec roues et poign\u00e9e","robots":{"index":"index","follow":"follow","max-snippet":"max-snippet:-1","max-image-preview":"max-image-preview:large","max-video-preview":"max-video-preview:-1"},"canonical":"https:\/\/www.smartystore.it\/fr\/prodotto\/cadre-du-caisson-lumineux-avec-base-lestee\/","og_locale":"fr_FR","og_type":"article","og_title":"Cadre du caisson lumineux avec base lest\u00e9e - Achetez au Meilleur Prix","og_description":"Cadre caisson lumineux avec base lest\u00e9e avec \u00e9clairage LED double face, imprim\u00e9 sur tissu extensible. Base lest\u00e9e avec roues et poign\u00e9e","og_url":"https:\/\/www.smartystore.it\/fr\/prodotto\/cadre-du-caisson-lumineux-avec-base-lestee\/","og_site_name":"Smarty Store","article_modified_time":"2026-02-17T16:00:35+00:00","og_image":[{"width":1000,"height":1000,"url":"https:\/\/www.smartystore.it\/v25\/wp-content\/uploads\/2025\/11\/Cornice-lightbox-con-base-zavorrabile-2.jpg","type":"image\/jpeg"}],"twitter_card":"summary_large_image","twitter_misc":{"Dur\u00e9e de lecture estim\u00e9e":"3 minutes"},"schema":{"@context":"https:\/\/schema.org","@graph":[{"@type":"WebPage","@id":"https:\/\/www.smartystore.it\/fr\/prodotto\/cadre-du-caisson-lumineux-avec-base-lestee\/","url":"https:\/\/www.smartystore.it\/fr\/prodotto\/cadre-du-caisson-lumineux-avec-base-lestee\/","name":"Cadre du caisson lumineux avec base lest\u00e9e - Achetez au Meilleur Prix","isPartOf":{"@id":"https:\/\/www.smartystore.it\/fr\/#website"},"primaryImageOfPage":{"@id":"https:\/\/www.smartystore.it\/fr\/prodotto\/cadre-du-caisson-lumineux-avec-base-lestee\/#primaryimage"},"image":{"@id":"https:\/\/www.smartystore.it\/fr\/prodotto\/cadre-du-caisson-lumineux-avec-base-lestee\/#primaryimage"},"thumbnailUrl":"https:\/\/www.smartystore.it\/v25\/wp-content\/uploads\/2025\/11\/Cornice-lightbox-con-base-zavorrabile-2.jpg","datePublished":"2025-11-01T15:42:24+00:00","dateModified":"2026-02-17T16:00:35+00:00","description":"Cadre caisson lumineux avec base lest\u00e9e avec \u00e9clairage LED double face, imprim\u00e9 sur tissu extensible. Base lest\u00e9e avec roues et poign\u00e9e","breadcrumb":{"@id":"https:\/\/www.smartystore.it\/fr\/prodotto\/cadre-du-caisson-lumineux-avec-base-lestee\/#breadcrumb"},"inLanguage":"fr-FR","potentialAction":[{"@type":"ReadAction","target":["https:\/\/www.smartystore.it\/fr\/prodotto\/cadre-du-caisson-lumineux-avec-base-lestee\/"]}]},{"@type":"ImageObject","inLanguage":"fr-FR","@id":"https:\/\/www.smartystore.it\/fr\/prodotto\/cadre-du-caisson-lumineux-avec-base-lestee\/#primaryimage","url":"https:\/\/www.smartystore.it\/v25\/wp-content\/uploads\/2025\/11\/Cornice-lightbox-con-base-zavorrabile-2.jpg","contentUrl":"https:\/\/www.smartystore.it\/v25\/wp-content\/uploads\/2025\/11\/Cornice-lightbox-con-base-zavorrabile-2.jpg","width":1000,"height":1000,"caption":"Cornice-lightbox-con-base-zavorrabile"},{"@type":"BreadcrumbList","@id":"https:\/\/www.smartystore.it\/fr\/prodotto\/cadre-du-caisson-lumineux-avec-base-lestee\/#breadcrumb","itemListElement":[{"@type":"ListItem","position":1,"name":"Home","item":"https:\/\/www.smartystore.it\/fr\/"},{"@type":"ListItem","position":2,"name":"Boutique","item":"https:\/\/www.smartystore.it\/fr\/boutique\/"},{"@type":"ListItem","position":3,"name":"Cadre du caisson lumineux avec base lest\u00e9e"}]},{"@type":"WebSite","@id":"https:\/\/www.smartystore.it\/fr\/#website","url":"https:\/\/www.smartystore.it\/fr\/","name":"Smarty Store","description":"Espositori Pubblicitari e Sistemi di Comunicazione Visiva","potentialAction":[{"@type":"SearchAction","target":{"@type":"EntryPoint","urlTemplate":"https:\/\/www.smartystore.it\/fr\/?s={search_term_string}"},"query-input":{"@type":"PropertyValueSpecification","valueRequired":true,"valueName":"search_term_string"}}],"inLanguage":"fr-FR"}]}},"brands":[],"_links":{"self":[{"href":"https:\/\/www.smartystore.it\/fr\/wp-json\/wp\/v2\/product\/96225","targetHints":{"allow":["GET"]}}],"collection":[{"href":"https:\/\/www.smartystore.it\/fr\/wp-json\/wp\/v2\/product"}],"about":[{"href":"https:\/\/www.smartystore.it\/fr\/wp-json\/wp\/v2\/types\/product"}],"replies":[{"embeddable":true,"href":"https:\/\/www.smartystore.it\/fr\/wp-json\/wp\/v2\/comments?post=96225"}],"wp:featuredmedia":[{"embeddable":true,"href":"https:\/\/www.smartystore.it\/fr\/wp-json\/wp\/v2\/media\/96932"}],"wp:attachment":[{"href":"https:\/\/www.smartystore.it\/fr\/wp-json\/wp\/v2\/media?parent=96225"}],"wp:term":[{"taxonomy":"pwb-brand","embeddable":true,"href":"https:\/\/www.smartystore.it\/fr\/wp-json\/wp\/v2\/pwb-brand?post=96225"},{"taxonomy":"product_brand","embeddable":true,"href":"https:\/\/www.smartystore.it\/fr\/wp-json\/wp\/v2\/product_brand?post=96225"},{"taxonomy":"product_cat","embeddable":true,"href":"https:\/\/www.smartystore.it\/fr\/wp-json\/wp\/v2\/product_cat?post=96225"},{"taxonomy":"product_tag","embeddable":true,"href":"https:\/\/www.smartystore.it\/fr\/wp-json\/wp\/v2\/product_tag?post=96225"}],"curies":[{"name":"wp","href":"https:\/\/api.w.org\/{rel}","templated":true}]}}