{"id":96167,"date":"2022-03-28T15:43:50","date_gmt":"2022-03-28T13:43:50","guid":{"rendered":"https:\/\/www.smartystore.it\/prodotto\/paire-de-montants-pour-panneaux-daffichage-exterieur-a-lamelles\/"},"modified":"2025-10-22T16:48:02","modified_gmt":"2025-10-22T14:48:02","slug":"paire-de-montants-pour-panneaux-daffichage-exterieur-a-lamelles","status":"publish","type":"product","link":"https:\/\/www.smartystore.it\/fr\/prodotto\/paire-de-montants-pour-panneaux-daffichage-exterieur-a-lamelles\/","title":{"rendered":"Paire de montants pour panneaux d&rsquo;affichage ext\u00e9rieur \u00e0 lamelles"},"content":{"rendered":"<div class=\"wpb-content-wrapper\"><p>[vc_row][vc_column][vc_column_text css=\u00a0\u00bb\u00a0\u00bb css_params=\u00a0\u00bb\u00a0\u00bb]<\/p>\n<h2>Paire de montants pour panneaux d&rsquo;affichage ext\u00e9rieur \u00e0 lamelles<\/h2>\n<p><span dir=\"auto\">La paire de poteaux de signalisation avec lattes est la <strong>solution id\u00e9ale pour le mobilier urbain<\/strong>, con\u00e7ue sp\u00e9cifiquement pour une installation \u00e0 l&rsquo;ext\u00e9rieur. Fabriqu\u00e9s enti\u00e8rement en aluminium, ces montants offrent non seulement une structure robuste et durable, mais sont \u00e9galement disponibles en deux couleurs \u00e9l\u00e9gantes : Gris argent\u00e9 et Gris gothique. Ces couleurs s&rsquo;int\u00e8grent parfaitement \u00e0 tout contexte architectural et offrent un <strong>aspect moderne et professionnel<\/strong>. <\/span><\/p>\n<p><span dir=\"auto\">Un aspect cl\u00e9 de ces montants est leur r\u00e9sistance aux intemp\u00e9ries, ce qui les rend parfaits pour une utilisation dans des environnements ext\u00e9rieurs. Qu&rsquo;il s&rsquo;agisse de panneaux d&rsquo;information ou de publicit\u00e9, les montants sont con\u00e7us pour soutenir tout type de communication visuelle, contribuant \u00e0 am\u00e9liorer l&rsquo;orientation et la signalisation dans les espaces publics tels que les parcs d&rsquo;entreprises, les sentiers p\u00e9destres ou les itin\u00e9raires t\u00e9l\u00e9matiques install\u00e9s \u00e0 l&rsquo;ext\u00e9rieur. <\/span><\/p>\n<h3>DIFF\u00c9RENTES TAILLES POUR CHAQUE SOLUTION :<\/h3>\n<p><span dir=\"auto\">Chaque poteau a une section ovale de 93&#215;63 mm et offre une vari\u00e9t\u00e9 d&rsquo;options en termes de hauteur, avec pas moins de sept tailles diff\u00e9rentes disponibles. Cette polyvalence permet d&rsquo;adapter les poteaux de signalisation \u00e0 des exigences urbaines ou sc\u00e9niques sp\u00e9cifiques. De plus, les montants sont \u00e9quip\u00e9s de rainures lat\u00e9rales qui facilitent l&rsquo;insertion et le glissement des bandes, ce qui permet de personnaliser rapidement et facilement la signalisation. L&rsquo;utilisation de capuchons en ABS permet de fixer le montant, ce qui augmente la s\u00e9curit\u00e9 et l&rsquo;esth\u00e9tique du produit. <\/span><\/p>\n<p><span dir=\"auto\">Chaque montant est \u00e9quip\u00e9 de deux profils multifonctionnels, qui jouent un double r\u00f4le : ils couvrent les rainures et servent d&rsquo;espaceurs entre les lattes, garantissant ainsi un aspect ordonn\u00e9 et professionnel. Cette conception soign\u00e9e permet non seulement d&rsquo;am\u00e9liorer l&rsquo;esth\u00e9tique, mais aussi d&rsquo;optimiser la fonctionnalit\u00e9 de la signal\u00e9tique. <\/span><\/p>\n<p><span dir=\"auto\">Lors de la commande, les clients peuvent choisir entre diff\u00e9rents types de base. Il est possible d&rsquo;opter pour des plaques d&rsquo;acier perfor\u00e9es de 10&#215;15 cm pour la fixation au sol ou pour des supports con\u00e7us pour l&rsquo;enfouissement, ce qui offre une plus grande flexibilit\u00e9 et une meilleure adaptabilit\u00e9 lors de l&rsquo;installation. <\/span><\/p>\n<p><span dir=\"auto\">En conclusion, la paire de montants pour panneaux de signalisation ext\u00e9rieure avec lattes est un excellent choix pour ceux qui souhaitent cr\u00e9er une signalisation efficace et de qualit\u00e9 dans les espaces ext\u00e9rieurs, en alliant esth\u00e9tique, fonctionnalit\u00e9 et durabilit\u00e9.<\/span><\/p>\n<p><strong>CARACT\u00c9RISTIQUES:<\/strong><\/p>\n<table style=\"width: 63.0702%; border-collapse: collapse; border-style: solid; border-color: #000000;\" border=\"1\">\n<tbody>\n<tr>\n<td style=\"width: 16.3713%; text-align: center;\"><strong>CODE PRODUIT<\/strong><\/td>\n<td style=\"width: 20.4219%; text-align: center;\"><strong>DIMENSIONS<\/strong><\/td>\n<td style=\"width: 22.5162%; text-align: center;\"><strong>TYPE DE BASE<\/strong><\/td>\n<\/tr>\n<tr>\n<td style=\"width: 16.3713%;\">STR-PSM100<\/td>\n<td style=\"width: 20.4219%; text-align: center;\">93 x 1000 x 63 mm.<\/td>\n<td style=\"width: 22.5162%; text-align: center;\">PLAQUES \/ SUPPORTS<\/td>\n<\/tr>\n<tr>\n<td style=\"width: 16.3713%;\">STR-PSM120<\/td>\n<td style=\"width: 20.4219%; text-align: center;\">93 x 1200 x 63 mm.<\/td>\n<td style=\"width: 22.5162%; text-align: center;\">PLAQUES \/ SUPPORTS<\/td>\n<\/tr>\n<tr>\n<td style=\"width: 16.3713%;\">STR-PSM150<\/td>\n<td style=\"width: 20.4219%; text-align: center;\">93 x 1500 x 63 mm.<\/td>\n<td style=\"width: 22.5162%; text-align: center;\">PLAQUES \/ SUPPORTS<\/td>\n<\/tr>\n<tr>\n<td style=\"width: 16.3713%;\">STR-PSM175<\/td>\n<td style=\"width: 20.4219%; text-align: center;\">93 x 1750 x 63 mm.<\/td>\n<td style=\"width: 22.5162%; text-align: center;\">PLAQUES \/ SUPPORTS<\/td>\n<\/tr>\n<tr>\n<td style=\"width: 16.3713%;\">STR-PSM200<\/td>\n<td style=\"width: 20.4219%; text-align: center;\">93 x 2000 x 63 mm.<\/td>\n<td style=\"width: 22.5162%; text-align: center;\">PLAQUES \/ SUPPORTS<\/td>\n<\/tr>\n<tr>\n<td style=\"width: 16.3713%;\">STR-PSM250<\/td>\n<td style=\"width: 20.4219%; text-align: center;\">93 x 2500 x 63 mm.<\/td>\n<td style=\"width: 22.5162%; text-align: center;\">PLAQUES \/ SUPPORTS<\/td>\n<\/tr>\n<tr>\n<td style=\"width: 16.3713%;\">STR-PSM300<\/td>\n<td style=\"width: 20.4219%; text-align: center;\">93 x 3000 x 63 mm.<\/td>\n<td style=\"width: 22.5162%; text-align: center;\">PLAQUES \/ SUPPORTS<\/td>\n<\/tr>\n<\/tbody>\n<\/table>\n<p>A utiliser en combinaison avec les bandes pour poteaux de signalisation ext\u00e9rieurs : <a href=\"https:\/\/www.smartystore.it\/?s=STR-PSL&amp;post_type=product&amp;dgwt_wcas=1&amp;lang=it\" target=\"_blank\" rel=\"noopener\"><strong>LINK<\/strong><\/a><\/p>\n<p><a href=\"https:\/\/www.smartystore.it\/v25\/wp-content\/uploads\/2022\/03\/STR-PSM-PSL.pdf\" target=\"_blank\" rel=\"noopener\"><img loading=\"lazy\" decoding=\"async\" class=\"alignnone size-full wp-image-93510\" src=\"https:\/\/www.smartystore.it\/v25\/wp-content\/uploads\/2014\/10\/SchedaTecnica-300-e1750084266903.png\" alt=\"\" width=\"249\" height=\"63\" \/><\/a><\/p>\n<p>D\u00e9lai de livraison : 4\/5 jours ouvrables \u00e0 compter de la confirmation de la commande\/du paiement.[\/vc_column_text][\/vc_column][\/vc_row]<\/p>\n<\/div>","protected":false},"excerpt":{"rendered":"<p>Paire de montants en aluminium pour la signalisation ext\u00e9rieure. Disponibles en gris gothique et argent et en sept hauteurs. Choix de la base, \u00e0 enterrer ou \u00e0 fixer au sol.<\/p>\n","protected":false},"featured_media":96168,"comment_status":"open","ping_status":"closed","template":"","meta":{"_acf_changed":false},"pwb-brand":[],"product_brand":[],"product_cat":[3672,3670],"product_tag":[6037,6039,6040,6038],"class_list":{"0":"post-96167","1":"product","2":"type-product","3":"status-publish","4":"has-post-thumbnail","6":"product_cat-signalisation-commerciale","7":"product_cat-signalisation-dentreprise","8":"product_tag-montants-pour-lattes","9":"product_tag-paire-de-poteaux-de-signalisation","10":"product_tag-paire-de-poteaux-de-signalisation-exterieure","11":"product_tag-poteaux-de-signalisation-exterieure","12":"pa_c2c_color-argent","13":"pa_c2c_color-gris-gothique","14":"pa_c2c_dimensione-120-cm-fr","15":"pa_c2c_dimensione-cm-100-fr-2","16":"pa_c2c_dimensione-cm-150-fr-2","17":"pa_c2c_dimensione-cm-175-fr","18":"pa_c2c_dimensione-cm-200-fr","19":"pa_c2c_dimensione-cm-250-fr","20":"pa_c2c_dimensione-cm-300-fr","21":"pa_c2c_montanti-pour-lenterrement","22":"pa_c2c_montanti-pour-la-fixation-au-sol","23":"pa_c2c_trovraprezzi-oui","25":"first","26":"instock","27":"taxable","28":"shipping-taxable","29":"purchasable","30":"product-type-variable"},"acf":[],"yoast_head":"<!-- This site is optimized with the Yoast SEO plugin v27.4 - https:\/\/yoast.com\/product\/yoast-seo-wordpress\/ -->\n<title>Paire de montants pour panneaux d&#039;affichage ext\u00e9rieur \u00e0 lamelles - Smarty Store<\/title>\n<meta name=\"description\" content=\"Paire de montants pour panneaux d&#039;affichage ext\u00e9rieur \u00e0 lamelles avec lamelles disponibles en gris gothique ou argent et en sept hauteurs.\" \/>\n<meta name=\"robots\" content=\"index, follow, max-snippet:-1, max-image-preview:large, max-video-preview:-1\" \/>\n<link rel=\"canonical\" href=\"https:\/\/www.smartystore.it\/fr\/prodotto\/paire-de-montants-pour-panneaux-daffichage-exterieur-a-lamelles\/\" \/>\n<meta property=\"og:locale\" content=\"fr_FR\" \/>\n<meta property=\"og:type\" content=\"article\" \/>\n<meta property=\"og:title\" content=\"Paire de montants pour panneaux d&#039;affichage ext\u00e9rieur \u00e0 lamelles - Smarty Store\" \/>\n<meta property=\"og:description\" content=\"Paire de montants pour panneaux d&#039;affichage ext\u00e9rieur \u00e0 lamelles avec lamelles disponibles en gris gothique ou argent et en sept hauteurs.\" \/>\n<meta property=\"og:url\" content=\"https:\/\/www.smartystore.it\/fr\/prodotto\/paire-de-montants-pour-panneaux-daffichage-exterieur-a-lamelles\/\" \/>\n<meta property=\"og:site_name\" content=\"Smarty Store\" \/>\n<meta property=\"article:modified_time\" content=\"2025-10-22T14:48:02+00:00\" \/>\n<meta property=\"og:image\" content=\"https:\/\/www.smartystore.it\/v25\/wp-content\/uploads\/2022\/03\/Coppia-montanti-piantana-per-segnaletica-da-esterno.jpg\" \/>\n\t<meta property=\"og:image:width\" content=\"1000\" \/>\n\t<meta property=\"og:image:height\" content=\"1000\" \/>\n\t<meta property=\"og:image:type\" content=\"image\/jpeg\" \/>\n<meta name=\"twitter:card\" content=\"summary_large_image\" \/>\n<meta name=\"twitter:label1\" content=\"Dur\u00e9e de lecture estim\u00e9e\" \/>\n\t<meta name=\"twitter:data1\" content=\"3 minutes\" \/>\n<script type=\"application\/ld+json\" class=\"yoast-schema-graph\">{\"@context\":\"https:\\\/\\\/schema.org\",\"@graph\":[{\"@type\":\"WebPage\",\"@id\":\"https:\\\/\\\/www.smartystore.it\\\/fr\\\/prodotto\\\/paire-de-montants-pour-panneaux-daffichage-exterieur-a-lamelles\\\/\",\"url\":\"https:\\\/\\\/www.smartystore.it\\\/fr\\\/prodotto\\\/paire-de-montants-pour-panneaux-daffichage-exterieur-a-lamelles\\\/\",\"name\":\"Paire de montants pour panneaux d'affichage ext\u00e9rieur \u00e0 lamelles - Smarty Store\",\"isPartOf\":{\"@id\":\"https:\\\/\\\/www.smartystore.it\\\/fr\\\/#website\"},\"primaryImageOfPage\":{\"@id\":\"https:\\\/\\\/www.smartystore.it\\\/fr\\\/prodotto\\\/paire-de-montants-pour-panneaux-daffichage-exterieur-a-lamelles\\\/#primaryimage\"},\"image\":{\"@id\":\"https:\\\/\\\/www.smartystore.it\\\/fr\\\/prodotto\\\/paire-de-montants-pour-panneaux-daffichage-exterieur-a-lamelles\\\/#primaryimage\"},\"thumbnailUrl\":\"https:\\\/\\\/www.smartystore.it\\\/v25\\\/wp-content\\\/uploads\\\/2022\\\/03\\\/Coppia-montanti-piantana-per-segnaletica-da-esterno.jpg\",\"datePublished\":\"2022-03-28T13:43:50+00:00\",\"dateModified\":\"2025-10-22T14:48:02+00:00\",\"description\":\"Paire de montants pour panneaux d'affichage ext\u00e9rieur \u00e0 lamelles avec lamelles disponibles en gris gothique ou argent et en sept hauteurs.\",\"breadcrumb\":{\"@id\":\"https:\\\/\\\/www.smartystore.it\\\/fr\\\/prodotto\\\/paire-de-montants-pour-panneaux-daffichage-exterieur-a-lamelles\\\/#breadcrumb\"},\"inLanguage\":\"fr-FR\",\"potentialAction\":[{\"@type\":\"ReadAction\",\"target\":[\"https:\\\/\\\/www.smartystore.it\\\/fr\\\/prodotto\\\/paire-de-montants-pour-panneaux-daffichage-exterieur-a-lamelles\\\/\"]}]},{\"@type\":\"ImageObject\",\"inLanguage\":\"fr-FR\",\"@id\":\"https:\\\/\\\/www.smartystore.it\\\/fr\\\/prodotto\\\/paire-de-montants-pour-panneaux-daffichage-exterieur-a-lamelles\\\/#primaryimage\",\"url\":\"https:\\\/\\\/www.smartystore.it\\\/v25\\\/wp-content\\\/uploads\\\/2022\\\/03\\\/Coppia-montanti-piantana-per-segnaletica-da-esterno.jpg\",\"contentUrl\":\"https:\\\/\\\/www.smartystore.it\\\/v25\\\/wp-content\\\/uploads\\\/2022\\\/03\\\/Coppia-montanti-piantana-per-segnaletica-da-esterno.jpg\",\"width\":1000,\"height\":1000,\"caption\":\"Paire de montants pour panneaux d'affichage ext\u00e9rieur \u00e0 lamelles\"},{\"@type\":\"BreadcrumbList\",\"@id\":\"https:\\\/\\\/www.smartystore.it\\\/fr\\\/prodotto\\\/paire-de-montants-pour-panneaux-daffichage-exterieur-a-lamelles\\\/#breadcrumb\",\"itemListElement\":[{\"@type\":\"ListItem\",\"position\":1,\"name\":\"Home\",\"item\":\"https:\\\/\\\/www.smartystore.it\\\/fr\\\/\"},{\"@type\":\"ListItem\",\"position\":2,\"name\":\"Boutique\",\"item\":\"https:\\\/\\\/www.smartystore.it\\\/fr\\\/boutique\\\/\"},{\"@type\":\"ListItem\",\"position\":3,\"name\":\"Paire de montants pour panneaux d&#8217;affichage ext\u00e9rieur \u00e0 lamelles\"}]},{\"@type\":\"WebSite\",\"@id\":\"https:\\\/\\\/www.smartystore.it\\\/fr\\\/#website\",\"url\":\"https:\\\/\\\/www.smartystore.it\\\/fr\\\/\",\"name\":\"Smarty Store\",\"description\":\"Espositori Pubblicitari e Sistemi di Comunicazione Visiva\",\"potentialAction\":[{\"@type\":\"SearchAction\",\"target\":{\"@type\":\"EntryPoint\",\"urlTemplate\":\"https:\\\/\\\/www.smartystore.it\\\/fr\\\/?s={search_term_string}\"},\"query-input\":{\"@type\":\"PropertyValueSpecification\",\"valueRequired\":true,\"valueName\":\"search_term_string\"}}],\"inLanguage\":\"fr-FR\"}]}<\/script>\n<!-- \/ Yoast SEO plugin. -->","yoast_head_json":{"title":"Paire de montants pour panneaux d'affichage ext\u00e9rieur \u00e0 lamelles - Smarty Store","description":"Paire de montants pour panneaux d'affichage ext\u00e9rieur \u00e0 lamelles avec lamelles disponibles en gris gothique ou argent et en sept hauteurs.","robots":{"index":"index","follow":"follow","max-snippet":"max-snippet:-1","max-image-preview":"max-image-preview:large","max-video-preview":"max-video-preview:-1"},"canonical":"https:\/\/www.smartystore.it\/fr\/prodotto\/paire-de-montants-pour-panneaux-daffichage-exterieur-a-lamelles\/","og_locale":"fr_FR","og_type":"article","og_title":"Paire de montants pour panneaux d'affichage ext\u00e9rieur \u00e0 lamelles - Smarty Store","og_description":"Paire de montants pour panneaux d'affichage ext\u00e9rieur \u00e0 lamelles avec lamelles disponibles en gris gothique ou argent et en sept hauteurs.","og_url":"https:\/\/www.smartystore.it\/fr\/prodotto\/paire-de-montants-pour-panneaux-daffichage-exterieur-a-lamelles\/","og_site_name":"Smarty Store","article_modified_time":"2025-10-22T14:48:02+00:00","og_image":[{"width":1000,"height":1000,"url":"https:\/\/www.smartystore.it\/v25\/wp-content\/uploads\/2022\/03\/Coppia-montanti-piantana-per-segnaletica-da-esterno.jpg","type":"image\/jpeg"}],"twitter_card":"summary_large_image","twitter_misc":{"Dur\u00e9e de lecture estim\u00e9e":"3 minutes"},"schema":{"@context":"https:\/\/schema.org","@graph":[{"@type":"WebPage","@id":"https:\/\/www.smartystore.it\/fr\/prodotto\/paire-de-montants-pour-panneaux-daffichage-exterieur-a-lamelles\/","url":"https:\/\/www.smartystore.it\/fr\/prodotto\/paire-de-montants-pour-panneaux-daffichage-exterieur-a-lamelles\/","name":"Paire de montants pour panneaux d'affichage ext\u00e9rieur \u00e0 lamelles - Smarty Store","isPartOf":{"@id":"https:\/\/www.smartystore.it\/fr\/#website"},"primaryImageOfPage":{"@id":"https:\/\/www.smartystore.it\/fr\/prodotto\/paire-de-montants-pour-panneaux-daffichage-exterieur-a-lamelles\/#primaryimage"},"image":{"@id":"https:\/\/www.smartystore.it\/fr\/prodotto\/paire-de-montants-pour-panneaux-daffichage-exterieur-a-lamelles\/#primaryimage"},"thumbnailUrl":"https:\/\/www.smartystore.it\/v25\/wp-content\/uploads\/2022\/03\/Coppia-montanti-piantana-per-segnaletica-da-esterno.jpg","datePublished":"2022-03-28T13:43:50+00:00","dateModified":"2025-10-22T14:48:02+00:00","description":"Paire de montants pour panneaux d'affichage ext\u00e9rieur \u00e0 lamelles avec lamelles disponibles en gris gothique ou argent et en sept hauteurs.","breadcrumb":{"@id":"https:\/\/www.smartystore.it\/fr\/prodotto\/paire-de-montants-pour-panneaux-daffichage-exterieur-a-lamelles\/#breadcrumb"},"inLanguage":"fr-FR","potentialAction":[{"@type":"ReadAction","target":["https:\/\/www.smartystore.it\/fr\/prodotto\/paire-de-montants-pour-panneaux-daffichage-exterieur-a-lamelles\/"]}]},{"@type":"ImageObject","inLanguage":"fr-FR","@id":"https:\/\/www.smartystore.it\/fr\/prodotto\/paire-de-montants-pour-panneaux-daffichage-exterieur-a-lamelles\/#primaryimage","url":"https:\/\/www.smartystore.it\/v25\/wp-content\/uploads\/2022\/03\/Coppia-montanti-piantana-per-segnaletica-da-esterno.jpg","contentUrl":"https:\/\/www.smartystore.it\/v25\/wp-content\/uploads\/2022\/03\/Coppia-montanti-piantana-per-segnaletica-da-esterno.jpg","width":1000,"height":1000,"caption":"Paire de montants pour panneaux d'affichage ext\u00e9rieur \u00e0 lamelles"},{"@type":"BreadcrumbList","@id":"https:\/\/www.smartystore.it\/fr\/prodotto\/paire-de-montants-pour-panneaux-daffichage-exterieur-a-lamelles\/#breadcrumb","itemListElement":[{"@type":"ListItem","position":1,"name":"Home","item":"https:\/\/www.smartystore.it\/fr\/"},{"@type":"ListItem","position":2,"name":"Boutique","item":"https:\/\/www.smartystore.it\/fr\/boutique\/"},{"@type":"ListItem","position":3,"name":"Paire de montants pour panneaux d&#8217;affichage ext\u00e9rieur \u00e0 lamelles"}]},{"@type":"WebSite","@id":"https:\/\/www.smartystore.it\/fr\/#website","url":"https:\/\/www.smartystore.it\/fr\/","name":"Smarty Store","description":"Espositori Pubblicitari e Sistemi di Comunicazione Visiva","potentialAction":[{"@type":"SearchAction","target":{"@type":"EntryPoint","urlTemplate":"https:\/\/www.smartystore.it\/fr\/?s={search_term_string}"},"query-input":{"@type":"PropertyValueSpecification","valueRequired":true,"valueName":"search_term_string"}}],"inLanguage":"fr-FR"}]}},"brands":[],"_links":{"self":[{"href":"https:\/\/www.smartystore.it\/fr\/wp-json\/wp\/v2\/product\/96167","targetHints":{"allow":["GET"]}}],"collection":[{"href":"https:\/\/www.smartystore.it\/fr\/wp-json\/wp\/v2\/product"}],"about":[{"href":"https:\/\/www.smartystore.it\/fr\/wp-json\/wp\/v2\/types\/product"}],"replies":[{"embeddable":true,"href":"https:\/\/www.smartystore.it\/fr\/wp-json\/wp\/v2\/comments?post=96167"}],"wp:featuredmedia":[{"embeddable":true,"href":"https:\/\/www.smartystore.it\/fr\/wp-json\/wp\/v2\/media\/96168"}],"wp:attachment":[{"href":"https:\/\/www.smartystore.it\/fr\/wp-json\/wp\/v2\/media?parent=96167"}],"wp:term":[{"taxonomy":"pwb-brand","embeddable":true,"href":"https:\/\/www.smartystore.it\/fr\/wp-json\/wp\/v2\/pwb-brand?post=96167"},{"taxonomy":"product_brand","embeddable":true,"href":"https:\/\/www.smartystore.it\/fr\/wp-json\/wp\/v2\/product_brand?post=96167"},{"taxonomy":"product_cat","embeddable":true,"href":"https:\/\/www.smartystore.it\/fr\/wp-json\/wp\/v2\/product_cat?post=96167"},{"taxonomy":"product_tag","embeddable":true,"href":"https:\/\/www.smartystore.it\/fr\/wp-json\/wp\/v2\/product_tag?post=96167"}],"curies":[{"name":"wp","href":"https:\/\/api.w.org\/{rel}","templated":true}]}}