{"id":96150,"date":"2014-05-14T17:26:03","date_gmt":"2014-05-14T17:26:03","guid":{"rendered":"https:\/\/www.smartystore.it\/prodotto\/ligne-de-tissu-blackboard\/"},"modified":"2026-02-19T14:03:46","modified_gmt":"2026-02-19T12:03:46","slug":"ligne-de-tissu-blackboard","status":"publish","type":"product","link":"https:\/\/www.smartystore.it\/fr\/prodotto\/ligne-de-tissu-blackboard\/","title":{"rendered":"Tableau noir en tissu"},"content":{"rendered":"<div class=\"wpb-content-wrapper\"><p>[vc_row][vc_column][vc_column_text css=\u00a0\u00bb\u00a0\u00bb css_params=\u00a0\u00bb\u00a0\u00bb]<\/p>\n<h1>Tableau noir en tissu<\/h1>\n<p>Le tableau mural Fabric Line, au design \u00e9l\u00e9gant et fonctionnel, est constitu\u00e9 d&rsquo;une structure robuste en aluminium anodis\u00e9 de couleur argent\u00e9e. Ses coins sont dot\u00e9s de protections en ABS, ce qui garantit une s\u00e9curit\u00e9 et une durabilit\u00e9 maximales. Ce tableau est con\u00e7u pour r\u00e9pondre \u00e0 diff\u00e9rents besoins d&rsquo;utilisation, ce qui lui conf\u00e8re une excellente polyvalence.  <\/p>\n<p>La surface en feutre bleu permet d&rsquo;\u00e9pingler des documents ou des notes \u00e0 l&rsquo;aide de trombones, disponibles s\u00e9par\u00e9ment. Cette solution permet d&rsquo;organiser au mieux les informations visuelles, en les rendant facilement accessibles et bien visibles. En outre, le tableau se distingue par son adaptabilit\u00e9 \u00e0 diff\u00e9rents contextes, puisqu&rsquo;il peut \u00eatre positionn\u00e9 verticalement ou horizontalement, ce qui le rend id\u00e9al pour les lieux de travail, les salles de classe ou les espaces cr\u00e9atifs.  <\/p>\n<h2>Tableau noir en tissu: une taille pour chaque besoin<\/h2>\n<p>Disponible en cinq tailles diff\u00e9rentes, ce panneau s&rsquo;adapte parfaitement \u00e0 tout espace, vous permettant de choisir la solution la plus adapt\u00e9e \u00e0 vos besoins. Chaque taille est con\u00e7ue pour optimiser l&rsquo;utilisation de l&rsquo;espace disponible, en garantissant toujours une visibilit\u00e9 ad\u00e9quate des informations affich\u00e9es. <\/p>\n<p>Le kit de montage mural est inclus, ce qui facilite l&rsquo;installation imm\u00e9diate et s\u00fbre du produit. La combinaison de mat\u00e9riaux de haute qualit\u00e9 et d&rsquo;un design fonctionnel fait de ce tableau mural un \u00e9l\u00e9ment essentiel pour ceux qui souhaitent organiser leurs id\u00e9es et communiquer efficacement dans n&rsquo;importe quel environnement. Choisir ce tableau, c&rsquo;est investir dans un accessoire pratique et durable, capable d&rsquo;am\u00e9liorer l&rsquo;efficacit\u00e9 et l&rsquo;esth\u00e9tique des espaces de travail et d&rsquo;\u00e9tude.  <\/p>\n<p><strong>CARACT\u00c9RISTIQUES:<\/strong><\/p>\n<p>Tableau noir avec fond en feutre bleu<\/p>\n<p>Surface pouvant \u00eatre utilis\u00e9e avec des \u00e9pingles \u00e0 feuilles (<a href=\"https:\/\/www.smartystore.it\/fr\/prodotto\/trombones-100-pieces\/\" target=\"_blank\" rel=\"noopener\"><strong>STR-BOARD\/PU<\/strong><\/a>) et les goupilles de couleur (<strong><a href=\"https:\/\/www.smartystore.it\/fr\/prodotto\/epingles-de-couleur-pour-tableaux-noirs\/\" target=\"_blank\" rel=\"noopener\">STR-BOARD\/SP<\/a><\/strong>)<\/p>\n<p>Cadre en aluminium anodis\u00e9 de couleur argent\u00e9e<\/p>\n<p>Coins de protection en ABS<\/p>\n<p>Mat\u00e9riel de montage mural inclus.<\/p>\n<p>Peut \u00eatre positionn\u00e9 horizontalement et verticalement.<\/p>\n<p>Tailles disponibles :<\/p>\n<table style=\"width: 572px; height: 304px; background-color: #ffffff;\" border=\"1\">\n<tbody>\n<tr>\n<th style=\"text-align: center;\" scope=\"col\">CODE<\/th>\n<th style=\"text-align: center;\" scope=\"col\"> DIMENSIONS<\/th>\n<th style=\"text-align: center;\" scope=\"col\">POIDS<\/th>\n<\/tr>\n<tr>\n<th style=\"text-align: center;\" scope=\"row\">STR-BOARD041\/PB<\/th>\n<td style=\"text-align: center;\">\n<div style=\"text-align: center;\">60 L x 45 H x 2 P cm.<\/div>\n<\/td>\n<td style=\"text-align: center;\">\n<div style=\"text-align: center;\">1,1 kg<\/div>\n<\/td>\n<\/tr>\n<tr>\n<th style=\"text-align: center;\" scope=\"row\">STR-BOARD042\/PB<\/th>\n<td style=\"text-align: center;\">\n<div style=\"text-align: center;\">90 L x 60 H x 2 D cm.<\/div>\n<\/td>\n<td style=\"text-align: center;\">\n<div style=\"text-align: center;\">2.4 Kg<\/div>\n<\/td>\n<\/tr>\n<tr>\n<th style=\"text-align: center;\" scope=\"row\">STR-BOARD043\/PB<\/th>\n<td style=\"text-align: center;\">120 L x 90 H x 2 D cm.<\/td>\n<td style=\"text-align: center;\">5,7 Kg<\/td>\n<\/tr>\n<tr>\n<th style=\"text-align: center;\" scope=\"row\">STR-BOARD044\/PB<\/th>\n<td style=\"text-align: center;\">150 L x 100 H x 2 P cm.<\/td>\n<td style=\"text-align: center;\">7,4 Kg<\/td>\n<\/tr>\n<tr>\n<th style=\"text-align: center;\" scope=\"row\">STR-BOARD045\/PB<\/th>\n<td style=\"text-align: center;\"> 200 L x 100 H x 2 P cm.<\/td>\n<td style=\"text-align: center;\">9,7 Kg<\/td>\n<\/tr>\n<\/tbody>\n<\/table>\n<p>&nbsp;<\/p>\n<p><a href=\"https:\/\/www.smartystore.it\/v25\/wp-content\/uploads\/2025\/06\/STR-BOARD041PB-042PB-043PB-044PB-045PB.pdf\" target=\"_blank\" rel=\"noopener\"><img loading=\"lazy\" decoding=\"async\" class=\"alignnone size-full wp-image-93510\" src=\"https:\/\/www.smartystore.it\/v25\/wp-content\/uploads\/2014\/10\/SchedaTecnica-300-e1750084266903.png\" alt=\"\" width=\"249\" height=\"63\"><\/a>[\/vc_column_text][\/vc_column][\/vc_row]<\/p>\n<\/div>","protected":false},"excerpt":{"rendered":"<p>Tableau noir avec surface en tissu \u00e0 utiliser avec des \u00e9pingles.<\/p>\n","protected":false},"featured_media":93103,"comment_status":"open","ping_status":"closed","template":"","meta":{"_acf_changed":false},"pwb-brand":[],"product_brand":[],"product_cat":[3134],"product_tag":[5994,5999,5992,5998,5993,5996,5995,5997],"class_list":{"0":"post-96150","1":"product","2":"type-product","3":"status-publish","4":"has-post-thumbnail","6":"product_cat-tableaux-magnetiques","7":"product_tag-tableau-depingles-a-tissu","8":"product_tag-tableau-horizontal-ou-vertical-en-tissu","9":"product_tag-tableau-mural-en-tissu","10":"product_tag-tableau-noir-en-tissu-a-petit-prix-sur-smartystore-it","11":"product_tag-tableau-noir-en-tissu-et-aluminium","12":"product_tag-tableau-pratique-en-tissu","13":"product_tag-tableaux-en-tissu-a-bas-prix","14":"product_tag-tableaux-en-tissu-de-qualite-peu-couteuse","15":"pa_c2c_color-argent","16":"pa_c2c_color-bleu","17":"pa_c2c_dimensione-cm-120x90","18":"pa_c2c_dimensione-cm-150x100","19":"pa_c2c_dimensione-cm-200x100-fr","20":"pa_c2c_dimensione-cm-60x45","21":"pa_c2c_dimensione-cm-90x60","22":"pa_c2c_mono_bifacciale-simple-face","23":"pa_c2c_seo_canonical_url-be-httpswwwsmartystoreititlav-fr","24":"pa_c2c_trovraprezzi-oui","26":"first","27":"instock","28":"taxable","29":"shipping-taxable","30":"purchasable","31":"product-type-variable"},"acf":[],"yoast_head":"<!-- This site is optimized with the Yoast SEO plugin v27.4 - https:\/\/yoast.com\/product\/yoast-seo-wordpress\/ -->\n<title>Tableau noir en tissu - Achetez au Meilleur Prix<\/title>\n<meta name=\"description\" content=\"Tableau noir Fabric Line avec cadre en aluminium argent\u00e9 et coins de protection en ABS. Peut \u00eatre positionn\u00e9 verticalement et horizontalement. Fond en feutre bleu\" \/>\n<meta name=\"robots\" content=\"index, follow, max-snippet:-1, max-image-preview:large, max-video-preview:-1\" \/>\n<link rel=\"canonical\" href=\"https:\/\/www.smartystore.it\/fr\/prodotto\/ligne-de-tissu-blackboard\/\" \/>\n<meta property=\"og:locale\" content=\"fr_FR\" \/>\n<meta property=\"og:type\" content=\"article\" \/>\n<meta property=\"og:title\" content=\"Tableau noir en tissu - Achetez au Meilleur Prix\" \/>\n<meta property=\"og:description\" content=\"Tableau noir Fabric Line avec cadre en aluminium argent\u00e9 et coins de protection en ABS. Peut \u00eatre positionn\u00e9 verticalement et horizontalement. Fond en feutre bleu\" \/>\n<meta property=\"og:url\" content=\"https:\/\/www.smartystore.it\/fr\/prodotto\/ligne-de-tissu-blackboard\/\" \/>\n<meta property=\"og:site_name\" content=\"Smarty Store\" \/>\n<meta property=\"article:modified_time\" content=\"2026-02-19T12:03:46+00:00\" \/>\n<meta property=\"og:image\" content=\"https:\/\/www.smartystore.it\/v25\/wp-content\/uploads\/2014\/05\/Lavagna-linea-tessuto-con-struttura-in-alluminio-e-orientabile.jpg\" \/>\n\t<meta property=\"og:image:width\" content=\"1000\" \/>\n\t<meta property=\"og:image:height\" content=\"1000\" \/>\n\t<meta property=\"og:image:type\" content=\"image\/jpeg\" \/>\n<meta name=\"twitter:card\" content=\"summary_large_image\" \/>\n<meta name=\"twitter:label1\" content=\"Dur\u00e9e de lecture estim\u00e9e\" \/>\n\t<meta name=\"twitter:data1\" content=\"3 minutes\" \/>\n<script type=\"application\/ld+json\" class=\"yoast-schema-graph\">{\"@context\":\"https:\\\/\\\/schema.org\",\"@graph\":[{\"@type\":\"WebPage\",\"@id\":\"https:\\\/\\\/www.smartystore.it\\\/fr\\\/prodotto\\\/ligne-de-tissu-blackboard\\\/\",\"url\":\"https:\\\/\\\/www.smartystore.it\\\/fr\\\/prodotto\\\/ligne-de-tissu-blackboard\\\/\",\"name\":\"Tableau noir en tissu - Achetez au Meilleur Prix\",\"isPartOf\":{\"@id\":\"https:\\\/\\\/www.smartystore.it\\\/fr\\\/#website\"},\"primaryImageOfPage\":{\"@id\":\"https:\\\/\\\/www.smartystore.it\\\/fr\\\/prodotto\\\/ligne-de-tissu-blackboard\\\/#primaryimage\"},\"image\":{\"@id\":\"https:\\\/\\\/www.smartystore.it\\\/fr\\\/prodotto\\\/ligne-de-tissu-blackboard\\\/#primaryimage\"},\"thumbnailUrl\":\"https:\\\/\\\/www.smartystore.it\\\/v25\\\/wp-content\\\/uploads\\\/2014\\\/05\\\/Lavagna-linea-tessuto-con-struttura-in-alluminio-e-orientabile.jpg\",\"datePublished\":\"2014-05-14T17:26:03+00:00\",\"dateModified\":\"2026-02-19T12:03:46+00:00\",\"description\":\"Tableau noir Fabric Line avec cadre en aluminium argent\u00e9 et coins de protection en ABS. Peut \u00eatre positionn\u00e9 verticalement et horizontalement. Fond en feutre bleu\",\"breadcrumb\":{\"@id\":\"https:\\\/\\\/www.smartystore.it\\\/fr\\\/prodotto\\\/ligne-de-tissu-blackboard\\\/#breadcrumb\"},\"inLanguage\":\"fr-FR\",\"potentialAction\":[{\"@type\":\"ReadAction\",\"target\":[\"https:\\\/\\\/www.smartystore.it\\\/fr\\\/prodotto\\\/ligne-de-tissu-blackboard\\\/\"]}]},{\"@type\":\"ImageObject\",\"inLanguage\":\"fr-FR\",\"@id\":\"https:\\\/\\\/www.smartystore.it\\\/fr\\\/prodotto\\\/ligne-de-tissu-blackboard\\\/#primaryimage\",\"url\":\"https:\\\/\\\/www.smartystore.it\\\/v25\\\/wp-content\\\/uploads\\\/2014\\\/05\\\/Lavagna-linea-tessuto-con-struttura-in-alluminio-e-orientabile.jpg\",\"contentUrl\":\"https:\\\/\\\/www.smartystore.it\\\/v25\\\/wp-content\\\/uploads\\\/2014\\\/05\\\/Lavagna-linea-tessuto-con-struttura-in-alluminio-e-orientabile.jpg\",\"width\":1000,\"height\":1000,\"caption\":\"tableau noir en tissu\"},{\"@type\":\"BreadcrumbList\",\"@id\":\"https:\\\/\\\/www.smartystore.it\\\/fr\\\/prodotto\\\/ligne-de-tissu-blackboard\\\/#breadcrumb\",\"itemListElement\":[{\"@type\":\"ListItem\",\"position\":1,\"name\":\"Home\",\"item\":\"https:\\\/\\\/www.smartystore.it\\\/fr\\\/\"},{\"@type\":\"ListItem\",\"position\":2,\"name\":\"Boutique\",\"item\":\"https:\\\/\\\/www.smartystore.it\\\/fr\\\/boutique\\\/\"},{\"@type\":\"ListItem\",\"position\":3,\"name\":\"Tableau noir en tissu\"}]},{\"@type\":\"WebSite\",\"@id\":\"https:\\\/\\\/www.smartystore.it\\\/fr\\\/#website\",\"url\":\"https:\\\/\\\/www.smartystore.it\\\/fr\\\/\",\"name\":\"Smarty Store\",\"description\":\"Espositori Pubblicitari e Sistemi di Comunicazione Visiva\",\"potentialAction\":[{\"@type\":\"SearchAction\",\"target\":{\"@type\":\"EntryPoint\",\"urlTemplate\":\"https:\\\/\\\/www.smartystore.it\\\/fr\\\/?s={search_term_string}\"},\"query-input\":{\"@type\":\"PropertyValueSpecification\",\"valueRequired\":true,\"valueName\":\"search_term_string\"}}],\"inLanguage\":\"fr-FR\"}]}<\/script>\n<!-- \/ Yoast SEO plugin. -->","yoast_head_json":{"title":"Tableau noir en tissu - Achetez au Meilleur Prix","description":"Tableau noir Fabric Line avec cadre en aluminium argent\u00e9 et coins de protection en ABS. Peut \u00eatre positionn\u00e9 verticalement et horizontalement. Fond en feutre bleu","robots":{"index":"index","follow":"follow","max-snippet":"max-snippet:-1","max-image-preview":"max-image-preview:large","max-video-preview":"max-video-preview:-1"},"canonical":"https:\/\/www.smartystore.it\/fr\/prodotto\/ligne-de-tissu-blackboard\/","og_locale":"fr_FR","og_type":"article","og_title":"Tableau noir en tissu - Achetez au Meilleur Prix","og_description":"Tableau noir Fabric Line avec cadre en aluminium argent\u00e9 et coins de protection en ABS. Peut \u00eatre positionn\u00e9 verticalement et horizontalement. Fond en feutre bleu","og_url":"https:\/\/www.smartystore.it\/fr\/prodotto\/ligne-de-tissu-blackboard\/","og_site_name":"Smarty Store","article_modified_time":"2026-02-19T12:03:46+00:00","og_image":[{"width":1000,"height":1000,"url":"https:\/\/www.smartystore.it\/v25\/wp-content\/uploads\/2014\/05\/Lavagna-linea-tessuto-con-struttura-in-alluminio-e-orientabile.jpg","type":"image\/jpeg"}],"twitter_card":"summary_large_image","twitter_misc":{"Dur\u00e9e de lecture estim\u00e9e":"3 minutes"},"schema":{"@context":"https:\/\/schema.org","@graph":[{"@type":"WebPage","@id":"https:\/\/www.smartystore.it\/fr\/prodotto\/ligne-de-tissu-blackboard\/","url":"https:\/\/www.smartystore.it\/fr\/prodotto\/ligne-de-tissu-blackboard\/","name":"Tableau noir en tissu - Achetez au Meilleur Prix","isPartOf":{"@id":"https:\/\/www.smartystore.it\/fr\/#website"},"primaryImageOfPage":{"@id":"https:\/\/www.smartystore.it\/fr\/prodotto\/ligne-de-tissu-blackboard\/#primaryimage"},"image":{"@id":"https:\/\/www.smartystore.it\/fr\/prodotto\/ligne-de-tissu-blackboard\/#primaryimage"},"thumbnailUrl":"https:\/\/www.smartystore.it\/v25\/wp-content\/uploads\/2014\/05\/Lavagna-linea-tessuto-con-struttura-in-alluminio-e-orientabile.jpg","datePublished":"2014-05-14T17:26:03+00:00","dateModified":"2026-02-19T12:03:46+00:00","description":"Tableau noir Fabric Line avec cadre en aluminium argent\u00e9 et coins de protection en ABS. Peut \u00eatre positionn\u00e9 verticalement et horizontalement. Fond en feutre bleu","breadcrumb":{"@id":"https:\/\/www.smartystore.it\/fr\/prodotto\/ligne-de-tissu-blackboard\/#breadcrumb"},"inLanguage":"fr-FR","potentialAction":[{"@type":"ReadAction","target":["https:\/\/www.smartystore.it\/fr\/prodotto\/ligne-de-tissu-blackboard\/"]}]},{"@type":"ImageObject","inLanguage":"fr-FR","@id":"https:\/\/www.smartystore.it\/fr\/prodotto\/ligne-de-tissu-blackboard\/#primaryimage","url":"https:\/\/www.smartystore.it\/v25\/wp-content\/uploads\/2014\/05\/Lavagna-linea-tessuto-con-struttura-in-alluminio-e-orientabile.jpg","contentUrl":"https:\/\/www.smartystore.it\/v25\/wp-content\/uploads\/2014\/05\/Lavagna-linea-tessuto-con-struttura-in-alluminio-e-orientabile.jpg","width":1000,"height":1000,"caption":"tableau noir en tissu"},{"@type":"BreadcrumbList","@id":"https:\/\/www.smartystore.it\/fr\/prodotto\/ligne-de-tissu-blackboard\/#breadcrumb","itemListElement":[{"@type":"ListItem","position":1,"name":"Home","item":"https:\/\/www.smartystore.it\/fr\/"},{"@type":"ListItem","position":2,"name":"Boutique","item":"https:\/\/www.smartystore.it\/fr\/boutique\/"},{"@type":"ListItem","position":3,"name":"Tableau noir en tissu"}]},{"@type":"WebSite","@id":"https:\/\/www.smartystore.it\/fr\/#website","url":"https:\/\/www.smartystore.it\/fr\/","name":"Smarty Store","description":"Espositori Pubblicitari e Sistemi di Comunicazione Visiva","potentialAction":[{"@type":"SearchAction","target":{"@type":"EntryPoint","urlTemplate":"https:\/\/www.smartystore.it\/fr\/?s={search_term_string}"},"query-input":{"@type":"PropertyValueSpecification","valueRequired":true,"valueName":"search_term_string"}}],"inLanguage":"fr-FR"}]}},"brands":[],"_links":{"self":[{"href":"https:\/\/www.smartystore.it\/fr\/wp-json\/wp\/v2\/product\/96150","targetHints":{"allow":["GET"]}}],"collection":[{"href":"https:\/\/www.smartystore.it\/fr\/wp-json\/wp\/v2\/product"}],"about":[{"href":"https:\/\/www.smartystore.it\/fr\/wp-json\/wp\/v2\/types\/product"}],"replies":[{"embeddable":true,"href":"https:\/\/www.smartystore.it\/fr\/wp-json\/wp\/v2\/comments?post=96150"}],"wp:featuredmedia":[{"embeddable":true,"href":"https:\/\/www.smartystore.it\/fr\/wp-json\/wp\/v2\/media\/93103"}],"wp:attachment":[{"href":"https:\/\/www.smartystore.it\/fr\/wp-json\/wp\/v2\/media?parent=96150"}],"wp:term":[{"taxonomy":"pwb-brand","embeddable":true,"href":"https:\/\/www.smartystore.it\/fr\/wp-json\/wp\/v2\/pwb-brand?post=96150"},{"taxonomy":"product_brand","embeddable":true,"href":"https:\/\/www.smartystore.it\/fr\/wp-json\/wp\/v2\/product_brand?post=96150"},{"taxonomy":"product_cat","embeddable":true,"href":"https:\/\/www.smartystore.it\/fr\/wp-json\/wp\/v2\/product_cat?post=96150"},{"taxonomy":"product_tag","embeddable":true,"href":"https:\/\/www.smartystore.it\/fr\/wp-json\/wp\/v2\/product_tag?post=96150"}],"curies":[{"name":"wp","href":"https:\/\/api.w.org\/{rel}","templated":true}]}}