{"id":96146,"date":"2013-06-05T22:22:23","date_gmt":"2013-06-05T22:22:23","guid":{"rendered":"https:\/\/www.smartystore.it\/prodotto\/tableau-noir-en-liege\/"},"modified":"2025-10-22T10:42:58","modified_gmt":"2025-10-22T08:42:58","slug":"tableau-noir-en-liege","status":"publish","type":"product","link":"https:\/\/www.smartystore.it\/fr\/prodotto\/tableau-noir-en-liege\/","title":{"rendered":"Tableau noir en li\u00e8ge"},"content":{"rendered":"<div class=\"wpb-content-wrapper\"><p>[vc_row][vc_column][vc_column_text css=\u00a0\u00bb\u00a0\u00bb css_params=\u00a0\u00bb\u00a0\u00bb]<\/p>\n<h1>Tableau en li\u00e8ge<\/h1>\n<p>Le tableau noir mural en li\u00e8ge, au design \u00e9l\u00e9gant et fonctionnel, est constitu\u00e9 d&rsquo;un cadre robuste en aluminium anodis\u00e9 argent\u00e9. Ses coins sont dot\u00e9s de protections en ABS, ce qui garantit une s\u00e9curit\u00e9 et une durabilit\u00e9 maximales. Ce tableau est con\u00e7u pour r\u00e9pondre \u00e0 diff\u00e9rents besoins d&rsquo;utilisation, garantissant ainsi une polyvalence optimale.  <\/p>\n<p>La surface en li\u00e8ge permet d&rsquo;\u00e9pingler des documents ou des notes \u00e0 l&rsquo;aide de trombones, disponibles s\u00e9par\u00e9ment. Cette solution permet de mieux organiser les informations visuelles, de les rendre facilement accessibles et bien visibles. En outre, le tableau se distingue par son adaptabilit\u00e9 \u00e0 diff\u00e9rents contextes, puisqu&rsquo;il peut \u00eatre positionn\u00e9 verticalement ou horizontalement, ce qui le rend id\u00e9al pour les lieux de travail, les salles de classe ou les espaces cr\u00e9atifs.  <\/p>\n<p>Tableau en li\u00e8ge : une taille pour chaque besoin<\/p>\n<p>Disponible en cinq tailles diff\u00e9rentes, ce panneau s&rsquo;adapte parfaitement \u00e0 tout espace, vous permettant de choisir la solution la plus adapt\u00e9e \u00e0 vos besoins. Chaque taille est con\u00e7ue pour optimiser l&rsquo;utilisation de l&rsquo;espace disponible, en garantissant toujours une visibilit\u00e9 ad\u00e9quate des informations affich\u00e9es. <\/p>\n<p>Le kit de montage mural est inclus, ce qui facilite l&rsquo;installation imm\u00e9diate et s\u00fbre du produit. La combinaison de mat\u00e9riaux de haute qualit\u00e9 et d&rsquo;un design fonctionnel fait de ce tableau mural un \u00e9l\u00e9ment essentiel pour ceux qui souhaitent organiser leurs id\u00e9es et communiquer efficacement dans n&rsquo;importe quel environnement. Choisir ce tableau, c&rsquo;est investir dans un accessoire pratique et durable, capable d&rsquo;am\u00e9liorer l&rsquo;efficacit\u00e9 et l&rsquo;esth\u00e9tique des espaces de travail et d&rsquo;\u00e9tude.  <\/p>\n<p><strong>CARACT\u00c9RISTIQUES:<\/strong><\/p>\n<ul>\n<li>Tableau noir avec fond en li\u00e8ge<\/li>\n<li>Surface pouvant \u00eatre utilis\u00e9e avec des \u00e9pingles \u00e0 feuilles (<a href=\"https:\/\/www.smartystore.it\/fr\/prodotto\/trombones-100-pieces\/\" target=\"_blank\" rel=\"noopener\"><strong>STR-BOARD\/PU<\/strong><\/a>) et les goupilles de couleur (<strong><a href=\"https:\/\/www.smartystore.it\/fr\/prodotto\/epingles-de-couleur-pour-tableaux-noirs\/\" target=\"_blank\" rel=\"noopener\">STR-BOARD\/SP<\/a><\/strong>)<\/li>\n<li>Cadre en aluminium anodis\u00e9 de couleur argent\u00e9e<\/li>\n<li>Coins de protection en ABS<\/li>\n<li>Mat\u00e9riel de montage mural inclus.<\/li>\n<li>Peut \u00eatre positionn\u00e9 horizontalement et verticalement.<\/li>\n<\/ul>\n<p>Tailles disponibles :<\/p>\n<table style=\"height: 288px; background-color: #ffffff; width: 793px;\" border=\"1\">\n<tbody>\n<tr>\n<th style=\"text-align: center;\" scope=\"col\">CODE<\/th>\n<th style=\"text-align: center;\" scope=\"col\">  DIMENSIONS<\/th>\n<th style=\"text-align: center;\" scope=\"col\">POIDS<\/th>\n<\/tr>\n<tr>\n<th style=\"text-align: center;\" scope=\"row\">STR-BOARD041<\/th>\n<td style=\"text-align: center;\">\n<div style=\"text-align: center;\">60 L x 45 H x 2 P cm.<\/div>\n<\/td>\n<td style=\"text-align: center;\">\n<div style=\"text-align: center;\">1,1 kg<\/div>\n<\/td>\n<\/tr>\n<tr>\n<th style=\"text-align: center;\" scope=\"row\">STR-BOARD042<\/th>\n<td style=\"text-align: center;\">\n<div style=\"text-align: center;\">90 L x 60 H x 2 D cm.<\/div>\n<\/td>\n<td style=\"text-align: center;\">\n<div style=\"text-align: center;\">2,3 kg<\/div>\n<\/td>\n<\/tr>\n<tr>\n<th style=\"text-align: center;\" scope=\"row\">STR-BOARD043<\/th>\n<td style=\"text-align: center;\">120 L x 90 H x 2 D cm.<\/td>\n<td style=\"text-align: center;\">6,0 Kg<\/td>\n<\/tr>\n<tr>\n<th style=\"text-align: center;\" scope=\"row\">STR-BOARD044<\/th>\n<td style=\"text-align: center;\">150 L x 100 H x 2 P cm.<\/td>\n<td style=\"text-align: center;\">9,0 Kg<\/td>\n<\/tr>\n<tr>\n<th style=\"text-align: center;\" scope=\"row\"> STR-BOARD045<\/th>\n<td style=\"text-align: center;\">  200 L x 100 H x 2 P cm.<\/td>\n<td style=\"text-align: center;\">15,0 Kg<\/td>\n<\/tr>\n<\/tbody>\n<\/table>\n<p>&nbsp;<\/p>\n<p><a href=\"https:\/\/www.smartystore.it\/v25\/wp-content\/uploads\/2025\/06\/STR-BOARD041-042-043-044-045.pdf\" target=\"_blank\" rel=\"noopener\"><img loading=\"lazy\" decoding=\"async\" class=\"alignnone size-full wp-image-93510\" src=\"https:\/\/www.smartystore.it\/v25\/wp-content\/uploads\/2014\/10\/SchedaTecnica-300-e1750084266903.png\" alt=\"\" width=\"249\" height=\"63\"><\/a>[\/vc_column_text][\/vc_column][\/vc_row]<\/p>\n<\/div>","protected":false},"excerpt":{"rendered":"<p>Tableau en li\u00e8ge naturel pour l&rsquo;utilisation d&rsquo;\u00e9pingles \u00e0 papier, disponible en diff\u00e9rentes tailles et pouvant \u00eatre positionn\u00e9 horizontalement ou verticalement.<\/p>\n","protected":false},"featured_media":93533,"comment_status":"open","ping_status":"closed","template":"","meta":{"_acf_changed":false},"pwb-brand":[],"product_brand":[],"product_cat":[3134],"product_tag":[5974,5970,5975,5972,5968,5969,5971,5973],"class_list":{"0":"post-96146","1":"product","2":"type-product","3":"status-publish","4":"has-post-thumbnail","6":"product_cat-tableaux-magnetiques","7":"product_tag-les-meilleurs-tableaux-en-liege-a-bas-prix-sur-smartystore-it","8":"product_tag-tableau-daffichage-en-liege","9":"product_tag-tableau-de-liege-horizontal-ou-vertical","10":"product_tag-tableau-en-liege-abordable","11":"product_tag-tableau-mural-en-liege","12":"product_tag-tableau-noir-en-liege-et-aluminium","13":"product_tag-tableaux-en-liege-a-bas-prix","14":"product_tag-tableaux-en-liege-de-qualite-bon-marche","15":"pa_c2c_color-argent","16":"pa_c2c_color-liege","17":"pa_c2c_dimensione-cm-120x90","18":"pa_c2c_dimensione-cm-150x100","19":"pa_c2c_dimensione-cm-200x100-fr","20":"pa_c2c_dimensione-cm-60x45","21":"pa_c2c_dimensione-cm-90x60","22":"pa_c2c_mono_bifacciale-simple-face","23":"pa_c2c_seo_canonical_url-be-httpswwwsmartystoreititlav-fr","24":"pa_c2c_trovraprezzi-oui","26":"first","27":"instock","28":"taxable","29":"shipping-taxable","30":"purchasable","31":"product-type-variable"},"acf":[],"yoast_head":"<!-- This site is optimized with the Yoast SEO plugin v27.0 - https:\/\/yoast.com\/product\/yoast-seo-wordpress\/ -->\n<title>Tableau noir en li\u00e8ge - Achetez au Meilleur Prix<\/title>\n<meta name=\"description\" content=\"Tableau en li\u00e8ge avec cadre en aluminium argent\u00e9 et coins de protection en ABS. Peut \u00eatre positionn\u00e9 verticalement et horizontalement. Disponible en diff\u00e9rents formats\" \/>\n<meta name=\"robots\" content=\"index, follow, max-snippet:-1, max-image-preview:large, max-video-preview:-1\" \/>\n<link rel=\"canonical\" href=\"https:\/\/www.smartystore.it\/fr\/prodotto\/tableau-noir-en-liege\/\" \/>\n<meta property=\"og:locale\" content=\"fr_FR\" \/>\n<meta property=\"og:type\" content=\"article\" \/>\n<meta property=\"og:title\" content=\"Tableau noir en li\u00e8ge - Achetez au Meilleur Prix\" \/>\n<meta property=\"og:description\" content=\"Tableau en li\u00e8ge avec cadre en aluminium argent\u00e9 et coins de protection en ABS. Peut \u00eatre positionn\u00e9 verticalement et horizontalement. Disponible en diff\u00e9rents formats\" \/>\n<meta property=\"og:url\" content=\"https:\/\/www.smartystore.it\/fr\/prodotto\/tableau-noir-en-liege\/\" \/>\n<meta property=\"og:site_name\" content=\"Smarty Store\" \/>\n<meta property=\"article:modified_time\" content=\"2025-10-22T08:42:58+00:00\" \/>\n<meta property=\"og:image\" content=\"https:\/\/www.smartystore.it\/v25\/wp-content\/uploads\/2013\/06\/Lavagna-linea-sughero-con-struttura-in-alluminio-e-orientabile.jpg\" \/>\n\t<meta property=\"og:image:width\" content=\"1000\" \/>\n\t<meta property=\"og:image:height\" content=\"1000\" \/>\n\t<meta property=\"og:image:type\" content=\"image\/jpeg\" \/>\n<meta name=\"twitter:card\" content=\"summary_large_image\" \/>\n<meta name=\"twitter:label1\" content=\"Dur\u00e9e de lecture estim\u00e9e\" \/>\n\t<meta name=\"twitter:data1\" content=\"3 minutes\" \/>\n<script type=\"application\/ld+json\" class=\"yoast-schema-graph\">{\"@context\":\"https:\/\/schema.org\",\"@graph\":[{\"@type\":\"WebPage\",\"@id\":\"https:\/\/www.smartystore.it\/fr\/prodotto\/tableau-noir-en-liege\/\",\"url\":\"https:\/\/www.smartystore.it\/fr\/prodotto\/tableau-noir-en-liege\/\",\"name\":\"Tableau noir en li\u00e8ge - Achetez au Meilleur Prix\",\"isPartOf\":{\"@id\":\"https:\/\/www.smartystore.it\/fr\/#website\"},\"primaryImageOfPage\":{\"@id\":\"https:\/\/www.smartystore.it\/fr\/prodotto\/tableau-noir-en-liege\/#primaryimage\"},\"image\":{\"@id\":\"https:\/\/www.smartystore.it\/fr\/prodotto\/tableau-noir-en-liege\/#primaryimage\"},\"thumbnailUrl\":\"https:\/\/www.smartystore.it\/v25\/wp-content\/uploads\/2013\/06\/Lavagna-linea-sughero-con-struttura-in-alluminio-e-orientabile.jpg\",\"datePublished\":\"2013-06-05T22:22:23+00:00\",\"dateModified\":\"2025-10-22T08:42:58+00:00\",\"description\":\"Tableau en li\u00e8ge avec cadre en aluminium argent\u00e9 et coins de protection en ABS. Peut \u00eatre positionn\u00e9 verticalement et horizontalement. Disponible en diff\u00e9rents formats\",\"breadcrumb\":{\"@id\":\"https:\/\/www.smartystore.it\/fr\/prodotto\/tableau-noir-en-liege\/#breadcrumb\"},\"inLanguage\":\"fr-FR\",\"potentialAction\":[{\"@type\":\"ReadAction\",\"target\":[\"https:\/\/www.smartystore.it\/fr\/prodotto\/tableau-noir-en-liege\/\"]}]},{\"@type\":\"ImageObject\",\"inLanguage\":\"fr-FR\",\"@id\":\"https:\/\/www.smartystore.it\/fr\/prodotto\/tableau-noir-en-liege\/#primaryimage\",\"url\":\"https:\/\/www.smartystore.it\/v25\/wp-content\/uploads\/2013\/06\/Lavagna-linea-sughero-con-struttura-in-alluminio-e-orientabile.jpg\",\"contentUrl\":\"https:\/\/www.smartystore.it\/v25\/wp-content\/uploads\/2013\/06\/Lavagna-linea-sughero-con-struttura-in-alluminio-e-orientabile.jpg\",\"width\":1000,\"height\":1000,\"caption\":\"Tableau en li\u00e8ge\"},{\"@type\":\"BreadcrumbList\",\"@id\":\"https:\/\/www.smartystore.it\/fr\/prodotto\/tableau-noir-en-liege\/#breadcrumb\",\"itemListElement\":[{\"@type\":\"ListItem\",\"position\":1,\"name\":\"Home\",\"item\":\"https:\/\/www.smartystore.it\/fr\/\"},{\"@type\":\"ListItem\",\"position\":2,\"name\":\"Boutique\",\"item\":\"https:\/\/www.smartystore.it\/fr\/boutique\/\"},{\"@type\":\"ListItem\",\"position\":3,\"name\":\"Tableau noir en li\u00e8ge\"}]},{\"@type\":\"WebSite\",\"@id\":\"https:\/\/www.smartystore.it\/fr\/#website\",\"url\":\"https:\/\/www.smartystore.it\/fr\/\",\"name\":\"Smarty Store\",\"description\":\"Espositori Pubblicitari e Sistemi di Comunicazione Visiva\",\"potentialAction\":[{\"@type\":\"SearchAction\",\"target\":{\"@type\":\"EntryPoint\",\"urlTemplate\":\"https:\/\/www.smartystore.it\/fr\/?s={search_term_string}\"},\"query-input\":{\"@type\":\"PropertyValueSpecification\",\"valueRequired\":true,\"valueName\":\"search_term_string\"}}],\"inLanguage\":\"fr-FR\"}]}<\/script>\n<!-- \/ Yoast SEO plugin. -->","yoast_head_json":{"title":"Tableau noir en li\u00e8ge - Achetez au Meilleur Prix","description":"Tableau en li\u00e8ge avec cadre en aluminium argent\u00e9 et coins de protection en ABS. Peut \u00eatre positionn\u00e9 verticalement et horizontalement. Disponible en diff\u00e9rents formats","robots":{"index":"index","follow":"follow","max-snippet":"max-snippet:-1","max-image-preview":"max-image-preview:large","max-video-preview":"max-video-preview:-1"},"canonical":"https:\/\/www.smartystore.it\/fr\/prodotto\/tableau-noir-en-liege\/","og_locale":"fr_FR","og_type":"article","og_title":"Tableau noir en li\u00e8ge - Achetez au Meilleur Prix","og_description":"Tableau en li\u00e8ge avec cadre en aluminium argent\u00e9 et coins de protection en ABS. Peut \u00eatre positionn\u00e9 verticalement et horizontalement. Disponible en diff\u00e9rents formats","og_url":"https:\/\/www.smartystore.it\/fr\/prodotto\/tableau-noir-en-liege\/","og_site_name":"Smarty Store","article_modified_time":"2025-10-22T08:42:58+00:00","og_image":[{"width":1000,"height":1000,"url":"https:\/\/www.smartystore.it\/v25\/wp-content\/uploads\/2013\/06\/Lavagna-linea-sughero-con-struttura-in-alluminio-e-orientabile.jpg","type":"image\/jpeg"}],"twitter_card":"summary_large_image","twitter_misc":{"Dur\u00e9e de lecture estim\u00e9e":"3 minutes"},"schema":{"@context":"https:\/\/schema.org","@graph":[{"@type":"WebPage","@id":"https:\/\/www.smartystore.it\/fr\/prodotto\/tableau-noir-en-liege\/","url":"https:\/\/www.smartystore.it\/fr\/prodotto\/tableau-noir-en-liege\/","name":"Tableau noir en li\u00e8ge - Achetez au Meilleur Prix","isPartOf":{"@id":"https:\/\/www.smartystore.it\/fr\/#website"},"primaryImageOfPage":{"@id":"https:\/\/www.smartystore.it\/fr\/prodotto\/tableau-noir-en-liege\/#primaryimage"},"image":{"@id":"https:\/\/www.smartystore.it\/fr\/prodotto\/tableau-noir-en-liege\/#primaryimage"},"thumbnailUrl":"https:\/\/www.smartystore.it\/v25\/wp-content\/uploads\/2013\/06\/Lavagna-linea-sughero-con-struttura-in-alluminio-e-orientabile.jpg","datePublished":"2013-06-05T22:22:23+00:00","dateModified":"2025-10-22T08:42:58+00:00","description":"Tableau en li\u00e8ge avec cadre en aluminium argent\u00e9 et coins de protection en ABS. Peut \u00eatre positionn\u00e9 verticalement et horizontalement. Disponible en diff\u00e9rents formats","breadcrumb":{"@id":"https:\/\/www.smartystore.it\/fr\/prodotto\/tableau-noir-en-liege\/#breadcrumb"},"inLanguage":"fr-FR","potentialAction":[{"@type":"ReadAction","target":["https:\/\/www.smartystore.it\/fr\/prodotto\/tableau-noir-en-liege\/"]}]},{"@type":"ImageObject","inLanguage":"fr-FR","@id":"https:\/\/www.smartystore.it\/fr\/prodotto\/tableau-noir-en-liege\/#primaryimage","url":"https:\/\/www.smartystore.it\/v25\/wp-content\/uploads\/2013\/06\/Lavagna-linea-sughero-con-struttura-in-alluminio-e-orientabile.jpg","contentUrl":"https:\/\/www.smartystore.it\/v25\/wp-content\/uploads\/2013\/06\/Lavagna-linea-sughero-con-struttura-in-alluminio-e-orientabile.jpg","width":1000,"height":1000,"caption":"Tableau en li\u00e8ge"},{"@type":"BreadcrumbList","@id":"https:\/\/www.smartystore.it\/fr\/prodotto\/tableau-noir-en-liege\/#breadcrumb","itemListElement":[{"@type":"ListItem","position":1,"name":"Home","item":"https:\/\/www.smartystore.it\/fr\/"},{"@type":"ListItem","position":2,"name":"Boutique","item":"https:\/\/www.smartystore.it\/fr\/boutique\/"},{"@type":"ListItem","position":3,"name":"Tableau noir en li\u00e8ge"}]},{"@type":"WebSite","@id":"https:\/\/www.smartystore.it\/fr\/#website","url":"https:\/\/www.smartystore.it\/fr\/","name":"Smarty Store","description":"Espositori Pubblicitari e Sistemi di Comunicazione Visiva","potentialAction":[{"@type":"SearchAction","target":{"@type":"EntryPoint","urlTemplate":"https:\/\/www.smartystore.it\/fr\/?s={search_term_string}"},"query-input":{"@type":"PropertyValueSpecification","valueRequired":true,"valueName":"search_term_string"}}],"inLanguage":"fr-FR"}]}},"brands":[],"_links":{"self":[{"href":"https:\/\/www.smartystore.it\/fr\/wp-json\/wp\/v2\/product\/96146","targetHints":{"allow":["GET"]}}],"collection":[{"href":"https:\/\/www.smartystore.it\/fr\/wp-json\/wp\/v2\/product"}],"about":[{"href":"https:\/\/www.smartystore.it\/fr\/wp-json\/wp\/v2\/types\/product"}],"replies":[{"embeddable":true,"href":"https:\/\/www.smartystore.it\/fr\/wp-json\/wp\/v2\/comments?post=96146"}],"wp:featuredmedia":[{"embeddable":true,"href":"https:\/\/www.smartystore.it\/fr\/wp-json\/wp\/v2\/media\/93533"}],"wp:attachment":[{"href":"https:\/\/www.smartystore.it\/fr\/wp-json\/wp\/v2\/media?parent=96146"}],"wp:term":[{"taxonomy":"pwb-brand","embeddable":true,"href":"https:\/\/www.smartystore.it\/fr\/wp-json\/wp\/v2\/pwb-brand?post=96146"},{"taxonomy":"product_brand","embeddable":true,"href":"https:\/\/www.smartystore.it\/fr\/wp-json\/wp\/v2\/product_brand?post=96146"},{"taxonomy":"product_cat","embeddable":true,"href":"https:\/\/www.smartystore.it\/fr\/wp-json\/wp\/v2\/product_cat?post=96146"},{"taxonomy":"product_tag","embeddable":true,"href":"https:\/\/www.smartystore.it\/fr\/wp-json\/wp\/v2\/product_tag?post=96146"}],"curies":[{"name":"wp","href":"https:\/\/api.w.org\/{rel}","templated":true}]}}