{"id":96140,"date":"2014-06-19T16:37:02","date_gmt":"2014-06-19T14:37:02","guid":{"rendered":"https:\/\/www.smartystore.it\/prodotto\/chevalet-double-face-avec-cadres-a-pression-70x100-et-fond-en-metal\/"},"modified":"2026-03-19T18:26:04","modified_gmt":"2026-03-19T16:26:04","slug":"chevalet-double-face-avec-cadres-a-pression-70x100-et-fond-en-metal","status":"publish","type":"product","link":"https:\/\/www.smartystore.it\/fr\/prodotto\/chevalet-double-face-avec-cadres-a-pression-70x100-et-fond-en-metal\/","title":{"rendered":"Chevalet double face avec cadres \u00e0 pression 70&#215;100 et fond en METAL"},"content":{"rendered":"<div class=\"wpb-content-wrapper\"><p>[vc_row][vc_column][vc_column_text css=\u00a0\u00bb\u00a0\u00bb css_params=\u00a0\u00bb\u00a0\u00bb]<\/p>\n<h1>Chevalet double face avec cadres \u00e0 pression 70&#215;100 et base m\u00e9tallique<\/h1>\n<p>Le chevalet double face avec cadres clipsables 70&#215;100 est une solution polyvalente et \u00e9l\u00e9gante pour votre communication visuelle. Gr\u00e2ce \u00e0 son design innovant et \u00e0 son syst\u00e8me d&rsquo;ouverture par pression, il vous permet de remplacer facilement les supports graphiques \u00e0 tout moment, ce qui le rend id\u00e9al pour les pr\u00e9sentations promotionnelles et les messages publicitaires. <\/p>\n<p>Fabriqu\u00e9 en aluminium, le cadre pr\u00e9sente un <strong>profil<\/strong> Frame 32 avec une largeur de bord de 32 mm, ce qui lui conf\u00e8re un aspect professionnel et contemporain. La finition en aluminium anodis\u00e9 garantit non seulement un aspect attrayant, mais offre \u00e9galement une protection suppl\u00e9mentaire contre les intemp\u00e9ries et l&rsquo;abrasion. Il est donc particuli\u00e8rement adapt\u00e9 aux affichages int\u00e9rieurs et ext\u00e9rieurs.  <\/p>\n<h2>Chevalet double face avec cadres \u00e0 pression 70&#215;100 et base m\u00e9tallique : Qualit\u00e9 et durabilit\u00e9<\/h2>\n<p>Ce cadre se distingue par sa <strong>base m\u00e9tallique robuste<\/strong>, con\u00e7ue pour assurer une plus grande stabilit\u00e9 et une plus grande durabilit\u00e9. L&rsquo;utilisation de mat\u00e9riaux de haute qualit\u00e9 lui permet de r\u00e9sister aux contraintes quotidiennes, ce qui minimise le risque de dommages et augmente la long\u00e9vit\u00e9 du produit. En outre, le cadre est dot\u00e9 d&rsquo;un coin arrondi chrom\u00e9, qui non seulement am\u00e9liore l&rsquo;esth\u00e9tique, mais contribue \u00e9galement \u00e0 la s\u00e9curit\u00e9 en \u00e9vitant d&rsquo;\u00e9ventuelles blessures.  <\/p>\n<p>L&rsquo;insert protecteur <strong>antireflet<\/strong> est une autre caract\u00e9ristique cl\u00e9 qui permet une visibilit\u00e9 optimale des messages affich\u00e9s, en minimisant les reflets ind\u00e9sirables caus\u00e9s par la lumi\u00e8re ambiante. Cette caract\u00e9ristique est particuli\u00e8rement utile dans des contextes tels que les magasins, les centres commerciaux, les mus\u00e9es et les concessions automobiles, o\u00f9 la clart\u00e9 et l&rsquo;impact visuel des informations sont essentiels. <\/p>\n<p>L&rsquo;un des principaux avantages des cadres chevalets est leur facilit\u00e9 de transport et de stockage. \u00c0 la fin de la journ\u00e9e de travail, le cadre peut \u00eatre facilement pli\u00e9, ce qui permet de r\u00e9duire l&rsquo;espace dans la pi\u00e8ce, sans compromettre son int\u00e9grit\u00e9 et sa fonctionnalit\u00e9. <\/p>\n<p>En r\u00e9sum\u00e9, le chevalet double face avec cadres \u00e0 pression 70&#215;100 et base m\u00e9tallique est un outil indispensable pour ceux qui souhaitent communiquer de mani\u00e8re efficace et professionnelle. La combinaison d&rsquo;un design pratique, de mat\u00e9riaux r\u00e9sistants et d&rsquo;une grande facilit\u00e9 d&rsquo;utilisation fait de ce produit un investissement s\u00fbr pour toute activit\u00e9 commerciale ou institutionnelle visant \u00e0 maximiser sa visibilit\u00e9. <\/p>\n<p>&nbsp;<\/p>\n<h3>Caract\u00e9ristiques<\/h3>\n<ul>\n<li>Coin rond chrom\u00e9.<\/li>\n<li>Feuille de protection en PVC antireflet.<\/li>\n<li>Profil du cadre : Cadre 32.<\/li>\n<li>Format imprim\u00e9 : cm. 70&#215;100 .<\/li>\n<li>\u00c9paisseur de l&rsquo;impression : max. 1,8 mm.<\/li>\n<li>Format visible : 68,2 x 98,2 cm<\/li>\n<li>Mat\u00e9riau du cadre : aluminium.<\/li>\n<li>Mat\u00e9riau du fond : m\u00e9tal.<\/li>\n<li>Couleur : aluminium anodis\u00e9.<\/li>\n<li>Dimensions du cadre : mm. L 743 &#8211; H 1176 &#8211; P 840.<\/li>\n<li>Poids : 10,79 kg environ.<\/li>\n<\/ul>\n<p>&nbsp;<\/p>\n<h4 style=\"text-align: center;\">Voyez les autres mod\u00e8les de chevalets publicitaires sur ce <strong><a href=\"https:\/\/www.smartystore.it\/fr\/categoria-prodotto\/stands-publicitaires\/\">LIEN<\/a><\/strong><\/h4>\n<p>&nbsp;<\/p>\n<p><a href=\"https:\/\/www.smartystore.it\/v25\/wp-content\/uploads\/2023\/05\/STR-CRBF50X70E-70X100E-A1E.pdf\" target=\"_blank\" rel=\"noopener\"><img loading=\"lazy\" decoding=\"async\" class=\"alignnone size-full wp-image-93510\" src=\"https:\/\/www.smartystore.it\/v25\/wp-content\/uploads\/2014\/10\/SchedaTecnica-300-e1750084266903.png\" alt=\"\" width=\"249\" height=\"63\"><\/a><\/p>\n<p>[\/vc_column_text][\/vc_column][\/vc_row]<\/p>\n<\/div>","protected":false},"excerpt":{"rendered":"<p>Chevalet publicitaire double face en aluminium avec cadres \u00e0 pression pour affiches 70&#215;100. La base m\u00e9tallique garantit la stabilit\u00e9, la robustesse et la durabilit\u00e9.<\/p>\n","protected":false},"featured_media":96139,"comment_status":"open","ping_status":"closed","template":"","meta":{"_acf_changed":false},"pwb-brand":[],"product_brand":[],"product_cat":[3004],"product_tag":[5939,5943,5946,5949,6750,5945,5948,6751,5942,5941,5944,5947],"class_list":{"0":"post-96140","1":"product","2":"type-product","3":"status-publish","4":"has-post-thumbnail","6":"product_cat-stands-publicitaires","7":"product_tag-cadre-de-chevalet-70x100","8":"product_tag-cadre-de-chevalet-double-face-70x100","9":"product_tag-cadre-de-chevalet-double-face-70x100-le-moins-cher","10":"product_tag-cadre-de-chevalet-encliquetable-70x100","11":"product_tag-chevalet-double-face-avec-cadres-encliquetables-70x100","12":"product_tag-chevalet-publicitaire-70x100-a-petit-prix","13":"product_tag-chevalet-publicitaire-70x100-avec-fond-metallique","14":"product_tag-chevalet-publicitaire-70x100-double-face","15":"product_tag-chevalets-publicitaires-double-face-pour-affiches-70x100","16":"product_tag-chevalets-publicitaires-en-metal-70x100","17":"product_tag-porte-affiche-double-face-70x100","18":"product_tag-presentoir-daffiches-double-face-70x100","19":"pa_c2c_angolo-rond","20":"pa_c2c_color-argent","21":"pa_c2c_dimensione-70x100-cm","22":"pa_c2c_mono_bifacciale-double-face","23":"pa_c2c_trovraprezzi-oui","25":"first","26":"instock","27":"taxable","28":"shipping-taxable","29":"purchasable","30":"product-type-simple"},"acf":[],"yoast_head":"<!-- This site is optimized with the Yoast SEO plugin v27.4 - https:\/\/yoast.com\/product\/yoast-seo-wordpress\/ -->\n<title>Chevalet double face avec cadres \u00e0 pression 70x100 et fond en METAL - Achetez au Meilleur Prix<\/title>\n<meta name=\"description\" content=\"Chevalet double face avec cadres clipsables 70x100 et base m\u00e9tallique. D\u00e9couvrez sur Smartystore les chevalets publicitaires ext\u00e9rieurs id\u00e9aux pour votre entreprise.\" \/>\n<meta name=\"robots\" content=\"index, follow, max-snippet:-1, max-image-preview:large, max-video-preview:-1\" \/>\n<link rel=\"canonical\" href=\"https:\/\/www.smartystore.it\/fr\/prodotto\/chevalet-double-face-avec-cadres-a-pression-70x100-et-fond-en-metal\/\" \/>\n<meta property=\"og:locale\" content=\"fr_FR\" \/>\n<meta property=\"og:type\" content=\"article\" \/>\n<meta property=\"og:title\" content=\"Chevalet double face avec cadres \u00e0 pression 70x100 et fond en METAL - Achetez au Meilleur Prix\" \/>\n<meta property=\"og:description\" content=\"Chevalet double face avec cadres clipsables 70x100 et base m\u00e9tallique. D\u00e9couvrez sur Smartystore les chevalets publicitaires ext\u00e9rieurs id\u00e9aux pour votre entreprise.\" \/>\n<meta property=\"og:url\" content=\"https:\/\/www.smartystore.it\/fr\/prodotto\/chevalet-double-face-avec-cadres-a-pression-70x100-et-fond-en-metal\/\" \/>\n<meta property=\"og:site_name\" content=\"Smarty Store\" \/>\n<meta property=\"article:modified_time\" content=\"2026-03-19T16:26:04+00:00\" \/>\n<meta property=\"og:image\" content=\"https:\/\/www.smartystore.it\/v25\/wp-content\/uploads\/2014\/06\/Cornice-a-cavalletto-bifacciale-70x100-fondo-in-metallo-usato-per-esposizione.jpg\" \/>\n\t<meta property=\"og:image:width\" content=\"1000\" \/>\n\t<meta property=\"og:image:height\" content=\"1000\" \/>\n\t<meta property=\"og:image:type\" content=\"image\/jpeg\" \/>\n<meta name=\"twitter:card\" content=\"summary_large_image\" \/>\n<meta name=\"twitter:label1\" content=\"Dur\u00e9e de lecture estim\u00e9e\" \/>\n\t<meta name=\"twitter:data1\" content=\"3 minutes\" \/>\n<script type=\"application\/ld+json\" class=\"yoast-schema-graph\">{\"@context\":\"https:\\\/\\\/schema.org\",\"@graph\":[{\"@type\":\"WebPage\",\"@id\":\"https:\\\/\\\/www.smartystore.it\\\/fr\\\/prodotto\\\/chevalet-double-face-avec-cadres-a-pression-70x100-et-fond-en-metal\\\/\",\"url\":\"https:\\\/\\\/www.smartystore.it\\\/fr\\\/prodotto\\\/chevalet-double-face-avec-cadres-a-pression-70x100-et-fond-en-metal\\\/\",\"name\":\"Chevalet double face avec cadres \u00e0 pression 70x100 et fond en METAL - Achetez au Meilleur Prix\",\"isPartOf\":{\"@id\":\"https:\\\/\\\/www.smartystore.it\\\/fr\\\/#website\"},\"primaryImageOfPage\":{\"@id\":\"https:\\\/\\\/www.smartystore.it\\\/fr\\\/prodotto\\\/chevalet-double-face-avec-cadres-a-pression-70x100-et-fond-en-metal\\\/#primaryimage\"},\"image\":{\"@id\":\"https:\\\/\\\/www.smartystore.it\\\/fr\\\/prodotto\\\/chevalet-double-face-avec-cadres-a-pression-70x100-et-fond-en-metal\\\/#primaryimage\"},\"thumbnailUrl\":\"https:\\\/\\\/www.smartystore.it\\\/v25\\\/wp-content\\\/uploads\\\/2014\\\/06\\\/Cornice-a-cavalletto-bifacciale-70x100-fondo-in-metallo-usato-per-esposizione.jpg\",\"datePublished\":\"2014-06-19T14:37:02+00:00\",\"dateModified\":\"2026-03-19T16:26:04+00:00\",\"description\":\"Chevalet double face avec cadres clipsables 70x100 et base m\u00e9tallique. D\u00e9couvrez sur Smartystore les chevalets publicitaires ext\u00e9rieurs id\u00e9aux pour votre entreprise.\",\"breadcrumb\":{\"@id\":\"https:\\\/\\\/www.smartystore.it\\\/fr\\\/prodotto\\\/chevalet-double-face-avec-cadres-a-pression-70x100-et-fond-en-metal\\\/#breadcrumb\"},\"inLanguage\":\"fr-FR\",\"potentialAction\":[{\"@type\":\"ReadAction\",\"target\":[\"https:\\\/\\\/www.smartystore.it\\\/fr\\\/prodotto\\\/chevalet-double-face-avec-cadres-a-pression-70x100-et-fond-en-metal\\\/\"]}]},{\"@type\":\"ImageObject\",\"inLanguage\":\"fr-FR\",\"@id\":\"https:\\\/\\\/www.smartystore.it\\\/fr\\\/prodotto\\\/chevalet-double-face-avec-cadres-a-pression-70x100-et-fond-en-metal\\\/#primaryimage\",\"url\":\"https:\\\/\\\/www.smartystore.it\\\/v25\\\/wp-content\\\/uploads\\\/2014\\\/06\\\/Cornice-a-cavalletto-bifacciale-70x100-fondo-in-metallo-usato-per-esposizione.jpg\",\"contentUrl\":\"https:\\\/\\\/www.smartystore.it\\\/v25\\\/wp-content\\\/uploads\\\/2014\\\/06\\\/Cornice-a-cavalletto-bifacciale-70x100-fondo-in-metallo-usato-per-esposizione.jpg\",\"width\":1000,\"height\":1000,\"caption\":\"Chevalet double face avec cadres \u00e0 pression 70x100 et fond en METAL\"},{\"@type\":\"BreadcrumbList\",\"@id\":\"https:\\\/\\\/www.smartystore.it\\\/fr\\\/prodotto\\\/chevalet-double-face-avec-cadres-a-pression-70x100-et-fond-en-metal\\\/#breadcrumb\",\"itemListElement\":[{\"@type\":\"ListItem\",\"position\":1,\"name\":\"Home\",\"item\":\"https:\\\/\\\/www.smartystore.it\\\/fr\\\/\"},{\"@type\":\"ListItem\",\"position\":2,\"name\":\"Boutique\",\"item\":\"https:\\\/\\\/www.smartystore.it\\\/fr\\\/boutique\\\/\"},{\"@type\":\"ListItem\",\"position\":3,\"name\":\"Chevalet double face avec cadres \u00e0 pression 70&#215;100 et fond en METAL\"}]},{\"@type\":\"WebSite\",\"@id\":\"https:\\\/\\\/www.smartystore.it\\\/fr\\\/#website\",\"url\":\"https:\\\/\\\/www.smartystore.it\\\/fr\\\/\",\"name\":\"Smarty Store\",\"description\":\"Espositori Pubblicitari e Sistemi di Comunicazione Visiva\",\"potentialAction\":[{\"@type\":\"SearchAction\",\"target\":{\"@type\":\"EntryPoint\",\"urlTemplate\":\"https:\\\/\\\/www.smartystore.it\\\/fr\\\/?s={search_term_string}\"},\"query-input\":{\"@type\":\"PropertyValueSpecification\",\"valueRequired\":true,\"valueName\":\"search_term_string\"}}],\"inLanguage\":\"fr-FR\"}]}<\/script>\n<!-- \/ Yoast SEO plugin. -->","yoast_head_json":{"title":"Chevalet double face avec cadres \u00e0 pression 70x100 et fond en METAL - Achetez au Meilleur Prix","description":"Chevalet double face avec cadres clipsables 70x100 et base m\u00e9tallique. D\u00e9couvrez sur Smartystore les chevalets publicitaires ext\u00e9rieurs id\u00e9aux pour votre entreprise.","robots":{"index":"index","follow":"follow","max-snippet":"max-snippet:-1","max-image-preview":"max-image-preview:large","max-video-preview":"max-video-preview:-1"},"canonical":"https:\/\/www.smartystore.it\/fr\/prodotto\/chevalet-double-face-avec-cadres-a-pression-70x100-et-fond-en-metal\/","og_locale":"fr_FR","og_type":"article","og_title":"Chevalet double face avec cadres \u00e0 pression 70x100 et fond en METAL - Achetez au Meilleur Prix","og_description":"Chevalet double face avec cadres clipsables 70x100 et base m\u00e9tallique. D\u00e9couvrez sur Smartystore les chevalets publicitaires ext\u00e9rieurs id\u00e9aux pour votre entreprise.","og_url":"https:\/\/www.smartystore.it\/fr\/prodotto\/chevalet-double-face-avec-cadres-a-pression-70x100-et-fond-en-metal\/","og_site_name":"Smarty Store","article_modified_time":"2026-03-19T16:26:04+00:00","og_image":[{"width":1000,"height":1000,"url":"https:\/\/www.smartystore.it\/v25\/wp-content\/uploads\/2014\/06\/Cornice-a-cavalletto-bifacciale-70x100-fondo-in-metallo-usato-per-esposizione.jpg","type":"image\/jpeg"}],"twitter_card":"summary_large_image","twitter_misc":{"Dur\u00e9e de lecture estim\u00e9e":"3 minutes"},"schema":{"@context":"https:\/\/schema.org","@graph":[{"@type":"WebPage","@id":"https:\/\/www.smartystore.it\/fr\/prodotto\/chevalet-double-face-avec-cadres-a-pression-70x100-et-fond-en-metal\/","url":"https:\/\/www.smartystore.it\/fr\/prodotto\/chevalet-double-face-avec-cadres-a-pression-70x100-et-fond-en-metal\/","name":"Chevalet double face avec cadres \u00e0 pression 70x100 et fond en METAL - Achetez au Meilleur Prix","isPartOf":{"@id":"https:\/\/www.smartystore.it\/fr\/#website"},"primaryImageOfPage":{"@id":"https:\/\/www.smartystore.it\/fr\/prodotto\/chevalet-double-face-avec-cadres-a-pression-70x100-et-fond-en-metal\/#primaryimage"},"image":{"@id":"https:\/\/www.smartystore.it\/fr\/prodotto\/chevalet-double-face-avec-cadres-a-pression-70x100-et-fond-en-metal\/#primaryimage"},"thumbnailUrl":"https:\/\/www.smartystore.it\/v25\/wp-content\/uploads\/2014\/06\/Cornice-a-cavalletto-bifacciale-70x100-fondo-in-metallo-usato-per-esposizione.jpg","datePublished":"2014-06-19T14:37:02+00:00","dateModified":"2026-03-19T16:26:04+00:00","description":"Chevalet double face avec cadres clipsables 70x100 et base m\u00e9tallique. D\u00e9couvrez sur Smartystore les chevalets publicitaires ext\u00e9rieurs id\u00e9aux pour votre entreprise.","breadcrumb":{"@id":"https:\/\/www.smartystore.it\/fr\/prodotto\/chevalet-double-face-avec-cadres-a-pression-70x100-et-fond-en-metal\/#breadcrumb"},"inLanguage":"fr-FR","potentialAction":[{"@type":"ReadAction","target":["https:\/\/www.smartystore.it\/fr\/prodotto\/chevalet-double-face-avec-cadres-a-pression-70x100-et-fond-en-metal\/"]}]},{"@type":"ImageObject","inLanguage":"fr-FR","@id":"https:\/\/www.smartystore.it\/fr\/prodotto\/chevalet-double-face-avec-cadres-a-pression-70x100-et-fond-en-metal\/#primaryimage","url":"https:\/\/www.smartystore.it\/v25\/wp-content\/uploads\/2014\/06\/Cornice-a-cavalletto-bifacciale-70x100-fondo-in-metallo-usato-per-esposizione.jpg","contentUrl":"https:\/\/www.smartystore.it\/v25\/wp-content\/uploads\/2014\/06\/Cornice-a-cavalletto-bifacciale-70x100-fondo-in-metallo-usato-per-esposizione.jpg","width":1000,"height":1000,"caption":"Chevalet double face avec cadres \u00e0 pression 70x100 et fond en METAL"},{"@type":"BreadcrumbList","@id":"https:\/\/www.smartystore.it\/fr\/prodotto\/chevalet-double-face-avec-cadres-a-pression-70x100-et-fond-en-metal\/#breadcrumb","itemListElement":[{"@type":"ListItem","position":1,"name":"Home","item":"https:\/\/www.smartystore.it\/fr\/"},{"@type":"ListItem","position":2,"name":"Boutique","item":"https:\/\/www.smartystore.it\/fr\/boutique\/"},{"@type":"ListItem","position":3,"name":"Chevalet double face avec cadres \u00e0 pression 70&#215;100 et fond en METAL"}]},{"@type":"WebSite","@id":"https:\/\/www.smartystore.it\/fr\/#website","url":"https:\/\/www.smartystore.it\/fr\/","name":"Smarty Store","description":"Espositori Pubblicitari e Sistemi di Comunicazione Visiva","potentialAction":[{"@type":"SearchAction","target":{"@type":"EntryPoint","urlTemplate":"https:\/\/www.smartystore.it\/fr\/?s={search_term_string}"},"query-input":{"@type":"PropertyValueSpecification","valueRequired":true,"valueName":"search_term_string"}}],"inLanguage":"fr-FR"}]}},"brands":[],"_links":{"self":[{"href":"https:\/\/www.smartystore.it\/fr\/wp-json\/wp\/v2\/product\/96140","targetHints":{"allow":["GET"]}}],"collection":[{"href":"https:\/\/www.smartystore.it\/fr\/wp-json\/wp\/v2\/product"}],"about":[{"href":"https:\/\/www.smartystore.it\/fr\/wp-json\/wp\/v2\/types\/product"}],"replies":[{"embeddable":true,"href":"https:\/\/www.smartystore.it\/fr\/wp-json\/wp\/v2\/comments?post=96140"}],"wp:featuredmedia":[{"embeddable":true,"href":"https:\/\/www.smartystore.it\/fr\/wp-json\/wp\/v2\/media\/96139"}],"wp:attachment":[{"href":"https:\/\/www.smartystore.it\/fr\/wp-json\/wp\/v2\/media?parent=96140"}],"wp:term":[{"taxonomy":"pwb-brand","embeddable":true,"href":"https:\/\/www.smartystore.it\/fr\/wp-json\/wp\/v2\/pwb-brand?post=96140"},{"taxonomy":"product_brand","embeddable":true,"href":"https:\/\/www.smartystore.it\/fr\/wp-json\/wp\/v2\/product_brand?post=96140"},{"taxonomy":"product_cat","embeddable":true,"href":"https:\/\/www.smartystore.it\/fr\/wp-json\/wp\/v2\/product_cat?post=96140"},{"taxonomy":"product_tag","embeddable":true,"href":"https:\/\/www.smartystore.it\/fr\/wp-json\/wp\/v2\/product_tag?post=96140"}],"curies":[{"name":"wp","href":"https:\/\/api.w.org\/{rel}","templated":true}]}}