{"id":96115,"date":"2014-06-19T16:32:24","date_gmt":"2014-06-19T14:32:24","guid":{"rendered":"https:\/\/www.smartystore.it\/prodotto\/cadre-chevalet-double-face-50x70-avec-base-en-metal\/"},"modified":"2025-10-20T17:59:12","modified_gmt":"2025-10-20T15:59:12","slug":"cadre-chevalet-double-face-50x70-avec-base-en-metal","status":"publish","type":"product","link":"https:\/\/www.smartystore.it\/fr\/prodotto\/cadre-chevalet-double-face-50x70-avec-base-en-metal\/","title":{"rendered":"Cadre chevalet double face 50&#215;70 avec base en METAL"},"content":{"rendered":"<div class=\"wpb-content-wrapper\"><p>[vc_row][vc_column][vc_column_text css=\u00a0\u00bb\u00a0\u00bb css_params=\u00a0\u00bb\u00a0\u00bb]<\/p>\n<h1>Cadre de chevalet 50&#215;70 double face avec fond m\u00e9tallique : une option polyvalente pour la communication visuelle<\/h1>\n<p>Dans un monde de plus en plus orient\u00e9 vers la communication visuelle, le cadre chevalet recto-verso 50&#215;70 est la solution id\u00e9ale pour pr\u00e9senter efficacement des informations, des produits ou des promotions. Avec un format imprim\u00e9 de 50&#215;70 cm, ce cadre est con\u00e7u pour attirer l&rsquo;attention et transmettre des messages clairs aussi bien \u00e0 l&rsquo;ext\u00e9rieur du point de vente qu&rsquo;\u00e0 l&rsquo;int\u00e9rieur des centres commerciaux. <\/p>\n<p>Ce cadre se distingue notamment par son syst\u00e8me d&rsquo;ouverture rapide, qui permet d&rsquo;acc\u00e9der rapidement au contenu affich\u00e9. Cela se traduit par une efficacit\u00e9 op\u00e9rationnelle sup\u00e9rieure, car il est facile et rapide de remplacer les publicit\u00e9s ou les graphiques, ce qui permet \u00e0 l&rsquo;op\u00e9rateur de gagner un temps pr\u00e9cieux. En outre, la <strong>base m\u00e9tallique<\/strong> robuste garantit la durabilit\u00e9, la protection du mat\u00e9riel d&rsquo;affichage contre les dommages et la stabilit\u00e9 pendant l&rsquo;utilisation.  <\/p>\n<p>Un autre avantage de ce produit est sa capacit\u00e9 \u00e0 \u00eatre facilement pli\u00e9. Cette caract\u00e9ristique permet d&rsquo;optimiser l&rsquo;espace dans la pi\u00e8ce, ce qui le rend parfait pour le stockage apr\u00e8s la fermeture. Il n&rsquo;est pas rare que les entreprises cherchent \u00e0 maximiser leur efficacit\u00e9 logistique, et ce cadre \u00e0 tr\u00e9teaux offre une solution pratique et fonctionnelle.  <\/p>\n<h2>Cadre de chevalet 50&#215;70 double face : design et robustesse<\/h2>\n<p>D&rsquo;un point de vue esth\u00e9tique, le cadre pr\u00e9sente un profil Frame 32, d&rsquo;une largeur de 32 mm, con\u00e7u pour une <strong>robustesse sup\u00e9rieure<\/strong> qui permet de mieux supporter le mat\u00e9riel de promotion et de publicit\u00e9. La couleur de l&rsquo;aluminium anodis\u00e9 ajoute une touche d&rsquo;\u00e9l\u00e9gance et de modernit\u00e9, rendant le cadre non seulement fonctionnel mais aussi agr\u00e9able \u00e0 l&rsquo;\u0153il. La pr\u00e9sence de coins arrondis chrom\u00e9s contribue \u00e0 l&rsquo;aspect fini du produit, en \u00e9vitant les ar\u00eates vives et en assurant une plus grande s\u00e9curit\u00e9.  <\/p>\n<p>Enfin, le cadre est \u00e9quip\u00e9 d&rsquo;une feuille de protection antireflet, indispensable pour assurer une visibilit\u00e9 optimale des contenus affich\u00e9s, en \u00e9liminant les reflets ind\u00e9sirables qui pourraient g\u00eaner la lecture. En r\u00e9sum\u00e9, le cadre chevalet double face avec base m\u00e9tallique est un choix strat\u00e9gique pour tous ceux qui souhaitent am\u00e9liorer leur communication visuelle en alliant robustesse, praticit\u00e9 et design \u00e9l\u00e9gant. <\/p>\n<p>&nbsp;<\/p>\n<h3>Caract\u00e9ristiques<\/h3>\n<ul>\n<li>Coin rond chrom\u00e9.<\/li>\n<li>Feuille de protection en PVC transparent antireflet.<\/li>\n<li>Profil du cadre : Cadre 32 (largeur du profil mm. 32).<\/li>\n<li>Format imprim\u00e9 : 50&#215;70 cm.<\/li>\n<li>\u00c9paisseur de l&rsquo;impression : max. 1,8 mm.<\/li>\n<li>Format visible : 48,2 x 68,2 cm<\/li>\n<li>Mat\u00e9riau du cadre : aluminium.<\/li>\n<li>Mat\u00e9riau du fond : m\u00e9tal.<\/li>\n<li>Couleur : aluminium anodis\u00e9.<\/li>\n<li>Dimensions du cadre : cm. L 54,3 &#8211; H 90,5 &#8211; P 84,0 <\/li>\n<li>Poids : 6,80 kg environ.<\/li>\n<\/ul>\n<h4 style=\"text-align: center;\">Voyez les autres mod\u00e8les de chevalets publicitaires sur ce <strong><a href=\"https:\/\/www.smartystore.it\/fr\/categoria-prodotto\/stands-publicitaires\/\">LIEN<\/a><\/strong><\/h4>\n<p>&nbsp;<\/p>\n<p><a href=\"https:\/\/www.smartystore.it\/v25\/wp-content\/uploads\/2023\/05\/STR-CRBF50X70E-70X100E-A1E.pdf\" target=\"_blank\" rel=\"noopener\"><img loading=\"lazy\" decoding=\"async\" class=\"alignnone size-full wp-image-93510\" src=\"https:\/\/www.smartystore.it\/v25\/wp-content\/uploads\/2014\/10\/SchedaTecnica-300-e1750084266903.png\" alt=\"\" width=\"249\" height=\"63\"><\/a><\/p>\n<p>[\/vc_column_text][\/vc_column][\/vc_row]<\/p>\n<\/div>","protected":false},"excerpt":{"rendered":"<p>Support publicitaire double face 50&#215;70 en aluminium. R\u00e9sistance maximale : cadre de 32 mm et base m\u00e9tallique <\/p>\n","protected":false},"featured_media":96114,"comment_status":"open","ping_status":"closed","template":"","meta":{"_acf_changed":false},"pwb-brand":[],"product_brand":[],"product_cat":[3004],"product_tag":[5916,5906,5910,5913,5912,5915,5907,5909,5908,5911,5914],"class_list":{"0":"post-96115","1":"product","2":"type-product","3":"status-publish","4":"has-post-thumbnail","6":"product_cat-stands-publicitaires","7":"product_tag-cadre-a-encliqueter-pour-chevalet-50x70","8":"product_tag-cadre-de-chevalet-50x70","9":"product_tag-cadre-de-chevalet-double-face-50x70","10":"product_tag-cadre-de-chevalet-double-face-50x70-le-moins-cher","11":"product_tag-chevalet-publicitaire-50x70-a-petit-prix","12":"product_tag-chevalet-publicitaire-50x70-avec-fond-metallique","13":"product_tag-chevalet-publicitaire-double-face-50x70","14":"product_tag-chevalets-publicitaires-double-face-pour-affiches-50x70","15":"product_tag-chevalets-publicitaires-metalliques-50x70","16":"product_tag-porte-affiche-double-face-50x70","17":"product_tag-presentoir-double-face-pour-affiches-50x70","18":"pa_c2c_angolo-rond","19":"pa_c2c_color-argent","20":"pa_c2c_dimensione-cm-50x70-fr","21":"pa_c2c_mono_bifacciale-double-face","22":"pa_c2c_trovraprezzi-oui","24":"first","25":"instock","26":"taxable","27":"shipping-taxable","28":"purchasable","29":"product-type-simple"},"acf":[],"yoast_head":"<!-- This site is optimized with the Yoast SEO plugin v27.4 - https:\/\/yoast.com\/product\/yoast-seo-wordpress\/ -->\n<title>Cadre chevalet double face 50x70 avec base en METAL - Achetez au Meilleur Prix<\/title>\n<meta name=\"description\" content=\"Chevalet double face cadre 50x70, base m\u00e9tal. D\u00e9couvrez sur Smartystore les chevalets publicitaires ext\u00e9rieurs id\u00e9aux pour promouvoir votre entreprise.\" \/>\n<meta name=\"robots\" content=\"index, follow, max-snippet:-1, max-image-preview:large, max-video-preview:-1\" \/>\n<link rel=\"canonical\" href=\"https:\/\/www.smartystore.it\/fr\/prodotto\/cadre-chevalet-double-face-50x70-avec-base-en-metal\/\" \/>\n<meta property=\"og:locale\" content=\"fr_FR\" \/>\n<meta property=\"og:type\" content=\"article\" \/>\n<meta property=\"og:title\" content=\"Cadre chevalet double face 50x70 avec base en METAL - Achetez au Meilleur Prix\" \/>\n<meta property=\"og:description\" content=\"Chevalet double face cadre 50x70, base m\u00e9tal. D\u00e9couvrez sur Smartystore les chevalets publicitaires ext\u00e9rieurs id\u00e9aux pour promouvoir votre entreprise.\" \/>\n<meta property=\"og:url\" content=\"https:\/\/www.smartystore.it\/fr\/prodotto\/cadre-chevalet-double-face-50x70-avec-base-en-metal\/\" \/>\n<meta property=\"og:site_name\" content=\"Smarty Store\" \/>\n<meta property=\"article:modified_time\" content=\"2025-10-20T15:59:12+00:00\" \/>\n<meta property=\"og:image\" content=\"https:\/\/www.smartystore.it\/v25\/wp-content\/uploads\/2014\/06\/Cornice-a-cavalletto-bifacciale-50x70-fondo-in-metallo-nuovo-logo.jpg\" \/>\n\t<meta property=\"og:image:width\" content=\"1000\" \/>\n\t<meta property=\"og:image:height\" content=\"1000\" \/>\n\t<meta property=\"og:image:type\" content=\"image\/jpeg\" \/>\n<meta name=\"twitter:card\" content=\"summary_large_image\" \/>\n<meta name=\"twitter:label1\" content=\"Dur\u00e9e de lecture estim\u00e9e\" \/>\n\t<meta name=\"twitter:data1\" content=\"3 minutes\" \/>\n<script type=\"application\/ld+json\" class=\"yoast-schema-graph\">{\"@context\":\"https:\\\/\\\/schema.org\",\"@graph\":[{\"@type\":\"WebPage\",\"@id\":\"https:\\\/\\\/www.smartystore.it\\\/fr\\\/prodotto\\\/cadre-chevalet-double-face-50x70-avec-base-en-metal\\\/\",\"url\":\"https:\\\/\\\/www.smartystore.it\\\/fr\\\/prodotto\\\/cadre-chevalet-double-face-50x70-avec-base-en-metal\\\/\",\"name\":\"Cadre chevalet double face 50x70 avec base en METAL - Achetez au Meilleur Prix\",\"isPartOf\":{\"@id\":\"https:\\\/\\\/www.smartystore.it\\\/fr\\\/#website\"},\"primaryImageOfPage\":{\"@id\":\"https:\\\/\\\/www.smartystore.it\\\/fr\\\/prodotto\\\/cadre-chevalet-double-face-50x70-avec-base-en-metal\\\/#primaryimage\"},\"image\":{\"@id\":\"https:\\\/\\\/www.smartystore.it\\\/fr\\\/prodotto\\\/cadre-chevalet-double-face-50x70-avec-base-en-metal\\\/#primaryimage\"},\"thumbnailUrl\":\"https:\\\/\\\/www.smartystore.it\\\/v25\\\/wp-content\\\/uploads\\\/2014\\\/06\\\/Cornice-a-cavalletto-bifacciale-50x70-fondo-in-metallo-nuovo-logo.jpg\",\"datePublished\":\"2014-06-19T14:32:24+00:00\",\"dateModified\":\"2025-10-20T15:59:12+00:00\",\"description\":\"Chevalet double face cadre 50x70, base m\u00e9tal. D\u00e9couvrez sur Smartystore les chevalets publicitaires ext\u00e9rieurs id\u00e9aux pour promouvoir votre entreprise.\",\"breadcrumb\":{\"@id\":\"https:\\\/\\\/www.smartystore.it\\\/fr\\\/prodotto\\\/cadre-chevalet-double-face-50x70-avec-base-en-metal\\\/#breadcrumb\"},\"inLanguage\":\"fr-FR\",\"potentialAction\":[{\"@type\":\"ReadAction\",\"target\":[\"https:\\\/\\\/www.smartystore.it\\\/fr\\\/prodotto\\\/cadre-chevalet-double-face-50x70-avec-base-en-metal\\\/\"]}]},{\"@type\":\"ImageObject\",\"inLanguage\":\"fr-FR\",\"@id\":\"https:\\\/\\\/www.smartystore.it\\\/fr\\\/prodotto\\\/cadre-chevalet-double-face-50x70-avec-base-en-metal\\\/#primaryimage\",\"url\":\"https:\\\/\\\/www.smartystore.it\\\/v25\\\/wp-content\\\/uploads\\\/2014\\\/06\\\/Cornice-a-cavalletto-bifacciale-50x70-fondo-in-metallo-nuovo-logo.jpg\",\"contentUrl\":\"https:\\\/\\\/www.smartystore.it\\\/v25\\\/wp-content\\\/uploads\\\/2014\\\/06\\\/Cornice-a-cavalletto-bifacciale-50x70-fondo-in-metallo-nuovo-logo.jpg\",\"width\":1000,\"height\":1000,\"caption\":\"Cadre chevalet double face 50x70\"},{\"@type\":\"BreadcrumbList\",\"@id\":\"https:\\\/\\\/www.smartystore.it\\\/fr\\\/prodotto\\\/cadre-chevalet-double-face-50x70-avec-base-en-metal\\\/#breadcrumb\",\"itemListElement\":[{\"@type\":\"ListItem\",\"position\":1,\"name\":\"Home\",\"item\":\"https:\\\/\\\/www.smartystore.it\\\/fr\\\/\"},{\"@type\":\"ListItem\",\"position\":2,\"name\":\"Boutique\",\"item\":\"https:\\\/\\\/www.smartystore.it\\\/fr\\\/boutique\\\/\"},{\"@type\":\"ListItem\",\"position\":3,\"name\":\"Cadre chevalet double face 50&#215;70 avec base en METAL\"}]},{\"@type\":\"WebSite\",\"@id\":\"https:\\\/\\\/www.smartystore.it\\\/fr\\\/#website\",\"url\":\"https:\\\/\\\/www.smartystore.it\\\/fr\\\/\",\"name\":\"Smarty Store\",\"description\":\"Espositori Pubblicitari e Sistemi di Comunicazione Visiva\",\"potentialAction\":[{\"@type\":\"SearchAction\",\"target\":{\"@type\":\"EntryPoint\",\"urlTemplate\":\"https:\\\/\\\/www.smartystore.it\\\/fr\\\/?s={search_term_string}\"},\"query-input\":{\"@type\":\"PropertyValueSpecification\",\"valueRequired\":true,\"valueName\":\"search_term_string\"}}],\"inLanguage\":\"fr-FR\"}]}<\/script>\n<!-- \/ Yoast SEO plugin. -->","yoast_head_json":{"title":"Cadre chevalet double face 50x70 avec base en METAL - Achetez au Meilleur Prix","description":"Chevalet double face cadre 50x70, base m\u00e9tal. D\u00e9couvrez sur Smartystore les chevalets publicitaires ext\u00e9rieurs id\u00e9aux pour promouvoir votre entreprise.","robots":{"index":"index","follow":"follow","max-snippet":"max-snippet:-1","max-image-preview":"max-image-preview:large","max-video-preview":"max-video-preview:-1"},"canonical":"https:\/\/www.smartystore.it\/fr\/prodotto\/cadre-chevalet-double-face-50x70-avec-base-en-metal\/","og_locale":"fr_FR","og_type":"article","og_title":"Cadre chevalet double face 50x70 avec base en METAL - Achetez au Meilleur Prix","og_description":"Chevalet double face cadre 50x70, base m\u00e9tal. D\u00e9couvrez sur Smartystore les chevalets publicitaires ext\u00e9rieurs id\u00e9aux pour promouvoir votre entreprise.","og_url":"https:\/\/www.smartystore.it\/fr\/prodotto\/cadre-chevalet-double-face-50x70-avec-base-en-metal\/","og_site_name":"Smarty Store","article_modified_time":"2025-10-20T15:59:12+00:00","og_image":[{"width":1000,"height":1000,"url":"https:\/\/www.smartystore.it\/v25\/wp-content\/uploads\/2014\/06\/Cornice-a-cavalletto-bifacciale-50x70-fondo-in-metallo-nuovo-logo.jpg","type":"image\/jpeg"}],"twitter_card":"summary_large_image","twitter_misc":{"Dur\u00e9e de lecture estim\u00e9e":"3 minutes"},"schema":{"@context":"https:\/\/schema.org","@graph":[{"@type":"WebPage","@id":"https:\/\/www.smartystore.it\/fr\/prodotto\/cadre-chevalet-double-face-50x70-avec-base-en-metal\/","url":"https:\/\/www.smartystore.it\/fr\/prodotto\/cadre-chevalet-double-face-50x70-avec-base-en-metal\/","name":"Cadre chevalet double face 50x70 avec base en METAL - Achetez au Meilleur Prix","isPartOf":{"@id":"https:\/\/www.smartystore.it\/fr\/#website"},"primaryImageOfPage":{"@id":"https:\/\/www.smartystore.it\/fr\/prodotto\/cadre-chevalet-double-face-50x70-avec-base-en-metal\/#primaryimage"},"image":{"@id":"https:\/\/www.smartystore.it\/fr\/prodotto\/cadre-chevalet-double-face-50x70-avec-base-en-metal\/#primaryimage"},"thumbnailUrl":"https:\/\/www.smartystore.it\/v25\/wp-content\/uploads\/2014\/06\/Cornice-a-cavalletto-bifacciale-50x70-fondo-in-metallo-nuovo-logo.jpg","datePublished":"2014-06-19T14:32:24+00:00","dateModified":"2025-10-20T15:59:12+00:00","description":"Chevalet double face cadre 50x70, base m\u00e9tal. D\u00e9couvrez sur Smartystore les chevalets publicitaires ext\u00e9rieurs id\u00e9aux pour promouvoir votre entreprise.","breadcrumb":{"@id":"https:\/\/www.smartystore.it\/fr\/prodotto\/cadre-chevalet-double-face-50x70-avec-base-en-metal\/#breadcrumb"},"inLanguage":"fr-FR","potentialAction":[{"@type":"ReadAction","target":["https:\/\/www.smartystore.it\/fr\/prodotto\/cadre-chevalet-double-face-50x70-avec-base-en-metal\/"]}]},{"@type":"ImageObject","inLanguage":"fr-FR","@id":"https:\/\/www.smartystore.it\/fr\/prodotto\/cadre-chevalet-double-face-50x70-avec-base-en-metal\/#primaryimage","url":"https:\/\/www.smartystore.it\/v25\/wp-content\/uploads\/2014\/06\/Cornice-a-cavalletto-bifacciale-50x70-fondo-in-metallo-nuovo-logo.jpg","contentUrl":"https:\/\/www.smartystore.it\/v25\/wp-content\/uploads\/2014\/06\/Cornice-a-cavalletto-bifacciale-50x70-fondo-in-metallo-nuovo-logo.jpg","width":1000,"height":1000,"caption":"Cadre chevalet double face 50x70"},{"@type":"BreadcrumbList","@id":"https:\/\/www.smartystore.it\/fr\/prodotto\/cadre-chevalet-double-face-50x70-avec-base-en-metal\/#breadcrumb","itemListElement":[{"@type":"ListItem","position":1,"name":"Home","item":"https:\/\/www.smartystore.it\/fr\/"},{"@type":"ListItem","position":2,"name":"Boutique","item":"https:\/\/www.smartystore.it\/fr\/boutique\/"},{"@type":"ListItem","position":3,"name":"Cadre chevalet double face 50&#215;70 avec base en METAL"}]},{"@type":"WebSite","@id":"https:\/\/www.smartystore.it\/fr\/#website","url":"https:\/\/www.smartystore.it\/fr\/","name":"Smarty Store","description":"Espositori Pubblicitari e Sistemi di Comunicazione Visiva","potentialAction":[{"@type":"SearchAction","target":{"@type":"EntryPoint","urlTemplate":"https:\/\/www.smartystore.it\/fr\/?s={search_term_string}"},"query-input":{"@type":"PropertyValueSpecification","valueRequired":true,"valueName":"search_term_string"}}],"inLanguage":"fr-FR"}]}},"brands":[],"_links":{"self":[{"href":"https:\/\/www.smartystore.it\/fr\/wp-json\/wp\/v2\/product\/96115","targetHints":{"allow":["GET"]}}],"collection":[{"href":"https:\/\/www.smartystore.it\/fr\/wp-json\/wp\/v2\/product"}],"about":[{"href":"https:\/\/www.smartystore.it\/fr\/wp-json\/wp\/v2\/types\/product"}],"replies":[{"embeddable":true,"href":"https:\/\/www.smartystore.it\/fr\/wp-json\/wp\/v2\/comments?post=96115"}],"wp:featuredmedia":[{"embeddable":true,"href":"https:\/\/www.smartystore.it\/fr\/wp-json\/wp\/v2\/media\/96114"}],"wp:attachment":[{"href":"https:\/\/www.smartystore.it\/fr\/wp-json\/wp\/v2\/media?parent=96115"}],"wp:term":[{"taxonomy":"pwb-brand","embeddable":true,"href":"https:\/\/www.smartystore.it\/fr\/wp-json\/wp\/v2\/pwb-brand?post=96115"},{"taxonomy":"product_brand","embeddable":true,"href":"https:\/\/www.smartystore.it\/fr\/wp-json\/wp\/v2\/product_brand?post=96115"},{"taxonomy":"product_cat","embeddable":true,"href":"https:\/\/www.smartystore.it\/fr\/wp-json\/wp\/v2\/product_cat?post=96115"},{"taxonomy":"product_tag","embeddable":true,"href":"https:\/\/www.smartystore.it\/fr\/wp-json\/wp\/v2\/product_tag?post=96115"}],"curies":[{"name":"wp","href":"https:\/\/api.w.org\/{rel}","templated":true}]}}