{"id":96107,"date":"2014-06-19T16:48:39","date_gmt":"2014-06-19T14:48:39","guid":{"rendered":"https:\/\/www.smartystore.it\/prodotto\/cadre-de-chevalet-a1-double-face-avec-base-en-metal\/"},"modified":"2025-10-20T17:13:00","modified_gmt":"2025-10-20T15:13:00","slug":"cadre-de-chevalet-a1-double-face-avec-base-en-metal","status":"publish","type":"product","link":"https:\/\/www.smartystore.it\/fr\/prodotto\/cadre-de-chevalet-a1-double-face-avec-base-en-metal\/","title":{"rendered":"Cadre de chevalet A1 double face avec base en METAL"},"content":{"rendered":"<div class=\"wpb-content-wrapper\"><p>[vc_row][vc_column][vc_column_text css=\u00a0\u00bb\u00a0\u00bb css_params=\u00a0\u00bb\u00a0\u00bb]<\/p>\n<h1>Cadre de chevalet A1 double face avec fond m\u00e9tallique<\/h1>\n<p>Le cadre chevalet double face A1 avec fond m\u00e9tallique est une solution id\u00e9ale pour la promotion visuelle dans les espaces commerciaux et ext\u00e9rieurs. Con\u00e7u pour \u00eatre visible et durable, ce cadre est dot\u00e9 d&rsquo;une base m\u00e9tallique robuste qui assure stabilit\u00e9 et long\u00e9vit\u00e9, m\u00eame dans des conditions m\u00e9t\u00e9orologiques changeantes. <\/p>\n<h2>Caract\u00e9ristiques principales<\/h2>\n<p>Syst\u00e8me d&rsquo;<strong>ouverture rapide<\/strong>: le cadre est \u00e9quip\u00e9 d&rsquo;un syst\u00e8me d&rsquo;ouverture rapide pratique qui permet de remplacer rapidement le contenu de l&rsquo;affichage sans avoir recours \u00e0 des outils ou \u00e0 des proc\u00e9dures compliqu\u00e9es. Le cadre est donc extr\u00eamement polyvalent et convient aux campagnes publicitaires temporaires ou permanentes. <\/p>\n<p><strong>Structure pliable<\/strong>: un autre avantage du cadre de chevalet est sa facilit\u00e9 de pliage. Il peut ainsi \u00eatre rang\u00e9 dans des espaces restreints lorsqu&rsquo;il n&rsquo;est pas utilis\u00e9, ce qui facilite la gestion de l&rsquo;espace int\u00e9rieur dans les points de vente ou les centres commerciaux. La portabilit\u00e9 est essentielle pour les activit\u00e9s qui n\u00e9cessitent des changements fr\u00e9quents dans l&rsquo;agencement des espaces d&rsquo;exposition.  <\/p>\n<p>Fond en <strong>m\u00e9tal<\/strong>: Le fond en m\u00e9tal renforce non seulement la structure, mais offre \u00e9galement une protection importante contre les chocs et les chutes accidentelles. Cet aspect est crucial pour les personnes travaillant dans des environnements tr\u00e8s fr\u00e9quent\u00e9s, o\u00f9 la s\u00e9curit\u00e9 et l&rsquo;int\u00e9grit\u00e9 du mat\u00e9riel d&rsquo;exposition sont essentielles. <\/p>\n<h2>Sp\u00e9cifications techniques du cadre chevalet double face A1 avec base m\u00e9tallique<\/h2>\n<p>&#8211; <strong>Format d&rsquo;impression<\/strong>: Le cadre peut accueillir des feuilles de format A1 (60&#215;84 cm), parfaites pour des affichages clairs et \u00e0 fort impact.<br \/>&#8211; <strong>Mat\u00e9riau du cadre<\/strong>: Fabriqu\u00e9 en aluminium, le profil\u00e9 Frame 32 (mm. 32 de large) est con\u00e7u pour r\u00e9sister \u00e0 l&rsquo;usure quotidienne, tout en conservant un aspect \u00e9l\u00e9gant et professionnel au fil du temps.<br \/>&#8211; <strong>Couleur<\/strong>: L&rsquo;aluminium anodis\u00e9 contribue non seulement \u00e0 l&rsquo;esth\u00e9tique moderne du cadre, mais offre \u00e9galement une protection contre la corrosion et les intemp\u00e9ries.<\/p>\n<h2>Protection suppl\u00e9mentaire<\/h2>\n<p>Une feuille de protection antireflet est incluse, garantissant que les messages promotionnels restent clairs et lisibles dans toutes les conditions d&rsquo;\u00e9clairage. Cet \u00e9l\u00e9ment est particuli\u00e8rement utile dans les environnements d&rsquo;affichage lumineux o\u00f9 les reflets peuvent nuire \u00e0 la visibilit\u00e9 des informations pr\u00e9sent\u00e9es. <\/p>\n<h2>Conclusion<\/h2>\n<p>Le cadre chevalet double face A1 avec base m\u00e9tallique est un choix strat\u00e9gique pour les d\u00e9taillants, les entreprises et les institutions qui souhaitent maximiser l&rsquo;impact visuel de leurs communications. Alliant fonctionnalit\u00e9, design et robustesse, il constitue un investissement s\u00fbr pour toute entreprise. <\/p>\n<p>&nbsp;<\/p>\n<h3>Caract\u00e9ristiques<\/h3>\n<ul>\n<li>Coin rond chrom\u00e9.<\/li>\n<li>Feuille de protection en PVC antireflet.<\/li>\n<li>Profil du cadre : Cadre 32 (largeur des bords mm. 32).<\/li>\n<li>Format imprim\u00e9 : A1 (cm. 60&#215;84).<\/li>\n<li>\u00c9paisseur de l&rsquo;impression : max. 1,8 mm.<\/li>\n<li>Format visible : 57,6 x 82,3 cm.<\/li>\n<li>Mat\u00e9riau du cadre : aluminium.<\/li>\n<li>Mat\u00e9riau du fond : m\u00e9tal.<\/li>\n<li>Couleur : aluminium anodis\u00e9.<\/li>\n<li>Dimensions du cadre : cm. L 63,7 &#8211; H 101,5 &#8211; P 75,5. <\/li>\n<li>Poids : 7,10 kg environ.<\/li>\n<\/ul>\n<p>&nbsp;<\/p>\n<p>Voyez les autres mod\u00e8les de chevalets publicitaires sur ce <span style=\"color: #ff0000;\"><strong><a style=\"color: #ff0000;\" href=\"https:\/\/www.smartystore.it\/fr\/categoria-prodotto\/stands-publicitaires\/\">LIEN<\/a><\/strong><\/span><\/p>\n<p>&nbsp;<\/p>\n<p><a href=\"https:\/\/www.smartystore.it\/v25\/wp-content\/uploads\/2023\/05\/STR-CRBF50X70E-70X100E-A1E.pdf\" target=\"_blank\" rel=\"noopener\"><img loading=\"lazy\" decoding=\"async\" class=\"alignnone size-full wp-image-93510\" src=\"https:\/\/www.smartystore.it\/v25\/wp-content\/uploads\/2014\/10\/SchedaTecnica-300-e1750084266903.png\" alt=\"\" width=\"249\" height=\"63\"><\/a><\/p>\n<p>&nbsp;[\/vc_column_text][\/vc_column][\/vc_row]<\/p>\n<\/div>","protected":false},"excerpt":{"rendered":"<p>Support publicitaire double face en aluminium pour affiches A1.<\/p>\n","protected":false},"featured_media":96106,"comment_status":"open","ping_status":"closed","template":"","meta":{"_acf_changed":false},"pwb-brand":[],"product_brand":[],"product_cat":[3004],"product_tag":[5874,5881,5878,5880,5875,5879,5882,5883,5877,5876],"class_list":{"0":"post-96107","1":"product","2":"type-product","3":"status-publish","4":"has-post-thumbnail","6":"product_cat-stands-publicitaires","7":"product_tag-cadre-de-chevalet-a1","8":"product_tag-cadre-de-chevalet-a1-double-face-le-moins-cher","9":"product_tag-cadre-de-chevalet-double-face-a1","10":"product_tag-chevalet-publicitaire-a1-a-petit-prix","11":"product_tag-chevalet-publicitaire-double-face-a1","12":"product_tag-porte-affiche-double-face-a1","13":"product_tag-presentoir-daffiches-a1-double-face","14":"product_tag-support-publicitaire-a1-avec-fond-en-metal","15":"product_tag-supports-publicitaires-double-face-pour-affiches-a1","16":"product_tag-supports-publicitaires-en-metal-a1","17":"pa_c2c_angolo-rond","18":"pa_c2c_color-argent","19":"pa_c2c_dimensione-a1-60x84","20":"pa_c2c_mono_bifacciale-double-face","21":"pa_c2c_trovraprezzi-oui","23":"first","24":"instock","25":"taxable","26":"shipping-taxable","27":"purchasable","28":"product-type-simple"},"acf":[],"yoast_head":"<!-- This site is optimized with the Yoast SEO plugin v27.4 - https:\/\/yoast.com\/product\/yoast-seo-wordpress\/ -->\n<title>Cadre de chevalet A1 double face avec base en METAL - Achetez au Meilleur Prix<\/title>\n<meta name=\"description\" content=\"Chevalet publicitaire A1 double face. D\u00e9couvrez sur Smartystore les chevalets publicitaires ext\u00e9rieurs id\u00e9aux pour promouvoir votre entreprise.\" \/>\n<meta name=\"robots\" content=\"index, follow, max-snippet:-1, max-image-preview:large, max-video-preview:-1\" \/>\n<link rel=\"canonical\" href=\"https:\/\/www.smartystore.it\/fr\/prodotto\/cadre-de-chevalet-a1-double-face-avec-base-en-metal\/\" \/>\n<meta property=\"og:locale\" content=\"fr_FR\" \/>\n<meta property=\"og:type\" content=\"article\" \/>\n<meta property=\"og:title\" content=\"Cadre de chevalet A1 double face avec base en METAL - Achetez au Meilleur Prix\" \/>\n<meta property=\"og:description\" content=\"Chevalet publicitaire A1 double face. D\u00e9couvrez sur Smartystore les chevalets publicitaires ext\u00e9rieurs id\u00e9aux pour promouvoir votre entreprise.\" \/>\n<meta property=\"og:url\" content=\"https:\/\/www.smartystore.it\/fr\/prodotto\/cadre-de-chevalet-a1-double-face-avec-base-en-metal\/\" \/>\n<meta property=\"og:site_name\" content=\"Smarty Store\" \/>\n<meta property=\"article:modified_time\" content=\"2025-10-20T15:13:00+00:00\" \/>\n<meta property=\"og:image\" content=\"https:\/\/www.smartystore.it\/v25\/wp-content\/uploads\/2014\/06\/Cornice-a-cavalletto-bifacciale-A1-fondo-in-metallo-nuovo-logo.jpg\" \/>\n\t<meta property=\"og:image:width\" content=\"1000\" \/>\n\t<meta property=\"og:image:height\" content=\"1000\" \/>\n\t<meta property=\"og:image:type\" content=\"image\/jpeg\" \/>\n<meta name=\"twitter:card\" content=\"summary_large_image\" \/>\n<meta name=\"twitter:label1\" content=\"Dur\u00e9e de lecture estim\u00e9e\" \/>\n\t<meta name=\"twitter:data1\" content=\"3 minutes\" \/>\n<script type=\"application\/ld+json\" class=\"yoast-schema-graph\">{\"@context\":\"https:\\\/\\\/schema.org\",\"@graph\":[{\"@type\":\"WebPage\",\"@id\":\"https:\\\/\\\/www.smartystore.it\\\/fr\\\/prodotto\\\/cadre-de-chevalet-a1-double-face-avec-base-en-metal\\\/\",\"url\":\"https:\\\/\\\/www.smartystore.it\\\/fr\\\/prodotto\\\/cadre-de-chevalet-a1-double-face-avec-base-en-metal\\\/\",\"name\":\"Cadre de chevalet A1 double face avec base en METAL - Achetez au Meilleur Prix\",\"isPartOf\":{\"@id\":\"https:\\\/\\\/www.smartystore.it\\\/fr\\\/#website\"},\"primaryImageOfPage\":{\"@id\":\"https:\\\/\\\/www.smartystore.it\\\/fr\\\/prodotto\\\/cadre-de-chevalet-a1-double-face-avec-base-en-metal\\\/#primaryimage\"},\"image\":{\"@id\":\"https:\\\/\\\/www.smartystore.it\\\/fr\\\/prodotto\\\/cadre-de-chevalet-a1-double-face-avec-base-en-metal\\\/#primaryimage\"},\"thumbnailUrl\":\"https:\\\/\\\/www.smartystore.it\\\/v25\\\/wp-content\\\/uploads\\\/2014\\\/06\\\/Cornice-a-cavalletto-bifacciale-A1-fondo-in-metallo-nuovo-logo.jpg\",\"datePublished\":\"2014-06-19T14:48:39+00:00\",\"dateModified\":\"2025-10-20T15:13:00+00:00\",\"description\":\"Chevalet publicitaire A1 double face. D\u00e9couvrez sur Smartystore les chevalets publicitaires ext\u00e9rieurs id\u00e9aux pour promouvoir votre entreprise.\",\"breadcrumb\":{\"@id\":\"https:\\\/\\\/www.smartystore.it\\\/fr\\\/prodotto\\\/cadre-de-chevalet-a1-double-face-avec-base-en-metal\\\/#breadcrumb\"},\"inLanguage\":\"fr-FR\",\"potentialAction\":[{\"@type\":\"ReadAction\",\"target\":[\"https:\\\/\\\/www.smartystore.it\\\/fr\\\/prodotto\\\/cadre-de-chevalet-a1-double-face-avec-base-en-metal\\\/\"]}]},{\"@type\":\"ImageObject\",\"inLanguage\":\"fr-FR\",\"@id\":\"https:\\\/\\\/www.smartystore.it\\\/fr\\\/prodotto\\\/cadre-de-chevalet-a1-double-face-avec-base-en-metal\\\/#primaryimage\",\"url\":\"https:\\\/\\\/www.smartystore.it\\\/v25\\\/wp-content\\\/uploads\\\/2014\\\/06\\\/Cornice-a-cavalletto-bifacciale-A1-fondo-in-metallo-nuovo-logo.jpg\",\"contentUrl\":\"https:\\\/\\\/www.smartystore.it\\\/v25\\\/wp-content\\\/uploads\\\/2014\\\/06\\\/Cornice-a-cavalletto-bifacciale-A1-fondo-in-metallo-nuovo-logo.jpg\",\"width\":1000,\"height\":1000,\"caption\":\"Cadre de chevalet A1 double face avec base en METAL\"},{\"@type\":\"BreadcrumbList\",\"@id\":\"https:\\\/\\\/www.smartystore.it\\\/fr\\\/prodotto\\\/cadre-de-chevalet-a1-double-face-avec-base-en-metal\\\/#breadcrumb\",\"itemListElement\":[{\"@type\":\"ListItem\",\"position\":1,\"name\":\"Home\",\"item\":\"https:\\\/\\\/www.smartystore.it\\\/fr\\\/\"},{\"@type\":\"ListItem\",\"position\":2,\"name\":\"Boutique\",\"item\":\"https:\\\/\\\/www.smartystore.it\\\/fr\\\/boutique\\\/\"},{\"@type\":\"ListItem\",\"position\":3,\"name\":\"Cadre de chevalet A1 double face avec base en METAL\"}]},{\"@type\":\"WebSite\",\"@id\":\"https:\\\/\\\/www.smartystore.it\\\/fr\\\/#website\",\"url\":\"https:\\\/\\\/www.smartystore.it\\\/fr\\\/\",\"name\":\"Smarty Store\",\"description\":\"Espositori Pubblicitari e Sistemi di Comunicazione Visiva\",\"potentialAction\":[{\"@type\":\"SearchAction\",\"target\":{\"@type\":\"EntryPoint\",\"urlTemplate\":\"https:\\\/\\\/www.smartystore.it\\\/fr\\\/?s={search_term_string}\"},\"query-input\":{\"@type\":\"PropertyValueSpecification\",\"valueRequired\":true,\"valueName\":\"search_term_string\"}}],\"inLanguage\":\"fr-FR\"}]}<\/script>\n<!-- \/ Yoast SEO plugin. -->","yoast_head_json":{"title":"Cadre de chevalet A1 double face avec base en METAL - Achetez au Meilleur Prix","description":"Chevalet publicitaire A1 double face. D\u00e9couvrez sur Smartystore les chevalets publicitaires ext\u00e9rieurs id\u00e9aux pour promouvoir votre entreprise.","robots":{"index":"index","follow":"follow","max-snippet":"max-snippet:-1","max-image-preview":"max-image-preview:large","max-video-preview":"max-video-preview:-1"},"canonical":"https:\/\/www.smartystore.it\/fr\/prodotto\/cadre-de-chevalet-a1-double-face-avec-base-en-metal\/","og_locale":"fr_FR","og_type":"article","og_title":"Cadre de chevalet A1 double face avec base en METAL - Achetez au Meilleur Prix","og_description":"Chevalet publicitaire A1 double face. D\u00e9couvrez sur Smartystore les chevalets publicitaires ext\u00e9rieurs id\u00e9aux pour promouvoir votre entreprise.","og_url":"https:\/\/www.smartystore.it\/fr\/prodotto\/cadre-de-chevalet-a1-double-face-avec-base-en-metal\/","og_site_name":"Smarty Store","article_modified_time":"2025-10-20T15:13:00+00:00","og_image":[{"width":1000,"height":1000,"url":"https:\/\/www.smartystore.it\/v25\/wp-content\/uploads\/2014\/06\/Cornice-a-cavalletto-bifacciale-A1-fondo-in-metallo-nuovo-logo.jpg","type":"image\/jpeg"}],"twitter_card":"summary_large_image","twitter_misc":{"Dur\u00e9e de lecture estim\u00e9e":"3 minutes"},"schema":{"@context":"https:\/\/schema.org","@graph":[{"@type":"WebPage","@id":"https:\/\/www.smartystore.it\/fr\/prodotto\/cadre-de-chevalet-a1-double-face-avec-base-en-metal\/","url":"https:\/\/www.smartystore.it\/fr\/prodotto\/cadre-de-chevalet-a1-double-face-avec-base-en-metal\/","name":"Cadre de chevalet A1 double face avec base en METAL - Achetez au Meilleur Prix","isPartOf":{"@id":"https:\/\/www.smartystore.it\/fr\/#website"},"primaryImageOfPage":{"@id":"https:\/\/www.smartystore.it\/fr\/prodotto\/cadre-de-chevalet-a1-double-face-avec-base-en-metal\/#primaryimage"},"image":{"@id":"https:\/\/www.smartystore.it\/fr\/prodotto\/cadre-de-chevalet-a1-double-face-avec-base-en-metal\/#primaryimage"},"thumbnailUrl":"https:\/\/www.smartystore.it\/v25\/wp-content\/uploads\/2014\/06\/Cornice-a-cavalletto-bifacciale-A1-fondo-in-metallo-nuovo-logo.jpg","datePublished":"2014-06-19T14:48:39+00:00","dateModified":"2025-10-20T15:13:00+00:00","description":"Chevalet publicitaire A1 double face. D\u00e9couvrez sur Smartystore les chevalets publicitaires ext\u00e9rieurs id\u00e9aux pour promouvoir votre entreprise.","breadcrumb":{"@id":"https:\/\/www.smartystore.it\/fr\/prodotto\/cadre-de-chevalet-a1-double-face-avec-base-en-metal\/#breadcrumb"},"inLanguage":"fr-FR","potentialAction":[{"@type":"ReadAction","target":["https:\/\/www.smartystore.it\/fr\/prodotto\/cadre-de-chevalet-a1-double-face-avec-base-en-metal\/"]}]},{"@type":"ImageObject","inLanguage":"fr-FR","@id":"https:\/\/www.smartystore.it\/fr\/prodotto\/cadre-de-chevalet-a1-double-face-avec-base-en-metal\/#primaryimage","url":"https:\/\/www.smartystore.it\/v25\/wp-content\/uploads\/2014\/06\/Cornice-a-cavalletto-bifacciale-A1-fondo-in-metallo-nuovo-logo.jpg","contentUrl":"https:\/\/www.smartystore.it\/v25\/wp-content\/uploads\/2014\/06\/Cornice-a-cavalletto-bifacciale-A1-fondo-in-metallo-nuovo-logo.jpg","width":1000,"height":1000,"caption":"Cadre de chevalet A1 double face avec base en METAL"},{"@type":"BreadcrumbList","@id":"https:\/\/www.smartystore.it\/fr\/prodotto\/cadre-de-chevalet-a1-double-face-avec-base-en-metal\/#breadcrumb","itemListElement":[{"@type":"ListItem","position":1,"name":"Home","item":"https:\/\/www.smartystore.it\/fr\/"},{"@type":"ListItem","position":2,"name":"Boutique","item":"https:\/\/www.smartystore.it\/fr\/boutique\/"},{"@type":"ListItem","position":3,"name":"Cadre de chevalet A1 double face avec base en METAL"}]},{"@type":"WebSite","@id":"https:\/\/www.smartystore.it\/fr\/#website","url":"https:\/\/www.smartystore.it\/fr\/","name":"Smarty Store","description":"Espositori Pubblicitari e Sistemi di Comunicazione Visiva","potentialAction":[{"@type":"SearchAction","target":{"@type":"EntryPoint","urlTemplate":"https:\/\/www.smartystore.it\/fr\/?s={search_term_string}"},"query-input":{"@type":"PropertyValueSpecification","valueRequired":true,"valueName":"search_term_string"}}],"inLanguage":"fr-FR"}]}},"brands":[],"_links":{"self":[{"href":"https:\/\/www.smartystore.it\/fr\/wp-json\/wp\/v2\/product\/96107","targetHints":{"allow":["GET"]}}],"collection":[{"href":"https:\/\/www.smartystore.it\/fr\/wp-json\/wp\/v2\/product"}],"about":[{"href":"https:\/\/www.smartystore.it\/fr\/wp-json\/wp\/v2\/types\/product"}],"replies":[{"embeddable":true,"href":"https:\/\/www.smartystore.it\/fr\/wp-json\/wp\/v2\/comments?post=96107"}],"wp:featuredmedia":[{"embeddable":true,"href":"https:\/\/www.smartystore.it\/fr\/wp-json\/wp\/v2\/media\/96106"}],"wp:attachment":[{"href":"https:\/\/www.smartystore.it\/fr\/wp-json\/wp\/v2\/media?parent=96107"}],"wp:term":[{"taxonomy":"pwb-brand","embeddable":true,"href":"https:\/\/www.smartystore.it\/fr\/wp-json\/wp\/v2\/pwb-brand?post=96107"},{"taxonomy":"product_brand","embeddable":true,"href":"https:\/\/www.smartystore.it\/fr\/wp-json\/wp\/v2\/product_brand?post=96107"},{"taxonomy":"product_cat","embeddable":true,"href":"https:\/\/www.smartystore.it\/fr\/wp-json\/wp\/v2\/product_cat?post=96107"},{"taxonomy":"product_tag","embeddable":true,"href":"https:\/\/www.smartystore.it\/fr\/wp-json\/wp\/v2\/product_tag?post=96107"}],"curies":[{"name":"wp","href":"https:\/\/api.w.org\/{rel}","templated":true}]}}