{"id":96096,"date":"2015-05-20T15:36:46","date_gmt":"2015-05-20T13:36:46","guid":{"rendered":"https:\/\/www.smartystore.it\/prodotto\/tableau-noir-avec-cadre-en-bois\/"},"modified":"2025-10-20T12:37:14","modified_gmt":"2025-10-20T10:37:14","slug":"tableau-noir-avec-cadre-en-bois","status":"publish","type":"product","link":"https:\/\/www.smartystore.it\/fr\/prodotto\/tableau-noir-avec-cadre-en-bois\/","title":{"rendered":"Tableau noir avec cadre en bois"},"content":{"rendered":"<div class=\"wpb-content-wrapper\"><p>[vc_row][vc_column][vc_column_text css=\u00a0\u00bb\u00a0\u00bb css_params=\u00a0\u00bb\u00a0\u00bb]Tableau d&rsquo;\u00e9criture en bois encadr\u00e9 : une solution \u00e9l\u00e9gante et fonctionnelle pour la communication visuelle<\/p>\n<p>Le tableau noir de comptoir avec cadre en bois est un accessoire indispensable pour les bars, les restaurants et les bistrots. Con\u00e7u pour \u00eatre utilis\u00e9 \u00e0 l&rsquo;int\u00e9rieur comme \u00e0 l&rsquo;ext\u00e9rieur, ce tableau polyvalent est id\u00e9al pour afficher des messages, des communications ou des informations utiles aux clients. Avec ses deux formats, A4 et A5 portrait, il s&rsquo;adapte parfaitement aux tables et aux comptoirs, offrant une fa\u00e7on \u00e9l\u00e9gante et pratique de partager le plat du jour, les menus sp\u00e9ciaux ou les \u00e9v\u00e9nements promotionnels.<\/p>\n<p>La surface du tableau est en ardoise synth\u00e9tique, con\u00e7ue pour \u00eatre \u00e9crite avec des craies standard ou des marqueurs \u00e0 craie liquide. Cette caract\u00e9ristique permet une grande flexibilit\u00e9 et une facilit\u00e9 d&rsquo;utilisation ; en effet, les \u00e9critures peuvent \u00eatre effac\u00e9es rapidement et sans effort, ce qui permet de mettre \u00e0 jour les informations en temps r\u00e9el, selon les besoins. L&rsquo;utilisation de marqueurs \u00e0 craie liquide, en plus d&rsquo;offrir des couleurs vives et tr\u00e8s visibles, garantit une plus longue dur\u00e9e de vie des \u00e9critures et un nettoyage facile, ce qui rend ce produit particuli\u00e8rement adapt\u00e9 aux contextes dans lesquels la communication doit \u00eatre fr\u00e9quente et dynamique.<\/p>\n<h2>Tableau noir de bureau avec cadre en bois : force et \u00e9l\u00e9gance<\/h2>\n<p>Notre planche se distingue \u00e9galement par son cadre en h\u00eatre massif, qui lui conf\u00e8re non seulement un aspect \u00e9l\u00e9gant et raffin\u00e9, mais aussi une grande durabilit\u00e9. La finition en teck ajoute une touche de classe, ce qui en fait un compl\u00e9ment id\u00e9al \u00e0 l&rsquo;ameublement moderne et classique. La robustesse des mat\u00e9riaux utilis\u00e9s permet \u00e0 la planche de r\u00e9sister \u00e0 un usage intensif sans montrer de signes d&rsquo;usure.<\/p>\n<p>Les dimensions du cadre sont de L 20 cm, H 23 cm et P 6 cm pour la version A5 et L 26 &#8211; H 31,7 &#8211; P 6 pour la version A4, tandis que la zone d&rsquo;\u00e9criture visible mesure 14,8&#215;21 cm pour le format A5 et 21&#215;29,7 cm pour le format A4, offrant suffisamment d&rsquo;espace pour mettre en \u00e9vidence les informations les plus pertinentes sans \u00eatre encombrant. D&rsquo;un poids tr\u00e8s l\u00e9ger, le tableau est facilement maniable et peut \u00eatre d\u00e9plac\u00e9 selon les besoins.<\/p>\n<p>En conclusion, le panneau de comptoir en bois est une solution pratique et esth\u00e9tique pour toute entreprise souhaitant am\u00e9liorer sa communication visuelle. Gr\u00e2ce \u00e0 sa fonctionnalit\u00e9, son \u00e9l\u00e9gance et sa facilit\u00e9 d&rsquo;utilisation, il repr\u00e9sente un investissement judicieux pour ceux qui souhaitent laisser une impression durable \u00e0 leurs clients.<\/p>\n<p>&nbsp;<\/p>\n<h3>Caract\u00e9ristiques<\/h3>\n<ul>\n<li>Panneau d&rsquo;affichage de comptoir double face.<\/li>\n<li>Peut \u00eatre utilis\u00e9 \u00e0 l&rsquo;int\u00e9rieur comme \u00e0 l&rsquo;ext\u00e9rieur.<\/li>\n<li>Surface d&rsquo;ardoise synth\u00e9tique pouvant \u00eatre \u00e9crite avec des craies standard ou des <strong><a href=\"https:\/\/www.smartystore.it\/fr\/prodotto\/marqueur-a-craie-liquide\/\">marqueurs \u00e0 craie liquide<\/a><\/strong>.<\/li>\n<li>Cadre en bois de h\u00eatre massif tr\u00e8s durable.<\/li>\n<li>Finition teck.<\/li>\n<li>Format : A5 ou A4 portrait<\/li>\n<li>Poids : Kg. 0.37 (A5) &#8211; Kg. 0.52 (A4)<\/li>\n<li>Dimensions de la structure (en cm) :<br \/>\nA5 : L 20 &#8211; H 23 &#8211; P 6.<br \/>\nA4 : L 26 &#8211; H 31.7 &#8211; P 6<\/li>\n<li>Dimensions de la zone visible (en cm) :<br \/>\nA5 : L 14,8 &#8211; H 21<br \/>\nA4 : L 21 &#8211; H 29,7<\/li>\n<\/ul>\n<p>&nbsp;<\/p>\n<p><a href=\"https:\/\/www.smartystore.it\/v25\/wp-content\/uploads\/2015\/05\/STR-TCHBLB.pdf\" target=\"_blank\" rel=\"noopener\"><img loading=\"lazy\" decoding=\"async\" class=\"alignnone size-full wp-image-93510\" src=\"https:\/\/www.smartystore.it\/v25\/wp-content\/uploads\/2014\/10\/SchedaTecnica-300-e1750084266903.png\" alt=\"\" width=\"249\" height=\"63\" \/><\/a><\/p>\n<p>[\/vc_column_text][\/vc_column][\/vc_row]<\/p>\n<\/div>","protected":false},"excerpt":{"rendered":"<p>Tableau noir recto-verso avec cadre en bois de h\u00eatre. Disponible en formats A4 et A5.<\/p>\n","protected":false},"featured_media":96080,"comment_status":"open","ping_status":"closed","template":"","meta":{"_acf_changed":false},"pwb-brand":[],"product_brand":[],"product_cat":[3010,3011,3134],"product_tag":[5850,5849,5852,5848,5853,5851],"class_list":{"0":"post-96096","1":"product","2":"type-product","3":"status-publish","4":"has-post-thumbnail","6":"product_cat-affichage-porte-avis-emplacement","7":"product_cat-porte-avis-de-comptoir","8":"product_cat-tableaux-magnetiques","9":"product_tag-tableau-a4-pour-la-table","10":"product_tag-tableau-a5-pour-la-table","11":"product_tag-tableau-double-face-pour-les-restaurants","12":"product_tag-tableau-noir-de-bureau","13":"product_tag-tableau-noir-de-table-avec-cadre-en-bois","14":"product_tag-tableau-noir-pour-bars-et-bistrots","15":"pa_c2c_color-bois","16":"pa_c2c_color-noir","17":"pa_c2c_dimensione-a4-21x29-7-vert","18":"pa_c2c_dimensione-a5-15x21-vert","19":"pa_c2c_mono_bifacciale-double-face","20":"pa_c2c_trovraprezzi-oui","22":"first","23":"outofstock","24":"taxable","25":"shipping-taxable","26":"purchasable","27":"product-type-variable"},"acf":[],"yoast_head":"<!-- This site is optimized with the Yoast SEO plugin v27.4 - https:\/\/yoast.com\/product\/yoast-seo-wordpress\/ -->\n<title>Tableau noir avec cadre en bois - Achetez au Meilleur Prix<\/title>\n<meta name=\"description\" content=\"Tableau de comptoir avec cadre en bois de h\u00eatre, double face, disponible en formats A5 et A4, utile pour les tables dans les bars, bistrots, restaurants\" \/>\n<meta name=\"robots\" content=\"index, follow, max-snippet:-1, max-image-preview:large, max-video-preview:-1\" \/>\n<link rel=\"canonical\" href=\"https:\/\/www.smartystore.it\/fr\/prodotto\/tableau-noir-avec-cadre-en-bois\/\" \/>\n<meta property=\"og:locale\" content=\"fr_FR\" \/>\n<meta property=\"og:type\" content=\"article\" \/>\n<meta property=\"og:title\" content=\"Tableau noir avec cadre en bois - Achetez au Meilleur Prix\" \/>\n<meta property=\"og:description\" content=\"Tableau de comptoir avec cadre en bois de h\u00eatre, double face, disponible en formats A5 et A4, utile pour les tables dans les bars, bistrots, restaurants\" \/>\n<meta property=\"og:url\" content=\"https:\/\/www.smartystore.it\/fr\/prodotto\/tableau-noir-avec-cadre-en-bois\/\" \/>\n<meta property=\"og:site_name\" content=\"Smarty Store\" \/>\n<meta property=\"article:modified_time\" content=\"2025-10-20T10:37:14+00:00\" \/>\n<meta property=\"og:image\" content=\"https:\/\/www.smartystore.it\/v25\/wp-content\/uploads\/2015\/05\/Lavagnetta-da-tavolo-in-legno-A4-A5.jpg\" \/>\n\t<meta property=\"og:image:width\" content=\"1000\" \/>\n\t<meta property=\"og:image:height\" content=\"1000\" \/>\n\t<meta property=\"og:image:type\" content=\"image\/jpeg\" \/>\n<meta name=\"twitter:card\" content=\"summary_large_image\" \/>\n<meta name=\"twitter:label1\" content=\"Dur\u00e9e de lecture estim\u00e9e\" \/>\n\t<meta name=\"twitter:data1\" content=\"4 minutes\" \/>\n<script type=\"application\/ld+json\" class=\"yoast-schema-graph\">{\"@context\":\"https:\\\/\\\/schema.org\",\"@graph\":[{\"@type\":\"WebPage\",\"@id\":\"https:\\\/\\\/www.smartystore.it\\\/fr\\\/prodotto\\\/tableau-noir-avec-cadre-en-bois\\\/\",\"url\":\"https:\\\/\\\/www.smartystore.it\\\/fr\\\/prodotto\\\/tableau-noir-avec-cadre-en-bois\\\/\",\"name\":\"Tableau noir avec cadre en bois - Achetez au Meilleur Prix\",\"isPartOf\":{\"@id\":\"https:\\\/\\\/www.smartystore.it\\\/fr\\\/#website\"},\"primaryImageOfPage\":{\"@id\":\"https:\\\/\\\/www.smartystore.it\\\/fr\\\/prodotto\\\/tableau-noir-avec-cadre-en-bois\\\/#primaryimage\"},\"image\":{\"@id\":\"https:\\\/\\\/www.smartystore.it\\\/fr\\\/prodotto\\\/tableau-noir-avec-cadre-en-bois\\\/#primaryimage\"},\"thumbnailUrl\":\"https:\\\/\\\/www.smartystore.it\\\/v25\\\/wp-content\\\/uploads\\\/2015\\\/05\\\/Lavagnetta-da-tavolo-in-legno-A4-A5.jpg\",\"datePublished\":\"2015-05-20T13:36:46+00:00\",\"dateModified\":\"2025-10-20T10:37:14+00:00\",\"description\":\"Tableau de comptoir avec cadre en bois de h\u00eatre, double face, disponible en formats A5 et A4, utile pour les tables dans les bars, bistrots, restaurants\",\"breadcrumb\":{\"@id\":\"https:\\\/\\\/www.smartystore.it\\\/fr\\\/prodotto\\\/tableau-noir-avec-cadre-en-bois\\\/#breadcrumb\"},\"inLanguage\":\"fr-FR\",\"potentialAction\":[{\"@type\":\"ReadAction\",\"target\":[\"https:\\\/\\\/www.smartystore.it\\\/fr\\\/prodotto\\\/tableau-noir-avec-cadre-en-bois\\\/\"]}]},{\"@type\":\"ImageObject\",\"inLanguage\":\"fr-FR\",\"@id\":\"https:\\\/\\\/www.smartystore.it\\\/fr\\\/prodotto\\\/tableau-noir-avec-cadre-en-bois\\\/#primaryimage\",\"url\":\"https:\\\/\\\/www.smartystore.it\\\/v25\\\/wp-content\\\/uploads\\\/2015\\\/05\\\/Lavagnetta-da-tavolo-in-legno-A4-A5.jpg\",\"contentUrl\":\"https:\\\/\\\/www.smartystore.it\\\/v25\\\/wp-content\\\/uploads\\\/2015\\\/05\\\/Lavagnetta-da-tavolo-in-legno-A4-A5.jpg\",\"width\":1000,\"height\":1000,\"caption\":\"Tableau noir avec cadre en bois A4 A5\"},{\"@type\":\"BreadcrumbList\",\"@id\":\"https:\\\/\\\/www.smartystore.it\\\/fr\\\/prodotto\\\/tableau-noir-avec-cadre-en-bois\\\/#breadcrumb\",\"itemListElement\":[{\"@type\":\"ListItem\",\"position\":1,\"name\":\"Home\",\"item\":\"https:\\\/\\\/www.smartystore.it\\\/fr\\\/\"},{\"@type\":\"ListItem\",\"position\":2,\"name\":\"Boutique\",\"item\":\"https:\\\/\\\/www.smartystore.it\\\/fr\\\/boutique\\\/\"},{\"@type\":\"ListItem\",\"position\":3,\"name\":\"Tableau noir avec cadre en bois\"}]},{\"@type\":\"WebSite\",\"@id\":\"https:\\\/\\\/www.smartystore.it\\\/fr\\\/#website\",\"url\":\"https:\\\/\\\/www.smartystore.it\\\/fr\\\/\",\"name\":\"Smarty Store\",\"description\":\"Espositori Pubblicitari e Sistemi di Comunicazione Visiva\",\"potentialAction\":[{\"@type\":\"SearchAction\",\"target\":{\"@type\":\"EntryPoint\",\"urlTemplate\":\"https:\\\/\\\/www.smartystore.it\\\/fr\\\/?s={search_term_string}\"},\"query-input\":{\"@type\":\"PropertyValueSpecification\",\"valueRequired\":true,\"valueName\":\"search_term_string\"}}],\"inLanguage\":\"fr-FR\"}]}<\/script>\n<!-- \/ Yoast SEO plugin. -->","yoast_head_json":{"title":"Tableau noir avec cadre en bois - Achetez au Meilleur Prix","description":"Tableau de comptoir avec cadre en bois de h\u00eatre, double face, disponible en formats A5 et A4, utile pour les tables dans les bars, bistrots, restaurants","robots":{"index":"index","follow":"follow","max-snippet":"max-snippet:-1","max-image-preview":"max-image-preview:large","max-video-preview":"max-video-preview:-1"},"canonical":"https:\/\/www.smartystore.it\/fr\/prodotto\/tableau-noir-avec-cadre-en-bois\/","og_locale":"fr_FR","og_type":"article","og_title":"Tableau noir avec cadre en bois - Achetez au Meilleur Prix","og_description":"Tableau de comptoir avec cadre en bois de h\u00eatre, double face, disponible en formats A5 et A4, utile pour les tables dans les bars, bistrots, restaurants","og_url":"https:\/\/www.smartystore.it\/fr\/prodotto\/tableau-noir-avec-cadre-en-bois\/","og_site_name":"Smarty Store","article_modified_time":"2025-10-20T10:37:14+00:00","og_image":[{"width":1000,"height":1000,"url":"https:\/\/www.smartystore.it\/v25\/wp-content\/uploads\/2015\/05\/Lavagnetta-da-tavolo-in-legno-A4-A5.jpg","type":"image\/jpeg"}],"twitter_card":"summary_large_image","twitter_misc":{"Dur\u00e9e de lecture estim\u00e9e":"4 minutes"},"schema":{"@context":"https:\/\/schema.org","@graph":[{"@type":"WebPage","@id":"https:\/\/www.smartystore.it\/fr\/prodotto\/tableau-noir-avec-cadre-en-bois\/","url":"https:\/\/www.smartystore.it\/fr\/prodotto\/tableau-noir-avec-cadre-en-bois\/","name":"Tableau noir avec cadre en bois - Achetez au Meilleur Prix","isPartOf":{"@id":"https:\/\/www.smartystore.it\/fr\/#website"},"primaryImageOfPage":{"@id":"https:\/\/www.smartystore.it\/fr\/prodotto\/tableau-noir-avec-cadre-en-bois\/#primaryimage"},"image":{"@id":"https:\/\/www.smartystore.it\/fr\/prodotto\/tableau-noir-avec-cadre-en-bois\/#primaryimage"},"thumbnailUrl":"https:\/\/www.smartystore.it\/v25\/wp-content\/uploads\/2015\/05\/Lavagnetta-da-tavolo-in-legno-A4-A5.jpg","datePublished":"2015-05-20T13:36:46+00:00","dateModified":"2025-10-20T10:37:14+00:00","description":"Tableau de comptoir avec cadre en bois de h\u00eatre, double face, disponible en formats A5 et A4, utile pour les tables dans les bars, bistrots, restaurants","breadcrumb":{"@id":"https:\/\/www.smartystore.it\/fr\/prodotto\/tableau-noir-avec-cadre-en-bois\/#breadcrumb"},"inLanguage":"fr-FR","potentialAction":[{"@type":"ReadAction","target":["https:\/\/www.smartystore.it\/fr\/prodotto\/tableau-noir-avec-cadre-en-bois\/"]}]},{"@type":"ImageObject","inLanguage":"fr-FR","@id":"https:\/\/www.smartystore.it\/fr\/prodotto\/tableau-noir-avec-cadre-en-bois\/#primaryimage","url":"https:\/\/www.smartystore.it\/v25\/wp-content\/uploads\/2015\/05\/Lavagnetta-da-tavolo-in-legno-A4-A5.jpg","contentUrl":"https:\/\/www.smartystore.it\/v25\/wp-content\/uploads\/2015\/05\/Lavagnetta-da-tavolo-in-legno-A4-A5.jpg","width":1000,"height":1000,"caption":"Tableau noir avec cadre en bois A4 A5"},{"@type":"BreadcrumbList","@id":"https:\/\/www.smartystore.it\/fr\/prodotto\/tableau-noir-avec-cadre-en-bois\/#breadcrumb","itemListElement":[{"@type":"ListItem","position":1,"name":"Home","item":"https:\/\/www.smartystore.it\/fr\/"},{"@type":"ListItem","position":2,"name":"Boutique","item":"https:\/\/www.smartystore.it\/fr\/boutique\/"},{"@type":"ListItem","position":3,"name":"Tableau noir avec cadre en bois"}]},{"@type":"WebSite","@id":"https:\/\/www.smartystore.it\/fr\/#website","url":"https:\/\/www.smartystore.it\/fr\/","name":"Smarty Store","description":"Espositori Pubblicitari e Sistemi di Comunicazione Visiva","potentialAction":[{"@type":"SearchAction","target":{"@type":"EntryPoint","urlTemplate":"https:\/\/www.smartystore.it\/fr\/?s={search_term_string}"},"query-input":{"@type":"PropertyValueSpecification","valueRequired":true,"valueName":"search_term_string"}}],"inLanguage":"fr-FR"}]}},"brands":[],"_links":{"self":[{"href":"https:\/\/www.smartystore.it\/fr\/wp-json\/wp\/v2\/product\/96096","targetHints":{"allow":["GET"]}}],"collection":[{"href":"https:\/\/www.smartystore.it\/fr\/wp-json\/wp\/v2\/product"}],"about":[{"href":"https:\/\/www.smartystore.it\/fr\/wp-json\/wp\/v2\/types\/product"}],"replies":[{"embeddable":true,"href":"https:\/\/www.smartystore.it\/fr\/wp-json\/wp\/v2\/comments?post=96096"}],"wp:featuredmedia":[{"embeddable":true,"href":"https:\/\/www.smartystore.it\/fr\/wp-json\/wp\/v2\/media\/96080"}],"wp:attachment":[{"href":"https:\/\/www.smartystore.it\/fr\/wp-json\/wp\/v2\/media?parent=96096"}],"wp:term":[{"taxonomy":"pwb-brand","embeddable":true,"href":"https:\/\/www.smartystore.it\/fr\/wp-json\/wp\/v2\/pwb-brand?post=96096"},{"taxonomy":"product_brand","embeddable":true,"href":"https:\/\/www.smartystore.it\/fr\/wp-json\/wp\/v2\/product_brand?post=96096"},{"taxonomy":"product_cat","embeddable":true,"href":"https:\/\/www.smartystore.it\/fr\/wp-json\/wp\/v2\/product_cat?post=96096"},{"taxonomy":"product_tag","embeddable":true,"href":"https:\/\/www.smartystore.it\/fr\/wp-json\/wp\/v2\/product_tag?post=96096"}],"curies":[{"name":"wp","href":"https:\/\/api.w.org\/{rel}","templated":true}]}}