{"id":96059,"date":"2016-10-07T11:13:44","date_gmt":"2016-10-07T11:13:44","guid":{"rendered":"https:\/\/www.smartystore.it\/prodotto\/marqueur-a-craie-liquide\/"},"modified":"2025-10-18T14:26:16","modified_gmt":"2025-10-18T12:26:16","slug":"marqueur-a-craie-liquide","status":"publish","type":"product","link":"https:\/\/www.smartystore.it\/fr\/prodotto\/marqueur-a-craie-liquide\/","title":{"rendered":"Marqueur \u00e0 craie liquide"},"content":{"rendered":"<p>Marqueur \u00e0 craie liquide.<\/p>\n<p>Facilement effa\u00e7able.<\/p>\n<p>Peut \u00eatre utilis\u00e9 sur les tableaux en bois.<\/p>\n<p>Taille de la pointe : 3 mm.<\/p>\n<p>Couleurs disponibles : blanc &#8211; jaune &#8211; rouge.<\/p>\n<p>Le co\u00fbt se r\u00e9f\u00e8re \u00e0 un seul marqueur.<\/p>\n","protected":false},"excerpt":{"rendered":"<p>Marqueur effa\u00e7able pour tableaux noirs.<\/p>\n","protected":false},"featured_media":96060,"comment_status":"open","ping_status":"closed","template":"","meta":{"_acf_changed":false},"pwb-brand":[],"product_brand":[],"product_cat":[3134],"product_tag":[5832,5833,5834],"class_list":{"0":"post-96059","1":"product","2":"type-product","3":"status-publish","4":"has-post-thumbnail","6":"product_cat-tableaux-magnetiques","7":"product_tag-marqueur-a-craie-liquide","8":"product_tag-marqueur-a-craie-liquide-pour-tableaux-noirs","9":"product_tag-marqueur-effacable-pour-tableau-noir","10":"pa_c2c_color-blanc","11":"pa_c2c_color-jaune","12":"pa_c2c_color-rouge","13":"pa_c2c_struttura-non","14":"pa_c2c_trovraprezzi-oui","16":"first","17":"instock","18":"taxable","19":"shipping-taxable","20":"purchasable","21":"product-type-variable"},"acf":[],"yoast_head":"<!-- This site is optimized with the Yoast SEO plugin v27.4 - https:\/\/yoast.com\/product\/yoast-seo-wordpress\/ -->\n<title>Marqueur \u00e0 craie liquide - Achetez au Meilleur Prix<\/title>\n<meta name=\"description\" content=\"Marqueur \u00e0 craie liquide pour tableaux noirs avec bordure en bois. Le marqueur effa\u00e7able est disponible en trois couleurs.\" \/>\n<meta name=\"robots\" content=\"index, follow, max-snippet:-1, max-image-preview:large, max-video-preview:-1\" \/>\n<link rel=\"canonical\" href=\"https:\/\/www.smartystore.it\/fr\/prodotto\/marqueur-a-craie-liquide\/\" \/>\n<meta property=\"og:locale\" content=\"fr_FR\" \/>\n<meta property=\"og:type\" content=\"article\" \/>\n<meta property=\"og:title\" content=\"Marqueur \u00e0 craie liquide - Achetez au Meilleur Prix\" \/>\n<meta property=\"og:description\" content=\"Marqueur \u00e0 craie liquide pour tableaux noirs avec bordure en bois. Le marqueur effa\u00e7able est disponible en trois couleurs.\" \/>\n<meta property=\"og:url\" content=\"https:\/\/www.smartystore.it\/fr\/prodotto\/marqueur-a-craie-liquide\/\" \/>\n<meta property=\"og:site_name\" content=\"Smarty Store\" \/>\n<meta property=\"article:modified_time\" content=\"2025-10-18T12:26:16+00:00\" \/>\n<meta property=\"og:image\" content=\"https:\/\/www.smartystore.it\/v25\/wp-content\/uploads\/2016\/10\/MGL_marcatori-gesso-liquido.jpg\" \/>\n\t<meta property=\"og:image:width\" content=\"1000\" \/>\n\t<meta property=\"og:image:height\" content=\"1000\" \/>\n\t<meta property=\"og:image:type\" content=\"image\/jpeg\" \/>\n<meta name=\"twitter:card\" content=\"summary_large_image\" \/>\n<meta name=\"twitter:label1\" content=\"Dur\u00e9e de lecture estim\u00e9e\" \/>\n\t<meta name=\"twitter:data1\" content=\"1 minute\" \/>\n<script type=\"application\/ld+json\" class=\"yoast-schema-graph\">{\"@context\":\"https:\\\/\\\/schema.org\",\"@graph\":[{\"@type\":\"WebPage\",\"@id\":\"https:\\\/\\\/www.smartystore.it\\\/fr\\\/prodotto\\\/marqueur-a-craie-liquide\\\/\",\"url\":\"https:\\\/\\\/www.smartystore.it\\\/fr\\\/prodotto\\\/marqueur-a-craie-liquide\\\/\",\"name\":\"Marqueur \u00e0 craie liquide - Achetez au Meilleur Prix\",\"isPartOf\":{\"@id\":\"https:\\\/\\\/www.smartystore.it\\\/fr\\\/#website\"},\"primaryImageOfPage\":{\"@id\":\"https:\\\/\\\/www.smartystore.it\\\/fr\\\/prodotto\\\/marqueur-a-craie-liquide\\\/#primaryimage\"},\"image\":{\"@id\":\"https:\\\/\\\/www.smartystore.it\\\/fr\\\/prodotto\\\/marqueur-a-craie-liquide\\\/#primaryimage\"},\"thumbnailUrl\":\"https:\\\/\\\/www.smartystore.it\\\/v25\\\/wp-content\\\/uploads\\\/2016\\\/10\\\/MGL_marcatori-gesso-liquido.jpg\",\"datePublished\":\"2016-10-07T11:13:44+00:00\",\"dateModified\":\"2025-10-18T12:26:16+00:00\",\"description\":\"Marqueur \u00e0 craie liquide pour tableaux noirs avec bordure en bois. Le marqueur effa\u00e7able est disponible en trois couleurs.\",\"breadcrumb\":{\"@id\":\"https:\\\/\\\/www.smartystore.it\\\/fr\\\/prodotto\\\/marqueur-a-craie-liquide\\\/#breadcrumb\"},\"inLanguage\":\"fr-FR\",\"potentialAction\":[{\"@type\":\"ReadAction\",\"target\":[\"https:\\\/\\\/www.smartystore.it\\\/fr\\\/prodotto\\\/marqueur-a-craie-liquide\\\/\"]}]},{\"@type\":\"ImageObject\",\"inLanguage\":\"fr-FR\",\"@id\":\"https:\\\/\\\/www.smartystore.it\\\/fr\\\/prodotto\\\/marqueur-a-craie-liquide\\\/#primaryimage\",\"url\":\"https:\\\/\\\/www.smartystore.it\\\/v25\\\/wp-content\\\/uploads\\\/2016\\\/10\\\/MGL_marcatori-gesso-liquido.jpg\",\"contentUrl\":\"https:\\\/\\\/www.smartystore.it\\\/v25\\\/wp-content\\\/uploads\\\/2016\\\/10\\\/MGL_marcatori-gesso-liquido.jpg\",\"width\":1000,\"height\":1000,\"caption\":\"Marqueur \u00e0 craie liquide\"},{\"@type\":\"BreadcrumbList\",\"@id\":\"https:\\\/\\\/www.smartystore.it\\\/fr\\\/prodotto\\\/marqueur-a-craie-liquide\\\/#breadcrumb\",\"itemListElement\":[{\"@type\":\"ListItem\",\"position\":1,\"name\":\"Home\",\"item\":\"https:\\\/\\\/www.smartystore.it\\\/fr\\\/\"},{\"@type\":\"ListItem\",\"position\":2,\"name\":\"Boutique\",\"item\":\"https:\\\/\\\/www.smartystore.it\\\/fr\\\/boutique\\\/\"},{\"@type\":\"ListItem\",\"position\":3,\"name\":\"Marqueur \u00e0 craie liquide\"}]},{\"@type\":\"WebSite\",\"@id\":\"https:\\\/\\\/www.smartystore.it\\\/fr\\\/#website\",\"url\":\"https:\\\/\\\/www.smartystore.it\\\/fr\\\/\",\"name\":\"Smarty Store\",\"description\":\"Espositori Pubblicitari e Sistemi di Comunicazione Visiva\",\"potentialAction\":[{\"@type\":\"SearchAction\",\"target\":{\"@type\":\"EntryPoint\",\"urlTemplate\":\"https:\\\/\\\/www.smartystore.it\\\/fr\\\/?s={search_term_string}\"},\"query-input\":{\"@type\":\"PropertyValueSpecification\",\"valueRequired\":true,\"valueName\":\"search_term_string\"}}],\"inLanguage\":\"fr-FR\"}]}<\/script>\n<!-- \/ Yoast SEO plugin. -->","yoast_head_json":{"title":"Marqueur \u00e0 craie liquide - Achetez au Meilleur Prix","description":"Marqueur \u00e0 craie liquide pour tableaux noirs avec bordure en bois. Le marqueur effa\u00e7able est disponible en trois couleurs.","robots":{"index":"index","follow":"follow","max-snippet":"max-snippet:-1","max-image-preview":"max-image-preview:large","max-video-preview":"max-video-preview:-1"},"canonical":"https:\/\/www.smartystore.it\/fr\/prodotto\/marqueur-a-craie-liquide\/","og_locale":"fr_FR","og_type":"article","og_title":"Marqueur \u00e0 craie liquide - Achetez au Meilleur Prix","og_description":"Marqueur \u00e0 craie liquide pour tableaux noirs avec bordure en bois. Le marqueur effa\u00e7able est disponible en trois couleurs.","og_url":"https:\/\/www.smartystore.it\/fr\/prodotto\/marqueur-a-craie-liquide\/","og_site_name":"Smarty Store","article_modified_time":"2025-10-18T12:26:16+00:00","og_image":[{"width":1000,"height":1000,"url":"https:\/\/www.smartystore.it\/v25\/wp-content\/uploads\/2016\/10\/MGL_marcatori-gesso-liquido.jpg","type":"image\/jpeg"}],"twitter_card":"summary_large_image","twitter_misc":{"Dur\u00e9e de lecture estim\u00e9e":"1 minute"},"schema":{"@context":"https:\/\/schema.org","@graph":[{"@type":"WebPage","@id":"https:\/\/www.smartystore.it\/fr\/prodotto\/marqueur-a-craie-liquide\/","url":"https:\/\/www.smartystore.it\/fr\/prodotto\/marqueur-a-craie-liquide\/","name":"Marqueur \u00e0 craie liquide - Achetez au Meilleur Prix","isPartOf":{"@id":"https:\/\/www.smartystore.it\/fr\/#website"},"primaryImageOfPage":{"@id":"https:\/\/www.smartystore.it\/fr\/prodotto\/marqueur-a-craie-liquide\/#primaryimage"},"image":{"@id":"https:\/\/www.smartystore.it\/fr\/prodotto\/marqueur-a-craie-liquide\/#primaryimage"},"thumbnailUrl":"https:\/\/www.smartystore.it\/v25\/wp-content\/uploads\/2016\/10\/MGL_marcatori-gesso-liquido.jpg","datePublished":"2016-10-07T11:13:44+00:00","dateModified":"2025-10-18T12:26:16+00:00","description":"Marqueur \u00e0 craie liquide pour tableaux noirs avec bordure en bois. Le marqueur effa\u00e7able est disponible en trois couleurs.","breadcrumb":{"@id":"https:\/\/www.smartystore.it\/fr\/prodotto\/marqueur-a-craie-liquide\/#breadcrumb"},"inLanguage":"fr-FR","potentialAction":[{"@type":"ReadAction","target":["https:\/\/www.smartystore.it\/fr\/prodotto\/marqueur-a-craie-liquide\/"]}]},{"@type":"ImageObject","inLanguage":"fr-FR","@id":"https:\/\/www.smartystore.it\/fr\/prodotto\/marqueur-a-craie-liquide\/#primaryimage","url":"https:\/\/www.smartystore.it\/v25\/wp-content\/uploads\/2016\/10\/MGL_marcatori-gesso-liquido.jpg","contentUrl":"https:\/\/www.smartystore.it\/v25\/wp-content\/uploads\/2016\/10\/MGL_marcatori-gesso-liquido.jpg","width":1000,"height":1000,"caption":"Marqueur \u00e0 craie liquide"},{"@type":"BreadcrumbList","@id":"https:\/\/www.smartystore.it\/fr\/prodotto\/marqueur-a-craie-liquide\/#breadcrumb","itemListElement":[{"@type":"ListItem","position":1,"name":"Home","item":"https:\/\/www.smartystore.it\/fr\/"},{"@type":"ListItem","position":2,"name":"Boutique","item":"https:\/\/www.smartystore.it\/fr\/boutique\/"},{"@type":"ListItem","position":3,"name":"Marqueur \u00e0 craie liquide"}]},{"@type":"WebSite","@id":"https:\/\/www.smartystore.it\/fr\/#website","url":"https:\/\/www.smartystore.it\/fr\/","name":"Smarty Store","description":"Espositori Pubblicitari e Sistemi di Comunicazione Visiva","potentialAction":[{"@type":"SearchAction","target":{"@type":"EntryPoint","urlTemplate":"https:\/\/www.smartystore.it\/fr\/?s={search_term_string}"},"query-input":{"@type":"PropertyValueSpecification","valueRequired":true,"valueName":"search_term_string"}}],"inLanguage":"fr-FR"}]}},"brands":[],"_links":{"self":[{"href":"https:\/\/www.smartystore.it\/fr\/wp-json\/wp\/v2\/product\/96059","targetHints":{"allow":["GET"]}}],"collection":[{"href":"https:\/\/www.smartystore.it\/fr\/wp-json\/wp\/v2\/product"}],"about":[{"href":"https:\/\/www.smartystore.it\/fr\/wp-json\/wp\/v2\/types\/product"}],"replies":[{"embeddable":true,"href":"https:\/\/www.smartystore.it\/fr\/wp-json\/wp\/v2\/comments?post=96059"}],"wp:featuredmedia":[{"embeddable":true,"href":"https:\/\/www.smartystore.it\/fr\/wp-json\/wp\/v2\/media\/96060"}],"wp:attachment":[{"href":"https:\/\/www.smartystore.it\/fr\/wp-json\/wp\/v2\/media?parent=96059"}],"wp:term":[{"taxonomy":"pwb-brand","embeddable":true,"href":"https:\/\/www.smartystore.it\/fr\/wp-json\/wp\/v2\/pwb-brand?post=96059"},{"taxonomy":"product_brand","embeddable":true,"href":"https:\/\/www.smartystore.it\/fr\/wp-json\/wp\/v2\/product_brand?post=96059"},{"taxonomy":"product_cat","embeddable":true,"href":"https:\/\/www.smartystore.it\/fr\/wp-json\/wp\/v2\/product_cat?post=96059"},{"taxonomy":"product_tag","embeddable":true,"href":"https:\/\/www.smartystore.it\/fr\/wp-json\/wp\/v2\/product_tag?post=96059"}],"curies":[{"name":"wp","href":"https:\/\/api.w.org\/{rel}","templated":true}]}}