{"id":96054,"date":"2016-12-21T15:31:45","date_gmt":"2016-12-21T15:31:45","guid":{"rendered":"https:\/\/www.smartystore.it\/prodotto\/epingles-de-couleur-pour-tableaux-noirs\/"},"modified":"2025-10-18T13:19:28","modified_gmt":"2025-10-18T11:19:28","slug":"epingles-de-couleur-pour-tableaux-noirs","status":"publish","type":"product","link":"https:\/\/www.smartystore.it\/fr\/prodotto\/epingles-de-couleur-pour-tableaux-noirs\/","title":{"rendered":"\u00c9pingles de couleur pour tableaux noirs"},"content":{"rendered":"<div class=\"wpb-content-wrapper\"><p>[vc_row][vc_column][vc_column_text css=\u00a0\u00bb\u00a0\u00bb css_params=\u00a0\u00bb\u00a0\u00bb]\u00c9pingles de couleur pour fixer les feuilles sur des tableaux en li\u00e8ge ou en tissu.<\/p>\n<p>Paquet de 100 \u00e9pingles.<\/p>\n<p>Couleurs : assorties.[\/vc_column_text][\/vc_column][\/vc_row]<\/p>\n<\/div>","protected":false},"excerpt":{"rendered":"<p>Paquet de 100 \u00e9pingles avec t\u00eate color\u00e9e.<\/p>\n","protected":false},"featured_media":96052,"comment_status":"open","ping_status":"closed","template":"","meta":{"_acf_changed":false},"pwb-brand":[],"product_brand":[],"product_cat":[3659,3134],"product_tag":[5804,5805,5806],"class_list":{"0":"post-96054","1":"product","2":"type-product","3":"status-publish","4":"has-post-thumbnail","6":"product_cat-reparer-accrocher","7":"product_cat-tableaux-magnetiques","8":"product_tag-epingles-a-feuillet","9":"product_tag-epingles-de-couleur-pour-tableaux-de-liege","10":"product_tag-epingles-de-couleur-pour-tableaux-en-tissu","11":"pa_c2c_trovraprezzi-oui","13":"first","14":"instock","15":"taxable","16":"shipping-taxable","17":"purchasable","18":"product-type-simple"},"acf":[],"yoast_head":"<!-- This site is optimized with the Yoast SEO plugin v27.4 - https:\/\/yoast.com\/product\/yoast-seo-wordpress\/ -->\n<title>\u00c9pingles de couleur pour tableaux noirs - Achetez au Meilleur Prix<\/title>\n<meta name=\"description\" content=\"\u00c9pingles color\u00e9es pour tableaux noirs avec support en li\u00e8ge ou en tissu, paquet de 100 \u00e9pingles avec t\u00eates color\u00e9es assorties\" \/>\n<meta name=\"robots\" content=\"index, follow, max-snippet:-1, max-image-preview:large, max-video-preview:-1\" \/>\n<link rel=\"canonical\" href=\"https:\/\/www.smartystore.it\/fr\/prodotto\/epingles-de-couleur-pour-tableaux-noirs\/\" \/>\n<meta property=\"og:locale\" content=\"fr_FR\" \/>\n<meta property=\"og:type\" content=\"article\" \/>\n<meta property=\"og:title\" content=\"\u00c9pingles de couleur pour tableaux noirs - Achetez au Meilleur Prix\" \/>\n<meta property=\"og:description\" content=\"\u00c9pingles color\u00e9es pour tableaux noirs avec support en li\u00e8ge ou en tissu, paquet de 100 \u00e9pingles avec t\u00eates color\u00e9es assorties\" \/>\n<meta property=\"og:url\" content=\"https:\/\/www.smartystore.it\/fr\/prodotto\/epingles-de-couleur-pour-tableaux-noirs\/\" \/>\n<meta property=\"og:site_name\" content=\"Smarty Store\" \/>\n<meta property=\"article:modified_time\" content=\"2025-10-18T11:19:28+00:00\" \/>\n<meta property=\"og:image\" content=\"https:\/\/www.smartystore.it\/v25\/wp-content\/uploads\/2016\/12\/Spilli-colorati-fermafogli-per-lavagne-1.jpg\" \/>\n\t<meta property=\"og:image:width\" content=\"1000\" \/>\n\t<meta property=\"og:image:height\" content=\"1000\" \/>\n\t<meta property=\"og:image:type\" content=\"image\/jpeg\" \/>\n<meta name=\"twitter:card\" content=\"summary_large_image\" \/>\n<meta name=\"twitter:label1\" content=\"Dur\u00e9e de lecture estim\u00e9e\" \/>\n\t<meta name=\"twitter:data1\" content=\"1 minute\" \/>\n<script type=\"application\/ld+json\" class=\"yoast-schema-graph\">{\"@context\":\"https:\\\/\\\/schema.org\",\"@graph\":[{\"@type\":\"WebPage\",\"@id\":\"https:\\\/\\\/www.smartystore.it\\\/fr\\\/prodotto\\\/epingles-de-couleur-pour-tableaux-noirs\\\/\",\"url\":\"https:\\\/\\\/www.smartystore.it\\\/fr\\\/prodotto\\\/epingles-de-couleur-pour-tableaux-noirs\\\/\",\"name\":\"\u00c9pingles de couleur pour tableaux noirs - Achetez au Meilleur Prix\",\"isPartOf\":{\"@id\":\"https:\\\/\\\/www.smartystore.it\\\/fr\\\/#website\"},\"primaryImageOfPage\":{\"@id\":\"https:\\\/\\\/www.smartystore.it\\\/fr\\\/prodotto\\\/epingles-de-couleur-pour-tableaux-noirs\\\/#primaryimage\"},\"image\":{\"@id\":\"https:\\\/\\\/www.smartystore.it\\\/fr\\\/prodotto\\\/epingles-de-couleur-pour-tableaux-noirs\\\/#primaryimage\"},\"thumbnailUrl\":\"https:\\\/\\\/www.smartystore.it\\\/v25\\\/wp-content\\\/uploads\\\/2016\\\/12\\\/Spilli-colorati-fermafogli-per-lavagne-1.jpg\",\"datePublished\":\"2016-12-21T15:31:45+00:00\",\"dateModified\":\"2025-10-18T11:19:28+00:00\",\"description\":\"\u00c9pingles color\u00e9es pour tableaux noirs avec support en li\u00e8ge ou en tissu, paquet de 100 \u00e9pingles avec t\u00eates color\u00e9es assorties\",\"breadcrumb\":{\"@id\":\"https:\\\/\\\/www.smartystore.it\\\/fr\\\/prodotto\\\/epingles-de-couleur-pour-tableaux-noirs\\\/#breadcrumb\"},\"inLanguage\":\"fr-FR\",\"potentialAction\":[{\"@type\":\"ReadAction\",\"target\":[\"https:\\\/\\\/www.smartystore.it\\\/fr\\\/prodotto\\\/epingles-de-couleur-pour-tableaux-noirs\\\/\"]}]},{\"@type\":\"ImageObject\",\"inLanguage\":\"fr-FR\",\"@id\":\"https:\\\/\\\/www.smartystore.it\\\/fr\\\/prodotto\\\/epingles-de-couleur-pour-tableaux-noirs\\\/#primaryimage\",\"url\":\"https:\\\/\\\/www.smartystore.it\\\/v25\\\/wp-content\\\/uploads\\\/2016\\\/12\\\/Spilli-colorati-fermafogli-per-lavagne-1.jpg\",\"contentUrl\":\"https:\\\/\\\/www.smartystore.it\\\/v25\\\/wp-content\\\/uploads\\\/2016\\\/12\\\/Spilli-colorati-fermafogli-per-lavagne-1.jpg\",\"width\":1000,\"height\":1000,\"caption\":\"\u00c9pingles de couleur pour tableaux noirs\"},{\"@type\":\"BreadcrumbList\",\"@id\":\"https:\\\/\\\/www.smartystore.it\\\/fr\\\/prodotto\\\/epingles-de-couleur-pour-tableaux-noirs\\\/#breadcrumb\",\"itemListElement\":[{\"@type\":\"ListItem\",\"position\":1,\"name\":\"Home\",\"item\":\"https:\\\/\\\/www.smartystore.it\\\/fr\\\/\"},{\"@type\":\"ListItem\",\"position\":2,\"name\":\"Boutique\",\"item\":\"https:\\\/\\\/www.smartystore.it\\\/fr\\\/boutique\\\/\"},{\"@type\":\"ListItem\",\"position\":3,\"name\":\"\u00c9pingles de couleur pour tableaux noirs\"}]},{\"@type\":\"WebSite\",\"@id\":\"https:\\\/\\\/www.smartystore.it\\\/fr\\\/#website\",\"url\":\"https:\\\/\\\/www.smartystore.it\\\/fr\\\/\",\"name\":\"Smarty Store\",\"description\":\"Espositori Pubblicitari e Sistemi di Comunicazione Visiva\",\"potentialAction\":[{\"@type\":\"SearchAction\",\"target\":{\"@type\":\"EntryPoint\",\"urlTemplate\":\"https:\\\/\\\/www.smartystore.it\\\/fr\\\/?s={search_term_string}\"},\"query-input\":{\"@type\":\"PropertyValueSpecification\",\"valueRequired\":true,\"valueName\":\"search_term_string\"}}],\"inLanguage\":\"fr-FR\"}]}<\/script>\n<!-- \/ Yoast SEO plugin. -->","yoast_head_json":{"title":"\u00c9pingles de couleur pour tableaux noirs - Achetez au Meilleur Prix","description":"\u00c9pingles color\u00e9es pour tableaux noirs avec support en li\u00e8ge ou en tissu, paquet de 100 \u00e9pingles avec t\u00eates color\u00e9es assorties","robots":{"index":"index","follow":"follow","max-snippet":"max-snippet:-1","max-image-preview":"max-image-preview:large","max-video-preview":"max-video-preview:-1"},"canonical":"https:\/\/www.smartystore.it\/fr\/prodotto\/epingles-de-couleur-pour-tableaux-noirs\/","og_locale":"fr_FR","og_type":"article","og_title":"\u00c9pingles de couleur pour tableaux noirs - Achetez au Meilleur Prix","og_description":"\u00c9pingles color\u00e9es pour tableaux noirs avec support en li\u00e8ge ou en tissu, paquet de 100 \u00e9pingles avec t\u00eates color\u00e9es assorties","og_url":"https:\/\/www.smartystore.it\/fr\/prodotto\/epingles-de-couleur-pour-tableaux-noirs\/","og_site_name":"Smarty Store","article_modified_time":"2025-10-18T11:19:28+00:00","og_image":[{"width":1000,"height":1000,"url":"https:\/\/www.smartystore.it\/v25\/wp-content\/uploads\/2016\/12\/Spilli-colorati-fermafogli-per-lavagne-1.jpg","type":"image\/jpeg"}],"twitter_card":"summary_large_image","twitter_misc":{"Dur\u00e9e de lecture estim\u00e9e":"1 minute"},"schema":{"@context":"https:\/\/schema.org","@graph":[{"@type":"WebPage","@id":"https:\/\/www.smartystore.it\/fr\/prodotto\/epingles-de-couleur-pour-tableaux-noirs\/","url":"https:\/\/www.smartystore.it\/fr\/prodotto\/epingles-de-couleur-pour-tableaux-noirs\/","name":"\u00c9pingles de couleur pour tableaux noirs - Achetez au Meilleur Prix","isPartOf":{"@id":"https:\/\/www.smartystore.it\/fr\/#website"},"primaryImageOfPage":{"@id":"https:\/\/www.smartystore.it\/fr\/prodotto\/epingles-de-couleur-pour-tableaux-noirs\/#primaryimage"},"image":{"@id":"https:\/\/www.smartystore.it\/fr\/prodotto\/epingles-de-couleur-pour-tableaux-noirs\/#primaryimage"},"thumbnailUrl":"https:\/\/www.smartystore.it\/v25\/wp-content\/uploads\/2016\/12\/Spilli-colorati-fermafogli-per-lavagne-1.jpg","datePublished":"2016-12-21T15:31:45+00:00","dateModified":"2025-10-18T11:19:28+00:00","description":"\u00c9pingles color\u00e9es pour tableaux noirs avec support en li\u00e8ge ou en tissu, paquet de 100 \u00e9pingles avec t\u00eates color\u00e9es assorties","breadcrumb":{"@id":"https:\/\/www.smartystore.it\/fr\/prodotto\/epingles-de-couleur-pour-tableaux-noirs\/#breadcrumb"},"inLanguage":"fr-FR","potentialAction":[{"@type":"ReadAction","target":["https:\/\/www.smartystore.it\/fr\/prodotto\/epingles-de-couleur-pour-tableaux-noirs\/"]}]},{"@type":"ImageObject","inLanguage":"fr-FR","@id":"https:\/\/www.smartystore.it\/fr\/prodotto\/epingles-de-couleur-pour-tableaux-noirs\/#primaryimage","url":"https:\/\/www.smartystore.it\/v25\/wp-content\/uploads\/2016\/12\/Spilli-colorati-fermafogli-per-lavagne-1.jpg","contentUrl":"https:\/\/www.smartystore.it\/v25\/wp-content\/uploads\/2016\/12\/Spilli-colorati-fermafogli-per-lavagne-1.jpg","width":1000,"height":1000,"caption":"\u00c9pingles de couleur pour tableaux noirs"},{"@type":"BreadcrumbList","@id":"https:\/\/www.smartystore.it\/fr\/prodotto\/epingles-de-couleur-pour-tableaux-noirs\/#breadcrumb","itemListElement":[{"@type":"ListItem","position":1,"name":"Home","item":"https:\/\/www.smartystore.it\/fr\/"},{"@type":"ListItem","position":2,"name":"Boutique","item":"https:\/\/www.smartystore.it\/fr\/boutique\/"},{"@type":"ListItem","position":3,"name":"\u00c9pingles de couleur pour tableaux noirs"}]},{"@type":"WebSite","@id":"https:\/\/www.smartystore.it\/fr\/#website","url":"https:\/\/www.smartystore.it\/fr\/","name":"Smarty Store","description":"Espositori Pubblicitari e Sistemi di Comunicazione Visiva","potentialAction":[{"@type":"SearchAction","target":{"@type":"EntryPoint","urlTemplate":"https:\/\/www.smartystore.it\/fr\/?s={search_term_string}"},"query-input":{"@type":"PropertyValueSpecification","valueRequired":true,"valueName":"search_term_string"}}],"inLanguage":"fr-FR"}]}},"brands":[],"_links":{"self":[{"href":"https:\/\/www.smartystore.it\/fr\/wp-json\/wp\/v2\/product\/96054","targetHints":{"allow":["GET"]}}],"collection":[{"href":"https:\/\/www.smartystore.it\/fr\/wp-json\/wp\/v2\/product"}],"about":[{"href":"https:\/\/www.smartystore.it\/fr\/wp-json\/wp\/v2\/types\/product"}],"replies":[{"embeddable":true,"href":"https:\/\/www.smartystore.it\/fr\/wp-json\/wp\/v2\/comments?post=96054"}],"wp:featuredmedia":[{"embeddable":true,"href":"https:\/\/www.smartystore.it\/fr\/wp-json\/wp\/v2\/media\/96052"}],"wp:attachment":[{"href":"https:\/\/www.smartystore.it\/fr\/wp-json\/wp\/v2\/media?parent=96054"}],"wp:term":[{"taxonomy":"pwb-brand","embeddable":true,"href":"https:\/\/www.smartystore.it\/fr\/wp-json\/wp\/v2\/pwb-brand?post=96054"},{"taxonomy":"product_brand","embeddable":true,"href":"https:\/\/www.smartystore.it\/fr\/wp-json\/wp\/v2\/product_brand?post=96054"},{"taxonomy":"product_cat","embeddable":true,"href":"https:\/\/www.smartystore.it\/fr\/wp-json\/wp\/v2\/product_cat?post=96054"},{"taxonomy":"product_tag","embeddable":true,"href":"https:\/\/www.smartystore.it\/fr\/wp-json\/wp\/v2\/product_tag?post=96054"}],"curies":[{"name":"wp","href":"https:\/\/api.w.org\/{rel}","templated":true}]}}