{"id":96048,"date":"2016-07-07T16:01:35","date_gmt":"2016-07-07T14:01:35","guid":{"rendered":"https:\/\/www.smartystore.it\/prodotto\/tableau-magnetique-autoportant-pivotant-120x90\/"},"modified":"2025-10-17T17:43:24","modified_gmt":"2025-10-17T15:43:24","slug":"tableau-magnetique-autoportant-pivotant-120x90","status":"publish","type":"product","link":"https:\/\/www.smartystore.it\/fr\/prodotto\/tableau-magnetique-autoportant-pivotant-120x90\/","title":{"rendered":"Tableau magn\u00e9tique autoportant pivotant 120&#215;90"},"content":{"rendered":"<div class=\"wpb-content-wrapper\"><p>[vc_row][vc_column][vc_column_text css=\u00a0\u00bb\u00a0\u00bb css_params=\u00a0\u00bb\u00a0\u00bb]<\/p>\n<h1>Tableau magn\u00e9tique autoportant 120&#215;90 : une solution innovante pour tous les environnements<\/h1>\n<p>Le tableau magn\u00e9tique autoportant <strong>120&#215;90<\/strong> est un excellent outil p\u00e9dagogique et professionnel, con\u00e7u pour r\u00e9pondre aux besoins des diff\u00e9rentes r\u00e9alit\u00e9s professionnelles et \u00e9ducatives. Ce tableau se distingue par sa double surface en acier porcelain\u00e9, qui offre une facilit\u00e9 d&rsquo;\u00e9criture et d&rsquo;effacement optimale, facilitant l&rsquo;interaction dynamique entre les utilisateurs et le contenu. <\/p>\n<p>L&rsquo;une des principales caract\u00e9ristiques de ce produit est sa surface magn\u00e9tique. Cette caract\u00e9ristique permet d&rsquo;utiliser des aimants pour fixer des feuilles ou du mat\u00e9riel visuel, ce qui rend la communication plus efficace et plus imm\u00e9diate. Le cadre p\u00e9rim\u00e9trique en aluminium anodis\u00e9 argent\u00e9 offre un aspect \u00e9l\u00e9gant et professionnel, tout en garantissant robustesse et durabilit\u00e9.  <\/p>\n<h2>Tableau magn\u00e9tique pivotant 120&#215;90 : esth\u00e9tique et s\u00e9curit\u00e9<\/h2>\n<p>Le design du tableau est encore renforc\u00e9 par les coins arrondis en moplen gris clair, qui contribuent non seulement \u00e0 l&rsquo;esth\u00e9tique de l&rsquo;objet, mais aussi \u00e0 la s\u00e9curit\u00e9 des utilisateurs, en r\u00e9duisant le risque de blessures accidentelles. Le chevalet amovible, \u00e9galement en aluminium anodis\u00e9 argent\u00e9, facilite le transport et l&rsquo;installation, ce qui rend ce tableau extr\u00eamement polyvalent. <\/p>\n<p>L&rsquo;une des caract\u00e9ristiques les plus appr\u00e9ci\u00e9es de ce tableau est ses roulettes pivotantes, qui lui permettent d&rsquo;\u00eatre facilement d\u00e9plac\u00e9 d&rsquo;un endroit \u00e0 l&rsquo;autre. Cette caract\u00e9ristique est particuli\u00e8rement utile dans les environnements o\u00f9 la flexibilit\u00e9 est essentielle, tels que les petites salles de classe, les salles de r\u00e9union, les bureaux techniques ou les laboratoires chimiques. Gr\u00e2ce \u00e0 ses dimensions compactes (120&#215;90 cm), le tableau peut \u00eatre facilement int\u00e9gr\u00e9, m\u00eame dans les petits espaces, sans compromettre sa fonctionnalit\u00e9.  <\/p>\n<p>En termes de performances et de rapport qualit\u00e9-prix, le tableau de conf\u00e9rence magn\u00e9tique autoportant 120&#215;90 se classe parmi les meilleures options disponibles sur le march\u00e9. C&rsquo;est la solution id\u00e9ale pour ceux qui recherchent un produit pratique, durable et attrayant pour r\u00e9pondre aux besoins de pr\u00e9sentation et d&rsquo;enseignement dans une vari\u00e9t\u00e9 de contextes. <\/p>\n<p>En conclusion, investir dans ce tableau blanc, c&rsquo;est se doter d&rsquo;un outil polyvalent capable de soutenir l&rsquo;apprentissage interactif et le travail collaboratif, contribuant ainsi \u00e0 la r\u00e9ussite des activit\u00e9s \u00e9ducatives et professionnelles.<\/p>\n<p>&nbsp;<\/p>\n<h3>Caract\u00e9ristiques<\/h3>\n<ul>\n<li>Tableau noir autoportant \u00e0 double surface en acier porcelain\u00e9.<\/li>\n<li>Surface magn\u00e9tique, inscriptible et effa\u00e7able.<\/li>\n<li>Facile \u00e0 utiliser gr\u00e2ce \u00e0 sa rotation \u00e0 360\u00b0.<\/li>\n<li>Cadre p\u00e9rim\u00e9trique en aluminium anodis\u00e9 argent<\/li>\n<li>Coins arrondis en moplen gris clair.<\/li>\n<li>Support d\u00e9montable en aluminium anodis\u00e9 argent, section 50 x 25.<\/li>\n<li>Il est \u00e9quip\u00e9 de roulettes pivotantes qui permettent de le d\u00e9placer facilement d&rsquo;un endroit \u00e0 l&rsquo;autre.<\/li>\n<li>Dimensions du panneau (LxH) : 120&#215;90 cm.<\/li>\n<li>Dimensions totales (LxHxP) : cm. 124x190x50<\/li>\n<li>Poids : 31 kg<\/li>\n<\/ul>\n<p><span style=\"text-decoration: underline;\">D\u00e9lai d&rsquo;exp\u00e9dition : 15 jours ouvrables<\/span><\/p>\n<p>&nbsp;<\/p>\n<h4 style=\"text-align: center;\">Voyez toutes les planches disponibles \u00e0 ce <strong><a href=\"https:\/\/www.smartystore.it\/fr\/categoria-prodotto\/tableaux-magnetiques\/?count=25&#038;paged=\">LIEN<\/a><\/strong><\/h4>\n<p>&nbsp;<\/p>\n<p><a href=\"https:\/\/www.smartystore.it\/v25\/wp-content\/uploads\/2016\/07\/STR-BOARD403-404-405.pdf\" target=\"_blank\" rel=\"noopener\"><img loading=\"lazy\" decoding=\"async\" class=\"alignnone size-full wp-image-93510\" src=\"https:\/\/www.smartystore.it\/v25\/wp-content\/uploads\/2014\/10\/SchedaTecnica-300-e1750084266903.png\" alt=\"\" width=\"249\" height=\"63\"><\/a><\/p>\n<p>&nbsp;[\/vc_column_text][\/vc_column][\/vc_row]<\/p>\n<\/div>","protected":false},"excerpt":{"rendered":"<p>Tableau magn\u00e9tique double surface 120&#215;90 pivotant et chariot \u00e0 roulettes<\/p>\n","protected":false},"featured_media":96047,"comment_status":"open","ping_status":"closed","template":"","meta":{"_acf_changed":false},"pwb-brand":[],"product_brand":[],"product_cat":[3134],"product_tag":[5713,5796,5704,5705,5710,5708,5797,5709,5711,5712,5714],"class_list":{"0":"post-96048","1":"product","2":"type-product","3":"status-publish","4":"has-post-thumbnail","6":"product_cat-tableaux-magnetiques","7":"product_tag-meilleurs-tableaux-blancs-magnetiques-a-roulettes-a-petit-prix-sur-smartystore-fr","8":"product_tag-planche-a-roulettes-autoportante-120x90","9":"product_tag-tableau-blanc-magnetique-rotatif","10":"product_tag-tableau-magnetique-120x90-avec-roues","11":"product_tag-tableau-magnetique-a-roulettes-a-bas-prix","12":"product_tag-tableau-magnetique-a-roulettes-smartystore","13":"product_tag-tableau-magnetique-double-face-120x90","14":"product_tag-tableau-magnetique-double-face-avec-roues-de-freinage","15":"product_tag-tableau-magnetique-pivotant-pratique","16":"product_tag-tableaux-magnetiques-bon-marche-de-qualite","17":"product_tag-tableaux-magnetiques-pivotants-double-face-sur-roulettes","18":"pa_c2c_color-argent","19":"pa_c2c_color-blanc","20":"pa_c2c_dimensione-cm-120x90","21":"pa_c2c_seo_canonical_url-be-httpswwwsmartystoreititlav-fr","22":"pa_c2c_trovraprezzi-oui","24":"first","25":"outofstock","26":"taxable","27":"shipping-taxable","28":"purchasable","29":"product-type-simple"},"acf":[],"yoast_head":"<!-- This site is optimized with the Yoast SEO plugin v27.4 - https:\/\/yoast.com\/product\/yoast-seo-wordpress\/ -->\n<title>Tableau magn\u00e9tique autoportant pivotant 120x90 - Achetez au Meilleur Prix<\/title>\n<meta name=\"description\" content=\"Tableau magn\u00e9tique tournant autoportant 120x90 avec surfaces en acier porcelain\u00e9 et base de chariot \u00e0 roulettes pivotantes au prix le plus bas\" \/>\n<meta name=\"robots\" content=\"index, follow, max-snippet:-1, max-image-preview:large, max-video-preview:-1\" \/>\n<link rel=\"canonical\" href=\"https:\/\/www.smartystore.it\/fr\/prodotto\/tableau-magnetique-autoportant-pivotant-120x90\/\" \/>\n<meta property=\"og:locale\" content=\"fr_FR\" \/>\n<meta property=\"og:type\" content=\"article\" \/>\n<meta property=\"og:title\" content=\"Tableau magn\u00e9tique autoportant pivotant 120x90 - Achetez au Meilleur Prix\" \/>\n<meta property=\"og:description\" content=\"Tableau magn\u00e9tique tournant autoportant 120x90 avec surfaces en acier porcelain\u00e9 et base de chariot \u00e0 roulettes pivotantes au prix le plus bas\" \/>\n<meta property=\"og:url\" content=\"https:\/\/www.smartystore.it\/fr\/prodotto\/tableau-magnetique-autoportant-pivotant-120x90\/\" \/>\n<meta property=\"og:site_name\" content=\"Smarty Store\" \/>\n<meta property=\"article:modified_time\" content=\"2025-10-17T15:43:24+00:00\" \/>\n<meta property=\"og:image\" content=\"https:\/\/www.smartystore.it\/v25\/wp-content\/uploads\/2016\/07\/Lavagna-magnetica-autoportante-120x90-con-doppia-superficie-girevole.jpg\" \/>\n\t<meta property=\"og:image:width\" content=\"1000\" \/>\n\t<meta property=\"og:image:height\" content=\"1000\" \/>\n\t<meta property=\"og:image:type\" content=\"image\/jpeg\" \/>\n<meta name=\"twitter:card\" content=\"summary_large_image\" \/>\n<meta name=\"twitter:label1\" content=\"Dur\u00e9e de lecture estim\u00e9e\" \/>\n\t<meta name=\"twitter:data1\" content=\"3 minutes\" \/>\n<script type=\"application\/ld+json\" class=\"yoast-schema-graph\">{\"@context\":\"https:\\\/\\\/schema.org\",\"@graph\":[{\"@type\":\"WebPage\",\"@id\":\"https:\\\/\\\/www.smartystore.it\\\/fr\\\/prodotto\\\/tableau-magnetique-autoportant-pivotant-120x90\\\/\",\"url\":\"https:\\\/\\\/www.smartystore.it\\\/fr\\\/prodotto\\\/tableau-magnetique-autoportant-pivotant-120x90\\\/\",\"name\":\"Tableau magn\u00e9tique autoportant pivotant 120x90 - Achetez au Meilleur Prix\",\"isPartOf\":{\"@id\":\"https:\\\/\\\/www.smartystore.it\\\/fr\\\/#website\"},\"primaryImageOfPage\":{\"@id\":\"https:\\\/\\\/www.smartystore.it\\\/fr\\\/prodotto\\\/tableau-magnetique-autoportant-pivotant-120x90\\\/#primaryimage\"},\"image\":{\"@id\":\"https:\\\/\\\/www.smartystore.it\\\/fr\\\/prodotto\\\/tableau-magnetique-autoportant-pivotant-120x90\\\/#primaryimage\"},\"thumbnailUrl\":\"https:\\\/\\\/www.smartystore.it\\\/v25\\\/wp-content\\\/uploads\\\/2016\\\/07\\\/Lavagna-magnetica-autoportante-120x90-con-doppia-superficie-girevole.jpg\",\"datePublished\":\"2016-07-07T14:01:35+00:00\",\"dateModified\":\"2025-10-17T15:43:24+00:00\",\"description\":\"Tableau magn\u00e9tique tournant autoportant 120x90 avec surfaces en acier porcelain\u00e9 et base de chariot \u00e0 roulettes pivotantes au prix le plus bas\",\"breadcrumb\":{\"@id\":\"https:\\\/\\\/www.smartystore.it\\\/fr\\\/prodotto\\\/tableau-magnetique-autoportant-pivotant-120x90\\\/#breadcrumb\"},\"inLanguage\":\"fr-FR\",\"potentialAction\":[{\"@type\":\"ReadAction\",\"target\":[\"https:\\\/\\\/www.smartystore.it\\\/fr\\\/prodotto\\\/tableau-magnetique-autoportant-pivotant-120x90\\\/\"]}]},{\"@type\":\"ImageObject\",\"inLanguage\":\"fr-FR\",\"@id\":\"https:\\\/\\\/www.smartystore.it\\\/fr\\\/prodotto\\\/tableau-magnetique-autoportant-pivotant-120x90\\\/#primaryimage\",\"url\":\"https:\\\/\\\/www.smartystore.it\\\/v25\\\/wp-content\\\/uploads\\\/2016\\\/07\\\/Lavagna-magnetica-autoportante-120x90-con-doppia-superficie-girevole.jpg\",\"contentUrl\":\"https:\\\/\\\/www.smartystore.it\\\/v25\\\/wp-content\\\/uploads\\\/2016\\\/07\\\/Lavagna-magnetica-autoportante-120x90-con-doppia-superficie-girevole.jpg\",\"width\":1000,\"height\":1000,\"caption\":\"Tableau magn\u00e9tique autoportant pivotant 120x90\"},{\"@type\":\"BreadcrumbList\",\"@id\":\"https:\\\/\\\/www.smartystore.it\\\/fr\\\/prodotto\\\/tableau-magnetique-autoportant-pivotant-120x90\\\/#breadcrumb\",\"itemListElement\":[{\"@type\":\"ListItem\",\"position\":1,\"name\":\"Home\",\"item\":\"https:\\\/\\\/www.smartystore.it\\\/fr\\\/\"},{\"@type\":\"ListItem\",\"position\":2,\"name\":\"Boutique\",\"item\":\"https:\\\/\\\/www.smartystore.it\\\/fr\\\/boutique\\\/\"},{\"@type\":\"ListItem\",\"position\":3,\"name\":\"Tableau magn\u00e9tique autoportant pivotant 120&#215;90\"}]},{\"@type\":\"WebSite\",\"@id\":\"https:\\\/\\\/www.smartystore.it\\\/fr\\\/#website\",\"url\":\"https:\\\/\\\/www.smartystore.it\\\/fr\\\/\",\"name\":\"Smarty Store\",\"description\":\"Espositori Pubblicitari e Sistemi di Comunicazione Visiva\",\"potentialAction\":[{\"@type\":\"SearchAction\",\"target\":{\"@type\":\"EntryPoint\",\"urlTemplate\":\"https:\\\/\\\/www.smartystore.it\\\/fr\\\/?s={search_term_string}\"},\"query-input\":{\"@type\":\"PropertyValueSpecification\",\"valueRequired\":true,\"valueName\":\"search_term_string\"}}],\"inLanguage\":\"fr-FR\"}]}<\/script>\n<!-- \/ Yoast SEO plugin. -->","yoast_head_json":{"title":"Tableau magn\u00e9tique autoportant pivotant 120x90 - Achetez au Meilleur Prix","description":"Tableau magn\u00e9tique tournant autoportant 120x90 avec surfaces en acier porcelain\u00e9 et base de chariot \u00e0 roulettes pivotantes au prix le plus bas","robots":{"index":"index","follow":"follow","max-snippet":"max-snippet:-1","max-image-preview":"max-image-preview:large","max-video-preview":"max-video-preview:-1"},"canonical":"https:\/\/www.smartystore.it\/fr\/prodotto\/tableau-magnetique-autoportant-pivotant-120x90\/","og_locale":"fr_FR","og_type":"article","og_title":"Tableau magn\u00e9tique autoportant pivotant 120x90 - Achetez au Meilleur Prix","og_description":"Tableau magn\u00e9tique tournant autoportant 120x90 avec surfaces en acier porcelain\u00e9 et base de chariot \u00e0 roulettes pivotantes au prix le plus bas","og_url":"https:\/\/www.smartystore.it\/fr\/prodotto\/tableau-magnetique-autoportant-pivotant-120x90\/","og_site_name":"Smarty Store","article_modified_time":"2025-10-17T15:43:24+00:00","og_image":[{"width":1000,"height":1000,"url":"https:\/\/www.smartystore.it\/v25\/wp-content\/uploads\/2016\/07\/Lavagna-magnetica-autoportante-120x90-con-doppia-superficie-girevole.jpg","type":"image\/jpeg"}],"twitter_card":"summary_large_image","twitter_misc":{"Dur\u00e9e de lecture estim\u00e9e":"3 minutes"},"schema":{"@context":"https:\/\/schema.org","@graph":[{"@type":"WebPage","@id":"https:\/\/www.smartystore.it\/fr\/prodotto\/tableau-magnetique-autoportant-pivotant-120x90\/","url":"https:\/\/www.smartystore.it\/fr\/prodotto\/tableau-magnetique-autoportant-pivotant-120x90\/","name":"Tableau magn\u00e9tique autoportant pivotant 120x90 - Achetez au Meilleur Prix","isPartOf":{"@id":"https:\/\/www.smartystore.it\/fr\/#website"},"primaryImageOfPage":{"@id":"https:\/\/www.smartystore.it\/fr\/prodotto\/tableau-magnetique-autoportant-pivotant-120x90\/#primaryimage"},"image":{"@id":"https:\/\/www.smartystore.it\/fr\/prodotto\/tableau-magnetique-autoportant-pivotant-120x90\/#primaryimage"},"thumbnailUrl":"https:\/\/www.smartystore.it\/v25\/wp-content\/uploads\/2016\/07\/Lavagna-magnetica-autoportante-120x90-con-doppia-superficie-girevole.jpg","datePublished":"2016-07-07T14:01:35+00:00","dateModified":"2025-10-17T15:43:24+00:00","description":"Tableau magn\u00e9tique tournant autoportant 120x90 avec surfaces en acier porcelain\u00e9 et base de chariot \u00e0 roulettes pivotantes au prix le plus bas","breadcrumb":{"@id":"https:\/\/www.smartystore.it\/fr\/prodotto\/tableau-magnetique-autoportant-pivotant-120x90\/#breadcrumb"},"inLanguage":"fr-FR","potentialAction":[{"@type":"ReadAction","target":["https:\/\/www.smartystore.it\/fr\/prodotto\/tableau-magnetique-autoportant-pivotant-120x90\/"]}]},{"@type":"ImageObject","inLanguage":"fr-FR","@id":"https:\/\/www.smartystore.it\/fr\/prodotto\/tableau-magnetique-autoportant-pivotant-120x90\/#primaryimage","url":"https:\/\/www.smartystore.it\/v25\/wp-content\/uploads\/2016\/07\/Lavagna-magnetica-autoportante-120x90-con-doppia-superficie-girevole.jpg","contentUrl":"https:\/\/www.smartystore.it\/v25\/wp-content\/uploads\/2016\/07\/Lavagna-magnetica-autoportante-120x90-con-doppia-superficie-girevole.jpg","width":1000,"height":1000,"caption":"Tableau magn\u00e9tique autoportant pivotant 120x90"},{"@type":"BreadcrumbList","@id":"https:\/\/www.smartystore.it\/fr\/prodotto\/tableau-magnetique-autoportant-pivotant-120x90\/#breadcrumb","itemListElement":[{"@type":"ListItem","position":1,"name":"Home","item":"https:\/\/www.smartystore.it\/fr\/"},{"@type":"ListItem","position":2,"name":"Boutique","item":"https:\/\/www.smartystore.it\/fr\/boutique\/"},{"@type":"ListItem","position":3,"name":"Tableau magn\u00e9tique autoportant pivotant 120&#215;90"}]},{"@type":"WebSite","@id":"https:\/\/www.smartystore.it\/fr\/#website","url":"https:\/\/www.smartystore.it\/fr\/","name":"Smarty Store","description":"Espositori Pubblicitari e Sistemi di Comunicazione Visiva","potentialAction":[{"@type":"SearchAction","target":{"@type":"EntryPoint","urlTemplate":"https:\/\/www.smartystore.it\/fr\/?s={search_term_string}"},"query-input":{"@type":"PropertyValueSpecification","valueRequired":true,"valueName":"search_term_string"}}],"inLanguage":"fr-FR"}]}},"brands":[],"_links":{"self":[{"href":"https:\/\/www.smartystore.it\/fr\/wp-json\/wp\/v2\/product\/96048","targetHints":{"allow":["GET"]}}],"collection":[{"href":"https:\/\/www.smartystore.it\/fr\/wp-json\/wp\/v2\/product"}],"about":[{"href":"https:\/\/www.smartystore.it\/fr\/wp-json\/wp\/v2\/types\/product"}],"replies":[{"embeddable":true,"href":"https:\/\/www.smartystore.it\/fr\/wp-json\/wp\/v2\/comments?post=96048"}],"wp:featuredmedia":[{"embeddable":true,"href":"https:\/\/www.smartystore.it\/fr\/wp-json\/wp\/v2\/media\/96047"}],"wp:attachment":[{"href":"https:\/\/www.smartystore.it\/fr\/wp-json\/wp\/v2\/media?parent=96048"}],"wp:term":[{"taxonomy":"pwb-brand","embeddable":true,"href":"https:\/\/www.smartystore.it\/fr\/wp-json\/wp\/v2\/pwb-brand?post=96048"},{"taxonomy":"product_brand","embeddable":true,"href":"https:\/\/www.smartystore.it\/fr\/wp-json\/wp\/v2\/product_brand?post=96048"},{"taxonomy":"product_cat","embeddable":true,"href":"https:\/\/www.smartystore.it\/fr\/wp-json\/wp\/v2\/product_cat?post=96048"},{"taxonomy":"product_tag","embeddable":true,"href":"https:\/\/www.smartystore.it\/fr\/wp-json\/wp\/v2\/product_tag?post=96048"}],"curies":[{"name":"wp","href":"https:\/\/api.w.org\/{rel}","templated":true}]}}