{"id":96022,"date":"2022-07-13T10:37:11","date_gmt":"2022-07-13T08:37:11","guid":{"rendered":"https:\/\/www.smartystore.it\/prodotto\/chevalet-magnetique-double-face\/"},"modified":"2025-10-17T15:07:10","modified_gmt":"2025-10-17T13:07:10","slug":"chevalet-magnetique-double-face","status":"publish","type":"product","link":"https:\/\/www.smartystore.it\/fr\/prodotto\/chevalet-magnetique-double-face\/","title":{"rendered":"Chevalet magn\u00e9tique double face"},"content":{"rendered":"<div class=\"wpb-content-wrapper\"><p>[vc_row][vc_column][vc_column_text css=\u00a0\u00bb\u00a0\u00bb css_params=\u00a0\u00bb\u00a0\u00bb]<\/p>\n<h1>Chevalet magn\u00e9tique double face<\/h1>\n<p>Le chevalet magn\u00e9tique double face se compose d&rsquo;une structure enti\u00e8rement en m\u00e9tal peint par poudrage noir et de deux panneaux \u00e0 surface magn\u00e9tique, inscriptible et effa\u00e7able, disponibles en blanc et en noir.<\/p>\n<p>Pratique, pliable et durable, le chevalet publicitaire est une excellente solution \u00e0 placer aux points de passage strat\u00e9giques pour attirer les clients pour des activit\u00e9s telles que les bars, les restaurants, les magasins, les supermarch\u00e9s, les centres commerciaux et tous les \u00e9tablissements qui ont besoin d&rsquo;afficher des informations et des messages promotionnels.<\/p>\n<p>Le support est \u00e9quip\u00e9 d&rsquo;une poign\u00e9e sur le dessus pour faciliter le transport.<\/p>\n<p>La structure est extr\u00eamement durable et convient \u00e9galement \u00e0 une utilisation en ext\u00e9rieur. Elle est \u00e9quip\u00e9e de pieds en caoutchouc qui ont \u00e0 la fois une fonction antid\u00e9rapante et une fonction de protection du sol.<\/p>\n<h2>Chevalet magn\u00e9tique double face : &#8230;et accessoires<\/h2>\n<p>La surface, disponible en blanc ou en noir, est magn\u00e9tique, ce qui permet d&rsquo;accrocher des messages \u00e0 l&rsquo;aide d&rsquo;aimants sp\u00e9ciaux (STR-BMAGN). <a href=\"https:\/\/www.smartystore.it\/fr\/prodotto\/aimants-de-couleur\/\" target=\"_blank\" rel=\"noopener\"><strong>LINK<\/strong><\/a> et est inscriptible et effa\u00e7able. Cela signifie que vous pouvez changer le message\/promotion \u00e0 tout moment gr\u00e2ce aux marqueurs (STR-BPENN) <a href=\"https:\/\/www.smartystore.it\/fr\/prodotto\/marqueurs-pour-tableau-noir-inscriptibles\/\" target=\"_blank\" rel=\"noopener\"><strong>LINK<\/strong><\/a> et \u00e0 la gomme (STR-BCANC) <a href=\"https:\/\/www.smartystore.it\/fr\/prodotto\/gomme-magnetique-pour-tableau-noir\/\" target=\"_blank\" rel=\"noopener\"><strong>LINK<\/strong><\/a><\/p>\n<p>&nbsp;<\/p>\n<h3>Caract\u00e9ristiques :<\/h3>\n<ul>\n<li>Socle en m\u00e9tal recouvert de poudre noire.<\/li>\n<li>Pour l&rsquo;int\u00e9rieur et l&rsquo;ext\u00e9rieur<\/li>\n<li>Pliable et facilement transportable.<\/li>\n<li>Pieds en caoutchouc<\/li>\n<li>Profil sup\u00e9rieur avec poign\u00e9e de transport<\/li>\n<li>Zone visible : mm. 600&#215;900<\/li>\n<\/ul>\n<p>&nbsp;<\/p>\n<p><strong>Dimensions :<\/strong><\/p>\n<table style=\"width: 82.4753%; border-collapse: collapse; border-color: #000000; height: 72px;\" border=\"1\">\n<tbody>\n<tr style=\"height: 24px;\">\n<td style=\"width: 13.197%; text-align: center; height: 24px;\"><strong>CODE<\/strong><\/td>\n<td style=\"width: 19.7863%; text-align: center; height: 24px;\"><strong>ZONE VISIBLE<\/strong><\/td>\n<td style=\"width: 20.8726%; text-align: center; height: 24px;\"><strong>COULEUR DU PANNEAU<\/strong><\/td>\n<td style=\"width: 18.9349%; text-align: center;\"><strong>DIMENSIONS DU CHEVALET<\/strong><\/td>\n<\/tr>\n<tr style=\"height: 24px;\">\n<td style=\"width: 13.197%; height: 24px;\"><strong>STR-CMA011<\/strong><\/td>\n<td style=\"width: 19.7863%; text-align: center; height: 24px;\">600&#215;900 mm.<\/td>\n<td style=\"width: 20.8726%; text-align: center; height: 24px;\">Blanc<\/td>\n<td style=\"width: 18.9349%; text-align: center;\">605x970x620 mm.<\/td>\n<\/tr>\n<tr style=\"height: 24px;\">\n<td style=\"width: 13.197%; height: 24px;\"><strong>STR-CMA012<\/strong><\/td>\n<td style=\"width: 19.7863%; text-align: center; height: 24px;\">600&#215;900 mm.<\/td>\n<td style=\"width: 20.8726%; text-align: center; height: 24px;\">Noir<\/td>\n<td style=\"width: 18.9349%; text-align: center;\">605x970x620 mm.<\/td>\n<\/tr>\n<\/tbody>\n<\/table>\n<p>&nbsp;<\/p>\n<h4 style=\"text-align: center;\">Voyez toutes les planches disponibles \u00e0 ce <strong><a href=\"https:\/\/www.smartystore.it\/fr\/categoria-prodotto\/tableaux-magnetiques\/?count=25&#038;paged=\">LIEN<\/a><\/strong><\/h4>\n<p>&nbsp;<\/p>\n<p><a href=\"https:\/\/www.smartystore.it\/v25\/wp-content\/uploads\/2022\/07\/STR-CMA011-012.pdf\" target=\"_blank\" rel=\"noopener\"><img loading=\"lazy\" decoding=\"async\" class=\"alignnone size-full wp-image-93510\" src=\"https:\/\/www.smartystore.it\/v25\/wp-content\/uploads\/2014\/10\/SchedaTecnica-300-e1750084266903.png\" alt=\"\" width=\"249\" height=\"63\" \/><\/a><\/p>\n<p>[\/vc_column_text][\/vc_column][\/vc_row]<\/p>\n<\/div>","protected":false},"excerpt":{"rendered":"<p>Support publicitaire double face en m\u00e9tal avec fond magn\u00e9tique et inscriptible. Disponible en blanc et en noir.<\/p>\n","protected":false},"featured_media":96023,"comment_status":"open","ping_status":"closed","template":"","meta":{"_acf_changed":false},"pwb-brand":[],"product_brand":[],"product_cat":[3004,3134],"product_tag":[5764,5767,5768,5765,5769,5770,5766,5772,5771],"class_list":{"0":"post-96022","1":"product","2":"type-product","3":"status-publish","4":"has-post-thumbnail","6":"product_cat-stands-publicitaires","7":"product_cat-tableaux-magnetiques","8":"product_tag-chevalet-magnetique","9":"product_tag-chevalet-magnetique-60x90","10":"product_tag-chevalet-magnetique-au-meilleur-prix","11":"product_tag-chevalet-magnetique-double-face","12":"product_tag-chevalet-magnetique-double-face-blanc","13":"product_tag-chevalet-magnetique-double-face-noir","14":"product_tag-chevalet-magnetique-pliant","15":"product_tag-des-stands-magnetiques-aux-prix-les-plus-bas","16":"product_tag-supports-magnetiques-au-meilleur-prix","17":"pa_c2c_color-blanc","18":"pa_c2c_color-noir","19":"pa_c2c_dimensione-cm-60x90-fr","20":"pa_c2c_trovraprezzi-oui","22":"first","23":"instock","24":"taxable","25":"shipping-taxable","26":"purchasable","27":"product-type-variable"},"acf":[],"yoast_head":"<!-- This site is optimized with the Yoast SEO plugin v27.4 - https:\/\/yoast.com\/product\/yoast-seo-wordpress\/ -->\n<title>Chevalet magn\u00e9tique double face - Achetez au Meilleur Prix<\/title>\n<meta name=\"description\" content=\"Support publicitaire magn\u00e9tique double face en m\u00e9tal noir. Panneaux inscriptibles disponibles en noir et en blanc.\" \/>\n<meta name=\"robots\" content=\"index, follow, max-snippet:-1, max-image-preview:large, max-video-preview:-1\" \/>\n<link rel=\"canonical\" href=\"https:\/\/www.smartystore.it\/fr\/prodotto\/chevalet-magnetique-double-face\/\" \/>\n<meta property=\"og:locale\" content=\"fr_FR\" \/>\n<meta property=\"og:type\" content=\"article\" \/>\n<meta property=\"og:title\" content=\"Chevalet magn\u00e9tique double face - Achetez au Meilleur Prix\" \/>\n<meta property=\"og:description\" content=\"Support publicitaire magn\u00e9tique double face en m\u00e9tal noir. Panneaux inscriptibles disponibles en noir et en blanc.\" \/>\n<meta property=\"og:url\" content=\"https:\/\/www.smartystore.it\/fr\/prodotto\/chevalet-magnetique-double-face\/\" \/>\n<meta property=\"og:site_name\" content=\"Smarty Store\" \/>\n<meta property=\"article:modified_time\" content=\"2025-10-17T13:07:10+00:00\" \/>\n<meta property=\"og:image\" content=\"https:\/\/www.smartystore.it\/v25\/wp-content\/uploads\/2022\/07\/Cavalletto-bifacciale-magnetico-in-metallo-con-maniglia-per-trasporto.jpg\" \/>\n\t<meta property=\"og:image:width\" content=\"1000\" \/>\n\t<meta property=\"og:image:height\" content=\"1000\" \/>\n\t<meta property=\"og:image:type\" content=\"image\/jpeg\" \/>\n<meta name=\"twitter:card\" content=\"summary_large_image\" \/>\n<meta name=\"twitter:label1\" content=\"Dur\u00e9e de lecture estim\u00e9e\" \/>\n\t<meta name=\"twitter:data1\" content=\"2 minutes\" \/>\n<script type=\"application\/ld+json\" class=\"yoast-schema-graph\">{\"@context\":\"https:\\\/\\\/schema.org\",\"@graph\":[{\"@type\":\"WebPage\",\"@id\":\"https:\\\/\\\/www.smartystore.it\\\/fr\\\/prodotto\\\/chevalet-magnetique-double-face\\\/\",\"url\":\"https:\\\/\\\/www.smartystore.it\\\/fr\\\/prodotto\\\/chevalet-magnetique-double-face\\\/\",\"name\":\"Chevalet magn\u00e9tique double face - Achetez au Meilleur Prix\",\"isPartOf\":{\"@id\":\"https:\\\/\\\/www.smartystore.it\\\/fr\\\/#website\"},\"primaryImageOfPage\":{\"@id\":\"https:\\\/\\\/www.smartystore.it\\\/fr\\\/prodotto\\\/chevalet-magnetique-double-face\\\/#primaryimage\"},\"image\":{\"@id\":\"https:\\\/\\\/www.smartystore.it\\\/fr\\\/prodotto\\\/chevalet-magnetique-double-face\\\/#primaryimage\"},\"thumbnailUrl\":\"https:\\\/\\\/www.smartystore.it\\\/v25\\\/wp-content\\\/uploads\\\/2022\\\/07\\\/Cavalletto-bifacciale-magnetico-in-metallo-con-maniglia-per-trasporto.jpg\",\"datePublished\":\"2022-07-13T08:37:11+00:00\",\"dateModified\":\"2025-10-17T13:07:10+00:00\",\"description\":\"Support publicitaire magn\u00e9tique double face en m\u00e9tal noir. Panneaux inscriptibles disponibles en noir et en blanc.\",\"breadcrumb\":{\"@id\":\"https:\\\/\\\/www.smartystore.it\\\/fr\\\/prodotto\\\/chevalet-magnetique-double-face\\\/#breadcrumb\"},\"inLanguage\":\"fr-FR\",\"potentialAction\":[{\"@type\":\"ReadAction\",\"target\":[\"https:\\\/\\\/www.smartystore.it\\\/fr\\\/prodotto\\\/chevalet-magnetique-double-face\\\/\"]}]},{\"@type\":\"ImageObject\",\"inLanguage\":\"fr-FR\",\"@id\":\"https:\\\/\\\/www.smartystore.it\\\/fr\\\/prodotto\\\/chevalet-magnetique-double-face\\\/#primaryimage\",\"url\":\"https:\\\/\\\/www.smartystore.it\\\/v25\\\/wp-content\\\/uploads\\\/2022\\\/07\\\/Cavalletto-bifacciale-magnetico-in-metallo-con-maniglia-per-trasporto.jpg\",\"contentUrl\":\"https:\\\/\\\/www.smartystore.it\\\/v25\\\/wp-content\\\/uploads\\\/2022\\\/07\\\/Cavalletto-bifacciale-magnetico-in-metallo-con-maniglia-per-trasporto.jpg\",\"width\":1000,\"height\":1000,\"caption\":\"Chevalet magn\u00e9tique double face\"},{\"@type\":\"BreadcrumbList\",\"@id\":\"https:\\\/\\\/www.smartystore.it\\\/fr\\\/prodotto\\\/chevalet-magnetique-double-face\\\/#breadcrumb\",\"itemListElement\":[{\"@type\":\"ListItem\",\"position\":1,\"name\":\"Home\",\"item\":\"https:\\\/\\\/www.smartystore.it\\\/fr\\\/\"},{\"@type\":\"ListItem\",\"position\":2,\"name\":\"Boutique\",\"item\":\"https:\\\/\\\/www.smartystore.it\\\/fr\\\/boutique\\\/\"},{\"@type\":\"ListItem\",\"position\":3,\"name\":\"Chevalet magn\u00e9tique double face\"}]},{\"@type\":\"WebSite\",\"@id\":\"https:\\\/\\\/www.smartystore.it\\\/fr\\\/#website\",\"url\":\"https:\\\/\\\/www.smartystore.it\\\/fr\\\/\",\"name\":\"Smarty Store\",\"description\":\"Espositori Pubblicitari e Sistemi di Comunicazione Visiva\",\"potentialAction\":[{\"@type\":\"SearchAction\",\"target\":{\"@type\":\"EntryPoint\",\"urlTemplate\":\"https:\\\/\\\/www.smartystore.it\\\/fr\\\/?s={search_term_string}\"},\"query-input\":{\"@type\":\"PropertyValueSpecification\",\"valueRequired\":true,\"valueName\":\"search_term_string\"}}],\"inLanguage\":\"fr-FR\"}]}<\/script>\n<!-- \/ Yoast SEO plugin. -->","yoast_head_json":{"title":"Chevalet magn\u00e9tique double face - Achetez au Meilleur Prix","description":"Support publicitaire magn\u00e9tique double face en m\u00e9tal noir. Panneaux inscriptibles disponibles en noir et en blanc.","robots":{"index":"index","follow":"follow","max-snippet":"max-snippet:-1","max-image-preview":"max-image-preview:large","max-video-preview":"max-video-preview:-1"},"canonical":"https:\/\/www.smartystore.it\/fr\/prodotto\/chevalet-magnetique-double-face\/","og_locale":"fr_FR","og_type":"article","og_title":"Chevalet magn\u00e9tique double face - Achetez au Meilleur Prix","og_description":"Support publicitaire magn\u00e9tique double face en m\u00e9tal noir. Panneaux inscriptibles disponibles en noir et en blanc.","og_url":"https:\/\/www.smartystore.it\/fr\/prodotto\/chevalet-magnetique-double-face\/","og_site_name":"Smarty Store","article_modified_time":"2025-10-17T13:07:10+00:00","og_image":[{"width":1000,"height":1000,"url":"https:\/\/www.smartystore.it\/v25\/wp-content\/uploads\/2022\/07\/Cavalletto-bifacciale-magnetico-in-metallo-con-maniglia-per-trasporto.jpg","type":"image\/jpeg"}],"twitter_card":"summary_large_image","twitter_misc":{"Dur\u00e9e de lecture estim\u00e9e":"2 minutes"},"schema":{"@context":"https:\/\/schema.org","@graph":[{"@type":"WebPage","@id":"https:\/\/www.smartystore.it\/fr\/prodotto\/chevalet-magnetique-double-face\/","url":"https:\/\/www.smartystore.it\/fr\/prodotto\/chevalet-magnetique-double-face\/","name":"Chevalet magn\u00e9tique double face - Achetez au Meilleur Prix","isPartOf":{"@id":"https:\/\/www.smartystore.it\/fr\/#website"},"primaryImageOfPage":{"@id":"https:\/\/www.smartystore.it\/fr\/prodotto\/chevalet-magnetique-double-face\/#primaryimage"},"image":{"@id":"https:\/\/www.smartystore.it\/fr\/prodotto\/chevalet-magnetique-double-face\/#primaryimage"},"thumbnailUrl":"https:\/\/www.smartystore.it\/v25\/wp-content\/uploads\/2022\/07\/Cavalletto-bifacciale-magnetico-in-metallo-con-maniglia-per-trasporto.jpg","datePublished":"2022-07-13T08:37:11+00:00","dateModified":"2025-10-17T13:07:10+00:00","description":"Support publicitaire magn\u00e9tique double face en m\u00e9tal noir. Panneaux inscriptibles disponibles en noir et en blanc.","breadcrumb":{"@id":"https:\/\/www.smartystore.it\/fr\/prodotto\/chevalet-magnetique-double-face\/#breadcrumb"},"inLanguage":"fr-FR","potentialAction":[{"@type":"ReadAction","target":["https:\/\/www.smartystore.it\/fr\/prodotto\/chevalet-magnetique-double-face\/"]}]},{"@type":"ImageObject","inLanguage":"fr-FR","@id":"https:\/\/www.smartystore.it\/fr\/prodotto\/chevalet-magnetique-double-face\/#primaryimage","url":"https:\/\/www.smartystore.it\/v25\/wp-content\/uploads\/2022\/07\/Cavalletto-bifacciale-magnetico-in-metallo-con-maniglia-per-trasporto.jpg","contentUrl":"https:\/\/www.smartystore.it\/v25\/wp-content\/uploads\/2022\/07\/Cavalletto-bifacciale-magnetico-in-metallo-con-maniglia-per-trasporto.jpg","width":1000,"height":1000,"caption":"Chevalet magn\u00e9tique double face"},{"@type":"BreadcrumbList","@id":"https:\/\/www.smartystore.it\/fr\/prodotto\/chevalet-magnetique-double-face\/#breadcrumb","itemListElement":[{"@type":"ListItem","position":1,"name":"Home","item":"https:\/\/www.smartystore.it\/fr\/"},{"@type":"ListItem","position":2,"name":"Boutique","item":"https:\/\/www.smartystore.it\/fr\/boutique\/"},{"@type":"ListItem","position":3,"name":"Chevalet magn\u00e9tique double face"}]},{"@type":"WebSite","@id":"https:\/\/www.smartystore.it\/fr\/#website","url":"https:\/\/www.smartystore.it\/fr\/","name":"Smarty Store","description":"Espositori Pubblicitari e Sistemi di Comunicazione Visiva","potentialAction":[{"@type":"SearchAction","target":{"@type":"EntryPoint","urlTemplate":"https:\/\/www.smartystore.it\/fr\/?s={search_term_string}"},"query-input":{"@type":"PropertyValueSpecification","valueRequired":true,"valueName":"search_term_string"}}],"inLanguage":"fr-FR"}]}},"brands":[],"_links":{"self":[{"href":"https:\/\/www.smartystore.it\/fr\/wp-json\/wp\/v2\/product\/96022","targetHints":{"allow":["GET"]}}],"collection":[{"href":"https:\/\/www.smartystore.it\/fr\/wp-json\/wp\/v2\/product"}],"about":[{"href":"https:\/\/www.smartystore.it\/fr\/wp-json\/wp\/v2\/types\/product"}],"replies":[{"embeddable":true,"href":"https:\/\/www.smartystore.it\/fr\/wp-json\/wp\/v2\/comments?post=96022"}],"wp:featuredmedia":[{"embeddable":true,"href":"https:\/\/www.smartystore.it\/fr\/wp-json\/wp\/v2\/media\/96023"}],"wp:attachment":[{"href":"https:\/\/www.smartystore.it\/fr\/wp-json\/wp\/v2\/media?parent=96022"}],"wp:term":[{"taxonomy":"pwb-brand","embeddable":true,"href":"https:\/\/www.smartystore.it\/fr\/wp-json\/wp\/v2\/pwb-brand?post=96022"},{"taxonomy":"product_brand","embeddable":true,"href":"https:\/\/www.smartystore.it\/fr\/wp-json\/wp\/v2\/product_brand?post=96022"},{"taxonomy":"product_cat","embeddable":true,"href":"https:\/\/www.smartystore.it\/fr\/wp-json\/wp\/v2\/product_cat?post=96022"},{"taxonomy":"product_tag","embeddable":true,"href":"https:\/\/www.smartystore.it\/fr\/wp-json\/wp\/v2\/product_tag?post=96022"}],"curies":[{"name":"wp","href":"https:\/\/api.w.org\/{rel}","templated":true}]}}