{"id":96005,"date":"2022-08-24T10:42:06","date_gmt":"2022-08-24T08:42:06","guid":{"rendered":"https:\/\/www.smartystore.it\/prodotto\/tableau-blanc-magnetique-rotatif\/"},"modified":"2025-10-17T14:12:01","modified_gmt":"2025-10-17T12:12:01","slug":"tableau-blanc-magnetique-rotatif","status":"publish","type":"product","link":"https:\/\/www.smartystore.it\/fr\/prodotto\/tableau-blanc-magnetique-rotatif\/","title":{"rendered":"Tableau blanc magn\u00e9tique rotatif"},"content":{"rendered":"<div class=\"wpb-content-wrapper\"><p>[vc_row][vc_column][vc_column_text css=\u00a0\u00bb\u00a0\u00bb css_params=\u00a0\u00bb\u00a0\u00bb]<\/p>\n<h1>Tableau blanc magn\u00e9tique pivotant<\/h1>\n<p>Le tableau magn\u00e9tique sur chariot est un tableau autoportant compos\u00e9 d&rsquo;une double surface magn\u00e9tique en acier porcelain\u00e9 sur laquelle il est possible d&rsquo;\u00e9crire et d&rsquo;effacer. La structure est enti\u00e8rement r\u00e9alis\u00e9e en aluminium anodis\u00e9 de couleur argent\u00e9e et peut \u00eatre d\u00e9mont\u00e9e afin d&rsquo;\u00eatre facilement transport\u00e9e. Il est \u00e9quip\u00e9 de pieds \u00e0 roulettes pivotantes pour faciliter son d\u00e9placement d&rsquo;une pi\u00e8ce \u00e0 l&rsquo;autre. Le tableau est dot\u00e9 d&rsquo;un cadre p\u00e9rim\u00e9trique en aluminium anodis\u00e9 argent\u00e9 et de coins arrondis en moplen gris clair.<\/p>\n<p>Il est tr\u00e8s pratique et utile dans les environnements de travail \u00e0 l&rsquo;occasion de groupes de discussion, de brainstorming et de r\u00e9unions approfondies.<\/p>\n<h2>Tableau blanc magn\u00e9tique pivotant : Utilit\u00e9 et praticit\u00e9<\/h2>\n<p>La double surface, disponible en blanc, est magn\u00e9tique, ce qui permet d&rsquo;accrocher des messages \u00e0 l&rsquo;aide d&rsquo;aimants sp\u00e9ciaux (STR-<span class=\"sku_wrapper\"><span class=\"sku\">BMAGN<\/span><\/span>) <a href=\"https:\/\/www.smartystore.it\/fr\/prodotto\/aimants-de-couleur\/\" target=\"_blank\" rel=\"noopener\"><strong>LINK<\/strong><\/a> et est inscriptible et effa\u00e7able. Cela signifie que le message\/communication peut \u00eatre modifi\u00e9 \u00e0 tout moment gr\u00e2ce aux marqueurs (STR-<span class=\"sku_wrapper\"><span class=\"sku\">BPENN<\/span><\/span>) <a href=\"https:\/\/www.smartystore.it\/fr\/prodotto\/marqueurs-pour-tableau-noir-inscriptibles\/\" target=\"_blank\" rel=\"noopener\"><strong>LINK<\/strong><\/a> et \u00e0 la gomme (STR-<span class=\"sku_wrapper\"><span class=\"sku\">BCANC<\/span><\/span>) <a href=\"https:\/\/www.smartystore.it\/fr\/prodotto\/gomme-magnetique-pour-tableau-noir\/\" target=\"_blank\" rel=\"noopener\"><strong>LINK<\/strong><\/a><\/p>\n<p>La planche est disponible avec la surface en trois tailles : cm. 120&#215;90 &#8211; cm. 150&#215;90 &#8211; cm. 180&#215;90<\/p>\n<h3>Caract\u00e9ristiques :<\/h3>\n<ol>\n<li>Tableau noir avec cadre en m\u00e9tal recouvert de poudre d&rsquo;argent.<\/li>\n<li>Pour l&rsquo;int\u00e9rieur<\/li>\n<li>D\u00e9montable et facilement transportable.<\/li>\n<li>Pieds \u00e0 roulettes<\/li>\n<li>Profil\u00e9 de tableau noir en aluminium anodis\u00e9 argent\u00e9 avec coins molletonn\u00e9s gris clair<\/li>\n<li>Double surface magn\u00e9tique inscriptible et effa\u00e7able<\/li>\n<li>Rotation de 360<\/li>\n<li>\u00c9quip\u00e9 d&rsquo;un plateau d&rsquo;accessoires<\/li>\n<\/ol>\n<p>Dimensions disponibles de la surface magn\u00e9tique : 120&#215;90 cm &#8211; 150&#215;90 cm &#8211; 180&#215;90 cm<\/p>\n<p>&nbsp;<\/p>\n<h4><strong>Dimensions :<\/strong><\/h4>\n<table style=\"width: 82.4753%; border-collapse: collapse; border-color: #000000; height: 72px;\" border=\"1\">\n<tbody>\n<tr style=\"height: 24px;\">\n<td style=\"width: 13.197%; text-align: center; height: 24px;\"><strong>CODE<\/strong><\/td>\n<td style=\"width: 12.587%; text-align: center; height: 24px;\"><strong>ZONE VISIBLE<\/strong><\/td>\n<td style=\"width: 13.3221%; text-align: center; height: 24px;\"><strong>COULEUR DU PANNEAU<\/strong><\/td>\n<td style=\"width: 19.2128%; text-align: center; height: 24px;\"><strong>DIMENSIONS DE LA STRUCTURE<\/strong><\/td>\n<td style=\"width: 14.4718%; text-align: center;\"><strong>POIDS<\/strong><\/td>\n<\/tr>\n<tr style=\"height: 24px;\">\n<td style=\"width: 13.197%; height: 24px;\"><strong>STR-BOARD406<\/strong><\/td>\n<td style=\"width: 12.587%; text-align: center; height: 24px;\">12000&#215;900 mm.<\/td>\n<td style=\"width: 13.3221%; text-align: center; height: 24px;\">Blanc<\/td>\n<td style=\"width: 19.2128%; text-align: center; height: 24px;\">1850x1280x505 mm.<\/td>\n<td style=\"width: 14.4718%; text-align: center;\">31,00 Kg<\/td>\n<\/tr>\n<tr style=\"height: 24px;\">\n<td style=\"width: 13.197%; height: 24px;\"><strong>STR-BOARD407<\/strong><\/td>\n<td style=\"width: 12.587%; text-align: center; height: 24px;\">1500&#215;900 mm.<\/td>\n<td style=\"width: 13.3221%; text-align: center; height: 24px;\">Blanc<\/td>\n<td style=\"width: 19.2128%; text-align: center; height: 24px;\">1850x1580x505 mm.<\/td>\n<td style=\"width: 14.4718%; text-align: center;\">42,00 Kg<\/td>\n<\/tr>\n<tr style=\"height: 24px;\">\n<td style=\"width: 13.197%; height: 24px;\"><strong>STR-BOARD408<\/strong><\/td>\n<td style=\"width: 12.587%; text-align: center; height: 24px;\">1800&#215;900 mm.<\/td>\n<td style=\"width: 13.3221%; text-align: center; height: 24px;\">Blanc<\/td>\n<td style=\"width: 19.2128%; text-align: center; height: 24px;\">1850x1880x505 mm.<\/td>\n<td style=\"width: 14.4718%; text-align: center;\">54.00 Kg<\/td>\n<\/tr>\n<\/tbody>\n<\/table>\n<p>&nbsp;<\/p>\n<p><a href=\"https:\/\/www.smartystore.it\/v25\/wp-content\/uploads\/2022\/08\/STR-BOARD406-407-408.pdf\" target=\"_blank\" rel=\"noopener\"><img loading=\"lazy\" decoding=\"async\" class=\"alignnone size-full wp-image-93510\" src=\"https:\/\/www.smartystore.it\/v25\/wp-content\/uploads\/2014\/10\/SchedaTecnica-300-e1750084266903.png\" alt=\"\" width=\"249\" height=\"63\" \/><\/a>[\/vc_column_text][\/vc_column][\/vc_row]<\/p>\n<\/div>","protected":false},"excerpt":{"rendered":"<p>Tableau magn\u00e9tique avec double surface rotative et chariot \u00e0 roulettes pivotantes. Disponible en trois tailles.<\/p>\n","protected":false},"featured_media":95986,"comment_status":"open","ping_status":"closed","template":"","meta":{"_acf_changed":false},"pwb-brand":[],"product_brand":[],"product_cat":[3134],"product_tag":[5713,5706,5704,5705,5710,5708,5707,5709,5711,5712,5714],"class_list":{"0":"post-96005","1":"product","2":"type-product","3":"status-publish","4":"has-post-thumbnail","6":"product_cat-tableaux-magnetiques","7":"product_tag-meilleurs-tableaux-blancs-magnetiques-a-roulettes-a-petit-prix-sur-smartystore-fr","8":"product_tag-planche-a-roulettes-autoportante-150x90","9":"product_tag-tableau-blanc-magnetique-rotatif","10":"product_tag-tableau-magnetique-120x90-avec-roues","11":"product_tag-tableau-magnetique-a-roulettes-a-bas-prix","12":"product_tag-tableau-magnetique-a-roulettes-smartystore","13":"product_tag-tableau-magnetique-double-face-180x90","14":"product_tag-tableau-magnetique-double-face-avec-roues-de-freinage","15":"product_tag-tableau-magnetique-pivotant-pratique","16":"product_tag-tableaux-magnetiques-bon-marche-de-qualite","17":"product_tag-tableaux-magnetiques-pivotants-double-face-sur-roulettes","18":"pa_c2c_angolo-rond","19":"pa_c2c_base-pieds-a-roulettes","20":"pa_c2c_color-argent","21":"pa_c2c_color-blanc","22":"pa_c2c_dimensione-150x90-cm","23":"pa_c2c_dimensione-180x90-cm","24":"pa_c2c_dimensione-cm-120x90","25":"pa_c2c_mono_bifacciale-double-face","26":"pa_c2c_trovraprezzi-oui","28":"first","29":"instock","30":"taxable","31":"shipping-taxable","32":"purchasable","33":"product-type-variable"},"acf":[],"yoast_head":"<!-- This site is optimized with the Yoast SEO plugin v27.4 - https:\/\/yoast.com\/product\/yoast-seo-wordpress\/ -->\n<title>Tableau blanc magn\u00e9tique rotatif - Achetez au Meilleur Prix<\/title>\n<meta name=\"description\" content=\"Tableau magn\u00e9tique pour chariot rotatif \u00e0 360\u00b0 avec surface inscriptible et effa\u00e7able disponible en trois dimensions : cm. 120x90 - cm. 150x90 - cm. 180x90.\" \/>\n<meta name=\"robots\" content=\"index, follow, max-snippet:-1, max-image-preview:large, max-video-preview:-1\" \/>\n<link rel=\"canonical\" href=\"https:\/\/www.smartystore.it\/fr\/prodotto\/tableau-blanc-magnetique-rotatif\/\" \/>\n<meta property=\"og:locale\" content=\"fr_FR\" \/>\n<meta property=\"og:type\" content=\"article\" \/>\n<meta property=\"og:title\" content=\"Tableau blanc magn\u00e9tique rotatif - Achetez au Meilleur Prix\" \/>\n<meta property=\"og:description\" content=\"Tableau magn\u00e9tique pour chariot rotatif \u00e0 360\u00b0 avec surface inscriptible et effa\u00e7able disponible en trois dimensions : cm. 120x90 - cm. 150x90 - cm. 180x90.\" \/>\n<meta property=\"og:url\" content=\"https:\/\/www.smartystore.it\/fr\/prodotto\/tableau-blanc-magnetique-rotatif\/\" \/>\n<meta property=\"og:site_name\" content=\"Smarty Store\" \/>\n<meta property=\"article:modified_time\" content=\"2025-10-17T12:12:01+00:00\" \/>\n<meta property=\"og:image\" content=\"https:\/\/www.smartystore.it\/v25\/wp-content\/uploads\/2022\/08\/Lavagna-magnetica-autoportante-con-doppia-superficie-girevole_formati-disponibili-120x90-150x90-180x90-1.jpg\" \/>\n\t<meta property=\"og:image:width\" content=\"1000\" \/>\n\t<meta property=\"og:image:height\" content=\"1000\" \/>\n\t<meta property=\"og:image:type\" content=\"image\/jpeg\" \/>\n<meta name=\"twitter:card\" content=\"summary_large_image\" \/>\n<meta name=\"twitter:label1\" content=\"Dur\u00e9e de lecture estim\u00e9e\" \/>\n\t<meta name=\"twitter:data1\" content=\"2 minutes\" \/>\n<script type=\"application\/ld+json\" class=\"yoast-schema-graph\">{\"@context\":\"https:\\\/\\\/schema.org\",\"@graph\":[{\"@type\":\"WebPage\",\"@id\":\"https:\\\/\\\/www.smartystore.it\\\/fr\\\/prodotto\\\/tableau-blanc-magnetique-rotatif\\\/\",\"url\":\"https:\\\/\\\/www.smartystore.it\\\/fr\\\/prodotto\\\/tableau-blanc-magnetique-rotatif\\\/\",\"name\":\"Tableau blanc magn\u00e9tique rotatif - Achetez au Meilleur Prix\",\"isPartOf\":{\"@id\":\"https:\\\/\\\/www.smartystore.it\\\/fr\\\/#website\"},\"primaryImageOfPage\":{\"@id\":\"https:\\\/\\\/www.smartystore.it\\\/fr\\\/prodotto\\\/tableau-blanc-magnetique-rotatif\\\/#primaryimage\"},\"image\":{\"@id\":\"https:\\\/\\\/www.smartystore.it\\\/fr\\\/prodotto\\\/tableau-blanc-magnetique-rotatif\\\/#primaryimage\"},\"thumbnailUrl\":\"https:\\\/\\\/www.smartystore.it\\\/v25\\\/wp-content\\\/uploads\\\/2022\\\/08\\\/Lavagna-magnetica-autoportante-con-doppia-superficie-girevole_formati-disponibili-120x90-150x90-180x90-1.jpg\",\"datePublished\":\"2022-08-24T08:42:06+00:00\",\"dateModified\":\"2025-10-17T12:12:01+00:00\",\"description\":\"Tableau magn\u00e9tique pour chariot rotatif \u00e0 360\u00b0 avec surface inscriptible et effa\u00e7able disponible en trois dimensions : cm. 120x90 - cm. 150x90 - cm. 180x90.\",\"breadcrumb\":{\"@id\":\"https:\\\/\\\/www.smartystore.it\\\/fr\\\/prodotto\\\/tableau-blanc-magnetique-rotatif\\\/#breadcrumb\"},\"inLanguage\":\"fr-FR\",\"potentialAction\":[{\"@type\":\"ReadAction\",\"target\":[\"https:\\\/\\\/www.smartystore.it\\\/fr\\\/prodotto\\\/tableau-blanc-magnetique-rotatif\\\/\"]}]},{\"@type\":\"ImageObject\",\"inLanguage\":\"fr-FR\",\"@id\":\"https:\\\/\\\/www.smartystore.it\\\/fr\\\/prodotto\\\/tableau-blanc-magnetique-rotatif\\\/#primaryimage\",\"url\":\"https:\\\/\\\/www.smartystore.it\\\/v25\\\/wp-content\\\/uploads\\\/2022\\\/08\\\/Lavagna-magnetica-autoportante-con-doppia-superficie-girevole_formati-disponibili-120x90-150x90-180x90-1.jpg\",\"contentUrl\":\"https:\\\/\\\/www.smartystore.it\\\/v25\\\/wp-content\\\/uploads\\\/2022\\\/08\\\/Lavagna-magnetica-autoportante-con-doppia-superficie-girevole_formati-disponibili-120x90-150x90-180x90-1.jpg\",\"width\":1000,\"height\":1000,\"caption\":\"Lavagna magnetica autoportante con doppia superficie girevole formati disponibili 120x90 150x90 180x90 1\"},{\"@type\":\"BreadcrumbList\",\"@id\":\"https:\\\/\\\/www.smartystore.it\\\/fr\\\/prodotto\\\/tableau-blanc-magnetique-rotatif\\\/#breadcrumb\",\"itemListElement\":[{\"@type\":\"ListItem\",\"position\":1,\"name\":\"Home\",\"item\":\"https:\\\/\\\/www.smartystore.it\\\/fr\\\/\"},{\"@type\":\"ListItem\",\"position\":2,\"name\":\"Boutique\",\"item\":\"https:\\\/\\\/www.smartystore.it\\\/fr\\\/boutique\\\/\"},{\"@type\":\"ListItem\",\"position\":3,\"name\":\"Tableau blanc magn\u00e9tique rotatif\"}]},{\"@type\":\"WebSite\",\"@id\":\"https:\\\/\\\/www.smartystore.it\\\/fr\\\/#website\",\"url\":\"https:\\\/\\\/www.smartystore.it\\\/fr\\\/\",\"name\":\"Smarty Store\",\"description\":\"Espositori Pubblicitari e Sistemi di Comunicazione Visiva\",\"potentialAction\":[{\"@type\":\"SearchAction\",\"target\":{\"@type\":\"EntryPoint\",\"urlTemplate\":\"https:\\\/\\\/www.smartystore.it\\\/fr\\\/?s={search_term_string}\"},\"query-input\":{\"@type\":\"PropertyValueSpecification\",\"valueRequired\":true,\"valueName\":\"search_term_string\"}}],\"inLanguage\":\"fr-FR\"}]}<\/script>\n<!-- \/ Yoast SEO plugin. -->","yoast_head_json":{"title":"Tableau blanc magn\u00e9tique rotatif - Achetez au Meilleur Prix","description":"Tableau magn\u00e9tique pour chariot rotatif \u00e0 360\u00b0 avec surface inscriptible et effa\u00e7able disponible en trois dimensions : cm. 120x90 - cm. 150x90 - cm. 180x90.","robots":{"index":"index","follow":"follow","max-snippet":"max-snippet:-1","max-image-preview":"max-image-preview:large","max-video-preview":"max-video-preview:-1"},"canonical":"https:\/\/www.smartystore.it\/fr\/prodotto\/tableau-blanc-magnetique-rotatif\/","og_locale":"fr_FR","og_type":"article","og_title":"Tableau blanc magn\u00e9tique rotatif - Achetez au Meilleur Prix","og_description":"Tableau magn\u00e9tique pour chariot rotatif \u00e0 360\u00b0 avec surface inscriptible et effa\u00e7able disponible en trois dimensions : cm. 120x90 - cm. 150x90 - cm. 180x90.","og_url":"https:\/\/www.smartystore.it\/fr\/prodotto\/tableau-blanc-magnetique-rotatif\/","og_site_name":"Smarty Store","article_modified_time":"2025-10-17T12:12:01+00:00","og_image":[{"width":1000,"height":1000,"url":"https:\/\/www.smartystore.it\/v25\/wp-content\/uploads\/2022\/08\/Lavagna-magnetica-autoportante-con-doppia-superficie-girevole_formati-disponibili-120x90-150x90-180x90-1.jpg","type":"image\/jpeg"}],"twitter_card":"summary_large_image","twitter_misc":{"Dur\u00e9e de lecture estim\u00e9e":"2 minutes"},"schema":{"@context":"https:\/\/schema.org","@graph":[{"@type":"WebPage","@id":"https:\/\/www.smartystore.it\/fr\/prodotto\/tableau-blanc-magnetique-rotatif\/","url":"https:\/\/www.smartystore.it\/fr\/prodotto\/tableau-blanc-magnetique-rotatif\/","name":"Tableau blanc magn\u00e9tique rotatif - Achetez au Meilleur Prix","isPartOf":{"@id":"https:\/\/www.smartystore.it\/fr\/#website"},"primaryImageOfPage":{"@id":"https:\/\/www.smartystore.it\/fr\/prodotto\/tableau-blanc-magnetique-rotatif\/#primaryimage"},"image":{"@id":"https:\/\/www.smartystore.it\/fr\/prodotto\/tableau-blanc-magnetique-rotatif\/#primaryimage"},"thumbnailUrl":"https:\/\/www.smartystore.it\/v25\/wp-content\/uploads\/2022\/08\/Lavagna-magnetica-autoportante-con-doppia-superficie-girevole_formati-disponibili-120x90-150x90-180x90-1.jpg","datePublished":"2022-08-24T08:42:06+00:00","dateModified":"2025-10-17T12:12:01+00:00","description":"Tableau magn\u00e9tique pour chariot rotatif \u00e0 360\u00b0 avec surface inscriptible et effa\u00e7able disponible en trois dimensions : cm. 120x90 - cm. 150x90 - cm. 180x90.","breadcrumb":{"@id":"https:\/\/www.smartystore.it\/fr\/prodotto\/tableau-blanc-magnetique-rotatif\/#breadcrumb"},"inLanguage":"fr-FR","potentialAction":[{"@type":"ReadAction","target":["https:\/\/www.smartystore.it\/fr\/prodotto\/tableau-blanc-magnetique-rotatif\/"]}]},{"@type":"ImageObject","inLanguage":"fr-FR","@id":"https:\/\/www.smartystore.it\/fr\/prodotto\/tableau-blanc-magnetique-rotatif\/#primaryimage","url":"https:\/\/www.smartystore.it\/v25\/wp-content\/uploads\/2022\/08\/Lavagna-magnetica-autoportante-con-doppia-superficie-girevole_formati-disponibili-120x90-150x90-180x90-1.jpg","contentUrl":"https:\/\/www.smartystore.it\/v25\/wp-content\/uploads\/2022\/08\/Lavagna-magnetica-autoportante-con-doppia-superficie-girevole_formati-disponibili-120x90-150x90-180x90-1.jpg","width":1000,"height":1000,"caption":"Lavagna magnetica autoportante con doppia superficie girevole formati disponibili 120x90 150x90 180x90 1"},{"@type":"BreadcrumbList","@id":"https:\/\/www.smartystore.it\/fr\/prodotto\/tableau-blanc-magnetique-rotatif\/#breadcrumb","itemListElement":[{"@type":"ListItem","position":1,"name":"Home","item":"https:\/\/www.smartystore.it\/fr\/"},{"@type":"ListItem","position":2,"name":"Boutique","item":"https:\/\/www.smartystore.it\/fr\/boutique\/"},{"@type":"ListItem","position":3,"name":"Tableau blanc magn\u00e9tique rotatif"}]},{"@type":"WebSite","@id":"https:\/\/www.smartystore.it\/fr\/#website","url":"https:\/\/www.smartystore.it\/fr\/","name":"Smarty Store","description":"Espositori Pubblicitari e Sistemi di Comunicazione Visiva","potentialAction":[{"@type":"SearchAction","target":{"@type":"EntryPoint","urlTemplate":"https:\/\/www.smartystore.it\/fr\/?s={search_term_string}"},"query-input":{"@type":"PropertyValueSpecification","valueRequired":true,"valueName":"search_term_string"}}],"inLanguage":"fr-FR"}]}},"brands":[],"_links":{"self":[{"href":"https:\/\/www.smartystore.it\/fr\/wp-json\/wp\/v2\/product\/96005","targetHints":{"allow":["GET"]}}],"collection":[{"href":"https:\/\/www.smartystore.it\/fr\/wp-json\/wp\/v2\/product"}],"about":[{"href":"https:\/\/www.smartystore.it\/fr\/wp-json\/wp\/v2\/types\/product"}],"replies":[{"embeddable":true,"href":"https:\/\/www.smartystore.it\/fr\/wp-json\/wp\/v2\/comments?post=96005"}],"wp:featuredmedia":[{"embeddable":true,"href":"https:\/\/www.smartystore.it\/fr\/wp-json\/wp\/v2\/media\/95986"}],"wp:attachment":[{"href":"https:\/\/www.smartystore.it\/fr\/wp-json\/wp\/v2\/media?parent=96005"}],"wp:term":[{"taxonomy":"pwb-brand","embeddable":true,"href":"https:\/\/www.smartystore.it\/fr\/wp-json\/wp\/v2\/pwb-brand?post=96005"},{"taxonomy":"product_brand","embeddable":true,"href":"https:\/\/www.smartystore.it\/fr\/wp-json\/wp\/v2\/product_brand?post=96005"},{"taxonomy":"product_cat","embeddable":true,"href":"https:\/\/www.smartystore.it\/fr\/wp-json\/wp\/v2\/product_cat?post=96005"},{"taxonomy":"product_tag","embeddable":true,"href":"https:\/\/www.smartystore.it\/fr\/wp-json\/wp\/v2\/product_tag?post=96005"}],"curies":[{"name":"wp","href":"https:\/\/api.w.org\/{rel}","templated":true}]}}